{"id":80200,"date":"2016-09-28T10:34:47","date_gmt":"2016-09-28T08:34:47","guid":{"rendered":"https:\/\/www.bagnoitalia.com\/product\/plato-de-ducha-acrilico-abs-antideslizante-con-efecto-de-color-antracita-en-diferentes-tamanos"},"modified":"2025-06-02T11:54:03","modified_gmt":"2025-06-02T09:54:03","slug":"plato-de-ducha-acrilico-abs-antideslizante-con-efecto-de-color-antracita-en-diferentes-tamanos","status":"publish","type":"product","link":"https:\/\/www.bagnoitalia.com\/es\/producto\/plato-de-ducha-acrilico-abs-antideslizante-con-efecto-de-color-antracita-en-diferentes-tamanos.html","title":{"rendered":"Plato de Ducha en acr\u00edlico ABS antideslizante, con efecto rocoso, color antracita, en diferentes tama\u00f1os PA014"},"content":{"rendered":"<p><span style=\"text-decoration: underline; font-size: 12pt;\"><strong>Plato de ducha en acr\u00edlico y ABS con efecto antracita piedra.<\/strong><\/span><\/p>\n<\/p>\n<p><span style=\"font-size: 12pt;\"><strong style=\"font-family: Arial, sans-serif; font-size: 12pt;\">Plato de ducha<\/strong> <span style=\"font-family: Arial,sans-serif;\"><strong style=\"font-family: Arial, sans-serif; font-size: 12pt;\">efecto<\/strong><\/span>&nbsp;rocoso<strong style=\"font-family: Arial, sans-serif; font-size: 12pt;\"><span style=\"font-family: Arial,sans-serif;\">,<\/span><\/strong> <strong style=\"font-family: Arial, sans-serif; font-size: 12pt;\">acr\u00edlico satinado<\/strong> <span style=\"font-family: Arial,sans-serif;\">hecha<\/span> <span style=\"font-family: Arial,sans-serif;\">de la m\u00e1s alta calidad, que permite a las gotas de agua que fluyen a cabo de la mejor manera hacia el desag\u00fce. El<\/span> <strong style=\"font-family: Arial, sans-serif; font-size: 12pt;\">plato de ducha<\/strong> <span style=\"font-family: Arial,sans-serif;\">tiene un perfil regular y el color est\u00e1 presente en los 4 lados; Esto le permitir\u00e1 realizar la instalaci\u00f3n desde todos los \u00e1ngulos con la posibilidad de montar por encima del suelo o<\/span> <strong style=\"font-family: Arial, sans-serif; font-size: 12pt;\">empotrado<\/strong> <span style=\"font-family: Arial,sans-serif;\">.<\/span><\/span><\/p>\n<p style=\"margin-bottom: 0cm;\"><span style=\"font-family: Arial,sans-serif; font-size: 12pt;\">El efecto piedra y el color antracita hacen que este producto sea <strong>\u00fanico<\/strong> y con un <strong>dise\u00f1o exclusivo<\/strong> .<\/span><\/p>\n<\/p>\n<p><span style=\"font-size: 12pt;\"><strong>Caracter\u00edsticas t\u00e9cnicas:<\/strong><\/span><\/p>\n<ul>\n<li><span style=\"font-size: 12pt;\">Plato de ducha fabricado en <strong>acr\u00edlico<\/strong> puro <strong>reforzado<\/strong> con ABS, VTR y con una secci\u00f3n interna de MDF.<\/span><\/li>\n<li><span style=\"font-size: 12pt;\">Grosor plano <strong>4cm<\/strong><\/span><\/li>\n<li><span style=\"font-size: 12pt;\">Color antracita con superficie <strong>antideslizante<\/strong> con efecto piedra.<\/span><\/li>\n<li><span style=\"font-size: 12pt;\">Posible instalaci\u00f3n a nivel del suelo o con sistema tradicional.<\/span><\/li>\n<li><span style=\"font-size: 12pt;\">Simple y f\u00e1cil de limpiar<\/span><\/li>\n<\/ul>\n<p><strong><span style=\"font-size: 12pt;\">Drenaje no incluido en el precio, pero que se a\u00f1adir\u00e1 en el men\u00fa anterior:<\/span><\/strong><\/p>\n<p><img fetchpriority=\"high\" decoding=\"async\" class=\" size-full wp-image-32826\" src=\"https:\/\/img.bagnoitalia.com\/wp-content\/uploads\/Pil_piatto-doccia.jpg\" alt=\"\" width=\"604\" height=\"407\" srcset=\"https:\/\/img.bagnoitalia.com\/wp-content\/uploads\/Pil_piatto-doccia.jpg 604w, https:\/\/img.bagnoitalia.com\/wp-content\/uploads\/Pil_piatto-doccia-441x297.jpg 441w, https:\/\/img.bagnoitalia.com\/wp-content\/uploads\/Pil_piatto-doccia-600x404.jpg 600w, https:\/\/img.bagnoitalia.com\/wp-content\/uploads\/Pil_piatto-doccia-150x101.jpg 150w\" sizes=\"(max-width: 604px) 100vw, 604px\" \/><\/p>\n<p><span style=\"font-size: 12pt;\"><\/span><\/p><\/p>\n","protected":false},"excerpt":{"rendered":"<p>Plato de ducha fabricado en ABS acr\u00edlico y antideslizante con efecto de piedra antracita disponible en diferentes tama\u00f1os<\/p>\n","protected":false},"featured_media":32810,"comment_status":"open","ping_status":"closed","template":"","meta":[],"product_brand":[9920],"product_cat":[15,10117],"product_tag":[],"class_list":{"0":"post-80200","1":"product","2":"type-product","3":"status-publish","4":"has-post-thumbnail","6":"product_brand-goccioline-ambrosia-group-es","7":"product_cat-senza-categoria","8":"product_cat-senza-categoria-es","10":"first","11":"outofstock","12":"taxable","13":"shipping-taxable","14":"purchasable","15":"product-type-simple"},"exclude_global_add_ons":false,"addons":[{"name":"CAMPI_DIMENSIONI\r\n","type":"select","position":0,"required":true,"title_format":"label","default":"","description_enable":false,"description":"","placeholder_enable":false,"placeholder":"","display":"select","restrictions_type":"any_text","adjust_price":false,"price":"","price_type":"","restrictions":false,"min":"0","max":"0","options":[]},{"name":"CAMPI_PILETTA\r\n","type":"select","position":0,"required":true,"title_format":"label","default":"","description_enable":false,"description":"","placeholder_enable":false,"placeholder":"","display":"select","restrictions_type":"any_text","adjust_price":false,"price":"","price_type":"","restrictions":false,"min":"0","max":"0","options":[]}],"yoast_head":"<!-- This site is optimized with the Yoast SEO plugin v26.7 - https:\/\/yoast.com\/wordpress\/plugins\/seo\/ -->\n<title>Plato de ducha acr\u00edlico ABS antideslizante con efecto de color antracita en diferentes tama\u00f1os<\/title>\n<meta name=\"description\" content=\"Plato de ducha fabricado en ABS acr\u00edlico y antideslizante con efecto de piedra antracita disponible en diferentes tama\u00f1os\" \/>\n<meta name=\"robots\" content=\"index, follow, max-snippet:-1, max-image-preview:large, max-video-preview:-1\" \/>\n<link rel=\"canonical\" href=\"https:\/\/www.bagnoitalia.com\/es\/producto\/plato-de-ducha-acrilico-abs-antideslizante-con-efecto-de-color-antracita-en-diferentes-tamanos.html\" \/>\n<meta property=\"og:locale\" content=\"es_ES\" \/>\n<meta property=\"og:type\" content=\"article\" \/>\n<meta property=\"og:title\" content=\"Plato de ducha acr\u00edlico ABS antideslizante con efecto de color antracita en diferentes tama\u00f1os\" \/>\n<meta property=\"og:description\" content=\"Plato de ducha fabricado en ABS acr\u00edlico y antideslizante con efecto de piedra antracita disponible en diferentes tama\u00f1os\" \/>\n<meta property=\"og:url\" content=\"https:\/\/www.bagnoitalia.com\/es\/producto\/plato-de-ducha-acrilico-abs-antideslizante-con-efecto-de-color-antracita-en-diferentes-tamanos.html\" \/>\n<meta property=\"og:site_name\" content=\"Bagno Italia\" \/>\n<meta property=\"article:modified_time\" content=\"2025-06-02T09:54:03+00:00\" \/>\n<meta property=\"og:image\" content=\"https:\/\/img.bagnoitalia.com\/wp-content\/uploads\/virtuemart\/product\/ABS-Acrylic-shower-tray-1_1542815019_500.jpg\" \/>\n\t<meta property=\"og:image:width\" content=\"1200\" \/>\n\t<meta property=\"og:image:height\" content=\"848\" \/>\n\t<meta property=\"og:image:type\" content=\"image\/jpeg\" \/>\n<meta name=\"twitter:card\" content=\"summary_large_image\" \/>\n<meta name=\"twitter:label1\" content=\"Tiempo de lectura\" \/>\n\t<meta name=\"twitter:data1\" content=\"1 minuto\" \/>\n<script type=\"application\/ld+json\" class=\"yoast-schema-graph\">{\"@context\":\"https:\/\/schema.org\",\"@graph\":[{\"@type\":\"WebPage\",\"@id\":\"https:\/\/www.bagnoitalia.com\/es\/producto\/plato-de-ducha-acrilico-abs-antideslizante-con-efecto-de-color-antracita-en-diferentes-tamanos.html\",\"url\":\"https:\/\/www.bagnoitalia.com\/es\/producto\/plato-de-ducha-acrilico-abs-antideslizante-con-efecto-de-color-antracita-en-diferentes-tamanos.html\",\"name\":\"Plato de ducha acr\u00edlico ABS antideslizante con efecto de color antracita en diferentes tama\u00f1os\",\"isPartOf\":{\"@id\":\"https:\/\/www.bagnoitalia.com\/es#website\"},\"primaryImageOfPage\":{\"@id\":\"https:\/\/www.bagnoitalia.com\/es\/producto\/plato-de-ducha-acrilico-abs-antideslizante-con-efecto-de-color-antracita-en-diferentes-tamanos.html#primaryimage\"},\"image\":{\"@id\":\"https:\/\/www.bagnoitalia.com\/es\/producto\/plato-de-ducha-acrilico-abs-antideslizante-con-efecto-de-color-antracita-en-diferentes-tamanos.html#primaryimage\"},\"thumbnailUrl\":\"https:\/\/img.bagnoitalia.com\/wp-content\/uploads\/virtuemart\/product\/ABS-Acrylic-shower-tray-1_1542815019_500.jpg\",\"datePublished\":\"2016-09-28T08:34:47+00:00\",\"dateModified\":\"2025-06-02T09:54:03+00:00\",\"description\":\"Plato de ducha fabricado en ABS acr\u00edlico y antideslizante con efecto de piedra antracita disponible en diferentes tama\u00f1os\",\"breadcrumb\":{\"@id\":\"https:\/\/www.bagnoitalia.com\/es\/producto\/plato-de-ducha-acrilico-abs-antideslizante-con-efecto-de-color-antracita-en-diferentes-tamanos.html#breadcrumb\"},\"inLanguage\":\"es\",\"potentialAction\":[{\"@type\":\"ReadAction\",\"target\":[\"https:\/\/www.bagnoitalia.com\/es\/producto\/plato-de-ducha-acrilico-abs-antideslizante-con-efecto-de-color-antracita-en-diferentes-tamanos.html\"]}]},{\"@type\":\"ImageObject\",\"inLanguage\":\"es\",\"@id\":\"https:\/\/www.bagnoitalia.com\/es\/producto\/plato-de-ducha-acrilico-abs-antideslizante-con-efecto-de-color-antracita-en-diferentes-tamanos.html#primaryimage\",\"url\":\"https:\/\/img.bagnoitalia.com\/wp-content\/uploads\/virtuemart\/product\/ABS-Acrylic-shower-tray-1_1542815019_500.jpg\",\"contentUrl\":\"https:\/\/img.bagnoitalia.com\/wp-content\/uploads\/virtuemart\/product\/ABS-Acrylic-shower-tray-1_1542815019_500.jpg\",\"width\":1200,\"height\":848},{\"@type\":\"BreadcrumbList\",\"@id\":\"https:\/\/www.bagnoitalia.com\/es\/producto\/plato-de-ducha-acrilico-abs-antideslizante-con-efecto-de-color-antracita-en-diferentes-tamanos.html#breadcrumb\",\"itemListElement\":[{\"@type\":\"ListItem\",\"position\":1,\"name\":\"Home\",\"item\":\"https:\/\/www.bagnoitalia.com\/es\"},{\"@type\":\"ListItem\",\"position\":2,\"name\":\"Productos\",\"item\":\"https:\/\/www.bagnoitalia.com\/es\/shop\"},{\"@type\":\"ListItem\",\"position\":3,\"name\":\"Plato de Ducha en acr\u00edlico ABS antideslizante, con efecto rocoso, color antracita, en diferentes tama\u00f1os PA014\"}]},{\"@type\":\"WebSite\",\"@id\":\"https:\/\/www.bagnoitalia.com\/es#website\",\"url\":\"https:\/\/www.bagnoitalia.com\/es\",\"name\":\"Bagno Italia\",\"description\":\"\",\"publisher\":{\"@id\":\"https:\/\/www.bagnoitalia.com\/es#organization\"},\"potentialAction\":[{\"@type\":\"SearchAction\",\"target\":{\"@type\":\"EntryPoint\",\"urlTemplate\":\"https:\/\/www.bagnoitalia.com\/es?s={search_term_string}\"},\"query-input\":{\"@type\":\"PropertyValueSpecification\",\"valueRequired\":true,\"valueName\":\"search_term_string\"}}],\"inLanguage\":\"es\"},{\"@type\":\"Organization\",\"@id\":\"https:\/\/www.bagnoitalia.com\/es#organization\",\"name\":\"Bagno Italia\",\"url\":\"https:\/\/www.bagnoitalia.com\/es\",\"logo\":{\"@type\":\"ImageObject\",\"inLanguage\":\"es\",\"@id\":\"https:\/\/www.bagnoitalia.com\/es#\/schema\/logo\/image\/\",\"url\":\"https:\/\/img.bagnoitalia.com\/wp-content\/uploads\/logo-bagnoitalia.webp\",\"contentUrl\":\"https:\/\/img.bagnoitalia.com\/wp-content\/uploads\/logo-bagnoitalia.webp\",\"width\":400,\"height\":70,\"caption\":\"Bagno Italia\"},\"image\":{\"@id\":\"https:\/\/www.bagnoitalia.com\/es#\/schema\/logo\/image\/\"}}]}<\/script>\n<!-- \/ Yoast SEO plugin. -->","yoast_head_json":{"title":"Plato de ducha acr\u00edlico ABS antideslizante con efecto de color antracita en diferentes tama\u00f1os","description":"Plato de ducha fabricado en ABS acr\u00edlico y antideslizante con efecto de piedra antracita disponible en diferentes tama\u00f1os","robots":{"index":"index","follow":"follow","max-snippet":"max-snippet:-1","max-image-preview":"max-image-preview:large","max-video-preview":"max-video-preview:-1"},"canonical":"https:\/\/www.bagnoitalia.com\/es\/producto\/plato-de-ducha-acrilico-abs-antideslizante-con-efecto-de-color-antracita-en-diferentes-tamanos.html","og_locale":"es_ES","og_type":"article","og_title":"Plato de ducha acr\u00edlico ABS antideslizante con efecto de color antracita en diferentes tama\u00f1os","og_description":"Plato de ducha fabricado en ABS acr\u00edlico y antideslizante con efecto de piedra antracita disponible en diferentes tama\u00f1os","og_url":"https:\/\/www.bagnoitalia.com\/es\/producto\/plato-de-ducha-acrilico-abs-antideslizante-con-efecto-de-color-antracita-en-diferentes-tamanos.html","og_site_name":"Bagno Italia","article_modified_time":"2025-06-02T09:54:03+00:00","og_image":[{"width":1200,"height":848,"url":"https:\/\/img.bagnoitalia.com\/wp-content\/uploads\/virtuemart\/product\/ABS-Acrylic-shower-tray-1_1542815019_500.jpg","type":"image\/jpeg"}],"twitter_card":"summary_large_image","twitter_misc":{"Tiempo de lectura":"1 minuto"},"schema":{"@context":"https:\/\/schema.org","@graph":[{"@type":"WebPage","@id":"https:\/\/www.bagnoitalia.com\/es\/producto\/plato-de-ducha-acrilico-abs-antideslizante-con-efecto-de-color-antracita-en-diferentes-tamanos.html","url":"https:\/\/www.bagnoitalia.com\/es\/producto\/plato-de-ducha-acrilico-abs-antideslizante-con-efecto-de-color-antracita-en-diferentes-tamanos.html","name":"Plato de ducha acr\u00edlico ABS antideslizante con efecto de color antracita en diferentes tama\u00f1os","isPartOf":{"@id":"https:\/\/www.bagnoitalia.com\/es#website"},"primaryImageOfPage":{"@id":"https:\/\/www.bagnoitalia.com\/es\/producto\/plato-de-ducha-acrilico-abs-antideslizante-con-efecto-de-color-antracita-en-diferentes-tamanos.html#primaryimage"},"image":{"@id":"https:\/\/www.bagnoitalia.com\/es\/producto\/plato-de-ducha-acrilico-abs-antideslizante-con-efecto-de-color-antracita-en-diferentes-tamanos.html#primaryimage"},"thumbnailUrl":"https:\/\/img.bagnoitalia.com\/wp-content\/uploads\/virtuemart\/product\/ABS-Acrylic-shower-tray-1_1542815019_500.jpg","datePublished":"2016-09-28T08:34:47+00:00","dateModified":"2025-06-02T09:54:03+00:00","description":"Plato de ducha fabricado en ABS acr\u00edlico y antideslizante con efecto de piedra antracita disponible en diferentes tama\u00f1os","breadcrumb":{"@id":"https:\/\/www.bagnoitalia.com\/es\/producto\/plato-de-ducha-acrilico-abs-antideslizante-con-efecto-de-color-antracita-en-diferentes-tamanos.html#breadcrumb"},"inLanguage":"es","potentialAction":[{"@type":"ReadAction","target":["https:\/\/www.bagnoitalia.com\/es\/producto\/plato-de-ducha-acrilico-abs-antideslizante-con-efecto-de-color-antracita-en-diferentes-tamanos.html"]}]},{"@type":"ImageObject","inLanguage":"es","@id":"https:\/\/www.bagnoitalia.com\/es\/producto\/plato-de-ducha-acrilico-abs-antideslizante-con-efecto-de-color-antracita-en-diferentes-tamanos.html#primaryimage","url":"https:\/\/img.bagnoitalia.com\/wp-content\/uploads\/virtuemart\/product\/ABS-Acrylic-shower-tray-1_1542815019_500.jpg","contentUrl":"https:\/\/img.bagnoitalia.com\/wp-content\/uploads\/virtuemart\/product\/ABS-Acrylic-shower-tray-1_1542815019_500.jpg","width":1200,"height":848},{"@type":"BreadcrumbList","@id":"https:\/\/www.bagnoitalia.com\/es\/producto\/plato-de-ducha-acrilico-abs-antideslizante-con-efecto-de-color-antracita-en-diferentes-tamanos.html#breadcrumb","itemListElement":[{"@type":"ListItem","position":1,"name":"Home","item":"https:\/\/www.bagnoitalia.com\/es"},{"@type":"ListItem","position":2,"name":"Productos","item":"https:\/\/www.bagnoitalia.com\/es\/shop"},{"@type":"ListItem","position":3,"name":"Plato de Ducha en acr\u00edlico ABS antideslizante, con efecto rocoso, color antracita, en diferentes tama\u00f1os PA014"}]},{"@type":"WebSite","@id":"https:\/\/www.bagnoitalia.com\/es#website","url":"https:\/\/www.bagnoitalia.com\/es","name":"Bagno Italia","description":"","publisher":{"@id":"https:\/\/www.bagnoitalia.com\/es#organization"},"potentialAction":[{"@type":"SearchAction","target":{"@type":"EntryPoint","urlTemplate":"https:\/\/www.bagnoitalia.com\/es?s={search_term_string}"},"query-input":{"@type":"PropertyValueSpecification","valueRequired":true,"valueName":"search_term_string"}}],"inLanguage":"es"},{"@type":"Organization","@id":"https:\/\/www.bagnoitalia.com\/es#organization","name":"Bagno Italia","url":"https:\/\/www.bagnoitalia.com\/es","logo":{"@type":"ImageObject","inLanguage":"es","@id":"https:\/\/www.bagnoitalia.com\/es#\/schema\/logo\/image\/","url":"https:\/\/img.bagnoitalia.com\/wp-content\/uploads\/logo-bagnoitalia.webp","contentUrl":"https:\/\/img.bagnoitalia.com\/wp-content\/uploads\/logo-bagnoitalia.webp","width":400,"height":70,"caption":"Bagno Italia"},"image":{"@id":"https:\/\/www.bagnoitalia.com\/es#\/schema\/logo\/image\/"}}]}},"_links":{"self":[{"href":"https:\/\/www.bagnoitalia.com\/es\/wp-json\/wp\/v2\/product\/80200","targetHints":{"allow":["GET"]}}],"collection":[{"href":"https:\/\/www.bagnoitalia.com\/es\/wp-json\/wp\/v2\/product"}],"about":[{"href":"https:\/\/www.bagnoitalia.com\/es\/wp-json\/wp\/v2\/types\/product"}],"replies":[{"embeddable":true,"href":"https:\/\/www.bagnoitalia.com\/es\/wp-json\/wp\/v2\/comments?post=80200"}],"version-history":[{"count":0,"href":"https:\/\/www.bagnoitalia.com\/es\/wp-json\/wp\/v2\/product\/80200\/revisions"}],"wp:featuredmedia":[{"embeddable":true,"href":"https:\/\/www.bagnoitalia.com\/es\/wp-json\/wp\/v2\/media\/32810"}],"wp:attachment":[{"href":"https:\/\/www.bagnoitalia.com\/es\/wp-json\/wp\/v2\/media?parent=80200"}],"wp:term":[{"taxonomy":"product_brand","embeddable":true,"href":"https:\/\/www.bagnoitalia.com\/es\/wp-json\/wp\/v2\/product_brand?post=80200"},{"taxonomy":"product_cat","embeddable":true,"href":"https:\/\/www.bagnoitalia.com\/es\/wp-json\/wp\/v2\/product_cat?post=80200"},{"taxonomy":"product_tag","embeddable":true,"href":"https:\/\/www.bagnoitalia.com\/es\/wp-json\/wp\/v2\/product_tag?post=80200"}],"curies":[{"name":"wp","href":"https:\/\/api.w.org\/{rel}","templated":true}]}}