{"id":80104,"date":"2016-06-22T10:46:12","date_gmt":"2016-06-22T08:46:12","guid":{"rendered":"https:\/\/www.bagnoitalia.com\/product\/muebles-de-exterior-ursula-tumbona-doble-cojines-blanco-negro-con-sombrilla"},"modified":"2024-05-10T23:44:33","modified_gmt":"2024-05-10T21:44:33","slug":"muebles-de-exterior-ursula-tumbona-doble-cojines-blanco-negro-con-sombrilla","status":"publish","type":"product","link":"https:\/\/www.bagnoitalia.com\/es\/producto\/muebles-de-exterior-ursula-tumbona-doble-cojines-blanco-negro-con-sombrilla.html","title":{"rendered":"Mueble de exterior Ursula, con Tumbona doble Negra, cojines blancos y protecci\u00f3n del sol"},"content":{"rendered":"<p style=\"margin-bottom: 0cm;\"><span style=\"text-decoration: underline; font-size: 12pt;\"><strong>Muebles de exterior Ursula con tumbona doble de Ratt\u00e1n negro y cojines blancos.<\/strong><\/span><\/p>\n<p style=\"margin-bottom: 0cm;\"><span style=\"font-size: 10pt;\">Hermosa cubierta de la cama del sol, dos cuadrados de rat\u00e1n de alta calidad, una soluci\u00f3n de decoraci\u00f3n con caracter\u00edsticas finamente modernas, equipada con un \u00ab\u00e1rbol\u00bb central desde el cual se cubre con un parasol que lo hace a\u00fan m\u00e1s elegante &#8230;<\/span><\/p>\n<p style=\"margin-bottom: 0cm;\"><span style=\"font-size: 12pt;\"><strong>El precio incluye:<\/strong><\/span><\/p>\n<ul>\n<li style=\"margin-bottom: 0cm;\"><span style=\"font-size: 10pt;\">Cama doble en Ratt\u00e1n negro mide 202x145x200 cm.<\/span><\/li>\n<li style=\"margin-bottom: 0cm;\"><span style=\"font-size: 10pt;\">Tapa de sol incluida en el precio.<\/span><\/li>\n<\/ul>\n<p style=\"margin-bottom: 0cm;\"><strong><span style=\"font-size: 12pt;\">caracter\u00edsticas:<\/span><\/strong><\/p>\n<ul>\n<li style=\"margin-bottom: 0cm;\"><span style=\"font-size: 10pt;\">Cuadro trenzado de aluminio anodizado con rat\u00e1n ecol\u00f3gico.<\/span><\/li>\n<li style=\"margin-bottom: 0cm;\"><span style=\"font-size: 10pt;\">Resistente a cualquier tipo de clima en cualquier \u00e9poca del a\u00f1o.<\/span><\/li>\n<li style=\"margin-bottom: 0cm;\"><span style=\"font-size: 10pt;\">F\u00e1cil de lavar<\/span><\/li>\n<li style=\"margin-bottom: 0cm;\"><span style=\"font-size: 10pt;\">Cama de rat\u00e1n de alta calidad<\/span><\/li>\n<li style=\"margin-bottom: 0cm;\"><span style=\"font-size: 10pt;\">Cubrir la sombrilla con el \u00ab\u00e1rbol\u00bb central.<\/span><\/li>\n<li style=\"margin-bottom: 0cm;\"><span style=\"font-size: 10pt;\">Mesa de centro con tapa de cristal<\/span><\/li>\n<li style=\"margin-bottom: 0cm;\"><span style=\"font-size: 10pt;\">Resistente al agua de mar, a los rayos UV y al material anti-desvanecimiento.<\/span><\/li>\n<\/ul>\n","protected":false},"excerpt":{"rendered":"<p>Mueble de exterior modelo Ursula, que consiste en una Tumbona doble color negro y cojines blancos, con una sombrilla incluida en la oferta<\/p>\n","protected":false},"featured_media":31886,"comment_status":"open","ping_status":"closed","template":"","meta":[],"product_brand":[5021],"product_cat":[10014,9785],"product_tag":[],"class_list":{"0":"post-80104","1":"product","2":"type-product","3":"status-publish","4":"has-post-thumbnail","6":"product_brand-predator-arredo-casa","7":"product_cat-sofas-de-exterior","8":"product_cat-muebles-de-exterior","10":"first","11":"instock","12":"sale","13":"taxable","14":"shipping-taxable","15":"purchasable","16":"product-type-simple"},"exclude_global_add_ons":[],"addons":[],"yoast_head":"<!-- This site is optimized with the Yoast SEO plugin v26.7 - https:\/\/yoast.com\/wordpress\/plugins\/seo\/ -->\n<title>Muebles de exterior ursula tumbona doble cojines blanco negro con sombrilla<\/title>\n<meta name=\"description\" content=\"Muebles de exterior modelo Ursula que consiste en una tumbona doble en cojines negros y blancos con una sombrilla incluida en la oferta\" \/>\n<meta name=\"robots\" content=\"index, follow, max-snippet:-1, max-image-preview:large, max-video-preview:-1\" \/>\n<link rel=\"canonical\" href=\"https:\/\/www.bagnoitalia.com\/es\/producto\/muebles-de-exterior-ursula-tumbona-doble-cojines-blanco-negro-con-sombrilla.html\" \/>\n<meta property=\"og:locale\" content=\"es_ES\" \/>\n<meta property=\"og:type\" content=\"article\" \/>\n<meta property=\"og:title\" content=\"Muebles de exterior ursula tumbona doble cojines blanco negro con sombrilla\" \/>\n<meta property=\"og:description\" content=\"Muebles de exterior modelo Ursula que consiste en una tumbona doble en cojines negros y blancos con una sombrilla incluida en la oferta\" \/>\n<meta property=\"og:url\" content=\"https:\/\/www.bagnoitalia.com\/es\/producto\/muebles-de-exterior-ursula-tumbona-doble-cojines-blanco-negro-con-sombrilla.html\" \/>\n<meta property=\"og:site_name\" content=\"Bagno Italia\" \/>\n<meta property=\"article:modified_time\" content=\"2024-05-10T21:44:33+00:00\" \/>\n<meta property=\"og:image\" content=\"https:\/\/img.bagnoitalia.com\/wp-content\/uploads\/virtuemart\/product\/Outdoor-furniture-ursula-model-double-black-deckchair-white-cushions-sunshade-1_1541165881_294.jpg\" \/>\n\t<meta property=\"og:image:width\" content=\"200\" \/>\n\t<meta property=\"og:image:height\" content=\"200\" \/>\n\t<meta property=\"og:image:type\" content=\"image\/jpeg\" \/>\n<meta name=\"twitter:card\" content=\"summary_large_image\" \/>\n<meta name=\"twitter:label1\" content=\"Tiempo de lectura\" \/>\n\t<meta name=\"twitter:data1\" content=\"1 minuto\" \/>\n<script type=\"application\/ld+json\" class=\"yoast-schema-graph\">{\"@context\":\"https:\/\/schema.org\",\"@graph\":[{\"@type\":\"WebPage\",\"@id\":\"https:\/\/www.bagnoitalia.com\/es\/producto\/muebles-de-exterior-ursula-tumbona-doble-cojines-blanco-negro-con-sombrilla.html\",\"url\":\"https:\/\/www.bagnoitalia.com\/es\/producto\/muebles-de-exterior-ursula-tumbona-doble-cojines-blanco-negro-con-sombrilla.html\",\"name\":\"Muebles de exterior ursula tumbona doble cojines blanco negro con sombrilla\",\"isPartOf\":{\"@id\":\"https:\/\/www.bagnoitalia.com\/es#website\"},\"primaryImageOfPage\":{\"@id\":\"https:\/\/www.bagnoitalia.com\/es\/producto\/muebles-de-exterior-ursula-tumbona-doble-cojines-blanco-negro-con-sombrilla.html#primaryimage\"},\"image\":{\"@id\":\"https:\/\/www.bagnoitalia.com\/es\/producto\/muebles-de-exterior-ursula-tumbona-doble-cojines-blanco-negro-con-sombrilla.html#primaryimage\"},\"thumbnailUrl\":\"https:\/\/img.bagnoitalia.com\/wp-content\/uploads\/virtuemart\/product\/Outdoor-furniture-ursula-model-double-black-deckchair-white-cushions-sunshade-1_1541165881_294.jpg\",\"datePublished\":\"2016-06-22T08:46:12+00:00\",\"dateModified\":\"2024-05-10T21:44:33+00:00\",\"description\":\"Muebles de exterior modelo Ursula que consiste en una tumbona doble en cojines negros y blancos con una sombrilla incluida en la oferta\",\"breadcrumb\":{\"@id\":\"https:\/\/www.bagnoitalia.com\/es\/producto\/muebles-de-exterior-ursula-tumbona-doble-cojines-blanco-negro-con-sombrilla.html#breadcrumb\"},\"inLanguage\":\"es\",\"potentialAction\":[{\"@type\":\"ReadAction\",\"target\":[\"https:\/\/www.bagnoitalia.com\/es\/producto\/muebles-de-exterior-ursula-tumbona-doble-cojines-blanco-negro-con-sombrilla.html\"]}]},{\"@type\":\"ImageObject\",\"inLanguage\":\"es\",\"@id\":\"https:\/\/www.bagnoitalia.com\/es\/producto\/muebles-de-exterior-ursula-tumbona-doble-cojines-blanco-negro-con-sombrilla.html#primaryimage\",\"url\":\"https:\/\/img.bagnoitalia.com\/wp-content\/uploads\/virtuemart\/product\/Outdoor-furniture-ursula-model-double-black-deckchair-white-cushions-sunshade-1_1541165881_294.jpg\",\"contentUrl\":\"https:\/\/img.bagnoitalia.com\/wp-content\/uploads\/virtuemart\/product\/Outdoor-furniture-ursula-model-double-black-deckchair-white-cushions-sunshade-1_1541165881_294.jpg\",\"width\":200,\"height\":200},{\"@type\":\"BreadcrumbList\",\"@id\":\"https:\/\/www.bagnoitalia.com\/es\/producto\/muebles-de-exterior-ursula-tumbona-doble-cojines-blanco-negro-con-sombrilla.html#breadcrumb\",\"itemListElement\":[{\"@type\":\"ListItem\",\"position\":1,\"name\":\"Home\",\"item\":\"https:\/\/www.bagnoitalia.com\/es\"},{\"@type\":\"ListItem\",\"position\":2,\"name\":\"Productos\",\"item\":\"https:\/\/www.bagnoitalia.com\/es\/shop\"},{\"@type\":\"ListItem\",\"position\":3,\"name\":\"Mueble de exterior Ursula, con Tumbona doble Negra, cojines blancos y protecci\u00f3n del sol\"}]},{\"@type\":\"WebSite\",\"@id\":\"https:\/\/www.bagnoitalia.com\/es#website\",\"url\":\"https:\/\/www.bagnoitalia.com\/es\",\"name\":\"Bagno Italia\",\"description\":\"\",\"publisher\":{\"@id\":\"https:\/\/www.bagnoitalia.com\/es#organization\"},\"potentialAction\":[{\"@type\":\"SearchAction\",\"target\":{\"@type\":\"EntryPoint\",\"urlTemplate\":\"https:\/\/www.bagnoitalia.com\/es?s={search_term_string}\"},\"query-input\":{\"@type\":\"PropertyValueSpecification\",\"valueRequired\":true,\"valueName\":\"search_term_string\"}}],\"inLanguage\":\"es\"},{\"@type\":\"Organization\",\"@id\":\"https:\/\/www.bagnoitalia.com\/es#organization\",\"name\":\"Bagno Italia\",\"url\":\"https:\/\/www.bagnoitalia.com\/es\",\"logo\":{\"@type\":\"ImageObject\",\"inLanguage\":\"es\",\"@id\":\"https:\/\/www.bagnoitalia.com\/es#\/schema\/logo\/image\/\",\"url\":\"https:\/\/img.bagnoitalia.com\/wp-content\/uploads\/logo-bagnoitalia.webp\",\"contentUrl\":\"https:\/\/img.bagnoitalia.com\/wp-content\/uploads\/logo-bagnoitalia.webp\",\"width\":400,\"height\":70,\"caption\":\"Bagno Italia\"},\"image\":{\"@id\":\"https:\/\/www.bagnoitalia.com\/es#\/schema\/logo\/image\/\"}}]}<\/script>\n<!-- \/ Yoast SEO plugin. -->","yoast_head_json":{"title":"Muebles de exterior ursula tumbona doble cojines blanco negro con sombrilla","description":"Muebles de exterior modelo Ursula que consiste en una tumbona doble en cojines negros y blancos con una sombrilla incluida en la oferta","robots":{"index":"index","follow":"follow","max-snippet":"max-snippet:-1","max-image-preview":"max-image-preview:large","max-video-preview":"max-video-preview:-1"},"canonical":"https:\/\/www.bagnoitalia.com\/es\/producto\/muebles-de-exterior-ursula-tumbona-doble-cojines-blanco-negro-con-sombrilla.html","og_locale":"es_ES","og_type":"article","og_title":"Muebles de exterior ursula tumbona doble cojines blanco negro con sombrilla","og_description":"Muebles de exterior modelo Ursula que consiste en una tumbona doble en cojines negros y blancos con una sombrilla incluida en la oferta","og_url":"https:\/\/www.bagnoitalia.com\/es\/producto\/muebles-de-exterior-ursula-tumbona-doble-cojines-blanco-negro-con-sombrilla.html","og_site_name":"Bagno Italia","article_modified_time":"2024-05-10T21:44:33+00:00","og_image":[{"width":200,"height":200,"url":"https:\/\/img.bagnoitalia.com\/wp-content\/uploads\/virtuemart\/product\/Outdoor-furniture-ursula-model-double-black-deckchair-white-cushions-sunshade-1_1541165881_294.jpg","type":"image\/jpeg"}],"twitter_card":"summary_large_image","twitter_misc":{"Tiempo de lectura":"1 minuto"},"schema":{"@context":"https:\/\/schema.org","@graph":[{"@type":"WebPage","@id":"https:\/\/www.bagnoitalia.com\/es\/producto\/muebles-de-exterior-ursula-tumbona-doble-cojines-blanco-negro-con-sombrilla.html","url":"https:\/\/www.bagnoitalia.com\/es\/producto\/muebles-de-exterior-ursula-tumbona-doble-cojines-blanco-negro-con-sombrilla.html","name":"Muebles de exterior ursula tumbona doble cojines blanco negro con sombrilla","isPartOf":{"@id":"https:\/\/www.bagnoitalia.com\/es#website"},"primaryImageOfPage":{"@id":"https:\/\/www.bagnoitalia.com\/es\/producto\/muebles-de-exterior-ursula-tumbona-doble-cojines-blanco-negro-con-sombrilla.html#primaryimage"},"image":{"@id":"https:\/\/www.bagnoitalia.com\/es\/producto\/muebles-de-exterior-ursula-tumbona-doble-cojines-blanco-negro-con-sombrilla.html#primaryimage"},"thumbnailUrl":"https:\/\/img.bagnoitalia.com\/wp-content\/uploads\/virtuemart\/product\/Outdoor-furniture-ursula-model-double-black-deckchair-white-cushions-sunshade-1_1541165881_294.jpg","datePublished":"2016-06-22T08:46:12+00:00","dateModified":"2024-05-10T21:44:33+00:00","description":"Muebles de exterior modelo Ursula que consiste en una tumbona doble en cojines negros y blancos con una sombrilla incluida en la oferta","breadcrumb":{"@id":"https:\/\/www.bagnoitalia.com\/es\/producto\/muebles-de-exterior-ursula-tumbona-doble-cojines-blanco-negro-con-sombrilla.html#breadcrumb"},"inLanguage":"es","potentialAction":[{"@type":"ReadAction","target":["https:\/\/www.bagnoitalia.com\/es\/producto\/muebles-de-exterior-ursula-tumbona-doble-cojines-blanco-negro-con-sombrilla.html"]}]},{"@type":"ImageObject","inLanguage":"es","@id":"https:\/\/www.bagnoitalia.com\/es\/producto\/muebles-de-exterior-ursula-tumbona-doble-cojines-blanco-negro-con-sombrilla.html#primaryimage","url":"https:\/\/img.bagnoitalia.com\/wp-content\/uploads\/virtuemart\/product\/Outdoor-furniture-ursula-model-double-black-deckchair-white-cushions-sunshade-1_1541165881_294.jpg","contentUrl":"https:\/\/img.bagnoitalia.com\/wp-content\/uploads\/virtuemart\/product\/Outdoor-furniture-ursula-model-double-black-deckchair-white-cushions-sunshade-1_1541165881_294.jpg","width":200,"height":200},{"@type":"BreadcrumbList","@id":"https:\/\/www.bagnoitalia.com\/es\/producto\/muebles-de-exterior-ursula-tumbona-doble-cojines-blanco-negro-con-sombrilla.html#breadcrumb","itemListElement":[{"@type":"ListItem","position":1,"name":"Home","item":"https:\/\/www.bagnoitalia.com\/es"},{"@type":"ListItem","position":2,"name":"Productos","item":"https:\/\/www.bagnoitalia.com\/es\/shop"},{"@type":"ListItem","position":3,"name":"Mueble de exterior Ursula, con Tumbona doble Negra, cojines blancos y protecci\u00f3n del sol"}]},{"@type":"WebSite","@id":"https:\/\/www.bagnoitalia.com\/es#website","url":"https:\/\/www.bagnoitalia.com\/es","name":"Bagno Italia","description":"","publisher":{"@id":"https:\/\/www.bagnoitalia.com\/es#organization"},"potentialAction":[{"@type":"SearchAction","target":{"@type":"EntryPoint","urlTemplate":"https:\/\/www.bagnoitalia.com\/es?s={search_term_string}"},"query-input":{"@type":"PropertyValueSpecification","valueRequired":true,"valueName":"search_term_string"}}],"inLanguage":"es"},{"@type":"Organization","@id":"https:\/\/www.bagnoitalia.com\/es#organization","name":"Bagno Italia","url":"https:\/\/www.bagnoitalia.com\/es","logo":{"@type":"ImageObject","inLanguage":"es","@id":"https:\/\/www.bagnoitalia.com\/es#\/schema\/logo\/image\/","url":"https:\/\/img.bagnoitalia.com\/wp-content\/uploads\/logo-bagnoitalia.webp","contentUrl":"https:\/\/img.bagnoitalia.com\/wp-content\/uploads\/logo-bagnoitalia.webp","width":400,"height":70,"caption":"Bagno Italia"},"image":{"@id":"https:\/\/www.bagnoitalia.com\/es#\/schema\/logo\/image\/"}}]}},"_links":{"self":[{"href":"https:\/\/www.bagnoitalia.com\/es\/wp-json\/wp\/v2\/product\/80104","targetHints":{"allow":["GET"]}}],"collection":[{"href":"https:\/\/www.bagnoitalia.com\/es\/wp-json\/wp\/v2\/product"}],"about":[{"href":"https:\/\/www.bagnoitalia.com\/es\/wp-json\/wp\/v2\/types\/product"}],"replies":[{"embeddable":true,"href":"https:\/\/www.bagnoitalia.com\/es\/wp-json\/wp\/v2\/comments?post=80104"}],"version-history":[{"count":0,"href":"https:\/\/www.bagnoitalia.com\/es\/wp-json\/wp\/v2\/product\/80104\/revisions"}],"wp:featuredmedia":[{"embeddable":true,"href":"https:\/\/www.bagnoitalia.com\/es\/wp-json\/wp\/v2\/media\/31886"}],"wp:attachment":[{"href":"https:\/\/www.bagnoitalia.com\/es\/wp-json\/wp\/v2\/media?parent=80104"}],"wp:term":[{"taxonomy":"product_brand","embeddable":true,"href":"https:\/\/www.bagnoitalia.com\/es\/wp-json\/wp\/v2\/product_brand?post=80104"},{"taxonomy":"product_cat","embeddable":true,"href":"https:\/\/www.bagnoitalia.com\/es\/wp-json\/wp\/v2\/product_cat?post=80104"},{"taxonomy":"product_tag","embeddable":true,"href":"https:\/\/www.bagnoitalia.com\/es\/wp-json\/wp\/v2\/product_tag?post=80104"}],"curies":[{"name":"wp","href":"https:\/\/api.w.org\/{rel}","templated":true}]}}