{"id":80100,"date":"2016-06-22T10:07:42","date_gmt":"2016-06-22T08:07:42","guid":{"rendered":"https:\/\/www.bagnoitalia.com\/product\/muebles-de-exterior-jessica-mesa-de-madera-4-sillas-plegables-con-reposabrazos-de-jardin"},"modified":"2025-02-28T14:52:59","modified_gmt":"2025-02-28T13:52:59","slug":"muebles-de-exterior-jessica-mesa-de-madera-4-sillas-plegables-con-reposabrazos-de-jardin","status":"publish","type":"product","link":"https:\/\/www.bagnoitalia.com\/es\/producto\/muebles-de-exterior-jessica-mesa-de-madera-4-sillas-plegables-con-reposabrazos-de-jardin.html","title":{"rendered":"Mueble de exterior o jard\u00edn Jessica, Con Mesa de madera, 4 Sillas plegables con reposabrazos"},"content":{"rendered":"<p style=\"margin-bottom: 0cm;\"><span style=\"font-size: 12pt;\"><span style=\"text-decoration: underline;\"><strong>Muebles de exterior jessica con mesa + 4 sillas plegables para jard\u00edn.<\/strong><\/span><\/span><\/p>\n<p style=\"margin-bottom: 0cm;\"><span style=\"font-size: 10pt;\">Mesa de jard\u00edn con estructura de madera, muy resistente y duradera con el tiempo, excelente calidad exterior. Herrajes en metal cromado para evitar la formaci\u00f3n de \u00f3xido. Este hermoso conjunto es plegable, se cierra en una fracci\u00f3n de segundo y ocupa tan poco espacio en el hogar que puede almacenarlo incluso en lugares estrechos.<\/span><\/p>\n<p style=\"margin-bottom: 0cm;\"><span style=\"font-size: 12pt;\"><strong>El precio incluye:<\/strong><\/span><\/p>\n<p style=\"margin-bottom: 0cm;\"><span style=\"font-size: 10pt;\">N \u00b0 1 mesa plegable con c\u00e1scara de madera mide 101xH70 cm<\/span><\/p>\n<p style=\"margin-bottom: 0cm;\"><span style=\"font-size: 10pt;\">Sillas plegables de madera N \u00b0 4 medidas 47x47x92cm<\/span><\/p>\n<p style=\"margin-bottom: 0cm;\"><span style=\"font-size: 12pt;\"><strong>Producto con alta resistencia a:<\/strong><\/span><\/p>\n<p style=\"margin-bottom: 0cm;\"><span style=\"font-size: 10pt;\">&#8211; Agua clorada y marina.<\/span><\/p>\n<p style=\"margin-bottom: 0cm;\"><span style=\"font-size: 10pt;\">&#8211; A altas y bajas temperaturas.<\/span><\/p>\n<p style=\"margin-bottom: 0cm;\"><span style=\"font-size: 10pt;\">&#8211; Simple de limpiar<\/span><\/p>\n","protected":false},"excerpt":{"rendered":"<p>Muebles de exterior modelo Jessica con mesa de madera, 4 sillas plegables con reposabrazos, ideales para el jard\u00edn o cualquier otro tipo de ambiente al aire libre<\/p>\n","protected":false},"featured_media":31866,"comment_status":"open","ping_status":"closed","template":"","meta":[],"product_brand":[9926],"product_cat":[10117],"product_tag":[],"class_list":{"0":"post-80100","1":"product","2":"type-product","3":"status-publish","4":"has-post-thumbnail","6":"product_brand-predator-arredo-casa-es","7":"product_cat-senza-categoria-es","9":"first","10":"outofstock","11":"taxable","12":"shipping-taxable","13":"purchasable","14":"product-type-simple"},"exclude_global_add_ons":[],"addons":[],"yoast_head":"<!-- This site is optimized with the Yoast SEO plugin v26.7 - https:\/\/yoast.com\/wordpress\/plugins\/seo\/ -->\n<title>Muebles de exterior jessica mesa de madera 4 sillas plegables con reposabrazos de jard\u00edn<\/title>\n<meta name=\"description\" content=\"Muebles de exterior modelo jessica con mesa de madera, 4 sillas plegables con reposabrazos, ideales para el jard\u00edn o cualquier otro tipo de ambiente al aire libre\" \/>\n<meta name=\"robots\" content=\"index, follow, max-snippet:-1, max-image-preview:large, max-video-preview:-1\" \/>\n<link rel=\"canonical\" href=\"https:\/\/www.bagnoitalia.com\/es\/producto\/muebles-de-exterior-jessica-mesa-de-madera-4-sillas-plegables-con-reposabrazos-de-jardin.html\" \/>\n<meta property=\"og:locale\" content=\"es_ES\" \/>\n<meta property=\"og:type\" content=\"article\" \/>\n<meta property=\"og:title\" content=\"Muebles de exterior jessica mesa de madera 4 sillas plegables con reposabrazos de jard\u00edn\" \/>\n<meta property=\"og:description\" content=\"Muebles de exterior modelo jessica con mesa de madera, 4 sillas plegables con reposabrazos, ideales para el jard\u00edn o cualquier otro tipo de ambiente al aire libre\" \/>\n<meta property=\"og:url\" content=\"https:\/\/www.bagnoitalia.com\/es\/producto\/muebles-de-exterior-jessica-mesa-de-madera-4-sillas-plegables-con-reposabrazos-de-jardin.html\" \/>\n<meta property=\"og:site_name\" content=\"Bagno Italia\" \/>\n<meta property=\"article:modified_time\" content=\"2025-02-28T13:52:59+00:00\" \/>\n<meta property=\"og:image\" content=\"https:\/\/img.bagnoitalia.com\/wp-content\/uploads\/virtuemart\/product\/Garden-furniture-jessica-model-wooden-table-4-folding-chairs-armrests-1_1541166116_651.jpg\" \/>\n\t<meta property=\"og:image:width\" content=\"200\" \/>\n\t<meta property=\"og:image:height\" content=\"200\" \/>\n\t<meta property=\"og:image:type\" content=\"image\/jpeg\" \/>\n<meta name=\"twitter:card\" content=\"summary_large_image\" \/>\n<meta name=\"twitter:label1\" content=\"Tiempo de lectura\" \/>\n\t<meta name=\"twitter:data1\" content=\"1 minuto\" \/>\n<script type=\"application\/ld+json\" class=\"yoast-schema-graph\">{\"@context\":\"https:\/\/schema.org\",\"@graph\":[{\"@type\":\"WebPage\",\"@id\":\"https:\/\/www.bagnoitalia.com\/es\/producto\/muebles-de-exterior-jessica-mesa-de-madera-4-sillas-plegables-con-reposabrazos-de-jardin.html\",\"url\":\"https:\/\/www.bagnoitalia.com\/es\/producto\/muebles-de-exterior-jessica-mesa-de-madera-4-sillas-plegables-con-reposabrazos-de-jardin.html\",\"name\":\"Muebles de exterior jessica mesa de madera 4 sillas plegables con reposabrazos de jard\u00edn\",\"isPartOf\":{\"@id\":\"https:\/\/www.bagnoitalia.com\/es#website\"},\"primaryImageOfPage\":{\"@id\":\"https:\/\/www.bagnoitalia.com\/es\/producto\/muebles-de-exterior-jessica-mesa-de-madera-4-sillas-plegables-con-reposabrazos-de-jardin.html#primaryimage\"},\"image\":{\"@id\":\"https:\/\/www.bagnoitalia.com\/es\/producto\/muebles-de-exterior-jessica-mesa-de-madera-4-sillas-plegables-con-reposabrazos-de-jardin.html#primaryimage\"},\"thumbnailUrl\":\"https:\/\/img.bagnoitalia.com\/wp-content\/uploads\/virtuemart\/product\/Garden-furniture-jessica-model-wooden-table-4-folding-chairs-armrests-1_1541166116_651.jpg\",\"datePublished\":\"2016-06-22T08:07:42+00:00\",\"dateModified\":\"2025-02-28T13:52:59+00:00\",\"description\":\"Muebles de exterior modelo jessica con mesa de madera, 4 sillas plegables con reposabrazos, ideales para el jard\u00edn o cualquier otro tipo de ambiente al aire libre\",\"breadcrumb\":{\"@id\":\"https:\/\/www.bagnoitalia.com\/es\/producto\/muebles-de-exterior-jessica-mesa-de-madera-4-sillas-plegables-con-reposabrazos-de-jardin.html#breadcrumb\"},\"inLanguage\":\"es\",\"potentialAction\":[{\"@type\":\"ReadAction\",\"target\":[\"https:\/\/www.bagnoitalia.com\/es\/producto\/muebles-de-exterior-jessica-mesa-de-madera-4-sillas-plegables-con-reposabrazos-de-jardin.html\"]}]},{\"@type\":\"ImageObject\",\"inLanguage\":\"es\",\"@id\":\"https:\/\/www.bagnoitalia.com\/es\/producto\/muebles-de-exterior-jessica-mesa-de-madera-4-sillas-plegables-con-reposabrazos-de-jardin.html#primaryimage\",\"url\":\"https:\/\/img.bagnoitalia.com\/wp-content\/uploads\/virtuemart\/product\/Garden-furniture-jessica-model-wooden-table-4-folding-chairs-armrests-1_1541166116_651.jpg\",\"contentUrl\":\"https:\/\/img.bagnoitalia.com\/wp-content\/uploads\/virtuemart\/product\/Garden-furniture-jessica-model-wooden-table-4-folding-chairs-armrests-1_1541166116_651.jpg\",\"width\":200,\"height\":200},{\"@type\":\"BreadcrumbList\",\"@id\":\"https:\/\/www.bagnoitalia.com\/es\/producto\/muebles-de-exterior-jessica-mesa-de-madera-4-sillas-plegables-con-reposabrazos-de-jardin.html#breadcrumb\",\"itemListElement\":[{\"@type\":\"ListItem\",\"position\":1,\"name\":\"Home\",\"item\":\"https:\/\/www.bagnoitalia.com\/es\"},{\"@type\":\"ListItem\",\"position\":2,\"name\":\"Productos\",\"item\":\"https:\/\/www.bagnoitalia.com\/es\/shop\"},{\"@type\":\"ListItem\",\"position\":3,\"name\":\"Mueble de exterior o jard\u00edn Jessica, Con Mesa de madera, 4 Sillas plegables con reposabrazos\"}]},{\"@type\":\"WebSite\",\"@id\":\"https:\/\/www.bagnoitalia.com\/es#website\",\"url\":\"https:\/\/www.bagnoitalia.com\/es\",\"name\":\"Bagno Italia\",\"description\":\"\",\"publisher\":{\"@id\":\"https:\/\/www.bagnoitalia.com\/es#organization\"},\"potentialAction\":[{\"@type\":\"SearchAction\",\"target\":{\"@type\":\"EntryPoint\",\"urlTemplate\":\"https:\/\/www.bagnoitalia.com\/es?s={search_term_string}\"},\"query-input\":{\"@type\":\"PropertyValueSpecification\",\"valueRequired\":true,\"valueName\":\"search_term_string\"}}],\"inLanguage\":\"es\"},{\"@type\":\"Organization\",\"@id\":\"https:\/\/www.bagnoitalia.com\/es#organization\",\"name\":\"Bagno Italia\",\"url\":\"https:\/\/www.bagnoitalia.com\/es\",\"logo\":{\"@type\":\"ImageObject\",\"inLanguage\":\"es\",\"@id\":\"https:\/\/www.bagnoitalia.com\/es#\/schema\/logo\/image\/\",\"url\":\"https:\/\/img.bagnoitalia.com\/wp-content\/uploads\/logo-bagnoitalia.webp\",\"contentUrl\":\"https:\/\/img.bagnoitalia.com\/wp-content\/uploads\/logo-bagnoitalia.webp\",\"width\":400,\"height\":70,\"caption\":\"Bagno Italia\"},\"image\":{\"@id\":\"https:\/\/www.bagnoitalia.com\/es#\/schema\/logo\/image\/\"}}]}<\/script>\n<!-- \/ Yoast SEO plugin. -->","yoast_head_json":{"title":"Muebles de exterior jessica mesa de madera 4 sillas plegables con reposabrazos de jard\u00edn","description":"Muebles de exterior modelo jessica con mesa de madera, 4 sillas plegables con reposabrazos, ideales para el jard\u00edn o cualquier otro tipo de ambiente al aire libre","robots":{"index":"index","follow":"follow","max-snippet":"max-snippet:-1","max-image-preview":"max-image-preview:large","max-video-preview":"max-video-preview:-1"},"canonical":"https:\/\/www.bagnoitalia.com\/es\/producto\/muebles-de-exterior-jessica-mesa-de-madera-4-sillas-plegables-con-reposabrazos-de-jardin.html","og_locale":"es_ES","og_type":"article","og_title":"Muebles de exterior jessica mesa de madera 4 sillas plegables con reposabrazos de jard\u00edn","og_description":"Muebles de exterior modelo jessica con mesa de madera, 4 sillas plegables con reposabrazos, ideales para el jard\u00edn o cualquier otro tipo de ambiente al aire libre","og_url":"https:\/\/www.bagnoitalia.com\/es\/producto\/muebles-de-exterior-jessica-mesa-de-madera-4-sillas-plegables-con-reposabrazos-de-jardin.html","og_site_name":"Bagno Italia","article_modified_time":"2025-02-28T13:52:59+00:00","og_image":[{"width":200,"height":200,"url":"https:\/\/img.bagnoitalia.com\/wp-content\/uploads\/virtuemart\/product\/Garden-furniture-jessica-model-wooden-table-4-folding-chairs-armrests-1_1541166116_651.jpg","type":"image\/jpeg"}],"twitter_card":"summary_large_image","twitter_misc":{"Tiempo de lectura":"1 minuto"},"schema":{"@context":"https:\/\/schema.org","@graph":[{"@type":"WebPage","@id":"https:\/\/www.bagnoitalia.com\/es\/producto\/muebles-de-exterior-jessica-mesa-de-madera-4-sillas-plegables-con-reposabrazos-de-jardin.html","url":"https:\/\/www.bagnoitalia.com\/es\/producto\/muebles-de-exterior-jessica-mesa-de-madera-4-sillas-plegables-con-reposabrazos-de-jardin.html","name":"Muebles de exterior jessica mesa de madera 4 sillas plegables con reposabrazos de jard\u00edn","isPartOf":{"@id":"https:\/\/www.bagnoitalia.com\/es#website"},"primaryImageOfPage":{"@id":"https:\/\/www.bagnoitalia.com\/es\/producto\/muebles-de-exterior-jessica-mesa-de-madera-4-sillas-plegables-con-reposabrazos-de-jardin.html#primaryimage"},"image":{"@id":"https:\/\/www.bagnoitalia.com\/es\/producto\/muebles-de-exterior-jessica-mesa-de-madera-4-sillas-plegables-con-reposabrazos-de-jardin.html#primaryimage"},"thumbnailUrl":"https:\/\/img.bagnoitalia.com\/wp-content\/uploads\/virtuemart\/product\/Garden-furniture-jessica-model-wooden-table-4-folding-chairs-armrests-1_1541166116_651.jpg","datePublished":"2016-06-22T08:07:42+00:00","dateModified":"2025-02-28T13:52:59+00:00","description":"Muebles de exterior modelo jessica con mesa de madera, 4 sillas plegables con reposabrazos, ideales para el jard\u00edn o cualquier otro tipo de ambiente al aire libre","breadcrumb":{"@id":"https:\/\/www.bagnoitalia.com\/es\/producto\/muebles-de-exterior-jessica-mesa-de-madera-4-sillas-plegables-con-reposabrazos-de-jardin.html#breadcrumb"},"inLanguage":"es","potentialAction":[{"@type":"ReadAction","target":["https:\/\/www.bagnoitalia.com\/es\/producto\/muebles-de-exterior-jessica-mesa-de-madera-4-sillas-plegables-con-reposabrazos-de-jardin.html"]}]},{"@type":"ImageObject","inLanguage":"es","@id":"https:\/\/www.bagnoitalia.com\/es\/producto\/muebles-de-exterior-jessica-mesa-de-madera-4-sillas-plegables-con-reposabrazos-de-jardin.html#primaryimage","url":"https:\/\/img.bagnoitalia.com\/wp-content\/uploads\/virtuemart\/product\/Garden-furniture-jessica-model-wooden-table-4-folding-chairs-armrests-1_1541166116_651.jpg","contentUrl":"https:\/\/img.bagnoitalia.com\/wp-content\/uploads\/virtuemart\/product\/Garden-furniture-jessica-model-wooden-table-4-folding-chairs-armrests-1_1541166116_651.jpg","width":200,"height":200},{"@type":"BreadcrumbList","@id":"https:\/\/www.bagnoitalia.com\/es\/producto\/muebles-de-exterior-jessica-mesa-de-madera-4-sillas-plegables-con-reposabrazos-de-jardin.html#breadcrumb","itemListElement":[{"@type":"ListItem","position":1,"name":"Home","item":"https:\/\/www.bagnoitalia.com\/es"},{"@type":"ListItem","position":2,"name":"Productos","item":"https:\/\/www.bagnoitalia.com\/es\/shop"},{"@type":"ListItem","position":3,"name":"Mueble de exterior o jard\u00edn Jessica, Con Mesa de madera, 4 Sillas plegables con reposabrazos"}]},{"@type":"WebSite","@id":"https:\/\/www.bagnoitalia.com\/es#website","url":"https:\/\/www.bagnoitalia.com\/es","name":"Bagno Italia","description":"","publisher":{"@id":"https:\/\/www.bagnoitalia.com\/es#organization"},"potentialAction":[{"@type":"SearchAction","target":{"@type":"EntryPoint","urlTemplate":"https:\/\/www.bagnoitalia.com\/es?s={search_term_string}"},"query-input":{"@type":"PropertyValueSpecification","valueRequired":true,"valueName":"search_term_string"}}],"inLanguage":"es"},{"@type":"Organization","@id":"https:\/\/www.bagnoitalia.com\/es#organization","name":"Bagno Italia","url":"https:\/\/www.bagnoitalia.com\/es","logo":{"@type":"ImageObject","inLanguage":"es","@id":"https:\/\/www.bagnoitalia.com\/es#\/schema\/logo\/image\/","url":"https:\/\/img.bagnoitalia.com\/wp-content\/uploads\/logo-bagnoitalia.webp","contentUrl":"https:\/\/img.bagnoitalia.com\/wp-content\/uploads\/logo-bagnoitalia.webp","width":400,"height":70,"caption":"Bagno Italia"},"image":{"@id":"https:\/\/www.bagnoitalia.com\/es#\/schema\/logo\/image\/"}}]}},"_links":{"self":[{"href":"https:\/\/www.bagnoitalia.com\/es\/wp-json\/wp\/v2\/product\/80100","targetHints":{"allow":["GET"]}}],"collection":[{"href":"https:\/\/www.bagnoitalia.com\/es\/wp-json\/wp\/v2\/product"}],"about":[{"href":"https:\/\/www.bagnoitalia.com\/es\/wp-json\/wp\/v2\/types\/product"}],"replies":[{"embeddable":true,"href":"https:\/\/www.bagnoitalia.com\/es\/wp-json\/wp\/v2\/comments?post=80100"}],"version-history":[{"count":0,"href":"https:\/\/www.bagnoitalia.com\/es\/wp-json\/wp\/v2\/product\/80100\/revisions"}],"wp:featuredmedia":[{"embeddable":true,"href":"https:\/\/www.bagnoitalia.com\/es\/wp-json\/wp\/v2\/media\/31866"}],"wp:attachment":[{"href":"https:\/\/www.bagnoitalia.com\/es\/wp-json\/wp\/v2\/media?parent=80100"}],"wp:term":[{"taxonomy":"product_brand","embeddable":true,"href":"https:\/\/www.bagnoitalia.com\/es\/wp-json\/wp\/v2\/product_brand?post=80100"},{"taxonomy":"product_cat","embeddable":true,"href":"https:\/\/www.bagnoitalia.com\/es\/wp-json\/wp\/v2\/product_cat?post=80100"},{"taxonomy":"product_tag","embeddable":true,"href":"https:\/\/www.bagnoitalia.com\/es\/wp-json\/wp\/v2\/product_tag?post=80100"}],"curies":[{"name":"wp","href":"https:\/\/api.w.org\/{rel}","templated":true}]}}