{"id":80072,"date":"2016-06-15T07:42:08","date_gmt":"2016-06-15T05:42:08","guid":{"rendered":"https:\/\/www.bagnoitalia.com\/product\/mueble-de-bano-rovere-cm-56-dos-puertas-en-el-suelo-con-base-de-lavabo-espejo-de-roble-blanco"},"modified":"2025-02-25T16:20:28","modified_gmt":"2025-02-25T15:20:28","slug":"mueble-de-bano-rovere-cm-56-dos-puertas-en-el-suelo-con-base-de-lavabo-espejo-de-roble-blanco","status":"publish","type":"product","link":"https:\/\/www.bagnoitalia.com\/es\/producto\/mueble-de-bano-rovere-cm-56-dos-puertas-en-el-suelo-con-base-de-lavabo-espejo-de-roble-blanco.html","title":{"rendered":"rovereto cm 56 mueble de ba\u00f1o blanco de dos puertas con patas, lavabo y espejo"},"content":{"rendered":"<p>&nbsp;<\/p>\n<p>El mueble de ba\u00f1o Rovereto (56&#215;44,5&#215;87) en melamina de 18 mm est\u00e1 compuesto por dos puertas con tiradores cromados y un lavabo de cer\u00e1mica. Su elegancia y discreci\u00f3n lo convierten en un mueble adecuado para quienes buscan un mueble discreto, funcional y est\u00e9ticamente agradable. Adem\u00e1s, la calidad de sus materiales lo convierte en una ganga.<\/p>\n<p>En el precio tambi\u00e9n se incluye el espejo de 48&#215;57.<\/p>\n<p>Tambi\u00e9n se puede a\u00f1adir al pedido un aplique LED a trav\u00e9s del men\u00fa lateral.<\/p>\n<p>Mueble de ba\u00f1o rovereto cm 56 con lavabo y espejo blanco<\/p>\n<p>Medidas cm 56x87h (Profundidad del mueble base s\u00f3lo 30,50 cm; Profundidad m\u00e1xima (con lavabo) 33 cm en los lados y 44,50 cm en el centro<br \/>\nColor blanco brillante<br \/>\nArmario en melamina de 18 mm compuesto de 2 puertas<br \/>\nLavabo de cer\u00e1mica<br \/>\nEspejo 48&#215;57 cm<\/p>\n<p>&nbsp;<\/p>\n<p>&nbsp;<\/p>\n<p>El mueble est\u00e1 en oferta y se vende s\u00f3lo completo<\/p>\n<p>&nbsp;<\/p>\n<p>Es posible a\u00f1adir el aplique led desde el men\u00fa lateral<\/p>\n<p>Mezclador NO incluido<\/p>\n<p>Materiales:<\/p>\n<p>Estructura de melamina<\/p>\n<p>Pies cromados<br \/>\nCorrederas met\u00e1licas<br \/>\nAsa cromada<\/p>\n<p>&nbsp;<\/p>\n","protected":false},"excerpt":{"rendered":"<p>Mueble de ba\u00f1o rovereto de 56 cm con dos puertas con patas que incluye lavabo y espejo<\/p>\n","protected":false},"featured_media":102984,"comment_status":"open","ping_status":"closed","template":"","meta":[],"product_brand":[9917],"product_cat":[9963,9717,9661],"product_tag":[],"class_list":{"0":"post-80072","1":"product","2":"type-product","3":"status-publish","4":"has-post-thumbnail","6":"product_brand-brand-store-es","7":"product_cat-showroom-es","8":"product_cat-mueble-de-bano-de-40-a-70-cm-muebles-modernos","9":"product_cat-muebles-de-bano-economicos","11":"first","12":"instock","13":"sale","14":"taxable","15":"shipping-taxable","16":"purchasable","17":"product-type-simple"},"exclude_global_add_ons":false,"addons":[{"name":"Aplique","type":"multiple_choice","position":1,"required":true,"title_format":"heading","default":"","description_enable":false,"description":"","placeholder_enable":false,"placeholder":"","display":"select","restrictions_type":"any_text","adjust_price":false,"price":"","price_type":"flat_fee","restrictions":false,"min":"0","max":"0","options":[{"label":"no","price":"","price_type":"quantity_based","image":0,"visibility":true},{"label":"Proyector Led Cromo","price":"20","price_type":"quantity_based","image":0,"visibility":true},{"label":"Foco Led Negro Mate","price":"25","price_type":"quantity_based","image":0,"visibility":true}],"id":1717773176}],"yoast_head":"<!-- This site is optimized with the Yoast SEO plugin v26.7 - https:\/\/yoast.com\/wordpress\/plugins\/seo\/ -->\n<title>Mueble de ba\u00f1o Rovere cm 56 dos puertas en el suelo con lavabo espejo blanco luz roble claro<\/title>\n<meta name=\"description\" content=\"Mueble de ba\u00f1o de roble de 56 cm en el suelo con dos puertas con z\u00f3calo, lavabo y espejo en blanco y roble claro.\" \/>\n<meta name=\"robots\" content=\"index, follow, max-snippet:-1, max-image-preview:large, max-video-preview:-1\" \/>\n<link rel=\"canonical\" href=\"https:\/\/www.bagnoitalia.com\/es\/producto\/mueble-de-bano-rovere-cm-56-dos-puertas-en-el-suelo-con-base-de-lavabo-espejo-de-roble-blanco.html\" \/>\n<meta property=\"og:locale\" content=\"es_ES\" \/>\n<meta property=\"og:type\" content=\"article\" \/>\n<meta property=\"og:title\" content=\"Mueble de ba\u00f1o Rovere cm 56 dos puertas en el suelo con lavabo espejo blanco luz roble claro\" \/>\n<meta property=\"og:description\" content=\"Mueble de ba\u00f1o de roble de 56 cm en el suelo con dos puertas con z\u00f3calo, lavabo y espejo en blanco y roble claro.\" \/>\n<meta property=\"og:url\" content=\"https:\/\/www.bagnoitalia.com\/es\/producto\/mueble-de-bano-rovere-cm-56-dos-puertas-en-el-suelo-con-base-de-lavabo-espejo-de-roble-blanco.html\" \/>\n<meta property=\"og:site_name\" content=\"Bagno Italia\" \/>\n<meta property=\"article:modified_time\" content=\"2025-02-25T15:20:28+00:00\" \/>\n<meta property=\"og:image\" content=\"https:\/\/img.bagnoitalia.com\/wp-content\/uploads\/1-206.webp\" \/>\n\t<meta property=\"og:image:width\" content=\"550\" \/>\n\t<meta property=\"og:image:height\" content=\"550\" \/>\n\t<meta property=\"og:image:type\" content=\"image\/webp\" \/>\n<meta name=\"twitter:card\" content=\"summary_large_image\" \/>\n<meta name=\"twitter:label1\" content=\"Tiempo de lectura\" \/>\n\t<meta name=\"twitter:data1\" content=\"1 minuto\" \/>\n<script type=\"application\/ld+json\" class=\"yoast-schema-graph\">{\"@context\":\"https:\/\/schema.org\",\"@graph\":[{\"@type\":\"WebPage\",\"@id\":\"https:\/\/www.bagnoitalia.com\/es\/producto\/mueble-de-bano-rovere-cm-56-dos-puertas-en-el-suelo-con-base-de-lavabo-espejo-de-roble-blanco.html\",\"url\":\"https:\/\/www.bagnoitalia.com\/es\/producto\/mueble-de-bano-rovere-cm-56-dos-puertas-en-el-suelo-con-base-de-lavabo-espejo-de-roble-blanco.html\",\"name\":\"Mueble de ba\u00f1o Rovere cm 56 dos puertas en el suelo con lavabo espejo blanco luz roble claro\",\"isPartOf\":{\"@id\":\"https:\/\/www.bagnoitalia.com\/es#website\"},\"primaryImageOfPage\":{\"@id\":\"https:\/\/www.bagnoitalia.com\/es\/producto\/mueble-de-bano-rovere-cm-56-dos-puertas-en-el-suelo-con-base-de-lavabo-espejo-de-roble-blanco.html#primaryimage\"},\"image\":{\"@id\":\"https:\/\/www.bagnoitalia.com\/es\/producto\/mueble-de-bano-rovere-cm-56-dos-puertas-en-el-suelo-con-base-de-lavabo-espejo-de-roble-blanco.html#primaryimage\"},\"thumbnailUrl\":\"https:\/\/img.bagnoitalia.com\/wp-content\/uploads\/1-206.webp\",\"datePublished\":\"2016-06-15T05:42:08+00:00\",\"dateModified\":\"2025-02-25T15:20:28+00:00\",\"description\":\"Mueble de ba\u00f1o de roble de 56 cm en el suelo con dos puertas con z\u00f3calo, lavabo y espejo en blanco y roble claro.\",\"breadcrumb\":{\"@id\":\"https:\/\/www.bagnoitalia.com\/es\/producto\/mueble-de-bano-rovere-cm-56-dos-puertas-en-el-suelo-con-base-de-lavabo-espejo-de-roble-blanco.html#breadcrumb\"},\"inLanguage\":\"es\",\"potentialAction\":[{\"@type\":\"ReadAction\",\"target\":[\"https:\/\/www.bagnoitalia.com\/es\/producto\/mueble-de-bano-rovere-cm-56-dos-puertas-en-el-suelo-con-base-de-lavabo-espejo-de-roble-blanco.html\"]}]},{\"@type\":\"ImageObject\",\"inLanguage\":\"es\",\"@id\":\"https:\/\/www.bagnoitalia.com\/es\/producto\/mueble-de-bano-rovere-cm-56-dos-puertas-en-el-suelo-con-base-de-lavabo-espejo-de-roble-blanco.html#primaryimage\",\"url\":\"https:\/\/img.bagnoitalia.com\/wp-content\/uploads\/1-206.webp\",\"contentUrl\":\"https:\/\/img.bagnoitalia.com\/wp-content\/uploads\/1-206.webp\",\"width\":550,\"height\":550},{\"@type\":\"BreadcrumbList\",\"@id\":\"https:\/\/www.bagnoitalia.com\/es\/producto\/mueble-de-bano-rovere-cm-56-dos-puertas-en-el-suelo-con-base-de-lavabo-espejo-de-roble-blanco.html#breadcrumb\",\"itemListElement\":[{\"@type\":\"ListItem\",\"position\":1,\"name\":\"Home\",\"item\":\"https:\/\/www.bagnoitalia.com\/es\"},{\"@type\":\"ListItem\",\"position\":2,\"name\":\"Productos\",\"item\":\"https:\/\/www.bagnoitalia.com\/es\/shop\"},{\"@type\":\"ListItem\",\"position\":3,\"name\":\"rovereto cm 56 mueble de ba\u00f1o blanco de dos puertas con patas, lavabo y espejo\"}]},{\"@type\":\"WebSite\",\"@id\":\"https:\/\/www.bagnoitalia.com\/es#website\",\"url\":\"https:\/\/www.bagnoitalia.com\/es\",\"name\":\"Bagno Italia\",\"description\":\"\",\"publisher\":{\"@id\":\"https:\/\/www.bagnoitalia.com\/es#organization\"},\"potentialAction\":[{\"@type\":\"SearchAction\",\"target\":{\"@type\":\"EntryPoint\",\"urlTemplate\":\"https:\/\/www.bagnoitalia.com\/es?s={search_term_string}\"},\"query-input\":{\"@type\":\"PropertyValueSpecification\",\"valueRequired\":true,\"valueName\":\"search_term_string\"}}],\"inLanguage\":\"es\"},{\"@type\":\"Organization\",\"@id\":\"https:\/\/www.bagnoitalia.com\/es#organization\",\"name\":\"Bagno Italia\",\"url\":\"https:\/\/www.bagnoitalia.com\/es\",\"logo\":{\"@type\":\"ImageObject\",\"inLanguage\":\"es\",\"@id\":\"https:\/\/www.bagnoitalia.com\/es#\/schema\/logo\/image\/\",\"url\":\"https:\/\/img.bagnoitalia.com\/wp-content\/uploads\/logo-bagnoitalia.webp\",\"contentUrl\":\"https:\/\/img.bagnoitalia.com\/wp-content\/uploads\/logo-bagnoitalia.webp\",\"width\":400,\"height\":70,\"caption\":\"Bagno Italia\"},\"image\":{\"@id\":\"https:\/\/www.bagnoitalia.com\/es#\/schema\/logo\/image\/\"}}]}<\/script>\n<!-- \/ Yoast SEO plugin. -->","yoast_head_json":{"title":"Mueble de ba\u00f1o Rovere cm 56 dos puertas en el suelo con lavabo espejo blanco luz roble claro","description":"Mueble de ba\u00f1o de roble de 56 cm en el suelo con dos puertas con z\u00f3calo, lavabo y espejo en blanco y roble claro.","robots":{"index":"index","follow":"follow","max-snippet":"max-snippet:-1","max-image-preview":"max-image-preview:large","max-video-preview":"max-video-preview:-1"},"canonical":"https:\/\/www.bagnoitalia.com\/es\/producto\/mueble-de-bano-rovere-cm-56-dos-puertas-en-el-suelo-con-base-de-lavabo-espejo-de-roble-blanco.html","og_locale":"es_ES","og_type":"article","og_title":"Mueble de ba\u00f1o Rovere cm 56 dos puertas en el suelo con lavabo espejo blanco luz roble claro","og_description":"Mueble de ba\u00f1o de roble de 56 cm en el suelo con dos puertas con z\u00f3calo, lavabo y espejo en blanco y roble claro.","og_url":"https:\/\/www.bagnoitalia.com\/es\/producto\/mueble-de-bano-rovere-cm-56-dos-puertas-en-el-suelo-con-base-de-lavabo-espejo-de-roble-blanco.html","og_site_name":"Bagno Italia","article_modified_time":"2025-02-25T15:20:28+00:00","og_image":[{"width":550,"height":550,"url":"https:\/\/img.bagnoitalia.com\/wp-content\/uploads\/1-206.webp","type":"image\/webp"}],"twitter_card":"summary_large_image","twitter_misc":{"Tiempo de lectura":"1 minuto"},"schema":{"@context":"https:\/\/schema.org","@graph":[{"@type":"WebPage","@id":"https:\/\/www.bagnoitalia.com\/es\/producto\/mueble-de-bano-rovere-cm-56-dos-puertas-en-el-suelo-con-base-de-lavabo-espejo-de-roble-blanco.html","url":"https:\/\/www.bagnoitalia.com\/es\/producto\/mueble-de-bano-rovere-cm-56-dos-puertas-en-el-suelo-con-base-de-lavabo-espejo-de-roble-blanco.html","name":"Mueble de ba\u00f1o Rovere cm 56 dos puertas en el suelo con lavabo espejo blanco luz roble claro","isPartOf":{"@id":"https:\/\/www.bagnoitalia.com\/es#website"},"primaryImageOfPage":{"@id":"https:\/\/www.bagnoitalia.com\/es\/producto\/mueble-de-bano-rovere-cm-56-dos-puertas-en-el-suelo-con-base-de-lavabo-espejo-de-roble-blanco.html#primaryimage"},"image":{"@id":"https:\/\/www.bagnoitalia.com\/es\/producto\/mueble-de-bano-rovere-cm-56-dos-puertas-en-el-suelo-con-base-de-lavabo-espejo-de-roble-blanco.html#primaryimage"},"thumbnailUrl":"https:\/\/img.bagnoitalia.com\/wp-content\/uploads\/1-206.webp","datePublished":"2016-06-15T05:42:08+00:00","dateModified":"2025-02-25T15:20:28+00:00","description":"Mueble de ba\u00f1o de roble de 56 cm en el suelo con dos puertas con z\u00f3calo, lavabo y espejo en blanco y roble claro.","breadcrumb":{"@id":"https:\/\/www.bagnoitalia.com\/es\/producto\/mueble-de-bano-rovere-cm-56-dos-puertas-en-el-suelo-con-base-de-lavabo-espejo-de-roble-blanco.html#breadcrumb"},"inLanguage":"es","potentialAction":[{"@type":"ReadAction","target":["https:\/\/www.bagnoitalia.com\/es\/producto\/mueble-de-bano-rovere-cm-56-dos-puertas-en-el-suelo-con-base-de-lavabo-espejo-de-roble-blanco.html"]}]},{"@type":"ImageObject","inLanguage":"es","@id":"https:\/\/www.bagnoitalia.com\/es\/producto\/mueble-de-bano-rovere-cm-56-dos-puertas-en-el-suelo-con-base-de-lavabo-espejo-de-roble-blanco.html#primaryimage","url":"https:\/\/img.bagnoitalia.com\/wp-content\/uploads\/1-206.webp","contentUrl":"https:\/\/img.bagnoitalia.com\/wp-content\/uploads\/1-206.webp","width":550,"height":550},{"@type":"BreadcrumbList","@id":"https:\/\/www.bagnoitalia.com\/es\/producto\/mueble-de-bano-rovere-cm-56-dos-puertas-en-el-suelo-con-base-de-lavabo-espejo-de-roble-blanco.html#breadcrumb","itemListElement":[{"@type":"ListItem","position":1,"name":"Home","item":"https:\/\/www.bagnoitalia.com\/es"},{"@type":"ListItem","position":2,"name":"Productos","item":"https:\/\/www.bagnoitalia.com\/es\/shop"},{"@type":"ListItem","position":3,"name":"rovereto cm 56 mueble de ba\u00f1o blanco de dos puertas con patas, lavabo y espejo"}]},{"@type":"WebSite","@id":"https:\/\/www.bagnoitalia.com\/es#website","url":"https:\/\/www.bagnoitalia.com\/es","name":"Bagno Italia","description":"","publisher":{"@id":"https:\/\/www.bagnoitalia.com\/es#organization"},"potentialAction":[{"@type":"SearchAction","target":{"@type":"EntryPoint","urlTemplate":"https:\/\/www.bagnoitalia.com\/es?s={search_term_string}"},"query-input":{"@type":"PropertyValueSpecification","valueRequired":true,"valueName":"search_term_string"}}],"inLanguage":"es"},{"@type":"Organization","@id":"https:\/\/www.bagnoitalia.com\/es#organization","name":"Bagno Italia","url":"https:\/\/www.bagnoitalia.com\/es","logo":{"@type":"ImageObject","inLanguage":"es","@id":"https:\/\/www.bagnoitalia.com\/es#\/schema\/logo\/image\/","url":"https:\/\/img.bagnoitalia.com\/wp-content\/uploads\/logo-bagnoitalia.webp","contentUrl":"https:\/\/img.bagnoitalia.com\/wp-content\/uploads\/logo-bagnoitalia.webp","width":400,"height":70,"caption":"Bagno Italia"},"image":{"@id":"https:\/\/www.bagnoitalia.com\/es#\/schema\/logo\/image\/"}}]}},"_links":{"self":[{"href":"https:\/\/www.bagnoitalia.com\/es\/wp-json\/wp\/v2\/product\/80072","targetHints":{"allow":["GET"]}}],"collection":[{"href":"https:\/\/www.bagnoitalia.com\/es\/wp-json\/wp\/v2\/product"}],"about":[{"href":"https:\/\/www.bagnoitalia.com\/es\/wp-json\/wp\/v2\/types\/product"}],"replies":[{"embeddable":true,"href":"https:\/\/www.bagnoitalia.com\/es\/wp-json\/wp\/v2\/comments?post=80072"}],"version-history":[{"count":2,"href":"https:\/\/www.bagnoitalia.com\/es\/wp-json\/wp\/v2\/product\/80072\/revisions"}],"predecessor-version":[{"id":103013,"href":"https:\/\/www.bagnoitalia.com\/es\/wp-json\/wp\/v2\/product\/80072\/revisions\/103013"}],"wp:featuredmedia":[{"embeddable":true,"href":"https:\/\/www.bagnoitalia.com\/es\/wp-json\/wp\/v2\/media\/102984"}],"wp:attachment":[{"href":"https:\/\/www.bagnoitalia.com\/es\/wp-json\/wp\/v2\/media?parent=80072"}],"wp:term":[{"taxonomy":"product_brand","embeddable":true,"href":"https:\/\/www.bagnoitalia.com\/es\/wp-json\/wp\/v2\/product_brand?post=80072"},{"taxonomy":"product_cat","embeddable":true,"href":"https:\/\/www.bagnoitalia.com\/es\/wp-json\/wp\/v2\/product_cat?post=80072"},{"taxonomy":"product_tag","embeddable":true,"href":"https:\/\/www.bagnoitalia.com\/es\/wp-json\/wp\/v2\/product_tag?post=80072"}],"curies":[{"name":"wp","href":"https:\/\/api.w.org\/{rel}","templated":true}]}}