{"id":80060,"date":"2016-05-31T09:35:10","date_gmt":"2016-05-31T07:35:10","guid":{"rendered":"https:\/\/www.bagnoitalia.com\/product\/aire-acondicionado-aire-acondicionado-ariston-monosplit-alys-25-35-50-mc8-y-aeres-70-mc8-inversores-dc-9000-12000-18000-24000-btu"},"modified":"2025-05-31T05:33:53","modified_gmt":"2025-05-31T03:33:53","slug":"aire-acondicionado-aire-acondicionado-ariston-monosplit-alys-25-35-50-mc8-y-aeres-70-mc8-inversores-dc-9000-12000-18000-24000-btu","status":"publish","type":"product","link":"https:\/\/www.bagnoitalia.com\/es\/producto\/aire-acondicionado-aire-acondicionado-ariston-monosplit-alys-25-35-50-mc8-y-aeres-70-mc8-inversores-dc-9000-12000-18000-24000-btu.html","title":{"rendered":"Aire Acondicionado climatizador Ariston monosplit ALYS 25 35 50 MC8 y AERES 70 MC8 inversores DC 9000 12000 18000 24000 BTU"},"content":{"rendered":"<p><span style=\"text-decoration: underline; font-size: 12pt;\"><strong>Aire acondicionado modelo ARYSON ALYS y AERES de 9000 a 24000 BTU<\/strong><\/span><\/p>\n<p style=\"margin-bottom: 0cm;\">Actualmente, el grado m\u00e1s alto de eficiencia energ\u00e9tica requerido por la legislaci\u00f3n y, por lo tanto, disponible es A +, pero Ariston anticipa los tiempos e inserta en su gama de productos la clase energ\u00e9tica A +++, que garantiza la mayor eficiencia y eficiencia para la m\u00e1xima satisfacci\u00f3n del cliente. Se incluye la funci\u00f3n Follow Me que permite, a trav\u00e9s del control remoto, que se convierte en un termostato gracias al sensor integrado, operar el aire acondicionado en relaci\u00f3n con la temperatura realmente detectada en el punto de la casa o habitaci\u00f3n donde se encuentra el control remoto. posicionado. El bienestar y la satisfacci\u00f3n del cliente son la base de la filosof\u00eda de Ariston. Por este motivo, se han introducido todas las innovaciones tecnol\u00f3gicas que garantizan un alto nivel de silencio durante el funcionamiento, casi como si el aire acondicionado estuviera apagado. Adem\u00e1s de cada una de las tres velocidades \u00abbase\u00bb, es decir, ALTA, MED y BAJA, el aire acondicionado tiene tres subniveles de velocidad adicionales que se configuran autom\u00e1ticamente, lo que, sumado a la velocidad de las funciones de deshumidificaci\u00f3n, es decir, turbo y silencio, permite que est\u00e9n disponibles en todos 12 velocidades diferentes, una caracter\u00edstica que puede satisfacer a cualquier tipo de cliente. Finalmente, tenemos la funci\u00f3n \u00abMemoria\u00bb que le permite configurar y almacenar la temperatura y la velocidad del ventilador (tambi\u00e9n la funci\u00f3n de Suspensi\u00f3n, si est\u00e1 activada) para garantizar una mayor comodidad en el pr\u00f3ximo encendido.<\/p>\n<\/p>\n<p><span style=\"text-decoration: underline; font-size: 12pt;\"><strong>EL PRECIO ANTERIOR INCLUYE:<\/strong><\/span><\/p>\n<ul>\n<li><span style=\"font-size: 10pt;\">AIRE ACONDICIONADO MODELO&nbsp;<span style=\"font-size: 10pt;\">ALYS 25<\/span> DE 9000 BTU<\/span><\/li>\n<li><span style=\"font-size: 10pt;\">UNIDADES EXTERNAS Y CONTROL REMOTO INCLUIDO EN EL PRECIO<\/span><\/li>\n<li><span style=\"font-size: 10pt;\">PARA OTROS MODELOS ES SUFICIENTE SELECCIONARLOS EN EL MEN\u00da \u00abTIPOLOG\u00cdA\u00bb DE LA DERECHA<\/span><\/li>\n<\/ul>\n<p style=\"text-align: justify;\"><img fetchpriority=\"high\" decoding=\"async\" class=\" size-full wp-image-31511\" src=\"https:\/\/img.bagnoitalia.com\/wp-content\/uploads\/1-3.jpg\" alt=\"\" width=\"625\" height=\"1021\" srcset=\"https:\/\/img.bagnoitalia.com\/wp-content\/uploads\/1-3.jpg 625w, https:\/\/img.bagnoitalia.com\/wp-content\/uploads\/1-3-441x720.jpg 441w, https:\/\/img.bagnoitalia.com\/wp-content\/uploads\/1-3-600x980.jpg 600w, https:\/\/img.bagnoitalia.com\/wp-content\/uploads\/1-3-150x245.jpg 150w\" sizes=\"(max-width: 625px) 100vw, 625px\" \/><\/p>\n<\/p>\n<p>_______________________________________________________________________________________________<\/p>\n<\/p>\n<p style=\"text-align: justify;\"><img decoding=\"async\" class=\" size-full wp-image-31515\" src=\"https:\/\/img.bagnoitalia.com\/wp-content\/uploads\/sche_ALY_123.jpg\" alt=\"\" width=\"609\" height=\"1024\" srcset=\"https:\/\/img.bagnoitalia.com\/wp-content\/uploads\/sche_ALY_123.jpg 609w, https:\/\/img.bagnoitalia.com\/wp-content\/uploads\/sche_ALY_123-441x742.jpg 441w, https:\/\/img.bagnoitalia.com\/wp-content\/uploads\/sche_ALY_123-600x1009.jpg 600w, https:\/\/img.bagnoitalia.com\/wp-content\/uploads\/sche_ALY_123-150x252.jpg 150w\" sizes=\"(max-width: 609px) 100vw, 609px\" \/><\/p>\n<\/p>\n<p>_____________________________________________________________________________________________<\/p>\n<\/p>\n<p><img decoding=\"async\" class=\" size-full wp-image-31519\" src=\"https:\/\/img.bagnoitalia.com\/wp-content\/uploads\/1-4.jpg\" alt=\"\" width=\"624\" height=\"1026\" srcset=\"https:\/\/img.bagnoitalia.com\/wp-content\/uploads\/1-4.jpg 624w, https:\/\/img.bagnoitalia.com\/wp-content\/uploads\/1-4-441x725.jpg 441w, https:\/\/img.bagnoitalia.com\/wp-content\/uploads\/1-4-600x987.jpg 600w, https:\/\/img.bagnoitalia.com\/wp-content\/uploads\/1-4-150x247.jpg 150w\" sizes=\"(max-width: 624px) 100vw, 624px\" \/><\/p>\n<\/p>\n<p>___________________________________________________________________________________________<\/p>\n<\/p>\n<p><img loading=\"lazy\" decoding=\"async\" class=\" size-full wp-image-31523\" src=\"https:\/\/img.bagnoitalia.com\/wp-content\/uploads\/1-2.jpg\" alt=\"\" width=\"610\" height=\"1024\" srcset=\"https:\/\/img.bagnoitalia.com\/wp-content\/uploads\/1-2.jpg 610w, https:\/\/img.bagnoitalia.com\/wp-content\/uploads\/1-2-441x740.jpg 441w, https:\/\/img.bagnoitalia.com\/wp-content\/uploads\/1-2-600x1007.jpg 600w, https:\/\/img.bagnoitalia.com\/wp-content\/uploads\/1-2-150x252.jpg 150w\" sizes=\"(max-width: 610px) 100vw, 610px\" \/><\/p>\n","protected":false},"excerpt":{"rendered":"<p>Aire Acondicionado climatizador Ariston monosplit ALYS 25 35 50 MC8 y AERES 70 MC8 inversores DC 9000 12000 18000 24000 BTU<\/p>\n","protected":false},"featured_media":31490,"comment_status":"open","ping_status":"closed","template":"","meta":[],"product_brand":[9881],"product_cat":[15,10117],"product_tag":[],"class_list":{"0":"post-80060","1":"product","2":"type-product","3":"status-publish","4":"has-post-thumbnail","6":"product_brand-vari-produttori-es","7":"product_cat-senza-categoria","8":"product_cat-senza-categoria-es","10":"first","11":"outofstock","12":"taxable","13":"shipping-taxable","14":"purchasable","15":"product-type-simple"},"exclude_global_add_ons":false,"addons":[{"name":"CAMPI_TIPOLOGIA\r\n","type":"select","position":0,"required":true,"title_format":"label","default":"","description_enable":false,"description":"","placeholder_enable":false,"placeholder":"","display":"select","restrictions_type":"any_text","adjust_price":false,"price":"","price_type":"","restrictions":false,"min":"0","max":"0","options":[]}],"yoast_head":"<!-- This site is optimized with the Yoast SEO plugin v26.7 - https:\/\/yoast.com\/wordpress\/plugins\/seo\/ -->\n<title>Aire Acondicionado climatizador Ariston monosplit ALYS 25 35 50 MC8 y AERES 70 MC8 inversores DC 9000 12000 18000 24000 BTU<\/title>\n<meta name=\"description\" content=\"Aire Acondicionado climatizador Ariston monosplit ALYS 25 35 50 MC8 y AERES 70 MC8 inversores DC 9000 12000 18000 24000 BTU\" \/>\n<meta name=\"robots\" content=\"index, follow, max-snippet:-1, max-image-preview:large, max-video-preview:-1\" \/>\n<link rel=\"canonical\" href=\"https:\/\/www.bagnoitalia.com\/es\/producto\/aire-acondicionado-aire-acondicionado-ariston-monosplit-alys-25-35-50-mc8-y-aeres-70-mc8-inversores-dc-9000-12000-18000-24000-btu.html\" \/>\n<meta property=\"og:locale\" content=\"es_ES\" \/>\n<meta property=\"og:type\" content=\"article\" \/>\n<meta property=\"og:title\" content=\"Aire Acondicionado climatizador Ariston monosplit ALYS 25 35 50 MC8 y AERES 70 MC8 inversores DC 9000 12000 18000 24000 BTU\" \/>\n<meta property=\"og:description\" content=\"Aire Acondicionado climatizador Ariston monosplit ALYS 25 35 50 MC8 y AERES 70 MC8 inversores DC 9000 12000 18000 24000 BTU\" \/>\n<meta property=\"og:url\" content=\"https:\/\/www.bagnoitalia.com\/es\/producto\/aire-acondicionado-aire-acondicionado-ariston-monosplit-alys-25-35-50-mc8-y-aeres-70-mc8-inversores-dc-9000-12000-18000-24000-btu.html\" \/>\n<meta property=\"og:site_name\" content=\"Bagno Italia\" \/>\n<meta property=\"article:modified_time\" content=\"2025-05-31T03:33:53+00:00\" \/>\n<meta property=\"og:image\" content=\"https:\/\/img.bagnoitalia.com\/wp-content\/uploads\/virtuemart\/product\/ariston-alys-air-conditioner-monosplit-12_1544623195_734.jpg\" \/>\n\t<meta property=\"og:image:width\" content=\"515\" \/>\n\t<meta property=\"og:image:height\" content=\"515\" \/>\n\t<meta property=\"og:image:type\" content=\"image\/jpeg\" \/>\n<meta name=\"twitter:card\" content=\"summary_large_image\" \/>\n<meta name=\"twitter:label1\" content=\"Tiempo de lectura\" \/>\n\t<meta name=\"twitter:data1\" content=\"2 minutos\" \/>\n<script type=\"application\/ld+json\" class=\"yoast-schema-graph\">{\"@context\":\"https:\/\/schema.org\",\"@graph\":[{\"@type\":\"WebPage\",\"@id\":\"https:\/\/www.bagnoitalia.com\/es\/producto\/aire-acondicionado-aire-acondicionado-ariston-monosplit-alys-25-35-50-mc8-y-aeres-70-mc8-inversores-dc-9000-12000-18000-24000-btu.html\",\"url\":\"https:\/\/www.bagnoitalia.com\/es\/producto\/aire-acondicionado-aire-acondicionado-ariston-monosplit-alys-25-35-50-mc8-y-aeres-70-mc8-inversores-dc-9000-12000-18000-24000-btu.html\",\"name\":\"Aire Acondicionado climatizador Ariston monosplit ALYS 25 35 50 MC8 y AERES 70 MC8 inversores DC 9000 12000 18000 24000 BTU\",\"isPartOf\":{\"@id\":\"https:\/\/www.bagnoitalia.com\/es#website\"},\"primaryImageOfPage\":{\"@id\":\"https:\/\/www.bagnoitalia.com\/es\/producto\/aire-acondicionado-aire-acondicionado-ariston-monosplit-alys-25-35-50-mc8-y-aeres-70-mc8-inversores-dc-9000-12000-18000-24000-btu.html#primaryimage\"},\"image\":{\"@id\":\"https:\/\/www.bagnoitalia.com\/es\/producto\/aire-acondicionado-aire-acondicionado-ariston-monosplit-alys-25-35-50-mc8-y-aeres-70-mc8-inversores-dc-9000-12000-18000-24000-btu.html#primaryimage\"},\"thumbnailUrl\":\"https:\/\/img.bagnoitalia.com\/wp-content\/uploads\/virtuemart\/product\/ariston-alys-air-conditioner-monosplit-12_1544623195_734.jpg\",\"datePublished\":\"2016-05-31T07:35:10+00:00\",\"dateModified\":\"2025-05-31T03:33:53+00:00\",\"description\":\"Aire Acondicionado climatizador Ariston monosplit ALYS 25 35 50 MC8 y AERES 70 MC8 inversores DC 9000 12000 18000 24000 BTU\",\"breadcrumb\":{\"@id\":\"https:\/\/www.bagnoitalia.com\/es\/producto\/aire-acondicionado-aire-acondicionado-ariston-monosplit-alys-25-35-50-mc8-y-aeres-70-mc8-inversores-dc-9000-12000-18000-24000-btu.html#breadcrumb\"},\"inLanguage\":\"es\",\"potentialAction\":[{\"@type\":\"ReadAction\",\"target\":[\"https:\/\/www.bagnoitalia.com\/es\/producto\/aire-acondicionado-aire-acondicionado-ariston-monosplit-alys-25-35-50-mc8-y-aeres-70-mc8-inversores-dc-9000-12000-18000-24000-btu.html\"]}]},{\"@type\":\"ImageObject\",\"inLanguage\":\"es\",\"@id\":\"https:\/\/www.bagnoitalia.com\/es\/producto\/aire-acondicionado-aire-acondicionado-ariston-monosplit-alys-25-35-50-mc8-y-aeres-70-mc8-inversores-dc-9000-12000-18000-24000-btu.html#primaryimage\",\"url\":\"https:\/\/img.bagnoitalia.com\/wp-content\/uploads\/virtuemart\/product\/ariston-alys-air-conditioner-monosplit-12_1544623195_734.jpg\",\"contentUrl\":\"https:\/\/img.bagnoitalia.com\/wp-content\/uploads\/virtuemart\/product\/ariston-alys-air-conditioner-monosplit-12_1544623195_734.jpg\",\"width\":515,\"height\":515},{\"@type\":\"BreadcrumbList\",\"@id\":\"https:\/\/www.bagnoitalia.com\/es\/producto\/aire-acondicionado-aire-acondicionado-ariston-monosplit-alys-25-35-50-mc8-y-aeres-70-mc8-inversores-dc-9000-12000-18000-24000-btu.html#breadcrumb\",\"itemListElement\":[{\"@type\":\"ListItem\",\"position\":1,\"name\":\"Home\",\"item\":\"https:\/\/www.bagnoitalia.com\/es\"},{\"@type\":\"ListItem\",\"position\":2,\"name\":\"Productos\",\"item\":\"https:\/\/www.bagnoitalia.com\/es\/shop\"},{\"@type\":\"ListItem\",\"position\":3,\"name\":\"Aire Acondicionado climatizador Ariston monosplit ALYS 25 35 50 MC8 y AERES 70 MC8 inversores DC 9000 12000 18000 24000 BTU\"}]},{\"@type\":\"WebSite\",\"@id\":\"https:\/\/www.bagnoitalia.com\/es#website\",\"url\":\"https:\/\/www.bagnoitalia.com\/es\",\"name\":\"Bagno Italia\",\"description\":\"\",\"publisher\":{\"@id\":\"https:\/\/www.bagnoitalia.com\/es#organization\"},\"potentialAction\":[{\"@type\":\"SearchAction\",\"target\":{\"@type\":\"EntryPoint\",\"urlTemplate\":\"https:\/\/www.bagnoitalia.com\/es?s={search_term_string}\"},\"query-input\":{\"@type\":\"PropertyValueSpecification\",\"valueRequired\":true,\"valueName\":\"search_term_string\"}}],\"inLanguage\":\"es\"},{\"@type\":\"Organization\",\"@id\":\"https:\/\/www.bagnoitalia.com\/es#organization\",\"name\":\"Bagno Italia\",\"url\":\"https:\/\/www.bagnoitalia.com\/es\",\"logo\":{\"@type\":\"ImageObject\",\"inLanguage\":\"es\",\"@id\":\"https:\/\/www.bagnoitalia.com\/es#\/schema\/logo\/image\/\",\"url\":\"https:\/\/img.bagnoitalia.com\/wp-content\/uploads\/logo-bagnoitalia.webp\",\"contentUrl\":\"https:\/\/img.bagnoitalia.com\/wp-content\/uploads\/logo-bagnoitalia.webp\",\"width\":400,\"height\":70,\"caption\":\"Bagno Italia\"},\"image\":{\"@id\":\"https:\/\/www.bagnoitalia.com\/es#\/schema\/logo\/image\/\"}}]}<\/script>\n<!-- \/ Yoast SEO plugin. -->","yoast_head_json":{"title":"Aire Acondicionado climatizador Ariston monosplit ALYS 25 35 50 MC8 y AERES 70 MC8 inversores DC 9000 12000 18000 24000 BTU","description":"Aire Acondicionado climatizador Ariston monosplit ALYS 25 35 50 MC8 y AERES 70 MC8 inversores DC 9000 12000 18000 24000 BTU","robots":{"index":"index","follow":"follow","max-snippet":"max-snippet:-1","max-image-preview":"max-image-preview:large","max-video-preview":"max-video-preview:-1"},"canonical":"https:\/\/www.bagnoitalia.com\/es\/producto\/aire-acondicionado-aire-acondicionado-ariston-monosplit-alys-25-35-50-mc8-y-aeres-70-mc8-inversores-dc-9000-12000-18000-24000-btu.html","og_locale":"es_ES","og_type":"article","og_title":"Aire Acondicionado climatizador Ariston monosplit ALYS 25 35 50 MC8 y AERES 70 MC8 inversores DC 9000 12000 18000 24000 BTU","og_description":"Aire Acondicionado climatizador Ariston monosplit ALYS 25 35 50 MC8 y AERES 70 MC8 inversores DC 9000 12000 18000 24000 BTU","og_url":"https:\/\/www.bagnoitalia.com\/es\/producto\/aire-acondicionado-aire-acondicionado-ariston-monosplit-alys-25-35-50-mc8-y-aeres-70-mc8-inversores-dc-9000-12000-18000-24000-btu.html","og_site_name":"Bagno Italia","article_modified_time":"2025-05-31T03:33:53+00:00","og_image":[{"width":515,"height":515,"url":"https:\/\/img.bagnoitalia.com\/wp-content\/uploads\/virtuemart\/product\/ariston-alys-air-conditioner-monosplit-12_1544623195_734.jpg","type":"image\/jpeg"}],"twitter_card":"summary_large_image","twitter_misc":{"Tiempo de lectura":"2 minutos"},"schema":{"@context":"https:\/\/schema.org","@graph":[{"@type":"WebPage","@id":"https:\/\/www.bagnoitalia.com\/es\/producto\/aire-acondicionado-aire-acondicionado-ariston-monosplit-alys-25-35-50-mc8-y-aeres-70-mc8-inversores-dc-9000-12000-18000-24000-btu.html","url":"https:\/\/www.bagnoitalia.com\/es\/producto\/aire-acondicionado-aire-acondicionado-ariston-monosplit-alys-25-35-50-mc8-y-aeres-70-mc8-inversores-dc-9000-12000-18000-24000-btu.html","name":"Aire Acondicionado climatizador Ariston monosplit ALYS 25 35 50 MC8 y AERES 70 MC8 inversores DC 9000 12000 18000 24000 BTU","isPartOf":{"@id":"https:\/\/www.bagnoitalia.com\/es#website"},"primaryImageOfPage":{"@id":"https:\/\/www.bagnoitalia.com\/es\/producto\/aire-acondicionado-aire-acondicionado-ariston-monosplit-alys-25-35-50-mc8-y-aeres-70-mc8-inversores-dc-9000-12000-18000-24000-btu.html#primaryimage"},"image":{"@id":"https:\/\/www.bagnoitalia.com\/es\/producto\/aire-acondicionado-aire-acondicionado-ariston-monosplit-alys-25-35-50-mc8-y-aeres-70-mc8-inversores-dc-9000-12000-18000-24000-btu.html#primaryimage"},"thumbnailUrl":"https:\/\/img.bagnoitalia.com\/wp-content\/uploads\/virtuemart\/product\/ariston-alys-air-conditioner-monosplit-12_1544623195_734.jpg","datePublished":"2016-05-31T07:35:10+00:00","dateModified":"2025-05-31T03:33:53+00:00","description":"Aire Acondicionado climatizador Ariston monosplit ALYS 25 35 50 MC8 y AERES 70 MC8 inversores DC 9000 12000 18000 24000 BTU","breadcrumb":{"@id":"https:\/\/www.bagnoitalia.com\/es\/producto\/aire-acondicionado-aire-acondicionado-ariston-monosplit-alys-25-35-50-mc8-y-aeres-70-mc8-inversores-dc-9000-12000-18000-24000-btu.html#breadcrumb"},"inLanguage":"es","potentialAction":[{"@type":"ReadAction","target":["https:\/\/www.bagnoitalia.com\/es\/producto\/aire-acondicionado-aire-acondicionado-ariston-monosplit-alys-25-35-50-mc8-y-aeres-70-mc8-inversores-dc-9000-12000-18000-24000-btu.html"]}]},{"@type":"ImageObject","inLanguage":"es","@id":"https:\/\/www.bagnoitalia.com\/es\/producto\/aire-acondicionado-aire-acondicionado-ariston-monosplit-alys-25-35-50-mc8-y-aeres-70-mc8-inversores-dc-9000-12000-18000-24000-btu.html#primaryimage","url":"https:\/\/img.bagnoitalia.com\/wp-content\/uploads\/virtuemart\/product\/ariston-alys-air-conditioner-monosplit-12_1544623195_734.jpg","contentUrl":"https:\/\/img.bagnoitalia.com\/wp-content\/uploads\/virtuemart\/product\/ariston-alys-air-conditioner-monosplit-12_1544623195_734.jpg","width":515,"height":515},{"@type":"BreadcrumbList","@id":"https:\/\/www.bagnoitalia.com\/es\/producto\/aire-acondicionado-aire-acondicionado-ariston-monosplit-alys-25-35-50-mc8-y-aeres-70-mc8-inversores-dc-9000-12000-18000-24000-btu.html#breadcrumb","itemListElement":[{"@type":"ListItem","position":1,"name":"Home","item":"https:\/\/www.bagnoitalia.com\/es"},{"@type":"ListItem","position":2,"name":"Productos","item":"https:\/\/www.bagnoitalia.com\/es\/shop"},{"@type":"ListItem","position":3,"name":"Aire Acondicionado climatizador Ariston monosplit ALYS 25 35 50 MC8 y AERES 70 MC8 inversores DC 9000 12000 18000 24000 BTU"}]},{"@type":"WebSite","@id":"https:\/\/www.bagnoitalia.com\/es#website","url":"https:\/\/www.bagnoitalia.com\/es","name":"Bagno Italia","description":"","publisher":{"@id":"https:\/\/www.bagnoitalia.com\/es#organization"},"potentialAction":[{"@type":"SearchAction","target":{"@type":"EntryPoint","urlTemplate":"https:\/\/www.bagnoitalia.com\/es?s={search_term_string}"},"query-input":{"@type":"PropertyValueSpecification","valueRequired":true,"valueName":"search_term_string"}}],"inLanguage":"es"},{"@type":"Organization","@id":"https:\/\/www.bagnoitalia.com\/es#organization","name":"Bagno Italia","url":"https:\/\/www.bagnoitalia.com\/es","logo":{"@type":"ImageObject","inLanguage":"es","@id":"https:\/\/www.bagnoitalia.com\/es#\/schema\/logo\/image\/","url":"https:\/\/img.bagnoitalia.com\/wp-content\/uploads\/logo-bagnoitalia.webp","contentUrl":"https:\/\/img.bagnoitalia.com\/wp-content\/uploads\/logo-bagnoitalia.webp","width":400,"height":70,"caption":"Bagno Italia"},"image":{"@id":"https:\/\/www.bagnoitalia.com\/es#\/schema\/logo\/image\/"}}]}},"_links":{"self":[{"href":"https:\/\/www.bagnoitalia.com\/es\/wp-json\/wp\/v2\/product\/80060","targetHints":{"allow":["GET"]}}],"collection":[{"href":"https:\/\/www.bagnoitalia.com\/es\/wp-json\/wp\/v2\/product"}],"about":[{"href":"https:\/\/www.bagnoitalia.com\/es\/wp-json\/wp\/v2\/types\/product"}],"replies":[{"embeddable":true,"href":"https:\/\/www.bagnoitalia.com\/es\/wp-json\/wp\/v2\/comments?post=80060"}],"version-history":[{"count":0,"href":"https:\/\/www.bagnoitalia.com\/es\/wp-json\/wp\/v2\/product\/80060\/revisions"}],"wp:featuredmedia":[{"embeddable":true,"href":"https:\/\/www.bagnoitalia.com\/es\/wp-json\/wp\/v2\/media\/31490"}],"wp:attachment":[{"href":"https:\/\/www.bagnoitalia.com\/es\/wp-json\/wp\/v2\/media?parent=80060"}],"wp:term":[{"taxonomy":"product_brand","embeddable":true,"href":"https:\/\/www.bagnoitalia.com\/es\/wp-json\/wp\/v2\/product_brand?post=80060"},{"taxonomy":"product_cat","embeddable":true,"href":"https:\/\/www.bagnoitalia.com\/es\/wp-json\/wp\/v2\/product_cat?post=80060"},{"taxonomy":"product_tag","embeddable":true,"href":"https:\/\/www.bagnoitalia.com\/es\/wp-json\/wp\/v2\/product_tag?post=80060"}],"curies":[{"name":"wp","href":"https:\/\/api.w.org\/{rel}","templated":true}]}}