{"id":80044,"date":"2016-05-16T16:07:29","date_gmt":"2016-05-16T14:07:29","guid":{"rendered":"https:\/\/www.bagnoitalia.com\/product\/cabina-de-hidromasaje-90x90-6-jets-radio-fm-de-hidromasaje-con-sifon-electrico-cb043"},"modified":"2026-01-20T15:30:38","modified_gmt":"2026-01-20T14:30:38","slug":"cabina-de-hidromasaje-90x90-6-jets-radio-fm-de-hidromasaje-con-sifon-electrico-cb043","status":"publish","type":"product","link":"https:\/\/www.bagnoitalia.com\/es\/producto\/cabina-de-hidromasaje-90x90-6-jets-radio-fm-de-hidromasaje-con-sifon-electrico-cb043.html","title":{"rendered":"Cabina de Hidromasaje 90&#215;90, con 6 chorros, Radio FM, con Sif\u00f3n y Calefacci\u00f3n CB043"},"content":{"rendered":"<p><strong><span style=\"color: #ff0000;\">ATENCI\u00d3N<\/span> DISPONIBLE SOLAMENTE EN LA VERSI\u00d3N BLANCA<\/strong><\/p>\n<p><span style=\"font-size: 12pt;\"><strong><span style=\"text-decoration: underline;\">Cabina de ducha de hidromasaje 90x90x215h con 6 chorros de agua<\/span><\/strong><\/span><\/p>\n<p>La parte restauradora est\u00e1 disponible con cristales negros o blancos.<\/p>\n<ul>\n<li><span style=\"font-size: 10pt;\"><strong><span style=\"font-weight: normal;\">Medidas cm 90x90x215.<br \/>\n<\/span><\/strong><\/span><\/li>\n<li><span style=\"font-size: 10pt;\"><strong><span style=\"font-weight: normal;\">Vidrio templado de 5mm<br \/>\n<\/span><\/strong><\/span><\/li>\n<li><span style=\"font-size: 10pt;\"><strong><span style=\"font-weight: normal;\">Ba\u00f1era de hidromasaje en acr\u00edlico antideslizante con marco reforzado.<br \/>\n<\/span><\/strong><\/span><\/li>\n<li><span style=\"font-size: 10pt;\"><strong><span style=\"font-weight: normal;\">Cierre de doble rodillo<br \/>\n<\/span><\/strong><\/span><\/li>\n<li><span style=\"font-size: 10pt;\"><strong><span style=\"font-weight: normal;\">Estructura de aluminio<br \/>\n<\/span><\/strong><\/span><\/li>\n<li><span style=\"font-size: 10pt;\"><strong><span style=\"font-weight: normal;\">Cierre magnetico<br \/>\n<\/span><\/strong><\/span><\/li>\n<li><span style=\"font-size: 10pt;\"><strong><span style=\"font-weight: normal;\">6 chorros de agua<br \/>\n<\/span><\/strong><\/span><\/li>\n<li><span style=\"font-size: 10pt;\"><strong><span style=\"font-weight: normal;\">Estante de vidrio<br \/>\n<\/span><\/strong><\/span><\/li>\n<li><span style=\"font-size: 10pt;\"><strong><span style=\"font-weight: normal;\">Radio FM<br \/>\n<\/span><\/strong><\/span><\/li>\n<li><span style=\"font-size: 10pt;\"><strong><span style=\"font-weight: normal;\">Ventilador de ventilaci\u00f3n<br \/>\n<\/span><\/strong><\/span><\/li>\n<li><span style=\"font-size: 10pt;\"><strong><span style=\"font-weight: normal;\">Panel central en pvc<br \/>\n<\/span><\/strong><\/span><\/li>\n<li><span style=\"font-size: 10pt;\"><strong><span style=\"font-weight: normal;\">Ducha de mano con cierre extra\u00edble.<br \/>\n<\/span><\/strong><\/span><\/li>\n<li><span style=\"font-size: 10pt;\"><strong><span style=\"font-weight: normal;\">Cabezal de ducha central ajustable<br \/>\n<\/span><\/strong><\/span><\/li>\n<li><span style=\"font-size: 10pt;\"><strong><span style=\"font-weight: normal;\">Plato de ducha \u00edntegramente en acr\u00edlico antideslizante.<br \/>\n<\/span><\/strong><\/span><\/li>\n<li><span style=\"font-size: 10pt;\"><strong><span style=\"font-weight: normal;\">Sif\u00f3n electrocalentador<\/span><\/strong><\/span><\/li>\n<\/ul>\n","protected":false},"excerpt":{"rendered":"<p>Cabina de hidromasaje, medidas 90x90x215h, con 6 chorros de hidromasaje, radio FM con sif\u00f3n electro-calentado el\u00e9ctricamente.<\/p>\n","protected":false},"featured_media":115839,"comment_status":"open","ping_status":"closed","template":"","meta":[],"product_brand":[9944],"product_cat":[9737],"product_tag":[],"class_list":{"0":"post-80044","1":"product","2":"type-product","3":"status-publish","4":"has-post-thumbnail","6":"product_brand-sanotechnik-italia-es","7":"product_cat-cabina-de-hidromasaje","9":"first","10":"instock","11":"sale","12":"taxable","13":"shipping-taxable","14":"purchasable","15":"product-type-simple"},"exclude_global_add_ons":[],"addons":[],"yoast_head":"<!-- This site is optimized with the Yoast SEO plugin v26.7 - https:\/\/yoast.com\/wordpress\/plugins\/seo\/ -->\n<title>Cabina de hidromasaje 90x90 6 jets Radio FM de hidromasaje con sif\u00f3n calentado el\u00e9ctricamente<\/title>\n<meta name=\"description\" content=\"Cabina de hidromasaje de 90x90x210h con 6 chorros de hidromasaje, radio FM con sif\u00f3n calentado el\u00e9ctricamente.\" \/>\n<meta name=\"robots\" content=\"index, follow, max-snippet:-1, max-image-preview:large, max-video-preview:-1\" \/>\n<link rel=\"canonical\" href=\"https:\/\/www.bagnoitalia.com\/es\/producto\/cabina-de-hidromasaje-90x90-6-jets-radio-fm-de-hidromasaje-con-sifon-electrico-cb043.html\" \/>\n<meta property=\"og:locale\" content=\"es_ES\" \/>\n<meta property=\"og:type\" content=\"article\" \/>\n<meta property=\"og:title\" content=\"Cabina de hidromasaje 90x90 6 jets Radio FM de hidromasaje con sif\u00f3n calentado el\u00e9ctricamente\" \/>\n<meta property=\"og:description\" content=\"Cabina de hidromasaje de 90x90x210h con 6 chorros de hidromasaje, radio FM con sif\u00f3n calentado el\u00e9ctricamente.\" \/>\n<meta property=\"og:url\" content=\"https:\/\/www.bagnoitalia.com\/es\/producto\/cabina-de-hidromasaje-90x90-6-jets-radio-fm-de-hidromasaje-con-sifon-electrico-cb043.html\" \/>\n<meta property=\"og:site_name\" content=\"Bagno Italia\" \/>\n<meta property=\"article:modified_time\" content=\"2026-01-20T14:30:38+00:00\" \/>\n<meta property=\"og:image\" content=\"https:\/\/img.bagnoitalia.com\/wp-content\/uploads\/virtuemart\/product\/shower-cabin-radio-CB043-2_1542103692_766.jpg\" \/>\n\t<meta property=\"og:image:width\" content=\"800\" \/>\n\t<meta property=\"og:image:height\" content=\"800\" \/>\n\t<meta property=\"og:image:type\" content=\"image\/jpeg\" \/>\n<meta name=\"twitter:card\" content=\"summary_large_image\" \/>\n<meta name=\"twitter:label1\" content=\"Tiempo de lectura\" \/>\n\t<meta name=\"twitter:data1\" content=\"1 minuto\" \/>\n<script type=\"application\/ld+json\" class=\"yoast-schema-graph\">{\"@context\":\"https:\/\/schema.org\",\"@graph\":[{\"@type\":\"WebPage\",\"@id\":\"https:\/\/www.bagnoitalia.com\/es\/producto\/cabina-de-hidromasaje-90x90-6-jets-radio-fm-de-hidromasaje-con-sifon-electrico-cb043.html\",\"url\":\"https:\/\/www.bagnoitalia.com\/es\/producto\/cabina-de-hidromasaje-90x90-6-jets-radio-fm-de-hidromasaje-con-sifon-electrico-cb043.html\",\"name\":\"Cabina de hidromasaje 90x90 6 jets Radio FM de hidromasaje con sif\u00f3n calentado el\u00e9ctricamente\",\"isPartOf\":{\"@id\":\"https:\/\/www.bagnoitalia.com\/es#website\"},\"primaryImageOfPage\":{\"@id\":\"https:\/\/www.bagnoitalia.com\/es\/producto\/cabina-de-hidromasaje-90x90-6-jets-radio-fm-de-hidromasaje-con-sifon-electrico-cb043.html#primaryimage\"},\"image\":{\"@id\":\"https:\/\/www.bagnoitalia.com\/es\/producto\/cabina-de-hidromasaje-90x90-6-jets-radio-fm-de-hidromasaje-con-sifon-electrico-cb043.html#primaryimage\"},\"thumbnailUrl\":\"https:\/\/img.bagnoitalia.com\/wp-content\/uploads\/cabina-idromassaggio-90x90-cb043.jpg\",\"datePublished\":\"2016-05-16T14:07:29+00:00\",\"dateModified\":\"2026-01-20T14:30:38+00:00\",\"description\":\"Cabina de hidromasaje de 90x90x210h con 6 chorros de hidromasaje, radio FM con sif\u00f3n calentado el\u00e9ctricamente.\",\"breadcrumb\":{\"@id\":\"https:\/\/www.bagnoitalia.com\/es\/producto\/cabina-de-hidromasaje-90x90-6-jets-radio-fm-de-hidromasaje-con-sifon-electrico-cb043.html#breadcrumb\"},\"inLanguage\":\"es\",\"potentialAction\":[{\"@type\":\"ReadAction\",\"target\":[\"https:\/\/www.bagnoitalia.com\/es\/producto\/cabina-de-hidromasaje-90x90-6-jets-radio-fm-de-hidromasaje-con-sifon-electrico-cb043.html\"]}]},{\"@type\":\"ImageObject\",\"inLanguage\":\"es\",\"@id\":\"https:\/\/www.bagnoitalia.com\/es\/producto\/cabina-de-hidromasaje-90x90-6-jets-radio-fm-de-hidromasaje-con-sifon-electrico-cb043.html#primaryimage\",\"url\":\"https:\/\/img.bagnoitalia.com\/wp-content\/uploads\/cabina-idromassaggio-90x90-cb043.jpg\",\"contentUrl\":\"https:\/\/img.bagnoitalia.com\/wp-content\/uploads\/cabina-idromassaggio-90x90-cb043.jpg\",\"width\":1000,\"height\":1000},{\"@type\":\"BreadcrumbList\",\"@id\":\"https:\/\/www.bagnoitalia.com\/es\/producto\/cabina-de-hidromasaje-90x90-6-jets-radio-fm-de-hidromasaje-con-sifon-electrico-cb043.html#breadcrumb\",\"itemListElement\":[{\"@type\":\"ListItem\",\"position\":1,\"name\":\"Home\",\"item\":\"https:\/\/www.bagnoitalia.com\/es\"},{\"@type\":\"ListItem\",\"position\":2,\"name\":\"Productos\",\"item\":\"https:\/\/www.bagnoitalia.com\/es\/shop\"},{\"@type\":\"ListItem\",\"position\":3,\"name\":\"Cabina de Hidromasaje 90&#215;90, con 6 chorros, Radio FM, con Sif\u00f3n y Calefacci\u00f3n CB043\"}]},{\"@type\":\"WebSite\",\"@id\":\"https:\/\/www.bagnoitalia.com\/es#website\",\"url\":\"https:\/\/www.bagnoitalia.com\/es\",\"name\":\"Bagno Italia\",\"description\":\"\",\"publisher\":{\"@id\":\"https:\/\/www.bagnoitalia.com\/es#organization\"},\"potentialAction\":[{\"@type\":\"SearchAction\",\"target\":{\"@type\":\"EntryPoint\",\"urlTemplate\":\"https:\/\/www.bagnoitalia.com\/es?s={search_term_string}\"},\"query-input\":{\"@type\":\"PropertyValueSpecification\",\"valueRequired\":true,\"valueName\":\"search_term_string\"}}],\"inLanguage\":\"es\"},{\"@type\":\"Organization\",\"@id\":\"https:\/\/www.bagnoitalia.com\/es#organization\",\"name\":\"Bagno Italia\",\"url\":\"https:\/\/www.bagnoitalia.com\/es\",\"logo\":{\"@type\":\"ImageObject\",\"inLanguage\":\"es\",\"@id\":\"https:\/\/www.bagnoitalia.com\/es#\/schema\/logo\/image\/\",\"url\":\"https:\/\/img.bagnoitalia.com\/wp-content\/uploads\/logo-bagnoitalia.webp\",\"contentUrl\":\"https:\/\/img.bagnoitalia.com\/wp-content\/uploads\/logo-bagnoitalia.webp\",\"width\":400,\"height\":70,\"caption\":\"Bagno Italia\"},\"image\":{\"@id\":\"https:\/\/www.bagnoitalia.com\/es#\/schema\/logo\/image\/\"}}]}<\/script>\n<!-- \/ Yoast SEO plugin. -->","yoast_head_json":{"title":"Cabina de hidromasaje 90x90 6 jets Radio FM de hidromasaje con sif\u00f3n calentado el\u00e9ctricamente","description":"Cabina de hidromasaje de 90x90x210h con 6 chorros de hidromasaje, radio FM con sif\u00f3n calentado el\u00e9ctricamente.","robots":{"index":"index","follow":"follow","max-snippet":"max-snippet:-1","max-image-preview":"max-image-preview:large","max-video-preview":"max-video-preview:-1"},"canonical":"https:\/\/www.bagnoitalia.com\/es\/producto\/cabina-de-hidromasaje-90x90-6-jets-radio-fm-de-hidromasaje-con-sifon-electrico-cb043.html","og_locale":"es_ES","og_type":"article","og_title":"Cabina de hidromasaje 90x90 6 jets Radio FM de hidromasaje con sif\u00f3n calentado el\u00e9ctricamente","og_description":"Cabina de hidromasaje de 90x90x210h con 6 chorros de hidromasaje, radio FM con sif\u00f3n calentado el\u00e9ctricamente.","og_url":"https:\/\/www.bagnoitalia.com\/es\/producto\/cabina-de-hidromasaje-90x90-6-jets-radio-fm-de-hidromasaje-con-sifon-electrico-cb043.html","og_site_name":"Bagno Italia","article_modified_time":"2026-01-20T14:30:38+00:00","og_image":[{"width":800,"height":800,"url":"https:\/\/img.bagnoitalia.com\/wp-content\/uploads\/virtuemart\/product\/shower-cabin-radio-CB043-2_1542103692_766.jpg","type":"image\/jpeg"}],"twitter_card":"summary_large_image","twitter_misc":{"Tiempo de lectura":"1 minuto"},"schema":{"@context":"https:\/\/schema.org","@graph":[{"@type":"WebPage","@id":"https:\/\/www.bagnoitalia.com\/es\/producto\/cabina-de-hidromasaje-90x90-6-jets-radio-fm-de-hidromasaje-con-sifon-electrico-cb043.html","url":"https:\/\/www.bagnoitalia.com\/es\/producto\/cabina-de-hidromasaje-90x90-6-jets-radio-fm-de-hidromasaje-con-sifon-electrico-cb043.html","name":"Cabina de hidromasaje 90x90 6 jets Radio FM de hidromasaje con sif\u00f3n calentado el\u00e9ctricamente","isPartOf":{"@id":"https:\/\/www.bagnoitalia.com\/es#website"},"primaryImageOfPage":{"@id":"https:\/\/www.bagnoitalia.com\/es\/producto\/cabina-de-hidromasaje-90x90-6-jets-radio-fm-de-hidromasaje-con-sifon-electrico-cb043.html#primaryimage"},"image":{"@id":"https:\/\/www.bagnoitalia.com\/es\/producto\/cabina-de-hidromasaje-90x90-6-jets-radio-fm-de-hidromasaje-con-sifon-electrico-cb043.html#primaryimage"},"thumbnailUrl":"https:\/\/img.bagnoitalia.com\/wp-content\/uploads\/cabina-idromassaggio-90x90-cb043.jpg","datePublished":"2016-05-16T14:07:29+00:00","dateModified":"2026-01-20T14:30:38+00:00","description":"Cabina de hidromasaje de 90x90x210h con 6 chorros de hidromasaje, radio FM con sif\u00f3n calentado el\u00e9ctricamente.","breadcrumb":{"@id":"https:\/\/www.bagnoitalia.com\/es\/producto\/cabina-de-hidromasaje-90x90-6-jets-radio-fm-de-hidromasaje-con-sifon-electrico-cb043.html#breadcrumb"},"inLanguage":"es","potentialAction":[{"@type":"ReadAction","target":["https:\/\/www.bagnoitalia.com\/es\/producto\/cabina-de-hidromasaje-90x90-6-jets-radio-fm-de-hidromasaje-con-sifon-electrico-cb043.html"]}]},{"@type":"ImageObject","inLanguage":"es","@id":"https:\/\/www.bagnoitalia.com\/es\/producto\/cabina-de-hidromasaje-90x90-6-jets-radio-fm-de-hidromasaje-con-sifon-electrico-cb043.html#primaryimage","url":"https:\/\/img.bagnoitalia.com\/wp-content\/uploads\/cabina-idromassaggio-90x90-cb043.jpg","contentUrl":"https:\/\/img.bagnoitalia.com\/wp-content\/uploads\/cabina-idromassaggio-90x90-cb043.jpg","width":1000,"height":1000},{"@type":"BreadcrumbList","@id":"https:\/\/www.bagnoitalia.com\/es\/producto\/cabina-de-hidromasaje-90x90-6-jets-radio-fm-de-hidromasaje-con-sifon-electrico-cb043.html#breadcrumb","itemListElement":[{"@type":"ListItem","position":1,"name":"Home","item":"https:\/\/www.bagnoitalia.com\/es"},{"@type":"ListItem","position":2,"name":"Productos","item":"https:\/\/www.bagnoitalia.com\/es\/shop"},{"@type":"ListItem","position":3,"name":"Cabina de Hidromasaje 90&#215;90, con 6 chorros, Radio FM, con Sif\u00f3n y Calefacci\u00f3n CB043"}]},{"@type":"WebSite","@id":"https:\/\/www.bagnoitalia.com\/es#website","url":"https:\/\/www.bagnoitalia.com\/es","name":"Bagno Italia","description":"","publisher":{"@id":"https:\/\/www.bagnoitalia.com\/es#organization"},"potentialAction":[{"@type":"SearchAction","target":{"@type":"EntryPoint","urlTemplate":"https:\/\/www.bagnoitalia.com\/es?s={search_term_string}"},"query-input":{"@type":"PropertyValueSpecification","valueRequired":true,"valueName":"search_term_string"}}],"inLanguage":"es"},{"@type":"Organization","@id":"https:\/\/www.bagnoitalia.com\/es#organization","name":"Bagno Italia","url":"https:\/\/www.bagnoitalia.com\/es","logo":{"@type":"ImageObject","inLanguage":"es","@id":"https:\/\/www.bagnoitalia.com\/es#\/schema\/logo\/image\/","url":"https:\/\/img.bagnoitalia.com\/wp-content\/uploads\/logo-bagnoitalia.webp","contentUrl":"https:\/\/img.bagnoitalia.com\/wp-content\/uploads\/logo-bagnoitalia.webp","width":400,"height":70,"caption":"Bagno Italia"},"image":{"@id":"https:\/\/www.bagnoitalia.com\/es#\/schema\/logo\/image\/"}}]}},"_links":{"self":[{"href":"https:\/\/www.bagnoitalia.com\/es\/wp-json\/wp\/v2\/product\/80044","targetHints":{"allow":["GET"]}}],"collection":[{"href":"https:\/\/www.bagnoitalia.com\/es\/wp-json\/wp\/v2\/product"}],"about":[{"href":"https:\/\/www.bagnoitalia.com\/es\/wp-json\/wp\/v2\/types\/product"}],"replies":[{"embeddable":true,"href":"https:\/\/www.bagnoitalia.com\/es\/wp-json\/wp\/v2\/comments?post=80044"}],"version-history":[{"count":3,"href":"https:\/\/www.bagnoitalia.com\/es\/wp-json\/wp\/v2\/product\/80044\/revisions"}],"predecessor-version":[{"id":115830,"href":"https:\/\/www.bagnoitalia.com\/es\/wp-json\/wp\/v2\/product\/80044\/revisions\/115830"}],"wp:featuredmedia":[{"embeddable":true,"href":"https:\/\/www.bagnoitalia.com\/es\/wp-json\/wp\/v2\/media\/115839"}],"wp:attachment":[{"href":"https:\/\/www.bagnoitalia.com\/es\/wp-json\/wp\/v2\/media?parent=80044"}],"wp:term":[{"taxonomy":"product_brand","embeddable":true,"href":"https:\/\/www.bagnoitalia.com\/es\/wp-json\/wp\/v2\/product_brand?post=80044"},{"taxonomy":"product_cat","embeddable":true,"href":"https:\/\/www.bagnoitalia.com\/es\/wp-json\/wp\/v2\/product_cat?post=80044"},{"taxonomy":"product_tag","embeddable":true,"href":"https:\/\/www.bagnoitalia.com\/es\/wp-json\/wp\/v2\/product_tag?post=80044"}],"curies":[{"name":"wp","href":"https:\/\/api.w.org\/{rel}","templated":true}]}}