{"id":80004,"date":"2016-04-29T13:04:55","date_gmt":"2016-04-29T11:04:55","guid":{"rendered":"https:\/\/www.bagnoitalia.com\/product\/jacuzzi-inflable-cuadrado-180x180-gris-bestway-lay-z-6-funciones-8-chorros-de-hidromasaje"},"modified":"2024-05-16T16:55:46","modified_gmt":"2024-05-16T14:55:46","slug":"jacuzzi-inflable-cuadrado-180x180-gris-bestway-lay-z-6-funciones-8-chorros-de-hidromasaje","status":"publish","type":"product","link":"https:\/\/www.bagnoitalia.com\/es\/producto\/jacuzzi-inflable-cuadrado-180x180-gris-bestway-lay-z-6-funciones-8-chorros-de-hidromasaje.html","title":{"rendered":"Jacuzzi Piscina Inflable cuadrado 180&#215;180 gris bestway lay-z 6 funciones 8 jets de hidromasaje"},"content":{"rendered":"<p style=\"margin-bottom: 0cm;\"><span style=\"text-decoration: underline; font-size: 12pt;\"><strong>PISCINA DE HIDROMASAJE 180&#215;180 PARA 4\/6 PERSONAS<\/strong><\/span><\/p>\n<ul>\n<li style=\"margin-bottom: 0cm;\"><span style=\"font-size: 10pt;\">Las paredes inflables de la piscina est\u00e1n compuestas principalmente por TriTech, un material que garantiza la m\u00e1xima durabilidad y un confort excepcional.<\/span><\/li>\n<li style=\"margin-bottom: 0cm;\"><span style=\"font-size: 10pt;\">El sistema ClearSoft Lay-Z-SPA garantiza la seguridad ambiental y una calidad adecuada del agua de la piscina<\/span><\/li>\n<li style=\"margin-bottom: 0cm;\"><span style=\"font-size: 10pt;\">Sistema de calentamiento r\u00e1pido y autom\u00e1tico (hasta una temperatura m\u00e1xima de 40 \u00b0 C) con arranque y apagado controlados por temporizador<\/span><\/li>\n<li style=\"margin-bottom: 0cm;\"><span style=\"font-size: 10pt;\">Suelo blando y piscina equipados con un c\u00f3modo sistema de vaciado r\u00e1pido en pocos segundos<\/span><\/li>\n<li style=\"margin-bottom: 0cm;\"><span style=\"font-size: 10pt;\">Cubierta de cuero sint\u00e9tico con doble cierre de seguridad y c\u00e1mara de aire incorporada para un aislamiento total.<\/span><\/li>\n<li style=\"margin-bottom: 0cm;\"><span style=\"font-size: 10pt;\">La bomba de 6 funciones es alimentada por un interruptor diferencial integrado con una corriente residual nominal de no m\u00e1s de 10 mA<\/span><\/li>\n<li style=\"margin-bottom: 0cm;\"><span style=\"font-size: 10pt;\">Bomba digital con panel de control con dise\u00f1o moderno.<\/span><\/li>\n<li style=\"margin-bottom: 0cm;\"><span style=\"font-size: 10pt;\">Ahorro de energia<\/span><\/li>\n<li style=\"margin-bottom: 0cm;\"><span style=\"font-size: 10pt;\">Filtraci\u00f3n de agua integrada.<\/span><\/li>\n<li style=\"margin-bottom: 0cm;\"><span style=\"font-size: 10pt;\">Panel de control digital<\/span><\/li>\n<li style=\"margin-bottom: 0cm;\"><span style=\"font-size: 10pt;\">Instalaci\u00f3n r\u00e1pida y f\u00e1cil<\/span><\/li>\n<li style=\"margin-bottom: 0cm;\"><span style=\"font-size: 10pt;\">Se puede utilizar tanto en exteriores como en interiores.<\/span><\/li>\n<\/ul>\n<p><span style=\"font-size: 10pt;\"><\/span><\/p>\n<p><strong><span style=\"font-size: 12pt;\">Para obtener el kit de tratamiento de agua, <a href=\"kit-trattamento-dellacqua-per-minipiscine.html\">haga clic aqu\u00ed.<\/a><\/span><\/strong><\/p>\n<\/p>\n<p style=\"margin-bottom: 0cm;\"><span style=\"text-decoration: underline; font-size: 12pt;\"><strong>Caracter\u00edsticas espec\u00edficas:<\/strong><\/span><\/p>\n<ul style=\"list-style-type: square;\">\n<li style=\"margin-bottom: 0cm;\"><span style=\"font-size: 10pt;\">Medidas: 180x180xH71 cm.<\/span><\/li>\n<li style=\"margin-bottom: 0cm;\"><span style=\"font-size: 10pt;\">Capacidad: 795 litros.<\/span><\/li>\n<li style=\"margin-bottom: 0cm;\"><span style=\"font-size: 10pt;\">Tipo de masaje Bubble \/ Jet masaje<\/span><\/li>\n<li style=\"margin-bottom: 0cm;\"><span style=\"font-size: 10pt;\">Sistema de hidromasaje Hydro Jet Lay-Z SPA &#8211; Idro Jet y sistema de hidromasaje de hidromasaje<\/span><\/li>\n<li style=\"margin-bottom: 0cm;\"><span style=\"font-size: 10pt;\">Filtracion de agua<\/span><\/li>\n<li style=\"margin-bottom: 0cm;\"><span style=\"font-size: 10pt;\">Calentamiento r\u00e1pido<\/span><\/li>\n<li style=\"margin-bottom: 0cm;\"><span style=\"font-size: 10pt;\">Voltios. 220-240 50 Hz &#8211; 2060 vatios a 20 \u00b0<\/span><\/li>\n<li style=\"margin-bottom: 0cm;\"><span style=\"font-size: 10pt;\">Capacidad 795 litros. <br \/><\/span><\/li>\n<li style=\"margin-bottom: 0cm;\"><span style=\"font-size: 10pt;\">Caudal de agua 1.325 litros \/ h aprox.<\/span><\/li>\n<li style=\"margin-bottom: 0cm;\"><span style=\"font-size: 10pt;\">Temperatura m\u00e1xima 40 \u00b0 C<\/span><\/li>\n<li style=\"margin-bottom: 0cm;\"><span style=\"font-size: 10pt;\">Certificaci\u00f3n CE<\/span><\/li>\n<\/ul>\n","protected":false},"excerpt":{"rendered":"<p>Jacuzzi piscina inflable de forma cuadrada bestway lay-z de 180 cm con 6 funciones y 8 jets de hidromasaje<\/p>\n","protected":false},"featured_media":30862,"comment_status":"open","ping_status":"closed","template":"","meta":[],"product_brand":[9881],"product_cat":[15],"product_tag":[],"class_list":{"0":"post-80004","1":"product","2":"type-product","3":"status-publish","4":"has-post-thumbnail","6":"product_brand-vari-produttori-es","7":"product_cat-senza-categoria","9":"first","10":"outofstock","11":"taxable","12":"shipping-taxable","13":"purchasable","14":"product-type-simple"},"exclude_global_add_ons":[],"addons":[],"yoast_head":"<!-- This site is optimized with the Yoast SEO plugin v26.7 - https:\/\/yoast.com\/wordpress\/plugins\/seo\/ -->\n<title>Jacuzzi Piscina Inflable cuadrado 180x180 gris bestway lay-z 6 funciones 8 jets de hidromasaje<\/title>\n<meta name=\"description\" content=\"Piscina inflable de forma cuadrada bestway lay-z de 180 cm con 6 funciones y 8 chorros de hidromasaje\" \/>\n<meta name=\"robots\" content=\"index, follow, max-snippet:-1, max-image-preview:large, max-video-preview:-1\" \/>\n<link rel=\"canonical\" href=\"https:\/\/www.bagnoitalia.com\/es\/producto\/jacuzzi-inflable-cuadrado-180x180-gris-bestway-lay-z-6-funciones-8-chorros-de-hidromasaje.html\" \/>\n<meta property=\"og:locale\" content=\"es_ES\" \/>\n<meta property=\"og:type\" content=\"article\" \/>\n<meta property=\"og:title\" content=\"Jacuzzi Piscina Inflable cuadrado 180x180 gris bestway lay-z 6 funciones 8 jets de hidromasaje\" \/>\n<meta property=\"og:description\" content=\"Piscina inflable de forma cuadrada bestway lay-z de 180 cm con 6 funciones y 8 chorros de hidromasaje\" \/>\n<meta property=\"og:url\" content=\"https:\/\/www.bagnoitalia.com\/es\/producto\/jacuzzi-inflable-cuadrado-180x180-gris-bestway-lay-z-6-funciones-8-chorros-de-hidromasaje.html\" \/>\n<meta property=\"og:site_name\" content=\"Bagno Italia\" \/>\n<meta property=\"article:modified_time\" content=\"2024-05-16T14:55:46+00:00\" \/>\n<meta property=\"og:image\" content=\"https:\/\/img.bagnoitalia.com\/wp-content\/uploads\/virtuemart\/product\/Square-inflatable-hot-tub-180x180-grey-1_1540993393_711.jpg\" \/>\n\t<meta property=\"og:image:width\" content=\"800\" \/>\n\t<meta property=\"og:image:height\" content=\"800\" \/>\n\t<meta property=\"og:image:type\" content=\"image\/jpeg\" \/>\n<meta name=\"twitter:card\" content=\"summary_large_image\" \/>\n<meta name=\"twitter:label1\" content=\"Tiempo de lectura\" \/>\n\t<meta name=\"twitter:data1\" content=\"1 minuto\" \/>\n<script type=\"application\/ld+json\" class=\"yoast-schema-graph\">{\"@context\":\"https:\/\/schema.org\",\"@graph\":[{\"@type\":\"WebPage\",\"@id\":\"https:\/\/www.bagnoitalia.com\/es\/producto\/jacuzzi-inflable-cuadrado-180x180-gris-bestway-lay-z-6-funciones-8-chorros-de-hidromasaje.html\",\"url\":\"https:\/\/www.bagnoitalia.com\/es\/producto\/jacuzzi-inflable-cuadrado-180x180-gris-bestway-lay-z-6-funciones-8-chorros-de-hidromasaje.html\",\"name\":\"Jacuzzi Piscina Inflable cuadrado 180x180 gris bestway lay-z 6 funciones 8 jets de hidromasaje\",\"isPartOf\":{\"@id\":\"https:\/\/www.bagnoitalia.com\/es#website\"},\"primaryImageOfPage\":{\"@id\":\"https:\/\/www.bagnoitalia.com\/es\/producto\/jacuzzi-inflable-cuadrado-180x180-gris-bestway-lay-z-6-funciones-8-chorros-de-hidromasaje.html#primaryimage\"},\"image\":{\"@id\":\"https:\/\/www.bagnoitalia.com\/es\/producto\/jacuzzi-inflable-cuadrado-180x180-gris-bestway-lay-z-6-funciones-8-chorros-de-hidromasaje.html#primaryimage\"},\"thumbnailUrl\":\"https:\/\/img.bagnoitalia.com\/wp-content\/uploads\/virtuemart\/product\/Square-inflatable-hot-tub-180x180-grey-1_1540993393_711.jpg\",\"datePublished\":\"2016-04-29T11:04:55+00:00\",\"dateModified\":\"2024-05-16T14:55:46+00:00\",\"description\":\"Piscina inflable de forma cuadrada bestway lay-z de 180 cm con 6 funciones y 8 chorros de hidromasaje\",\"breadcrumb\":{\"@id\":\"https:\/\/www.bagnoitalia.com\/es\/producto\/jacuzzi-inflable-cuadrado-180x180-gris-bestway-lay-z-6-funciones-8-chorros-de-hidromasaje.html#breadcrumb\"},\"inLanguage\":\"es\",\"potentialAction\":[{\"@type\":\"ReadAction\",\"target\":[\"https:\/\/www.bagnoitalia.com\/es\/producto\/jacuzzi-inflable-cuadrado-180x180-gris-bestway-lay-z-6-funciones-8-chorros-de-hidromasaje.html\"]}]},{\"@type\":\"ImageObject\",\"inLanguage\":\"es\",\"@id\":\"https:\/\/www.bagnoitalia.com\/es\/producto\/jacuzzi-inflable-cuadrado-180x180-gris-bestway-lay-z-6-funciones-8-chorros-de-hidromasaje.html#primaryimage\",\"url\":\"https:\/\/img.bagnoitalia.com\/wp-content\/uploads\/virtuemart\/product\/Square-inflatable-hot-tub-180x180-grey-1_1540993393_711.jpg\",\"contentUrl\":\"https:\/\/img.bagnoitalia.com\/wp-content\/uploads\/virtuemart\/product\/Square-inflatable-hot-tub-180x180-grey-1_1540993393_711.jpg\",\"width\":800,\"height\":800},{\"@type\":\"BreadcrumbList\",\"@id\":\"https:\/\/www.bagnoitalia.com\/es\/producto\/jacuzzi-inflable-cuadrado-180x180-gris-bestway-lay-z-6-funciones-8-chorros-de-hidromasaje.html#breadcrumb\",\"itemListElement\":[{\"@type\":\"ListItem\",\"position\":1,\"name\":\"Home\",\"item\":\"https:\/\/www.bagnoitalia.com\/es\"},{\"@type\":\"ListItem\",\"position\":2,\"name\":\"Productos\",\"item\":\"https:\/\/www.bagnoitalia.com\/es\/shop\"},{\"@type\":\"ListItem\",\"position\":3,\"name\":\"Jacuzzi Piscina Inflable cuadrado 180&#215;180 gris bestway lay-z 6 funciones 8 jets de hidromasaje\"}]},{\"@type\":\"WebSite\",\"@id\":\"https:\/\/www.bagnoitalia.com\/es#website\",\"url\":\"https:\/\/www.bagnoitalia.com\/es\",\"name\":\"Bagno Italia\",\"description\":\"\",\"publisher\":{\"@id\":\"https:\/\/www.bagnoitalia.com\/es#organization\"},\"potentialAction\":[{\"@type\":\"SearchAction\",\"target\":{\"@type\":\"EntryPoint\",\"urlTemplate\":\"https:\/\/www.bagnoitalia.com\/es?s={search_term_string}\"},\"query-input\":{\"@type\":\"PropertyValueSpecification\",\"valueRequired\":true,\"valueName\":\"search_term_string\"}}],\"inLanguage\":\"es\"},{\"@type\":\"Organization\",\"@id\":\"https:\/\/www.bagnoitalia.com\/es#organization\",\"name\":\"Bagno Italia\",\"url\":\"https:\/\/www.bagnoitalia.com\/es\",\"logo\":{\"@type\":\"ImageObject\",\"inLanguage\":\"es\",\"@id\":\"https:\/\/www.bagnoitalia.com\/es#\/schema\/logo\/image\/\",\"url\":\"https:\/\/img.bagnoitalia.com\/wp-content\/uploads\/logo-bagnoitalia.webp\",\"contentUrl\":\"https:\/\/img.bagnoitalia.com\/wp-content\/uploads\/logo-bagnoitalia.webp\",\"width\":400,\"height\":70,\"caption\":\"Bagno Italia\"},\"image\":{\"@id\":\"https:\/\/www.bagnoitalia.com\/es#\/schema\/logo\/image\/\"}}]}<\/script>\n<!-- \/ Yoast SEO plugin. -->","yoast_head_json":{"title":"Jacuzzi Piscina Inflable cuadrado 180x180 gris bestway lay-z 6 funciones 8 jets de hidromasaje","description":"Piscina inflable de forma cuadrada bestway lay-z de 180 cm con 6 funciones y 8 chorros de hidromasaje","robots":{"index":"index","follow":"follow","max-snippet":"max-snippet:-1","max-image-preview":"max-image-preview:large","max-video-preview":"max-video-preview:-1"},"canonical":"https:\/\/www.bagnoitalia.com\/es\/producto\/jacuzzi-inflable-cuadrado-180x180-gris-bestway-lay-z-6-funciones-8-chorros-de-hidromasaje.html","og_locale":"es_ES","og_type":"article","og_title":"Jacuzzi Piscina Inflable cuadrado 180x180 gris bestway lay-z 6 funciones 8 jets de hidromasaje","og_description":"Piscina inflable de forma cuadrada bestway lay-z de 180 cm con 6 funciones y 8 chorros de hidromasaje","og_url":"https:\/\/www.bagnoitalia.com\/es\/producto\/jacuzzi-inflable-cuadrado-180x180-gris-bestway-lay-z-6-funciones-8-chorros-de-hidromasaje.html","og_site_name":"Bagno Italia","article_modified_time":"2024-05-16T14:55:46+00:00","og_image":[{"width":800,"height":800,"url":"https:\/\/img.bagnoitalia.com\/wp-content\/uploads\/virtuemart\/product\/Square-inflatable-hot-tub-180x180-grey-1_1540993393_711.jpg","type":"image\/jpeg"}],"twitter_card":"summary_large_image","twitter_misc":{"Tiempo de lectura":"1 minuto"},"schema":{"@context":"https:\/\/schema.org","@graph":[{"@type":"WebPage","@id":"https:\/\/www.bagnoitalia.com\/es\/producto\/jacuzzi-inflable-cuadrado-180x180-gris-bestway-lay-z-6-funciones-8-chorros-de-hidromasaje.html","url":"https:\/\/www.bagnoitalia.com\/es\/producto\/jacuzzi-inflable-cuadrado-180x180-gris-bestway-lay-z-6-funciones-8-chorros-de-hidromasaje.html","name":"Jacuzzi Piscina Inflable cuadrado 180x180 gris bestway lay-z 6 funciones 8 jets de hidromasaje","isPartOf":{"@id":"https:\/\/www.bagnoitalia.com\/es#website"},"primaryImageOfPage":{"@id":"https:\/\/www.bagnoitalia.com\/es\/producto\/jacuzzi-inflable-cuadrado-180x180-gris-bestway-lay-z-6-funciones-8-chorros-de-hidromasaje.html#primaryimage"},"image":{"@id":"https:\/\/www.bagnoitalia.com\/es\/producto\/jacuzzi-inflable-cuadrado-180x180-gris-bestway-lay-z-6-funciones-8-chorros-de-hidromasaje.html#primaryimage"},"thumbnailUrl":"https:\/\/img.bagnoitalia.com\/wp-content\/uploads\/virtuemart\/product\/Square-inflatable-hot-tub-180x180-grey-1_1540993393_711.jpg","datePublished":"2016-04-29T11:04:55+00:00","dateModified":"2024-05-16T14:55:46+00:00","description":"Piscina inflable de forma cuadrada bestway lay-z de 180 cm con 6 funciones y 8 chorros de hidromasaje","breadcrumb":{"@id":"https:\/\/www.bagnoitalia.com\/es\/producto\/jacuzzi-inflable-cuadrado-180x180-gris-bestway-lay-z-6-funciones-8-chorros-de-hidromasaje.html#breadcrumb"},"inLanguage":"es","potentialAction":[{"@type":"ReadAction","target":["https:\/\/www.bagnoitalia.com\/es\/producto\/jacuzzi-inflable-cuadrado-180x180-gris-bestway-lay-z-6-funciones-8-chorros-de-hidromasaje.html"]}]},{"@type":"ImageObject","inLanguage":"es","@id":"https:\/\/www.bagnoitalia.com\/es\/producto\/jacuzzi-inflable-cuadrado-180x180-gris-bestway-lay-z-6-funciones-8-chorros-de-hidromasaje.html#primaryimage","url":"https:\/\/img.bagnoitalia.com\/wp-content\/uploads\/virtuemart\/product\/Square-inflatable-hot-tub-180x180-grey-1_1540993393_711.jpg","contentUrl":"https:\/\/img.bagnoitalia.com\/wp-content\/uploads\/virtuemart\/product\/Square-inflatable-hot-tub-180x180-grey-1_1540993393_711.jpg","width":800,"height":800},{"@type":"BreadcrumbList","@id":"https:\/\/www.bagnoitalia.com\/es\/producto\/jacuzzi-inflable-cuadrado-180x180-gris-bestway-lay-z-6-funciones-8-chorros-de-hidromasaje.html#breadcrumb","itemListElement":[{"@type":"ListItem","position":1,"name":"Home","item":"https:\/\/www.bagnoitalia.com\/es"},{"@type":"ListItem","position":2,"name":"Productos","item":"https:\/\/www.bagnoitalia.com\/es\/shop"},{"@type":"ListItem","position":3,"name":"Jacuzzi Piscina Inflable cuadrado 180&#215;180 gris bestway lay-z 6 funciones 8 jets de hidromasaje"}]},{"@type":"WebSite","@id":"https:\/\/www.bagnoitalia.com\/es#website","url":"https:\/\/www.bagnoitalia.com\/es","name":"Bagno Italia","description":"","publisher":{"@id":"https:\/\/www.bagnoitalia.com\/es#organization"},"potentialAction":[{"@type":"SearchAction","target":{"@type":"EntryPoint","urlTemplate":"https:\/\/www.bagnoitalia.com\/es?s={search_term_string}"},"query-input":{"@type":"PropertyValueSpecification","valueRequired":true,"valueName":"search_term_string"}}],"inLanguage":"es"},{"@type":"Organization","@id":"https:\/\/www.bagnoitalia.com\/es#organization","name":"Bagno Italia","url":"https:\/\/www.bagnoitalia.com\/es","logo":{"@type":"ImageObject","inLanguage":"es","@id":"https:\/\/www.bagnoitalia.com\/es#\/schema\/logo\/image\/","url":"https:\/\/img.bagnoitalia.com\/wp-content\/uploads\/logo-bagnoitalia.webp","contentUrl":"https:\/\/img.bagnoitalia.com\/wp-content\/uploads\/logo-bagnoitalia.webp","width":400,"height":70,"caption":"Bagno Italia"},"image":{"@id":"https:\/\/www.bagnoitalia.com\/es#\/schema\/logo\/image\/"}}]}},"_links":{"self":[{"href":"https:\/\/www.bagnoitalia.com\/es\/wp-json\/wp\/v2\/product\/80004","targetHints":{"allow":["GET"]}}],"collection":[{"href":"https:\/\/www.bagnoitalia.com\/es\/wp-json\/wp\/v2\/product"}],"about":[{"href":"https:\/\/www.bagnoitalia.com\/es\/wp-json\/wp\/v2\/types\/product"}],"replies":[{"embeddable":true,"href":"https:\/\/www.bagnoitalia.com\/es\/wp-json\/wp\/v2\/comments?post=80004"}],"version-history":[{"count":0,"href":"https:\/\/www.bagnoitalia.com\/es\/wp-json\/wp\/v2\/product\/80004\/revisions"}],"wp:featuredmedia":[{"embeddable":true,"href":"https:\/\/www.bagnoitalia.com\/es\/wp-json\/wp\/v2\/media\/30862"}],"wp:attachment":[{"href":"https:\/\/www.bagnoitalia.com\/es\/wp-json\/wp\/v2\/media?parent=80004"}],"wp:term":[{"taxonomy":"product_brand","embeddable":true,"href":"https:\/\/www.bagnoitalia.com\/es\/wp-json\/wp\/v2\/product_brand?post=80004"},{"taxonomy":"product_cat","embeddable":true,"href":"https:\/\/www.bagnoitalia.com\/es\/wp-json\/wp\/v2\/product_cat?post=80004"},{"taxonomy":"product_tag","embeddable":true,"href":"https:\/\/www.bagnoitalia.com\/es\/wp-json\/wp\/v2\/product_tag?post=80004"}],"curies":[{"name":"wp","href":"https:\/\/api.w.org\/{rel}","templated":true}]}}