{"id":79980,"date":"2016-04-18T09:29:50","date_gmt":"2016-04-18T07:29:50","guid":{"rendered":"https:\/\/www.bagnoitalia.com\/product\/muebles-de-jardin-tumbona-robin-ratan-blanco-negro-con-cojin"},"modified":"2025-07-30T16:46:14","modified_gmt":"2025-07-30T14:46:14","slug":"muebles-de-jardin-tumbona-robin-ratan-blanco-negro-con-cojin","status":"publish","type":"product","link":"https:\/\/www.bagnoitalia.com\/es\/producto\/muebles-de-jardin-tumbona-robin-ratan-blanco-negro-con-cojin.html","title":{"rendered":"Tumbona con mesa Robin, en Rattan blanco o negro, con coj\u00edn"},"content":{"rendered":"<h1 class=\"western\" style=\"margin-top: 0cm; margin-bottom: 0cm;\"><strong><span style=\"text-decoration: underline; font-size: 14pt;\">Muebles de exterior Robin con tumbona y mesa de centro, blanco y negro.<\/span><\/strong><\/h1>\n<p>&nbsp;<\/p>\n<h1 class=\"western\" style=\"margin-top: 0cm; margin-bottom: 0cm;\"><span style=\"font-size: 12pt;\"><strong><span style=\"font-weight: normal;\">Tumbona: mide 196x71x45 cm.<\/span><\/strong><\/span><\/h1>\n<h1 class=\"western\" style=\"margin-top: 0cm; margin-bottom: 0cm;\"><span style=\"font-size: 12pt;\"><strong><span style=\"font-weight: normal;\">Mesa de centro: mide 50&#215;50 cm.<\/span><\/strong><\/span><\/h1>\n<h1 class=\"western\" style=\"margin-top: 0cm; margin-bottom: 0cm;\"><\/h1>\n<p style=\"margin-bottom: 0cm;\"><strong><span style=\"text-decoration: underline; font-size: 14pt;\">caracter\u00edsticas:<\/span><\/strong><\/p>\n<ul>\n<li style=\"margin-bottom: 0cm;\"><span style=\"font-size: 12pt;\"><strong><span style=\"font-weight: normal;\">Resistente a todo tipo de clima y utilizable en todas las estaciones del a\u00f1o.<\/span><\/strong><\/span><\/li>\n<li style=\"margin-bottom: 0cm;\"><span style=\"font-size: 12pt;\"><strong><span style=\"font-weight: normal;\">F\u00e1cil de lavar<\/span><\/strong><\/span><\/li>\n<li style=\"margin-bottom: 0cm;\"><span style=\"font-size: 12pt;\"><strong><span style=\"font-weight: normal;\">Tumbona en estilo moderno<\/span><\/strong><\/span><\/li>\n<li style=\"margin-bottom: 0cm;\"><span style=\"font-size: 12pt;\"><strong><span style=\"font-weight: normal;\">Resistente al agua salada.<\/span><\/strong><\/span><\/li>\n<li style=\"margin-bottom: 0cm;\"><span style=\"font-size: 12pt;\"><strong><span style=\"font-weight: normal;\">Resistencia a los rayos UV y al te\u00f1ido.<\/span><\/strong><\/span><\/li>\n<li style=\"margin-bottom: 0cm;\"><span style=\"font-size: 12pt;\"><strong><span style=\"font-weight: normal;\">Cuadro de aluminio anodizado con tejido de ratt\u00e1n ecol\u00f3gico.<\/span><\/strong><\/span><\/li>\n<\/ul>\n<p><span style=\"text-decoration: underline; font-size: 14pt;\"><strong>Tumbona Robin negro con almohada blanca<\/strong><\/span><\/p>\n<p><img fetchpriority=\"high\" decoding=\"async\" id=\"fancybox-img\" class=\" size-full wp-image-30602\" src=\"https:\/\/img.bagnoitalia.com\/wp-content\/uploads\/virtuemart\/product\/sdr_12d32e1.jpg\" alt=\"sdr_12d32e (4) .jpg_product\" width=\"393\" height=\"261\" srcset=\"https:\/\/img.bagnoitalia.com\/wp-content\/uploads\/virtuemart\/product\/sdr_12d32e1.jpg 709w, https:\/\/img.bagnoitalia.com\/wp-content\/uploads\/virtuemart\/product\/sdr_12d32e1-441x294.jpg 441w, https:\/\/img.bagnoitalia.com\/wp-content\/uploads\/virtuemart\/product\/sdr_12d32e1-600x399.jpg 600w, https:\/\/img.bagnoitalia.com\/wp-content\/uploads\/virtuemart\/product\/sdr_12d32e1-150x100.jpg 150w\" sizes=\"(max-width: 393px) 100vw, 393px\" \/><\/p>\n<p>___________________________________________________________________________<\/p>\n<p><span style=\"text-decoration: underline; font-size: 14pt;\"><strong>Tumbona Robin blanca con almohada roja.<\/strong><\/span><\/p>\n<p><img decoding=\"async\" id=\"fancybox-img\" class=\" size-full wp-image-30606\" src=\"https:\/\/img.bagnoitalia.com\/wp-content\/uploads\/virtuemart\/product\/sdr_12d32e6.jpg\" alt=\"sdr_12d32e (4) .jpg_product\" width=\"403\" height=\"267\" srcset=\"https:\/\/img.bagnoitalia.com\/wp-content\/uploads\/virtuemart\/product\/sdr_12d32e6.jpg 709w, https:\/\/img.bagnoitalia.com\/wp-content\/uploads\/virtuemart\/product\/sdr_12d32e6-600x399.jpg 600w, https:\/\/img.bagnoitalia.com\/wp-content\/uploads\/virtuemart\/product\/sdr_12d32e6-150x100.jpg 150w\" sizes=\"(max-width: 403px) 100vw, 403px\" \/><\/p>\n","protected":false},"excerpt":{"rendered":"<p>Mueble de exterior compuesto por Tumbona y mesa modelo Robin, disponible en Rattan blanco y negro con almohada incluida en el precio<\/p>\n","protected":false},"featured_media":30574,"comment_status":"open","ping_status":"closed","template":"","meta":[],"product_brand":[9926],"product_cat":[10014,9785],"product_tag":[],"class_list":{"0":"post-79980","1":"product","2":"type-product","3":"status-publish","4":"has-post-thumbnail","6":"product_brand-predator-arredo-casa-es","7":"product_cat-sofas-de-exterior","8":"product_cat-muebles-de-exterior","10":"first","11":"instock","12":"sale","13":"taxable","14":"shipping-taxable","15":"purchasable","16":"product-type-simple"},"exclude_global_add_ons":false,"addons":[{"name":"color","type":"multiple_choice","position":0,"required":true,"title_format":"heading","default":"","description_enable":false,"description":"","placeholder_enable":false,"placeholder":"","display":"select","restrictions_type":"any_text","adjust_price":false,"price":"","price_type":"flat_fee","restrictions":false,"min":"0","max":"0","options":[{"label":"negro","price":"","price_type":"quantity_based","image":0,"visibility":true},{"label":"(No disponible) blanco","price":"","price_type":"quantity_based","image":0,"visibility":true}],"id":1718724294}],"yoast_head":"<!-- This site is optimized with the Yoast SEO plugin v26.7 - https:\/\/yoast.com\/wordpress\/plugins\/seo\/ -->\n<title>Muebles de jard\u00edn tumbona Robin rat\u00e1n blanco negro con coj\u00edn<\/title>\n<meta name=\"description\" content=\"Muebles de exterior compuestos por cubierta y mesa de centro modelo Robin disponible en rat\u00e1n blanco y negro con almohada incluida en el precio\" \/>\n<meta name=\"robots\" content=\"index, follow, max-snippet:-1, max-image-preview:large, max-video-preview:-1\" \/>\n<link rel=\"canonical\" href=\"https:\/\/www.bagnoitalia.com\/es\/producto\/muebles-de-jardin-tumbona-robin-ratan-blanco-negro-con-cojin.html\" \/>\n<meta property=\"og:locale\" content=\"es_ES\" \/>\n<meta property=\"og:type\" content=\"article\" \/>\n<meta property=\"og:title\" content=\"Muebles de jard\u00edn tumbona Robin rat\u00e1n blanco negro con coj\u00edn\" \/>\n<meta property=\"og:description\" content=\"Muebles de exterior compuestos por cubierta y mesa de centro modelo Robin disponible en rat\u00e1n blanco y negro con almohada incluida en el precio\" \/>\n<meta property=\"og:url\" content=\"https:\/\/www.bagnoitalia.com\/es\/producto\/muebles-de-jardin-tumbona-robin-ratan-blanco-negro-con-cojin.html\" \/>\n<meta property=\"og:site_name\" content=\"Bagno Italia\" \/>\n<meta property=\"article:modified_time\" content=\"2025-07-30T14:46:14+00:00\" \/>\n<meta property=\"og:image\" content=\"https:\/\/img.bagnoitalia.com\/wp-content\/uploads\/virtuemart\/product\/Rattan-outdoor-furnishing-Robin-model-deckchair-pillow-small-table-black-or-white-1_1541167094_593.jpg\" \/>\n\t<meta property=\"og:image:width\" content=\"200\" \/>\n\t<meta property=\"og:image:height\" content=\"200\" \/>\n\t<meta property=\"og:image:type\" content=\"image\/jpeg\" \/>\n<meta name=\"twitter:card\" content=\"summary_large_image\" \/>\n<meta name=\"twitter:label1\" content=\"Tiempo de lectura\" \/>\n\t<meta name=\"twitter:data1\" content=\"1 minuto\" \/>\n<script type=\"application\/ld+json\" class=\"yoast-schema-graph\">{\"@context\":\"https:\/\/schema.org\",\"@graph\":[{\"@type\":\"WebPage\",\"@id\":\"https:\/\/www.bagnoitalia.com\/es\/producto\/muebles-de-jardin-tumbona-robin-ratan-blanco-negro-con-cojin.html\",\"url\":\"https:\/\/www.bagnoitalia.com\/es\/producto\/muebles-de-jardin-tumbona-robin-ratan-blanco-negro-con-cojin.html\",\"name\":\"Muebles de jard\u00edn tumbona Robin rat\u00e1n blanco negro con coj\u00edn\",\"isPartOf\":{\"@id\":\"https:\/\/www.bagnoitalia.com\/es#website\"},\"primaryImageOfPage\":{\"@id\":\"https:\/\/www.bagnoitalia.com\/es\/producto\/muebles-de-jardin-tumbona-robin-ratan-blanco-negro-con-cojin.html#primaryimage\"},\"image\":{\"@id\":\"https:\/\/www.bagnoitalia.com\/es\/producto\/muebles-de-jardin-tumbona-robin-ratan-blanco-negro-con-cojin.html#primaryimage\"},\"thumbnailUrl\":\"https:\/\/img.bagnoitalia.com\/wp-content\/uploads\/virtuemart\/product\/Rattan-outdoor-furnishing-Robin-model-deckchair-pillow-small-table-black-or-white-1_1541167094_593.jpg\",\"datePublished\":\"2016-04-18T07:29:50+00:00\",\"dateModified\":\"2025-07-30T14:46:14+00:00\",\"description\":\"Muebles de exterior compuestos por cubierta y mesa de centro modelo Robin disponible en rat\u00e1n blanco y negro con almohada incluida en el precio\",\"breadcrumb\":{\"@id\":\"https:\/\/www.bagnoitalia.com\/es\/producto\/muebles-de-jardin-tumbona-robin-ratan-blanco-negro-con-cojin.html#breadcrumb\"},\"inLanguage\":\"es\",\"potentialAction\":[{\"@type\":\"ReadAction\",\"target\":[\"https:\/\/www.bagnoitalia.com\/es\/producto\/muebles-de-jardin-tumbona-robin-ratan-blanco-negro-con-cojin.html\"]}]},{\"@type\":\"ImageObject\",\"inLanguage\":\"es\",\"@id\":\"https:\/\/www.bagnoitalia.com\/es\/producto\/muebles-de-jardin-tumbona-robin-ratan-blanco-negro-con-cojin.html#primaryimage\",\"url\":\"https:\/\/img.bagnoitalia.com\/wp-content\/uploads\/virtuemart\/product\/Rattan-outdoor-furnishing-Robin-model-deckchair-pillow-small-table-black-or-white-1_1541167094_593.jpg\",\"contentUrl\":\"https:\/\/img.bagnoitalia.com\/wp-content\/uploads\/virtuemart\/product\/Rattan-outdoor-furnishing-Robin-model-deckchair-pillow-small-table-black-or-white-1_1541167094_593.jpg\",\"width\":200,\"height\":200},{\"@type\":\"BreadcrumbList\",\"@id\":\"https:\/\/www.bagnoitalia.com\/es\/producto\/muebles-de-jardin-tumbona-robin-ratan-blanco-negro-con-cojin.html#breadcrumb\",\"itemListElement\":[{\"@type\":\"ListItem\",\"position\":1,\"name\":\"Home\",\"item\":\"https:\/\/www.bagnoitalia.com\/es\"},{\"@type\":\"ListItem\",\"position\":2,\"name\":\"Productos\",\"item\":\"https:\/\/www.bagnoitalia.com\/es\/shop\"},{\"@type\":\"ListItem\",\"position\":3,\"name\":\"Tumbona con mesa Robin, en Rattan blanco o negro, con coj\u00edn\"}]},{\"@type\":\"WebSite\",\"@id\":\"https:\/\/www.bagnoitalia.com\/es#website\",\"url\":\"https:\/\/www.bagnoitalia.com\/es\",\"name\":\"Bagno Italia\",\"description\":\"\",\"publisher\":{\"@id\":\"https:\/\/www.bagnoitalia.com\/es#organization\"},\"potentialAction\":[{\"@type\":\"SearchAction\",\"target\":{\"@type\":\"EntryPoint\",\"urlTemplate\":\"https:\/\/www.bagnoitalia.com\/es?s={search_term_string}\"},\"query-input\":{\"@type\":\"PropertyValueSpecification\",\"valueRequired\":true,\"valueName\":\"search_term_string\"}}],\"inLanguage\":\"es\"},{\"@type\":\"Organization\",\"@id\":\"https:\/\/www.bagnoitalia.com\/es#organization\",\"name\":\"Bagno Italia\",\"url\":\"https:\/\/www.bagnoitalia.com\/es\",\"logo\":{\"@type\":\"ImageObject\",\"inLanguage\":\"es\",\"@id\":\"https:\/\/www.bagnoitalia.com\/es#\/schema\/logo\/image\/\",\"url\":\"https:\/\/img.bagnoitalia.com\/wp-content\/uploads\/logo-bagnoitalia.webp\",\"contentUrl\":\"https:\/\/img.bagnoitalia.com\/wp-content\/uploads\/logo-bagnoitalia.webp\",\"width\":400,\"height\":70,\"caption\":\"Bagno Italia\"},\"image\":{\"@id\":\"https:\/\/www.bagnoitalia.com\/es#\/schema\/logo\/image\/\"}}]}<\/script>\n<!-- \/ Yoast SEO plugin. -->","yoast_head_json":{"title":"Muebles de jard\u00edn tumbona Robin rat\u00e1n blanco negro con coj\u00edn","description":"Muebles de exterior compuestos por cubierta y mesa de centro modelo Robin disponible en rat\u00e1n blanco y negro con almohada incluida en el precio","robots":{"index":"index","follow":"follow","max-snippet":"max-snippet:-1","max-image-preview":"max-image-preview:large","max-video-preview":"max-video-preview:-1"},"canonical":"https:\/\/www.bagnoitalia.com\/es\/producto\/muebles-de-jardin-tumbona-robin-ratan-blanco-negro-con-cojin.html","og_locale":"es_ES","og_type":"article","og_title":"Muebles de jard\u00edn tumbona Robin rat\u00e1n blanco negro con coj\u00edn","og_description":"Muebles de exterior compuestos por cubierta y mesa de centro modelo Robin disponible en rat\u00e1n blanco y negro con almohada incluida en el precio","og_url":"https:\/\/www.bagnoitalia.com\/es\/producto\/muebles-de-jardin-tumbona-robin-ratan-blanco-negro-con-cojin.html","og_site_name":"Bagno Italia","article_modified_time":"2025-07-30T14:46:14+00:00","og_image":[{"width":200,"height":200,"url":"https:\/\/img.bagnoitalia.com\/wp-content\/uploads\/virtuemart\/product\/Rattan-outdoor-furnishing-Robin-model-deckchair-pillow-small-table-black-or-white-1_1541167094_593.jpg","type":"image\/jpeg"}],"twitter_card":"summary_large_image","twitter_misc":{"Tiempo de lectura":"1 minuto"},"schema":{"@context":"https:\/\/schema.org","@graph":[{"@type":"WebPage","@id":"https:\/\/www.bagnoitalia.com\/es\/producto\/muebles-de-jardin-tumbona-robin-ratan-blanco-negro-con-cojin.html","url":"https:\/\/www.bagnoitalia.com\/es\/producto\/muebles-de-jardin-tumbona-robin-ratan-blanco-negro-con-cojin.html","name":"Muebles de jard\u00edn tumbona Robin rat\u00e1n blanco negro con coj\u00edn","isPartOf":{"@id":"https:\/\/www.bagnoitalia.com\/es#website"},"primaryImageOfPage":{"@id":"https:\/\/www.bagnoitalia.com\/es\/producto\/muebles-de-jardin-tumbona-robin-ratan-blanco-negro-con-cojin.html#primaryimage"},"image":{"@id":"https:\/\/www.bagnoitalia.com\/es\/producto\/muebles-de-jardin-tumbona-robin-ratan-blanco-negro-con-cojin.html#primaryimage"},"thumbnailUrl":"https:\/\/img.bagnoitalia.com\/wp-content\/uploads\/virtuemart\/product\/Rattan-outdoor-furnishing-Robin-model-deckchair-pillow-small-table-black-or-white-1_1541167094_593.jpg","datePublished":"2016-04-18T07:29:50+00:00","dateModified":"2025-07-30T14:46:14+00:00","description":"Muebles de exterior compuestos por cubierta y mesa de centro modelo Robin disponible en rat\u00e1n blanco y negro con almohada incluida en el precio","breadcrumb":{"@id":"https:\/\/www.bagnoitalia.com\/es\/producto\/muebles-de-jardin-tumbona-robin-ratan-blanco-negro-con-cojin.html#breadcrumb"},"inLanguage":"es","potentialAction":[{"@type":"ReadAction","target":["https:\/\/www.bagnoitalia.com\/es\/producto\/muebles-de-jardin-tumbona-robin-ratan-blanco-negro-con-cojin.html"]}]},{"@type":"ImageObject","inLanguage":"es","@id":"https:\/\/www.bagnoitalia.com\/es\/producto\/muebles-de-jardin-tumbona-robin-ratan-blanco-negro-con-cojin.html#primaryimage","url":"https:\/\/img.bagnoitalia.com\/wp-content\/uploads\/virtuemart\/product\/Rattan-outdoor-furnishing-Robin-model-deckchair-pillow-small-table-black-or-white-1_1541167094_593.jpg","contentUrl":"https:\/\/img.bagnoitalia.com\/wp-content\/uploads\/virtuemart\/product\/Rattan-outdoor-furnishing-Robin-model-deckchair-pillow-small-table-black-or-white-1_1541167094_593.jpg","width":200,"height":200},{"@type":"BreadcrumbList","@id":"https:\/\/www.bagnoitalia.com\/es\/producto\/muebles-de-jardin-tumbona-robin-ratan-blanco-negro-con-cojin.html#breadcrumb","itemListElement":[{"@type":"ListItem","position":1,"name":"Home","item":"https:\/\/www.bagnoitalia.com\/es"},{"@type":"ListItem","position":2,"name":"Productos","item":"https:\/\/www.bagnoitalia.com\/es\/shop"},{"@type":"ListItem","position":3,"name":"Tumbona con mesa Robin, en Rattan blanco o negro, con coj\u00edn"}]},{"@type":"WebSite","@id":"https:\/\/www.bagnoitalia.com\/es#website","url":"https:\/\/www.bagnoitalia.com\/es","name":"Bagno Italia","description":"","publisher":{"@id":"https:\/\/www.bagnoitalia.com\/es#organization"},"potentialAction":[{"@type":"SearchAction","target":{"@type":"EntryPoint","urlTemplate":"https:\/\/www.bagnoitalia.com\/es?s={search_term_string}"},"query-input":{"@type":"PropertyValueSpecification","valueRequired":true,"valueName":"search_term_string"}}],"inLanguage":"es"},{"@type":"Organization","@id":"https:\/\/www.bagnoitalia.com\/es#organization","name":"Bagno Italia","url":"https:\/\/www.bagnoitalia.com\/es","logo":{"@type":"ImageObject","inLanguage":"es","@id":"https:\/\/www.bagnoitalia.com\/es#\/schema\/logo\/image\/","url":"https:\/\/img.bagnoitalia.com\/wp-content\/uploads\/logo-bagnoitalia.webp","contentUrl":"https:\/\/img.bagnoitalia.com\/wp-content\/uploads\/logo-bagnoitalia.webp","width":400,"height":70,"caption":"Bagno Italia"},"image":{"@id":"https:\/\/www.bagnoitalia.com\/es#\/schema\/logo\/image\/"}}]}},"_links":{"self":[{"href":"https:\/\/www.bagnoitalia.com\/es\/wp-json\/wp\/v2\/product\/79980","targetHints":{"allow":["GET"]}}],"collection":[{"href":"https:\/\/www.bagnoitalia.com\/es\/wp-json\/wp\/v2\/product"}],"about":[{"href":"https:\/\/www.bagnoitalia.com\/es\/wp-json\/wp\/v2\/types\/product"}],"replies":[{"embeddable":true,"href":"https:\/\/www.bagnoitalia.com\/es\/wp-json\/wp\/v2\/comments?post=79980"}],"version-history":[{"count":1,"href":"https:\/\/www.bagnoitalia.com\/es\/wp-json\/wp\/v2\/product\/79980\/revisions"}],"predecessor-version":[{"id":90684,"href":"https:\/\/www.bagnoitalia.com\/es\/wp-json\/wp\/v2\/product\/79980\/revisions\/90684"}],"wp:featuredmedia":[{"embeddable":true,"href":"https:\/\/www.bagnoitalia.com\/es\/wp-json\/wp\/v2\/media\/30574"}],"wp:attachment":[{"href":"https:\/\/www.bagnoitalia.com\/es\/wp-json\/wp\/v2\/media?parent=79980"}],"wp:term":[{"taxonomy":"product_brand","embeddable":true,"href":"https:\/\/www.bagnoitalia.com\/es\/wp-json\/wp\/v2\/product_brand?post=79980"},{"taxonomy":"product_cat","embeddable":true,"href":"https:\/\/www.bagnoitalia.com\/es\/wp-json\/wp\/v2\/product_cat?post=79980"},{"taxonomy":"product_tag","embeddable":true,"href":"https:\/\/www.bagnoitalia.com\/es\/wp-json\/wp\/v2\/product_tag?post=79980"}],"curies":[{"name":"wp","href":"https:\/\/api.w.org\/{rel}","templated":true}]}}