{"id":79960,"date":"2016-04-14T10:36:08","date_gmt":"2016-04-14T08:36:08","guid":{"rendered":"https:\/\/www.bagnoitalia.com\/product\/muebles-de-exterior-con-sofa-cama-doble-rectangular-alice-180x160-ratan-negro"},"modified":"2024-05-10T23:45:50","modified_gmt":"2024-05-10T21:45:50","slug":"muebles-de-exterior-con-sofa-cama-doble-rectangular-alice-180x160-ratan-negro","status":"publish","type":"product","link":"https:\/\/www.bagnoitalia.com\/es\/producto\/muebles-de-exterior-con-sofa-cama-doble-rectangular-alice-180x160-ratan-negro.html","title":{"rendered":"Sof\u00e1 cama doble rectangular Alice 180&#215;160, en Rattan Negro"},"content":{"rendered":"<h1 class=\"western\" style=\"margin-top: 0cm; margin-bottom: 0cm;\"><span style=\"font-size: 14pt;\"><strong><span style=\"text-decoration: underline;\">Muebles de exterior con sof\u00e1 cama 80&#215;90 en negro.<\/span><\/strong><\/span><\/h1>\n<p><span style=\"font-size: 12pt;\"><strong><span style=\"font-weight: normal;\">Dos sof\u00e1s esquineros: 80x90x65 cm (65 es la altura de la espalderas)<\/span><\/strong><\/span><\/p>\n<p><span style=\"font-size: 12pt;\"><strong><span style=\"font-weight: normal;\">Altura desde el suelo 30 cm.<\/span><\/strong><\/span><\/p>\n<p><span style=\"font-size: 12pt;\"><strong><span style=\"font-weight: normal;\">Dos extensiones adicionales de medidas 80x90x30 cm.<\/span><\/strong><\/span><\/p>\n<p><span style=\"font-size: 12pt;\"><strong><span style=\"font-weight: normal;\">Mobiliario compuesto por 4 secciones desmontables, incluyendo cojines blancos con un grosor de 8 cm.<\/span><\/strong><\/span><\/p>\n<h1 class=\"western\" style=\"margin-top: 0cm; margin-bottom: 0cm;\"><\/h1>\n<h1 class=\"western\" style=\"margin-top: 0cm; margin-bottom: 0cm;\"><span style=\"font-size: 14pt;\"><strong><span style=\"text-decoration: underline;\">Caracter\u00edsticas t\u00e9cnicas:<\/span><\/strong><\/span><\/h1>\n<ul>\n<li class=\"western\" style=\"margin-top: 0cm; margin-bottom: 0cm;\"><span style=\"font-size: 12pt;\"><strong><span style=\"font-weight: normal;\">Resistente a cualquier clima y adecuado para cualquier estaci\u00f3n del a\u00f1o.<\/span><\/strong><\/span><\/li>\n<li class=\"western\" style=\"margin-top: 0cm; margin-bottom: 0cm;\"><span style=\"font-size: 12pt;\"><strong><span style=\"font-weight: normal;\">F\u00e1cil de lavar<\/span><\/strong><\/span><\/li>\n<li class=\"western\" style=\"margin-top: 0cm; margin-bottom: 0cm;\"><span style=\"font-size: 12pt;\"><strong><span style=\"font-weight: normal;\">Acabado a mano<\/span><\/strong><\/span><\/li>\n<li class=\"western\" style=\"margin-top: 0cm; margin-bottom: 0cm;\"><span style=\"font-size: 12pt;\"><strong><span style=\"font-weight: normal;\">Forro de cojines extra\u00edbles <br \/><\/span><\/strong><\/span><\/li>\n<li class=\"western\" style=\"margin-top: 0cm; margin-bottom: 0cm;\"><span style=\"font-size: 12pt;\"><strong><span style=\"font-weight: normal;\">Resistente al agua salada.<\/span><\/strong><\/span><\/li>\n<li class=\"western\" style=\"margin-top: 0cm; margin-bottom: 0cm;\"><span style=\"font-size: 12pt;\"><strong><span style=\"font-weight: normal;\">Producto 100% polyrattan de excelente calidad con marco reforzado.<\/span><\/strong><\/span><\/li>\n<li class=\"western\" style=\"margin-top: 0cm; margin-bottom: 0cm;\"><span style=\"font-size: 12pt;\"><strong><span style=\"font-weight: normal;\">Resistente a los rayos UV &#8211; anti-te\u00f1ido;<\/span><\/strong><\/span><\/li>\n<li class=\"western\" style=\"margin-top: 0cm; margin-bottom: 0cm;\"><span style=\"font-size: 12pt;\"><strong><span style=\"font-weight: normal;\">Cojines impermeables<\/span><\/strong><\/span><\/li>\n<\/ul>\n","protected":false},"excerpt":{"rendered":"<p>Muebles de exterior con un sof\u00e1 cama doble rectangular Modelo Alice 80&#215;90, en Rattan Negro<\/p>\n","protected":false},"featured_media":30402,"comment_status":"open","ping_status":"closed","template":"","meta":[],"product_brand":[5021],"product_cat":[10014,9785],"product_tag":[],"class_list":{"0":"post-79960","1":"product","2":"type-product","3":"status-publish","4":"has-post-thumbnail","6":"product_brand-predator-arredo-casa","7":"product_cat-sofas-de-exterior","8":"product_cat-muebles-de-exterior","10":"first","11":"instock","12":"sale","13":"taxable","14":"shipping-taxable","15":"purchasable","16":"product-type-simple"},"exclude_global_add_ons":[],"addons":[],"yoast_head":"<!-- This site is optimized with the Yoast SEO plugin v26.7 - https:\/\/yoast.com\/wordpress\/plugins\/seo\/ -->\n<title>Muebles de exterior con sof\u00e1 cama doble rectangular Alice 80x90 rat\u00e1n negro<\/title>\n<meta name=\"description\" content=\"Muebles de exterior con un sof\u00e1 cama doble rectangular 80x90 en negro Alicia en rat\u00e1n\" \/>\n<meta name=\"robots\" content=\"index, follow, max-snippet:-1, max-image-preview:large, max-video-preview:-1\" \/>\n<link rel=\"canonical\" href=\"https:\/\/www.bagnoitalia.com\/es\/producto\/muebles-de-exterior-con-sofa-cama-doble-rectangular-alice-180x160-ratan-negro.html\" \/>\n<meta property=\"og:locale\" content=\"es_ES\" \/>\n<meta property=\"og:type\" content=\"article\" \/>\n<meta property=\"og:title\" content=\"Muebles de exterior con sof\u00e1 cama doble rectangular Alice 80x90 rat\u00e1n negro\" \/>\n<meta property=\"og:description\" content=\"Muebles de exterior con un sof\u00e1 cama doble rectangular 80x90 en negro Alicia en rat\u00e1n\" \/>\n<meta property=\"og:url\" content=\"https:\/\/www.bagnoitalia.com\/es\/producto\/muebles-de-exterior-con-sofa-cama-doble-rectangular-alice-180x160-ratan-negro.html\" \/>\n<meta property=\"og:site_name\" content=\"Bagno Italia\" \/>\n<meta property=\"article:modified_time\" content=\"2024-05-10T21:45:50+00:00\" \/>\n<meta property=\"og:image\" content=\"https:\/\/img.bagnoitalia.com\/wp-content\/uploads\/virtuemart\/product\/Outdoor-rectangular-black-sofa-bed-Alice-180x160-rattan-55.jpg\" \/>\n\t<meta property=\"og:image:width\" content=\"200\" \/>\n\t<meta property=\"og:image:height\" content=\"200\" \/>\n\t<meta property=\"og:image:type\" content=\"image\/jpeg\" \/>\n<meta name=\"twitter:card\" content=\"summary_large_image\" \/>\n<script type=\"application\/ld+json\" class=\"yoast-schema-graph\">{\"@context\":\"https:\/\/schema.org\",\"@graph\":[{\"@type\":\"WebPage\",\"@id\":\"https:\/\/www.bagnoitalia.com\/es\/producto\/muebles-de-exterior-con-sofa-cama-doble-rectangular-alice-180x160-ratan-negro.html\",\"url\":\"https:\/\/www.bagnoitalia.com\/es\/producto\/muebles-de-exterior-con-sofa-cama-doble-rectangular-alice-180x160-ratan-negro.html\",\"name\":\"Muebles de exterior con sof\u00e1 cama doble rectangular Alice 80x90 rat\u00e1n negro\",\"isPartOf\":{\"@id\":\"https:\/\/www.bagnoitalia.com\/es#website\"},\"primaryImageOfPage\":{\"@id\":\"https:\/\/www.bagnoitalia.com\/es\/producto\/muebles-de-exterior-con-sofa-cama-doble-rectangular-alice-180x160-ratan-negro.html#primaryimage\"},\"image\":{\"@id\":\"https:\/\/www.bagnoitalia.com\/es\/producto\/muebles-de-exterior-con-sofa-cama-doble-rectangular-alice-180x160-ratan-negro.html#primaryimage\"},\"thumbnailUrl\":\"https:\/\/img.bagnoitalia.com\/wp-content\/uploads\/virtuemart\/product\/Outdoor-rectangular-black-sofa-bed-Alice-180x160-rattan-55.jpg\",\"datePublished\":\"2016-04-14T08:36:08+00:00\",\"dateModified\":\"2024-05-10T21:45:50+00:00\",\"description\":\"Muebles de exterior con un sof\u00e1 cama doble rectangular 80x90 en negro Alicia en rat\u00e1n\",\"breadcrumb\":{\"@id\":\"https:\/\/www.bagnoitalia.com\/es\/producto\/muebles-de-exterior-con-sofa-cama-doble-rectangular-alice-180x160-ratan-negro.html#breadcrumb\"},\"inLanguage\":\"es\",\"potentialAction\":[{\"@type\":\"ReadAction\",\"target\":[\"https:\/\/www.bagnoitalia.com\/es\/producto\/muebles-de-exterior-con-sofa-cama-doble-rectangular-alice-180x160-ratan-negro.html\"]}]},{\"@type\":\"ImageObject\",\"inLanguage\":\"es\",\"@id\":\"https:\/\/www.bagnoitalia.com\/es\/producto\/muebles-de-exterior-con-sofa-cama-doble-rectangular-alice-180x160-ratan-negro.html#primaryimage\",\"url\":\"https:\/\/img.bagnoitalia.com\/wp-content\/uploads\/virtuemart\/product\/Outdoor-rectangular-black-sofa-bed-Alice-180x160-rattan-55.jpg\",\"contentUrl\":\"https:\/\/img.bagnoitalia.com\/wp-content\/uploads\/virtuemart\/product\/Outdoor-rectangular-black-sofa-bed-Alice-180x160-rattan-55.jpg\",\"width\":200,\"height\":200},{\"@type\":\"BreadcrumbList\",\"@id\":\"https:\/\/www.bagnoitalia.com\/es\/producto\/muebles-de-exterior-con-sofa-cama-doble-rectangular-alice-180x160-ratan-negro.html#breadcrumb\",\"itemListElement\":[{\"@type\":\"ListItem\",\"position\":1,\"name\":\"Home\",\"item\":\"https:\/\/www.bagnoitalia.com\/es\"},{\"@type\":\"ListItem\",\"position\":2,\"name\":\"Productos\",\"item\":\"https:\/\/www.bagnoitalia.com\/es\/shop\"},{\"@type\":\"ListItem\",\"position\":3,\"name\":\"Sof\u00e1 cama doble rectangular Alice 180&#215;160, en Rattan Negro\"}]},{\"@type\":\"WebSite\",\"@id\":\"https:\/\/www.bagnoitalia.com\/es#website\",\"url\":\"https:\/\/www.bagnoitalia.com\/es\",\"name\":\"Bagno Italia\",\"description\":\"\",\"publisher\":{\"@id\":\"https:\/\/www.bagnoitalia.com\/es#organization\"},\"potentialAction\":[{\"@type\":\"SearchAction\",\"target\":{\"@type\":\"EntryPoint\",\"urlTemplate\":\"https:\/\/www.bagnoitalia.com\/es?s={search_term_string}\"},\"query-input\":{\"@type\":\"PropertyValueSpecification\",\"valueRequired\":true,\"valueName\":\"search_term_string\"}}],\"inLanguage\":\"es\"},{\"@type\":\"Organization\",\"@id\":\"https:\/\/www.bagnoitalia.com\/es#organization\",\"name\":\"Bagno Italia\",\"url\":\"https:\/\/www.bagnoitalia.com\/es\",\"logo\":{\"@type\":\"ImageObject\",\"inLanguage\":\"es\",\"@id\":\"https:\/\/www.bagnoitalia.com\/es#\/schema\/logo\/image\/\",\"url\":\"https:\/\/img.bagnoitalia.com\/wp-content\/uploads\/logo-bagnoitalia.webp\",\"contentUrl\":\"https:\/\/img.bagnoitalia.com\/wp-content\/uploads\/logo-bagnoitalia.webp\",\"width\":400,\"height\":70,\"caption\":\"Bagno Italia\"},\"image\":{\"@id\":\"https:\/\/www.bagnoitalia.com\/es#\/schema\/logo\/image\/\"}}]}<\/script>\n<!-- \/ Yoast SEO plugin. -->","yoast_head_json":{"title":"Muebles de exterior con sof\u00e1 cama doble rectangular Alice 80x90 rat\u00e1n negro","description":"Muebles de exterior con un sof\u00e1 cama doble rectangular 80x90 en negro Alicia en rat\u00e1n","robots":{"index":"index","follow":"follow","max-snippet":"max-snippet:-1","max-image-preview":"max-image-preview:large","max-video-preview":"max-video-preview:-1"},"canonical":"https:\/\/www.bagnoitalia.com\/es\/producto\/muebles-de-exterior-con-sofa-cama-doble-rectangular-alice-180x160-ratan-negro.html","og_locale":"es_ES","og_type":"article","og_title":"Muebles de exterior con sof\u00e1 cama doble rectangular Alice 80x90 rat\u00e1n negro","og_description":"Muebles de exterior con un sof\u00e1 cama doble rectangular 80x90 en negro Alicia en rat\u00e1n","og_url":"https:\/\/www.bagnoitalia.com\/es\/producto\/muebles-de-exterior-con-sofa-cama-doble-rectangular-alice-180x160-ratan-negro.html","og_site_name":"Bagno Italia","article_modified_time":"2024-05-10T21:45:50+00:00","og_image":[{"width":200,"height":200,"url":"https:\/\/img.bagnoitalia.com\/wp-content\/uploads\/virtuemart\/product\/Outdoor-rectangular-black-sofa-bed-Alice-180x160-rattan-55.jpg","type":"image\/jpeg"}],"twitter_card":"summary_large_image","schema":{"@context":"https:\/\/schema.org","@graph":[{"@type":"WebPage","@id":"https:\/\/www.bagnoitalia.com\/es\/producto\/muebles-de-exterior-con-sofa-cama-doble-rectangular-alice-180x160-ratan-negro.html","url":"https:\/\/www.bagnoitalia.com\/es\/producto\/muebles-de-exterior-con-sofa-cama-doble-rectangular-alice-180x160-ratan-negro.html","name":"Muebles de exterior con sof\u00e1 cama doble rectangular Alice 80x90 rat\u00e1n negro","isPartOf":{"@id":"https:\/\/www.bagnoitalia.com\/es#website"},"primaryImageOfPage":{"@id":"https:\/\/www.bagnoitalia.com\/es\/producto\/muebles-de-exterior-con-sofa-cama-doble-rectangular-alice-180x160-ratan-negro.html#primaryimage"},"image":{"@id":"https:\/\/www.bagnoitalia.com\/es\/producto\/muebles-de-exterior-con-sofa-cama-doble-rectangular-alice-180x160-ratan-negro.html#primaryimage"},"thumbnailUrl":"https:\/\/img.bagnoitalia.com\/wp-content\/uploads\/virtuemart\/product\/Outdoor-rectangular-black-sofa-bed-Alice-180x160-rattan-55.jpg","datePublished":"2016-04-14T08:36:08+00:00","dateModified":"2024-05-10T21:45:50+00:00","description":"Muebles de exterior con un sof\u00e1 cama doble rectangular 80x90 en negro Alicia en rat\u00e1n","breadcrumb":{"@id":"https:\/\/www.bagnoitalia.com\/es\/producto\/muebles-de-exterior-con-sofa-cama-doble-rectangular-alice-180x160-ratan-negro.html#breadcrumb"},"inLanguage":"es","potentialAction":[{"@type":"ReadAction","target":["https:\/\/www.bagnoitalia.com\/es\/producto\/muebles-de-exterior-con-sofa-cama-doble-rectangular-alice-180x160-ratan-negro.html"]}]},{"@type":"ImageObject","inLanguage":"es","@id":"https:\/\/www.bagnoitalia.com\/es\/producto\/muebles-de-exterior-con-sofa-cama-doble-rectangular-alice-180x160-ratan-negro.html#primaryimage","url":"https:\/\/img.bagnoitalia.com\/wp-content\/uploads\/virtuemart\/product\/Outdoor-rectangular-black-sofa-bed-Alice-180x160-rattan-55.jpg","contentUrl":"https:\/\/img.bagnoitalia.com\/wp-content\/uploads\/virtuemart\/product\/Outdoor-rectangular-black-sofa-bed-Alice-180x160-rattan-55.jpg","width":200,"height":200},{"@type":"BreadcrumbList","@id":"https:\/\/www.bagnoitalia.com\/es\/producto\/muebles-de-exterior-con-sofa-cama-doble-rectangular-alice-180x160-ratan-negro.html#breadcrumb","itemListElement":[{"@type":"ListItem","position":1,"name":"Home","item":"https:\/\/www.bagnoitalia.com\/es"},{"@type":"ListItem","position":2,"name":"Productos","item":"https:\/\/www.bagnoitalia.com\/es\/shop"},{"@type":"ListItem","position":3,"name":"Sof\u00e1 cama doble rectangular Alice 180&#215;160, en Rattan Negro"}]},{"@type":"WebSite","@id":"https:\/\/www.bagnoitalia.com\/es#website","url":"https:\/\/www.bagnoitalia.com\/es","name":"Bagno Italia","description":"","publisher":{"@id":"https:\/\/www.bagnoitalia.com\/es#organization"},"potentialAction":[{"@type":"SearchAction","target":{"@type":"EntryPoint","urlTemplate":"https:\/\/www.bagnoitalia.com\/es?s={search_term_string}"},"query-input":{"@type":"PropertyValueSpecification","valueRequired":true,"valueName":"search_term_string"}}],"inLanguage":"es"},{"@type":"Organization","@id":"https:\/\/www.bagnoitalia.com\/es#organization","name":"Bagno Italia","url":"https:\/\/www.bagnoitalia.com\/es","logo":{"@type":"ImageObject","inLanguage":"es","@id":"https:\/\/www.bagnoitalia.com\/es#\/schema\/logo\/image\/","url":"https:\/\/img.bagnoitalia.com\/wp-content\/uploads\/logo-bagnoitalia.webp","contentUrl":"https:\/\/img.bagnoitalia.com\/wp-content\/uploads\/logo-bagnoitalia.webp","width":400,"height":70,"caption":"Bagno Italia"},"image":{"@id":"https:\/\/www.bagnoitalia.com\/es#\/schema\/logo\/image\/"}}]}},"_links":{"self":[{"href":"https:\/\/www.bagnoitalia.com\/es\/wp-json\/wp\/v2\/product\/79960","targetHints":{"allow":["GET"]}}],"collection":[{"href":"https:\/\/www.bagnoitalia.com\/es\/wp-json\/wp\/v2\/product"}],"about":[{"href":"https:\/\/www.bagnoitalia.com\/es\/wp-json\/wp\/v2\/types\/product"}],"replies":[{"embeddable":true,"href":"https:\/\/www.bagnoitalia.com\/es\/wp-json\/wp\/v2\/comments?post=79960"}],"version-history":[{"count":0,"href":"https:\/\/www.bagnoitalia.com\/es\/wp-json\/wp\/v2\/product\/79960\/revisions"}],"wp:featuredmedia":[{"embeddable":true,"href":"https:\/\/www.bagnoitalia.com\/es\/wp-json\/wp\/v2\/media\/30402"}],"wp:attachment":[{"href":"https:\/\/www.bagnoitalia.com\/es\/wp-json\/wp\/v2\/media?parent=79960"}],"wp:term":[{"taxonomy":"product_brand","embeddable":true,"href":"https:\/\/www.bagnoitalia.com\/es\/wp-json\/wp\/v2\/product_brand?post=79960"},{"taxonomy":"product_cat","embeddable":true,"href":"https:\/\/www.bagnoitalia.com\/es\/wp-json\/wp\/v2\/product_cat?post=79960"},{"taxonomy":"product_tag","embeddable":true,"href":"https:\/\/www.bagnoitalia.com\/es\/wp-json\/wp\/v2\/product_tag?post=79960"}],"curies":[{"name":"wp","href":"https:\/\/api.w.org\/{rel}","templated":true}]}}