{"id":79956,"date":"2016-04-14T07:45:14","date_gmt":"2016-04-14T05:45:14","guid":{"rendered":"https:\/\/www.bagnoitalia.com\/product\/mueble-de-bano-suspendido-milos-100-cm-blanco-brillante-lavabo-ceramico-negro"},"modified":"2025-11-27T14:19:17","modified_gmt":"2025-11-27T13:19:17","slug":"mueble-de-bano-suspendido-milos-100-cm-blanco-brillante-lavabo-ceramico-negro","status":"publish","type":"product","link":"https:\/\/www.bagnoitalia.com\/es\/producto\/mueble-de-bano-suspendido-milos-100-cm-blanco-brillante-lavabo-ceramico-negro.html","title":{"rendered":"Mueble de ba\u00f1o suspendido Milos, 100 cm, blanco o grafito, lavabo de cer\u00e1mica"},"content":{"rendered":"<p><strong><span dir=\"auto\">Mueble de ba\u00f1o suspendido Milos de 100 cm con lavabo de cer\u00e1mica<\/span><\/strong><\/p>\n<p>&nbsp;<\/p>\n<p>&nbsp;<\/p>\n<p><strong><span dir=\"auto\">El precio incluye:<\/span><\/strong><\/p>\n<p><span dir=\"auto\">n\u00ba1 Base para lavabo\u00a0 100xH55x46 cm<\/span><\/p>\n<p><span dir=\"auto\">n\u00ba1 Fregadero de cer\u00e1mica (en el men\u00fa superior puedes seleccionar el fregadero de cristal)<\/span><\/p>\n<p>&nbsp;<\/p>\n<p><span dir=\"auto\">Es posible seleccionar desde el men\u00fa\u00a0<\/span><span dir=\"auto\">el espejo LED ovalado de 75&#215;100 con interruptor t\u00e1ctil y dise\u00f1o trabajado<\/span><span dir=\"auto\">\u00a0y la columna simple combinada con el mueble de 35xH140x20 cm como se muestra en la foto inferior (en la foto se ven dos columnas simples unidas para formar una doble):<\/span><\/p>\n<p><img fetchpriority=\"high\" decoding=\"async\" class=\" size-full wp-image-51883\" src=\"https:\/\/img.bagnoitalia.it\/wp-content\/uploads\/col_mia_123123.jpg\" sizes=\"(max-width: 386px) 100vw, 386px\" srcset=\"https:\/\/translate.google.com\/website?sl=it&amp;tl=fr&amp;hl=it&amp;client=webapp&amp;u=https:\/\/img.bagnoitalia.it\/wp-content\/uploads\/col_mia_123123.jpg 566w,https:\/\/translate.google.com\/website?sl=it&amp;tl=fr&amp;hl=it&amp;client=webapp&amp;u=https:\/\/img.bagnoitalia.it\/wp-content\/uploads\/col_mia_123123-441x441.jpg 441w,https:\/\/translate.google.com\/website?sl=it&amp;tl=fr&amp;hl=it&amp;client=webapp&amp;u=https:\/\/img.bagnoitalia.it\/wp-content\/uploads\/col_mia_123123-100x100.jpg 100w,https:\/\/translate.google.com\/website?sl=it&amp;tl=fr&amp;hl=it&amp;client=webapp&amp;u=https:\/\/img.bagnoitalia.it\/wp-content\/uploads\/col_mia_123123-150x150.jpg 150w\" alt=\"\" width=\"386\" height=\"386\" \/><\/p>\n<p><span dir=\"auto\">En la categor\u00eda \u201caccesorios modernos\u201d es posible adquirir muebles de pared a juego.<\/span><\/p>\n<p>&nbsp;<\/p>\n<p><strong><span dir=\"auto\">Materiales:<\/span><\/strong><\/p>\n<ul>\n<li><span dir=\"auto\">Estructura de madera MDF<\/span><\/li>\n<li><span dir=\"auto\">Gu\u00edas met\u00e1licas con cierre suave<\/span><\/li>\n<li><span dir=\"auto\">fregadero de cer\u00e1mica<\/span><\/li>\n<li><span dir=\"auto\">Colores: blanco brillante, grafito mate<\/span><\/li>\n<\/ul>\n","protected":false},"excerpt":{"rendered":"<div class=\"woocommerce-product-details__short-description\">\n<p><span dir=\"auto\"><span class=\"VIpgJd-yAWNEb-VIpgJd-fmcmS-sn54Q\" dir=\"auto\">Mueble de ba\u00f1o suspendido Milos, de 100 cm, disponible en blanco brillo y grafito mate, con lavabo de cer\u00e1mica.<\/span><\/span><\/p>\n<\/div>\n<div class=\"woocommerce-product-rating\">\n<div class=\"star-rating\" role=\"img\" aria-label=\"Calificado con 5.00 de 5\"><\/div>\n<\/div>\n","protected":false},"featured_media":115065,"comment_status":"open","ping_status":"closed","template":"","meta":[],"product_brand":[9899],"product_cat":[9721],"product_tag":[],"class_list":{"0":"post-79956","1":"product","2":"type-product","3":"status-publish","4":"has-post-thumbnail","6":"product_brand-baden-haus-es","7":"product_cat-mueble-de-bano-de-71-a-100-cm-muebles-modernos","9":"first","10":"instock","11":"sale","12":"taxable","13":"shipping-taxable","14":"purchasable","15":"product-type-simple"},"exclude_global_add_ons":false,"addons":[{"name":"color","type":"multiple_choice","position":0,"required":true,"title_format":"heading","default":"","description_enable":false,"description":"","placeholder_enable":false,"placeholder":"","display":"select","restrictions_type":"any_text","adjust_price":false,"price":"","price_type":"flat_fee","restrictions":false,"min":"0","max":"0","options":[{"label":"Blanco brillante","price":"","price_type":"quantity_based","image":0,"visibility":true},{"label":"grafito mate","price":"","price_type":"quantity_based","image":0,"visibility":true}],"id":1717430952},{"name":"Lavabo","type":"multiple_choice","position":1,"required":true,"title_format":"heading","default":"","description_enable":false,"description":"","placeholder_enable":false,"placeholder":"","display":"select","restrictions_type":"any_text","adjust_price":false,"price":"","price_type":"flat_fee","restrictions":false,"min":"0","max":"0","options":[{"label":"lavabo de ceramica","price":"","price_type":"quantity_based","image":0,"visibility":true},{"label":"lavabo de cristal","price":"84","price_type":"quantity_based","image":0,"visibility":true}],"id":1717430953},{"name":"columna","type":"multiple_choice","position":2,"required":true,"title_format":"heading","default":"","description_enable":false,"description":"","placeholder_enable":false,"placeholder":"","display":"select","restrictions_type":"any_text","adjust_price":false,"price":"","price_type":"flat_fee","restrictions":false,"min":"0","max":"0","options":[{"label":"SIN columna","price":"","price_type":"quantity_based","image":0,"visibility":true},{"label":"una columna de 35x20xH140 cm","price":"189","price_type":"quantity_based","image":0,"visibility":true},{"label":"dos columnas de 35x20xH140 cm","price":"378","price_type":"quantity_based","image":0,"visibility":true}],"id":1717430954},{"name":"espejo","type":"multiple_choice","position":3,"required":true,"title_format":"heading","default":"","description_enable":false,"description":"","placeholder_enable":false,"placeholder":"","display":"select","restrictions_type":"any_text","adjust_price":false,"price":"","price_type":"flat_fee","restrictions":false,"min":"0","max":"0","options":[{"label":"sin espejo","price":"","price_type":"quantity_based","image":0,"visibility":true},{"label":"Espejo LED ovalado 75x100cm, con interruptor t\u00e1ctil y borde decorado","price":"210","price_type":"quantity_based","image":0,"visibility":true}],"id":1717430955}],"yoast_head":"<!-- This site is optimized with the Yoast SEO plugin v26.7 - https:\/\/yoast.com\/wordpress\/plugins\/seo\/ -->\n<title>Mueble de ba\u00f1o suspendido milos 100 cm blanco brillante negro cer\u00e1mico fregadero<\/title>\n<meta name=\"description\" content=\"Mueble de ba\u00f1o suspendido a partir de 100 cm. Disponible en negro y blanco brillante con lavabo cer\u00e1mico.\" \/>\n<meta name=\"robots\" content=\"index, follow, max-snippet:-1, max-image-preview:large, max-video-preview:-1\" \/>\n<link rel=\"canonical\" href=\"https:\/\/www.bagnoitalia.com\/es\/producto\/mueble-de-bano-suspendido-milos-100-cm-blanco-brillante-lavabo-ceramico-negro.html\" \/>\n<meta property=\"og:locale\" content=\"es_ES\" \/>\n<meta property=\"og:type\" content=\"article\" \/>\n<meta property=\"og:title\" content=\"Mueble de ba\u00f1o suspendido milos 100 cm blanco brillante negro cer\u00e1mico fregadero\" \/>\n<meta property=\"og:description\" content=\"Mueble de ba\u00f1o suspendido a partir de 100 cm. Disponible en negro y blanco brillante con lavabo cer\u00e1mico.\" \/>\n<meta property=\"og:url\" content=\"https:\/\/www.bagnoitalia.com\/es\/producto\/mueble-de-bano-suspendido-milos-100-cm-blanco-brillante-lavabo-ceramico-negro.html\" \/>\n<meta property=\"og:site_name\" content=\"Bagno Italia\" \/>\n<meta property=\"article:modified_time\" content=\"2025-11-27T13:19:17+00:00\" \/>\n<meta property=\"og:image\" content=\"https:\/\/img.bagnoitalia.com\/wp-content\/uploads\/mobile-bagno-moderno-sospesp-100-grafite-bianco.jpg\" \/>\n\t<meta property=\"og:image:width\" content=\"1000\" \/>\n\t<meta property=\"og:image:height\" content=\"1000\" \/>\n\t<meta property=\"og:image:type\" content=\"image\/jpeg\" \/>\n<meta name=\"twitter:card\" content=\"summary_large_image\" \/>\n<meta name=\"twitter:label1\" content=\"Tiempo de lectura\" \/>\n\t<meta name=\"twitter:data1\" content=\"2 minutos\" \/>\n<script type=\"application\/ld+json\" class=\"yoast-schema-graph\">{\"@context\":\"https:\/\/schema.org\",\"@graph\":[{\"@type\":\"WebPage\",\"@id\":\"https:\/\/www.bagnoitalia.com\/es\/producto\/mueble-de-bano-suspendido-milos-100-cm-blanco-brillante-lavabo-ceramico-negro.html\",\"url\":\"https:\/\/www.bagnoitalia.com\/es\/producto\/mueble-de-bano-suspendido-milos-100-cm-blanco-brillante-lavabo-ceramico-negro.html\",\"name\":\"Mueble de ba\u00f1o suspendido milos 100 cm blanco brillante negro cer\u00e1mico fregadero\",\"isPartOf\":{\"@id\":\"https:\/\/www.bagnoitalia.com\/es#website\"},\"primaryImageOfPage\":{\"@id\":\"https:\/\/www.bagnoitalia.com\/es\/producto\/mueble-de-bano-suspendido-milos-100-cm-blanco-brillante-lavabo-ceramico-negro.html#primaryimage\"},\"image\":{\"@id\":\"https:\/\/www.bagnoitalia.com\/es\/producto\/mueble-de-bano-suspendido-milos-100-cm-blanco-brillante-lavabo-ceramico-negro.html#primaryimage\"},\"thumbnailUrl\":\"https:\/\/img.bagnoitalia.com\/wp-content\/uploads\/mobile-bagno-moderno-sospesp-100-grafite-bianco.jpg\",\"datePublished\":\"2016-04-14T05:45:14+00:00\",\"dateModified\":\"2025-11-27T13:19:17+00:00\",\"description\":\"Mueble de ba\u00f1o suspendido a partir de 100 cm. Disponible en negro y blanco brillante con lavabo cer\u00e1mico.\",\"breadcrumb\":{\"@id\":\"https:\/\/www.bagnoitalia.com\/es\/producto\/mueble-de-bano-suspendido-milos-100-cm-blanco-brillante-lavabo-ceramico-negro.html#breadcrumb\"},\"inLanguage\":\"es\",\"potentialAction\":[{\"@type\":\"ReadAction\",\"target\":[\"https:\/\/www.bagnoitalia.com\/es\/producto\/mueble-de-bano-suspendido-milos-100-cm-blanco-brillante-lavabo-ceramico-negro.html\"]}]},{\"@type\":\"ImageObject\",\"inLanguage\":\"es\",\"@id\":\"https:\/\/www.bagnoitalia.com\/es\/producto\/mueble-de-bano-suspendido-milos-100-cm-blanco-brillante-lavabo-ceramico-negro.html#primaryimage\",\"url\":\"https:\/\/img.bagnoitalia.com\/wp-content\/uploads\/mobile-bagno-moderno-sospesp-100-grafite-bianco.jpg\",\"contentUrl\":\"https:\/\/img.bagnoitalia.com\/wp-content\/uploads\/mobile-bagno-moderno-sospesp-100-grafite-bianco.jpg\",\"width\":1000,\"height\":1000},{\"@type\":\"BreadcrumbList\",\"@id\":\"https:\/\/www.bagnoitalia.com\/es\/producto\/mueble-de-bano-suspendido-milos-100-cm-blanco-brillante-lavabo-ceramico-negro.html#breadcrumb\",\"itemListElement\":[{\"@type\":\"ListItem\",\"position\":1,\"name\":\"Home\",\"item\":\"https:\/\/www.bagnoitalia.com\/es\"},{\"@type\":\"ListItem\",\"position\":2,\"name\":\"Productos\",\"item\":\"https:\/\/www.bagnoitalia.com\/es\/shop\"},{\"@type\":\"ListItem\",\"position\":3,\"name\":\"Mueble de ba\u00f1o suspendido Milos, 100 cm, blanco o grafito, lavabo de cer\u00e1mica\"}]},{\"@type\":\"WebSite\",\"@id\":\"https:\/\/www.bagnoitalia.com\/es#website\",\"url\":\"https:\/\/www.bagnoitalia.com\/es\",\"name\":\"Bagno Italia\",\"description\":\"\",\"publisher\":{\"@id\":\"https:\/\/www.bagnoitalia.com\/es#organization\"},\"potentialAction\":[{\"@type\":\"SearchAction\",\"target\":{\"@type\":\"EntryPoint\",\"urlTemplate\":\"https:\/\/www.bagnoitalia.com\/es?s={search_term_string}\"},\"query-input\":{\"@type\":\"PropertyValueSpecification\",\"valueRequired\":true,\"valueName\":\"search_term_string\"}}],\"inLanguage\":\"es\"},{\"@type\":\"Organization\",\"@id\":\"https:\/\/www.bagnoitalia.com\/es#organization\",\"name\":\"Bagno Italia\",\"url\":\"https:\/\/www.bagnoitalia.com\/es\",\"logo\":{\"@type\":\"ImageObject\",\"inLanguage\":\"es\",\"@id\":\"https:\/\/www.bagnoitalia.com\/es#\/schema\/logo\/image\/\",\"url\":\"https:\/\/img.bagnoitalia.com\/wp-content\/uploads\/logo-bagnoitalia.webp\",\"contentUrl\":\"https:\/\/img.bagnoitalia.com\/wp-content\/uploads\/logo-bagnoitalia.webp\",\"width\":400,\"height\":70,\"caption\":\"Bagno Italia\"},\"image\":{\"@id\":\"https:\/\/www.bagnoitalia.com\/es#\/schema\/logo\/image\/\"}}]}<\/script>\n<!-- \/ Yoast SEO plugin. -->","yoast_head_json":{"title":"Mueble de ba\u00f1o suspendido milos 100 cm blanco brillante negro cer\u00e1mico fregadero","description":"Mueble de ba\u00f1o suspendido a partir de 100 cm. Disponible en negro y blanco brillante con lavabo cer\u00e1mico.","robots":{"index":"index","follow":"follow","max-snippet":"max-snippet:-1","max-image-preview":"max-image-preview:large","max-video-preview":"max-video-preview:-1"},"canonical":"https:\/\/www.bagnoitalia.com\/es\/producto\/mueble-de-bano-suspendido-milos-100-cm-blanco-brillante-lavabo-ceramico-negro.html","og_locale":"es_ES","og_type":"article","og_title":"Mueble de ba\u00f1o suspendido milos 100 cm blanco brillante negro cer\u00e1mico fregadero","og_description":"Mueble de ba\u00f1o suspendido a partir de 100 cm. Disponible en negro y blanco brillante con lavabo cer\u00e1mico.","og_url":"https:\/\/www.bagnoitalia.com\/es\/producto\/mueble-de-bano-suspendido-milos-100-cm-blanco-brillante-lavabo-ceramico-negro.html","og_site_name":"Bagno Italia","article_modified_time":"2025-11-27T13:19:17+00:00","og_image":[{"width":1000,"height":1000,"url":"https:\/\/img.bagnoitalia.com\/wp-content\/uploads\/mobile-bagno-moderno-sospesp-100-grafite-bianco.jpg","type":"image\/jpeg"}],"twitter_card":"summary_large_image","twitter_misc":{"Tiempo de lectura":"2 minutos"},"schema":{"@context":"https:\/\/schema.org","@graph":[{"@type":"WebPage","@id":"https:\/\/www.bagnoitalia.com\/es\/producto\/mueble-de-bano-suspendido-milos-100-cm-blanco-brillante-lavabo-ceramico-negro.html","url":"https:\/\/www.bagnoitalia.com\/es\/producto\/mueble-de-bano-suspendido-milos-100-cm-blanco-brillante-lavabo-ceramico-negro.html","name":"Mueble de ba\u00f1o suspendido milos 100 cm blanco brillante negro cer\u00e1mico fregadero","isPartOf":{"@id":"https:\/\/www.bagnoitalia.com\/es#website"},"primaryImageOfPage":{"@id":"https:\/\/www.bagnoitalia.com\/es\/producto\/mueble-de-bano-suspendido-milos-100-cm-blanco-brillante-lavabo-ceramico-negro.html#primaryimage"},"image":{"@id":"https:\/\/www.bagnoitalia.com\/es\/producto\/mueble-de-bano-suspendido-milos-100-cm-blanco-brillante-lavabo-ceramico-negro.html#primaryimage"},"thumbnailUrl":"https:\/\/img.bagnoitalia.com\/wp-content\/uploads\/mobile-bagno-moderno-sospesp-100-grafite-bianco.jpg","datePublished":"2016-04-14T05:45:14+00:00","dateModified":"2025-11-27T13:19:17+00:00","description":"Mueble de ba\u00f1o suspendido a partir de 100 cm. Disponible en negro y blanco brillante con lavabo cer\u00e1mico.","breadcrumb":{"@id":"https:\/\/www.bagnoitalia.com\/es\/producto\/mueble-de-bano-suspendido-milos-100-cm-blanco-brillante-lavabo-ceramico-negro.html#breadcrumb"},"inLanguage":"es","potentialAction":[{"@type":"ReadAction","target":["https:\/\/www.bagnoitalia.com\/es\/producto\/mueble-de-bano-suspendido-milos-100-cm-blanco-brillante-lavabo-ceramico-negro.html"]}]},{"@type":"ImageObject","inLanguage":"es","@id":"https:\/\/www.bagnoitalia.com\/es\/producto\/mueble-de-bano-suspendido-milos-100-cm-blanco-brillante-lavabo-ceramico-negro.html#primaryimage","url":"https:\/\/img.bagnoitalia.com\/wp-content\/uploads\/mobile-bagno-moderno-sospesp-100-grafite-bianco.jpg","contentUrl":"https:\/\/img.bagnoitalia.com\/wp-content\/uploads\/mobile-bagno-moderno-sospesp-100-grafite-bianco.jpg","width":1000,"height":1000},{"@type":"BreadcrumbList","@id":"https:\/\/www.bagnoitalia.com\/es\/producto\/mueble-de-bano-suspendido-milos-100-cm-blanco-brillante-lavabo-ceramico-negro.html#breadcrumb","itemListElement":[{"@type":"ListItem","position":1,"name":"Home","item":"https:\/\/www.bagnoitalia.com\/es"},{"@type":"ListItem","position":2,"name":"Productos","item":"https:\/\/www.bagnoitalia.com\/es\/shop"},{"@type":"ListItem","position":3,"name":"Mueble de ba\u00f1o suspendido Milos, 100 cm, blanco o grafito, lavabo de cer\u00e1mica"}]},{"@type":"WebSite","@id":"https:\/\/www.bagnoitalia.com\/es#website","url":"https:\/\/www.bagnoitalia.com\/es","name":"Bagno Italia","description":"","publisher":{"@id":"https:\/\/www.bagnoitalia.com\/es#organization"},"potentialAction":[{"@type":"SearchAction","target":{"@type":"EntryPoint","urlTemplate":"https:\/\/www.bagnoitalia.com\/es?s={search_term_string}"},"query-input":{"@type":"PropertyValueSpecification","valueRequired":true,"valueName":"search_term_string"}}],"inLanguage":"es"},{"@type":"Organization","@id":"https:\/\/www.bagnoitalia.com\/es#organization","name":"Bagno Italia","url":"https:\/\/www.bagnoitalia.com\/es","logo":{"@type":"ImageObject","inLanguage":"es","@id":"https:\/\/www.bagnoitalia.com\/es#\/schema\/logo\/image\/","url":"https:\/\/img.bagnoitalia.com\/wp-content\/uploads\/logo-bagnoitalia.webp","contentUrl":"https:\/\/img.bagnoitalia.com\/wp-content\/uploads\/logo-bagnoitalia.webp","width":400,"height":70,"caption":"Bagno Italia"},"image":{"@id":"https:\/\/www.bagnoitalia.com\/es#\/schema\/logo\/image\/"}}]}},"_links":{"self":[{"href":"https:\/\/www.bagnoitalia.com\/es\/wp-json\/wp\/v2\/product\/79956","targetHints":{"allow":["GET"]}}],"collection":[{"href":"https:\/\/www.bagnoitalia.com\/es\/wp-json\/wp\/v2\/product"}],"about":[{"href":"https:\/\/www.bagnoitalia.com\/es\/wp-json\/wp\/v2\/types\/product"}],"replies":[{"embeddable":true,"href":"https:\/\/www.bagnoitalia.com\/es\/wp-json\/wp\/v2\/comments?post=79956"}],"version-history":[{"count":4,"href":"https:\/\/www.bagnoitalia.com\/es\/wp-json\/wp\/v2\/product\/79956\/revisions"}],"predecessor-version":[{"id":115081,"href":"https:\/\/www.bagnoitalia.com\/es\/wp-json\/wp\/v2\/product\/79956\/revisions\/115081"}],"wp:featuredmedia":[{"embeddable":true,"href":"https:\/\/www.bagnoitalia.com\/es\/wp-json\/wp\/v2\/media\/115065"}],"wp:attachment":[{"href":"https:\/\/www.bagnoitalia.com\/es\/wp-json\/wp\/v2\/media?parent=79956"}],"wp:term":[{"taxonomy":"product_brand","embeddable":true,"href":"https:\/\/www.bagnoitalia.com\/es\/wp-json\/wp\/v2\/product_brand?post=79956"},{"taxonomy":"product_cat","embeddable":true,"href":"https:\/\/www.bagnoitalia.com\/es\/wp-json\/wp\/v2\/product_cat?post=79956"},{"taxonomy":"product_tag","embeddable":true,"href":"https:\/\/www.bagnoitalia.com\/es\/wp-json\/wp\/v2\/product_tag?post=79956"}],"curies":[{"name":"wp","href":"https:\/\/api.w.org\/{rel}","templated":true}]}}