{"id":79952,"date":"2016-04-13T11:02:16","date_gmt":"2016-04-13T09:02:16","guid":{"rendered":"https:\/\/www.bagnoitalia.com\/product\/muebles-de-exterior-elga-253x83-negro-salon-blanco-cojines-sofa-mesa-de-centro-de-vidrio-de-estilo-moderno"},"modified":"2024-05-10T23:46:09","modified_gmt":"2024-05-10T21:46:09","slug":"muebles-de-exterior-elga-253x83-negro-salon-blanco-cojines-sofa-mesa-de-centro-de-vidrio-de-estilo-moderno","status":"publish","type":"product","link":"https:\/\/www.bagnoitalia.com\/es\/producto\/muebles-de-exterior-elga-253x83-negro-salon-blanco-cojines-sofa-mesa-de-centro-de-vidrio-de-estilo-moderno.html","title":{"rendered":"Mueble de exterior Sala Elga Negra 253&#215;83 con Cojines blancos y Mesa de centro de vidrio, estilo moderno"},"content":{"rendered":"<h1 class=\"western\" style=\"margin-top: 0cm; margin-bottom: 0cm;\"><span style=\"font-size: 14pt;\"><strong><span style=\"text-decoration: underline;\">Mueble de exterior Sala Elga 253&#215;83 color negro con mesa.<\/span><\/strong><\/span><\/h1>\n<h1 class=\"western\" style=\"margin-top: 0cm; margin-bottom: 0cm;\"><\/h1>\n<ul>\n<li class=\"western\" style=\"margin-top: 0cm; margin-bottom: 0cm;\"><span style=\"font-size: 12pt;\"><strong><span style=\"font-size: small;\"><span style=\"font-weight: normal;\">Sof\u00e1 grande 253x83x65 cm (65 es la altura en espalier)<\/span><\/span><\/strong><\/span><\/li>\n<li style=\"margin-bottom: 0cm;\"><span style=\"font-size: 12pt;\"><strong><span style=\"font-size: small;\"><span style=\"font-weight: normal;\">Altura desde el suelo 40 cm.<\/span><\/span><\/strong><\/span><\/li>\n<li class=\"western\" style=\"margin-top: 0cm; margin-bottom: 0cm;\"><span style=\"font-size: 12pt;\"><strong><span style=\"font-size: small;\"><span style=\"font-weight: normal;\">Longitud total: 5,60 m<\/span><\/span><\/strong><\/span><\/li>\n<li class=\"western\" style=\"margin-top: 0cm; margin-bottom: 0cm;\"><span style=\"font-size: 12pt;\"><strong><span style=\"font-size: small;\"><span style=\"font-weight: normal;\">Mesa: 80x80x35 cm.<\/span><\/span><\/strong><\/span><\/li>\n<li class=\"western\" style=\"margin-top: 0cm; margin-bottom: 0cm;\"><span style=\"font-size: 12pt;\"><strong><span style=\"font-size: small;\"><span style=\"font-weight: normal;\">Conjunto compuesto por un gran sof\u00e1 de esquina (que incluye cojines blancos con un grosor de 8 cm) + mesa con vidrio templado de 5 mm.<\/span><\/span><\/strong><\/span><\/li>\n<\/ul>\n<p style=\"margin-bottom: 0cm;\"><span style=\"font-size: 14pt;\"><strong><span style=\"text-decoration: underline;\">caracter\u00edsticas:<\/span><\/strong><\/span><\/p>\n<ul>\n<li style=\"margin-bottom: 0cm;\"><span style=\"font-size: 12pt;\"><strong><span style=\"font-size: small;\"><span style=\"font-weight: normal;\">Resistente a todo tipo de <em>clima<\/em> y condiciones clim\u00e1ticas.<\/span><\/span><\/strong><\/span><\/li>\n<li style=\"margin-bottom: 0cm;\"><span style=\"font-size: 12pt;\"><strong><span style=\"font-size: small;\"><span style=\"font-weight: normal;\">F\u00e1cil de lavar<\/span><\/span><\/strong><\/span><\/li>\n<li style=\"margin-bottom: 0cm;\"><span style=\"font-size: 12pt;\"><strong><span style=\"font-size: small;\"><span style=\"font-weight: normal;\">Acabado a mano<\/span><\/span><\/strong><\/span><\/li>\n<li style=\"margin-bottom: 0cm;\"><span style=\"font-size: 12pt;\"><strong><span style=\"font-size: small;\"><span style=\"font-weight: normal;\">Forro de cojines extra\u00edbles<\/span><\/span><\/strong><\/span><\/li>\n<li style=\"margin-bottom: 0cm;\"><span style=\"font-size: 12pt;\"><strong><span style=\"font-size: small;\"><span style=\"font-weight: normal;\">Resistente al agua salada.<\/span><\/span><\/strong><\/span><\/li>\n<li style=\"margin-bottom: 0cm;\"><span style=\"font-size: 12pt;\"><strong><span style=\"font-size: small;\"><span style=\"font-weight: normal;\">Producto 100% polyrattan de excelente calidad.<\/span><\/span><\/strong><\/span><\/li>\n<li style=\"margin-bottom: 0cm;\"><span style=\"font-size: 12pt;\"><strong><span style=\"font-size: small;\"><span style=\"font-weight: normal;\">Resistente a los rayos UV y anti-fading.<\/span><\/span><\/strong><\/span><\/li>\n<li style=\"margin-bottom: 0cm;\"><span style=\"font-size: 12pt;\"><strong><span style=\"font-size: small;\"><span style=\"font-weight: normal;\">Cojines impermeables y producto con marco reforzado.<\/span><\/span><\/strong><\/span><\/li>\n<\/ul>\n","protected":false},"excerpt":{"rendered":"<p>Muebles de exterior Elga modelo 253&#215;83 Sala negra con cojines blancos compuestos de sof\u00e1, mesa de vidrio en estilo moderno<\/p>\n","protected":false},"featured_media":30346,"comment_status":"open","ping_status":"closed","template":"","meta":[],"product_brand":[5021],"product_cat":[10014,9785],"product_tag":[],"class_list":{"0":"post-79952","1":"product","2":"type-product","3":"status-publish","4":"has-post-thumbnail","6":"product_brand-predator-arredo-casa","7":"product_cat-sofas-de-exterior","8":"product_cat-muebles-de-exterior","10":"first","11":"instock","12":"sale","13":"taxable","14":"shipping-taxable","15":"purchasable","16":"product-type-simple"},"exclude_global_add_ons":[],"addons":[],"yoast_head":"<!-- This site is optimized with the Yoast SEO plugin v26.7 - https:\/\/yoast.com\/wordpress\/plugins\/seo\/ -->\n<title>Muebles de exterior Elga 253x83 negro sal\u00f3n blanco cojines sof\u00e1 mesa de centro de vidrio de estilo moderno<\/title>\n<meta name=\"description\" content=\"Muebles de exterior Elga modelo 253x83 sal\u00f3n negro con cojines blancos compuestos de sof\u00e1, mesa de vidrio en estilo moderno\" \/>\n<meta name=\"robots\" content=\"index, follow, max-snippet:-1, max-image-preview:large, max-video-preview:-1\" \/>\n<link rel=\"canonical\" href=\"https:\/\/www.bagnoitalia.com\/es\/producto\/muebles-de-exterior-elga-253x83-negro-salon-blanco-cojines-sofa-mesa-de-centro-de-vidrio-de-estilo-moderno.html\" \/>\n<meta property=\"og:locale\" content=\"es_ES\" \/>\n<meta property=\"og:type\" content=\"article\" \/>\n<meta property=\"og:title\" content=\"Muebles de exterior Elga 253x83 negro sal\u00f3n blanco cojines sof\u00e1 mesa de centro de vidrio de estilo moderno\" \/>\n<meta property=\"og:description\" content=\"Muebles de exterior Elga modelo 253x83 sal\u00f3n negro con cojines blancos compuestos de sof\u00e1, mesa de vidrio en estilo moderno\" \/>\n<meta property=\"og:url\" content=\"https:\/\/www.bagnoitalia.com\/es\/producto\/muebles-de-exterior-elga-253x83-negro-salon-blanco-cojines-sofa-mesa-de-centro-de-vidrio-de-estilo-moderno.html\" \/>\n<meta property=\"og:site_name\" content=\"Bagno Italia\" \/>\n<meta property=\"article:modified_time\" content=\"2024-05-10T21:46:09+00:00\" \/>\n<meta property=\"og:image\" content=\"https:\/\/img.bagnoitalia.com\/wp-content\/uploads\/virtuemart\/product\/Black-outdoor-furnishing-253x83-Elga-1-sofa-white-cushions-glass-coffe-table-modern-style-45.jpg\" \/>\n\t<meta property=\"og:image:width\" content=\"199\" \/>\n\t<meta property=\"og:image:height\" content=\"200\" \/>\n\t<meta property=\"og:image:type\" content=\"image\/jpeg\" \/>\n<meta name=\"twitter:card\" content=\"summary_large_image\" \/>\n<meta name=\"twitter:label1\" content=\"Tiempo de lectura\" \/>\n\t<meta name=\"twitter:data1\" content=\"1 minuto\" \/>\n<script type=\"application\/ld+json\" class=\"yoast-schema-graph\">{\"@context\":\"https:\/\/schema.org\",\"@graph\":[{\"@type\":\"WebPage\",\"@id\":\"https:\/\/www.bagnoitalia.com\/es\/producto\/muebles-de-exterior-elga-253x83-negro-salon-blanco-cojines-sofa-mesa-de-centro-de-vidrio-de-estilo-moderno.html\",\"url\":\"https:\/\/www.bagnoitalia.com\/es\/producto\/muebles-de-exterior-elga-253x83-negro-salon-blanco-cojines-sofa-mesa-de-centro-de-vidrio-de-estilo-moderno.html\",\"name\":\"Muebles de exterior Elga 253x83 negro sal\u00f3n blanco cojines sof\u00e1 mesa de centro de vidrio de estilo moderno\",\"isPartOf\":{\"@id\":\"https:\/\/www.bagnoitalia.com\/es#website\"},\"primaryImageOfPage\":{\"@id\":\"https:\/\/www.bagnoitalia.com\/es\/producto\/muebles-de-exterior-elga-253x83-negro-salon-blanco-cojines-sofa-mesa-de-centro-de-vidrio-de-estilo-moderno.html#primaryimage\"},\"image\":{\"@id\":\"https:\/\/www.bagnoitalia.com\/es\/producto\/muebles-de-exterior-elga-253x83-negro-salon-blanco-cojines-sofa-mesa-de-centro-de-vidrio-de-estilo-moderno.html#primaryimage\"},\"thumbnailUrl\":\"https:\/\/img.bagnoitalia.com\/wp-content\/uploads\/virtuemart\/product\/Black-outdoor-furnishing-253x83-Elga-1-sofa-white-cushions-glass-coffe-table-modern-style-45.jpg\",\"datePublished\":\"2016-04-13T09:02:16+00:00\",\"dateModified\":\"2024-05-10T21:46:09+00:00\",\"description\":\"Muebles de exterior Elga modelo 253x83 sal\u00f3n negro con cojines blancos compuestos de sof\u00e1, mesa de vidrio en estilo moderno\",\"breadcrumb\":{\"@id\":\"https:\/\/www.bagnoitalia.com\/es\/producto\/muebles-de-exterior-elga-253x83-negro-salon-blanco-cojines-sofa-mesa-de-centro-de-vidrio-de-estilo-moderno.html#breadcrumb\"},\"inLanguage\":\"es\",\"potentialAction\":[{\"@type\":\"ReadAction\",\"target\":[\"https:\/\/www.bagnoitalia.com\/es\/producto\/muebles-de-exterior-elga-253x83-negro-salon-blanco-cojines-sofa-mesa-de-centro-de-vidrio-de-estilo-moderno.html\"]}]},{\"@type\":\"ImageObject\",\"inLanguage\":\"es\",\"@id\":\"https:\/\/www.bagnoitalia.com\/es\/producto\/muebles-de-exterior-elga-253x83-negro-salon-blanco-cojines-sofa-mesa-de-centro-de-vidrio-de-estilo-moderno.html#primaryimage\",\"url\":\"https:\/\/img.bagnoitalia.com\/wp-content\/uploads\/virtuemart\/product\/Black-outdoor-furnishing-253x83-Elga-1-sofa-white-cushions-glass-coffe-table-modern-style-45.jpg\",\"contentUrl\":\"https:\/\/img.bagnoitalia.com\/wp-content\/uploads\/virtuemart\/product\/Black-outdoor-furnishing-253x83-Elga-1-sofa-white-cushions-glass-coffe-table-modern-style-45.jpg\",\"width\":199,\"height\":200},{\"@type\":\"BreadcrumbList\",\"@id\":\"https:\/\/www.bagnoitalia.com\/es\/producto\/muebles-de-exterior-elga-253x83-negro-salon-blanco-cojines-sofa-mesa-de-centro-de-vidrio-de-estilo-moderno.html#breadcrumb\",\"itemListElement\":[{\"@type\":\"ListItem\",\"position\":1,\"name\":\"Home\",\"item\":\"https:\/\/www.bagnoitalia.com\/es\"},{\"@type\":\"ListItem\",\"position\":2,\"name\":\"Productos\",\"item\":\"https:\/\/www.bagnoitalia.com\/es\/shop\"},{\"@type\":\"ListItem\",\"position\":3,\"name\":\"Mueble de exterior Sala Elga Negra 253&#215;83 con Cojines blancos y Mesa de centro de vidrio, estilo moderno\"}]},{\"@type\":\"WebSite\",\"@id\":\"https:\/\/www.bagnoitalia.com\/es#website\",\"url\":\"https:\/\/www.bagnoitalia.com\/es\",\"name\":\"Bagno Italia\",\"description\":\"\",\"publisher\":{\"@id\":\"https:\/\/www.bagnoitalia.com\/es#organization\"},\"potentialAction\":[{\"@type\":\"SearchAction\",\"target\":{\"@type\":\"EntryPoint\",\"urlTemplate\":\"https:\/\/www.bagnoitalia.com\/es?s={search_term_string}\"},\"query-input\":{\"@type\":\"PropertyValueSpecification\",\"valueRequired\":true,\"valueName\":\"search_term_string\"}}],\"inLanguage\":\"es\"},{\"@type\":\"Organization\",\"@id\":\"https:\/\/www.bagnoitalia.com\/es#organization\",\"name\":\"Bagno Italia\",\"url\":\"https:\/\/www.bagnoitalia.com\/es\",\"logo\":{\"@type\":\"ImageObject\",\"inLanguage\":\"es\",\"@id\":\"https:\/\/www.bagnoitalia.com\/es#\/schema\/logo\/image\/\",\"url\":\"https:\/\/img.bagnoitalia.com\/wp-content\/uploads\/logo-bagnoitalia.webp\",\"contentUrl\":\"https:\/\/img.bagnoitalia.com\/wp-content\/uploads\/logo-bagnoitalia.webp\",\"width\":400,\"height\":70,\"caption\":\"Bagno Italia\"},\"image\":{\"@id\":\"https:\/\/www.bagnoitalia.com\/es#\/schema\/logo\/image\/\"}}]}<\/script>\n<!-- \/ Yoast SEO plugin. -->","yoast_head_json":{"title":"Muebles de exterior Elga 253x83 negro sal\u00f3n blanco cojines sof\u00e1 mesa de centro de vidrio de estilo moderno","description":"Muebles de exterior Elga modelo 253x83 sal\u00f3n negro con cojines blancos compuestos de sof\u00e1, mesa de vidrio en estilo moderno","robots":{"index":"index","follow":"follow","max-snippet":"max-snippet:-1","max-image-preview":"max-image-preview:large","max-video-preview":"max-video-preview:-1"},"canonical":"https:\/\/www.bagnoitalia.com\/es\/producto\/muebles-de-exterior-elga-253x83-negro-salon-blanco-cojines-sofa-mesa-de-centro-de-vidrio-de-estilo-moderno.html","og_locale":"es_ES","og_type":"article","og_title":"Muebles de exterior Elga 253x83 negro sal\u00f3n blanco cojines sof\u00e1 mesa de centro de vidrio de estilo moderno","og_description":"Muebles de exterior Elga modelo 253x83 sal\u00f3n negro con cojines blancos compuestos de sof\u00e1, mesa de vidrio en estilo moderno","og_url":"https:\/\/www.bagnoitalia.com\/es\/producto\/muebles-de-exterior-elga-253x83-negro-salon-blanco-cojines-sofa-mesa-de-centro-de-vidrio-de-estilo-moderno.html","og_site_name":"Bagno Italia","article_modified_time":"2024-05-10T21:46:09+00:00","og_image":[{"width":199,"height":200,"url":"https:\/\/img.bagnoitalia.com\/wp-content\/uploads\/virtuemart\/product\/Black-outdoor-furnishing-253x83-Elga-1-sofa-white-cushions-glass-coffe-table-modern-style-45.jpg","type":"image\/jpeg"}],"twitter_card":"summary_large_image","twitter_misc":{"Tiempo de lectura":"1 minuto"},"schema":{"@context":"https:\/\/schema.org","@graph":[{"@type":"WebPage","@id":"https:\/\/www.bagnoitalia.com\/es\/producto\/muebles-de-exterior-elga-253x83-negro-salon-blanco-cojines-sofa-mesa-de-centro-de-vidrio-de-estilo-moderno.html","url":"https:\/\/www.bagnoitalia.com\/es\/producto\/muebles-de-exterior-elga-253x83-negro-salon-blanco-cojines-sofa-mesa-de-centro-de-vidrio-de-estilo-moderno.html","name":"Muebles de exterior Elga 253x83 negro sal\u00f3n blanco cojines sof\u00e1 mesa de centro de vidrio de estilo moderno","isPartOf":{"@id":"https:\/\/www.bagnoitalia.com\/es#website"},"primaryImageOfPage":{"@id":"https:\/\/www.bagnoitalia.com\/es\/producto\/muebles-de-exterior-elga-253x83-negro-salon-blanco-cojines-sofa-mesa-de-centro-de-vidrio-de-estilo-moderno.html#primaryimage"},"image":{"@id":"https:\/\/www.bagnoitalia.com\/es\/producto\/muebles-de-exterior-elga-253x83-negro-salon-blanco-cojines-sofa-mesa-de-centro-de-vidrio-de-estilo-moderno.html#primaryimage"},"thumbnailUrl":"https:\/\/img.bagnoitalia.com\/wp-content\/uploads\/virtuemart\/product\/Black-outdoor-furnishing-253x83-Elga-1-sofa-white-cushions-glass-coffe-table-modern-style-45.jpg","datePublished":"2016-04-13T09:02:16+00:00","dateModified":"2024-05-10T21:46:09+00:00","description":"Muebles de exterior Elga modelo 253x83 sal\u00f3n negro con cojines blancos compuestos de sof\u00e1, mesa de vidrio en estilo moderno","breadcrumb":{"@id":"https:\/\/www.bagnoitalia.com\/es\/producto\/muebles-de-exterior-elga-253x83-negro-salon-blanco-cojines-sofa-mesa-de-centro-de-vidrio-de-estilo-moderno.html#breadcrumb"},"inLanguage":"es","potentialAction":[{"@type":"ReadAction","target":["https:\/\/www.bagnoitalia.com\/es\/producto\/muebles-de-exterior-elga-253x83-negro-salon-blanco-cojines-sofa-mesa-de-centro-de-vidrio-de-estilo-moderno.html"]}]},{"@type":"ImageObject","inLanguage":"es","@id":"https:\/\/www.bagnoitalia.com\/es\/producto\/muebles-de-exterior-elga-253x83-negro-salon-blanco-cojines-sofa-mesa-de-centro-de-vidrio-de-estilo-moderno.html#primaryimage","url":"https:\/\/img.bagnoitalia.com\/wp-content\/uploads\/virtuemart\/product\/Black-outdoor-furnishing-253x83-Elga-1-sofa-white-cushions-glass-coffe-table-modern-style-45.jpg","contentUrl":"https:\/\/img.bagnoitalia.com\/wp-content\/uploads\/virtuemart\/product\/Black-outdoor-furnishing-253x83-Elga-1-sofa-white-cushions-glass-coffe-table-modern-style-45.jpg","width":199,"height":200},{"@type":"BreadcrumbList","@id":"https:\/\/www.bagnoitalia.com\/es\/producto\/muebles-de-exterior-elga-253x83-negro-salon-blanco-cojines-sofa-mesa-de-centro-de-vidrio-de-estilo-moderno.html#breadcrumb","itemListElement":[{"@type":"ListItem","position":1,"name":"Home","item":"https:\/\/www.bagnoitalia.com\/es"},{"@type":"ListItem","position":2,"name":"Productos","item":"https:\/\/www.bagnoitalia.com\/es\/shop"},{"@type":"ListItem","position":3,"name":"Mueble de exterior Sala Elga Negra 253&#215;83 con Cojines blancos y Mesa de centro de vidrio, estilo moderno"}]},{"@type":"WebSite","@id":"https:\/\/www.bagnoitalia.com\/es#website","url":"https:\/\/www.bagnoitalia.com\/es","name":"Bagno Italia","description":"","publisher":{"@id":"https:\/\/www.bagnoitalia.com\/es#organization"},"potentialAction":[{"@type":"SearchAction","target":{"@type":"EntryPoint","urlTemplate":"https:\/\/www.bagnoitalia.com\/es?s={search_term_string}"},"query-input":{"@type":"PropertyValueSpecification","valueRequired":true,"valueName":"search_term_string"}}],"inLanguage":"es"},{"@type":"Organization","@id":"https:\/\/www.bagnoitalia.com\/es#organization","name":"Bagno Italia","url":"https:\/\/www.bagnoitalia.com\/es","logo":{"@type":"ImageObject","inLanguage":"es","@id":"https:\/\/www.bagnoitalia.com\/es#\/schema\/logo\/image\/","url":"https:\/\/img.bagnoitalia.com\/wp-content\/uploads\/logo-bagnoitalia.webp","contentUrl":"https:\/\/img.bagnoitalia.com\/wp-content\/uploads\/logo-bagnoitalia.webp","width":400,"height":70,"caption":"Bagno Italia"},"image":{"@id":"https:\/\/www.bagnoitalia.com\/es#\/schema\/logo\/image\/"}}]}},"_links":{"self":[{"href":"https:\/\/www.bagnoitalia.com\/es\/wp-json\/wp\/v2\/product\/79952","targetHints":{"allow":["GET"]}}],"collection":[{"href":"https:\/\/www.bagnoitalia.com\/es\/wp-json\/wp\/v2\/product"}],"about":[{"href":"https:\/\/www.bagnoitalia.com\/es\/wp-json\/wp\/v2\/types\/product"}],"replies":[{"embeddable":true,"href":"https:\/\/www.bagnoitalia.com\/es\/wp-json\/wp\/v2\/comments?post=79952"}],"version-history":[{"count":0,"href":"https:\/\/www.bagnoitalia.com\/es\/wp-json\/wp\/v2\/product\/79952\/revisions"}],"wp:featuredmedia":[{"embeddable":true,"href":"https:\/\/www.bagnoitalia.com\/es\/wp-json\/wp\/v2\/media\/30346"}],"wp:attachment":[{"href":"https:\/\/www.bagnoitalia.com\/es\/wp-json\/wp\/v2\/media?parent=79952"}],"wp:term":[{"taxonomy":"product_brand","embeddable":true,"href":"https:\/\/www.bagnoitalia.com\/es\/wp-json\/wp\/v2\/product_brand?post=79952"},{"taxonomy":"product_cat","embeddable":true,"href":"https:\/\/www.bagnoitalia.com\/es\/wp-json\/wp\/v2\/product_cat?post=79952"},{"taxonomy":"product_tag","embeddable":true,"href":"https:\/\/www.bagnoitalia.com\/es\/wp-json\/wp\/v2\/product_tag?post=79952"}],"curies":[{"name":"wp","href":"https:\/\/api.w.org\/{rel}","templated":true}]}}