{"id":79948,"date":"2016-04-13T10:30:12","date_gmt":"2016-04-13T08:30:12","guid":{"rendered":"https:\/\/www.bagnoitalia.com\/product\/sofa-esquinero-mara-mesa-270x80-sofa-grande-plateado-cristal-mesa-5-mm"},"modified":"2024-05-10T23:46:20","modified_gmt":"2024-05-10T21:46:20","slug":"sofa-esquinero-mara-mesa-270x80-sofa-grande-plateado-cristal-mesa-5-mm","status":"publish","type":"product","link":"https:\/\/www.bagnoitalia.com\/es\/producto\/sofa-esquinero-mara-mesa-270x80-sofa-grande-plateado-cristal-mesa-5-mm.html","title":{"rendered":"Sof\u00e1 esquinero Mara 270&#215;80 con Mesa de centro y Sill\u00f3n grande plateado"},"content":{"rendered":"<h1><span style=\"text-decoration: underline;\"><strong><span style=\"font-size: 14pt;\">Sof\u00e1 esquinero&nbsp;<\/span><\/strong><\/span><span style=\"text-decoration: underline;\"><strong><span style=\"font-size: 14pt;\">modelo Mara 270&#215;80 color plata<\/span><\/strong><\/span><\/h1>\n<p><span style=\"text-decoration: underline; font-size: 14pt;\"><strong>Medidas:<\/strong><\/span><\/p>\n<ul>\n<li><span style=\"font-size: 12pt;\"><strong><span style=\"font-size: small;\"><span style=\"font-weight: normal;\">Sof\u00e1 grande: 270x80x70 cm<\/span><\/span><\/strong><\/span><\/li>\n<li><span style=\"font-size: 12pt;\"><strong><span style=\"font-size: small;\"><span style=\"font-weight: normal;\">Altura desde la espalda 70 cm; Altura desde el suelo 40 cn.<\/span><\/span><\/strong><\/span><\/li>\n<li><span style=\"font-size: 12pt;\"><strong><span style=\"font-size: small;\"><span style=\"font-weight: normal;\">Longitud total del sof\u00e1 6,25 m.<\/span><\/span><\/strong><\/span><\/li>\n<li><span style=\"font-size: 12pt;\"><strong><span style=\"font-size: small;\"><span style=\"font-weight: normal;\">Mesa de centro: 80x80x38 cm<\/span><\/span><\/strong><\/span><\/li>\n<\/ul>\n<p><strong><span style=\"font-size: small;\"><span style=\"font-weight: normal;\"><span style=\"font-size: 12pt;\">Los muebles Mara consisten en un sof\u00e1 grande, un sill\u00f3n individual (ambos con almohadas de color crema de 8 cm) y una mesa de vidrio templado de 5 mm.<\/span><\/span><\/span><\/strong><\/p>\n<h1><\/h1>\n<h1 class=\"western\" style=\"margin-top: 0cm; margin-bottom: 0cm;\"><span style=\"font-size: 14pt;\"><strong><span style=\"text-decoration: underline;\">Caracter\u00edsticas espec\u00edficas:<\/span><\/strong><\/span><\/h1>\n<ul>\n<li class=\"western\" style=\"margin-top: 0cm; margin-bottom: 0cm;\"><span style=\"font-size: 12pt;\"><strong><span style=\"font-size: small;\"><span style=\"font-weight: normal;\">Resistente a todo tipo de clima y adecuado para todas las estaciones del a\u00f1o.<\/span><\/span><\/strong><\/span><\/li>\n<li class=\"western\" style=\"margin-top: 0cm; margin-bottom: 0cm;\"><span style=\"font-size: 12pt;\"><strong><span style=\"font-size: small;\"><span style=\"font-weight: normal;\">F\u00e1cil de lavar<\/span><\/span><\/strong><\/span><\/li>\n<li class=\"western\" style=\"margin-top: 0cm; margin-bottom: 0cm;\"><span style=\"font-size: 12pt;\"><strong><span style=\"font-size: small;\"><span style=\"font-weight: normal;\">Acabado a mano<\/span><\/span><\/strong><\/span><\/li>\n<li class=\"western\" style=\"margin-top: 0cm; margin-bottom: 0cm;\"><span style=\"font-size: 12pt;\"><strong><span style=\"font-size: small;\"><span style=\"font-weight: normal;\">Forro de cojines extra\u00edbles<\/span><\/span><\/strong><\/span><\/li>\n<li class=\"western\" style=\"margin-top: 0cm; margin-bottom: 0cm;\"><span style=\"font-size: 12pt;\"><strong><span style=\"font-size: small;\"><span style=\"font-weight: normal;\">Resistente al agua salada.<\/span><\/span><\/strong><\/span><\/li>\n<li class=\"western\" style=\"margin-top: 0cm; margin-bottom: 0cm;\"><span style=\"font-size: 12pt;\"><strong><span style=\"font-size: small;\"><span style=\"font-weight: normal;\">Sof\u00e1 100% polyrattan de excelente calidad.<\/span><\/span><\/strong><\/span><\/li>\n<li class=\"western\" style=\"margin-top: 0cm; margin-bottom: 0cm;\"><span style=\"font-size: 12pt;\"><strong><span style=\"font-size: small;\"><span style=\"font-weight: normal;\">Resistente a los rayos UV y anti-fading.<\/span><\/span><\/strong><\/span><\/li>\n<li class=\"western\" style=\"margin-top: 0cm; margin-bottom: 0cm;\"><span style=\"font-size: 12pt;\"><strong><span style=\"font-size: small;\"><span style=\"font-weight: normal;\">Cojines impermeables y sof\u00e1 con marco reforzado.<\/span><\/span><\/strong><\/span><\/li>\n<\/ul>\n","protected":false},"excerpt":{"rendered":"<p>Sof\u00e1 esquinero Mara de 270x80x70, Compuesto por un sof\u00e1 grande, un sill\u00f3n plateado y una mesa de cristal de 5 mm.<\/p>\n","protected":false},"featured_media":30322,"comment_status":"open","ping_status":"closed","template":"","meta":[],"product_brand":[5021],"product_cat":[10014,9785],"product_tag":[],"class_list":{"0":"post-79948","1":"product","2":"type-product","3":"status-publish","4":"has-post-thumbnail","6":"product_brand-predator-arredo-casa","7":"product_cat-sofas-de-exterior","8":"product_cat-muebles-de-exterior","10":"first","11":"instock","12":"sale","13":"taxable","14":"shipping-taxable","15":"purchasable","16":"product-type-simple"},"exclude_global_add_ons":[],"addons":[],"yoast_head":"<!-- This site is optimized with the Yoast SEO plugin v26.7 - https:\/\/yoast.com\/wordpress\/plugins\/seo\/ -->\n<title>Sof\u00e1 esquinero Mara mesa 270x80 sof\u00e1 grande plateado cristal mesa 5 mm<\/title>\n<meta name=\"description\" content=\"Sof\u00e1 esquinero Mara de 270x80x70 medidas compuesto por un sof\u00e1 grande, un sill\u00f3n plateado y una mesa de cristal de 5 mm.\" \/>\n<meta name=\"robots\" content=\"index, follow, max-snippet:-1, max-image-preview:large, max-video-preview:-1\" \/>\n<link rel=\"canonical\" href=\"https:\/\/www.bagnoitalia.com\/es\/producto\/sofa-esquinero-mara-mesa-270x80-sofa-grande-plateado-cristal-mesa-5-mm.html\" \/>\n<meta property=\"og:locale\" content=\"es_ES\" \/>\n<meta property=\"og:type\" content=\"article\" \/>\n<meta property=\"og:title\" content=\"Sof\u00e1 esquinero Mara mesa 270x80 sof\u00e1 grande plateado cristal mesa 5 mm\" \/>\n<meta property=\"og:description\" content=\"Sof\u00e1 esquinero Mara de 270x80x70 medidas compuesto por un sof\u00e1 grande, un sill\u00f3n plateado y una mesa de cristal de 5 mm.\" \/>\n<meta property=\"og:url\" content=\"https:\/\/www.bagnoitalia.com\/es\/producto\/sofa-esquinero-mara-mesa-270x80-sofa-grande-plateado-cristal-mesa-5-mm.html\" \/>\n<meta property=\"og:site_name\" content=\"Bagno Italia\" \/>\n<meta property=\"article:modified_time\" content=\"2024-05-10T21:46:20+00:00\" \/>\n<meta property=\"og:image\" content=\"https:\/\/img.bagnoitalia.com\/wp-content\/uploads\/virtuemart\/product\/Large-corner-sofa-270x80-Mara-with-armchair-silver-colour-5mm-crystal-table-200x200.jpg\" \/>\n\t<meta property=\"og:image:width\" content=\"197\" \/>\n\t<meta property=\"og:image:height\" content=\"200\" \/>\n\t<meta property=\"og:image:type\" content=\"image\/jpeg\" \/>\n<meta name=\"twitter:card\" content=\"summary_large_image\" \/>\n<meta name=\"twitter:label1\" content=\"Tiempo de lectura\" \/>\n\t<meta name=\"twitter:data1\" content=\"1 minuto\" \/>\n<script type=\"application\/ld+json\" class=\"yoast-schema-graph\">{\"@context\":\"https:\/\/schema.org\",\"@graph\":[{\"@type\":\"WebPage\",\"@id\":\"https:\/\/www.bagnoitalia.com\/es\/producto\/sofa-esquinero-mara-mesa-270x80-sofa-grande-plateado-cristal-mesa-5-mm.html\",\"url\":\"https:\/\/www.bagnoitalia.com\/es\/producto\/sofa-esquinero-mara-mesa-270x80-sofa-grande-plateado-cristal-mesa-5-mm.html\",\"name\":\"Sof\u00e1 esquinero Mara mesa 270x80 sof\u00e1 grande plateado cristal mesa 5 mm\",\"isPartOf\":{\"@id\":\"https:\/\/www.bagnoitalia.com\/es#website\"},\"primaryImageOfPage\":{\"@id\":\"https:\/\/www.bagnoitalia.com\/es\/producto\/sofa-esquinero-mara-mesa-270x80-sofa-grande-plateado-cristal-mesa-5-mm.html#primaryimage\"},\"image\":{\"@id\":\"https:\/\/www.bagnoitalia.com\/es\/producto\/sofa-esquinero-mara-mesa-270x80-sofa-grande-plateado-cristal-mesa-5-mm.html#primaryimage\"},\"thumbnailUrl\":\"https:\/\/img.bagnoitalia.com\/wp-content\/uploads\/virtuemart\/product\/Large-corner-sofa-270x80-Mara-with-armchair-silver-colour-5mm-crystal-table-200x200.jpg\",\"datePublished\":\"2016-04-13T08:30:12+00:00\",\"dateModified\":\"2024-05-10T21:46:20+00:00\",\"description\":\"Sof\u00e1 esquinero Mara de 270x80x70 medidas compuesto por un sof\u00e1 grande, un sill\u00f3n plateado y una mesa de cristal de 5 mm.\",\"breadcrumb\":{\"@id\":\"https:\/\/www.bagnoitalia.com\/es\/producto\/sofa-esquinero-mara-mesa-270x80-sofa-grande-plateado-cristal-mesa-5-mm.html#breadcrumb\"},\"inLanguage\":\"es\",\"potentialAction\":[{\"@type\":\"ReadAction\",\"target\":[\"https:\/\/www.bagnoitalia.com\/es\/producto\/sofa-esquinero-mara-mesa-270x80-sofa-grande-plateado-cristal-mesa-5-mm.html\"]}]},{\"@type\":\"ImageObject\",\"inLanguage\":\"es\",\"@id\":\"https:\/\/www.bagnoitalia.com\/es\/producto\/sofa-esquinero-mara-mesa-270x80-sofa-grande-plateado-cristal-mesa-5-mm.html#primaryimage\",\"url\":\"https:\/\/img.bagnoitalia.com\/wp-content\/uploads\/virtuemart\/product\/Large-corner-sofa-270x80-Mara-with-armchair-silver-colour-5mm-crystal-table-200x200.jpg\",\"contentUrl\":\"https:\/\/img.bagnoitalia.com\/wp-content\/uploads\/virtuemart\/product\/Large-corner-sofa-270x80-Mara-with-armchair-silver-colour-5mm-crystal-table-200x200.jpg\",\"width\":197,\"height\":200},{\"@type\":\"BreadcrumbList\",\"@id\":\"https:\/\/www.bagnoitalia.com\/es\/producto\/sofa-esquinero-mara-mesa-270x80-sofa-grande-plateado-cristal-mesa-5-mm.html#breadcrumb\",\"itemListElement\":[{\"@type\":\"ListItem\",\"position\":1,\"name\":\"Home\",\"item\":\"https:\/\/www.bagnoitalia.com\/es\"},{\"@type\":\"ListItem\",\"position\":2,\"name\":\"Productos\",\"item\":\"https:\/\/www.bagnoitalia.com\/es\/shop\"},{\"@type\":\"ListItem\",\"position\":3,\"name\":\"Sof\u00e1 esquinero Mara 270&#215;80 con Mesa de centro y Sill\u00f3n grande plateado\"}]},{\"@type\":\"WebSite\",\"@id\":\"https:\/\/www.bagnoitalia.com\/es#website\",\"url\":\"https:\/\/www.bagnoitalia.com\/es\",\"name\":\"Bagno Italia\",\"description\":\"\",\"publisher\":{\"@id\":\"https:\/\/www.bagnoitalia.com\/es#organization\"},\"potentialAction\":[{\"@type\":\"SearchAction\",\"target\":{\"@type\":\"EntryPoint\",\"urlTemplate\":\"https:\/\/www.bagnoitalia.com\/es?s={search_term_string}\"},\"query-input\":{\"@type\":\"PropertyValueSpecification\",\"valueRequired\":true,\"valueName\":\"search_term_string\"}}],\"inLanguage\":\"es\"},{\"@type\":\"Organization\",\"@id\":\"https:\/\/www.bagnoitalia.com\/es#organization\",\"name\":\"Bagno Italia\",\"url\":\"https:\/\/www.bagnoitalia.com\/es\",\"logo\":{\"@type\":\"ImageObject\",\"inLanguage\":\"es\",\"@id\":\"https:\/\/www.bagnoitalia.com\/es#\/schema\/logo\/image\/\",\"url\":\"https:\/\/img.bagnoitalia.com\/wp-content\/uploads\/logo-bagnoitalia.webp\",\"contentUrl\":\"https:\/\/img.bagnoitalia.com\/wp-content\/uploads\/logo-bagnoitalia.webp\",\"width\":400,\"height\":70,\"caption\":\"Bagno Italia\"},\"image\":{\"@id\":\"https:\/\/www.bagnoitalia.com\/es#\/schema\/logo\/image\/\"}}]}<\/script>\n<!-- \/ Yoast SEO plugin. -->","yoast_head_json":{"title":"Sof\u00e1 esquinero Mara mesa 270x80 sof\u00e1 grande plateado cristal mesa 5 mm","description":"Sof\u00e1 esquinero Mara de 270x80x70 medidas compuesto por un sof\u00e1 grande, un sill\u00f3n plateado y una mesa de cristal de 5 mm.","robots":{"index":"index","follow":"follow","max-snippet":"max-snippet:-1","max-image-preview":"max-image-preview:large","max-video-preview":"max-video-preview:-1"},"canonical":"https:\/\/www.bagnoitalia.com\/es\/producto\/sofa-esquinero-mara-mesa-270x80-sofa-grande-plateado-cristal-mesa-5-mm.html","og_locale":"es_ES","og_type":"article","og_title":"Sof\u00e1 esquinero Mara mesa 270x80 sof\u00e1 grande plateado cristal mesa 5 mm","og_description":"Sof\u00e1 esquinero Mara de 270x80x70 medidas compuesto por un sof\u00e1 grande, un sill\u00f3n plateado y una mesa de cristal de 5 mm.","og_url":"https:\/\/www.bagnoitalia.com\/es\/producto\/sofa-esquinero-mara-mesa-270x80-sofa-grande-plateado-cristal-mesa-5-mm.html","og_site_name":"Bagno Italia","article_modified_time":"2024-05-10T21:46:20+00:00","og_image":[{"width":197,"height":200,"url":"https:\/\/img.bagnoitalia.com\/wp-content\/uploads\/virtuemart\/product\/Large-corner-sofa-270x80-Mara-with-armchair-silver-colour-5mm-crystal-table-200x200.jpg","type":"image\/jpeg"}],"twitter_card":"summary_large_image","twitter_misc":{"Tiempo de lectura":"1 minuto"},"schema":{"@context":"https:\/\/schema.org","@graph":[{"@type":"WebPage","@id":"https:\/\/www.bagnoitalia.com\/es\/producto\/sofa-esquinero-mara-mesa-270x80-sofa-grande-plateado-cristal-mesa-5-mm.html","url":"https:\/\/www.bagnoitalia.com\/es\/producto\/sofa-esquinero-mara-mesa-270x80-sofa-grande-plateado-cristal-mesa-5-mm.html","name":"Sof\u00e1 esquinero Mara mesa 270x80 sof\u00e1 grande plateado cristal mesa 5 mm","isPartOf":{"@id":"https:\/\/www.bagnoitalia.com\/es#website"},"primaryImageOfPage":{"@id":"https:\/\/www.bagnoitalia.com\/es\/producto\/sofa-esquinero-mara-mesa-270x80-sofa-grande-plateado-cristal-mesa-5-mm.html#primaryimage"},"image":{"@id":"https:\/\/www.bagnoitalia.com\/es\/producto\/sofa-esquinero-mara-mesa-270x80-sofa-grande-plateado-cristal-mesa-5-mm.html#primaryimage"},"thumbnailUrl":"https:\/\/img.bagnoitalia.com\/wp-content\/uploads\/virtuemart\/product\/Large-corner-sofa-270x80-Mara-with-armchair-silver-colour-5mm-crystal-table-200x200.jpg","datePublished":"2016-04-13T08:30:12+00:00","dateModified":"2024-05-10T21:46:20+00:00","description":"Sof\u00e1 esquinero Mara de 270x80x70 medidas compuesto por un sof\u00e1 grande, un sill\u00f3n plateado y una mesa de cristal de 5 mm.","breadcrumb":{"@id":"https:\/\/www.bagnoitalia.com\/es\/producto\/sofa-esquinero-mara-mesa-270x80-sofa-grande-plateado-cristal-mesa-5-mm.html#breadcrumb"},"inLanguage":"es","potentialAction":[{"@type":"ReadAction","target":["https:\/\/www.bagnoitalia.com\/es\/producto\/sofa-esquinero-mara-mesa-270x80-sofa-grande-plateado-cristal-mesa-5-mm.html"]}]},{"@type":"ImageObject","inLanguage":"es","@id":"https:\/\/www.bagnoitalia.com\/es\/producto\/sofa-esquinero-mara-mesa-270x80-sofa-grande-plateado-cristal-mesa-5-mm.html#primaryimage","url":"https:\/\/img.bagnoitalia.com\/wp-content\/uploads\/virtuemart\/product\/Large-corner-sofa-270x80-Mara-with-armchair-silver-colour-5mm-crystal-table-200x200.jpg","contentUrl":"https:\/\/img.bagnoitalia.com\/wp-content\/uploads\/virtuemart\/product\/Large-corner-sofa-270x80-Mara-with-armchair-silver-colour-5mm-crystal-table-200x200.jpg","width":197,"height":200},{"@type":"BreadcrumbList","@id":"https:\/\/www.bagnoitalia.com\/es\/producto\/sofa-esquinero-mara-mesa-270x80-sofa-grande-plateado-cristal-mesa-5-mm.html#breadcrumb","itemListElement":[{"@type":"ListItem","position":1,"name":"Home","item":"https:\/\/www.bagnoitalia.com\/es"},{"@type":"ListItem","position":2,"name":"Productos","item":"https:\/\/www.bagnoitalia.com\/es\/shop"},{"@type":"ListItem","position":3,"name":"Sof\u00e1 esquinero Mara 270&#215;80 con Mesa de centro y Sill\u00f3n grande plateado"}]},{"@type":"WebSite","@id":"https:\/\/www.bagnoitalia.com\/es#website","url":"https:\/\/www.bagnoitalia.com\/es","name":"Bagno Italia","description":"","publisher":{"@id":"https:\/\/www.bagnoitalia.com\/es#organization"},"potentialAction":[{"@type":"SearchAction","target":{"@type":"EntryPoint","urlTemplate":"https:\/\/www.bagnoitalia.com\/es?s={search_term_string}"},"query-input":{"@type":"PropertyValueSpecification","valueRequired":true,"valueName":"search_term_string"}}],"inLanguage":"es"},{"@type":"Organization","@id":"https:\/\/www.bagnoitalia.com\/es#organization","name":"Bagno Italia","url":"https:\/\/www.bagnoitalia.com\/es","logo":{"@type":"ImageObject","inLanguage":"es","@id":"https:\/\/www.bagnoitalia.com\/es#\/schema\/logo\/image\/","url":"https:\/\/img.bagnoitalia.com\/wp-content\/uploads\/logo-bagnoitalia.webp","contentUrl":"https:\/\/img.bagnoitalia.com\/wp-content\/uploads\/logo-bagnoitalia.webp","width":400,"height":70,"caption":"Bagno Italia"},"image":{"@id":"https:\/\/www.bagnoitalia.com\/es#\/schema\/logo\/image\/"}}]}},"_links":{"self":[{"href":"https:\/\/www.bagnoitalia.com\/es\/wp-json\/wp\/v2\/product\/79948","targetHints":{"allow":["GET"]}}],"collection":[{"href":"https:\/\/www.bagnoitalia.com\/es\/wp-json\/wp\/v2\/product"}],"about":[{"href":"https:\/\/www.bagnoitalia.com\/es\/wp-json\/wp\/v2\/types\/product"}],"replies":[{"embeddable":true,"href":"https:\/\/www.bagnoitalia.com\/es\/wp-json\/wp\/v2\/comments?post=79948"}],"version-history":[{"count":0,"href":"https:\/\/www.bagnoitalia.com\/es\/wp-json\/wp\/v2\/product\/79948\/revisions"}],"wp:featuredmedia":[{"embeddable":true,"href":"https:\/\/www.bagnoitalia.com\/es\/wp-json\/wp\/v2\/media\/30322"}],"wp:attachment":[{"href":"https:\/\/www.bagnoitalia.com\/es\/wp-json\/wp\/v2\/media?parent=79948"}],"wp:term":[{"taxonomy":"product_brand","embeddable":true,"href":"https:\/\/www.bagnoitalia.com\/es\/wp-json\/wp\/v2\/product_brand?post=79948"},{"taxonomy":"product_cat","embeddable":true,"href":"https:\/\/www.bagnoitalia.com\/es\/wp-json\/wp\/v2\/product_cat?post=79948"},{"taxonomy":"product_tag","embeddable":true,"href":"https:\/\/www.bagnoitalia.com\/es\/wp-json\/wp\/v2\/product_tag?post=79948"}],"curies":[{"name":"wp","href":"https:\/\/api.w.org\/{rel}","templated":true}]}}