{"id":79916,"date":"2016-04-08T14:29:46","date_gmt":"2016-04-08T12:29:46","guid":{"rendered":"https:\/\/www.bagnoitalia.com\/product\/mesa-de-centro-emily-con-reposabrazos-de-sofa-circular-80x80-para-8-personas-para-exteriores"},"modified":"2016-04-08T14:29:46","modified_gmt":"2016-04-08T12:29:46","slug":"mesa-de-centro-emily-con-reposabrazos-de-sofa-circular-80x80-para-8-personas-para-exteriores","status":"publish","type":"product","link":"https:\/\/www.bagnoitalia.com\/es\/producto\/mesa-de-centro-emily-con-reposabrazos-de-sofa-circular-80x80-para-8-personas-para-exteriores.html","title":{"rendered":"Mesa de centro Emilia con reposabrazos de sof\u00e1 circular 80&#215;80 para 8 personas para exteriores"},"content":{"rendered":"<p><strong><span style=\"font-size: 14pt;\">SOFA CIRCULAR DIFERENTE DE 3 PIEZAS EMILIA<\/span><\/strong><\/p>\n<p><span style=\"font-size: 14pt;\"><strong>DIMENSIONES:<\/strong><\/span><\/p>\n<p><span style=\"font-size: 12pt;\">Sof\u00e1: 80x80x72 cm<\/span><\/p>\n<p><span style=\"font-size: 12pt;\">Reposapi\u00e9s: 80x80x45 cm<\/span><\/p>\n<p><span style=\"font-size: 12pt;\">Mesa: 80x80x35 cm con vidrio templado de 5 mm.<\/span><\/p>\n<p>&nbsp;<\/p>\n<p><strong><span style=\"font-size: 14pt;\">CARACTER\u00cdSTICAS:<\/span><\/strong><\/p>\n<p><span style=\"font-size: 12pt;\">Resistente a cualquier clima y apto para todas las estaciones del a\u00f1o.<\/span><\/p>\n<p><span style=\"font-size: 12pt;\">F\u00e1cil de lavar<\/span><\/p>\n<p><span style=\"font-size: 12pt;\">Acabado a mano<\/span><\/p>\n<p><span style=\"font-size: 12pt;\">Forro de cojines extra\u00edbles<\/span><\/p>\n<p><span style=\"font-size: 12pt;\">Resistente al agua salada.<\/span><\/p>\n<p><span style=\"font-size: 12pt;\">Sof\u00e1 fabricado en 100% Polyrattan de excelente calidad.<\/span><\/p>\n<p><span style=\"font-size: 12pt;\">Producto resistente a los rayos UV y anti-decoloraci\u00f3n.<\/span><\/p>\n<p><span style=\"font-size: 12pt;\">Cojines impermeables y marco reforzado.<\/span><\/p>\n<p>&nbsp;<\/p>\n<p><span style=\"font-size: 14pt;\"><strong>INCLUIDO EN EL PRECIO:<\/strong><\/span> <span style=\"font-size: 12pt;\">6 cojines grandes + 3 cojines peque\u00f1os<\/span><\/p>\n","protected":false},"excerpt":{"rendered":"<p>Sof\u00e1 Emilia con reposapi\u00e9s de forma circular 80&#215;80 reposapi\u00e9s peque\u00f1a mesa para 8 personas ideal para exteriores<\/p>\n","protected":false},"featured_media":30094,"comment_status":"open","ping_status":"closed","template":"","meta":[],"product_brand":[5021],"product_cat":[10014,9785],"product_tag":[],"class_list":{"0":"post-79916","1":"product","2":"type-product","3":"status-publish","4":"has-post-thumbnail","6":"product_brand-predator-arredo-casa","7":"product_cat-sofas-de-exterior","8":"product_cat-muebles-de-exterior","10":"first","11":"instock","12":"sale","13":"taxable","14":"shipping-taxable","15":"purchasable","16":"product-type-simple"},"exclude_global_add_ons":[],"addons":[],"yoast_head":"<!-- This site is optimized with the Yoast SEO plugin v26.7 - https:\/\/yoast.com\/wordpress\/plugins\/seo\/ -->\n<title>Mesa de centro Emilia con reposabrazos de sof\u00e1 circular 80x80 para 8 personas para exteriores<\/title>\n<meta name=\"description\" content=\"Sof\u00e1 Emily con reposapi\u00e9s de forma circular 80x80 reposapi\u00e9s peque\u00f1a mesa para 8 personas ideal para exteriores\" \/>\n<meta name=\"robots\" content=\"index, follow, max-snippet:-1, max-image-preview:large, max-video-preview:-1\" \/>\n<link rel=\"canonical\" href=\"https:\/\/www.bagnoitalia.com\/es\/producto\/mesa-de-centro-emily-con-reposabrazos-de-sofa-circular-80x80-para-8-personas-para-exteriores.html\" \/>\n<meta property=\"og:locale\" content=\"es_ES\" \/>\n<meta property=\"og:type\" content=\"article\" \/>\n<meta property=\"og:title\" content=\"Mesa de centro Emilia con reposabrazos de sof\u00e1 circular 80x80 para 8 personas para exteriores\" \/>\n<meta property=\"og:description\" content=\"Sof\u00e1 Emily con reposapi\u00e9s de forma circular 80x80 reposapi\u00e9s peque\u00f1a mesa para 8 personas ideal para exteriores\" \/>\n<meta property=\"og:url\" content=\"https:\/\/www.bagnoitalia.com\/es\/producto\/mesa-de-centro-emily-con-reposabrazos-de-sofa-circular-80x80-para-8-personas-para-exteriores.html\" \/>\n<meta property=\"og:site_name\" content=\"Bagno Italia\" \/>\n<meta property=\"og:image\" content=\"https:\/\/img.bagnoitalia.com\/wp-content\/uploads\/virtuemart\/product\/div_12sfnofonr1.jpg\" \/>\n\t<meta property=\"og:image:width\" content=\"499\" \/>\n\t<meta property=\"og:image:height\" content=\"502\" \/>\n\t<meta property=\"og:image:type\" content=\"image\/jpeg\" \/>\n<meta name=\"twitter:card\" content=\"summary_large_image\" \/>\n<script type=\"application\/ld+json\" class=\"yoast-schema-graph\">{\"@context\":\"https:\/\/schema.org\",\"@graph\":[{\"@type\":\"WebPage\",\"@id\":\"https:\/\/www.bagnoitalia.com\/es\/producto\/mesa-de-centro-emily-con-reposabrazos-de-sofa-circular-80x80-para-8-personas-para-exteriores.html\",\"url\":\"https:\/\/www.bagnoitalia.com\/es\/producto\/mesa-de-centro-emily-con-reposabrazos-de-sofa-circular-80x80-para-8-personas-para-exteriores.html\",\"name\":\"Mesa de centro Emilia con reposabrazos de sof\u00e1 circular 80x80 para 8 personas para exteriores\",\"isPartOf\":{\"@id\":\"https:\/\/www.bagnoitalia.com\/es#website\"},\"primaryImageOfPage\":{\"@id\":\"https:\/\/www.bagnoitalia.com\/es\/producto\/mesa-de-centro-emily-con-reposabrazos-de-sofa-circular-80x80-para-8-personas-para-exteriores.html#primaryimage\"},\"image\":{\"@id\":\"https:\/\/www.bagnoitalia.com\/es\/producto\/mesa-de-centro-emily-con-reposabrazos-de-sofa-circular-80x80-para-8-personas-para-exteriores.html#primaryimage\"},\"thumbnailUrl\":\"https:\/\/img.bagnoitalia.com\/wp-content\/uploads\/virtuemart\/product\/div_12sfnofonr1.jpg\",\"datePublished\":\"2016-04-08T12:29:46+00:00\",\"description\":\"Sof\u00e1 Emily con reposapi\u00e9s de forma circular 80x80 reposapi\u00e9s peque\u00f1a mesa para 8 personas ideal para exteriores\",\"breadcrumb\":{\"@id\":\"https:\/\/www.bagnoitalia.com\/es\/producto\/mesa-de-centro-emily-con-reposabrazos-de-sofa-circular-80x80-para-8-personas-para-exteriores.html#breadcrumb\"},\"inLanguage\":\"es\",\"potentialAction\":[{\"@type\":\"ReadAction\",\"target\":[\"https:\/\/www.bagnoitalia.com\/es\/producto\/mesa-de-centro-emily-con-reposabrazos-de-sofa-circular-80x80-para-8-personas-para-exteriores.html\"]}]},{\"@type\":\"ImageObject\",\"inLanguage\":\"es\",\"@id\":\"https:\/\/www.bagnoitalia.com\/es\/producto\/mesa-de-centro-emily-con-reposabrazos-de-sofa-circular-80x80-para-8-personas-para-exteriores.html#primaryimage\",\"url\":\"https:\/\/img.bagnoitalia.com\/wp-content\/uploads\/virtuemart\/product\/div_12sfnofonr1.jpg\",\"contentUrl\":\"https:\/\/img.bagnoitalia.com\/wp-content\/uploads\/virtuemart\/product\/div_12sfnofonr1.jpg\",\"width\":499,\"height\":502},{\"@type\":\"BreadcrumbList\",\"@id\":\"https:\/\/www.bagnoitalia.com\/es\/producto\/mesa-de-centro-emily-con-reposabrazos-de-sofa-circular-80x80-para-8-personas-para-exteriores.html#breadcrumb\",\"itemListElement\":[{\"@type\":\"ListItem\",\"position\":1,\"name\":\"Home\",\"item\":\"https:\/\/www.bagnoitalia.com\/es\"},{\"@type\":\"ListItem\",\"position\":2,\"name\":\"Productos\",\"item\":\"https:\/\/www.bagnoitalia.com\/es\/shop\"},{\"@type\":\"ListItem\",\"position\":3,\"name\":\"Mesa de centro Emilia con reposabrazos de sof\u00e1 circular 80&#215;80 para 8 personas para exteriores\"}]},{\"@type\":\"WebSite\",\"@id\":\"https:\/\/www.bagnoitalia.com\/es#website\",\"url\":\"https:\/\/www.bagnoitalia.com\/es\",\"name\":\"Bagno Italia\",\"description\":\"\",\"publisher\":{\"@id\":\"https:\/\/www.bagnoitalia.com\/es#organization\"},\"potentialAction\":[{\"@type\":\"SearchAction\",\"target\":{\"@type\":\"EntryPoint\",\"urlTemplate\":\"https:\/\/www.bagnoitalia.com\/es?s={search_term_string}\"},\"query-input\":{\"@type\":\"PropertyValueSpecification\",\"valueRequired\":true,\"valueName\":\"search_term_string\"}}],\"inLanguage\":\"es\"},{\"@type\":\"Organization\",\"@id\":\"https:\/\/www.bagnoitalia.com\/es#organization\",\"name\":\"Bagno Italia\",\"url\":\"https:\/\/www.bagnoitalia.com\/es\",\"logo\":{\"@type\":\"ImageObject\",\"inLanguage\":\"es\",\"@id\":\"https:\/\/www.bagnoitalia.com\/es#\/schema\/logo\/image\/\",\"url\":\"https:\/\/img.bagnoitalia.com\/wp-content\/uploads\/logo-bagnoitalia.webp\",\"contentUrl\":\"https:\/\/img.bagnoitalia.com\/wp-content\/uploads\/logo-bagnoitalia.webp\",\"width\":400,\"height\":70,\"caption\":\"Bagno Italia\"},\"image\":{\"@id\":\"https:\/\/www.bagnoitalia.com\/es#\/schema\/logo\/image\/\"}}]}<\/script>\n<!-- \/ Yoast SEO plugin. -->","yoast_head_json":{"title":"Mesa de centro Emilia con reposabrazos de sof\u00e1 circular 80x80 para 8 personas para exteriores","description":"Sof\u00e1 Emily con reposapi\u00e9s de forma circular 80x80 reposapi\u00e9s peque\u00f1a mesa para 8 personas ideal para exteriores","robots":{"index":"index","follow":"follow","max-snippet":"max-snippet:-1","max-image-preview":"max-image-preview:large","max-video-preview":"max-video-preview:-1"},"canonical":"https:\/\/www.bagnoitalia.com\/es\/producto\/mesa-de-centro-emily-con-reposabrazos-de-sofa-circular-80x80-para-8-personas-para-exteriores.html","og_locale":"es_ES","og_type":"article","og_title":"Mesa de centro Emilia con reposabrazos de sof\u00e1 circular 80x80 para 8 personas para exteriores","og_description":"Sof\u00e1 Emily con reposapi\u00e9s de forma circular 80x80 reposapi\u00e9s peque\u00f1a mesa para 8 personas ideal para exteriores","og_url":"https:\/\/www.bagnoitalia.com\/es\/producto\/mesa-de-centro-emily-con-reposabrazos-de-sofa-circular-80x80-para-8-personas-para-exteriores.html","og_site_name":"Bagno Italia","og_image":[{"width":499,"height":502,"url":"https:\/\/img.bagnoitalia.com\/wp-content\/uploads\/virtuemart\/product\/div_12sfnofonr1.jpg","type":"image\/jpeg"}],"twitter_card":"summary_large_image","schema":{"@context":"https:\/\/schema.org","@graph":[{"@type":"WebPage","@id":"https:\/\/www.bagnoitalia.com\/es\/producto\/mesa-de-centro-emily-con-reposabrazos-de-sofa-circular-80x80-para-8-personas-para-exteriores.html","url":"https:\/\/www.bagnoitalia.com\/es\/producto\/mesa-de-centro-emily-con-reposabrazos-de-sofa-circular-80x80-para-8-personas-para-exteriores.html","name":"Mesa de centro Emilia con reposabrazos de sof\u00e1 circular 80x80 para 8 personas para exteriores","isPartOf":{"@id":"https:\/\/www.bagnoitalia.com\/es#website"},"primaryImageOfPage":{"@id":"https:\/\/www.bagnoitalia.com\/es\/producto\/mesa-de-centro-emily-con-reposabrazos-de-sofa-circular-80x80-para-8-personas-para-exteriores.html#primaryimage"},"image":{"@id":"https:\/\/www.bagnoitalia.com\/es\/producto\/mesa-de-centro-emily-con-reposabrazos-de-sofa-circular-80x80-para-8-personas-para-exteriores.html#primaryimage"},"thumbnailUrl":"https:\/\/img.bagnoitalia.com\/wp-content\/uploads\/virtuemart\/product\/div_12sfnofonr1.jpg","datePublished":"2016-04-08T12:29:46+00:00","description":"Sof\u00e1 Emily con reposapi\u00e9s de forma circular 80x80 reposapi\u00e9s peque\u00f1a mesa para 8 personas ideal para exteriores","breadcrumb":{"@id":"https:\/\/www.bagnoitalia.com\/es\/producto\/mesa-de-centro-emily-con-reposabrazos-de-sofa-circular-80x80-para-8-personas-para-exteriores.html#breadcrumb"},"inLanguage":"es","potentialAction":[{"@type":"ReadAction","target":["https:\/\/www.bagnoitalia.com\/es\/producto\/mesa-de-centro-emily-con-reposabrazos-de-sofa-circular-80x80-para-8-personas-para-exteriores.html"]}]},{"@type":"ImageObject","inLanguage":"es","@id":"https:\/\/www.bagnoitalia.com\/es\/producto\/mesa-de-centro-emily-con-reposabrazos-de-sofa-circular-80x80-para-8-personas-para-exteriores.html#primaryimage","url":"https:\/\/img.bagnoitalia.com\/wp-content\/uploads\/virtuemart\/product\/div_12sfnofonr1.jpg","contentUrl":"https:\/\/img.bagnoitalia.com\/wp-content\/uploads\/virtuemart\/product\/div_12sfnofonr1.jpg","width":499,"height":502},{"@type":"BreadcrumbList","@id":"https:\/\/www.bagnoitalia.com\/es\/producto\/mesa-de-centro-emily-con-reposabrazos-de-sofa-circular-80x80-para-8-personas-para-exteriores.html#breadcrumb","itemListElement":[{"@type":"ListItem","position":1,"name":"Home","item":"https:\/\/www.bagnoitalia.com\/es"},{"@type":"ListItem","position":2,"name":"Productos","item":"https:\/\/www.bagnoitalia.com\/es\/shop"},{"@type":"ListItem","position":3,"name":"Mesa de centro Emilia con reposabrazos de sof\u00e1 circular 80&#215;80 para 8 personas para exteriores"}]},{"@type":"WebSite","@id":"https:\/\/www.bagnoitalia.com\/es#website","url":"https:\/\/www.bagnoitalia.com\/es","name":"Bagno Italia","description":"","publisher":{"@id":"https:\/\/www.bagnoitalia.com\/es#organization"},"potentialAction":[{"@type":"SearchAction","target":{"@type":"EntryPoint","urlTemplate":"https:\/\/www.bagnoitalia.com\/es?s={search_term_string}"},"query-input":{"@type":"PropertyValueSpecification","valueRequired":true,"valueName":"search_term_string"}}],"inLanguage":"es"},{"@type":"Organization","@id":"https:\/\/www.bagnoitalia.com\/es#organization","name":"Bagno Italia","url":"https:\/\/www.bagnoitalia.com\/es","logo":{"@type":"ImageObject","inLanguage":"es","@id":"https:\/\/www.bagnoitalia.com\/es#\/schema\/logo\/image\/","url":"https:\/\/img.bagnoitalia.com\/wp-content\/uploads\/logo-bagnoitalia.webp","contentUrl":"https:\/\/img.bagnoitalia.com\/wp-content\/uploads\/logo-bagnoitalia.webp","width":400,"height":70,"caption":"Bagno Italia"},"image":{"@id":"https:\/\/www.bagnoitalia.com\/es#\/schema\/logo\/image\/"}}]}},"_links":{"self":[{"href":"https:\/\/www.bagnoitalia.com\/es\/wp-json\/wp\/v2\/product\/79916","targetHints":{"allow":["GET"]}}],"collection":[{"href":"https:\/\/www.bagnoitalia.com\/es\/wp-json\/wp\/v2\/product"}],"about":[{"href":"https:\/\/www.bagnoitalia.com\/es\/wp-json\/wp\/v2\/types\/product"}],"replies":[{"embeddable":true,"href":"https:\/\/www.bagnoitalia.com\/es\/wp-json\/wp\/v2\/comments?post=79916"}],"version-history":[{"count":0,"href":"https:\/\/www.bagnoitalia.com\/es\/wp-json\/wp\/v2\/product\/79916\/revisions"}],"wp:featuredmedia":[{"embeddable":true,"href":"https:\/\/www.bagnoitalia.com\/es\/wp-json\/wp\/v2\/media\/30094"}],"wp:attachment":[{"href":"https:\/\/www.bagnoitalia.com\/es\/wp-json\/wp\/v2\/media?parent=79916"}],"wp:term":[{"taxonomy":"product_brand","embeddable":true,"href":"https:\/\/www.bagnoitalia.com\/es\/wp-json\/wp\/v2\/product_brand?post=79916"},{"taxonomy":"product_cat","embeddable":true,"href":"https:\/\/www.bagnoitalia.com\/es\/wp-json\/wp\/v2\/product_cat?post=79916"},{"taxonomy":"product_tag","embeddable":true,"href":"https:\/\/www.bagnoitalia.com\/es\/wp-json\/wp\/v2\/product_tag?post=79916"}],"curies":[{"name":"wp","href":"https:\/\/api.w.org\/{rel}","templated":true}]}}