{"id":79868,"date":"2016-03-21T14:25:05","date_gmt":"2016-03-21T13:25:05","guid":{"rendered":"https:\/\/www.bagnoitalia.com\/product\/sanitario-wc-inodoro-bidet-rectangular-o-suspendido-en-la-pared-del-suelo-al-ras-con-tapa-con-cierre-de-embrague"},"modified":"2025-05-13T10:45:04","modified_gmt":"2025-05-13T08:45:04","slug":"sanitario-wc-inodoro-bidet-rectangular-o-suspendido-en-la-pared-del-suelo-al-ras-con-tapa-con-cierre-de-embrague","status":"publish","type":"product","link":"https:\/\/www.bagnoitalia.com\/es\/producto\/sanitario-wc-inodoro-bidet-rectangular-o-suspendido-en-la-pared-del-suelo-al-ras-con-tapa-con-cierre-de-embrague.html","title":{"rendered":"Sanitario rectangular Olga, incluye Inodoro y Bidet en Cer\u00e1mica, suspendidos o sobre a tierra, tapa con sistema de cierre friccionado"},"content":{"rendered":"<\/p>\n<p style=\"margin-bottom: 0cm;\"><span style=\"font-size: medium;\"><span style=\"text-decoration: underline;\"><strong>Art\u00edculos sanitarios OLGA con inodoro y bidet en el suelo o suspendidos.<\/strong><\/span><\/span><\/p>\n<p><span style=\"font-size: 12pt;\">El sistema sanitario OLGA se desarrolla alrededor de una meticulosa elecci\u00f3n de dimensiones: la profundidad de 56 cm (versi\u00f3n de piso) que representa el mejor compromiso entre comodidad y practicidad de uso, sin renunciar a la higiene de su ba\u00f1o.<\/span> <br \/> <span style=\"font-size: 12pt;\">El ancho de 35 cm (versi\u00f3n suspendida de 36 cm) y la cubierta con cierre suave rectangular termoestable completan nuestra oferta, dise\u00f1ada para proponer una nueva soluci\u00f3n de decoraci\u00f3n para su ba\u00f1o.<\/span><\/p>\n<\/p>\n<ul>\n<li style=\"margin-bottom: 0cm;\"><sub><span style=\"font-size: 14pt; font-family: arial, helvetica, sans-serif;\">Inodoro colgante: dimensiones 36x57xH32 cm<\/span><\/sub><\/li>\n<li style=\"margin-bottom: 0cm;\"><sub><span style=\"font-size: 14pt; font-family: arial, helvetica, sans-serif;\">Bid\u00e9 suspendido: dimensiones 36x57xH32 cm.<\/span><\/sub><\/li>\n<\/ul>\n<p><sub><span style=\"font-size: 14pt; font-family: arial, helvetica, sans-serif;\"><\/span><\/sub><\/p>\n<ul>\n<li style=\"margin-bottom: 0cm;\"><sub><span style=\"font-size: 14pt; font-family: arial, helvetica, sans-serif;\">Jarr\u00f3n en el suelo: dimensiones 35x56xH41 cm.<\/span><\/sub><\/li>\n<li style=\"margin-bottom: 0cm;\"><sub><span style=\"font-size: 14pt; font-family: arial, helvetica, sans-serif;\">Bid\u00e9 en el suelo: dimensiones 35x56xH41 cm.<\/span><\/sub><\/li>\n<\/ul>\n<p><sub><span style=\"font-size: 14pt; font-family: arial, helvetica, sans-serif;\"><\/span><\/sub><\/p>\n<p><sub><span style=\"font-size: 14pt; font-family: arial, helvetica, sans-serif;\">&nbsp; &nbsp; &nbsp; &nbsp; &nbsp;Tapa Termoendurecible con cierre de fricci\u00f3n.<\/span><\/sub><\/p>\n","protected":false},"excerpt":{"rendered":"<p>Conjunto sanitario OLGA compuesto de inodoro rectangular y bid\u00e9 suspendidos en el suelo, al ras del muro, tapa con cierre friccionado<\/p>\n","protected":false},"featured_media":29562,"comment_status":"open","ping_status":"closed","template":"","meta":[],"product_brand":[9890],"product_cat":[15,10117],"product_tag":[],"class_list":{"0":"post-79868","1":"product","2":"type-product","3":"status-publish","4":"has-post-thumbnail","6":"product_brand-idrom-es","7":"product_cat-senza-categoria","8":"product_cat-senza-categoria-es","10":"first","11":"outofstock","12":"taxable","13":"shipping-taxable","14":"purchasable","15":"product-type-simple"},"exclude_global_add_ons":false,"addons":[{"name":"CAMPI_TIPOLOGIA\r\n","type":"select","position":0,"required":true,"title_format":"label","default":"","description_enable":false,"description":"","placeholder_enable":false,"placeholder":"","display":"select","restrictions_type":"any_text","adjust_price":false,"price":"","price_type":"","restrictions":false,"min":"0","max":"0","options":[]}],"yoast_head":"<!-- This site is optimized with the Yoast SEO plugin v26.7 - https:\/\/yoast.com\/wordpress\/plugins\/seo\/ -->\n<title>Sanitario WC inodoro bidet rectangular o suspendido en la pared del suelo al ras con tapa con cierre de embrague<\/title>\n<meta name=\"description\" content=\"Conjunto sanitario OLGA compuesto de inodoros rectangulares y bid\u00e9s suspendidos en el suelo o al ras con la tapa de la pared con cierre de embrague\" \/>\n<meta name=\"robots\" content=\"index, follow, max-snippet:-1, max-image-preview:large, max-video-preview:-1\" \/>\n<link rel=\"canonical\" href=\"https:\/\/www.bagnoitalia.com\/es\/producto\/sanitario-wc-inodoro-bidet-rectangular-o-suspendido-en-la-pared-del-suelo-al-ras-con-tapa-con-cierre-de-embrague.html\" \/>\n<meta property=\"og:locale\" content=\"es_ES\" \/>\n<meta property=\"og:type\" content=\"article\" \/>\n<meta property=\"og:title\" content=\"Sanitario WC inodoro bidet rectangular o suspendido en la pared del suelo al ras con tapa con cierre de embrague\" \/>\n<meta property=\"og:description\" content=\"Conjunto sanitario OLGA compuesto de inodoros rectangulares y bid\u00e9s suspendidos en el suelo o al ras con la tapa de la pared con cierre de embrague\" \/>\n<meta property=\"og:url\" content=\"https:\/\/www.bagnoitalia.com\/es\/producto\/sanitario-wc-inodoro-bidet-rectangular-o-suspendido-en-la-pared-del-suelo-al-ras-con-tapa-con-cierre-de-embrague.html\" \/>\n<meta property=\"og:site_name\" content=\"Bagno Italia\" \/>\n<meta property=\"article:modified_time\" content=\"2025-05-13T08:45:04+00:00\" \/>\n<meta property=\"og:image\" content=\"https:\/\/img.bagnoitalia.com\/wp-content\/uploads\/virtuemart\/product\/OLGA-rectangular-Sanitary-10_1540980987_781.jpg\" \/>\n\t<meta property=\"og:image:width\" content=\"665\" \/>\n\t<meta property=\"og:image:height\" content=\"666\" \/>\n\t<meta property=\"og:image:type\" content=\"image\/jpeg\" \/>\n<meta name=\"twitter:card\" content=\"summary_large_image\" \/>\n<meta name=\"twitter:label1\" content=\"Tiempo de lectura\" \/>\n\t<meta name=\"twitter:data1\" content=\"1 minuto\" \/>\n<script type=\"application\/ld+json\" class=\"yoast-schema-graph\">{\"@context\":\"https:\/\/schema.org\",\"@graph\":[{\"@type\":\"WebPage\",\"@id\":\"https:\/\/www.bagnoitalia.com\/es\/producto\/sanitario-wc-inodoro-bidet-rectangular-o-suspendido-en-la-pared-del-suelo-al-ras-con-tapa-con-cierre-de-embrague.html\",\"url\":\"https:\/\/www.bagnoitalia.com\/es\/producto\/sanitario-wc-inodoro-bidet-rectangular-o-suspendido-en-la-pared-del-suelo-al-ras-con-tapa-con-cierre-de-embrague.html\",\"name\":\"Sanitario WC inodoro bidet rectangular o suspendido en la pared del suelo al ras con tapa con cierre de embrague\",\"isPartOf\":{\"@id\":\"https:\/\/www.bagnoitalia.com\/es#website\"},\"primaryImageOfPage\":{\"@id\":\"https:\/\/www.bagnoitalia.com\/es\/producto\/sanitario-wc-inodoro-bidet-rectangular-o-suspendido-en-la-pared-del-suelo-al-ras-con-tapa-con-cierre-de-embrague.html#primaryimage\"},\"image\":{\"@id\":\"https:\/\/www.bagnoitalia.com\/es\/producto\/sanitario-wc-inodoro-bidet-rectangular-o-suspendido-en-la-pared-del-suelo-al-ras-con-tapa-con-cierre-de-embrague.html#primaryimage\"},\"thumbnailUrl\":\"https:\/\/img.bagnoitalia.com\/wp-content\/uploads\/virtuemart\/product\/OLGA-rectangular-Sanitary-10_1540980987_781.jpg\",\"datePublished\":\"2016-03-21T13:25:05+00:00\",\"dateModified\":\"2025-05-13T08:45:04+00:00\",\"description\":\"Conjunto sanitario OLGA compuesto de inodoros rectangulares y bid\u00e9s suspendidos en el suelo o al ras con la tapa de la pared con cierre de embrague\",\"breadcrumb\":{\"@id\":\"https:\/\/www.bagnoitalia.com\/es\/producto\/sanitario-wc-inodoro-bidet-rectangular-o-suspendido-en-la-pared-del-suelo-al-ras-con-tapa-con-cierre-de-embrague.html#breadcrumb\"},\"inLanguage\":\"es\",\"potentialAction\":[{\"@type\":\"ReadAction\",\"target\":[\"https:\/\/www.bagnoitalia.com\/es\/producto\/sanitario-wc-inodoro-bidet-rectangular-o-suspendido-en-la-pared-del-suelo-al-ras-con-tapa-con-cierre-de-embrague.html\"]}]},{\"@type\":\"ImageObject\",\"inLanguage\":\"es\",\"@id\":\"https:\/\/www.bagnoitalia.com\/es\/producto\/sanitario-wc-inodoro-bidet-rectangular-o-suspendido-en-la-pared-del-suelo-al-ras-con-tapa-con-cierre-de-embrague.html#primaryimage\",\"url\":\"https:\/\/img.bagnoitalia.com\/wp-content\/uploads\/virtuemart\/product\/OLGA-rectangular-Sanitary-10_1540980987_781.jpg\",\"contentUrl\":\"https:\/\/img.bagnoitalia.com\/wp-content\/uploads\/virtuemart\/product\/OLGA-rectangular-Sanitary-10_1540980987_781.jpg\",\"width\":665,\"height\":666},{\"@type\":\"BreadcrumbList\",\"@id\":\"https:\/\/www.bagnoitalia.com\/es\/producto\/sanitario-wc-inodoro-bidet-rectangular-o-suspendido-en-la-pared-del-suelo-al-ras-con-tapa-con-cierre-de-embrague.html#breadcrumb\",\"itemListElement\":[{\"@type\":\"ListItem\",\"position\":1,\"name\":\"Home\",\"item\":\"https:\/\/www.bagnoitalia.com\/es\"},{\"@type\":\"ListItem\",\"position\":2,\"name\":\"Productos\",\"item\":\"https:\/\/www.bagnoitalia.com\/es\/shop\"},{\"@type\":\"ListItem\",\"position\":3,\"name\":\"Sanitario rectangular Olga, incluye Inodoro y Bidet en Cer\u00e1mica, suspendidos o sobre a tierra, tapa con sistema de cierre friccionado\"}]},{\"@type\":\"WebSite\",\"@id\":\"https:\/\/www.bagnoitalia.com\/es#website\",\"url\":\"https:\/\/www.bagnoitalia.com\/es\",\"name\":\"Bagno Italia\",\"description\":\"\",\"publisher\":{\"@id\":\"https:\/\/www.bagnoitalia.com\/es#organization\"},\"potentialAction\":[{\"@type\":\"SearchAction\",\"target\":{\"@type\":\"EntryPoint\",\"urlTemplate\":\"https:\/\/www.bagnoitalia.com\/es?s={search_term_string}\"},\"query-input\":{\"@type\":\"PropertyValueSpecification\",\"valueRequired\":true,\"valueName\":\"search_term_string\"}}],\"inLanguage\":\"es\"},{\"@type\":\"Organization\",\"@id\":\"https:\/\/www.bagnoitalia.com\/es#organization\",\"name\":\"Bagno Italia\",\"url\":\"https:\/\/www.bagnoitalia.com\/es\",\"logo\":{\"@type\":\"ImageObject\",\"inLanguage\":\"es\",\"@id\":\"https:\/\/www.bagnoitalia.com\/es#\/schema\/logo\/image\/\",\"url\":\"https:\/\/img.bagnoitalia.com\/wp-content\/uploads\/logo-bagnoitalia.webp\",\"contentUrl\":\"https:\/\/img.bagnoitalia.com\/wp-content\/uploads\/logo-bagnoitalia.webp\",\"width\":400,\"height\":70,\"caption\":\"Bagno Italia\"},\"image\":{\"@id\":\"https:\/\/www.bagnoitalia.com\/es#\/schema\/logo\/image\/\"}}]}<\/script>\n<!-- \/ Yoast SEO plugin. -->","yoast_head_json":{"title":"Sanitario WC inodoro bidet rectangular o suspendido en la pared del suelo al ras con tapa con cierre de embrague","description":"Conjunto sanitario OLGA compuesto de inodoros rectangulares y bid\u00e9s suspendidos en el suelo o al ras con la tapa de la pared con cierre de embrague","robots":{"index":"index","follow":"follow","max-snippet":"max-snippet:-1","max-image-preview":"max-image-preview:large","max-video-preview":"max-video-preview:-1"},"canonical":"https:\/\/www.bagnoitalia.com\/es\/producto\/sanitario-wc-inodoro-bidet-rectangular-o-suspendido-en-la-pared-del-suelo-al-ras-con-tapa-con-cierre-de-embrague.html","og_locale":"es_ES","og_type":"article","og_title":"Sanitario WC inodoro bidet rectangular o suspendido en la pared del suelo al ras con tapa con cierre de embrague","og_description":"Conjunto sanitario OLGA compuesto de inodoros rectangulares y bid\u00e9s suspendidos en el suelo o al ras con la tapa de la pared con cierre de embrague","og_url":"https:\/\/www.bagnoitalia.com\/es\/producto\/sanitario-wc-inodoro-bidet-rectangular-o-suspendido-en-la-pared-del-suelo-al-ras-con-tapa-con-cierre-de-embrague.html","og_site_name":"Bagno Italia","article_modified_time":"2025-05-13T08:45:04+00:00","og_image":[{"width":665,"height":666,"url":"https:\/\/img.bagnoitalia.com\/wp-content\/uploads\/virtuemart\/product\/OLGA-rectangular-Sanitary-10_1540980987_781.jpg","type":"image\/jpeg"}],"twitter_card":"summary_large_image","twitter_misc":{"Tiempo de lectura":"1 minuto"},"schema":{"@context":"https:\/\/schema.org","@graph":[{"@type":"WebPage","@id":"https:\/\/www.bagnoitalia.com\/es\/producto\/sanitario-wc-inodoro-bidet-rectangular-o-suspendido-en-la-pared-del-suelo-al-ras-con-tapa-con-cierre-de-embrague.html","url":"https:\/\/www.bagnoitalia.com\/es\/producto\/sanitario-wc-inodoro-bidet-rectangular-o-suspendido-en-la-pared-del-suelo-al-ras-con-tapa-con-cierre-de-embrague.html","name":"Sanitario WC inodoro bidet rectangular o suspendido en la pared del suelo al ras con tapa con cierre de embrague","isPartOf":{"@id":"https:\/\/www.bagnoitalia.com\/es#website"},"primaryImageOfPage":{"@id":"https:\/\/www.bagnoitalia.com\/es\/producto\/sanitario-wc-inodoro-bidet-rectangular-o-suspendido-en-la-pared-del-suelo-al-ras-con-tapa-con-cierre-de-embrague.html#primaryimage"},"image":{"@id":"https:\/\/www.bagnoitalia.com\/es\/producto\/sanitario-wc-inodoro-bidet-rectangular-o-suspendido-en-la-pared-del-suelo-al-ras-con-tapa-con-cierre-de-embrague.html#primaryimage"},"thumbnailUrl":"https:\/\/img.bagnoitalia.com\/wp-content\/uploads\/virtuemart\/product\/OLGA-rectangular-Sanitary-10_1540980987_781.jpg","datePublished":"2016-03-21T13:25:05+00:00","dateModified":"2025-05-13T08:45:04+00:00","description":"Conjunto sanitario OLGA compuesto de inodoros rectangulares y bid\u00e9s suspendidos en el suelo o al ras con la tapa de la pared con cierre de embrague","breadcrumb":{"@id":"https:\/\/www.bagnoitalia.com\/es\/producto\/sanitario-wc-inodoro-bidet-rectangular-o-suspendido-en-la-pared-del-suelo-al-ras-con-tapa-con-cierre-de-embrague.html#breadcrumb"},"inLanguage":"es","potentialAction":[{"@type":"ReadAction","target":["https:\/\/www.bagnoitalia.com\/es\/producto\/sanitario-wc-inodoro-bidet-rectangular-o-suspendido-en-la-pared-del-suelo-al-ras-con-tapa-con-cierre-de-embrague.html"]}]},{"@type":"ImageObject","inLanguage":"es","@id":"https:\/\/www.bagnoitalia.com\/es\/producto\/sanitario-wc-inodoro-bidet-rectangular-o-suspendido-en-la-pared-del-suelo-al-ras-con-tapa-con-cierre-de-embrague.html#primaryimage","url":"https:\/\/img.bagnoitalia.com\/wp-content\/uploads\/virtuemart\/product\/OLGA-rectangular-Sanitary-10_1540980987_781.jpg","contentUrl":"https:\/\/img.bagnoitalia.com\/wp-content\/uploads\/virtuemart\/product\/OLGA-rectangular-Sanitary-10_1540980987_781.jpg","width":665,"height":666},{"@type":"BreadcrumbList","@id":"https:\/\/www.bagnoitalia.com\/es\/producto\/sanitario-wc-inodoro-bidet-rectangular-o-suspendido-en-la-pared-del-suelo-al-ras-con-tapa-con-cierre-de-embrague.html#breadcrumb","itemListElement":[{"@type":"ListItem","position":1,"name":"Home","item":"https:\/\/www.bagnoitalia.com\/es"},{"@type":"ListItem","position":2,"name":"Productos","item":"https:\/\/www.bagnoitalia.com\/es\/shop"},{"@type":"ListItem","position":3,"name":"Sanitario rectangular Olga, incluye Inodoro y Bidet en Cer\u00e1mica, suspendidos o sobre a tierra, tapa con sistema de cierre friccionado"}]},{"@type":"WebSite","@id":"https:\/\/www.bagnoitalia.com\/es#website","url":"https:\/\/www.bagnoitalia.com\/es","name":"Bagno Italia","description":"","publisher":{"@id":"https:\/\/www.bagnoitalia.com\/es#organization"},"potentialAction":[{"@type":"SearchAction","target":{"@type":"EntryPoint","urlTemplate":"https:\/\/www.bagnoitalia.com\/es?s={search_term_string}"},"query-input":{"@type":"PropertyValueSpecification","valueRequired":true,"valueName":"search_term_string"}}],"inLanguage":"es"},{"@type":"Organization","@id":"https:\/\/www.bagnoitalia.com\/es#organization","name":"Bagno Italia","url":"https:\/\/www.bagnoitalia.com\/es","logo":{"@type":"ImageObject","inLanguage":"es","@id":"https:\/\/www.bagnoitalia.com\/es#\/schema\/logo\/image\/","url":"https:\/\/img.bagnoitalia.com\/wp-content\/uploads\/logo-bagnoitalia.webp","contentUrl":"https:\/\/img.bagnoitalia.com\/wp-content\/uploads\/logo-bagnoitalia.webp","width":400,"height":70,"caption":"Bagno Italia"},"image":{"@id":"https:\/\/www.bagnoitalia.com\/es#\/schema\/logo\/image\/"}}]}},"_links":{"self":[{"href":"https:\/\/www.bagnoitalia.com\/es\/wp-json\/wp\/v2\/product\/79868","targetHints":{"allow":["GET"]}}],"collection":[{"href":"https:\/\/www.bagnoitalia.com\/es\/wp-json\/wp\/v2\/product"}],"about":[{"href":"https:\/\/www.bagnoitalia.com\/es\/wp-json\/wp\/v2\/types\/product"}],"replies":[{"embeddable":true,"href":"https:\/\/www.bagnoitalia.com\/es\/wp-json\/wp\/v2\/comments?post=79868"}],"version-history":[{"count":0,"href":"https:\/\/www.bagnoitalia.com\/es\/wp-json\/wp\/v2\/product\/79868\/revisions"}],"wp:featuredmedia":[{"embeddable":true,"href":"https:\/\/www.bagnoitalia.com\/es\/wp-json\/wp\/v2\/media\/29562"}],"wp:attachment":[{"href":"https:\/\/www.bagnoitalia.com\/es\/wp-json\/wp\/v2\/media?parent=79868"}],"wp:term":[{"taxonomy":"product_brand","embeddable":true,"href":"https:\/\/www.bagnoitalia.com\/es\/wp-json\/wp\/v2\/product_brand?post=79868"},{"taxonomy":"product_cat","embeddable":true,"href":"https:\/\/www.bagnoitalia.com\/es\/wp-json\/wp\/v2\/product_cat?post=79868"},{"taxonomy":"product_tag","embeddable":true,"href":"https:\/\/www.bagnoitalia.com\/es\/wp-json\/wp\/v2\/product_tag?post=79868"}],"curies":[{"name":"wp","href":"https:\/\/api.w.org\/{rel}","templated":true}]}}