{"id":79812,"date":"2016-03-09T10:23:00","date_gmt":"2016-03-09T09:23:00","guid":{"rendered":"https:\/\/www.bagnoitalia.com\/product\/tocador-de-bano-gris-85-105-cm-con-patas-blanco-brillante-alerce-gris-wengue-espejo-con-unidad-de-pared-y-armario"},"modified":"2016-03-09T10:23:00","modified_gmt":"2016-03-09T09:23:00","slug":"tocador-de-bano-gris-85-105-cm-con-patas-blanco-brillante-alerce-gris-wengue-espejo-con-unidad-de-pared-y-armario","status":"publish","type":"product","link":"https:\/\/www.bagnoitalia.com\/es\/producto\/tocador-de-bano-gris-85-105-cm-con-patas-blanco-brillante-alerce-gris-wengue-espejo-con-unidad-de-pared-y-armario.html","title":{"rendered":"Tocador de ba\u00f1o Gris 85 105 cm con patas blanco brillante alerce Gris wengu\u00e9 espejo con unidad de pared y armario"},"content":{"rendered":"<p> <strong>El precio incluye:<\/strong> <\/p>\n<p> N \u00b0 1 mueble de 85&#215;33.5x190h cm compuesto por 2 puertas y 2 cajones con patas. <\/p>\n<p> Lavabo de cer\u00e1mica integral n \u00b0 1 85&#215;50 cm. <\/p>\n<p> Espejo N \u00b0 1 80&#215;103 con unidad de pared a la derecha <\/p>\n<p> Techo N \u00b0 1 con iluminaci\u00f3n hal\u00f3gena. <\/p>\n<p> <span style=\"text-decoration: underline;\"><strong>ATENCI\u00d3N: La composici\u00f3n en cuesti\u00f3n se puede vender exclusivamente con espejo.<\/strong><\/span> <\/p>\n<p> <strong><span style=\"color: #000000;\">materiales:<\/span><\/strong> <\/p>\n<p> &#8211; Estructura de madera MDF. <\/p>\n<p> &#8211; Bisagras de metal. <\/p>\n<p> &#8211; Puertas y cajones con tirador cromado. <\/p>\n<p> &#8211; Lavabo cer\u00e1mico. <\/p>\n<\/p>\n<p> Disponible en 85 y 105 cm en blanco brillante, alerce o gris oscuro. <\/p><\/p>\n","protected":false},"excerpt":{"rendered":"<p>Mueble de ba\u00f1o Rovereto de 85 y 105 cm con patas en blanco brillante, alerce y gris wenge, completo con unidad de pared y unidad de pared<\/p>\n","protected":false},"featured_media":29198,"comment_status":"open","ping_status":"closed","template":"","meta":[],"product_brand":[],"product_cat":[15],"product_tag":[],"class_list":{"0":"post-79812","1":"product","2":"type-product","3":"status-publish","4":"has-post-thumbnail","6":"product_cat-senza-categoria","8":"first","9":"outofstock","10":"taxable","11":"shipping-taxable","12":"purchasable","13":"product-type-simple"},"exclude_global_add_ons":false,"addons":[{"name":"CAMPI_MOBILE\r\n","type":"select","position":0,"required":true,"title_format":"label","default":"","description_enable":false,"description":"","placeholder_enable":false,"placeholder":"","display":"select","restrictions_type":"any_text","adjust_price":false,"price":"","price_type":"","restrictions":false,"min":"0","max":"0","options":[]},{"name":"CAMPI_COLORE_DEL_MOBILE\r\n","type":"select","position":0,"required":true,"title_format":"label","default":"","description_enable":false,"description":"","placeholder_enable":false,"placeholder":"","display":"select","restrictions_type":"any_text","adjust_price":false,"price":"","price_type":"","restrictions":false,"min":"0","max":"0","options":[]}],"yoast_head":"<!-- This site is optimized with the Yoast SEO plugin v26.7 - https:\/\/yoast.com\/wordpress\/plugins\/seo\/ -->\n<title>Gabinete de ba\u00f1o rovereto 85 105 cm con pies blanco brillante lavabo de cer\u00e1mica gris wengu\u00e9 en el suelo<\/title>\n<meta name=\"description\" content=\"Mueble de ba\u00f1o de roble de 85 y 105 cm con patas blancas brillantes, alerce y wengu\u00e9 gris con espejo, lavabo de cer\u00e1mica\" \/>\n<meta name=\"robots\" content=\"index, follow, max-snippet:-1, max-image-preview:large, max-video-preview:-1\" \/>\n<link rel=\"canonical\" href=\"https:\/\/www.bagnoitalia.com\/es\/producto\/tocador-de-bano-gris-85-105-cm-con-patas-blanco-brillante-alerce-gris-wengue-espejo-con-unidad-de-pared-y-armario.html\" \/>\n<meta property=\"og:locale\" content=\"es_ES\" \/>\n<meta property=\"og:type\" content=\"article\" \/>\n<meta property=\"og:title\" content=\"Gabinete de ba\u00f1o rovereto 85 105 cm con pies blanco brillante lavabo de cer\u00e1mica gris wengu\u00e9 en el suelo\" \/>\n<meta property=\"og:description\" content=\"Mueble de ba\u00f1o de roble de 85 y 105 cm con patas blancas brillantes, alerce y wengu\u00e9 gris con espejo, lavabo de cer\u00e1mica\" \/>\n<meta property=\"og:url\" content=\"https:\/\/www.bagnoitalia.com\/es\/producto\/tocador-de-bano-gris-85-105-cm-con-patas-blanco-brillante-alerce-gris-wengue-espejo-con-unidad-de-pared-y-armario.html\" \/>\n<meta property=\"og:site_name\" content=\"Bagno Italia\" \/>\n<meta property=\"og:image\" content=\"https:\/\/img.bagnoitalia.com\/wp-content\/uploads\/virtuemart\/product\/prodotto-non-disponibile-09899.jpg\" \/>\n\t<meta property=\"og:image:width\" content=\"345\" \/>\n\t<meta property=\"og:image:height\" content=\"315\" \/>\n\t<meta property=\"og:image:type\" content=\"image\/jpeg\" \/>\n<meta name=\"twitter:card\" content=\"summary_large_image\" \/>\n<script type=\"application\/ld+json\" class=\"yoast-schema-graph\">{\"@context\":\"https:\/\/schema.org\",\"@graph\":[{\"@type\":\"WebPage\",\"@id\":\"https:\/\/www.bagnoitalia.com\/es\/producto\/tocador-de-bano-gris-85-105-cm-con-patas-blanco-brillante-alerce-gris-wengue-espejo-con-unidad-de-pared-y-armario.html\",\"url\":\"https:\/\/www.bagnoitalia.com\/es\/producto\/tocador-de-bano-gris-85-105-cm-con-patas-blanco-brillante-alerce-gris-wengue-espejo-con-unidad-de-pared-y-armario.html\",\"name\":\"Gabinete de ba\u00f1o rovereto 85 105 cm con pies blanco brillante lavabo de cer\u00e1mica gris wengu\u00e9 en el suelo\",\"isPartOf\":{\"@id\":\"https:\/\/www.bagnoitalia.com\/es#website\"},\"primaryImageOfPage\":{\"@id\":\"https:\/\/www.bagnoitalia.com\/es\/producto\/tocador-de-bano-gris-85-105-cm-con-patas-blanco-brillante-alerce-gris-wengue-espejo-con-unidad-de-pared-y-armario.html#primaryimage\"},\"image\":{\"@id\":\"https:\/\/www.bagnoitalia.com\/es\/producto\/tocador-de-bano-gris-85-105-cm-con-patas-blanco-brillante-alerce-gris-wengue-espejo-con-unidad-de-pared-y-armario.html#primaryimage\"},\"thumbnailUrl\":\"https:\/\/img.bagnoitalia.com\/wp-content\/uploads\/virtuemart\/product\/prodotto-non-disponibile-09899.jpg\",\"datePublished\":\"2016-03-09T09:23:00+00:00\",\"description\":\"Mueble de ba\u00f1o de roble de 85 y 105 cm con patas blancas brillantes, alerce y wengu\u00e9 gris con espejo, lavabo de cer\u00e1mica\",\"breadcrumb\":{\"@id\":\"https:\/\/www.bagnoitalia.com\/es\/producto\/tocador-de-bano-gris-85-105-cm-con-patas-blanco-brillante-alerce-gris-wengue-espejo-con-unidad-de-pared-y-armario.html#breadcrumb\"},\"inLanguage\":\"es\",\"potentialAction\":[{\"@type\":\"ReadAction\",\"target\":[\"https:\/\/www.bagnoitalia.com\/es\/producto\/tocador-de-bano-gris-85-105-cm-con-patas-blanco-brillante-alerce-gris-wengue-espejo-con-unidad-de-pared-y-armario.html\"]}]},{\"@type\":\"ImageObject\",\"inLanguage\":\"es\",\"@id\":\"https:\/\/www.bagnoitalia.com\/es\/producto\/tocador-de-bano-gris-85-105-cm-con-patas-blanco-brillante-alerce-gris-wengue-espejo-con-unidad-de-pared-y-armario.html#primaryimage\",\"url\":\"https:\/\/img.bagnoitalia.com\/wp-content\/uploads\/virtuemart\/product\/prodotto-non-disponibile-09899.jpg\",\"contentUrl\":\"https:\/\/img.bagnoitalia.com\/wp-content\/uploads\/virtuemart\/product\/prodotto-non-disponibile-09899.jpg\",\"width\":345,\"height\":315},{\"@type\":\"BreadcrumbList\",\"@id\":\"https:\/\/www.bagnoitalia.com\/es\/producto\/tocador-de-bano-gris-85-105-cm-con-patas-blanco-brillante-alerce-gris-wengue-espejo-con-unidad-de-pared-y-armario.html#breadcrumb\",\"itemListElement\":[{\"@type\":\"ListItem\",\"position\":1,\"name\":\"Home\",\"item\":\"https:\/\/www.bagnoitalia.com\/es\"},{\"@type\":\"ListItem\",\"position\":2,\"name\":\"Productos\",\"item\":\"https:\/\/www.bagnoitalia.com\/es\/shop\"},{\"@type\":\"ListItem\",\"position\":3,\"name\":\"Tocador de ba\u00f1o Gris 85 105 cm con patas blanco brillante alerce Gris wengu\u00e9 espejo con unidad de pared y armario\"}]},{\"@type\":\"WebSite\",\"@id\":\"https:\/\/www.bagnoitalia.com\/es#website\",\"url\":\"https:\/\/www.bagnoitalia.com\/es\",\"name\":\"Bagno Italia\",\"description\":\"\",\"publisher\":{\"@id\":\"https:\/\/www.bagnoitalia.com\/es#organization\"},\"potentialAction\":[{\"@type\":\"SearchAction\",\"target\":{\"@type\":\"EntryPoint\",\"urlTemplate\":\"https:\/\/www.bagnoitalia.com\/es?s={search_term_string}\"},\"query-input\":{\"@type\":\"PropertyValueSpecification\",\"valueRequired\":true,\"valueName\":\"search_term_string\"}}],\"inLanguage\":\"es\"},{\"@type\":\"Organization\",\"@id\":\"https:\/\/www.bagnoitalia.com\/es#organization\",\"name\":\"Bagno Italia\",\"url\":\"https:\/\/www.bagnoitalia.com\/es\",\"logo\":{\"@type\":\"ImageObject\",\"inLanguage\":\"es\",\"@id\":\"https:\/\/www.bagnoitalia.com\/es#\/schema\/logo\/image\/\",\"url\":\"https:\/\/img.bagnoitalia.com\/wp-content\/uploads\/logo-bagnoitalia.webp\",\"contentUrl\":\"https:\/\/img.bagnoitalia.com\/wp-content\/uploads\/logo-bagnoitalia.webp\",\"width\":400,\"height\":70,\"caption\":\"Bagno Italia\"},\"image\":{\"@id\":\"https:\/\/www.bagnoitalia.com\/es#\/schema\/logo\/image\/\"}}]}<\/script>\n<!-- \/ Yoast SEO plugin. -->","yoast_head_json":{"title":"Gabinete de ba\u00f1o rovereto 85 105 cm con pies blanco brillante lavabo de cer\u00e1mica gris wengu\u00e9 en el suelo","description":"Mueble de ba\u00f1o de roble de 85 y 105 cm con patas blancas brillantes, alerce y wengu\u00e9 gris con espejo, lavabo de cer\u00e1mica","robots":{"index":"index","follow":"follow","max-snippet":"max-snippet:-1","max-image-preview":"max-image-preview:large","max-video-preview":"max-video-preview:-1"},"canonical":"https:\/\/www.bagnoitalia.com\/es\/producto\/tocador-de-bano-gris-85-105-cm-con-patas-blanco-brillante-alerce-gris-wengue-espejo-con-unidad-de-pared-y-armario.html","og_locale":"es_ES","og_type":"article","og_title":"Gabinete de ba\u00f1o rovereto 85 105 cm con pies blanco brillante lavabo de cer\u00e1mica gris wengu\u00e9 en el suelo","og_description":"Mueble de ba\u00f1o de roble de 85 y 105 cm con patas blancas brillantes, alerce y wengu\u00e9 gris con espejo, lavabo de cer\u00e1mica","og_url":"https:\/\/www.bagnoitalia.com\/es\/producto\/tocador-de-bano-gris-85-105-cm-con-patas-blanco-brillante-alerce-gris-wengue-espejo-con-unidad-de-pared-y-armario.html","og_site_name":"Bagno Italia","og_image":[{"width":345,"height":315,"url":"https:\/\/img.bagnoitalia.com\/wp-content\/uploads\/virtuemart\/product\/prodotto-non-disponibile-09899.jpg","type":"image\/jpeg"}],"twitter_card":"summary_large_image","schema":{"@context":"https:\/\/schema.org","@graph":[{"@type":"WebPage","@id":"https:\/\/www.bagnoitalia.com\/es\/producto\/tocador-de-bano-gris-85-105-cm-con-patas-blanco-brillante-alerce-gris-wengue-espejo-con-unidad-de-pared-y-armario.html","url":"https:\/\/www.bagnoitalia.com\/es\/producto\/tocador-de-bano-gris-85-105-cm-con-patas-blanco-brillante-alerce-gris-wengue-espejo-con-unidad-de-pared-y-armario.html","name":"Gabinete de ba\u00f1o rovereto 85 105 cm con pies blanco brillante lavabo de cer\u00e1mica gris wengu\u00e9 en el suelo","isPartOf":{"@id":"https:\/\/www.bagnoitalia.com\/es#website"},"primaryImageOfPage":{"@id":"https:\/\/www.bagnoitalia.com\/es\/producto\/tocador-de-bano-gris-85-105-cm-con-patas-blanco-brillante-alerce-gris-wengue-espejo-con-unidad-de-pared-y-armario.html#primaryimage"},"image":{"@id":"https:\/\/www.bagnoitalia.com\/es\/producto\/tocador-de-bano-gris-85-105-cm-con-patas-blanco-brillante-alerce-gris-wengue-espejo-con-unidad-de-pared-y-armario.html#primaryimage"},"thumbnailUrl":"https:\/\/img.bagnoitalia.com\/wp-content\/uploads\/virtuemart\/product\/prodotto-non-disponibile-09899.jpg","datePublished":"2016-03-09T09:23:00+00:00","description":"Mueble de ba\u00f1o de roble de 85 y 105 cm con patas blancas brillantes, alerce y wengu\u00e9 gris con espejo, lavabo de cer\u00e1mica","breadcrumb":{"@id":"https:\/\/www.bagnoitalia.com\/es\/producto\/tocador-de-bano-gris-85-105-cm-con-patas-blanco-brillante-alerce-gris-wengue-espejo-con-unidad-de-pared-y-armario.html#breadcrumb"},"inLanguage":"es","potentialAction":[{"@type":"ReadAction","target":["https:\/\/www.bagnoitalia.com\/es\/producto\/tocador-de-bano-gris-85-105-cm-con-patas-blanco-brillante-alerce-gris-wengue-espejo-con-unidad-de-pared-y-armario.html"]}]},{"@type":"ImageObject","inLanguage":"es","@id":"https:\/\/www.bagnoitalia.com\/es\/producto\/tocador-de-bano-gris-85-105-cm-con-patas-blanco-brillante-alerce-gris-wengue-espejo-con-unidad-de-pared-y-armario.html#primaryimage","url":"https:\/\/img.bagnoitalia.com\/wp-content\/uploads\/virtuemart\/product\/prodotto-non-disponibile-09899.jpg","contentUrl":"https:\/\/img.bagnoitalia.com\/wp-content\/uploads\/virtuemart\/product\/prodotto-non-disponibile-09899.jpg","width":345,"height":315},{"@type":"BreadcrumbList","@id":"https:\/\/www.bagnoitalia.com\/es\/producto\/tocador-de-bano-gris-85-105-cm-con-patas-blanco-brillante-alerce-gris-wengue-espejo-con-unidad-de-pared-y-armario.html#breadcrumb","itemListElement":[{"@type":"ListItem","position":1,"name":"Home","item":"https:\/\/www.bagnoitalia.com\/es"},{"@type":"ListItem","position":2,"name":"Productos","item":"https:\/\/www.bagnoitalia.com\/es\/shop"},{"@type":"ListItem","position":3,"name":"Tocador de ba\u00f1o Gris 85 105 cm con patas blanco brillante alerce Gris wengu\u00e9 espejo con unidad de pared y armario"}]},{"@type":"WebSite","@id":"https:\/\/www.bagnoitalia.com\/es#website","url":"https:\/\/www.bagnoitalia.com\/es","name":"Bagno Italia","description":"","publisher":{"@id":"https:\/\/www.bagnoitalia.com\/es#organization"},"potentialAction":[{"@type":"SearchAction","target":{"@type":"EntryPoint","urlTemplate":"https:\/\/www.bagnoitalia.com\/es?s={search_term_string}"},"query-input":{"@type":"PropertyValueSpecification","valueRequired":true,"valueName":"search_term_string"}}],"inLanguage":"es"},{"@type":"Organization","@id":"https:\/\/www.bagnoitalia.com\/es#organization","name":"Bagno Italia","url":"https:\/\/www.bagnoitalia.com\/es","logo":{"@type":"ImageObject","inLanguage":"es","@id":"https:\/\/www.bagnoitalia.com\/es#\/schema\/logo\/image\/","url":"https:\/\/img.bagnoitalia.com\/wp-content\/uploads\/logo-bagnoitalia.webp","contentUrl":"https:\/\/img.bagnoitalia.com\/wp-content\/uploads\/logo-bagnoitalia.webp","width":400,"height":70,"caption":"Bagno Italia"},"image":{"@id":"https:\/\/www.bagnoitalia.com\/es#\/schema\/logo\/image\/"}}]}},"_links":{"self":[{"href":"https:\/\/www.bagnoitalia.com\/es\/wp-json\/wp\/v2\/product\/79812","targetHints":{"allow":["GET"]}}],"collection":[{"href":"https:\/\/www.bagnoitalia.com\/es\/wp-json\/wp\/v2\/product"}],"about":[{"href":"https:\/\/www.bagnoitalia.com\/es\/wp-json\/wp\/v2\/types\/product"}],"replies":[{"embeddable":true,"href":"https:\/\/www.bagnoitalia.com\/es\/wp-json\/wp\/v2\/comments?post=79812"}],"version-history":[{"count":0,"href":"https:\/\/www.bagnoitalia.com\/es\/wp-json\/wp\/v2\/product\/79812\/revisions"}],"wp:featuredmedia":[{"embeddable":true,"href":"https:\/\/www.bagnoitalia.com\/es\/wp-json\/wp\/v2\/media\/29198"}],"wp:attachment":[{"href":"https:\/\/www.bagnoitalia.com\/es\/wp-json\/wp\/v2\/media?parent=79812"}],"wp:term":[{"taxonomy":"product_brand","embeddable":true,"href":"https:\/\/www.bagnoitalia.com\/es\/wp-json\/wp\/v2\/product_brand?post=79812"},{"taxonomy":"product_cat","embeddable":true,"href":"https:\/\/www.bagnoitalia.com\/es\/wp-json\/wp\/v2\/product_cat?post=79812"},{"taxonomy":"product_tag","embeddable":true,"href":"https:\/\/www.bagnoitalia.com\/es\/wp-json\/wp\/v2\/product_tag?post=79812"}],"curies":[{"name":"wp","href":"https:\/\/api.w.org\/{rel}","templated":true}]}}