{"id":79720,"date":"2016-02-24T11:06:50","date_gmt":"2016-02-24T10:06:50","guid":{"rendered":"https:\/\/www.bagnoitalia.com\/product\/armario-de-pared-abierto-o-con-puerta-en-diferentes-tamanos-blanco-negro-rojo-marron-grisaceo-roble-suave"},"modified":"2024-09-20T16:16:25","modified_gmt":"2024-09-20T14:16:25","slug":"armario-de-pared-abierto-o-con-puerta-en-diferentes-tamanos-blanco-negro-rojo-marron-grisaceo-roble-suave","status":"publish","type":"product","link":"https:\/\/www.bagnoitalia.com\/es\/producto\/armario-de-pared-abierto-o-con-puerta-en-diferentes-tamanos-blanco-negro-rojo-marron-grisaceo-roble-suave.html","title":{"rendered":"Armario de pared, abierto o con puerta en diferentes tama\u00f1os blanco negro rojo marr\u00f3n gris\u00e1ceo roble suave BM016"},"content":{"rendered":"<p><span style=\"text-decoration: underline; color: #000000;\"><strong><span style=\"font-size: 12pt;\">Mueble de pared para muebles de ba\u00f1o abiertos o con puerta para muebles AVON, LIVE, EDELWEISS, STIVEN, FLORENS<\/span><\/strong><\/span><\/p>\n<p><span style=\"text-decoration: underline; color: #000000; font-size: 10pt;\"><strong>\u00a0<\/strong><\/span><\/p>\n<p><span style=\"font-size: 12pt;\"><strong><span style=\"font-size: 12pt;\">Tama\u00f1os disponibles:<\/span><\/strong><\/span><\/p>\n<p>20x12x60H (sin puerta)<\/p>\n<p>20x14x60H (con puerta)<\/p>\n<p>20x12x100H (sin puerta)<\/p>\n<p>20x14x100H (con puerta)<\/p>\n<p>40x15x40H (sin puerta)<\/p>\n<p>40x17x40H (con puerta)<\/p>\n<p>Colores disponibles: blanco, negro brillante, rojo, marr\u00f3n mate, roble suave<\/p>\n<p><span style=\"font-size: 14pt;\"><strong>Materiales:<\/strong><\/span><\/p>\n<p>Estructura de madera MDF<\/p>\n<p>Clasificaci\u00f3n de metales<\/p>\n<p>Apertura con ranura lateral.<\/p>\n<p>Todas las unidades de pared son reversibles, por lo tanto, no es necesario especificar la direcci\u00f3n de apertura de la puerta<\/p>\n<p><img fetchpriority=\"high\" decoding=\"async\" class=\"shrinkToFit size-full wp-image-28618\" src=\"https:\/\/img.bagnoitalia.com\/wp-content\/uploads\/virtuemart\/product\/pensile-rosso-specifiche.jpg\" alt=\"https:\/\/www.bagnoitalia.it\/https:\/\/img.bagnoitalia.com\/wp-content\/uploads\/virtuemart\/product\/pensile-rosso-specifiche.jpg\" width=\"824\" height=\"608\" srcset=\"https:\/\/img.bagnoitalia.com\/wp-content\/uploads\/virtuemart\/product\/pensile-rosso-specifiche.jpg 1590w, https:\/\/img.bagnoitalia.com\/wp-content\/uploads\/virtuemart\/product\/pensile-rosso-specifiche-768x566.jpg 768w, https:\/\/img.bagnoitalia.com\/wp-content\/uploads\/virtuemart\/product\/pensile-rosso-specifiche-1536x1132.jpg 1536w, https:\/\/img.bagnoitalia.com\/wp-content\/uploads\/virtuemart\/product\/pensile-rosso-specifiche-990x730.jpg 990w, https:\/\/img.bagnoitalia.com\/wp-content\/uploads\/virtuemart\/product\/pensile-rosso-specifiche-441x325.jpg 441w, https:\/\/img.bagnoitalia.com\/wp-content\/uploads\/virtuemart\/product\/pensile-rosso-specifiche-600x442.jpg 600w, https:\/\/img.bagnoitalia.com\/wp-content\/uploads\/virtuemart\/product\/pensile-rosso-specifiche-150x111.jpg 150w\" sizes=\"(max-width: 824px) 100vw, 824px\" \/><\/p>\n","protected":false},"excerpt":{"rendered":"<p>Mueble de pared para ba\u00f1o o con puerta en diferentes tama\u00f1os y colores blanco, negro, rojo, marr\u00f3n y roble suave para muebles AVON, LIVE, EDELWEISS, STIVEN, FLORENS<\/p>\n","protected":false},"featured_media":28594,"comment_status":"open","ping_status":"closed","template":"","meta":[],"product_brand":[5011],"product_cat":[9669],"product_tag":[],"class_list":{"0":"post-79720","1":"product","2":"type-product","3":"status-publish","4":"has-post-thumbnail","6":"product_brand-baden-haus","7":"product_cat-complementos-modernos","9":"first","10":"instock","11":"sale","12":"taxable","13":"shipping-taxable","14":"purchasable","15":"product-type-simple"},"exclude_global_add_ons":false,"addons":[{"name":"unidad de pared","type":"multiple_choice","position":0,"required":true,"title_format":"heading","default":"","description_enable":false,"description":"","placeholder_enable":false,"placeholder":"","display":"select","restrictions_type":"any_text","adjust_price":false,"price":"","price_type":"flat_fee","restrictions":false,"min":"0","max":"0","options":[{"label":"20x12x60H compartimento abierto","price":"","price_type":"quantity_based","image":0,"visibility":true},{"label":"20x14x60H con puerta","price":"20","price_type":"quantity_based","image":0,"visibility":true},{"label":"20x12x100H compartimento abierto","price":"20","price_type":"quantity_based","image":0,"visibility":true},{"label":"20x14x100H con puerta","price":"40","price_type":"quantity_based","image":0,"visibility":true},{"label":"40x15x40H compartimento abierto","price":"11","price_type":"quantity_based","image":0,"visibility":true},{"label":"40x17x40H con puerta","price":"31","price_type":"quantity_based","image":0,"visibility":true}],"id":1716396489},{"name":"color","type":"multiple_choice","position":1,"required":true,"title_format":"heading","default":"","description_enable":false,"description":"","placeholder_enable":false,"placeholder":"","display":"select","restrictions_type":"any_text","adjust_price":false,"price":"","price_type":"flat_fee","restrictions":false,"min":"0","max":"0","options":[{"label":"blanco brillante","price":"","price_type":"quantity_based","image":0,"visibility":true},{"label":"negro brillante","price":"","price_type":"quantity_based","image":0,"visibility":true},{"label":"Gris topo opaco","price":"","price_type":"quantity_based","image":0,"visibility":true},{"label":"roble suave","price":"","price_type":"quantity_based","image":0,"visibility":true}],"id":1716396490}],"yoast_head":"<!-- This site is optimized with the Yoast SEO plugin v26.7 - https:\/\/yoast.com\/wordpress\/plugins\/seo\/ -->\n<title>Armario de pared, abierto o con puerta en diferentes tama\u00f1os blanco negro rojo marr\u00f3n gris\u00e1ceo roble suave<\/title>\n<meta name=\"description\" content=\"Mueble de pared para ba\u00f1o o con puerta de diferentes tama\u00f1os y en blanco, negro, rojo, marr\u00f3n y roble suave\" \/>\n<meta name=\"robots\" content=\"index, follow, max-snippet:-1, max-image-preview:large, max-video-preview:-1\" \/>\n<link rel=\"canonical\" href=\"https:\/\/www.bagnoitalia.com\/es\/producto\/armario-de-pared-abierto-o-con-puerta-en-diferentes-tamanos-blanco-negro-rojo-marron-grisaceo-roble-suave.html\" \/>\n<meta property=\"og:locale\" content=\"es_ES\" \/>\n<meta property=\"og:type\" content=\"article\" \/>\n<meta property=\"og:title\" content=\"Armario de pared, abierto o con puerta en diferentes tama\u00f1os blanco negro rojo marr\u00f3n gris\u00e1ceo roble suave\" \/>\n<meta property=\"og:description\" content=\"Mueble de pared para ba\u00f1o o con puerta de diferentes tama\u00f1os y en blanco, negro, rojo, marr\u00f3n y roble suave\" \/>\n<meta property=\"og:url\" content=\"https:\/\/www.bagnoitalia.com\/es\/producto\/armario-de-pared-abierto-o-con-puerta-en-diferentes-tamanos-blanco-negro-rojo-marron-grisaceo-roble-suave.html\" \/>\n<meta property=\"og:site_name\" content=\"Bagno Italia\" \/>\n<meta property=\"article:modified_time\" content=\"2024-09-20T14:16:25+00:00\" \/>\n<meta property=\"og:image\" content=\"https:\/\/img.bagnoitalia.com\/wp-content\/uploads\/virtuemart\/product\/wall-cabinet-with-open-compartment-or-with-door-1_1544461787_526.jpg\" \/>\n\t<meta property=\"og:image:width\" content=\"1014\" \/>\n\t<meta property=\"og:image:height\" content=\"1014\" \/>\n\t<meta property=\"og:image:type\" content=\"image\/jpeg\" \/>\n<meta name=\"twitter:card\" content=\"summary_large_image\" \/>\n<meta name=\"twitter:label1\" content=\"Tiempo de lectura\" \/>\n\t<meta name=\"twitter:data1\" content=\"1 minuto\" \/>\n<script type=\"application\/ld+json\" class=\"yoast-schema-graph\">{\"@context\":\"https:\/\/schema.org\",\"@graph\":[{\"@type\":\"WebPage\",\"@id\":\"https:\/\/www.bagnoitalia.com\/es\/producto\/armario-de-pared-abierto-o-con-puerta-en-diferentes-tamanos-blanco-negro-rojo-marron-grisaceo-roble-suave.html\",\"url\":\"https:\/\/www.bagnoitalia.com\/es\/producto\/armario-de-pared-abierto-o-con-puerta-en-diferentes-tamanos-blanco-negro-rojo-marron-grisaceo-roble-suave.html\",\"name\":\"Armario de pared, abierto o con puerta en diferentes tama\u00f1os blanco negro rojo marr\u00f3n gris\u00e1ceo roble suave\",\"isPartOf\":{\"@id\":\"https:\/\/www.bagnoitalia.com\/es#website\"},\"primaryImageOfPage\":{\"@id\":\"https:\/\/www.bagnoitalia.com\/es\/producto\/armario-de-pared-abierto-o-con-puerta-en-diferentes-tamanos-blanco-negro-rojo-marron-grisaceo-roble-suave.html#primaryimage\"},\"image\":{\"@id\":\"https:\/\/www.bagnoitalia.com\/es\/producto\/armario-de-pared-abierto-o-con-puerta-en-diferentes-tamanos-blanco-negro-rojo-marron-grisaceo-roble-suave.html#primaryimage\"},\"thumbnailUrl\":\"https:\/\/img.bagnoitalia.com\/wp-content\/uploads\/virtuemart\/product\/wall-cabinet-with-open-compartment-or-with-door-1_1544461787_526.jpg\",\"datePublished\":\"2016-02-24T10:06:50+00:00\",\"dateModified\":\"2024-09-20T14:16:25+00:00\",\"description\":\"Mueble de pared para ba\u00f1o o con puerta de diferentes tama\u00f1os y en blanco, negro, rojo, marr\u00f3n y roble suave\",\"breadcrumb\":{\"@id\":\"https:\/\/www.bagnoitalia.com\/es\/producto\/armario-de-pared-abierto-o-con-puerta-en-diferentes-tamanos-blanco-negro-rojo-marron-grisaceo-roble-suave.html#breadcrumb\"},\"inLanguage\":\"es\",\"potentialAction\":[{\"@type\":\"ReadAction\",\"target\":[\"https:\/\/www.bagnoitalia.com\/es\/producto\/armario-de-pared-abierto-o-con-puerta-en-diferentes-tamanos-blanco-negro-rojo-marron-grisaceo-roble-suave.html\"]}]},{\"@type\":\"ImageObject\",\"inLanguage\":\"es\",\"@id\":\"https:\/\/www.bagnoitalia.com\/es\/producto\/armario-de-pared-abierto-o-con-puerta-en-diferentes-tamanos-blanco-negro-rojo-marron-grisaceo-roble-suave.html#primaryimage\",\"url\":\"https:\/\/img.bagnoitalia.com\/wp-content\/uploads\/virtuemart\/product\/wall-cabinet-with-open-compartment-or-with-door-1_1544461787_526.jpg\",\"contentUrl\":\"https:\/\/img.bagnoitalia.com\/wp-content\/uploads\/virtuemart\/product\/wall-cabinet-with-open-compartment-or-with-door-1_1544461787_526.jpg\",\"width\":1014,\"height\":1014},{\"@type\":\"BreadcrumbList\",\"@id\":\"https:\/\/www.bagnoitalia.com\/es\/producto\/armario-de-pared-abierto-o-con-puerta-en-diferentes-tamanos-blanco-negro-rojo-marron-grisaceo-roble-suave.html#breadcrumb\",\"itemListElement\":[{\"@type\":\"ListItem\",\"position\":1,\"name\":\"Home\",\"item\":\"https:\/\/www.bagnoitalia.com\/es\"},{\"@type\":\"ListItem\",\"position\":2,\"name\":\"Productos\",\"item\":\"https:\/\/www.bagnoitalia.com\/es\/shop\"},{\"@type\":\"ListItem\",\"position\":3,\"name\":\"Armario de pared, abierto o con puerta en diferentes tama\u00f1os blanco negro rojo marr\u00f3n gris\u00e1ceo roble suave BM016\"}]},{\"@type\":\"WebSite\",\"@id\":\"https:\/\/www.bagnoitalia.com\/es#website\",\"url\":\"https:\/\/www.bagnoitalia.com\/es\",\"name\":\"Bagno Italia\",\"description\":\"\",\"publisher\":{\"@id\":\"https:\/\/www.bagnoitalia.com\/es#organization\"},\"potentialAction\":[{\"@type\":\"SearchAction\",\"target\":{\"@type\":\"EntryPoint\",\"urlTemplate\":\"https:\/\/www.bagnoitalia.com\/es?s={search_term_string}\"},\"query-input\":{\"@type\":\"PropertyValueSpecification\",\"valueRequired\":true,\"valueName\":\"search_term_string\"}}],\"inLanguage\":\"es\"},{\"@type\":\"Organization\",\"@id\":\"https:\/\/www.bagnoitalia.com\/es#organization\",\"name\":\"Bagno Italia\",\"url\":\"https:\/\/www.bagnoitalia.com\/es\",\"logo\":{\"@type\":\"ImageObject\",\"inLanguage\":\"es\",\"@id\":\"https:\/\/www.bagnoitalia.com\/es#\/schema\/logo\/image\/\",\"url\":\"https:\/\/img.bagnoitalia.com\/wp-content\/uploads\/logo-bagnoitalia.webp\",\"contentUrl\":\"https:\/\/img.bagnoitalia.com\/wp-content\/uploads\/logo-bagnoitalia.webp\",\"width\":400,\"height\":70,\"caption\":\"Bagno Italia\"},\"image\":{\"@id\":\"https:\/\/www.bagnoitalia.com\/es#\/schema\/logo\/image\/\"}}]}<\/script>\n<!-- \/ Yoast SEO plugin. -->","yoast_head_json":{"title":"Armario de pared, abierto o con puerta en diferentes tama\u00f1os blanco negro rojo marr\u00f3n gris\u00e1ceo roble suave","description":"Mueble de pared para ba\u00f1o o con puerta de diferentes tama\u00f1os y en blanco, negro, rojo, marr\u00f3n y roble suave","robots":{"index":"index","follow":"follow","max-snippet":"max-snippet:-1","max-image-preview":"max-image-preview:large","max-video-preview":"max-video-preview:-1"},"canonical":"https:\/\/www.bagnoitalia.com\/es\/producto\/armario-de-pared-abierto-o-con-puerta-en-diferentes-tamanos-blanco-negro-rojo-marron-grisaceo-roble-suave.html","og_locale":"es_ES","og_type":"article","og_title":"Armario de pared, abierto o con puerta en diferentes tama\u00f1os blanco negro rojo marr\u00f3n gris\u00e1ceo roble suave","og_description":"Mueble de pared para ba\u00f1o o con puerta de diferentes tama\u00f1os y en blanco, negro, rojo, marr\u00f3n y roble suave","og_url":"https:\/\/www.bagnoitalia.com\/es\/producto\/armario-de-pared-abierto-o-con-puerta-en-diferentes-tamanos-blanco-negro-rojo-marron-grisaceo-roble-suave.html","og_site_name":"Bagno Italia","article_modified_time":"2024-09-20T14:16:25+00:00","og_image":[{"width":1014,"height":1014,"url":"https:\/\/img.bagnoitalia.com\/wp-content\/uploads\/virtuemart\/product\/wall-cabinet-with-open-compartment-or-with-door-1_1544461787_526.jpg","type":"image\/jpeg"}],"twitter_card":"summary_large_image","twitter_misc":{"Tiempo de lectura":"1 minuto"},"schema":{"@context":"https:\/\/schema.org","@graph":[{"@type":"WebPage","@id":"https:\/\/www.bagnoitalia.com\/es\/producto\/armario-de-pared-abierto-o-con-puerta-en-diferentes-tamanos-blanco-negro-rojo-marron-grisaceo-roble-suave.html","url":"https:\/\/www.bagnoitalia.com\/es\/producto\/armario-de-pared-abierto-o-con-puerta-en-diferentes-tamanos-blanco-negro-rojo-marron-grisaceo-roble-suave.html","name":"Armario de pared, abierto o con puerta en diferentes tama\u00f1os blanco negro rojo marr\u00f3n gris\u00e1ceo roble suave","isPartOf":{"@id":"https:\/\/www.bagnoitalia.com\/es#website"},"primaryImageOfPage":{"@id":"https:\/\/www.bagnoitalia.com\/es\/producto\/armario-de-pared-abierto-o-con-puerta-en-diferentes-tamanos-blanco-negro-rojo-marron-grisaceo-roble-suave.html#primaryimage"},"image":{"@id":"https:\/\/www.bagnoitalia.com\/es\/producto\/armario-de-pared-abierto-o-con-puerta-en-diferentes-tamanos-blanco-negro-rojo-marron-grisaceo-roble-suave.html#primaryimage"},"thumbnailUrl":"https:\/\/img.bagnoitalia.com\/wp-content\/uploads\/virtuemart\/product\/wall-cabinet-with-open-compartment-or-with-door-1_1544461787_526.jpg","datePublished":"2016-02-24T10:06:50+00:00","dateModified":"2024-09-20T14:16:25+00:00","description":"Mueble de pared para ba\u00f1o o con puerta de diferentes tama\u00f1os y en blanco, negro, rojo, marr\u00f3n y roble suave","breadcrumb":{"@id":"https:\/\/www.bagnoitalia.com\/es\/producto\/armario-de-pared-abierto-o-con-puerta-en-diferentes-tamanos-blanco-negro-rojo-marron-grisaceo-roble-suave.html#breadcrumb"},"inLanguage":"es","potentialAction":[{"@type":"ReadAction","target":["https:\/\/www.bagnoitalia.com\/es\/producto\/armario-de-pared-abierto-o-con-puerta-en-diferentes-tamanos-blanco-negro-rojo-marron-grisaceo-roble-suave.html"]}]},{"@type":"ImageObject","inLanguage":"es","@id":"https:\/\/www.bagnoitalia.com\/es\/producto\/armario-de-pared-abierto-o-con-puerta-en-diferentes-tamanos-blanco-negro-rojo-marron-grisaceo-roble-suave.html#primaryimage","url":"https:\/\/img.bagnoitalia.com\/wp-content\/uploads\/virtuemart\/product\/wall-cabinet-with-open-compartment-or-with-door-1_1544461787_526.jpg","contentUrl":"https:\/\/img.bagnoitalia.com\/wp-content\/uploads\/virtuemart\/product\/wall-cabinet-with-open-compartment-or-with-door-1_1544461787_526.jpg","width":1014,"height":1014},{"@type":"BreadcrumbList","@id":"https:\/\/www.bagnoitalia.com\/es\/producto\/armario-de-pared-abierto-o-con-puerta-en-diferentes-tamanos-blanco-negro-rojo-marron-grisaceo-roble-suave.html#breadcrumb","itemListElement":[{"@type":"ListItem","position":1,"name":"Home","item":"https:\/\/www.bagnoitalia.com\/es"},{"@type":"ListItem","position":2,"name":"Productos","item":"https:\/\/www.bagnoitalia.com\/es\/shop"},{"@type":"ListItem","position":3,"name":"Armario de pared, abierto o con puerta en diferentes tama\u00f1os blanco negro rojo marr\u00f3n gris\u00e1ceo roble suave BM016"}]},{"@type":"WebSite","@id":"https:\/\/www.bagnoitalia.com\/es#website","url":"https:\/\/www.bagnoitalia.com\/es","name":"Bagno Italia","description":"","publisher":{"@id":"https:\/\/www.bagnoitalia.com\/es#organization"},"potentialAction":[{"@type":"SearchAction","target":{"@type":"EntryPoint","urlTemplate":"https:\/\/www.bagnoitalia.com\/es?s={search_term_string}"},"query-input":{"@type":"PropertyValueSpecification","valueRequired":true,"valueName":"search_term_string"}}],"inLanguage":"es"},{"@type":"Organization","@id":"https:\/\/www.bagnoitalia.com\/es#organization","name":"Bagno Italia","url":"https:\/\/www.bagnoitalia.com\/es","logo":{"@type":"ImageObject","inLanguage":"es","@id":"https:\/\/www.bagnoitalia.com\/es#\/schema\/logo\/image\/","url":"https:\/\/img.bagnoitalia.com\/wp-content\/uploads\/logo-bagnoitalia.webp","contentUrl":"https:\/\/img.bagnoitalia.com\/wp-content\/uploads\/logo-bagnoitalia.webp","width":400,"height":70,"caption":"Bagno Italia"},"image":{"@id":"https:\/\/www.bagnoitalia.com\/es#\/schema\/logo\/image\/"}}]}},"_links":{"self":[{"href":"https:\/\/www.bagnoitalia.com\/es\/wp-json\/wp\/v2\/product\/79720","targetHints":{"allow":["GET"]}}],"collection":[{"href":"https:\/\/www.bagnoitalia.com\/es\/wp-json\/wp\/v2\/product"}],"about":[{"href":"https:\/\/www.bagnoitalia.com\/es\/wp-json\/wp\/v2\/types\/product"}],"replies":[{"embeddable":true,"href":"https:\/\/www.bagnoitalia.com\/es\/wp-json\/wp\/v2\/comments?post=79720"}],"version-history":[{"count":3,"href":"https:\/\/www.bagnoitalia.com\/es\/wp-json\/wp\/v2\/product\/79720\/revisions"}],"predecessor-version":[{"id":92101,"href":"https:\/\/www.bagnoitalia.com\/es\/wp-json\/wp\/v2\/product\/79720\/revisions\/92101"}],"wp:featuredmedia":[{"embeddable":true,"href":"https:\/\/www.bagnoitalia.com\/es\/wp-json\/wp\/v2\/media\/28594"}],"wp:attachment":[{"href":"https:\/\/www.bagnoitalia.com\/es\/wp-json\/wp\/v2\/media?parent=79720"}],"wp:term":[{"taxonomy":"product_brand","embeddable":true,"href":"https:\/\/www.bagnoitalia.com\/es\/wp-json\/wp\/v2\/product_brand?post=79720"},{"taxonomy":"product_cat","embeddable":true,"href":"https:\/\/www.bagnoitalia.com\/es\/wp-json\/wp\/v2\/product_cat?post=79720"},{"taxonomy":"product_tag","embeddable":true,"href":"https:\/\/www.bagnoitalia.com\/es\/wp-json\/wp\/v2\/product_tag?post=79720"}],"curies":[{"name":"wp","href":"https:\/\/api.w.org\/{rel}","templated":true}]}}