{"id":79656,"date":"2016-01-18T10:14:44","date_gmt":"2016-01-18T09:14:44","guid":{"rendered":"https:\/\/www.bagnoitalia.com\/product\/cabina-de-hidromasaje-135x80-6-hidromasajes-con-bano-de-sauna-antideslizante-bano-turco-telefono-manos-libres-y-radio-fm-con-altavoces-cb041"},"modified":"2024-11-08T12:21:57","modified_gmt":"2024-11-08T11:21:57","slug":"cabina-de-hidromasaje-135x80-6-hidromasajes-con-bano-de-sauna-antideslizante-bano-turco-telefono-manos-libres-y-radio-fm-con-altavoces-cb041","status":"publish","type":"product","link":"https:\/\/www.bagnoitalia.com\/es\/producto\/cabina-de-hidromasaje-135x80-6-hidromasajes-con-bano-de-sauna-antideslizante-bano-turco-telefono-manos-libres-y-radio-fm-con-altavoces-cb041.html","title":{"rendered":"Cabina de Hidromasaje 135&#215;80, 6 hidrochorros, con Ba\u00f1era antideslizante, Ba\u00f1o Turco, Tel\u00e9fono parlante, y Radio FM, con Altavoces CB041"},"content":{"rendered":"<p><span style=\"text-decoration: underline; font-size: 12pt; color: #ff0000;\"><strong>Cabina de Hidromasaje de 135&#215;80.<\/strong><\/span><\/p>\n<p><strong><span style=\"font-size: 10pt;\">&#8211;<\/span><\/strong> <strong><span style=\"font-size: 10pt;\">Dimensiones: 135x80x215.<\/span><\/strong><\/p>\n<p><span style=\"font-size: 10pt;\"><strong>&#8211; Generador de vapor (ba\u00f1o de vapor).<br \/>\n<\/strong><\/span><\/p>\n<p><span style=\"font-size: 10pt;\"><strong>&#8211; Pantalla t\u00e1ctil con panel de control;<\/strong><\/span><\/p>\n<p><span style=\"font-size: 10pt;\"><strong>&#8211; Radio FM con altavoces;<\/strong><\/span><\/p>\n<p><span style=\"font-size: 10pt;\"><strong>&#8211; <span style=\"font-size: 10pt;\"><strong>Ba\u00f1era antideslizante<\/strong><\/span> con plato de ducha en ABS reforzado con tres capas en resina;<\/strong><\/span><\/p>\n<p><span style=\"font-size: 10pt;\"><strong>&#8211; Ducha de mano en el techo, ducha en acero cromado.<\/strong><\/span><\/p>\n<p><span style=\"font-size: 10pt;\"><strong>&#8211; Columnas de aluminio satinado;<\/strong><\/span><\/p>\n<p><span style=\"font-size: 10pt;\"><strong>&#8211; Asas transparentes;<\/strong><\/span><\/p>\n<p>&#8211; <strong><span style=\"font-size: 10pt;\">Cierre magn\u00e9tico;<\/span><\/strong><\/p>\n<p><span style=\"font-size: 10pt;\"><strong>&#8211; Estante de vidrio;<\/strong><\/span><\/p>\n<p><span style=\"font-size: 10pt;\"><strong>&#8211; Portarrollos;<\/strong><\/span><\/p>\n<p><span style=\"font-size: 10pt;\"><strong>&#8211; Espejo;<\/strong><\/span><\/p>\n<p><span style=\"font-size: 10pt;\"><strong>&#8211; 6 hidromasajes;<\/strong><\/span><\/p>\n<p><span style=\"font-size: 10pt;\"><strong>&#8211; Control de agua caliente &#8211; Agua fr\u00eda.<\/strong><\/span><\/p>\n<p><span style=\"font-size: 10pt;\"><strong>&#8211; Respaldo;<\/strong><\/span><\/p>\n<p><span style=\"font-size: 10pt;\"><strong>&#8211; Mezclador termost\u00e1tico;<\/strong><\/span><\/p>\n<p><span style=\"font-size: 10pt;\"><strong>&#8211; Masaje de pies;<\/strong><\/span><\/p>\n<p><span style=\"font-size: 10pt;\"><strong>&#8211; Asiento ergon\u00f3mico;<\/strong><\/span><\/p>\n<p><span style=\"font-size: 10pt;\"><strong>&#8211; Amortiguador de espalda;<\/strong><\/span><\/p>\n<p><span style=\"font-size: 10pt;\"><strong>-Tel\u00e9fono con altavoz;<\/strong><\/span><\/p>\n<p><span style=\"font-size: 10pt;\"><strong>&#8211; Drenaje de agua;<\/strong><\/span><\/p>\n<p><span style=\"font-size: 10pt;\"><strong>&#8211; Extractor de aire;<\/strong><\/span><\/p>\n<p><strong><span style=\"font-size: 10pt;\">&#8211; Vidrio anti-accidente templado y sombreado de 6,0 mm.<br \/>\n<\/span><\/strong><\/p>\n<p><span style=\"text-decoration: underline; font-size: 10pt;\"><strong>ATENCI\u00d3N: LA CABINA, QUE SE HA TERMINADO EN LOS TRES LADOS, TAMBI\u00c9N PUEDE POSICIONARSE EN EL CENTRO DE LA HABITACI\u00d3N<\/strong><\/span><\/p>\n<p>&nbsp;<\/p>\n","protected":false},"excerpt":{"rendered":"<p>Cabina de Hidromasaje de 135&#215;80, con 6 hidrochorros, Ba\u00f1era antideslizante, Ba\u00f1o turco, altavoz y Radio FM con altavoces<\/p>\n","protected":false},"featured_media":28386,"comment_status":"open","ping_status":"closed","template":"","meta":[],"product_brand":[5021],"product_cat":[9737],"product_tag":[],"class_list":{"0":"post-79656","1":"product","2":"type-product","3":"status-publish","4":"has-post-thumbnail","6":"product_brand-predator-arredo-casa","7":"product_cat-cabina-de-hidromasaje","9":"first","10":"instock","11":"sale","12":"taxable","13":"shipping-taxable","14":"purchasable","15":"product-type-simple"},"exclude_global_add_ons":[],"addons":[],"yoast_head":"<!-- This site is optimized with the Yoast SEO plugin v26.7 - https:\/\/yoast.com\/wordpress\/plugins\/seo\/ -->\n<title>Cabina de hidromasaje 135x80 6 hidromasajes con ba\u00f1era antideslizante, sauna, tel\u00e9fono de manos libres y radio FM con altavoces<\/title>\n<meta name=\"description\" content=\"Cabina de hidromasaje de 135x80 con 6 hidromasajes, ba\u00f1o antideslizante, sauna, ba\u00f1o turco, altavoz y radio FM con altavoces\" \/>\n<meta name=\"robots\" content=\"index, follow, max-snippet:-1, max-image-preview:large, max-video-preview:-1\" \/>\n<link rel=\"canonical\" href=\"https:\/\/www.bagnoitalia.com\/es\/producto\/cabina-de-hidromasaje-135x80-6-hidromasajes-con-bano-de-sauna-antideslizante-bano-turco-telefono-manos-libres-y-radio-fm-con-altavoces-cb041.html\" \/>\n<meta property=\"og:locale\" content=\"es_ES\" \/>\n<meta property=\"og:type\" content=\"article\" \/>\n<meta property=\"og:title\" content=\"Cabina de hidromasaje 135x80 6 hidromasajes con ba\u00f1era antideslizante, sauna, tel\u00e9fono de manos libres y radio FM con altavoces\" \/>\n<meta property=\"og:description\" content=\"Cabina de hidromasaje de 135x80 con 6 hidromasajes, ba\u00f1o antideslizante, sauna, ba\u00f1o turco, altavoz y radio FM con altavoces\" \/>\n<meta property=\"og:url\" content=\"https:\/\/www.bagnoitalia.com\/es\/producto\/cabina-de-hidromasaje-135x80-6-hidromasajes-con-bano-de-sauna-antideslizante-bano-turco-telefono-manos-libres-y-radio-fm-con-altavoces-cb041.html\" \/>\n<meta property=\"og:site_name\" content=\"Bagno Italia\" \/>\n<meta property=\"article:modified_time\" content=\"2024-11-08T11:21:57+00:00\" \/>\n<meta property=\"og:image\" content=\"https:\/\/img.bagnoitalia.com\/wp-content\/uploads\/virtuemart\/product\/Hydromassage-speakerphone-CB041-1_1542104303_3592.jpg\" \/>\n\t<meta property=\"og:image:width\" content=\"668\" \/>\n\t<meta property=\"og:image:height\" content=\"669\" \/>\n\t<meta property=\"og:image:type\" content=\"image\/jpeg\" \/>\n<meta name=\"twitter:card\" content=\"summary_large_image\" \/>\n<meta name=\"twitter:label1\" content=\"Tiempo de lectura\" \/>\n\t<meta name=\"twitter:data1\" content=\"1 minuto\" \/>\n<script type=\"application\/ld+json\" class=\"yoast-schema-graph\">{\"@context\":\"https:\/\/schema.org\",\"@graph\":[{\"@type\":\"WebPage\",\"@id\":\"https:\/\/www.bagnoitalia.com\/es\/producto\/cabina-de-hidromasaje-135x80-6-hidromasajes-con-bano-de-sauna-antideslizante-bano-turco-telefono-manos-libres-y-radio-fm-con-altavoces-cb041.html\",\"url\":\"https:\/\/www.bagnoitalia.com\/es\/producto\/cabina-de-hidromasaje-135x80-6-hidromasajes-con-bano-de-sauna-antideslizante-bano-turco-telefono-manos-libres-y-radio-fm-con-altavoces-cb041.html\",\"name\":\"Cabina de hidromasaje 135x80 6 hidromasajes con ba\u00f1era antideslizante, sauna, tel\u00e9fono de manos libres y radio FM con altavoces\",\"isPartOf\":{\"@id\":\"https:\/\/www.bagnoitalia.com\/es#website\"},\"primaryImageOfPage\":{\"@id\":\"https:\/\/www.bagnoitalia.com\/es\/producto\/cabina-de-hidromasaje-135x80-6-hidromasajes-con-bano-de-sauna-antideslizante-bano-turco-telefono-manos-libres-y-radio-fm-con-altavoces-cb041.html#primaryimage\"},\"image\":{\"@id\":\"https:\/\/www.bagnoitalia.com\/es\/producto\/cabina-de-hidromasaje-135x80-6-hidromasajes-con-bano-de-sauna-antideslizante-bano-turco-telefono-manos-libres-y-radio-fm-con-altavoces-cb041.html#primaryimage\"},\"thumbnailUrl\":\"https:\/\/img.bagnoitalia.com\/wp-content\/uploads\/virtuemart\/product\/Hydromassage-speakerphone-CB041-1_1542104303_3592.jpg\",\"datePublished\":\"2016-01-18T09:14:44+00:00\",\"dateModified\":\"2024-11-08T11:21:57+00:00\",\"description\":\"Cabina de hidromasaje de 135x80 con 6 hidromasajes, ba\u00f1o antideslizante, sauna, ba\u00f1o turco, altavoz y radio FM con altavoces\",\"breadcrumb\":{\"@id\":\"https:\/\/www.bagnoitalia.com\/es\/producto\/cabina-de-hidromasaje-135x80-6-hidromasajes-con-bano-de-sauna-antideslizante-bano-turco-telefono-manos-libres-y-radio-fm-con-altavoces-cb041.html#breadcrumb\"},\"inLanguage\":\"es\",\"potentialAction\":[{\"@type\":\"ReadAction\",\"target\":[\"https:\/\/www.bagnoitalia.com\/es\/producto\/cabina-de-hidromasaje-135x80-6-hidromasajes-con-bano-de-sauna-antideslizante-bano-turco-telefono-manos-libres-y-radio-fm-con-altavoces-cb041.html\"]}]},{\"@type\":\"ImageObject\",\"inLanguage\":\"es\",\"@id\":\"https:\/\/www.bagnoitalia.com\/es\/producto\/cabina-de-hidromasaje-135x80-6-hidromasajes-con-bano-de-sauna-antideslizante-bano-turco-telefono-manos-libres-y-radio-fm-con-altavoces-cb041.html#primaryimage\",\"url\":\"https:\/\/img.bagnoitalia.com\/wp-content\/uploads\/virtuemart\/product\/Hydromassage-speakerphone-CB041-1_1542104303_3592.jpg\",\"contentUrl\":\"https:\/\/img.bagnoitalia.com\/wp-content\/uploads\/virtuemart\/product\/Hydromassage-speakerphone-CB041-1_1542104303_3592.jpg\",\"width\":668,\"height\":669},{\"@type\":\"BreadcrumbList\",\"@id\":\"https:\/\/www.bagnoitalia.com\/es\/producto\/cabina-de-hidromasaje-135x80-6-hidromasajes-con-bano-de-sauna-antideslizante-bano-turco-telefono-manos-libres-y-radio-fm-con-altavoces-cb041.html#breadcrumb\",\"itemListElement\":[{\"@type\":\"ListItem\",\"position\":1,\"name\":\"Home\",\"item\":\"https:\/\/www.bagnoitalia.com\/es\"},{\"@type\":\"ListItem\",\"position\":2,\"name\":\"Productos\",\"item\":\"https:\/\/www.bagnoitalia.com\/es\/shop\"},{\"@type\":\"ListItem\",\"position\":3,\"name\":\"Cabina de Hidromasaje 135&#215;80, 6 hidrochorros, con Ba\u00f1era antideslizante, Ba\u00f1o Turco, Tel\u00e9fono parlante, y Radio FM, con Altavoces CB041\"}]},{\"@type\":\"WebSite\",\"@id\":\"https:\/\/www.bagnoitalia.com\/es#website\",\"url\":\"https:\/\/www.bagnoitalia.com\/es\",\"name\":\"Bagno Italia\",\"description\":\"\",\"publisher\":{\"@id\":\"https:\/\/www.bagnoitalia.com\/es#organization\"},\"potentialAction\":[{\"@type\":\"SearchAction\",\"target\":{\"@type\":\"EntryPoint\",\"urlTemplate\":\"https:\/\/www.bagnoitalia.com\/es?s={search_term_string}\"},\"query-input\":{\"@type\":\"PropertyValueSpecification\",\"valueRequired\":true,\"valueName\":\"search_term_string\"}}],\"inLanguage\":\"es\"},{\"@type\":\"Organization\",\"@id\":\"https:\/\/www.bagnoitalia.com\/es#organization\",\"name\":\"Bagno Italia\",\"url\":\"https:\/\/www.bagnoitalia.com\/es\",\"logo\":{\"@type\":\"ImageObject\",\"inLanguage\":\"es\",\"@id\":\"https:\/\/www.bagnoitalia.com\/es#\/schema\/logo\/image\/\",\"url\":\"https:\/\/img.bagnoitalia.com\/wp-content\/uploads\/logo-bagnoitalia.webp\",\"contentUrl\":\"https:\/\/img.bagnoitalia.com\/wp-content\/uploads\/logo-bagnoitalia.webp\",\"width\":400,\"height\":70,\"caption\":\"Bagno Italia\"},\"image\":{\"@id\":\"https:\/\/www.bagnoitalia.com\/es#\/schema\/logo\/image\/\"}}]}<\/script>\n<!-- \/ Yoast SEO plugin. -->","yoast_head_json":{"title":"Cabina de hidromasaje 135x80 6 hidromasajes con ba\u00f1era antideslizante, sauna, tel\u00e9fono de manos libres y radio FM con altavoces","description":"Cabina de hidromasaje de 135x80 con 6 hidromasajes, ba\u00f1o antideslizante, sauna, ba\u00f1o turco, altavoz y radio FM con altavoces","robots":{"index":"index","follow":"follow","max-snippet":"max-snippet:-1","max-image-preview":"max-image-preview:large","max-video-preview":"max-video-preview:-1"},"canonical":"https:\/\/www.bagnoitalia.com\/es\/producto\/cabina-de-hidromasaje-135x80-6-hidromasajes-con-bano-de-sauna-antideslizante-bano-turco-telefono-manos-libres-y-radio-fm-con-altavoces-cb041.html","og_locale":"es_ES","og_type":"article","og_title":"Cabina de hidromasaje 135x80 6 hidromasajes con ba\u00f1era antideslizante, sauna, tel\u00e9fono de manos libres y radio FM con altavoces","og_description":"Cabina de hidromasaje de 135x80 con 6 hidromasajes, ba\u00f1o antideslizante, sauna, ba\u00f1o turco, altavoz y radio FM con altavoces","og_url":"https:\/\/www.bagnoitalia.com\/es\/producto\/cabina-de-hidromasaje-135x80-6-hidromasajes-con-bano-de-sauna-antideslizante-bano-turco-telefono-manos-libres-y-radio-fm-con-altavoces-cb041.html","og_site_name":"Bagno Italia","article_modified_time":"2024-11-08T11:21:57+00:00","og_image":[{"width":668,"height":669,"url":"https:\/\/img.bagnoitalia.com\/wp-content\/uploads\/virtuemart\/product\/Hydromassage-speakerphone-CB041-1_1542104303_3592.jpg","type":"image\/jpeg"}],"twitter_card":"summary_large_image","twitter_misc":{"Tiempo de lectura":"1 minuto"},"schema":{"@context":"https:\/\/schema.org","@graph":[{"@type":"WebPage","@id":"https:\/\/www.bagnoitalia.com\/es\/producto\/cabina-de-hidromasaje-135x80-6-hidromasajes-con-bano-de-sauna-antideslizante-bano-turco-telefono-manos-libres-y-radio-fm-con-altavoces-cb041.html","url":"https:\/\/www.bagnoitalia.com\/es\/producto\/cabina-de-hidromasaje-135x80-6-hidromasajes-con-bano-de-sauna-antideslizante-bano-turco-telefono-manos-libres-y-radio-fm-con-altavoces-cb041.html","name":"Cabina de hidromasaje 135x80 6 hidromasajes con ba\u00f1era antideslizante, sauna, tel\u00e9fono de manos libres y radio FM con altavoces","isPartOf":{"@id":"https:\/\/www.bagnoitalia.com\/es#website"},"primaryImageOfPage":{"@id":"https:\/\/www.bagnoitalia.com\/es\/producto\/cabina-de-hidromasaje-135x80-6-hidromasajes-con-bano-de-sauna-antideslizante-bano-turco-telefono-manos-libres-y-radio-fm-con-altavoces-cb041.html#primaryimage"},"image":{"@id":"https:\/\/www.bagnoitalia.com\/es\/producto\/cabina-de-hidromasaje-135x80-6-hidromasajes-con-bano-de-sauna-antideslizante-bano-turco-telefono-manos-libres-y-radio-fm-con-altavoces-cb041.html#primaryimage"},"thumbnailUrl":"https:\/\/img.bagnoitalia.com\/wp-content\/uploads\/virtuemart\/product\/Hydromassage-speakerphone-CB041-1_1542104303_3592.jpg","datePublished":"2016-01-18T09:14:44+00:00","dateModified":"2024-11-08T11:21:57+00:00","description":"Cabina de hidromasaje de 135x80 con 6 hidromasajes, ba\u00f1o antideslizante, sauna, ba\u00f1o turco, altavoz y radio FM con altavoces","breadcrumb":{"@id":"https:\/\/www.bagnoitalia.com\/es\/producto\/cabina-de-hidromasaje-135x80-6-hidromasajes-con-bano-de-sauna-antideslizante-bano-turco-telefono-manos-libres-y-radio-fm-con-altavoces-cb041.html#breadcrumb"},"inLanguage":"es","potentialAction":[{"@type":"ReadAction","target":["https:\/\/www.bagnoitalia.com\/es\/producto\/cabina-de-hidromasaje-135x80-6-hidromasajes-con-bano-de-sauna-antideslizante-bano-turco-telefono-manos-libres-y-radio-fm-con-altavoces-cb041.html"]}]},{"@type":"ImageObject","inLanguage":"es","@id":"https:\/\/www.bagnoitalia.com\/es\/producto\/cabina-de-hidromasaje-135x80-6-hidromasajes-con-bano-de-sauna-antideslizante-bano-turco-telefono-manos-libres-y-radio-fm-con-altavoces-cb041.html#primaryimage","url":"https:\/\/img.bagnoitalia.com\/wp-content\/uploads\/virtuemart\/product\/Hydromassage-speakerphone-CB041-1_1542104303_3592.jpg","contentUrl":"https:\/\/img.bagnoitalia.com\/wp-content\/uploads\/virtuemart\/product\/Hydromassage-speakerphone-CB041-1_1542104303_3592.jpg","width":668,"height":669},{"@type":"BreadcrumbList","@id":"https:\/\/www.bagnoitalia.com\/es\/producto\/cabina-de-hidromasaje-135x80-6-hidromasajes-con-bano-de-sauna-antideslizante-bano-turco-telefono-manos-libres-y-radio-fm-con-altavoces-cb041.html#breadcrumb","itemListElement":[{"@type":"ListItem","position":1,"name":"Home","item":"https:\/\/www.bagnoitalia.com\/es"},{"@type":"ListItem","position":2,"name":"Productos","item":"https:\/\/www.bagnoitalia.com\/es\/shop"},{"@type":"ListItem","position":3,"name":"Cabina de Hidromasaje 135&#215;80, 6 hidrochorros, con Ba\u00f1era antideslizante, Ba\u00f1o Turco, Tel\u00e9fono parlante, y Radio FM, con Altavoces CB041"}]},{"@type":"WebSite","@id":"https:\/\/www.bagnoitalia.com\/es#website","url":"https:\/\/www.bagnoitalia.com\/es","name":"Bagno Italia","description":"","publisher":{"@id":"https:\/\/www.bagnoitalia.com\/es#organization"},"potentialAction":[{"@type":"SearchAction","target":{"@type":"EntryPoint","urlTemplate":"https:\/\/www.bagnoitalia.com\/es?s={search_term_string}"},"query-input":{"@type":"PropertyValueSpecification","valueRequired":true,"valueName":"search_term_string"}}],"inLanguage":"es"},{"@type":"Organization","@id":"https:\/\/www.bagnoitalia.com\/es#organization","name":"Bagno Italia","url":"https:\/\/www.bagnoitalia.com\/es","logo":{"@type":"ImageObject","inLanguage":"es","@id":"https:\/\/www.bagnoitalia.com\/es#\/schema\/logo\/image\/","url":"https:\/\/img.bagnoitalia.com\/wp-content\/uploads\/logo-bagnoitalia.webp","contentUrl":"https:\/\/img.bagnoitalia.com\/wp-content\/uploads\/logo-bagnoitalia.webp","width":400,"height":70,"caption":"Bagno Italia"},"image":{"@id":"https:\/\/www.bagnoitalia.com\/es#\/schema\/logo\/image\/"}}]}},"_links":{"self":[{"href":"https:\/\/www.bagnoitalia.com\/es\/wp-json\/wp\/v2\/product\/79656","targetHints":{"allow":["GET"]}}],"collection":[{"href":"https:\/\/www.bagnoitalia.com\/es\/wp-json\/wp\/v2\/product"}],"about":[{"href":"https:\/\/www.bagnoitalia.com\/es\/wp-json\/wp\/v2\/types\/product"}],"replies":[{"embeddable":true,"href":"https:\/\/www.bagnoitalia.com\/es\/wp-json\/wp\/v2\/comments?post=79656"}],"version-history":[{"count":1,"href":"https:\/\/www.bagnoitalia.com\/es\/wp-json\/wp\/v2\/product\/79656\/revisions"}],"predecessor-version":[{"id":95132,"href":"https:\/\/www.bagnoitalia.com\/es\/wp-json\/wp\/v2\/product\/79656\/revisions\/95132"}],"wp:featuredmedia":[{"embeddable":true,"href":"https:\/\/www.bagnoitalia.com\/es\/wp-json\/wp\/v2\/media\/28386"}],"wp:attachment":[{"href":"https:\/\/www.bagnoitalia.com\/es\/wp-json\/wp\/v2\/media?parent=79656"}],"wp:term":[{"taxonomy":"product_brand","embeddable":true,"href":"https:\/\/www.bagnoitalia.com\/es\/wp-json\/wp\/v2\/product_brand?post=79656"},{"taxonomy":"product_cat","embeddable":true,"href":"https:\/\/www.bagnoitalia.com\/es\/wp-json\/wp\/v2\/product_cat?post=79656"},{"taxonomy":"product_tag","embeddable":true,"href":"https:\/\/www.bagnoitalia.com\/es\/wp-json\/wp\/v2\/product_tag?post=79656"}],"curies":[{"name":"wp","href":"https:\/\/api.w.org\/{rel}","templated":true}]}}