{"id":79648,"date":"2016-01-15T08:49:41","date_gmt":"2016-01-15T07:49:41","guid":{"rendered":"https:\/\/www.bagnoitalia.com\/product\/sauna-finlandesa-153-110-cm-para-3-personas-con-estufa-sawo-termometro-madera-hemlock-sn007"},"modified":"2024-05-11T00:03:12","modified_gmt":"2024-05-10T22:03:12","slug":"sauna-finlandesa-153-110-cm-para-3-personas-con-estufa-sawo-termometro-madera-hemlock-sn007","status":"publish","type":"product","link":"https:\/\/www.bagnoitalia.com\/es\/producto\/sauna-finlandesa-153-110-cm-para-3-personas-con-estufa-sawo-termometro-madera-hemlock-sn007.html","title":{"rendered":"Sauna finlandesa 153\u00d7110 cm para 3 personas con estufa Sawo, term\u00f3metro, madera Hemlock SN007"},"content":{"rendered":"<p><strong><span style=\"font-size: 14pt;\">SAUNA FINLANDESA 153X110X190H para 3 personas SN007<\/span><br \/><\/strong><\/p>\n<ul>\n<li><span><span>Medidas:&nbsp;<\/span><\/span><span><span>153x110x190H cm<\/span><\/span><\/li>\n<li><span><span>Reloj de arena<\/span><\/span><\/li>\n<li><span><span>Term\u00f3metro<\/span><\/span><\/li>\n<li><span><span>Estufa Sawo<\/span><\/span><\/li>\n<li><span><span>Temperatura interna 90\u00b0<\/span><\/span><\/li>\n<li><span><span>Potencia: 4500w<\/span><\/span><\/li>\n<li><span><span>Paredes con aislamiento<\/span><\/span><\/li>\n<li><span><span>Perfil de madera de cicuta<\/span><\/span><\/li>\n<li><span><span>vidrio templado de 8mm<\/span><\/span><\/li>\n<li><span><span>Profundidad del asiento 45 cm.<\/span><\/span><\/li>\n<li><span><span>Grosor de la pared 4,2 cm con una capa de aislamiento en el centro.<\/span><\/span><\/li>\n<li><span><span>Alimentaci\u00f3n: monof\u00e1sica 230 V 1N (tambi\u00e9n trif\u00e1sica 230 V 3N o 400 V 3N bajo pedido)<\/span><\/span><\/li>\n<li><span><span>Accesorios incluidos: l\u00e1mpara interna, balde, cuchar\u00f3n, reloj de arena, term\u00f3metro<\/span><\/span><\/li>\n<\/ul>\n","protected":false},"excerpt":{"rendered":"<p>Sauna finlandesa disponible en tama\u00f1o 153x110x190H para 3 personas, con estufa Sawo, term\u00f3metro, estructura de madera Hemlock<\/p>\n","protected":false},"featured_media":28346,"comment_status":"open","ping_status":"closed","template":"","meta":[],"product_brand":[9911],"product_cat":[9733],"product_tag":[],"class_list":{"0":"post-79648","1":"product","2":"type-product","3":"status-publish","4":"has-post-thumbnail","6":"product_brand-puntorelax-es","7":"product_cat-sauna-finlandesa","9":"first","10":"instock","11":"sale","12":"taxable","13":"shipping-taxable","14":"purchasable","15":"product-type-simple"},"exclude_global_add_ons":[],"addons":[],"yoast_head":"<!-- This site is optimized with the Yoast SEO plugin v26.7 - https:\/\/yoast.com\/wordpress\/plugins\/seo\/ -->\n<title>Sauna finlandesa 153\u00d7110 cm para 3 personas con estufa Sawo, term\u00f3metro, madera Hemlock SN007<\/title>\n<meta name=\"description\" content=\"Sauna finlandesa disponible en tama\u00f1o 153x110x190H para 3 personas, con estufa Sawo, term\u00f3metro, estructura de madera Hemlock&#013;&#010;&#013;&#010;\" \/>\n<meta name=\"robots\" content=\"index, follow, max-snippet:-1, max-image-preview:large, max-video-preview:-1\" \/>\n<link rel=\"canonical\" href=\"https:\/\/www.bagnoitalia.com\/es\/producto\/sauna-finlandesa-153-110-cm-para-3-personas-con-estufa-sawo-termometro-madera-hemlock-sn007.html\" \/>\n<meta property=\"og:locale\" content=\"es_ES\" \/>\n<meta property=\"og:type\" content=\"article\" \/>\n<meta property=\"og:title\" content=\"Sauna finlandesa 153\u00d7110 cm para 3 personas con estufa Sawo, term\u00f3metro, madera Hemlock SN007\" \/>\n<meta property=\"og:description\" content=\"Sauna finlandesa disponible en tama\u00f1o 153x110x190H para 3 personas, con estufa Sawo, term\u00f3metro, estructura de madera Hemlock&#013;&#010;&#013;&#010;\" \/>\n<meta property=\"og:url\" content=\"https:\/\/www.bagnoitalia.com\/es\/producto\/sauna-finlandesa-153-110-cm-para-3-personas-con-estufa-sawo-termometro-madera-hemlock-sn007.html\" \/>\n<meta property=\"og:site_name\" content=\"Bagno Italia\" \/>\n<meta property=\"article:modified_time\" content=\"2024-05-10T22:03:12+00:00\" \/>\n<meta property=\"og:image\" content=\"https:\/\/img.bagnoitalia.com\/wp-content\/uploads\/virtuemart\/product\/Three-person-Finnish-sauna-made-of-Hemlock-wood-153x110-200x175-9875_1542620634_217.jpg\" \/>\n\t<meta property=\"og:image:width\" content=\"477\" \/>\n\t<meta property=\"og:image:height\" content=\"640\" \/>\n\t<meta property=\"og:image:type\" content=\"image\/jpeg\" \/>\n<meta name=\"twitter:card\" content=\"summary_large_image\" \/>\n<script type=\"application\/ld+json\" class=\"yoast-schema-graph\">{\"@context\":\"https:\/\/schema.org\",\"@graph\":[{\"@type\":\"WebPage\",\"@id\":\"https:\/\/www.bagnoitalia.com\/es\/producto\/sauna-finlandesa-153-110-cm-para-3-personas-con-estufa-sawo-termometro-madera-hemlock-sn007.html\",\"url\":\"https:\/\/www.bagnoitalia.com\/es\/producto\/sauna-finlandesa-153-110-cm-para-3-personas-con-estufa-sawo-termometro-madera-hemlock-sn007.html\",\"name\":\"Sauna finlandesa 153\u00d7110 cm para 3 personas con estufa Sawo, term\u00f3metro, madera Hemlock SN007\",\"isPartOf\":{\"@id\":\"https:\/\/www.bagnoitalia.com\/es#website\"},\"primaryImageOfPage\":{\"@id\":\"https:\/\/www.bagnoitalia.com\/es\/producto\/sauna-finlandesa-153-110-cm-para-3-personas-con-estufa-sawo-termometro-madera-hemlock-sn007.html#primaryimage\"},\"image\":{\"@id\":\"https:\/\/www.bagnoitalia.com\/es\/producto\/sauna-finlandesa-153-110-cm-para-3-personas-con-estufa-sawo-termometro-madera-hemlock-sn007.html#primaryimage\"},\"thumbnailUrl\":\"https:\/\/img.bagnoitalia.com\/wp-content\/uploads\/virtuemart\/product\/Three-person-Finnish-sauna-made-of-Hemlock-wood-153x110-200x175-9875_1542620634_217.jpg\",\"datePublished\":\"2016-01-15T07:49:41+00:00\",\"dateModified\":\"2024-05-10T22:03:12+00:00\",\"description\":\"Sauna finlandesa disponible en tama\u00f1o 153x110x190H para 3 personas, con estufa Sawo, term\u00f3metro, estructura de madera Hemlock&#13;&#10;&#13;&#10;\",\"breadcrumb\":{\"@id\":\"https:\/\/www.bagnoitalia.com\/es\/producto\/sauna-finlandesa-153-110-cm-para-3-personas-con-estufa-sawo-termometro-madera-hemlock-sn007.html#breadcrumb\"},\"inLanguage\":\"es\",\"potentialAction\":[{\"@type\":\"ReadAction\",\"target\":[\"https:\/\/www.bagnoitalia.com\/es\/producto\/sauna-finlandesa-153-110-cm-para-3-personas-con-estufa-sawo-termometro-madera-hemlock-sn007.html\"]}]},{\"@type\":\"ImageObject\",\"inLanguage\":\"es\",\"@id\":\"https:\/\/www.bagnoitalia.com\/es\/producto\/sauna-finlandesa-153-110-cm-para-3-personas-con-estufa-sawo-termometro-madera-hemlock-sn007.html#primaryimage\",\"url\":\"https:\/\/img.bagnoitalia.com\/wp-content\/uploads\/virtuemart\/product\/Three-person-Finnish-sauna-made-of-Hemlock-wood-153x110-200x175-9875_1542620634_217.jpg\",\"contentUrl\":\"https:\/\/img.bagnoitalia.com\/wp-content\/uploads\/virtuemart\/product\/Three-person-Finnish-sauna-made-of-Hemlock-wood-153x110-200x175-9875_1542620634_217.jpg\",\"width\":477,\"height\":640},{\"@type\":\"BreadcrumbList\",\"@id\":\"https:\/\/www.bagnoitalia.com\/es\/producto\/sauna-finlandesa-153-110-cm-para-3-personas-con-estufa-sawo-termometro-madera-hemlock-sn007.html#breadcrumb\",\"itemListElement\":[{\"@type\":\"ListItem\",\"position\":1,\"name\":\"Home\",\"item\":\"https:\/\/www.bagnoitalia.com\/es\"},{\"@type\":\"ListItem\",\"position\":2,\"name\":\"Productos\",\"item\":\"https:\/\/www.bagnoitalia.com\/es\/shop\"},{\"@type\":\"ListItem\",\"position\":3,\"name\":\"Sauna finlandesa 153\u00d7110 cm para 3 personas con estufa Sawo, term\u00f3metro, madera Hemlock SN007\"}]},{\"@type\":\"WebSite\",\"@id\":\"https:\/\/www.bagnoitalia.com\/es#website\",\"url\":\"https:\/\/www.bagnoitalia.com\/es\",\"name\":\"Bagno Italia\",\"description\":\"\",\"publisher\":{\"@id\":\"https:\/\/www.bagnoitalia.com\/es#organization\"},\"potentialAction\":[{\"@type\":\"SearchAction\",\"target\":{\"@type\":\"EntryPoint\",\"urlTemplate\":\"https:\/\/www.bagnoitalia.com\/es?s={search_term_string}\"},\"query-input\":{\"@type\":\"PropertyValueSpecification\",\"valueRequired\":true,\"valueName\":\"search_term_string\"}}],\"inLanguage\":\"es\"},{\"@type\":\"Organization\",\"@id\":\"https:\/\/www.bagnoitalia.com\/es#organization\",\"name\":\"Bagno Italia\",\"url\":\"https:\/\/www.bagnoitalia.com\/es\",\"logo\":{\"@type\":\"ImageObject\",\"inLanguage\":\"es\",\"@id\":\"https:\/\/www.bagnoitalia.com\/es#\/schema\/logo\/image\/\",\"url\":\"https:\/\/img.bagnoitalia.com\/wp-content\/uploads\/logo-bagnoitalia.webp\",\"contentUrl\":\"https:\/\/img.bagnoitalia.com\/wp-content\/uploads\/logo-bagnoitalia.webp\",\"width\":400,\"height\":70,\"caption\":\"Bagno Italia\"},\"image\":{\"@id\":\"https:\/\/www.bagnoitalia.com\/es#\/schema\/logo\/image\/\"}}]}<\/script>\n<!-- \/ Yoast SEO plugin. -->","yoast_head_json":{"title":"Sauna finlandesa 153\u00d7110 cm para 3 personas con estufa Sawo, term\u00f3metro, madera Hemlock SN007","description":"Sauna finlandesa disponible en tama\u00f1o 153x110x190H para 3 personas, con estufa Sawo, term\u00f3metro, estructura de madera Hemlock&#13;&#10;&#13;&#10;","robots":{"index":"index","follow":"follow","max-snippet":"max-snippet:-1","max-image-preview":"max-image-preview:large","max-video-preview":"max-video-preview:-1"},"canonical":"https:\/\/www.bagnoitalia.com\/es\/producto\/sauna-finlandesa-153-110-cm-para-3-personas-con-estufa-sawo-termometro-madera-hemlock-sn007.html","og_locale":"es_ES","og_type":"article","og_title":"Sauna finlandesa 153\u00d7110 cm para 3 personas con estufa Sawo, term\u00f3metro, madera Hemlock SN007","og_description":"Sauna finlandesa disponible en tama\u00f1o 153x110x190H para 3 personas, con estufa Sawo, term\u00f3metro, estructura de madera Hemlock&#13;&#10;&#13;&#10;","og_url":"https:\/\/www.bagnoitalia.com\/es\/producto\/sauna-finlandesa-153-110-cm-para-3-personas-con-estufa-sawo-termometro-madera-hemlock-sn007.html","og_site_name":"Bagno Italia","article_modified_time":"2024-05-10T22:03:12+00:00","og_image":[{"width":477,"height":640,"url":"https:\/\/img.bagnoitalia.com\/wp-content\/uploads\/virtuemart\/product\/Three-person-Finnish-sauna-made-of-Hemlock-wood-153x110-200x175-9875_1542620634_217.jpg","type":"image\/jpeg"}],"twitter_card":"summary_large_image","schema":{"@context":"https:\/\/schema.org","@graph":[{"@type":"WebPage","@id":"https:\/\/www.bagnoitalia.com\/es\/producto\/sauna-finlandesa-153-110-cm-para-3-personas-con-estufa-sawo-termometro-madera-hemlock-sn007.html","url":"https:\/\/www.bagnoitalia.com\/es\/producto\/sauna-finlandesa-153-110-cm-para-3-personas-con-estufa-sawo-termometro-madera-hemlock-sn007.html","name":"Sauna finlandesa 153\u00d7110 cm para 3 personas con estufa Sawo, term\u00f3metro, madera Hemlock SN007","isPartOf":{"@id":"https:\/\/www.bagnoitalia.com\/es#website"},"primaryImageOfPage":{"@id":"https:\/\/www.bagnoitalia.com\/es\/producto\/sauna-finlandesa-153-110-cm-para-3-personas-con-estufa-sawo-termometro-madera-hemlock-sn007.html#primaryimage"},"image":{"@id":"https:\/\/www.bagnoitalia.com\/es\/producto\/sauna-finlandesa-153-110-cm-para-3-personas-con-estufa-sawo-termometro-madera-hemlock-sn007.html#primaryimage"},"thumbnailUrl":"https:\/\/img.bagnoitalia.com\/wp-content\/uploads\/virtuemart\/product\/Three-person-Finnish-sauna-made-of-Hemlock-wood-153x110-200x175-9875_1542620634_217.jpg","datePublished":"2016-01-15T07:49:41+00:00","dateModified":"2024-05-10T22:03:12+00:00","description":"Sauna finlandesa disponible en tama\u00f1o 153x110x190H para 3 personas, con estufa Sawo, term\u00f3metro, estructura de madera Hemlock&#13;&#10;&#13;&#10;","breadcrumb":{"@id":"https:\/\/www.bagnoitalia.com\/es\/producto\/sauna-finlandesa-153-110-cm-para-3-personas-con-estufa-sawo-termometro-madera-hemlock-sn007.html#breadcrumb"},"inLanguage":"es","potentialAction":[{"@type":"ReadAction","target":["https:\/\/www.bagnoitalia.com\/es\/producto\/sauna-finlandesa-153-110-cm-para-3-personas-con-estufa-sawo-termometro-madera-hemlock-sn007.html"]}]},{"@type":"ImageObject","inLanguage":"es","@id":"https:\/\/www.bagnoitalia.com\/es\/producto\/sauna-finlandesa-153-110-cm-para-3-personas-con-estufa-sawo-termometro-madera-hemlock-sn007.html#primaryimage","url":"https:\/\/img.bagnoitalia.com\/wp-content\/uploads\/virtuemart\/product\/Three-person-Finnish-sauna-made-of-Hemlock-wood-153x110-200x175-9875_1542620634_217.jpg","contentUrl":"https:\/\/img.bagnoitalia.com\/wp-content\/uploads\/virtuemart\/product\/Three-person-Finnish-sauna-made-of-Hemlock-wood-153x110-200x175-9875_1542620634_217.jpg","width":477,"height":640},{"@type":"BreadcrumbList","@id":"https:\/\/www.bagnoitalia.com\/es\/producto\/sauna-finlandesa-153-110-cm-para-3-personas-con-estufa-sawo-termometro-madera-hemlock-sn007.html#breadcrumb","itemListElement":[{"@type":"ListItem","position":1,"name":"Home","item":"https:\/\/www.bagnoitalia.com\/es"},{"@type":"ListItem","position":2,"name":"Productos","item":"https:\/\/www.bagnoitalia.com\/es\/shop"},{"@type":"ListItem","position":3,"name":"Sauna finlandesa 153\u00d7110 cm para 3 personas con estufa Sawo, term\u00f3metro, madera Hemlock SN007"}]},{"@type":"WebSite","@id":"https:\/\/www.bagnoitalia.com\/es#website","url":"https:\/\/www.bagnoitalia.com\/es","name":"Bagno Italia","description":"","publisher":{"@id":"https:\/\/www.bagnoitalia.com\/es#organization"},"potentialAction":[{"@type":"SearchAction","target":{"@type":"EntryPoint","urlTemplate":"https:\/\/www.bagnoitalia.com\/es?s={search_term_string}"},"query-input":{"@type":"PropertyValueSpecification","valueRequired":true,"valueName":"search_term_string"}}],"inLanguage":"es"},{"@type":"Organization","@id":"https:\/\/www.bagnoitalia.com\/es#organization","name":"Bagno Italia","url":"https:\/\/www.bagnoitalia.com\/es","logo":{"@type":"ImageObject","inLanguage":"es","@id":"https:\/\/www.bagnoitalia.com\/es#\/schema\/logo\/image\/","url":"https:\/\/img.bagnoitalia.com\/wp-content\/uploads\/logo-bagnoitalia.webp","contentUrl":"https:\/\/img.bagnoitalia.com\/wp-content\/uploads\/logo-bagnoitalia.webp","width":400,"height":70,"caption":"Bagno Italia"},"image":{"@id":"https:\/\/www.bagnoitalia.com\/es#\/schema\/logo\/image\/"}}]}},"_links":{"self":[{"href":"https:\/\/www.bagnoitalia.com\/es\/wp-json\/wp\/v2\/product\/79648","targetHints":{"allow":["GET"]}}],"collection":[{"href":"https:\/\/www.bagnoitalia.com\/es\/wp-json\/wp\/v2\/product"}],"about":[{"href":"https:\/\/www.bagnoitalia.com\/es\/wp-json\/wp\/v2\/types\/product"}],"replies":[{"embeddable":true,"href":"https:\/\/www.bagnoitalia.com\/es\/wp-json\/wp\/v2\/comments?post=79648"}],"version-history":[{"count":0,"href":"https:\/\/www.bagnoitalia.com\/es\/wp-json\/wp\/v2\/product\/79648\/revisions"}],"wp:featuredmedia":[{"embeddable":true,"href":"https:\/\/www.bagnoitalia.com\/es\/wp-json\/wp\/v2\/media\/28346"}],"wp:attachment":[{"href":"https:\/\/www.bagnoitalia.com\/es\/wp-json\/wp\/v2\/media?parent=79648"}],"wp:term":[{"taxonomy":"product_brand","embeddable":true,"href":"https:\/\/www.bagnoitalia.com\/es\/wp-json\/wp\/v2\/product_brand?post=79648"},{"taxonomy":"product_cat","embeddable":true,"href":"https:\/\/www.bagnoitalia.com\/es\/wp-json\/wp\/v2\/product_cat?post=79648"},{"taxonomy":"product_tag","embeddable":true,"href":"https:\/\/www.bagnoitalia.com\/es\/wp-json\/wp\/v2\/product_tag?post=79648"}],"curies":[{"name":"wp","href":"https:\/\/api.w.org\/{rel}","templated":true}]}}