{"id":79636,"date":"2016-01-14T09:59:38","date_gmt":"2016-01-14T08:59:38","guid":{"rendered":"https:\/\/www.bagnoitalia.com\/product\/mueble-de-bano-icaro-cm-85-suspendido-roble-claro-o-lacado-blanco-lavabo-de-ceramica-con-espejo"},"modified":"2025-09-05T14:17:28","modified_gmt":"2025-09-05T12:17:28","slug":"mueble-de-bano-icaro-cm-85-suspendido-roble-claro-o-lacado-blanco-lavabo-de-ceramica-con-espejo","status":"publish","type":"product","link":"https:\/\/www.bagnoitalia.com\/es\/producto\/mueble-de-bano-icaro-cm-85-suspendido-roble-claro-o-lacado-blanco-lavabo-de-ceramica-con-espejo.html","title":{"rendered":"Mueble de ba\u00f1o Icaro, 81 cm, suspendido, gris o blanco, lavabo y espejo de cer\u00e1mica"},"content":{"rendered":"<p><span dir=\"auto\">El mueble de ba\u00f1o Icaro ofrece calidad a un precio asequible. Con sus l\u00edneas elegantes y sencillas, es moderno, funcional, pr\u00e1ctico y compacto. El mueble, fabricado en madera laminada, cuenta con dos puertas con tiradores y gu\u00edas de metal cromado, y est\u00e1 disponible en blanco o gris claro. El lavabo de cer\u00e1mica integrado tambi\u00e9n incluye un espejo biselado de 80 x 60 cm. Se puede a\u00f1adir una l\u00e1mpara de pared LED a trav\u00e9s del men\u00fa lateral.<\/span><\/p>\n<p>&nbsp;<\/p>\n<p><strong><span dir=\"auto\">El precio incluye:<\/span><\/strong><\/p>\n<p>&nbsp;<\/p>\n<p><span dir=\"auto\">Base de lavabo 76x31xH67 cm<\/span><\/p>\n<p><span dir=\"auto\">Lavabo de cer\u00e1mica integral 81xDmax46 cm (profundidad lateral 36,5 cm)<\/span><\/p>\n<p><span dir=\"auto\">Espejo de suelo de 80x60H<\/span><\/p>\n<p>&nbsp;<\/p>\n<p><span dir=\"auto\">\u00a1Promoci\u00f3n del mes!<\/span><\/p>\n<p>&nbsp;<\/p>\n<p><strong><span dir=\"auto\">El mueble est\u00e1 en oferta y se vende exclusivamente completo.<\/span><\/strong><\/p>\n<p>&nbsp;<\/p>\n<p><span dir=\"auto\">Puedes a\u00f1adir la luz de pared LED desde el men\u00fa lateral<\/span><\/p>\n<p>&nbsp;<\/p>\n<p><strong><span dir=\"auto\">Materiales:<\/span><\/strong><\/p>\n<p><span dir=\"auto\">Estructura del mueble en\u00a0<\/span><span dir=\"auto\">madera melam\u00ednica<\/span><\/p>\n<p><span dir=\"auto\">Gu\u00edas y manijas de metal cromado<\/span><\/p>\n<p>&nbsp;<\/p>\n<p><span dir=\"auto\">El mueble est\u00e1 suspendido pero es posible a\u00f1adir patas cromadas.<\/span><\/p>\n<p>&nbsp;<\/p>\n","protected":false},"excerpt":{"rendered":"<div class=\"woocommerce-product-details__short-description\">\n<p><span dir=\"auto\">Mueble de ba\u00f1o Icaro de 81 cm, suspendido, lacado en blanco o gris claro, con lavabo de cer\u00e1mica integrado y espejo, precio promocional v\u00e1lido hasta fin de mes.<\/span><\/p>\n<\/div>\n<div class=\"woocommerce-product-rating\">\n<div class=\"star-rating\" role=\"img\" aria-label=\"Calificado con 4,94 de 5\"><\/div>\n<\/div>\n","protected":false},"featured_media":110608,"comment_status":"open","ping_status":"closed","template":"","meta":[],"product_brand":[9917],"product_cat":[9721,9661],"product_tag":[],"class_list":{"0":"post-79636","1":"product","2":"type-product","3":"status-publish","4":"has-post-thumbnail","6":"product_brand-brand-store-es","7":"product_cat-mueble-de-bano-de-71-a-100-cm-muebles-modernos","8":"product_cat-muebles-de-bano-economicos","10":"first","11":"instock","12":"sale","13":"taxable","14":"shipping-taxable","15":"purchasable","16":"product-type-simple"},"exclude_global_add_ons":false,"addons":[{"name":"color","type":"multiple_choice","position":0,"required":true,"title_format":"heading","default":"","description_enable":false,"description":"","placeholder_enable":false,"placeholder":"","display":"select","restrictions_type":"any_text","adjust_price":false,"price":"","price_type":"flat_fee","restrictions":false,"min":"0","max":"0","options":[{"label":"Blanco","price":"","price_type":"quantity_based","image":0,"visibility":true},{"label":"gris","price":"","price_type":"quantity_based","image":0,"visibility":true}],"id":1718627470},{"name":"aplique","type":"multiple_choice","position":1,"required":true,"title_format":"heading","default":"","description_enable":false,"description":"","placeholder_enable":false,"placeholder":"","display":"select","restrictions_type":"any_text","adjust_price":false,"price":"","price_type":"flat_fee","restrictions":false,"min":"0","max":"0","options":[{"label":"no","price":"","price_type":"quantity_based","image":0,"visibility":true},{"label":"Aplique de pared LED cromado","price":"20","price_type":"quantity_based","image":0,"visibility":true},{"label":"Aplique de pared LED negro mate","price":"25","price_type":"quantity_based","image":0,"visibility":true}],"id":1718627471}],"yoast_head":"<!-- This site is optimized with the Yoast SEO plugin v26.7 - https:\/\/yoast.com\/wordpress\/plugins\/seo\/ -->\n<title>Mueble de ba\u00f1o Icaro cm 85 suspendido roble claro o lacado blanco lavabo de cer\u00e1mica con espejo<\/title>\n<meta name=\"description\" content=\"Mueble de ba\u00f1o Icaro cm 85 suspendido roble claro o lacado blanco con lavabo de cer\u00e1mica integral completo con espejo\" \/>\n<meta name=\"robots\" content=\"index, follow, max-snippet:-1, max-image-preview:large, max-video-preview:-1\" \/>\n<link rel=\"canonical\" href=\"https:\/\/www.bagnoitalia.com\/es\/producto\/mueble-de-bano-icaro-cm-85-suspendido-roble-claro-o-lacado-blanco-lavabo-de-ceramica-con-espejo.html\" \/>\n<meta property=\"og:locale\" content=\"es_ES\" \/>\n<meta property=\"og:type\" content=\"article\" \/>\n<meta property=\"og:title\" content=\"Mueble de ba\u00f1o Icaro cm 85 suspendido roble claro o lacado blanco lavabo de cer\u00e1mica con espejo\" \/>\n<meta property=\"og:description\" content=\"Mueble de ba\u00f1o Icaro cm 85 suspendido roble claro o lacado blanco con lavabo de cer\u00e1mica integral completo con espejo\" \/>\n<meta property=\"og:url\" content=\"https:\/\/www.bagnoitalia.com\/es\/producto\/mueble-de-bano-icaro-cm-85-suspendido-roble-claro-o-lacado-blanco-lavabo-de-ceramica-con-espejo.html\" \/>\n<meta property=\"og:site_name\" content=\"Bagno Italia\" \/>\n<meta property=\"article:modified_time\" content=\"2025-09-05T12:17:28+00:00\" \/>\n<meta property=\"og:image\" content=\"https:\/\/img.bagnoitalia.com\/wp-content\/uploads\/mobile-bagno-icaro-81-bianco-grigio.jpg\" \/>\n\t<meta property=\"og:image:width\" content=\"900\" \/>\n\t<meta property=\"og:image:height\" content=\"900\" \/>\n\t<meta property=\"og:image:type\" content=\"image\/jpeg\" \/>\n<meta name=\"twitter:card\" content=\"summary_large_image\" \/>\n<meta name=\"twitter:label1\" content=\"Tiempo de lectura\" \/>\n\t<meta name=\"twitter:data1\" content=\"1 minuto\" \/>\n<script type=\"application\/ld+json\" class=\"yoast-schema-graph\">{\"@context\":\"https:\/\/schema.org\",\"@graph\":[{\"@type\":\"WebPage\",\"@id\":\"https:\/\/www.bagnoitalia.com\/es\/producto\/mueble-de-bano-icaro-cm-85-suspendido-roble-claro-o-lacado-blanco-lavabo-de-ceramica-con-espejo.html\",\"url\":\"https:\/\/www.bagnoitalia.com\/es\/producto\/mueble-de-bano-icaro-cm-85-suspendido-roble-claro-o-lacado-blanco-lavabo-de-ceramica-con-espejo.html\",\"name\":\"Mueble de ba\u00f1o Icaro cm 85 suspendido roble claro o lacado blanco lavabo de cer\u00e1mica con espejo\",\"isPartOf\":{\"@id\":\"https:\/\/www.bagnoitalia.com\/es#website\"},\"primaryImageOfPage\":{\"@id\":\"https:\/\/www.bagnoitalia.com\/es\/producto\/mueble-de-bano-icaro-cm-85-suspendido-roble-claro-o-lacado-blanco-lavabo-de-ceramica-con-espejo.html#primaryimage\"},\"image\":{\"@id\":\"https:\/\/www.bagnoitalia.com\/es\/producto\/mueble-de-bano-icaro-cm-85-suspendido-roble-claro-o-lacado-blanco-lavabo-de-ceramica-con-espejo.html#primaryimage\"},\"thumbnailUrl\":\"https:\/\/img.bagnoitalia.com\/wp-content\/uploads\/mobile-bagno-icaro-81-bianco-grigio.jpg\",\"datePublished\":\"2016-01-14T08:59:38+00:00\",\"dateModified\":\"2025-09-05T12:17:28+00:00\",\"description\":\"Mueble de ba\u00f1o Icaro cm 85 suspendido roble claro o lacado blanco con lavabo de cer\u00e1mica integral completo con espejo\",\"breadcrumb\":{\"@id\":\"https:\/\/www.bagnoitalia.com\/es\/producto\/mueble-de-bano-icaro-cm-85-suspendido-roble-claro-o-lacado-blanco-lavabo-de-ceramica-con-espejo.html#breadcrumb\"},\"inLanguage\":\"es\",\"potentialAction\":[{\"@type\":\"ReadAction\",\"target\":[\"https:\/\/www.bagnoitalia.com\/es\/producto\/mueble-de-bano-icaro-cm-85-suspendido-roble-claro-o-lacado-blanco-lavabo-de-ceramica-con-espejo.html\"]}]},{\"@type\":\"ImageObject\",\"inLanguage\":\"es\",\"@id\":\"https:\/\/www.bagnoitalia.com\/es\/producto\/mueble-de-bano-icaro-cm-85-suspendido-roble-claro-o-lacado-blanco-lavabo-de-ceramica-con-espejo.html#primaryimage\",\"url\":\"https:\/\/img.bagnoitalia.com\/wp-content\/uploads\/mobile-bagno-icaro-81-bianco-grigio.jpg\",\"contentUrl\":\"https:\/\/img.bagnoitalia.com\/wp-content\/uploads\/mobile-bagno-icaro-81-bianco-grigio.jpg\",\"width\":900,\"height\":900},{\"@type\":\"BreadcrumbList\",\"@id\":\"https:\/\/www.bagnoitalia.com\/es\/producto\/mueble-de-bano-icaro-cm-85-suspendido-roble-claro-o-lacado-blanco-lavabo-de-ceramica-con-espejo.html#breadcrumb\",\"itemListElement\":[{\"@type\":\"ListItem\",\"position\":1,\"name\":\"Home\",\"item\":\"https:\/\/www.bagnoitalia.com\/es\"},{\"@type\":\"ListItem\",\"position\":2,\"name\":\"Productos\",\"item\":\"https:\/\/www.bagnoitalia.com\/es\/shop\"},{\"@type\":\"ListItem\",\"position\":3,\"name\":\"Mueble de ba\u00f1o Icaro, 81 cm, suspendido, gris o blanco, lavabo y espejo de cer\u00e1mica\"}]},{\"@type\":\"WebSite\",\"@id\":\"https:\/\/www.bagnoitalia.com\/es#website\",\"url\":\"https:\/\/www.bagnoitalia.com\/es\",\"name\":\"Bagno Italia\",\"description\":\"\",\"publisher\":{\"@id\":\"https:\/\/www.bagnoitalia.com\/es#organization\"},\"potentialAction\":[{\"@type\":\"SearchAction\",\"target\":{\"@type\":\"EntryPoint\",\"urlTemplate\":\"https:\/\/www.bagnoitalia.com\/es?s={search_term_string}\"},\"query-input\":{\"@type\":\"PropertyValueSpecification\",\"valueRequired\":true,\"valueName\":\"search_term_string\"}}],\"inLanguage\":\"es\"},{\"@type\":\"Organization\",\"@id\":\"https:\/\/www.bagnoitalia.com\/es#organization\",\"name\":\"Bagno Italia\",\"url\":\"https:\/\/www.bagnoitalia.com\/es\",\"logo\":{\"@type\":\"ImageObject\",\"inLanguage\":\"es\",\"@id\":\"https:\/\/www.bagnoitalia.com\/es#\/schema\/logo\/image\/\",\"url\":\"https:\/\/img.bagnoitalia.com\/wp-content\/uploads\/logo-bagnoitalia.webp\",\"contentUrl\":\"https:\/\/img.bagnoitalia.com\/wp-content\/uploads\/logo-bagnoitalia.webp\",\"width\":400,\"height\":70,\"caption\":\"Bagno Italia\"},\"image\":{\"@id\":\"https:\/\/www.bagnoitalia.com\/es#\/schema\/logo\/image\/\"}}]}<\/script>\n<!-- \/ Yoast SEO plugin. -->","yoast_head_json":{"title":"Mueble de ba\u00f1o Icaro cm 85 suspendido roble claro o lacado blanco lavabo de cer\u00e1mica con espejo","description":"Mueble de ba\u00f1o Icaro cm 85 suspendido roble claro o lacado blanco con lavabo de cer\u00e1mica integral completo con espejo","robots":{"index":"index","follow":"follow","max-snippet":"max-snippet:-1","max-image-preview":"max-image-preview:large","max-video-preview":"max-video-preview:-1"},"canonical":"https:\/\/www.bagnoitalia.com\/es\/producto\/mueble-de-bano-icaro-cm-85-suspendido-roble-claro-o-lacado-blanco-lavabo-de-ceramica-con-espejo.html","og_locale":"es_ES","og_type":"article","og_title":"Mueble de ba\u00f1o Icaro cm 85 suspendido roble claro o lacado blanco lavabo de cer\u00e1mica con espejo","og_description":"Mueble de ba\u00f1o Icaro cm 85 suspendido roble claro o lacado blanco con lavabo de cer\u00e1mica integral completo con espejo","og_url":"https:\/\/www.bagnoitalia.com\/es\/producto\/mueble-de-bano-icaro-cm-85-suspendido-roble-claro-o-lacado-blanco-lavabo-de-ceramica-con-espejo.html","og_site_name":"Bagno Italia","article_modified_time":"2025-09-05T12:17:28+00:00","og_image":[{"width":900,"height":900,"url":"https:\/\/img.bagnoitalia.com\/wp-content\/uploads\/mobile-bagno-icaro-81-bianco-grigio.jpg","type":"image\/jpeg"}],"twitter_card":"summary_large_image","twitter_misc":{"Tiempo de lectura":"1 minuto"},"schema":{"@context":"https:\/\/schema.org","@graph":[{"@type":"WebPage","@id":"https:\/\/www.bagnoitalia.com\/es\/producto\/mueble-de-bano-icaro-cm-85-suspendido-roble-claro-o-lacado-blanco-lavabo-de-ceramica-con-espejo.html","url":"https:\/\/www.bagnoitalia.com\/es\/producto\/mueble-de-bano-icaro-cm-85-suspendido-roble-claro-o-lacado-blanco-lavabo-de-ceramica-con-espejo.html","name":"Mueble de ba\u00f1o Icaro cm 85 suspendido roble claro o lacado blanco lavabo de cer\u00e1mica con espejo","isPartOf":{"@id":"https:\/\/www.bagnoitalia.com\/es#website"},"primaryImageOfPage":{"@id":"https:\/\/www.bagnoitalia.com\/es\/producto\/mueble-de-bano-icaro-cm-85-suspendido-roble-claro-o-lacado-blanco-lavabo-de-ceramica-con-espejo.html#primaryimage"},"image":{"@id":"https:\/\/www.bagnoitalia.com\/es\/producto\/mueble-de-bano-icaro-cm-85-suspendido-roble-claro-o-lacado-blanco-lavabo-de-ceramica-con-espejo.html#primaryimage"},"thumbnailUrl":"https:\/\/img.bagnoitalia.com\/wp-content\/uploads\/mobile-bagno-icaro-81-bianco-grigio.jpg","datePublished":"2016-01-14T08:59:38+00:00","dateModified":"2025-09-05T12:17:28+00:00","description":"Mueble de ba\u00f1o Icaro cm 85 suspendido roble claro o lacado blanco con lavabo de cer\u00e1mica integral completo con espejo","breadcrumb":{"@id":"https:\/\/www.bagnoitalia.com\/es\/producto\/mueble-de-bano-icaro-cm-85-suspendido-roble-claro-o-lacado-blanco-lavabo-de-ceramica-con-espejo.html#breadcrumb"},"inLanguage":"es","potentialAction":[{"@type":"ReadAction","target":["https:\/\/www.bagnoitalia.com\/es\/producto\/mueble-de-bano-icaro-cm-85-suspendido-roble-claro-o-lacado-blanco-lavabo-de-ceramica-con-espejo.html"]}]},{"@type":"ImageObject","inLanguage":"es","@id":"https:\/\/www.bagnoitalia.com\/es\/producto\/mueble-de-bano-icaro-cm-85-suspendido-roble-claro-o-lacado-blanco-lavabo-de-ceramica-con-espejo.html#primaryimage","url":"https:\/\/img.bagnoitalia.com\/wp-content\/uploads\/mobile-bagno-icaro-81-bianco-grigio.jpg","contentUrl":"https:\/\/img.bagnoitalia.com\/wp-content\/uploads\/mobile-bagno-icaro-81-bianco-grigio.jpg","width":900,"height":900},{"@type":"BreadcrumbList","@id":"https:\/\/www.bagnoitalia.com\/es\/producto\/mueble-de-bano-icaro-cm-85-suspendido-roble-claro-o-lacado-blanco-lavabo-de-ceramica-con-espejo.html#breadcrumb","itemListElement":[{"@type":"ListItem","position":1,"name":"Home","item":"https:\/\/www.bagnoitalia.com\/es"},{"@type":"ListItem","position":2,"name":"Productos","item":"https:\/\/www.bagnoitalia.com\/es\/shop"},{"@type":"ListItem","position":3,"name":"Mueble de ba\u00f1o Icaro, 81 cm, suspendido, gris o blanco, lavabo y espejo de cer\u00e1mica"}]},{"@type":"WebSite","@id":"https:\/\/www.bagnoitalia.com\/es#website","url":"https:\/\/www.bagnoitalia.com\/es","name":"Bagno Italia","description":"","publisher":{"@id":"https:\/\/www.bagnoitalia.com\/es#organization"},"potentialAction":[{"@type":"SearchAction","target":{"@type":"EntryPoint","urlTemplate":"https:\/\/www.bagnoitalia.com\/es?s={search_term_string}"},"query-input":{"@type":"PropertyValueSpecification","valueRequired":true,"valueName":"search_term_string"}}],"inLanguage":"es"},{"@type":"Organization","@id":"https:\/\/www.bagnoitalia.com\/es#organization","name":"Bagno Italia","url":"https:\/\/www.bagnoitalia.com\/es","logo":{"@type":"ImageObject","inLanguage":"es","@id":"https:\/\/www.bagnoitalia.com\/es#\/schema\/logo\/image\/","url":"https:\/\/img.bagnoitalia.com\/wp-content\/uploads\/logo-bagnoitalia.webp","contentUrl":"https:\/\/img.bagnoitalia.com\/wp-content\/uploads\/logo-bagnoitalia.webp","width":400,"height":70,"caption":"Bagno Italia"},"image":{"@id":"https:\/\/www.bagnoitalia.com\/es#\/schema\/logo\/image\/"}}]}},"_links":{"self":[{"href":"https:\/\/www.bagnoitalia.com\/es\/wp-json\/wp\/v2\/product\/79636","targetHints":{"allow":["GET"]}}],"collection":[{"href":"https:\/\/www.bagnoitalia.com\/es\/wp-json\/wp\/v2\/product"}],"about":[{"href":"https:\/\/www.bagnoitalia.com\/es\/wp-json\/wp\/v2\/types\/product"}],"replies":[{"embeddable":true,"href":"https:\/\/www.bagnoitalia.com\/es\/wp-json\/wp\/v2\/comments?post=79636"}],"version-history":[{"count":3,"href":"https:\/\/www.bagnoitalia.com\/es\/wp-json\/wp\/v2\/product\/79636\/revisions"}],"predecessor-version":[{"id":110617,"href":"https:\/\/www.bagnoitalia.com\/es\/wp-json\/wp\/v2\/product\/79636\/revisions\/110617"}],"wp:featuredmedia":[{"embeddable":true,"href":"https:\/\/www.bagnoitalia.com\/es\/wp-json\/wp\/v2\/media\/110608"}],"wp:attachment":[{"href":"https:\/\/www.bagnoitalia.com\/es\/wp-json\/wp\/v2\/media?parent=79636"}],"wp:term":[{"taxonomy":"product_brand","embeddable":true,"href":"https:\/\/www.bagnoitalia.com\/es\/wp-json\/wp\/v2\/product_brand?post=79636"},{"taxonomy":"product_cat","embeddable":true,"href":"https:\/\/www.bagnoitalia.com\/es\/wp-json\/wp\/v2\/product_cat?post=79636"},{"taxonomy":"product_tag","embeddable":true,"href":"https:\/\/www.bagnoitalia.com\/es\/wp-json\/wp\/v2\/product_tag?post=79636"}],"curies":[{"name":"wp","href":"https:\/\/api.w.org\/{rel}","templated":true}]}}