{"id":79388,"date":"2015-07-02T07:23:14","date_gmt":"2015-07-02T05:23:14","guid":{"rendered":"https:\/\/www.bagnoitalia.com\/product\/puerta-de-ducha-con-dos-puertas-correderas-para-empotrar-h-185-198-cristal-6-mm-pr018"},"modified":"2025-06-14T22:20:35","modified_gmt":"2025-06-14T20:20:35","slug":"puerta-de-ducha-con-dos-puertas-correderas-para-empotrar-h-185-198-cristal-6-mm-pr018","status":"publish","type":"product","link":"https:\/\/www.bagnoitalia.com\/es\/producto\/puerta-de-ducha-con-dos-puertas-correderas-para-empotrar-h-185-198-cristal-6-mm-pr018.html","title":{"rendered":"Puerta de Ducha con dos puertas correderas para nicho (hueco) H 185 198 cristal 6 mm PR018"},"content":{"rendered":"<p><span style=\"font-size: 12pt;\"><strong>Puerta de ducha para nicho con 2 puertas fijas y 2 puertas correderas.<\/strong><\/span><\/p>\n<\/p>\n<ul>\n<li><span style=\"font-size: 12pt;\">Puerta corredera corredera con estructura cromada con 16 ruedas con rodamientos de bolas.<\/span><\/li>\n<li><span style=\"font-size: 12pt;\">Sistema de acoplamiento y desenganche r\u00e1pido para facilitar la limpieza <br \/><\/span><\/li>\n<li><span style=\"font-size: 12pt;\">Vidrio templado de 6 mm <br \/><\/span><\/li>\n<li><span style=\"font-size: 12pt;\">Perfiles en aluminio anodizado. <br \/><\/span><\/li>\n<li><span style=\"font-size: 12pt;\">Cierre magn\u00e9tico de la puerta.<\/span><\/li>\n<li><span style=\"font-size: 12pt;\">Juntas con aleta antigoteo en todas las puertas. <br \/><\/span><\/li>\n<li><span style=\"font-size: 12pt;\">Mango Croamta Pulido <br \/><\/span><\/li>\n<li><span style=\"font-size: 12pt;\">Plato de ducha excluido<\/span><\/li>\n<li><span style=\"font-size: 12pt;\">Producto certificado CE<\/span> <strong><br \/><\/strong><\/li>\n<li><span style=\"font-size: 12pt;\">Tama\u00f1os disponibles, 120,130,140,150,160,170,180 cm. Tambi\u00e9n puede agregar 1 o 2 perfiles de compensaci\u00f3n (cada perfil aumenta en 2 cm la basura de la puerta de la ducha, adem\u00e1s de la tolerancia indicada en la tabla a continuaci\u00f3n)<\/span><\/li>\n<li><strong><span style=\"font-size: 12pt;\">Tambi\u00e9n disponible con altura de 185 cm (seleccionable en el men\u00fa de la derecha)<\/span><\/strong><\/li>\n<\/ul>\n<p><img fetchpriority=\"high\" decoding=\"async\" class=\" size-full wp-image-15381\" src=\"https:\/\/img.bagnoitalia.com\/wp-content\/uploads\/1b.jpg\" alt=\"https:\/\/www.bagnoitalia.it\/https:\/\/img.bagnoitalia.com\/wp-content\/uploads\/1b.jpg\" width=\"833\" height=\"70\" srcset=\"https:\/\/img.bagnoitalia.com\/wp-content\/uploads\/1b.jpg 658w, https:\/\/img.bagnoitalia.com\/wp-content\/uploads\/1b-441x38.jpg 441w, https:\/\/img.bagnoitalia.com\/wp-content\/uploads\/1b-600x51.jpg 600w, https:\/\/img.bagnoitalia.com\/wp-content\/uploads\/1b-150x13.jpg 150w\" sizes=\"(max-width: 833px) 100vw, 833px\" \/><\/p>\n<\/p>\n<table style=\"width: 644px; height: 169px;\">\n<tbody>\n<tr>\n<th align=\"justify\">tama\u00f1o<\/th>\n<th align=\"center\">tolerancia<\/th>\n<th align=\"justify\">apertura<\/th>\n<\/tr>\n<tr>\n<td align=\"justify\" data-label=\"Dimensione\">120 cm<\/td>\n<td align=\"justify\" data-label=\"Tolleranza\">De 117 a 122 cm.<\/td>\n<td align=\"justify\" data-label=\"Apertura\">45 cm<\/td>\n<\/tr>\n<tr>\n<td align=\"justify\" data-label=\"Dimensione\">130 cm<\/td>\n<td align=\"justify\" data-label=\"Tolleranza\">De 127 a 132 cm.<\/td>\n<td align=\"justify\" data-label=\"Apertura\">50 cm<\/td>\n<\/tr>\n<tr>\n<td align=\"justify\" data-label=\"Dimensione\">140 cm<\/td>\n<td align=\"justify\" data-label=\"Tolleranza\">De 137 a 142 cm.<\/td>\n<td align=\"justify\" data-label=\"Apertura\">55 cm<\/td>\n<\/tr>\n<tr>\n<td align=\"justify\" data-label=\"Dimensione\">150 cm<\/td>\n<td align=\"justify\" data-label=\"Tolleranza\">De 147 a 152 CM.<\/td>\n<td align=\"justify\" data-label=\"Apertura\">60 cm<\/td>\n<\/tr>\n<tr>\n<td align=\"justify\" data-label=\"Dimensione\">160 cm<\/td>\n<td align=\"justify\" data-label=\"Tolleranza\">De 157 a 162 cm.<\/td>\n<td align=\"justify\" data-label=\"Apertura\">65 cm<\/td>\n<\/tr>\n<tr>\n<td align=\"justify\" data-label=\"Dimensione\">170 cm<\/td>\n<td align=\"justify\" data-label=\"Tolleranza\">De 167 a 172 cm.<\/td>\n<td align=\"justify\" data-label=\"Apertura\">70 cm<\/td>\n<\/tr>\n<tr>\n<td align=\"justify\" data-label=\"Dimensione\">180 cm<\/td>\n<td align=\"justify\" data-label=\"Tolleranza\">De 177 a 182 cm.<\/td>\n<td align=\"justify\" data-label=\"Apertura\">75 cm<\/td>\n<\/tr>\n<\/tbody>\n<\/table>\n<p><strong><span style=\"font-size: 12pt;\">ATENCI\u00d3N: la cabina de ducha de 185 cm de altura tiene el siguiente asa<\/span><\/strong><\/p>\n<p><img decoding=\"async\" class=\" size-full wp-image-26754\" src=\"https:\/\/img.bagnoitalia.com\/wp-content\/uploads\/box_doccia_12_scorrevole-11.jpg\" alt=\"\" width=\"650\" height=\"650\" srcset=\"https:\/\/img.bagnoitalia.com\/wp-content\/uploads\/box_doccia_12_scorrevole-11.jpg 1500w, https:\/\/img.bagnoitalia.com\/wp-content\/uploads\/box_doccia_12_scorrevole-11-768x768.jpg 768w, https:\/\/img.bagnoitalia.com\/wp-content\/uploads\/box_doccia_12_scorrevole-11-990x990.jpg 990w, https:\/\/img.bagnoitalia.com\/wp-content\/uploads\/box_doccia_12_scorrevole-11-441x441.jpg 441w, https:\/\/img.bagnoitalia.com\/wp-content\/uploads\/box_doccia_12_scorrevole-11-100x100.jpg 100w, https:\/\/img.bagnoitalia.com\/wp-content\/uploads\/box_doccia_12_scorrevole-11-600x600.jpg 600w, https:\/\/img.bagnoitalia.com\/wp-content\/uploads\/box_doccia_12_scorrevole-11-150x150.jpg 150w\" sizes=\"(max-width: 650px) 100vw, 650px\" \/><\/p>\n<p>___________________________________________________________________________________________<\/p>\n<\/p>\n<p><strong><span style=\"font-size: 12pt;\">La cabina de ducha con una altura de 198 cm tiene el asa debajo:<\/span><\/strong><\/p>\n<p><img decoding=\"async\" class=\" size-full wp-image-26758\" src=\"https:\/\/img.bagnoitalia.com\/wp-content\/uploads\/box_doccia_12_scorrevole-9.jpg\" alt=\"\" width=\"648\" height=\"648\" srcset=\"https:\/\/img.bagnoitalia.com\/wp-content\/uploads\/box_doccia_12_scorrevole-9.jpg 1500w, https:\/\/img.bagnoitalia.com\/wp-content\/uploads\/box_doccia_12_scorrevole-9-768x768.jpg 768w, https:\/\/img.bagnoitalia.com\/wp-content\/uploads\/box_doccia_12_scorrevole-9-990x990.jpg 990w, https:\/\/img.bagnoitalia.com\/wp-content\/uploads\/box_doccia_12_scorrevole-9-441x441.jpg 441w, https:\/\/img.bagnoitalia.com\/wp-content\/uploads\/box_doccia_12_scorrevole-9-100x100.jpg 100w, https:\/\/img.bagnoitalia.com\/wp-content\/uploads\/box_doccia_12_scorrevole-9-600x600.jpg 600w, https:\/\/img.bagnoitalia.com\/wp-content\/uploads\/box_doccia_12_scorrevole-9-150x150.jpg 150w\" sizes=\"(max-width: 648px) 100vw, 648px\" \/><\/p><\/p>\n","protected":false},"excerpt":{"rendered":"<p>Puerta de ducha con dos puertas correderas H198 o 185 cm, ancho 120,130,140,150,160,170,180 cm vidrio de 6 mm<\/p>\n","protected":false},"featured_media":26722,"comment_status":"open","ping_status":"closed","template":"","meta":[],"product_brand":[9893],"product_cat":[15,10117],"product_tag":[],"class_list":{"0":"post-79388","1":"product","2":"type-product","3":"status-publish","4":"has-post-thumbnail","6":"product_brand-idralite-es","7":"product_cat-senza-categoria","8":"product_cat-senza-categoria-es","10":"first","11":"outofstock","12":"taxable","13":"shipping-taxable","14":"purchasable","15":"product-type-simple"},"exclude_global_add_ons":false,"addons":[{"name":"CAMPI_PORTA_PER_DOCCIA\r\n","type":"select","position":0,"required":true,"title_format":"label","default":"","description_enable":false,"description":"","placeholder_enable":false,"placeholder":"","display":"select","restrictions_type":"any_text","adjust_price":false,"price":"","price_type":"","restrictions":false,"min":"0","max":"0","options":[]},{"name":"CAMPI_CRISTALLO\r\n","type":"select","position":0,"required":true,"title_format":"label","default":"","description_enable":false,"description":"","placeholder_enable":false,"placeholder":"","display":"select","restrictions_type":"any_text","adjust_price":false,"price":"","price_type":"","restrictions":false,"min":"0","max":"0","options":[]},{"name":"CAMPI_ALTEZZA\r\n","type":"select","position":0,"required":true,"title_format":"label","default":"","description_enable":false,"description":"","placeholder_enable":false,"placeholder":"","display":"select","restrictions_type":"any_text","adjust_price":false,"price":"","price_type":"","restrictions":false,"min":"0","max":"0","options":[]},{"name":"CAMPI_PROFILO_DI_COMPENSAZIONE\r\n","type":"select","position":0,"required":true,"title_format":"label","default":"","description_enable":false,"description":"","placeholder_enable":false,"placeholder":"","display":"select","restrictions_type":"any_text","adjust_price":false,"price":"","price_type":"","restrictions":false,"min":"0","max":"0","options":[]}],"yoast_head":"<!-- This site is optimized with the Yoast SEO plugin v26.7 - https:\/\/yoast.com\/wordpress\/plugins\/seo\/ -->\n<title>Puerta de ducha con dos puertas correderas para empotrar H 185 198 cristal 6 mm ID<\/title>\n<meta name=\"description\" content=\"Puerta de ducha con dos puertas correderas H198 o 185 cm, ancho 120,130,140,150,160,170,180 cm vidrio de 6 mm\" \/>\n<meta name=\"robots\" content=\"index, follow, max-snippet:-1, max-image-preview:large, max-video-preview:-1\" \/>\n<link rel=\"canonical\" href=\"https:\/\/www.bagnoitalia.com\/es\/producto\/puerta-de-ducha-con-dos-puertas-correderas-para-empotrar-h-185-198-cristal-6-mm-pr018.html\" \/>\n<meta property=\"og:locale\" content=\"es_ES\" \/>\n<meta property=\"og:type\" content=\"article\" \/>\n<meta property=\"og:title\" content=\"Puerta de ducha con dos puertas correderas para empotrar H 185 198 cristal 6 mm ID\" \/>\n<meta property=\"og:description\" content=\"Puerta de ducha con dos puertas correderas H198 o 185 cm, ancho 120,130,140,150,160,170,180 cm vidrio de 6 mm\" \/>\n<meta property=\"og:url\" content=\"https:\/\/www.bagnoitalia.com\/es\/producto\/puerta-de-ducha-con-dos-puertas-correderas-para-empotrar-h-185-198-cristal-6-mm-pr018.html\" \/>\n<meta property=\"og:site_name\" content=\"Bagno Italia\" \/>\n<meta property=\"article:modified_time\" content=\"2025-06-14T20:20:35+00:00\" \/>\n<meta property=\"og:image\" content=\"https:\/\/img.bagnoitalia.com\/wp-content\/uploads\/virtuemart\/product\/niche-shower-door-two-sliding-doors-pr018-1_1543847874_502.jpg\" \/>\n\t<meta property=\"og:image:width\" content=\"1500\" \/>\n\t<meta property=\"og:image:height\" content=\"1500\" \/>\n\t<meta property=\"og:image:type\" content=\"image\/jpeg\" \/>\n<meta name=\"twitter:card\" content=\"summary_large_image\" \/>\n<meta name=\"twitter:label1\" content=\"Tiempo de lectura\" \/>\n\t<meta name=\"twitter:data1\" content=\"1 minuto\" \/>\n<script type=\"application\/ld+json\" class=\"yoast-schema-graph\">{\"@context\":\"https:\/\/schema.org\",\"@graph\":[{\"@type\":\"WebPage\",\"@id\":\"https:\/\/www.bagnoitalia.com\/es\/producto\/puerta-de-ducha-con-dos-puertas-correderas-para-empotrar-h-185-198-cristal-6-mm-pr018.html\",\"url\":\"https:\/\/www.bagnoitalia.com\/es\/producto\/puerta-de-ducha-con-dos-puertas-correderas-para-empotrar-h-185-198-cristal-6-mm-pr018.html\",\"name\":\"Puerta de ducha con dos puertas correderas para empotrar H 185 198 cristal 6 mm ID\",\"isPartOf\":{\"@id\":\"https:\/\/www.bagnoitalia.com\/es#website\"},\"primaryImageOfPage\":{\"@id\":\"https:\/\/www.bagnoitalia.com\/es\/producto\/puerta-de-ducha-con-dos-puertas-correderas-para-empotrar-h-185-198-cristal-6-mm-pr018.html#primaryimage\"},\"image\":{\"@id\":\"https:\/\/www.bagnoitalia.com\/es\/producto\/puerta-de-ducha-con-dos-puertas-correderas-para-empotrar-h-185-198-cristal-6-mm-pr018.html#primaryimage\"},\"thumbnailUrl\":\"https:\/\/img.bagnoitalia.com\/wp-content\/uploads\/virtuemart\/product\/niche-shower-door-two-sliding-doors-pr018-1_1543847874_502.jpg\",\"datePublished\":\"2015-07-02T05:23:14+00:00\",\"dateModified\":\"2025-06-14T20:20:35+00:00\",\"description\":\"Puerta de ducha con dos puertas correderas H198 o 185 cm, ancho 120,130,140,150,160,170,180 cm vidrio de 6 mm\",\"breadcrumb\":{\"@id\":\"https:\/\/www.bagnoitalia.com\/es\/producto\/puerta-de-ducha-con-dos-puertas-correderas-para-empotrar-h-185-198-cristal-6-mm-pr018.html#breadcrumb\"},\"inLanguage\":\"es\",\"potentialAction\":[{\"@type\":\"ReadAction\",\"target\":[\"https:\/\/www.bagnoitalia.com\/es\/producto\/puerta-de-ducha-con-dos-puertas-correderas-para-empotrar-h-185-198-cristal-6-mm-pr018.html\"]}]},{\"@type\":\"ImageObject\",\"inLanguage\":\"es\",\"@id\":\"https:\/\/www.bagnoitalia.com\/es\/producto\/puerta-de-ducha-con-dos-puertas-correderas-para-empotrar-h-185-198-cristal-6-mm-pr018.html#primaryimage\",\"url\":\"https:\/\/img.bagnoitalia.com\/wp-content\/uploads\/virtuemart\/product\/niche-shower-door-two-sliding-doors-pr018-1_1543847874_502.jpg\",\"contentUrl\":\"https:\/\/img.bagnoitalia.com\/wp-content\/uploads\/virtuemart\/product\/niche-shower-door-two-sliding-doors-pr018-1_1543847874_502.jpg\",\"width\":1500,\"height\":1500},{\"@type\":\"BreadcrumbList\",\"@id\":\"https:\/\/www.bagnoitalia.com\/es\/producto\/puerta-de-ducha-con-dos-puertas-correderas-para-empotrar-h-185-198-cristal-6-mm-pr018.html#breadcrumb\",\"itemListElement\":[{\"@type\":\"ListItem\",\"position\":1,\"name\":\"Home\",\"item\":\"https:\/\/www.bagnoitalia.com\/es\"},{\"@type\":\"ListItem\",\"position\":2,\"name\":\"Productos\",\"item\":\"https:\/\/www.bagnoitalia.com\/es\/shop\"},{\"@type\":\"ListItem\",\"position\":3,\"name\":\"Puerta de Ducha con dos puertas correderas para nicho (hueco) H 185 198 cristal 6 mm PR018\"}]},{\"@type\":\"WebSite\",\"@id\":\"https:\/\/www.bagnoitalia.com\/es#website\",\"url\":\"https:\/\/www.bagnoitalia.com\/es\",\"name\":\"Bagno Italia\",\"description\":\"\",\"publisher\":{\"@id\":\"https:\/\/www.bagnoitalia.com\/es#organization\"},\"potentialAction\":[{\"@type\":\"SearchAction\",\"target\":{\"@type\":\"EntryPoint\",\"urlTemplate\":\"https:\/\/www.bagnoitalia.com\/es?s={search_term_string}\"},\"query-input\":{\"@type\":\"PropertyValueSpecification\",\"valueRequired\":true,\"valueName\":\"search_term_string\"}}],\"inLanguage\":\"es\"},{\"@type\":\"Organization\",\"@id\":\"https:\/\/www.bagnoitalia.com\/es#organization\",\"name\":\"Bagno Italia\",\"url\":\"https:\/\/www.bagnoitalia.com\/es\",\"logo\":{\"@type\":\"ImageObject\",\"inLanguage\":\"es\",\"@id\":\"https:\/\/www.bagnoitalia.com\/es#\/schema\/logo\/image\/\",\"url\":\"https:\/\/img.bagnoitalia.com\/wp-content\/uploads\/logo-bagnoitalia.webp\",\"contentUrl\":\"https:\/\/img.bagnoitalia.com\/wp-content\/uploads\/logo-bagnoitalia.webp\",\"width\":400,\"height\":70,\"caption\":\"Bagno Italia\"},\"image\":{\"@id\":\"https:\/\/www.bagnoitalia.com\/es#\/schema\/logo\/image\/\"}}]}<\/script>\n<!-- \/ Yoast SEO plugin. -->","yoast_head_json":{"title":"Puerta de ducha con dos puertas correderas para empotrar H 185 198 cristal 6 mm ID","description":"Puerta de ducha con dos puertas correderas H198 o 185 cm, ancho 120,130,140,150,160,170,180 cm vidrio de 6 mm","robots":{"index":"index","follow":"follow","max-snippet":"max-snippet:-1","max-image-preview":"max-image-preview:large","max-video-preview":"max-video-preview:-1"},"canonical":"https:\/\/www.bagnoitalia.com\/es\/producto\/puerta-de-ducha-con-dos-puertas-correderas-para-empotrar-h-185-198-cristal-6-mm-pr018.html","og_locale":"es_ES","og_type":"article","og_title":"Puerta de ducha con dos puertas correderas para empotrar H 185 198 cristal 6 mm ID","og_description":"Puerta de ducha con dos puertas correderas H198 o 185 cm, ancho 120,130,140,150,160,170,180 cm vidrio de 6 mm","og_url":"https:\/\/www.bagnoitalia.com\/es\/producto\/puerta-de-ducha-con-dos-puertas-correderas-para-empotrar-h-185-198-cristal-6-mm-pr018.html","og_site_name":"Bagno Italia","article_modified_time":"2025-06-14T20:20:35+00:00","og_image":[{"width":1500,"height":1500,"url":"https:\/\/img.bagnoitalia.com\/wp-content\/uploads\/virtuemart\/product\/niche-shower-door-two-sliding-doors-pr018-1_1543847874_502.jpg","type":"image\/jpeg"}],"twitter_card":"summary_large_image","twitter_misc":{"Tiempo de lectura":"1 minuto"},"schema":{"@context":"https:\/\/schema.org","@graph":[{"@type":"WebPage","@id":"https:\/\/www.bagnoitalia.com\/es\/producto\/puerta-de-ducha-con-dos-puertas-correderas-para-empotrar-h-185-198-cristal-6-mm-pr018.html","url":"https:\/\/www.bagnoitalia.com\/es\/producto\/puerta-de-ducha-con-dos-puertas-correderas-para-empotrar-h-185-198-cristal-6-mm-pr018.html","name":"Puerta de ducha con dos puertas correderas para empotrar H 185 198 cristal 6 mm ID","isPartOf":{"@id":"https:\/\/www.bagnoitalia.com\/es#website"},"primaryImageOfPage":{"@id":"https:\/\/www.bagnoitalia.com\/es\/producto\/puerta-de-ducha-con-dos-puertas-correderas-para-empotrar-h-185-198-cristal-6-mm-pr018.html#primaryimage"},"image":{"@id":"https:\/\/www.bagnoitalia.com\/es\/producto\/puerta-de-ducha-con-dos-puertas-correderas-para-empotrar-h-185-198-cristal-6-mm-pr018.html#primaryimage"},"thumbnailUrl":"https:\/\/img.bagnoitalia.com\/wp-content\/uploads\/virtuemart\/product\/niche-shower-door-two-sliding-doors-pr018-1_1543847874_502.jpg","datePublished":"2015-07-02T05:23:14+00:00","dateModified":"2025-06-14T20:20:35+00:00","description":"Puerta de ducha con dos puertas correderas H198 o 185 cm, ancho 120,130,140,150,160,170,180 cm vidrio de 6 mm","breadcrumb":{"@id":"https:\/\/www.bagnoitalia.com\/es\/producto\/puerta-de-ducha-con-dos-puertas-correderas-para-empotrar-h-185-198-cristal-6-mm-pr018.html#breadcrumb"},"inLanguage":"es","potentialAction":[{"@type":"ReadAction","target":["https:\/\/www.bagnoitalia.com\/es\/producto\/puerta-de-ducha-con-dos-puertas-correderas-para-empotrar-h-185-198-cristal-6-mm-pr018.html"]}]},{"@type":"ImageObject","inLanguage":"es","@id":"https:\/\/www.bagnoitalia.com\/es\/producto\/puerta-de-ducha-con-dos-puertas-correderas-para-empotrar-h-185-198-cristal-6-mm-pr018.html#primaryimage","url":"https:\/\/img.bagnoitalia.com\/wp-content\/uploads\/virtuemart\/product\/niche-shower-door-two-sliding-doors-pr018-1_1543847874_502.jpg","contentUrl":"https:\/\/img.bagnoitalia.com\/wp-content\/uploads\/virtuemart\/product\/niche-shower-door-two-sliding-doors-pr018-1_1543847874_502.jpg","width":1500,"height":1500},{"@type":"BreadcrumbList","@id":"https:\/\/www.bagnoitalia.com\/es\/producto\/puerta-de-ducha-con-dos-puertas-correderas-para-empotrar-h-185-198-cristal-6-mm-pr018.html#breadcrumb","itemListElement":[{"@type":"ListItem","position":1,"name":"Home","item":"https:\/\/www.bagnoitalia.com\/es"},{"@type":"ListItem","position":2,"name":"Productos","item":"https:\/\/www.bagnoitalia.com\/es\/shop"},{"@type":"ListItem","position":3,"name":"Puerta de Ducha con dos puertas correderas para nicho (hueco) H 185 198 cristal 6 mm PR018"}]},{"@type":"WebSite","@id":"https:\/\/www.bagnoitalia.com\/es#website","url":"https:\/\/www.bagnoitalia.com\/es","name":"Bagno Italia","description":"","publisher":{"@id":"https:\/\/www.bagnoitalia.com\/es#organization"},"potentialAction":[{"@type":"SearchAction","target":{"@type":"EntryPoint","urlTemplate":"https:\/\/www.bagnoitalia.com\/es?s={search_term_string}"},"query-input":{"@type":"PropertyValueSpecification","valueRequired":true,"valueName":"search_term_string"}}],"inLanguage":"es"},{"@type":"Organization","@id":"https:\/\/www.bagnoitalia.com\/es#organization","name":"Bagno Italia","url":"https:\/\/www.bagnoitalia.com\/es","logo":{"@type":"ImageObject","inLanguage":"es","@id":"https:\/\/www.bagnoitalia.com\/es#\/schema\/logo\/image\/","url":"https:\/\/img.bagnoitalia.com\/wp-content\/uploads\/logo-bagnoitalia.webp","contentUrl":"https:\/\/img.bagnoitalia.com\/wp-content\/uploads\/logo-bagnoitalia.webp","width":400,"height":70,"caption":"Bagno Italia"},"image":{"@id":"https:\/\/www.bagnoitalia.com\/es#\/schema\/logo\/image\/"}}]}},"_links":{"self":[{"href":"https:\/\/www.bagnoitalia.com\/es\/wp-json\/wp\/v2\/product\/79388","targetHints":{"allow":["GET"]}}],"collection":[{"href":"https:\/\/www.bagnoitalia.com\/es\/wp-json\/wp\/v2\/product"}],"about":[{"href":"https:\/\/www.bagnoitalia.com\/es\/wp-json\/wp\/v2\/types\/product"}],"replies":[{"embeddable":true,"href":"https:\/\/www.bagnoitalia.com\/es\/wp-json\/wp\/v2\/comments?post=79388"}],"version-history":[{"count":0,"href":"https:\/\/www.bagnoitalia.com\/es\/wp-json\/wp\/v2\/product\/79388\/revisions"}],"wp:featuredmedia":[{"embeddable":true,"href":"https:\/\/www.bagnoitalia.com\/es\/wp-json\/wp\/v2\/media\/26722"}],"wp:attachment":[{"href":"https:\/\/www.bagnoitalia.com\/es\/wp-json\/wp\/v2\/media?parent=79388"}],"wp:term":[{"taxonomy":"product_brand","embeddable":true,"href":"https:\/\/www.bagnoitalia.com\/es\/wp-json\/wp\/v2\/product_brand?post=79388"},{"taxonomy":"product_cat","embeddable":true,"href":"https:\/\/www.bagnoitalia.com\/es\/wp-json\/wp\/v2\/product_cat?post=79388"},{"taxonomy":"product_tag","embeddable":true,"href":"https:\/\/www.bagnoitalia.com\/es\/wp-json\/wp\/v2\/product_tag?post=79388"}],"curies":[{"name":"wp","href":"https:\/\/api.w.org\/{rel}","templated":true}]}}