{"id":79308,"date":"2015-06-02T16:49:50","date_gmt":"2015-06-02T14:49:50","guid":{"rendered":"https:\/\/www.bagnoitalia.com\/product\/sauna-combinada-125x110-para-dos-personas-tanto-infrarroja-como-finlandesa-con-estufa-harvia-y-radiadores-de-carbono-sn002"},"modified":"2024-05-11T00:03:51","modified_gmt":"2024-05-10T22:03:51","slug":"sauna-combinada-125x110-para-dos-personas-tanto-infrarroja-como-finlandesa-con-estufa-harvia-y-radiadores-de-carbono-sn002","status":"publish","type":"product","link":"https:\/\/www.bagnoitalia.com\/es\/producto\/sauna-combinada-125x110-para-dos-personas-tanto-infrarroja-como-finlandesa-con-estufa-harvia-y-radiadores-de-carbono-sn002.html","title":{"rendered":"Sauna Combinada 125&#215;110 para dos personas, tanto infrarroja como finlandesa, con estufa Harvia y radiadores de carbono SN002"},"content":{"rendered":"<p><span style=\"font-size: 10pt; font-family: Symbol; color: windowtext;\"><\/span> <span style=\"font-size: 14pt;\"><strong><span style=\"font-family: 'Calibri','sans-serif'; color: windowtext;\">Sauna combinada infrarroja y finlandesa 2 lugares 190x125x110<\/span><\/strong><\/span><\/p>\n<ul>\n<li><span style=\"font-size: 11pt; font-family: 'Calibri','sans-serif'; color: windowtext;\">6 radiadores de carbono (1675 W)<\/span><\/li>\n<li><span style=\"font-size: 11pt; font-family: 'Calibri','sans-serif'; color: windowtext;\">Estufa Harvia (2300 W)<\/span><\/li>\n<li><span style=\"font-size: 11pt; font-family: 'Calibri','sans-serif'; color: windowtext;\">Terapia del color<\/span><\/li>\n<li><span style=\"font-size: 11pt; font-family: 'Calibri','sans-serif'; color: windowtext;\">Ionizador (purificador de aire)<\/span><\/li>\n<li><span style=\"font-size: 11pt; font-family: 'Calibri','sans-serif'; color: windowtext;\">Iluminaci\u00f3n interior<\/span><\/li>\n<li><span style=\"font-size: 11pt; font-family: 'Calibri','sans-serif'; color: windowtext;\">Panel de control interno<\/span><\/li>\n<li><span style=\"font-size: 11pt; font-family: 'Calibri','sans-serif'; color: windowtext;\">Radio &#8211; reproductor de CD &#8211; mp3 &#8211; usb &#8211; tarjeta sd<\/span><\/li>\n<li><span style=\"font-size: 11pt; font-family: 'Calibri','sans-serif'; color: windowtext;\">2 altavoces<\/span><\/li>\n<li><span style=\"font-size: 11pt; font-family: 'Calibri','sans-serif'; color: windowtext;\">Ventilaci\u00f3n de la puerta<\/span><\/li>\n<li>Termometro electronico<\/li>\n<li><span style=\"font-size: 11pt; font-family: 'Calibri','sans-serif'; color: windowtext;\">Sauna de madera: certificado de origen canadiense Hemlock<\/span><\/li>\n<li><span style=\"font-size: 11pt; font-family: 'Calibri','sans-serif'; color: windowtext;\">Vidrio templado: 6 mm (vidrio de seguridad).<\/span><\/li>\n<li><span style=\"font-size: 11pt; font-family: 'Calibri','sans-serif'; color: windowtext;\">Espesor de la pared: 6 cm<\/span><\/li>\n<li>Profundidad de asientos 45 cm.<\/li>\n<li><span style=\"font-size: 11pt; font-family: 'Calibri','sans-serif'; color: windowtext;\">Voltaje: 220 V<\/span><\/li>\n<li><span style=\"font-size: 11pt; font-family: 'Calibri','sans-serif'; color: windowtext;\">Temperatura de funcionamiento: 18-80 \u00b0 C <br \/><\/span><\/li>\n<li>Saunas de energ\u00eda: finland\u00e9s de 2300 W, infrarrojo de 1675 W<\/li>\n<li>Cubo y cuchar\u00f3n para sauna finlandesa incluidos.<\/li>\n<\/ul>\n<p><span style=\"font-size: 12pt;\"><span style=\"font-family: 'Calibri','sans-serif'; color: windowtext;\">Sauna combinada de 2 puestos (infrarrojo y finland\u00e9s) que ofrece ambas soluciones en una sola sauna, lo que brinda la posibilidad de usar el carb\u00f3n infrarrojo o la estufa finlandesa seg\u00fan las necesidades, las dos soluciones<\/span> no se pueden usar simult\u00e1neamente.<\/span><\/p>\n","protected":false},"excerpt":{"rendered":"<p>Sauna Combinado para dos personas, puede utilizar tanto la soluci\u00f3n infrarroja como la soluci\u00f3n finlandesa<\/p>\n","protected":false},"featured_media":26242,"comment_status":"open","ping_status":"closed","template":"","meta":[],"product_brand":[9911],"product_cat":[9753,9733],"product_tag":[],"class_list":{"0":"post-79308","1":"product","2":"type-product","3":"status-publish","4":"has-post-thumbnail","6":"product_brand-puntorelax-es","7":"product_cat-sauna-de-infrarrojos","8":"product_cat-sauna-finlandesa","10":"first","11":"instock","12":"sale","13":"taxable","14":"shipping-taxable","15":"purchasable","16":"product-type-simple"},"exclude_global_add_ons":[],"addons":[],"yoast_head":"<!-- This site is optimized with the Yoast SEO plugin v26.7 - https:\/\/yoast.com\/wordpress\/plugins\/seo\/ -->\n<title>Sauna combinada para dos personas tanto infrarroja como finlandesa.<\/title>\n<meta name=\"description\" content=\"La Sauna combinada tiene soluciones tanto de infrarrojos como finlandesas, por lo que tanto la estufa Harvia como el carb\u00f3n radiante, madera de Hemlock\" \/>\n<meta name=\"robots\" content=\"index, follow, max-snippet:-1, max-image-preview:large, max-video-preview:-1\" \/>\n<link rel=\"canonical\" href=\"https:\/\/www.bagnoitalia.com\/es\/producto\/sauna-combinada-125x110-para-dos-personas-tanto-infrarroja-como-finlandesa-con-estufa-harvia-y-radiadores-de-carbono-sn002.html\" \/>\n<meta property=\"og:locale\" content=\"es_ES\" \/>\n<meta property=\"og:type\" content=\"article\" \/>\n<meta property=\"og:title\" content=\"Sauna combinada para dos personas tanto infrarroja como finlandesa.\" \/>\n<meta property=\"og:description\" content=\"La Sauna combinada tiene soluciones tanto de infrarrojos como finlandesas, por lo que tanto la estufa Harvia como el carb\u00f3n radiante, madera de Hemlock\" \/>\n<meta property=\"og:url\" content=\"https:\/\/www.bagnoitalia.com\/es\/producto\/sauna-combinada-125x110-para-dos-personas-tanto-infrarroja-como-finlandesa-con-estufa-harvia-y-radiadores-de-carbono-sn002.html\" \/>\n<meta property=\"og:site_name\" content=\"Bagno Italia\" \/>\n<meta property=\"article:modified_time\" content=\"2024-05-10T22:03:51+00:00\" \/>\n<meta property=\"og:image\" content=\"https:\/\/img.bagnoitalia.com\/wp-content\/uploads\/virtuemart\/product\/Finnish-and-Infrared-Sauna-125x110-00101.jpg\" \/>\n\t<meta property=\"og:image:width\" content=\"550\" \/>\n\t<meta property=\"og:image:height\" content=\"550\" \/>\n\t<meta property=\"og:image:type\" content=\"image\/jpeg\" \/>\n<meta name=\"twitter:card\" content=\"summary_large_image\" \/>\n<meta name=\"twitter:label1\" content=\"Tiempo de lectura\" \/>\n\t<meta name=\"twitter:data1\" content=\"1 minuto\" \/>\n<script type=\"application\/ld+json\" class=\"yoast-schema-graph\">{\"@context\":\"https:\/\/schema.org\",\"@graph\":[{\"@type\":\"WebPage\",\"@id\":\"https:\/\/www.bagnoitalia.com\/es\/producto\/sauna-combinada-125x110-para-dos-personas-tanto-infrarroja-como-finlandesa-con-estufa-harvia-y-radiadores-de-carbono-sn002.html\",\"url\":\"https:\/\/www.bagnoitalia.com\/es\/producto\/sauna-combinada-125x110-para-dos-personas-tanto-infrarroja-como-finlandesa-con-estufa-harvia-y-radiadores-de-carbono-sn002.html\",\"name\":\"Sauna combinada para dos personas tanto infrarroja como finlandesa.\",\"isPartOf\":{\"@id\":\"https:\/\/www.bagnoitalia.com\/es#website\"},\"primaryImageOfPage\":{\"@id\":\"https:\/\/www.bagnoitalia.com\/es\/producto\/sauna-combinada-125x110-para-dos-personas-tanto-infrarroja-como-finlandesa-con-estufa-harvia-y-radiadores-de-carbono-sn002.html#primaryimage\"},\"image\":{\"@id\":\"https:\/\/www.bagnoitalia.com\/es\/producto\/sauna-combinada-125x110-para-dos-personas-tanto-infrarroja-como-finlandesa-con-estufa-harvia-y-radiadores-de-carbono-sn002.html#primaryimage\"},\"thumbnailUrl\":\"https:\/\/img.bagnoitalia.com\/wp-content\/uploads\/virtuemart\/product\/Finnish-and-Infrared-Sauna-125x110-00101.jpg\",\"datePublished\":\"2015-06-02T14:49:50+00:00\",\"dateModified\":\"2024-05-10T22:03:51+00:00\",\"description\":\"La Sauna combinada tiene soluciones tanto de infrarrojos como finlandesas, por lo que tanto la estufa Harvia como el carb\u00f3n radiante, madera de Hemlock\",\"breadcrumb\":{\"@id\":\"https:\/\/www.bagnoitalia.com\/es\/producto\/sauna-combinada-125x110-para-dos-personas-tanto-infrarroja-como-finlandesa-con-estufa-harvia-y-radiadores-de-carbono-sn002.html#breadcrumb\"},\"inLanguage\":\"es\",\"potentialAction\":[{\"@type\":\"ReadAction\",\"target\":[\"https:\/\/www.bagnoitalia.com\/es\/producto\/sauna-combinada-125x110-para-dos-personas-tanto-infrarroja-como-finlandesa-con-estufa-harvia-y-radiadores-de-carbono-sn002.html\"]}]},{\"@type\":\"ImageObject\",\"inLanguage\":\"es\",\"@id\":\"https:\/\/www.bagnoitalia.com\/es\/producto\/sauna-combinada-125x110-para-dos-personas-tanto-infrarroja-como-finlandesa-con-estufa-harvia-y-radiadores-de-carbono-sn002.html#primaryimage\",\"url\":\"https:\/\/img.bagnoitalia.com\/wp-content\/uploads\/virtuemart\/product\/Finnish-and-Infrared-Sauna-125x110-00101.jpg\",\"contentUrl\":\"https:\/\/img.bagnoitalia.com\/wp-content\/uploads\/virtuemart\/product\/Finnish-and-Infrared-Sauna-125x110-00101.jpg\",\"width\":550,\"height\":550},{\"@type\":\"BreadcrumbList\",\"@id\":\"https:\/\/www.bagnoitalia.com\/es\/producto\/sauna-combinada-125x110-para-dos-personas-tanto-infrarroja-como-finlandesa-con-estufa-harvia-y-radiadores-de-carbono-sn002.html#breadcrumb\",\"itemListElement\":[{\"@type\":\"ListItem\",\"position\":1,\"name\":\"Home\",\"item\":\"https:\/\/www.bagnoitalia.com\/es\"},{\"@type\":\"ListItem\",\"position\":2,\"name\":\"Productos\",\"item\":\"https:\/\/www.bagnoitalia.com\/es\/shop\"},{\"@type\":\"ListItem\",\"position\":3,\"name\":\"Sauna Combinada 125&#215;110 para dos personas, tanto infrarroja como finlandesa, con estufa Harvia y radiadores de carbono SN002\"}]},{\"@type\":\"WebSite\",\"@id\":\"https:\/\/www.bagnoitalia.com\/es#website\",\"url\":\"https:\/\/www.bagnoitalia.com\/es\",\"name\":\"Bagno Italia\",\"description\":\"\",\"publisher\":{\"@id\":\"https:\/\/www.bagnoitalia.com\/es#organization\"},\"potentialAction\":[{\"@type\":\"SearchAction\",\"target\":{\"@type\":\"EntryPoint\",\"urlTemplate\":\"https:\/\/www.bagnoitalia.com\/es?s={search_term_string}\"},\"query-input\":{\"@type\":\"PropertyValueSpecification\",\"valueRequired\":true,\"valueName\":\"search_term_string\"}}],\"inLanguage\":\"es\"},{\"@type\":\"Organization\",\"@id\":\"https:\/\/www.bagnoitalia.com\/es#organization\",\"name\":\"Bagno Italia\",\"url\":\"https:\/\/www.bagnoitalia.com\/es\",\"logo\":{\"@type\":\"ImageObject\",\"inLanguage\":\"es\",\"@id\":\"https:\/\/www.bagnoitalia.com\/es#\/schema\/logo\/image\/\",\"url\":\"https:\/\/img.bagnoitalia.com\/wp-content\/uploads\/logo-bagnoitalia.webp\",\"contentUrl\":\"https:\/\/img.bagnoitalia.com\/wp-content\/uploads\/logo-bagnoitalia.webp\",\"width\":400,\"height\":70,\"caption\":\"Bagno Italia\"},\"image\":{\"@id\":\"https:\/\/www.bagnoitalia.com\/es#\/schema\/logo\/image\/\"}}]}<\/script>\n<!-- \/ Yoast SEO plugin. -->","yoast_head_json":{"title":"Sauna combinada para dos personas tanto infrarroja como finlandesa.","description":"La Sauna combinada tiene soluciones tanto de infrarrojos como finlandesas, por lo que tanto la estufa Harvia como el carb\u00f3n radiante, madera de Hemlock","robots":{"index":"index","follow":"follow","max-snippet":"max-snippet:-1","max-image-preview":"max-image-preview:large","max-video-preview":"max-video-preview:-1"},"canonical":"https:\/\/www.bagnoitalia.com\/es\/producto\/sauna-combinada-125x110-para-dos-personas-tanto-infrarroja-como-finlandesa-con-estufa-harvia-y-radiadores-de-carbono-sn002.html","og_locale":"es_ES","og_type":"article","og_title":"Sauna combinada para dos personas tanto infrarroja como finlandesa.","og_description":"La Sauna combinada tiene soluciones tanto de infrarrojos como finlandesas, por lo que tanto la estufa Harvia como el carb\u00f3n radiante, madera de Hemlock","og_url":"https:\/\/www.bagnoitalia.com\/es\/producto\/sauna-combinada-125x110-para-dos-personas-tanto-infrarroja-como-finlandesa-con-estufa-harvia-y-radiadores-de-carbono-sn002.html","og_site_name":"Bagno Italia","article_modified_time":"2024-05-10T22:03:51+00:00","og_image":[{"width":550,"height":550,"url":"https:\/\/img.bagnoitalia.com\/wp-content\/uploads\/virtuemart\/product\/Finnish-and-Infrared-Sauna-125x110-00101.jpg","type":"image\/jpeg"}],"twitter_card":"summary_large_image","twitter_misc":{"Tiempo de lectura":"1 minuto"},"schema":{"@context":"https:\/\/schema.org","@graph":[{"@type":"WebPage","@id":"https:\/\/www.bagnoitalia.com\/es\/producto\/sauna-combinada-125x110-para-dos-personas-tanto-infrarroja-como-finlandesa-con-estufa-harvia-y-radiadores-de-carbono-sn002.html","url":"https:\/\/www.bagnoitalia.com\/es\/producto\/sauna-combinada-125x110-para-dos-personas-tanto-infrarroja-como-finlandesa-con-estufa-harvia-y-radiadores-de-carbono-sn002.html","name":"Sauna combinada para dos personas tanto infrarroja como finlandesa.","isPartOf":{"@id":"https:\/\/www.bagnoitalia.com\/es#website"},"primaryImageOfPage":{"@id":"https:\/\/www.bagnoitalia.com\/es\/producto\/sauna-combinada-125x110-para-dos-personas-tanto-infrarroja-como-finlandesa-con-estufa-harvia-y-radiadores-de-carbono-sn002.html#primaryimage"},"image":{"@id":"https:\/\/www.bagnoitalia.com\/es\/producto\/sauna-combinada-125x110-para-dos-personas-tanto-infrarroja-como-finlandesa-con-estufa-harvia-y-radiadores-de-carbono-sn002.html#primaryimage"},"thumbnailUrl":"https:\/\/img.bagnoitalia.com\/wp-content\/uploads\/virtuemart\/product\/Finnish-and-Infrared-Sauna-125x110-00101.jpg","datePublished":"2015-06-02T14:49:50+00:00","dateModified":"2024-05-10T22:03:51+00:00","description":"La Sauna combinada tiene soluciones tanto de infrarrojos como finlandesas, por lo que tanto la estufa Harvia como el carb\u00f3n radiante, madera de Hemlock","breadcrumb":{"@id":"https:\/\/www.bagnoitalia.com\/es\/producto\/sauna-combinada-125x110-para-dos-personas-tanto-infrarroja-como-finlandesa-con-estufa-harvia-y-radiadores-de-carbono-sn002.html#breadcrumb"},"inLanguage":"es","potentialAction":[{"@type":"ReadAction","target":["https:\/\/www.bagnoitalia.com\/es\/producto\/sauna-combinada-125x110-para-dos-personas-tanto-infrarroja-como-finlandesa-con-estufa-harvia-y-radiadores-de-carbono-sn002.html"]}]},{"@type":"ImageObject","inLanguage":"es","@id":"https:\/\/www.bagnoitalia.com\/es\/producto\/sauna-combinada-125x110-para-dos-personas-tanto-infrarroja-como-finlandesa-con-estufa-harvia-y-radiadores-de-carbono-sn002.html#primaryimage","url":"https:\/\/img.bagnoitalia.com\/wp-content\/uploads\/virtuemart\/product\/Finnish-and-Infrared-Sauna-125x110-00101.jpg","contentUrl":"https:\/\/img.bagnoitalia.com\/wp-content\/uploads\/virtuemart\/product\/Finnish-and-Infrared-Sauna-125x110-00101.jpg","width":550,"height":550},{"@type":"BreadcrumbList","@id":"https:\/\/www.bagnoitalia.com\/es\/producto\/sauna-combinada-125x110-para-dos-personas-tanto-infrarroja-como-finlandesa-con-estufa-harvia-y-radiadores-de-carbono-sn002.html#breadcrumb","itemListElement":[{"@type":"ListItem","position":1,"name":"Home","item":"https:\/\/www.bagnoitalia.com\/es"},{"@type":"ListItem","position":2,"name":"Productos","item":"https:\/\/www.bagnoitalia.com\/es\/shop"},{"@type":"ListItem","position":3,"name":"Sauna Combinada 125&#215;110 para dos personas, tanto infrarroja como finlandesa, con estufa Harvia y radiadores de carbono SN002"}]},{"@type":"WebSite","@id":"https:\/\/www.bagnoitalia.com\/es#website","url":"https:\/\/www.bagnoitalia.com\/es","name":"Bagno Italia","description":"","publisher":{"@id":"https:\/\/www.bagnoitalia.com\/es#organization"},"potentialAction":[{"@type":"SearchAction","target":{"@type":"EntryPoint","urlTemplate":"https:\/\/www.bagnoitalia.com\/es?s={search_term_string}"},"query-input":{"@type":"PropertyValueSpecification","valueRequired":true,"valueName":"search_term_string"}}],"inLanguage":"es"},{"@type":"Organization","@id":"https:\/\/www.bagnoitalia.com\/es#organization","name":"Bagno Italia","url":"https:\/\/www.bagnoitalia.com\/es","logo":{"@type":"ImageObject","inLanguage":"es","@id":"https:\/\/www.bagnoitalia.com\/es#\/schema\/logo\/image\/","url":"https:\/\/img.bagnoitalia.com\/wp-content\/uploads\/logo-bagnoitalia.webp","contentUrl":"https:\/\/img.bagnoitalia.com\/wp-content\/uploads\/logo-bagnoitalia.webp","width":400,"height":70,"caption":"Bagno Italia"},"image":{"@id":"https:\/\/www.bagnoitalia.com\/es#\/schema\/logo\/image\/"}}]}},"_links":{"self":[{"href":"https:\/\/www.bagnoitalia.com\/es\/wp-json\/wp\/v2\/product\/79308","targetHints":{"allow":["GET"]}}],"collection":[{"href":"https:\/\/www.bagnoitalia.com\/es\/wp-json\/wp\/v2\/product"}],"about":[{"href":"https:\/\/www.bagnoitalia.com\/es\/wp-json\/wp\/v2\/types\/product"}],"replies":[{"embeddable":true,"href":"https:\/\/www.bagnoitalia.com\/es\/wp-json\/wp\/v2\/comments?post=79308"}],"version-history":[{"count":0,"href":"https:\/\/www.bagnoitalia.com\/es\/wp-json\/wp\/v2\/product\/79308\/revisions"}],"wp:featuredmedia":[{"embeddable":true,"href":"https:\/\/www.bagnoitalia.com\/es\/wp-json\/wp\/v2\/media\/26242"}],"wp:attachment":[{"href":"https:\/\/www.bagnoitalia.com\/es\/wp-json\/wp\/v2\/media?parent=79308"}],"wp:term":[{"taxonomy":"product_brand","embeddable":true,"href":"https:\/\/www.bagnoitalia.com\/es\/wp-json\/wp\/v2\/product_brand?post=79308"},{"taxonomy":"product_cat","embeddable":true,"href":"https:\/\/www.bagnoitalia.com\/es\/wp-json\/wp\/v2\/product_cat?post=79308"},{"taxonomy":"product_tag","embeddable":true,"href":"https:\/\/www.bagnoitalia.com\/es\/wp-json\/wp\/v2\/product_tag?post=79308"}],"curies":[{"name":"wp","href":"https:\/\/api.w.org\/{rel}","templated":true}]}}