{"id":79276,"date":"2015-05-20T14:36:57","date_gmt":"2015-05-20T12:36:57","guid":{"rendered":"https:\/\/www.bagnoitalia.com\/product\/mampara-de-ducha-de-cristal-de-8-mm-de-hoja-fija-y-apertura-deslizante-en-varios-tamanos-box003"},"modified":"2024-06-14T15:22:27","modified_gmt":"2024-06-14T13:22:27","slug":"mampara-de-ducha-de-cristal-de-8-mm-de-hoja-fija-y-apertura-deslizante-en-varios-tamanos-box003","status":"publish","type":"product","link":"https:\/\/www.bagnoitalia.com\/es\/producto\/mampara-de-ducha-de-cristal-de-8-mm-de-hoja-fija-y-apertura-deslizante-en-varios-tamanos-box003.html","title":{"rendered":"Cabina de Ducha de cristal de 8 mm de hoja fija y apertura deslizante en varios tama\u00f1os BOX003"},"content":{"rendered":"<p><strong><span style=\"color: #ff0000;\">CABINA DE DUCHA Y APERTURA DE LA PUERTA DESLIZANTE EN CRISTAL (MEDIDAS 70&#215;90 70&#215;100 70&#215;120 80&#215;100 80&#215;120) Altura 195cm<\/span><\/strong><\/p>\n<p><strong>Caracter\u00edsticas t\u00e9cnicas:<\/strong><\/p>\n<p>Cristal templado transparente de 8 mm.<\/p>\n<p>Estructura en aluminio pulido.<\/p>\n<p><strong>Medidas adaptables en dos versiones:<\/strong><\/p>\n<p><strong>tolerancia para el exceso de +2 cm en este caso, la caja 70&#215;90 es adaptable de 70\/72 a 90\/92, en este caso es necesario agregar perfiles de compensaci\u00f3n<br \/>\n<\/strong><\/p>\n<p>1 aumento m\u00e1ximo de perfil de compensaci\u00f3n de 2 cm por lado, si es necesario aumentar ambos lados, se requieren dos perfiles de compensaci\u00f3n<\/p>\n<p><strong>o<\/strong><\/p>\n<p><strong>la tolerancia predeterminada -2 de la caja de ducha 70&#215;90 en este caso ser\u00e1 adaptable desde 68\/70 &#8211; 88\/90<\/strong><\/p>\n<p>Puerta corredera reversible<\/p>\n<p>Manija en acero cromado.<\/p>\n<p>Plato de ducha excluido<\/p>\n<p><img fetchpriority=\"high\" decoding=\"async\" class=\" size-full wp-image-15381\" src=\"https:\/\/img.bagnoitalia.com\/wp-content\/uploads\/1b.jpg\" alt=\"https:\/\/www.bagnoitalia.it\/https:\/\/img.bagnoitalia.com\/wp-content\/uploads\/1b.jpg\" width=\"1022\" height=\"82\" \/><\/p>\n<p><strong>montaje:<\/strong><\/p>\n<p>R\u00e1pido y f\u00e1cil de instalar<\/p>\n<p>Instalacion en piso<\/p>\n<p style=\"margin-top: 0px; margin-bottom: 0.5em; color: #888888; font-family: Arial, Helvetica, sans-serif; font-size: 13px; line-height: 16.0030002593994px;\">\n<p><strong>\u00a0<\/strong><\/p>\n<p>Producto certificado por la UE<\/p>\n<p>045F<\/p>\n","protected":false},"excerpt":{"rendered":"<p>Cabina de ducha de cristal Puerta fija de 8 mm y puerta corredera en varios tama\u00f1os<\/p>\n","protected":false},"featured_media":26046,"comment_status":"open","ping_status":"closed","template":"","meta":[],"product_brand":[5008],"product_cat":[9809,9713],"product_tag":[],"class_list":{"0":"post-79276","1":"product","2":"type-product","3":"status-publish","4":"has-post-thumbnail","6":"product_brand-idrom","7":"product_cat-cabina-de-ducha-de-esquina-cabina-de-ducha","8":"product_cat-cabina-de-ducha","10":"first","11":"instock","12":"sale","13":"taxable","14":"shipping-taxable","15":"purchasable","16":"product-type-simple"},"exclude_global_add_ons":false,"addons":[{"name":"Dimensiones","type":"multiple_choice","position":0,"required":true,"title_format":"heading","default":"","description_enable":false,"description":"","placeholder_enable":false,"placeholder":"","display":"select","restrictions_type":"any_text","adjust_price":false,"price":"","price_type":"flat_fee","restrictions":false,"min":"0","max":"0","options":[{"label":"70X90","price":"","price_type":"quantity_based","image":0,"visibility":true},{"label":"70x100","price":"16","price_type":"quantity_based","image":0,"visibility":true},{"label":"70x120","price":"46","price_type":"quantity_based","image":0,"visibility":true},{"label":"70x140","price":"80","price_type":"quantity_based","image":0,"visibility":true},{"label":"70x160","price":"111","price_type":"quantity_based","image":0,"visibility":true},{"label":"80x100","price":"30","price_type":"quantity_based","image":0,"visibility":true},{"label":"80x120","price":"61","price_type":"quantity_based","image":0,"visibility":true},{"label":"80x140","price":"96","price_type":"quantity_based","image":0,"visibility":true},{"label":"80x160","price":"130","price_type":"quantity_based","image":0,"visibility":true},{"label":"90x100","price":"46","price_type":"quantity_based","image":0,"visibility":true},{"label":"90x120","price":"80","price_type":"quantity_based","image":0,"visibility":true},{"label":"90x140","price":"111","price_type":"quantity_based","image":0,"visibility":true},{"label":"90x160","price":"146","price_type":"quantity_based","image":0,"visibility":true}],"id":1718378548},{"name":"Perfil de compensaci\u00f3n","type":"multiple_choice","position":1,"required":true,"title_format":"heading","default":"","description_enable":false,"description":"","placeholder_enable":false,"placeholder":"","display":"select","restrictions_type":"any_text","adjust_price":false,"price":"","price_type":"flat_fee","restrictions":false,"min":"0","max":"0","options":[{"label":"no","price":"","price_type":"quantity_based","image":0,"visibility":true},{"label":"1 PERFIL 3CM","price":"36","price_type":"quantity_based","image":0,"visibility":true},{"label":"1 PERFIL 4CM","price":"55","price_type":"quantity_based","image":0,"visibility":true}],"id":1718378549}],"yoast_head":"<!-- This site is optimized with the Yoast SEO plugin v26.7 - https:\/\/yoast.com\/wordpress\/plugins\/seo\/ -->\n<title>Cabina de Ducha de esquina con puerta corredera - Bagno Italia<\/title>\n<meta name=\"description\" content=\"Cabina de ducha de esquina, con marco de vidrio y aluminio transparente y puertas correderas, disponible en diferentes tama\u00f1os. Cierre magn\u00e9tico. \u00a1Descubre m\u00e1s!\" \/>\n<meta name=\"robots\" content=\"index, follow, max-snippet:-1, max-image-preview:large, max-video-preview:-1\" \/>\n<link rel=\"canonical\" href=\"https:\/\/www.bagnoitalia.com\/es\/producto\/mampara-de-ducha-de-cristal-de-8-mm-de-hoja-fija-y-apertura-deslizante-en-varios-tamanos-box003.html\" \/>\n<meta property=\"og:locale\" content=\"es_ES\" \/>\n<meta property=\"og:type\" content=\"article\" \/>\n<meta property=\"og:title\" content=\"Cabina de Ducha de esquina con puerta corredera - Bagno Italia\" \/>\n<meta property=\"og:description\" content=\"Cabina de ducha de esquina, con marco de vidrio y aluminio transparente y puertas correderas, disponible en diferentes tama\u00f1os. Cierre magn\u00e9tico. \u00a1Descubre m\u00e1s!\" \/>\n<meta property=\"og:url\" content=\"https:\/\/www.bagnoitalia.com\/es\/producto\/mampara-de-ducha-de-cristal-de-8-mm-de-hoja-fija-y-apertura-deslizante-en-varios-tamanos-box003.html\" \/>\n<meta property=\"og:site_name\" content=\"Bagno Italia\" \/>\n<meta property=\"article:modified_time\" content=\"2024-06-14T13:22:27+00:00\" \/>\n<meta property=\"og:image\" content=\"https:\/\/img.bagnoitalia.com\/wp-content\/uploads\/virtuemart\/product\/shower-enclosure-8mm-crystal-box003-1_1543575943_4181.jpg\" \/>\n\t<meta property=\"og:image:width\" content=\"474\" \/>\n\t<meta property=\"og:image:height\" content=\"474\" \/>\n\t<meta property=\"og:image:type\" content=\"image\/jpeg\" \/>\n<meta name=\"twitter:card\" content=\"summary_large_image\" \/>\n<meta name=\"twitter:label1\" content=\"Tiempo de lectura\" \/>\n\t<meta name=\"twitter:data1\" content=\"1 minuto\" \/>\n<script type=\"application\/ld+json\" class=\"yoast-schema-graph\">{\"@context\":\"https:\/\/schema.org\",\"@graph\":[{\"@type\":\"WebPage\",\"@id\":\"https:\/\/www.bagnoitalia.com\/es\/producto\/mampara-de-ducha-de-cristal-de-8-mm-de-hoja-fija-y-apertura-deslizante-en-varios-tamanos-box003.html\",\"url\":\"https:\/\/www.bagnoitalia.com\/es\/producto\/mampara-de-ducha-de-cristal-de-8-mm-de-hoja-fija-y-apertura-deslizante-en-varios-tamanos-box003.html\",\"name\":\"Cabina de Ducha de esquina con puerta corredera - Bagno Italia\",\"isPartOf\":{\"@id\":\"https:\/\/www.bagnoitalia.com\/es#website\"},\"primaryImageOfPage\":{\"@id\":\"https:\/\/www.bagnoitalia.com\/es\/producto\/mampara-de-ducha-de-cristal-de-8-mm-de-hoja-fija-y-apertura-deslizante-en-varios-tamanos-box003.html#primaryimage\"},\"image\":{\"@id\":\"https:\/\/www.bagnoitalia.com\/es\/producto\/mampara-de-ducha-de-cristal-de-8-mm-de-hoja-fija-y-apertura-deslizante-en-varios-tamanos-box003.html#primaryimage\"},\"thumbnailUrl\":\"https:\/\/img.bagnoitalia.com\/wp-content\/uploads\/virtuemart\/product\/shower-enclosure-8mm-crystal-box003-1_1543575943_4181.jpg\",\"datePublished\":\"2015-05-20T12:36:57+00:00\",\"dateModified\":\"2024-06-14T13:22:27+00:00\",\"description\":\"Cabina de ducha de esquina, con marco de vidrio y aluminio transparente y puertas correderas, disponible en diferentes tama\u00f1os. Cierre magn\u00e9tico. \u00a1Descubre m\u00e1s!\",\"breadcrumb\":{\"@id\":\"https:\/\/www.bagnoitalia.com\/es\/producto\/mampara-de-ducha-de-cristal-de-8-mm-de-hoja-fija-y-apertura-deslizante-en-varios-tamanos-box003.html#breadcrumb\"},\"inLanguage\":\"es\",\"potentialAction\":[{\"@type\":\"ReadAction\",\"target\":[\"https:\/\/www.bagnoitalia.com\/es\/producto\/mampara-de-ducha-de-cristal-de-8-mm-de-hoja-fija-y-apertura-deslizante-en-varios-tamanos-box003.html\"]}]},{\"@type\":\"ImageObject\",\"inLanguage\":\"es\",\"@id\":\"https:\/\/www.bagnoitalia.com\/es\/producto\/mampara-de-ducha-de-cristal-de-8-mm-de-hoja-fija-y-apertura-deslizante-en-varios-tamanos-box003.html#primaryimage\",\"url\":\"https:\/\/img.bagnoitalia.com\/wp-content\/uploads\/virtuemart\/product\/shower-enclosure-8mm-crystal-box003-1_1543575943_4181.jpg\",\"contentUrl\":\"https:\/\/img.bagnoitalia.com\/wp-content\/uploads\/virtuemart\/product\/shower-enclosure-8mm-crystal-box003-1_1543575943_4181.jpg\",\"width\":474,\"height\":474},{\"@type\":\"BreadcrumbList\",\"@id\":\"https:\/\/www.bagnoitalia.com\/es\/producto\/mampara-de-ducha-de-cristal-de-8-mm-de-hoja-fija-y-apertura-deslizante-en-varios-tamanos-box003.html#breadcrumb\",\"itemListElement\":[{\"@type\":\"ListItem\",\"position\":1,\"name\":\"Home\",\"item\":\"https:\/\/www.bagnoitalia.com\/es\"},{\"@type\":\"ListItem\",\"position\":2,\"name\":\"Productos\",\"item\":\"https:\/\/www.bagnoitalia.com\/es\/shop\"},{\"@type\":\"ListItem\",\"position\":3,\"name\":\"Cabina de Ducha de cristal de 8 mm de hoja fija y apertura deslizante en varios tama\u00f1os BOX003\"}]},{\"@type\":\"WebSite\",\"@id\":\"https:\/\/www.bagnoitalia.com\/es#website\",\"url\":\"https:\/\/www.bagnoitalia.com\/es\",\"name\":\"Bagno Italia\",\"description\":\"\",\"publisher\":{\"@id\":\"https:\/\/www.bagnoitalia.com\/es#organization\"},\"potentialAction\":[{\"@type\":\"SearchAction\",\"target\":{\"@type\":\"EntryPoint\",\"urlTemplate\":\"https:\/\/www.bagnoitalia.com\/es?s={search_term_string}\"},\"query-input\":{\"@type\":\"PropertyValueSpecification\",\"valueRequired\":true,\"valueName\":\"search_term_string\"}}],\"inLanguage\":\"es\"},{\"@type\":\"Organization\",\"@id\":\"https:\/\/www.bagnoitalia.com\/es#organization\",\"name\":\"Bagno Italia\",\"url\":\"https:\/\/www.bagnoitalia.com\/es\",\"logo\":{\"@type\":\"ImageObject\",\"inLanguage\":\"es\",\"@id\":\"https:\/\/www.bagnoitalia.com\/es#\/schema\/logo\/image\/\",\"url\":\"https:\/\/img.bagnoitalia.com\/wp-content\/uploads\/logo-bagnoitalia.webp\",\"contentUrl\":\"https:\/\/img.bagnoitalia.com\/wp-content\/uploads\/logo-bagnoitalia.webp\",\"width\":400,\"height\":70,\"caption\":\"Bagno Italia\"},\"image\":{\"@id\":\"https:\/\/www.bagnoitalia.com\/es#\/schema\/logo\/image\/\"}}]}<\/script>\n<!-- \/ Yoast SEO plugin. -->","yoast_head_json":{"title":"Cabina de Ducha de esquina con puerta corredera - Bagno Italia","description":"Cabina de ducha de esquina, con marco de vidrio y aluminio transparente y puertas correderas, disponible en diferentes tama\u00f1os. Cierre magn\u00e9tico. \u00a1Descubre m\u00e1s!","robots":{"index":"index","follow":"follow","max-snippet":"max-snippet:-1","max-image-preview":"max-image-preview:large","max-video-preview":"max-video-preview:-1"},"canonical":"https:\/\/www.bagnoitalia.com\/es\/producto\/mampara-de-ducha-de-cristal-de-8-mm-de-hoja-fija-y-apertura-deslizante-en-varios-tamanos-box003.html","og_locale":"es_ES","og_type":"article","og_title":"Cabina de Ducha de esquina con puerta corredera - Bagno Italia","og_description":"Cabina de ducha de esquina, con marco de vidrio y aluminio transparente y puertas correderas, disponible en diferentes tama\u00f1os. Cierre magn\u00e9tico. \u00a1Descubre m\u00e1s!","og_url":"https:\/\/www.bagnoitalia.com\/es\/producto\/mampara-de-ducha-de-cristal-de-8-mm-de-hoja-fija-y-apertura-deslizante-en-varios-tamanos-box003.html","og_site_name":"Bagno Italia","article_modified_time":"2024-06-14T13:22:27+00:00","og_image":[{"width":474,"height":474,"url":"https:\/\/img.bagnoitalia.com\/wp-content\/uploads\/virtuemart\/product\/shower-enclosure-8mm-crystal-box003-1_1543575943_4181.jpg","type":"image\/jpeg"}],"twitter_card":"summary_large_image","twitter_misc":{"Tiempo de lectura":"1 minuto"},"schema":{"@context":"https:\/\/schema.org","@graph":[{"@type":"WebPage","@id":"https:\/\/www.bagnoitalia.com\/es\/producto\/mampara-de-ducha-de-cristal-de-8-mm-de-hoja-fija-y-apertura-deslizante-en-varios-tamanos-box003.html","url":"https:\/\/www.bagnoitalia.com\/es\/producto\/mampara-de-ducha-de-cristal-de-8-mm-de-hoja-fija-y-apertura-deslizante-en-varios-tamanos-box003.html","name":"Cabina de Ducha de esquina con puerta corredera - Bagno Italia","isPartOf":{"@id":"https:\/\/www.bagnoitalia.com\/es#website"},"primaryImageOfPage":{"@id":"https:\/\/www.bagnoitalia.com\/es\/producto\/mampara-de-ducha-de-cristal-de-8-mm-de-hoja-fija-y-apertura-deslizante-en-varios-tamanos-box003.html#primaryimage"},"image":{"@id":"https:\/\/www.bagnoitalia.com\/es\/producto\/mampara-de-ducha-de-cristal-de-8-mm-de-hoja-fija-y-apertura-deslizante-en-varios-tamanos-box003.html#primaryimage"},"thumbnailUrl":"https:\/\/img.bagnoitalia.com\/wp-content\/uploads\/virtuemart\/product\/shower-enclosure-8mm-crystal-box003-1_1543575943_4181.jpg","datePublished":"2015-05-20T12:36:57+00:00","dateModified":"2024-06-14T13:22:27+00:00","description":"Cabina de ducha de esquina, con marco de vidrio y aluminio transparente y puertas correderas, disponible en diferentes tama\u00f1os. Cierre magn\u00e9tico. \u00a1Descubre m\u00e1s!","breadcrumb":{"@id":"https:\/\/www.bagnoitalia.com\/es\/producto\/mampara-de-ducha-de-cristal-de-8-mm-de-hoja-fija-y-apertura-deslizante-en-varios-tamanos-box003.html#breadcrumb"},"inLanguage":"es","potentialAction":[{"@type":"ReadAction","target":["https:\/\/www.bagnoitalia.com\/es\/producto\/mampara-de-ducha-de-cristal-de-8-mm-de-hoja-fija-y-apertura-deslizante-en-varios-tamanos-box003.html"]}]},{"@type":"ImageObject","inLanguage":"es","@id":"https:\/\/www.bagnoitalia.com\/es\/producto\/mampara-de-ducha-de-cristal-de-8-mm-de-hoja-fija-y-apertura-deslizante-en-varios-tamanos-box003.html#primaryimage","url":"https:\/\/img.bagnoitalia.com\/wp-content\/uploads\/virtuemart\/product\/shower-enclosure-8mm-crystal-box003-1_1543575943_4181.jpg","contentUrl":"https:\/\/img.bagnoitalia.com\/wp-content\/uploads\/virtuemart\/product\/shower-enclosure-8mm-crystal-box003-1_1543575943_4181.jpg","width":474,"height":474},{"@type":"BreadcrumbList","@id":"https:\/\/www.bagnoitalia.com\/es\/producto\/mampara-de-ducha-de-cristal-de-8-mm-de-hoja-fija-y-apertura-deslizante-en-varios-tamanos-box003.html#breadcrumb","itemListElement":[{"@type":"ListItem","position":1,"name":"Home","item":"https:\/\/www.bagnoitalia.com\/es"},{"@type":"ListItem","position":2,"name":"Productos","item":"https:\/\/www.bagnoitalia.com\/es\/shop"},{"@type":"ListItem","position":3,"name":"Cabina de Ducha de cristal de 8 mm de hoja fija y apertura deslizante en varios tama\u00f1os BOX003"}]},{"@type":"WebSite","@id":"https:\/\/www.bagnoitalia.com\/es#website","url":"https:\/\/www.bagnoitalia.com\/es","name":"Bagno Italia","description":"","publisher":{"@id":"https:\/\/www.bagnoitalia.com\/es#organization"},"potentialAction":[{"@type":"SearchAction","target":{"@type":"EntryPoint","urlTemplate":"https:\/\/www.bagnoitalia.com\/es?s={search_term_string}"},"query-input":{"@type":"PropertyValueSpecification","valueRequired":true,"valueName":"search_term_string"}}],"inLanguage":"es"},{"@type":"Organization","@id":"https:\/\/www.bagnoitalia.com\/es#organization","name":"Bagno Italia","url":"https:\/\/www.bagnoitalia.com\/es","logo":{"@type":"ImageObject","inLanguage":"es","@id":"https:\/\/www.bagnoitalia.com\/es#\/schema\/logo\/image\/","url":"https:\/\/img.bagnoitalia.com\/wp-content\/uploads\/logo-bagnoitalia.webp","contentUrl":"https:\/\/img.bagnoitalia.com\/wp-content\/uploads\/logo-bagnoitalia.webp","width":400,"height":70,"caption":"Bagno Italia"},"image":{"@id":"https:\/\/www.bagnoitalia.com\/es#\/schema\/logo\/image\/"}}]}},"_links":{"self":[{"href":"https:\/\/www.bagnoitalia.com\/es\/wp-json\/wp\/v2\/product\/79276","targetHints":{"allow":["GET"]}}],"collection":[{"href":"https:\/\/www.bagnoitalia.com\/es\/wp-json\/wp\/v2\/product"}],"about":[{"href":"https:\/\/www.bagnoitalia.com\/es\/wp-json\/wp\/v2\/types\/product"}],"replies":[{"embeddable":true,"href":"https:\/\/www.bagnoitalia.com\/es\/wp-json\/wp\/v2\/comments?post=79276"}],"version-history":[{"count":1,"href":"https:\/\/www.bagnoitalia.com\/es\/wp-json\/wp\/v2\/product\/79276\/revisions"}],"predecessor-version":[{"id":90239,"href":"https:\/\/www.bagnoitalia.com\/es\/wp-json\/wp\/v2\/product\/79276\/revisions\/90239"}],"wp:featuredmedia":[{"embeddable":true,"href":"https:\/\/www.bagnoitalia.com\/es\/wp-json\/wp\/v2\/media\/26046"}],"wp:attachment":[{"href":"https:\/\/www.bagnoitalia.com\/es\/wp-json\/wp\/v2\/media?parent=79276"}],"wp:term":[{"taxonomy":"product_brand","embeddable":true,"href":"https:\/\/www.bagnoitalia.com\/es\/wp-json\/wp\/v2\/product_brand?post=79276"},{"taxonomy":"product_cat","embeddable":true,"href":"https:\/\/www.bagnoitalia.com\/es\/wp-json\/wp\/v2\/product_cat?post=79276"},{"taxonomy":"product_tag","embeddable":true,"href":"https:\/\/www.bagnoitalia.com\/es\/wp-json\/wp\/v2\/product_tag?post=79276"}],"curies":[{"name":"wp","href":"https:\/\/api.w.org\/{rel}","templated":true}]}}