{"id":79216,"date":"2015-04-24T14:17:30","date_gmt":"2015-04-24T12:17:30","guid":{"rendered":"https:\/\/www.bagnoitalia.com\/product\/aplique-led-universal-30x10-para-mueble-de-bano"},"modified":"2024-05-17T17:32:56","modified_gmt":"2024-05-17T15:32:56","slug":"aplique-led-universal-30x10-para-mueble-de-bano","status":"publish","type":"product","link":"https:\/\/www.bagnoitalia.com\/es\/producto\/aplique-led-universal-30x10-para-mueble-de-bano.html","title":{"rendered":"Aplique LED universal 30&#215;10 para mueble de ba\u00f1o."},"content":{"rendered":"<p><strong>Aplique LED 30&#215;10<\/strong><\/p>\n<p>Luz Fr\u00eda 4.5W<\/p>\n<p>Es posible instalar en espejos de ba\u00f1o.<\/p>\n<p>Modelo universal (es posible instalarlo en todos los espejos)<\/p>\n","protected":false},"excerpt":{"rendered":"<p>L\u00e1mpara de pared LED para espejo de ba\u00f1o universal, se puede instalar en todos los espejos<\/p>\n","protected":false},"featured_media":25648,"comment_status":"open","ping_status":"closed","template":"","meta":[],"product_brand":[9899],"product_cat":[9963,9681],"product_tag":[],"class_list":{"0":"post-79216","1":"product","2":"type-product","3":"status-publish","4":"has-post-thumbnail","6":"product_brand-baden-haus-es","7":"product_cat-showroom-es","8":"product_cat-espejos","10":"first","11":"instock","12":"sale","13":"taxable","14":"shipping-taxable","15":"purchasable","16":"product-type-simple"},"exclude_global_add_ons":false,"addons":[{"name":"color","type":"multiple_choice","position":0,"required":true,"title_format":"heading","default":"","description_enable":false,"description":"","placeholder_enable":false,"placeholder":"","display":"select","restrictions_type":"any_text","adjust_price":false,"price":"","price_type":"flat_fee","restrictions":false,"min":"0","max":"0","options":[{"label":"Cromado","price":"","price_type":"quantity_based","image":0,"visibility":true},{"label":"NEGRO mate","price":"5","price_type":"quantity_based","image":0,"visibility":true}],"id":1715967177}],"yoast_head":"<!-- This site is optimized with the Yoast SEO plugin v26.7 - https:\/\/yoast.com\/wordpress\/plugins\/seo\/ -->\n<title>Aplique 30x10 luces led para ba\u00f1o espejo<\/title>\n<meta name=\"description\" content=\"Aplique con LED para ba\u00f1o, luces fr\u00edas 4.5 Kw, modelo universal t\u00edpico\" \/>\n<meta name=\"robots\" content=\"index, follow, max-snippet:-1, max-image-preview:large, max-video-preview:-1\" \/>\n<link rel=\"canonical\" href=\"https:\/\/www.bagnoitalia.com\/es\/producto\/aplique-led-universal-30x10-para-mueble-de-bano.html\" \/>\n<meta property=\"og:locale\" content=\"es_ES\" \/>\n<meta property=\"og:type\" content=\"article\" \/>\n<meta property=\"og:title\" content=\"Aplique 30x10 luces led para ba\u00f1o espejo\" \/>\n<meta property=\"og:description\" content=\"Aplique con LED para ba\u00f1o, luces fr\u00edas 4.5 Kw, modelo universal t\u00edpico\" \/>\n<meta property=\"og:url\" content=\"https:\/\/www.bagnoitalia.com\/es\/producto\/aplique-led-universal-30x10-para-mueble-de-bano.html\" \/>\n<meta property=\"og:site_name\" content=\"Bagno Italia\" \/>\n<meta property=\"article:modified_time\" content=\"2024-05-17T15:32:56+00:00\" \/>\n<meta property=\"og:image\" content=\"https:\/\/img.bagnoitalia.com\/wp-content\/uploads\/virtuemart\/product\/30x10-universal-LED-wall-light-for-bathroom-chormed-black_1619442905_737.jpg\" \/>\n\t<meta property=\"og:image:width\" content=\"550\" \/>\n\t<meta property=\"og:image:height\" content=\"550\" \/>\n\t<meta property=\"og:image:type\" content=\"image\/jpeg\" \/>\n<meta name=\"twitter:card\" content=\"summary_large_image\" \/>\n<meta name=\"twitter:label1\" content=\"Tiempo de lectura\" \/>\n\t<meta name=\"twitter:data1\" content=\"1 minuto\" \/>\n<script type=\"application\/ld+json\" class=\"yoast-schema-graph\">{\"@context\":\"https:\/\/schema.org\",\"@graph\":[{\"@type\":\"WebPage\",\"@id\":\"https:\/\/www.bagnoitalia.com\/es\/producto\/aplique-led-universal-30x10-para-mueble-de-bano.html\",\"url\":\"https:\/\/www.bagnoitalia.com\/es\/producto\/aplique-led-universal-30x10-para-mueble-de-bano.html\",\"name\":\"Aplique 30x10 luces led para ba\u00f1o espejo\",\"isPartOf\":{\"@id\":\"https:\/\/www.bagnoitalia.com\/es#website\"},\"primaryImageOfPage\":{\"@id\":\"https:\/\/www.bagnoitalia.com\/es\/producto\/aplique-led-universal-30x10-para-mueble-de-bano.html#primaryimage\"},\"image\":{\"@id\":\"https:\/\/www.bagnoitalia.com\/es\/producto\/aplique-led-universal-30x10-para-mueble-de-bano.html#primaryimage\"},\"thumbnailUrl\":\"https:\/\/img.bagnoitalia.com\/wp-content\/uploads\/virtuemart\/product\/30x10-universal-LED-wall-light-for-bathroom-chormed-black_1619442905_737.jpg\",\"datePublished\":\"2015-04-24T12:17:30+00:00\",\"dateModified\":\"2024-05-17T15:32:56+00:00\",\"description\":\"Aplique con LED para ba\u00f1o, luces fr\u00edas 4.5 Kw, modelo universal t\u00edpico\",\"breadcrumb\":{\"@id\":\"https:\/\/www.bagnoitalia.com\/es\/producto\/aplique-led-universal-30x10-para-mueble-de-bano.html#breadcrumb\"},\"inLanguage\":\"es\",\"potentialAction\":[{\"@type\":\"ReadAction\",\"target\":[\"https:\/\/www.bagnoitalia.com\/es\/producto\/aplique-led-universal-30x10-para-mueble-de-bano.html\"]}]},{\"@type\":\"ImageObject\",\"inLanguage\":\"es\",\"@id\":\"https:\/\/www.bagnoitalia.com\/es\/producto\/aplique-led-universal-30x10-para-mueble-de-bano.html#primaryimage\",\"url\":\"https:\/\/img.bagnoitalia.com\/wp-content\/uploads\/virtuemart\/product\/30x10-universal-LED-wall-light-for-bathroom-chormed-black_1619442905_737.jpg\",\"contentUrl\":\"https:\/\/img.bagnoitalia.com\/wp-content\/uploads\/virtuemart\/product\/30x10-universal-LED-wall-light-for-bathroom-chormed-black_1619442905_737.jpg\",\"width\":550,\"height\":550},{\"@type\":\"BreadcrumbList\",\"@id\":\"https:\/\/www.bagnoitalia.com\/es\/producto\/aplique-led-universal-30x10-para-mueble-de-bano.html#breadcrumb\",\"itemListElement\":[{\"@type\":\"ListItem\",\"position\":1,\"name\":\"Home\",\"item\":\"https:\/\/www.bagnoitalia.com\/es\"},{\"@type\":\"ListItem\",\"position\":2,\"name\":\"Productos\",\"item\":\"https:\/\/www.bagnoitalia.com\/es\/shop\"},{\"@type\":\"ListItem\",\"position\":3,\"name\":\"Aplique LED universal 30&#215;10 para mueble de ba\u00f1o.\"}]},{\"@type\":\"WebSite\",\"@id\":\"https:\/\/www.bagnoitalia.com\/es#website\",\"url\":\"https:\/\/www.bagnoitalia.com\/es\",\"name\":\"Bagno Italia\",\"description\":\"\",\"publisher\":{\"@id\":\"https:\/\/www.bagnoitalia.com\/es#organization\"},\"potentialAction\":[{\"@type\":\"SearchAction\",\"target\":{\"@type\":\"EntryPoint\",\"urlTemplate\":\"https:\/\/www.bagnoitalia.com\/es?s={search_term_string}\"},\"query-input\":{\"@type\":\"PropertyValueSpecification\",\"valueRequired\":true,\"valueName\":\"search_term_string\"}}],\"inLanguage\":\"es\"},{\"@type\":\"Organization\",\"@id\":\"https:\/\/www.bagnoitalia.com\/es#organization\",\"name\":\"Bagno Italia\",\"url\":\"https:\/\/www.bagnoitalia.com\/es\",\"logo\":{\"@type\":\"ImageObject\",\"inLanguage\":\"es\",\"@id\":\"https:\/\/www.bagnoitalia.com\/es#\/schema\/logo\/image\/\",\"url\":\"https:\/\/img.bagnoitalia.com\/wp-content\/uploads\/logo-bagnoitalia.webp\",\"contentUrl\":\"https:\/\/img.bagnoitalia.com\/wp-content\/uploads\/logo-bagnoitalia.webp\",\"width\":400,\"height\":70,\"caption\":\"Bagno Italia\"},\"image\":{\"@id\":\"https:\/\/www.bagnoitalia.com\/es#\/schema\/logo\/image\/\"}}]}<\/script>\n<!-- \/ Yoast SEO plugin. -->","yoast_head_json":{"title":"Aplique 30x10 luces led para ba\u00f1o espejo","description":"Aplique con LED para ba\u00f1o, luces fr\u00edas 4.5 Kw, modelo universal t\u00edpico","robots":{"index":"index","follow":"follow","max-snippet":"max-snippet:-1","max-image-preview":"max-image-preview:large","max-video-preview":"max-video-preview:-1"},"canonical":"https:\/\/www.bagnoitalia.com\/es\/producto\/aplique-led-universal-30x10-para-mueble-de-bano.html","og_locale":"es_ES","og_type":"article","og_title":"Aplique 30x10 luces led para ba\u00f1o espejo","og_description":"Aplique con LED para ba\u00f1o, luces fr\u00edas 4.5 Kw, modelo universal t\u00edpico","og_url":"https:\/\/www.bagnoitalia.com\/es\/producto\/aplique-led-universal-30x10-para-mueble-de-bano.html","og_site_name":"Bagno Italia","article_modified_time":"2024-05-17T15:32:56+00:00","og_image":[{"width":550,"height":550,"url":"https:\/\/img.bagnoitalia.com\/wp-content\/uploads\/virtuemart\/product\/30x10-universal-LED-wall-light-for-bathroom-chormed-black_1619442905_737.jpg","type":"image\/jpeg"}],"twitter_card":"summary_large_image","twitter_misc":{"Tiempo de lectura":"1 minuto"},"schema":{"@context":"https:\/\/schema.org","@graph":[{"@type":"WebPage","@id":"https:\/\/www.bagnoitalia.com\/es\/producto\/aplique-led-universal-30x10-para-mueble-de-bano.html","url":"https:\/\/www.bagnoitalia.com\/es\/producto\/aplique-led-universal-30x10-para-mueble-de-bano.html","name":"Aplique 30x10 luces led para ba\u00f1o espejo","isPartOf":{"@id":"https:\/\/www.bagnoitalia.com\/es#website"},"primaryImageOfPage":{"@id":"https:\/\/www.bagnoitalia.com\/es\/producto\/aplique-led-universal-30x10-para-mueble-de-bano.html#primaryimage"},"image":{"@id":"https:\/\/www.bagnoitalia.com\/es\/producto\/aplique-led-universal-30x10-para-mueble-de-bano.html#primaryimage"},"thumbnailUrl":"https:\/\/img.bagnoitalia.com\/wp-content\/uploads\/virtuemart\/product\/30x10-universal-LED-wall-light-for-bathroom-chormed-black_1619442905_737.jpg","datePublished":"2015-04-24T12:17:30+00:00","dateModified":"2024-05-17T15:32:56+00:00","description":"Aplique con LED para ba\u00f1o, luces fr\u00edas 4.5 Kw, modelo universal t\u00edpico","breadcrumb":{"@id":"https:\/\/www.bagnoitalia.com\/es\/producto\/aplique-led-universal-30x10-para-mueble-de-bano.html#breadcrumb"},"inLanguage":"es","potentialAction":[{"@type":"ReadAction","target":["https:\/\/www.bagnoitalia.com\/es\/producto\/aplique-led-universal-30x10-para-mueble-de-bano.html"]}]},{"@type":"ImageObject","inLanguage":"es","@id":"https:\/\/www.bagnoitalia.com\/es\/producto\/aplique-led-universal-30x10-para-mueble-de-bano.html#primaryimage","url":"https:\/\/img.bagnoitalia.com\/wp-content\/uploads\/virtuemart\/product\/30x10-universal-LED-wall-light-for-bathroom-chormed-black_1619442905_737.jpg","contentUrl":"https:\/\/img.bagnoitalia.com\/wp-content\/uploads\/virtuemart\/product\/30x10-universal-LED-wall-light-for-bathroom-chormed-black_1619442905_737.jpg","width":550,"height":550},{"@type":"BreadcrumbList","@id":"https:\/\/www.bagnoitalia.com\/es\/producto\/aplique-led-universal-30x10-para-mueble-de-bano.html#breadcrumb","itemListElement":[{"@type":"ListItem","position":1,"name":"Home","item":"https:\/\/www.bagnoitalia.com\/es"},{"@type":"ListItem","position":2,"name":"Productos","item":"https:\/\/www.bagnoitalia.com\/es\/shop"},{"@type":"ListItem","position":3,"name":"Aplique LED universal 30&#215;10 para mueble de ba\u00f1o."}]},{"@type":"WebSite","@id":"https:\/\/www.bagnoitalia.com\/es#website","url":"https:\/\/www.bagnoitalia.com\/es","name":"Bagno Italia","description":"","publisher":{"@id":"https:\/\/www.bagnoitalia.com\/es#organization"},"potentialAction":[{"@type":"SearchAction","target":{"@type":"EntryPoint","urlTemplate":"https:\/\/www.bagnoitalia.com\/es?s={search_term_string}"},"query-input":{"@type":"PropertyValueSpecification","valueRequired":true,"valueName":"search_term_string"}}],"inLanguage":"es"},{"@type":"Organization","@id":"https:\/\/www.bagnoitalia.com\/es#organization","name":"Bagno Italia","url":"https:\/\/www.bagnoitalia.com\/es","logo":{"@type":"ImageObject","inLanguage":"es","@id":"https:\/\/www.bagnoitalia.com\/es#\/schema\/logo\/image\/","url":"https:\/\/img.bagnoitalia.com\/wp-content\/uploads\/logo-bagnoitalia.webp","contentUrl":"https:\/\/img.bagnoitalia.com\/wp-content\/uploads\/logo-bagnoitalia.webp","width":400,"height":70,"caption":"Bagno Italia"},"image":{"@id":"https:\/\/www.bagnoitalia.com\/es#\/schema\/logo\/image\/"}}]}},"_links":{"self":[{"href":"https:\/\/www.bagnoitalia.com\/es\/wp-json\/wp\/v2\/product\/79216","targetHints":{"allow":["GET"]}}],"collection":[{"href":"https:\/\/www.bagnoitalia.com\/es\/wp-json\/wp\/v2\/product"}],"about":[{"href":"https:\/\/www.bagnoitalia.com\/es\/wp-json\/wp\/v2\/types\/product"}],"replies":[{"embeddable":true,"href":"https:\/\/www.bagnoitalia.com\/es\/wp-json\/wp\/v2\/comments?post=79216"}],"version-history":[{"count":1,"href":"https:\/\/www.bagnoitalia.com\/es\/wp-json\/wp\/v2\/product\/79216\/revisions"}],"predecessor-version":[{"id":86804,"href":"https:\/\/www.bagnoitalia.com\/es\/wp-json\/wp\/v2\/product\/79216\/revisions\/86804"}],"wp:featuredmedia":[{"embeddable":true,"href":"https:\/\/www.bagnoitalia.com\/es\/wp-json\/wp\/v2\/media\/25648"}],"wp:attachment":[{"href":"https:\/\/www.bagnoitalia.com\/es\/wp-json\/wp\/v2\/media?parent=79216"}],"wp:term":[{"taxonomy":"product_brand","embeddable":true,"href":"https:\/\/www.bagnoitalia.com\/es\/wp-json\/wp\/v2\/product_brand?post=79216"},{"taxonomy":"product_cat","embeddable":true,"href":"https:\/\/www.bagnoitalia.com\/es\/wp-json\/wp\/v2\/product_cat?post=79216"},{"taxonomy":"product_tag","embeddable":true,"href":"https:\/\/www.bagnoitalia.com\/es\/wp-json\/wp\/v2\/product_tag?post=79216"}],"curies":[{"name":"wp","href":"https:\/\/api.w.org\/{rel}","templated":true}]}}