{"id":79176,"date":"2015-04-02T13:17:54","date_gmt":"2015-04-02T11:17:54","guid":{"rendered":"https:\/\/www.bagnoitalia.com\/product\/minipool-380x230x93-con-79-jets-7-asientos-incluyendo-2-longue-con-ozonizador-y-mini-calentador-de-piscina"},"modified":"2025-06-18T01:27:08","modified_gmt":"2025-06-17T23:27:08","slug":"minipool-380x230x93-con-79-jets-7-asientos-incluyendo-2-longue-con-ozonizador-y-mini-calentador-de-piscina","status":"publish","type":"product","link":"https:\/\/www.bagnoitalia.com\/es\/producto\/minipool-380x230x93-con-79-jets-7-asientos-incluyendo-2-longue-con-ozonizador-y-mini-calentador-de-piscina.html","title":{"rendered":"Mini piscina 380x230x93 con 79 chorros 7 asientos de los cuales 2 longue con calentador mini piscina MP06"},"content":{"rendered":"<p>Un jacuzzi de 7 plazas (y 2 de sal\u00f3n) que ofrece todo lo que pueda desear y mucho, mucho m\u00e1s.<\/p>\n<p>Est\u00e9ticamente personalizable (est\u00e1 disponible en blanco, azul y gris para el interior y gris y marr\u00f3n para el exterior), tambi\u00e9n est\u00e1 equipada con un panel de control Balboa y una cubierta isot\u00e9rmica de cortes\u00eda.<\/p>\n<p>La piscina mide 3,8&#215;2,3&#215;0,93 m, y presenta un aspecto robusto y resistente: fabricada en material acr\u00edlico (resina de vidrio reforzada), est\u00e1 revestida exteriormente con PVC efecto madera para mejorar su aspecto. Est\u00e1 equipada con 4 bombas (2 de agua, 1 de aire y 1 de recirculaci\u00f3n) que alimentan nada menos que 79 jets, para una experiencia de hidromasaje completa, envolvente y total.<\/p>\n<p>Entre los distintos accesorios opcionales se incluyen un calentador que mantiene la temperatura del agua invariable, un desinfectante UV, un sistema de filtrado y una luz LED subacu\u00e1tica. Si busca la experiencia de hidromasaje definitiva, \u00a1esta minipiscina es para usted!<\/p>\n<p>&nbsp;<\/p>\n<p>Minipiscina rectangular 7 plazas incluyendo dos tumbonas (bajo pedido) tiempo de producci\u00f3n 2 meses<\/p>\n<p>Elecci\u00f3n del color interior: blanco; azul, gris;<\/p>\n<p>elecci\u00f3n del color exterior: gris, marr\u00f3n.<\/p>\n<p>&nbsp;<\/p>\n<p>Panel de control Balboa<\/p>\n<p>&nbsp;<\/p>\n<p>Cubierta isot\u00e9rmica de regalo<\/p>\n<p>&nbsp;<\/p>\n<p>MEDIDAS 3800 x 2300 x 930 mm<br \/>\nMATERIAL ACR\u00cdLICO (resina de vidrio reforzada)<br \/>\nRECUBRIMIENTO EXTERIOR PVC EFECTO MADERA<br \/>\nREQUISITOS EL\u00c9CTRICOS 220V\/50HZ<br \/>\nBOMBAS DE HIDROMASAJE(3hp) 2<br \/>\nBOMBA DE AIRE (1hp) 1<br \/>\nBOMBA DE RECICLAJE (0. 35hp) 1<br \/>\nCALENTADOR m\u00e1x 40\u00b0 (3kw) 1 (BALBOA)<br \/>\nDESINFECTADOR UV 1<br \/>\nSISTEMA DE FILTRACI\u00d3N 2 FILTROS<br \/>\nCAJA DE MANDO INFORM\u00c1TICA BALBOA GS510DZ<br \/>\nILUMINADOR LED CROMOTERAPIA SUBTERR\u00c1NEA 1<br \/>\nJET 7<br \/>\nJETS HIDROMASAJE 67<br \/>\nCHORROS DE AIRE 12<br \/>\nCOLOR INTERIOR BLANCO\/ AZUL\/VERDE<br \/>\nBASE ACR\u00cdLICA SI<br \/>\nASIENTOS 5<br \/>\nSAL\u00d3N 2 + 1 PRENDISOLE<br \/>\nPOGGIATESTA 4<br \/>\nCUBIERTA ISOTERMAL 1<br \/>\nPESO VAC\u00cdO 680kg<br \/>\nVOLUMEN DE AGUA 3. 0 m3<br \/>\nCERTIFICACIONES CE<\/p>\n","protected":false},"excerpt":{"rendered":"<p>Mini-piscina 380x230x93 con 7 asientos, con luz LED, y calentador<\/p>\n","protected":false},"featured_media":25288,"comment_status":"open","ping_status":"closed","template":"","meta":[],"product_brand":[9911],"product_cat":[10071],"product_tag":[],"class_list":{"0":"post-79176","1":"product","2":"type-product","3":"status-publish","4":"has-post-thumbnail","6":"product_brand-puntorelax-es","7":"product_cat-piscinas-de-hidromasaje-al-aire-libre","9":"first","10":"instock","11":"sale","12":"taxable","13":"shipping-taxable","14":"purchasable","15":"product-type-simple"},"exclude_global_add_ons":false,"addons":[{"name":"Accesorios","type":"multiple_choice","position":0,"required":true,"title_format":"heading","default":"","description_enable":false,"description":"","placeholder_enable":false,"placeholder":"","display":"select","restrictions_type":"any_text","adjust_price":false,"price":"","price_type":"flat_fee","restrictions":false,"min":"0","max":"0","options":[{"label":"sin escalera","price":"","price_type":"quantity_based","image":0,"visibility":true},{"label":"con escalera","price":"229","price_type":"quantity_based","image":0,"visibility":true}],"id":1749830325}],"yoast_head":"<!-- This site is optimized with the Yoast SEO plugin v26.7 - https:\/\/yoast.com\/wordpress\/plugins\/seo\/ -->\n<title>Jacuzzi Piscina con 7 asientos, 2 bombas de Hidromasaje,calentador, Ozonoterapia.<\/title>\n<meta name=\"description\" content=\"Jacuzzi Piscina en acr\u00edlico con 79 chorros en total, 2 bombas de hidromasaje, 1 con aire, calentador, Ozonoterapia, Cromoterapia, para 7 personas 380x230x93\" \/>\n<meta name=\"robots\" content=\"index, follow, max-snippet:-1, max-image-preview:large, max-video-preview:-1\" \/>\n<link rel=\"canonical\" href=\"https:\/\/www.bagnoitalia.com\/es\/producto\/minipool-380x230x93-con-79-jets-7-asientos-incluyendo-2-longue-con-ozonizador-y-mini-calentador-de-piscina.html\" \/>\n<meta property=\"og:locale\" content=\"es_ES\" \/>\n<meta property=\"og:type\" content=\"article\" \/>\n<meta property=\"og:title\" content=\"Jacuzzi Piscina con 7 asientos, 2 bombas de Hidromasaje,calentador, Ozonoterapia.\" \/>\n<meta property=\"og:description\" content=\"Jacuzzi Piscina en acr\u00edlico con 79 chorros en total, 2 bombas de hidromasaje, 1 con aire, calentador, Ozonoterapia, Cromoterapia, para 7 personas 380x230x93\" \/>\n<meta property=\"og:url\" content=\"https:\/\/www.bagnoitalia.com\/es\/producto\/minipool-380x230x93-con-79-jets-7-asientos-incluyendo-2-longue-con-ozonizador-y-mini-calentador-de-piscina.html\" \/>\n<meta property=\"og:site_name\" content=\"Bagno Italia\" \/>\n<meta property=\"article:modified_time\" content=\"2025-06-17T23:27:08+00:00\" \/>\n<meta property=\"og:image\" content=\"https:\/\/img.bagnoitalia.com\/wp-content\/uploads\/virtuemart\/product\/7-person-2-chaise-longue-Hot-tub-380x230x93-with-79-jets-ozonator-and-heater_1542365201_980.jpg\" \/>\n\t<meta property=\"og:image:width\" content=\"640\" \/>\n\t<meta property=\"og:image:height\" content=\"640\" \/>\n\t<meta property=\"og:image:type\" content=\"image\/jpeg\" \/>\n<meta name=\"twitter:card\" content=\"summary_large_image\" \/>\n<meta name=\"twitter:label1\" content=\"Tiempo de lectura\" \/>\n\t<meta name=\"twitter:data1\" content=\"2 minutos\" \/>\n<script type=\"application\/ld+json\" class=\"yoast-schema-graph\">{\"@context\":\"https:\/\/schema.org\",\"@graph\":[{\"@type\":\"WebPage\",\"@id\":\"https:\/\/www.bagnoitalia.com\/es\/producto\/minipool-380x230x93-con-79-jets-7-asientos-incluyendo-2-longue-con-ozonizador-y-mini-calentador-de-piscina.html\",\"url\":\"https:\/\/www.bagnoitalia.com\/es\/producto\/minipool-380x230x93-con-79-jets-7-asientos-incluyendo-2-longue-con-ozonizador-y-mini-calentador-de-piscina.html\",\"name\":\"Jacuzzi Piscina con 7 asientos, 2 bombas de Hidromasaje,calentador, Ozonoterapia.\",\"isPartOf\":{\"@id\":\"https:\/\/www.bagnoitalia.com\/es#website\"},\"primaryImageOfPage\":{\"@id\":\"https:\/\/www.bagnoitalia.com\/es\/producto\/minipool-380x230x93-con-79-jets-7-asientos-incluyendo-2-longue-con-ozonizador-y-mini-calentador-de-piscina.html#primaryimage\"},\"image\":{\"@id\":\"https:\/\/www.bagnoitalia.com\/es\/producto\/minipool-380x230x93-con-79-jets-7-asientos-incluyendo-2-longue-con-ozonizador-y-mini-calentador-de-piscina.html#primaryimage\"},\"thumbnailUrl\":\"https:\/\/img.bagnoitalia.com\/wp-content\/uploads\/virtuemart\/product\/7-person-2-chaise-longue-Hot-tub-380x230x93-with-79-jets-ozonator-and-heater_1542365201_980.jpg\",\"datePublished\":\"2015-04-02T11:17:54+00:00\",\"dateModified\":\"2025-06-17T23:27:08+00:00\",\"description\":\"Jacuzzi Piscina en acr\u00edlico con 79 chorros en total, 2 bombas de hidromasaje, 1 con aire, calentador, Ozonoterapia, Cromoterapia, para 7 personas 380x230x93\",\"breadcrumb\":{\"@id\":\"https:\/\/www.bagnoitalia.com\/es\/producto\/minipool-380x230x93-con-79-jets-7-asientos-incluyendo-2-longue-con-ozonizador-y-mini-calentador-de-piscina.html#breadcrumb\"},\"inLanguage\":\"es\",\"potentialAction\":[{\"@type\":\"ReadAction\",\"target\":[\"https:\/\/www.bagnoitalia.com\/es\/producto\/minipool-380x230x93-con-79-jets-7-asientos-incluyendo-2-longue-con-ozonizador-y-mini-calentador-de-piscina.html\"]}]},{\"@type\":\"ImageObject\",\"inLanguage\":\"es\",\"@id\":\"https:\/\/www.bagnoitalia.com\/es\/producto\/minipool-380x230x93-con-79-jets-7-asientos-incluyendo-2-longue-con-ozonizador-y-mini-calentador-de-piscina.html#primaryimage\",\"url\":\"https:\/\/img.bagnoitalia.com\/wp-content\/uploads\/virtuemart\/product\/7-person-2-chaise-longue-Hot-tub-380x230x93-with-79-jets-ozonator-and-heater_1542365201_980.jpg\",\"contentUrl\":\"https:\/\/img.bagnoitalia.com\/wp-content\/uploads\/virtuemart\/product\/7-person-2-chaise-longue-Hot-tub-380x230x93-with-79-jets-ozonator-and-heater_1542365201_980.jpg\",\"width\":640,\"height\":640},{\"@type\":\"BreadcrumbList\",\"@id\":\"https:\/\/www.bagnoitalia.com\/es\/producto\/minipool-380x230x93-con-79-jets-7-asientos-incluyendo-2-longue-con-ozonizador-y-mini-calentador-de-piscina.html#breadcrumb\",\"itemListElement\":[{\"@type\":\"ListItem\",\"position\":1,\"name\":\"Home\",\"item\":\"https:\/\/www.bagnoitalia.com\/es\"},{\"@type\":\"ListItem\",\"position\":2,\"name\":\"Productos\",\"item\":\"https:\/\/www.bagnoitalia.com\/es\/shop\"},{\"@type\":\"ListItem\",\"position\":3,\"name\":\"Mini piscina 380x230x93 con 79 chorros 7 asientos de los cuales 2 longue con calentador mini piscina MP06\"}]},{\"@type\":\"WebSite\",\"@id\":\"https:\/\/www.bagnoitalia.com\/es#website\",\"url\":\"https:\/\/www.bagnoitalia.com\/es\",\"name\":\"Bagno Italia\",\"description\":\"\",\"publisher\":{\"@id\":\"https:\/\/www.bagnoitalia.com\/es#organization\"},\"potentialAction\":[{\"@type\":\"SearchAction\",\"target\":{\"@type\":\"EntryPoint\",\"urlTemplate\":\"https:\/\/www.bagnoitalia.com\/es?s={search_term_string}\"},\"query-input\":{\"@type\":\"PropertyValueSpecification\",\"valueRequired\":true,\"valueName\":\"search_term_string\"}}],\"inLanguage\":\"es\"},{\"@type\":\"Organization\",\"@id\":\"https:\/\/www.bagnoitalia.com\/es#organization\",\"name\":\"Bagno Italia\",\"url\":\"https:\/\/www.bagnoitalia.com\/es\",\"logo\":{\"@type\":\"ImageObject\",\"inLanguage\":\"es\",\"@id\":\"https:\/\/www.bagnoitalia.com\/es#\/schema\/logo\/image\/\",\"url\":\"https:\/\/img.bagnoitalia.com\/wp-content\/uploads\/logo-bagnoitalia.webp\",\"contentUrl\":\"https:\/\/img.bagnoitalia.com\/wp-content\/uploads\/logo-bagnoitalia.webp\",\"width\":400,\"height\":70,\"caption\":\"Bagno Italia\"},\"image\":{\"@id\":\"https:\/\/www.bagnoitalia.com\/es#\/schema\/logo\/image\/\"}}]}<\/script>\n<!-- \/ Yoast SEO plugin. -->","yoast_head_json":{"title":"Jacuzzi Piscina con 7 asientos, 2 bombas de Hidromasaje,calentador, Ozonoterapia.","description":"Jacuzzi Piscina en acr\u00edlico con 79 chorros en total, 2 bombas de hidromasaje, 1 con aire, calentador, Ozonoterapia, Cromoterapia, para 7 personas 380x230x93","robots":{"index":"index","follow":"follow","max-snippet":"max-snippet:-1","max-image-preview":"max-image-preview:large","max-video-preview":"max-video-preview:-1"},"canonical":"https:\/\/www.bagnoitalia.com\/es\/producto\/minipool-380x230x93-con-79-jets-7-asientos-incluyendo-2-longue-con-ozonizador-y-mini-calentador-de-piscina.html","og_locale":"es_ES","og_type":"article","og_title":"Jacuzzi Piscina con 7 asientos, 2 bombas de Hidromasaje,calentador, Ozonoterapia.","og_description":"Jacuzzi Piscina en acr\u00edlico con 79 chorros en total, 2 bombas de hidromasaje, 1 con aire, calentador, Ozonoterapia, Cromoterapia, para 7 personas 380x230x93","og_url":"https:\/\/www.bagnoitalia.com\/es\/producto\/minipool-380x230x93-con-79-jets-7-asientos-incluyendo-2-longue-con-ozonizador-y-mini-calentador-de-piscina.html","og_site_name":"Bagno Italia","article_modified_time":"2025-06-17T23:27:08+00:00","og_image":[{"width":640,"height":640,"url":"https:\/\/img.bagnoitalia.com\/wp-content\/uploads\/virtuemart\/product\/7-person-2-chaise-longue-Hot-tub-380x230x93-with-79-jets-ozonator-and-heater_1542365201_980.jpg","type":"image\/jpeg"}],"twitter_card":"summary_large_image","twitter_misc":{"Tiempo de lectura":"2 minutos"},"schema":{"@context":"https:\/\/schema.org","@graph":[{"@type":"WebPage","@id":"https:\/\/www.bagnoitalia.com\/es\/producto\/minipool-380x230x93-con-79-jets-7-asientos-incluyendo-2-longue-con-ozonizador-y-mini-calentador-de-piscina.html","url":"https:\/\/www.bagnoitalia.com\/es\/producto\/minipool-380x230x93-con-79-jets-7-asientos-incluyendo-2-longue-con-ozonizador-y-mini-calentador-de-piscina.html","name":"Jacuzzi Piscina con 7 asientos, 2 bombas de Hidromasaje,calentador, Ozonoterapia.","isPartOf":{"@id":"https:\/\/www.bagnoitalia.com\/es#website"},"primaryImageOfPage":{"@id":"https:\/\/www.bagnoitalia.com\/es\/producto\/minipool-380x230x93-con-79-jets-7-asientos-incluyendo-2-longue-con-ozonizador-y-mini-calentador-de-piscina.html#primaryimage"},"image":{"@id":"https:\/\/www.bagnoitalia.com\/es\/producto\/minipool-380x230x93-con-79-jets-7-asientos-incluyendo-2-longue-con-ozonizador-y-mini-calentador-de-piscina.html#primaryimage"},"thumbnailUrl":"https:\/\/img.bagnoitalia.com\/wp-content\/uploads\/virtuemart\/product\/7-person-2-chaise-longue-Hot-tub-380x230x93-with-79-jets-ozonator-and-heater_1542365201_980.jpg","datePublished":"2015-04-02T11:17:54+00:00","dateModified":"2025-06-17T23:27:08+00:00","description":"Jacuzzi Piscina en acr\u00edlico con 79 chorros en total, 2 bombas de hidromasaje, 1 con aire, calentador, Ozonoterapia, Cromoterapia, para 7 personas 380x230x93","breadcrumb":{"@id":"https:\/\/www.bagnoitalia.com\/es\/producto\/minipool-380x230x93-con-79-jets-7-asientos-incluyendo-2-longue-con-ozonizador-y-mini-calentador-de-piscina.html#breadcrumb"},"inLanguage":"es","potentialAction":[{"@type":"ReadAction","target":["https:\/\/www.bagnoitalia.com\/es\/producto\/minipool-380x230x93-con-79-jets-7-asientos-incluyendo-2-longue-con-ozonizador-y-mini-calentador-de-piscina.html"]}]},{"@type":"ImageObject","inLanguage":"es","@id":"https:\/\/www.bagnoitalia.com\/es\/producto\/minipool-380x230x93-con-79-jets-7-asientos-incluyendo-2-longue-con-ozonizador-y-mini-calentador-de-piscina.html#primaryimage","url":"https:\/\/img.bagnoitalia.com\/wp-content\/uploads\/virtuemart\/product\/7-person-2-chaise-longue-Hot-tub-380x230x93-with-79-jets-ozonator-and-heater_1542365201_980.jpg","contentUrl":"https:\/\/img.bagnoitalia.com\/wp-content\/uploads\/virtuemart\/product\/7-person-2-chaise-longue-Hot-tub-380x230x93-with-79-jets-ozonator-and-heater_1542365201_980.jpg","width":640,"height":640},{"@type":"BreadcrumbList","@id":"https:\/\/www.bagnoitalia.com\/es\/producto\/minipool-380x230x93-con-79-jets-7-asientos-incluyendo-2-longue-con-ozonizador-y-mini-calentador-de-piscina.html#breadcrumb","itemListElement":[{"@type":"ListItem","position":1,"name":"Home","item":"https:\/\/www.bagnoitalia.com\/es"},{"@type":"ListItem","position":2,"name":"Productos","item":"https:\/\/www.bagnoitalia.com\/es\/shop"},{"@type":"ListItem","position":3,"name":"Mini piscina 380x230x93 con 79 chorros 7 asientos de los cuales 2 longue con calentador mini piscina MP06"}]},{"@type":"WebSite","@id":"https:\/\/www.bagnoitalia.com\/es#website","url":"https:\/\/www.bagnoitalia.com\/es","name":"Bagno Italia","description":"","publisher":{"@id":"https:\/\/www.bagnoitalia.com\/es#organization"},"potentialAction":[{"@type":"SearchAction","target":{"@type":"EntryPoint","urlTemplate":"https:\/\/www.bagnoitalia.com\/es?s={search_term_string}"},"query-input":{"@type":"PropertyValueSpecification","valueRequired":true,"valueName":"search_term_string"}}],"inLanguage":"es"},{"@type":"Organization","@id":"https:\/\/www.bagnoitalia.com\/es#organization","name":"Bagno Italia","url":"https:\/\/www.bagnoitalia.com\/es","logo":{"@type":"ImageObject","inLanguage":"es","@id":"https:\/\/www.bagnoitalia.com\/es#\/schema\/logo\/image\/","url":"https:\/\/img.bagnoitalia.com\/wp-content\/uploads\/logo-bagnoitalia.webp","contentUrl":"https:\/\/img.bagnoitalia.com\/wp-content\/uploads\/logo-bagnoitalia.webp","width":400,"height":70,"caption":"Bagno Italia"},"image":{"@id":"https:\/\/www.bagnoitalia.com\/es#\/schema\/logo\/image\/"}}]}},"_links":{"self":[{"href":"https:\/\/www.bagnoitalia.com\/es\/wp-json\/wp\/v2\/product\/79176","targetHints":{"allow":["GET"]}}],"collection":[{"href":"https:\/\/www.bagnoitalia.com\/es\/wp-json\/wp\/v2\/product"}],"about":[{"href":"https:\/\/www.bagnoitalia.com\/es\/wp-json\/wp\/v2\/types\/product"}],"replies":[{"embeddable":true,"href":"https:\/\/www.bagnoitalia.com\/es\/wp-json\/wp\/v2\/comments?post=79176"}],"version-history":[{"count":5,"href":"https:\/\/www.bagnoitalia.com\/es\/wp-json\/wp\/v2\/product\/79176\/revisions"}],"predecessor-version":[{"id":109047,"href":"https:\/\/www.bagnoitalia.com\/es\/wp-json\/wp\/v2\/product\/79176\/revisions\/109047"}],"wp:featuredmedia":[{"embeddable":true,"href":"https:\/\/www.bagnoitalia.com\/es\/wp-json\/wp\/v2\/media\/25288"}],"wp:attachment":[{"href":"https:\/\/www.bagnoitalia.com\/es\/wp-json\/wp\/v2\/media?parent=79176"}],"wp:term":[{"taxonomy":"product_brand","embeddable":true,"href":"https:\/\/www.bagnoitalia.com\/es\/wp-json\/wp\/v2\/product_brand?post=79176"},{"taxonomy":"product_cat","embeddable":true,"href":"https:\/\/www.bagnoitalia.com\/es\/wp-json\/wp\/v2\/product_cat?post=79176"},{"taxonomy":"product_tag","embeddable":true,"href":"https:\/\/www.bagnoitalia.com\/es\/wp-json\/wp\/v2\/product_tag?post=79176"}],"curies":[{"name":"wp","href":"https:\/\/api.w.org\/{rel}","templated":true}]}}