{"id":79160,"date":"2015-03-31T13:36:49","date_gmt":"2015-03-31T11:36:49","guid":{"rendered":"https:\/\/www.bagnoitalia.com\/product\/mueble-de-bano-sirio-doble-lavabo-120-cm-blanco-o-gris-wenge-fregadero-de-ceramica"},"modified":"2024-05-16T16:52:39","modified_gmt":"2024-05-16T14:52:39","slug":"mueble-de-bano-sirio-doble-lavabo-120-cm-blanco-o-gris-wenge-fregadero-de-ceramica","status":"publish","type":"product","link":"https:\/\/www.bagnoitalia.com\/es\/producto\/mueble-de-bano-sirio-doble-lavabo-120-cm-blanco-o-gris-wenge-fregadero-de-ceramica.html","title":{"rendered":"Mueble de ba\u00f1o Sirio doble lavabo 120 cm blanco o gris weng\u00e9 fregadero de cer\u00e1mica"},"content":{"rendered":"<p><img fetchpriority=\"high\" decoding=\"async\" class=\" size-full wp-image-8414\" src=\"https:\/\/img.bagnoitalia.com\/wp-content\/uploads\/1a.png\" alt=\"http:\/\/www.bagnoitalia.it\/https:\/\/img.bagnoitalia.com\/wp-content\/uploads\/1a.png\" width=\"676\" height=\"165\" srcset=\"https:\/\/img.bagnoitalia.com\/wp-content\/uploads\/1a.png 676w, https:\/\/img.bagnoitalia.com\/wp-content\/uploads\/1a-441x108.png 441w, https:\/\/img.bagnoitalia.com\/wp-content\/uploads\/1a-600x146.png 600w, https:\/\/img.bagnoitalia.com\/wp-content\/uploads\/1a-150x37.png 150w\" sizes=\"(max-width: 676px) 100vw, 676px\" \/><\/p>\n<\/p>\n<p> <span style=\"color: #ff0000;\"><strong>OFERTA: \u00a1PRECIO V\u00c1LIDO HASTA FIN DE MES!<\/strong><\/span> <\/p>\n<\/p>\n<p> El precio incluye <\/p>\n<\/p>\n<p> base de lavabo n \u00b0 1 cm 120x46x81h <\/p>\n<p> 1 fregadero de cer\u00e1mica de 120 cm. <\/p>\n<p> n \u00b0 1 espejo 90&#215;120 <\/p>\n<p> N \u00b0 1 aplique de media luna <\/p>\n<\/p>\n<p> <strong>Tambi\u00e9n se puede agregar una columna prof de 140x35x20.<\/strong> (Es reversible, por lo que no es necesario especificar la direcci\u00f3n de apertura). <\/p>\n<\/p>\n<p> <span style=\"text-decoration: underline;\">El mueble en cuesti\u00f3n est\u00e1 en Kit.<\/span> <\/p>\n<\/p>\n<p> <strong>materiales<\/strong> <\/p>\n<p> Estructura de madera MDF <\/p>\n<p> Gu\u00edas con cierre suave. <\/p>\n<p> Asas cromadas <\/p>\n<\/p>\n<p> <span style=\"text-decoration: underline;\">El mueble en cuesti\u00f3n solo se puede vender completo con espejo.<\/span> <\/p>\n","protected":false},"excerpt":{"rendered":"<p>Mueble bajo lavabo doble en blanco o gris wengu\u00e9 120 cm. OFERTA !! PRECIO V\u00c1LIDO HASTA FIN DE MES<\/p>\n","protected":false},"featured_media":25174,"comment_status":"open","ping_status":"closed","template":"","meta":[],"product_brand":[],"product_cat":[15],"product_tag":[],"class_list":{"0":"post-79160","1":"product","2":"type-product","3":"status-publish","4":"has-post-thumbnail","6":"product_cat-senza-categoria","8":"first","9":"outofstock","10":"taxable","11":"shipping-taxable","12":"purchasable","13":"product-type-simple"},"exclude_global_add_ons":false,"addons":[{"name":"CAMPI_COLORE_DEL_MOBILE\r\n","type":"select","position":0,"required":true,"title_format":"label","default":"","description_enable":false,"description":"","placeholder_enable":false,"placeholder":"","display":"select","restrictions_type":"any_text","adjust_price":false,"price":"","price_type":"","restrictions":false,"min":"0","max":"0","options":[]},{"name":"CAMPI_COLONNA\r\n","type":"select","position":0,"required":true,"title_format":"label","default":"","description_enable":false,"description":"","placeholder_enable":false,"placeholder":"","display":"select","restrictions_type":"any_text","adjust_price":false,"price":"","price_type":"","restrictions":false,"min":"0","max":"0","options":[]}],"yoast_head":"<!-- This site is optimized with the Yoast SEO plugin v26.7 - https:\/\/yoast.com\/wordpress\/plugins\/seo\/ -->\n<title>Mueble de ba\u00f1o doble lavabo Sirio 120 cm con 2 colores y lavabo de cer\u00e1mica<\/title>\n<meta name=\"description\" content=\"Gabinete de 120 cm y fregadero de cer\u00e1mica, bombilla semi-luminosa, gu\u00edas de cierre suave, doble color de su elecci\u00f3n\" \/>\n<meta name=\"robots\" content=\"index, follow, max-snippet:-1, max-image-preview:large, max-video-preview:-1\" \/>\n<link rel=\"canonical\" href=\"https:\/\/www.bagnoitalia.com\/es\/producto\/mueble-de-bano-sirio-doble-lavabo-120-cm-blanco-o-gris-wenge-fregadero-de-ceramica.html\" \/>\n<meta property=\"og:locale\" content=\"es_ES\" \/>\n<meta property=\"og:type\" content=\"article\" \/>\n<meta property=\"og:title\" content=\"Mueble de ba\u00f1o doble lavabo Sirio 120 cm con 2 colores y lavabo de cer\u00e1mica\" \/>\n<meta property=\"og:description\" content=\"Gabinete de 120 cm y fregadero de cer\u00e1mica, bombilla semi-luminosa, gu\u00edas de cierre suave, doble color de su elecci\u00f3n\" \/>\n<meta property=\"og:url\" content=\"https:\/\/www.bagnoitalia.com\/es\/producto\/mueble-de-bano-sirio-doble-lavabo-120-cm-blanco-o-gris-wenge-fregadero-de-ceramica.html\" \/>\n<meta property=\"og:site_name\" content=\"Bagno Italia\" \/>\n<meta property=\"article:modified_time\" content=\"2024-05-16T14:52:39+00:00\" \/>\n<meta property=\"og:image\" content=\"https:\/\/img.bagnoitalia.com\/wp-content\/uploads\/virtuemart\/product\/prodotto-non-disponibile-098187.jpg\" \/>\n\t<meta property=\"og:image:width\" content=\"345\" \/>\n\t<meta property=\"og:image:height\" content=\"315\" \/>\n\t<meta property=\"og:image:type\" content=\"image\/jpeg\" \/>\n<meta name=\"twitter:card\" content=\"summary_large_image\" \/>\n<script type=\"application\/ld+json\" class=\"yoast-schema-graph\">{\"@context\":\"https:\/\/schema.org\",\"@graph\":[{\"@type\":\"WebPage\",\"@id\":\"https:\/\/www.bagnoitalia.com\/es\/producto\/mueble-de-bano-sirio-doble-lavabo-120-cm-blanco-o-gris-wenge-fregadero-de-ceramica.html\",\"url\":\"https:\/\/www.bagnoitalia.com\/es\/producto\/mueble-de-bano-sirio-doble-lavabo-120-cm-blanco-o-gris-wenge-fregadero-de-ceramica.html\",\"name\":\"Mueble de ba\u00f1o doble lavabo Sirio 120 cm con 2 colores y lavabo de cer\u00e1mica\",\"isPartOf\":{\"@id\":\"https:\/\/www.bagnoitalia.com\/es#website\"},\"primaryImageOfPage\":{\"@id\":\"https:\/\/www.bagnoitalia.com\/es\/producto\/mueble-de-bano-sirio-doble-lavabo-120-cm-blanco-o-gris-wenge-fregadero-de-ceramica.html#primaryimage\"},\"image\":{\"@id\":\"https:\/\/www.bagnoitalia.com\/es\/producto\/mueble-de-bano-sirio-doble-lavabo-120-cm-blanco-o-gris-wenge-fregadero-de-ceramica.html#primaryimage\"},\"thumbnailUrl\":\"https:\/\/img.bagnoitalia.com\/wp-content\/uploads\/virtuemart\/product\/prodotto-non-disponibile-098187.jpg\",\"datePublished\":\"2015-03-31T11:36:49+00:00\",\"dateModified\":\"2024-05-16T14:52:39+00:00\",\"description\":\"Gabinete de 120 cm y fregadero de cer\u00e1mica, bombilla semi-luminosa, gu\u00edas de cierre suave, doble color de su elecci\u00f3n\",\"breadcrumb\":{\"@id\":\"https:\/\/www.bagnoitalia.com\/es\/producto\/mueble-de-bano-sirio-doble-lavabo-120-cm-blanco-o-gris-wenge-fregadero-de-ceramica.html#breadcrumb\"},\"inLanguage\":\"es\",\"potentialAction\":[{\"@type\":\"ReadAction\",\"target\":[\"https:\/\/www.bagnoitalia.com\/es\/producto\/mueble-de-bano-sirio-doble-lavabo-120-cm-blanco-o-gris-wenge-fregadero-de-ceramica.html\"]}]},{\"@type\":\"ImageObject\",\"inLanguage\":\"es\",\"@id\":\"https:\/\/www.bagnoitalia.com\/es\/producto\/mueble-de-bano-sirio-doble-lavabo-120-cm-blanco-o-gris-wenge-fregadero-de-ceramica.html#primaryimage\",\"url\":\"https:\/\/img.bagnoitalia.com\/wp-content\/uploads\/virtuemart\/product\/prodotto-non-disponibile-098187.jpg\",\"contentUrl\":\"https:\/\/img.bagnoitalia.com\/wp-content\/uploads\/virtuemart\/product\/prodotto-non-disponibile-098187.jpg\",\"width\":345,\"height\":315},{\"@type\":\"BreadcrumbList\",\"@id\":\"https:\/\/www.bagnoitalia.com\/es\/producto\/mueble-de-bano-sirio-doble-lavabo-120-cm-blanco-o-gris-wenge-fregadero-de-ceramica.html#breadcrumb\",\"itemListElement\":[{\"@type\":\"ListItem\",\"position\":1,\"name\":\"Home\",\"item\":\"https:\/\/www.bagnoitalia.com\/es\"},{\"@type\":\"ListItem\",\"position\":2,\"name\":\"Productos\",\"item\":\"https:\/\/www.bagnoitalia.com\/es\/shop\"},{\"@type\":\"ListItem\",\"position\":3,\"name\":\"Mueble de ba\u00f1o Sirio doble lavabo 120 cm blanco o gris weng\u00e9 fregadero de cer\u00e1mica\"}]},{\"@type\":\"WebSite\",\"@id\":\"https:\/\/www.bagnoitalia.com\/es#website\",\"url\":\"https:\/\/www.bagnoitalia.com\/es\",\"name\":\"Bagno Italia\",\"description\":\"\",\"publisher\":{\"@id\":\"https:\/\/www.bagnoitalia.com\/es#organization\"},\"potentialAction\":[{\"@type\":\"SearchAction\",\"target\":{\"@type\":\"EntryPoint\",\"urlTemplate\":\"https:\/\/www.bagnoitalia.com\/es?s={search_term_string}\"},\"query-input\":{\"@type\":\"PropertyValueSpecification\",\"valueRequired\":true,\"valueName\":\"search_term_string\"}}],\"inLanguage\":\"es\"},{\"@type\":\"Organization\",\"@id\":\"https:\/\/www.bagnoitalia.com\/es#organization\",\"name\":\"Bagno Italia\",\"url\":\"https:\/\/www.bagnoitalia.com\/es\",\"logo\":{\"@type\":\"ImageObject\",\"inLanguage\":\"es\",\"@id\":\"https:\/\/www.bagnoitalia.com\/es#\/schema\/logo\/image\/\",\"url\":\"https:\/\/img.bagnoitalia.com\/wp-content\/uploads\/logo-bagnoitalia.webp\",\"contentUrl\":\"https:\/\/img.bagnoitalia.com\/wp-content\/uploads\/logo-bagnoitalia.webp\",\"width\":400,\"height\":70,\"caption\":\"Bagno Italia\"},\"image\":{\"@id\":\"https:\/\/www.bagnoitalia.com\/es#\/schema\/logo\/image\/\"}}]}<\/script>\n<!-- \/ Yoast SEO plugin. -->","yoast_head_json":{"title":"Mueble de ba\u00f1o doble lavabo Sirio 120 cm con 2 colores y lavabo de cer\u00e1mica","description":"Gabinete de 120 cm y fregadero de cer\u00e1mica, bombilla semi-luminosa, gu\u00edas de cierre suave, doble color de su elecci\u00f3n","robots":{"index":"index","follow":"follow","max-snippet":"max-snippet:-1","max-image-preview":"max-image-preview:large","max-video-preview":"max-video-preview:-1"},"canonical":"https:\/\/www.bagnoitalia.com\/es\/producto\/mueble-de-bano-sirio-doble-lavabo-120-cm-blanco-o-gris-wenge-fregadero-de-ceramica.html","og_locale":"es_ES","og_type":"article","og_title":"Mueble de ba\u00f1o doble lavabo Sirio 120 cm con 2 colores y lavabo de cer\u00e1mica","og_description":"Gabinete de 120 cm y fregadero de cer\u00e1mica, bombilla semi-luminosa, gu\u00edas de cierre suave, doble color de su elecci\u00f3n","og_url":"https:\/\/www.bagnoitalia.com\/es\/producto\/mueble-de-bano-sirio-doble-lavabo-120-cm-blanco-o-gris-wenge-fregadero-de-ceramica.html","og_site_name":"Bagno Italia","article_modified_time":"2024-05-16T14:52:39+00:00","og_image":[{"width":345,"height":315,"url":"https:\/\/img.bagnoitalia.com\/wp-content\/uploads\/virtuemart\/product\/prodotto-non-disponibile-098187.jpg","type":"image\/jpeg"}],"twitter_card":"summary_large_image","schema":{"@context":"https:\/\/schema.org","@graph":[{"@type":"WebPage","@id":"https:\/\/www.bagnoitalia.com\/es\/producto\/mueble-de-bano-sirio-doble-lavabo-120-cm-blanco-o-gris-wenge-fregadero-de-ceramica.html","url":"https:\/\/www.bagnoitalia.com\/es\/producto\/mueble-de-bano-sirio-doble-lavabo-120-cm-blanco-o-gris-wenge-fregadero-de-ceramica.html","name":"Mueble de ba\u00f1o doble lavabo Sirio 120 cm con 2 colores y lavabo de cer\u00e1mica","isPartOf":{"@id":"https:\/\/www.bagnoitalia.com\/es#website"},"primaryImageOfPage":{"@id":"https:\/\/www.bagnoitalia.com\/es\/producto\/mueble-de-bano-sirio-doble-lavabo-120-cm-blanco-o-gris-wenge-fregadero-de-ceramica.html#primaryimage"},"image":{"@id":"https:\/\/www.bagnoitalia.com\/es\/producto\/mueble-de-bano-sirio-doble-lavabo-120-cm-blanco-o-gris-wenge-fregadero-de-ceramica.html#primaryimage"},"thumbnailUrl":"https:\/\/img.bagnoitalia.com\/wp-content\/uploads\/virtuemart\/product\/prodotto-non-disponibile-098187.jpg","datePublished":"2015-03-31T11:36:49+00:00","dateModified":"2024-05-16T14:52:39+00:00","description":"Gabinete de 120 cm y fregadero de cer\u00e1mica, bombilla semi-luminosa, gu\u00edas de cierre suave, doble color de su elecci\u00f3n","breadcrumb":{"@id":"https:\/\/www.bagnoitalia.com\/es\/producto\/mueble-de-bano-sirio-doble-lavabo-120-cm-blanco-o-gris-wenge-fregadero-de-ceramica.html#breadcrumb"},"inLanguage":"es","potentialAction":[{"@type":"ReadAction","target":["https:\/\/www.bagnoitalia.com\/es\/producto\/mueble-de-bano-sirio-doble-lavabo-120-cm-blanco-o-gris-wenge-fregadero-de-ceramica.html"]}]},{"@type":"ImageObject","inLanguage":"es","@id":"https:\/\/www.bagnoitalia.com\/es\/producto\/mueble-de-bano-sirio-doble-lavabo-120-cm-blanco-o-gris-wenge-fregadero-de-ceramica.html#primaryimage","url":"https:\/\/img.bagnoitalia.com\/wp-content\/uploads\/virtuemart\/product\/prodotto-non-disponibile-098187.jpg","contentUrl":"https:\/\/img.bagnoitalia.com\/wp-content\/uploads\/virtuemart\/product\/prodotto-non-disponibile-098187.jpg","width":345,"height":315},{"@type":"BreadcrumbList","@id":"https:\/\/www.bagnoitalia.com\/es\/producto\/mueble-de-bano-sirio-doble-lavabo-120-cm-blanco-o-gris-wenge-fregadero-de-ceramica.html#breadcrumb","itemListElement":[{"@type":"ListItem","position":1,"name":"Home","item":"https:\/\/www.bagnoitalia.com\/es"},{"@type":"ListItem","position":2,"name":"Productos","item":"https:\/\/www.bagnoitalia.com\/es\/shop"},{"@type":"ListItem","position":3,"name":"Mueble de ba\u00f1o Sirio doble lavabo 120 cm blanco o gris weng\u00e9 fregadero de cer\u00e1mica"}]},{"@type":"WebSite","@id":"https:\/\/www.bagnoitalia.com\/es#website","url":"https:\/\/www.bagnoitalia.com\/es","name":"Bagno Italia","description":"","publisher":{"@id":"https:\/\/www.bagnoitalia.com\/es#organization"},"potentialAction":[{"@type":"SearchAction","target":{"@type":"EntryPoint","urlTemplate":"https:\/\/www.bagnoitalia.com\/es?s={search_term_string}"},"query-input":{"@type":"PropertyValueSpecification","valueRequired":true,"valueName":"search_term_string"}}],"inLanguage":"es"},{"@type":"Organization","@id":"https:\/\/www.bagnoitalia.com\/es#organization","name":"Bagno Italia","url":"https:\/\/www.bagnoitalia.com\/es","logo":{"@type":"ImageObject","inLanguage":"es","@id":"https:\/\/www.bagnoitalia.com\/es#\/schema\/logo\/image\/","url":"https:\/\/img.bagnoitalia.com\/wp-content\/uploads\/logo-bagnoitalia.webp","contentUrl":"https:\/\/img.bagnoitalia.com\/wp-content\/uploads\/logo-bagnoitalia.webp","width":400,"height":70,"caption":"Bagno Italia"},"image":{"@id":"https:\/\/www.bagnoitalia.com\/es#\/schema\/logo\/image\/"}}]}},"_links":{"self":[{"href":"https:\/\/www.bagnoitalia.com\/es\/wp-json\/wp\/v2\/product\/79160","targetHints":{"allow":["GET"]}}],"collection":[{"href":"https:\/\/www.bagnoitalia.com\/es\/wp-json\/wp\/v2\/product"}],"about":[{"href":"https:\/\/www.bagnoitalia.com\/es\/wp-json\/wp\/v2\/types\/product"}],"replies":[{"embeddable":true,"href":"https:\/\/www.bagnoitalia.com\/es\/wp-json\/wp\/v2\/comments?post=79160"}],"version-history":[{"count":0,"href":"https:\/\/www.bagnoitalia.com\/es\/wp-json\/wp\/v2\/product\/79160\/revisions"}],"wp:featuredmedia":[{"embeddable":true,"href":"https:\/\/www.bagnoitalia.com\/es\/wp-json\/wp\/v2\/media\/25174"}],"wp:attachment":[{"href":"https:\/\/www.bagnoitalia.com\/es\/wp-json\/wp\/v2\/media?parent=79160"}],"wp:term":[{"taxonomy":"product_brand","embeddable":true,"href":"https:\/\/www.bagnoitalia.com\/es\/wp-json\/wp\/v2\/product_brand?post=79160"},{"taxonomy":"product_cat","embeddable":true,"href":"https:\/\/www.bagnoitalia.com\/es\/wp-json\/wp\/v2\/product_cat?post=79160"},{"taxonomy":"product_tag","embeddable":true,"href":"https:\/\/www.bagnoitalia.com\/es\/wp-json\/wp\/v2\/product_tag?post=79160"}],"curies":[{"name":"wp","href":"https:\/\/api.w.org\/{rel}","templated":true}]}}