{"id":79092,"date":"2015-01-27T13:55:33","date_gmt":"2015-01-27T12:55:33","guid":{"rendered":"https:\/\/www.bagnoitalia.com\/product\/mesa-de-melodia-arte-povera-extensible-patas-torneadas-color-blanco-mate-tambien-disponible-con-sillas"},"modified":"2024-06-07T15:38:39","modified_gmt":"2024-06-07T13:38:39","slug":"mesa-de-melodia-arte-povera-extensible-patas-torneadas-color-blanco-mate-tambien-disponible-con-sillas","status":"publish","type":"product","link":"https:\/\/www.bagnoitalia.com\/es\/producto\/mesa-de-melodia-arte-povera-extensible-patas-torneadas-color-blanco-mate-tambien-disponible-con-sillas.html","title":{"rendered":"Mesa Melod\u00eda Arte Povera Extensible, patas color blanco Mate tambi\u00e9n disponible con sillas"},"content":{"rendered":"<p><span style=\"font-size: 12pt; font-family: arial,helvetica,sans-serif;\">Mesa de arte povera con patas MELODY torneadas.<\/span><\/p>\n<p style=\"text-align: justify;\"><span style=\"font-size: 12pt; font-family: arial,helvetica,sans-serif;\"><strong>La<\/strong> mesa extensible <strong>Melody<\/strong> , es un producto garantizado <strong>Made in Italy<\/strong> , hecho de <strong>madera de \u00e1lamo s\u00f3lida<\/strong> con acabado lacado <strong>blanco<\/strong> mate. La <strong>artesan\u00eda<\/strong> garantiza la m\u00e1xima atenci\u00f3n al detalle y la excelente calidad de los materiales.<\/span><\/p>\n<p style=\"text-align: justify;\"><span style=\"font-size: 12pt; font-family: arial,helvetica,sans-serif;\">Las dos pr\u00e1cticas de extensi\u00f3n de 40 cm le permitir\u00e1n aumentar r\u00e1pidamente el espacio a su disposici\u00f3n.<\/span><\/p>\n<p>&nbsp;<\/p>\n<p><span style=\"font-family: arial,helvetica,sans-serif; font-size: 12pt;\">Blanco mate 140&#215;80 con 2 todos.<\/span><\/p>\n<p><span style=\"font-family: arial,helvetica,sans-serif; font-size: 12pt;\">Blanco mate 160&#215;85 con 2 todos.<\/span><\/p>\n<p><span style=\"font-family: arial,helvetica,sans-serif; font-size: 12pt;\">Altura de la mesa 77 cm<\/span><\/p>\n<p><span style=\"font-size: 12pt; font-family: arial,helvetica,sans-serif;\">Es posible agregar 1 a 4 sillas del men\u00fa lateral.<\/span><\/p>\n<p><strong><span style=\"color: #0000ff;\">bacalao. 1009\/1010 &#8211; Tabla<\/span><\/strong><\/p>\n<p><strong><span style=\"color: #0000ff;\">bacalao. 1002 &#8211; Silla<\/span><\/strong><\/p>\n","protected":false},"excerpt":{"rendered":"<p>Mesa de melod\u00eda Arte povera extensible, patas torneado color blanco mate tambi\u00e9n disponible con sillas<\/p>\n","protected":false},"featured_media":24550,"comment_status":"open","ping_status":"closed","template":"","meta":[],"product_brand":[9947],"product_cat":[9963,10008],"product_tag":[],"class_list":{"0":"post-79092","1":"product","2":"type-product","3":"status-publish","4":"has-post-thumbnail","6":"product_brand-tempesta-lineatavoli-es","7":"product_cat-showroom-es","8":"product_cat-tablas","10":"first","11":"instock","12":"sale","13":"taxable","14":"shipping-taxable","15":"purchasable","16":"product-type-simple"},"exclude_global_add_ons":false,"addons":[{"name":"Dimensiones","type":"multiple_choice","position":0,"required":true,"title_format":"heading","default":"","description_enable":false,"description":"","placeholder_enable":false,"placeholder":"","display":"select","restrictions_type":"any_text","adjust_price":false,"price":"","price_type":"flat_fee","restrictions":false,"min":"0","max":"0","options":[{"label":"140x80 Blanco mate - con 2 extensiones","price":"","price_type":"quantity_based","image":0,"visibility":true},{"label":"160x85 Blanco mate - con 2 extensiones","price":"15","price_type":"quantity_based","image":0,"visibility":true}],"id":1717774720},{"name":"Tipo","type":"multiple_choice","position":1,"required":true,"title_format":"heading","default":"","description_enable":false,"description":"","placeholder_enable":false,"placeholder":"","display":"select","restrictions_type":"any_text","adjust_price":false,"price":"","price_type":"flat_fee","restrictions":false,"min":"0","max":"0","options":[{"label":"Sin silla","price":"","price_type":"quantity_based","image":0,"visibility":true},{"label":"1 silla - asiento de madera","price":"53","price_type":"quantity_based","image":0,"visibility":true},{"label":"2 sillas - asiento de madera","price":"106","price_type":"quantity_based","image":0,"visibility":true},{"label":"3 sillas - asiento de madera","price":"159","price_type":"quantity_based","image":0,"visibility":true},{"label":"4 sillas - asiento de madera","price":"212","price_type":"quantity_based","image":0,"visibility":true},{"label":"5 sillas - asiento de madera","price":"265","price_type":"quantity_based","image":0,"visibility":true},{"label":"6 sillas - asiento de madera","price":"318","price_type":"quantity_based","image":0,"visibility":true},{"label":"1 silla - asiento de paja","price":"53","price_type":"quantity_based","image":0,"visibility":true},{"label":"2 sillas - asiento de paja","price":"106","price_type":"quantity_based","image":0,"visibility":true},{"label":"3 sillas - asiento de paja","price":"159","price_type":"quantity_based","image":0,"visibility":true},{"label":"4 sillas - asiento de paja","price":"212","price_type":"quantity_based","image":0,"visibility":true},{"label":"5 sillas - asiento de paja","price":"265","price_type":"quantity_based","image":0,"visibility":true},{"label":"6 sillas - asiento de paja","price":"318","price_type":"quantity_based","image":0,"visibility":true}],"id":1717774721}],"yoast_head":"<!-- This site is optimized with the Yoast SEO plugin v26.7 - https:\/\/yoast.com\/wordpress\/plugins\/seo\/ -->\n<title>Mesa Melod\u00eda Arte Povera Extensible, patas color blanco Mate tambi\u00e9n disponible con sillas - Bagno Italia<\/title>\n<meta name=\"robots\" content=\"index, follow, max-snippet:-1, max-image-preview:large, max-video-preview:-1\" \/>\n<link rel=\"canonical\" href=\"https:\/\/www.bagnoitalia.com\/es\/producto\/mesa-de-melodia-arte-povera-extensible-patas-torneadas-color-blanco-mate-tambien-disponible-con-sillas.html\" \/>\n<meta property=\"og:locale\" content=\"es_ES\" \/>\n<meta property=\"og:type\" content=\"article\" \/>\n<meta property=\"og:title\" content=\"Mesa Melod\u00eda Arte Povera Extensible, patas color blanco Mate tambi\u00e9n disponible con sillas - Bagno Italia\" \/>\n<meta property=\"og:description\" content=\"Mesa de melod\u00eda Arte povera extensible, patas torneado color blanco mate tambi\u00e9n disponible con sillas\" \/>\n<meta property=\"og:url\" content=\"https:\/\/www.bagnoitalia.com\/es\/producto\/mesa-de-melodia-arte-povera-extensible-patas-torneadas-color-blanco-mate-tambien-disponible-con-sillas.html\" \/>\n<meta property=\"og:site_name\" content=\"Bagno Italia\" \/>\n<meta property=\"article:modified_time\" content=\"2024-06-07T13:38:39+00:00\" \/>\n<meta property=\"og:image\" content=\"https:\/\/img.bagnoitalia.com\/wp-content\/uploads\/virtuemart\/product\/POOR-A32.jpg\" \/>\n\t<meta property=\"og:image:width\" content=\"640\" \/>\n\t<meta property=\"og:image:height\" content=\"640\" \/>\n\t<meta property=\"og:image:type\" content=\"image\/jpeg\" \/>\n<meta name=\"twitter:card\" content=\"summary_large_image\" \/>\n<meta name=\"twitter:label1\" content=\"Tiempo de lectura\" \/>\n\t<meta name=\"twitter:data1\" content=\"1 minuto\" \/>\n<script type=\"application\/ld+json\" class=\"yoast-schema-graph\">{\"@context\":\"https:\/\/schema.org\",\"@graph\":[{\"@type\":\"WebPage\",\"@id\":\"https:\/\/www.bagnoitalia.com\/es\/producto\/mesa-de-melodia-arte-povera-extensible-patas-torneadas-color-blanco-mate-tambien-disponible-con-sillas.html\",\"url\":\"https:\/\/www.bagnoitalia.com\/es\/producto\/mesa-de-melodia-arte-povera-extensible-patas-torneadas-color-blanco-mate-tambien-disponible-con-sillas.html\",\"name\":\"Mesa Melod\u00eda Arte Povera Extensible, patas color blanco Mate tambi\u00e9n disponible con sillas - Bagno Italia\",\"isPartOf\":{\"@id\":\"https:\/\/www.bagnoitalia.com\/es#website\"},\"primaryImageOfPage\":{\"@id\":\"https:\/\/www.bagnoitalia.com\/es\/producto\/mesa-de-melodia-arte-povera-extensible-patas-torneadas-color-blanco-mate-tambien-disponible-con-sillas.html#primaryimage\"},\"image\":{\"@id\":\"https:\/\/www.bagnoitalia.com\/es\/producto\/mesa-de-melodia-arte-povera-extensible-patas-torneadas-color-blanco-mate-tambien-disponible-con-sillas.html#primaryimage\"},\"thumbnailUrl\":\"https:\/\/img.bagnoitalia.com\/wp-content\/uploads\/virtuemart\/product\/POOR-A32.jpg\",\"datePublished\":\"2015-01-27T12:55:33+00:00\",\"dateModified\":\"2024-06-07T13:38:39+00:00\",\"breadcrumb\":{\"@id\":\"https:\/\/www.bagnoitalia.com\/es\/producto\/mesa-de-melodia-arte-povera-extensible-patas-torneadas-color-blanco-mate-tambien-disponible-con-sillas.html#breadcrumb\"},\"inLanguage\":\"es\",\"potentialAction\":[{\"@type\":\"ReadAction\",\"target\":[\"https:\/\/www.bagnoitalia.com\/es\/producto\/mesa-de-melodia-arte-povera-extensible-patas-torneadas-color-blanco-mate-tambien-disponible-con-sillas.html\"]}]},{\"@type\":\"ImageObject\",\"inLanguage\":\"es\",\"@id\":\"https:\/\/www.bagnoitalia.com\/es\/producto\/mesa-de-melodia-arte-povera-extensible-patas-torneadas-color-blanco-mate-tambien-disponible-con-sillas.html#primaryimage\",\"url\":\"https:\/\/img.bagnoitalia.com\/wp-content\/uploads\/virtuemart\/product\/POOR-A32.jpg\",\"contentUrl\":\"https:\/\/img.bagnoitalia.com\/wp-content\/uploads\/virtuemart\/product\/POOR-A32.jpg\",\"width\":640,\"height\":640},{\"@type\":\"BreadcrumbList\",\"@id\":\"https:\/\/www.bagnoitalia.com\/es\/producto\/mesa-de-melodia-arte-povera-extensible-patas-torneadas-color-blanco-mate-tambien-disponible-con-sillas.html#breadcrumb\",\"itemListElement\":[{\"@type\":\"ListItem\",\"position\":1,\"name\":\"Home\",\"item\":\"https:\/\/www.bagnoitalia.com\/es\"},{\"@type\":\"ListItem\",\"position\":2,\"name\":\"Productos\",\"item\":\"https:\/\/www.bagnoitalia.com\/es\/shop\"},{\"@type\":\"ListItem\",\"position\":3,\"name\":\"Mesa Melod\u00eda Arte Povera Extensible, patas color blanco Mate tambi\u00e9n disponible con sillas\"}]},{\"@type\":\"WebSite\",\"@id\":\"https:\/\/www.bagnoitalia.com\/es#website\",\"url\":\"https:\/\/www.bagnoitalia.com\/es\",\"name\":\"Bagno Italia\",\"description\":\"\",\"publisher\":{\"@id\":\"https:\/\/www.bagnoitalia.com\/es#organization\"},\"potentialAction\":[{\"@type\":\"SearchAction\",\"target\":{\"@type\":\"EntryPoint\",\"urlTemplate\":\"https:\/\/www.bagnoitalia.com\/es?s={search_term_string}\"},\"query-input\":{\"@type\":\"PropertyValueSpecification\",\"valueRequired\":true,\"valueName\":\"search_term_string\"}}],\"inLanguage\":\"es\"},{\"@type\":\"Organization\",\"@id\":\"https:\/\/www.bagnoitalia.com\/es#organization\",\"name\":\"Bagno Italia\",\"url\":\"https:\/\/www.bagnoitalia.com\/es\",\"logo\":{\"@type\":\"ImageObject\",\"inLanguage\":\"es\",\"@id\":\"https:\/\/www.bagnoitalia.com\/es#\/schema\/logo\/image\/\",\"url\":\"https:\/\/img.bagnoitalia.com\/wp-content\/uploads\/logo-bagnoitalia.webp\",\"contentUrl\":\"https:\/\/img.bagnoitalia.com\/wp-content\/uploads\/logo-bagnoitalia.webp\",\"width\":400,\"height\":70,\"caption\":\"Bagno Italia\"},\"image\":{\"@id\":\"https:\/\/www.bagnoitalia.com\/es#\/schema\/logo\/image\/\"}}]}<\/script>\n<!-- \/ Yoast SEO plugin. -->","yoast_head_json":{"title":"Mesa Melod\u00eda Arte Povera Extensible, patas color blanco Mate tambi\u00e9n disponible con sillas - Bagno Italia","robots":{"index":"index","follow":"follow","max-snippet":"max-snippet:-1","max-image-preview":"max-image-preview:large","max-video-preview":"max-video-preview:-1"},"canonical":"https:\/\/www.bagnoitalia.com\/es\/producto\/mesa-de-melodia-arte-povera-extensible-patas-torneadas-color-blanco-mate-tambien-disponible-con-sillas.html","og_locale":"es_ES","og_type":"article","og_title":"Mesa Melod\u00eda Arte Povera Extensible, patas color blanco Mate tambi\u00e9n disponible con sillas - Bagno Italia","og_description":"Mesa de melod\u00eda Arte povera extensible, patas torneado color blanco mate tambi\u00e9n disponible con sillas","og_url":"https:\/\/www.bagnoitalia.com\/es\/producto\/mesa-de-melodia-arte-povera-extensible-patas-torneadas-color-blanco-mate-tambien-disponible-con-sillas.html","og_site_name":"Bagno Italia","article_modified_time":"2024-06-07T13:38:39+00:00","og_image":[{"width":640,"height":640,"url":"https:\/\/img.bagnoitalia.com\/wp-content\/uploads\/virtuemart\/product\/POOR-A32.jpg","type":"image\/jpeg"}],"twitter_card":"summary_large_image","twitter_misc":{"Tiempo de lectura":"1 minuto"},"schema":{"@context":"https:\/\/schema.org","@graph":[{"@type":"WebPage","@id":"https:\/\/www.bagnoitalia.com\/es\/producto\/mesa-de-melodia-arte-povera-extensible-patas-torneadas-color-blanco-mate-tambien-disponible-con-sillas.html","url":"https:\/\/www.bagnoitalia.com\/es\/producto\/mesa-de-melodia-arte-povera-extensible-patas-torneadas-color-blanco-mate-tambien-disponible-con-sillas.html","name":"Mesa Melod\u00eda Arte Povera Extensible, patas color blanco Mate tambi\u00e9n disponible con sillas - Bagno Italia","isPartOf":{"@id":"https:\/\/www.bagnoitalia.com\/es#website"},"primaryImageOfPage":{"@id":"https:\/\/www.bagnoitalia.com\/es\/producto\/mesa-de-melodia-arte-povera-extensible-patas-torneadas-color-blanco-mate-tambien-disponible-con-sillas.html#primaryimage"},"image":{"@id":"https:\/\/www.bagnoitalia.com\/es\/producto\/mesa-de-melodia-arte-povera-extensible-patas-torneadas-color-blanco-mate-tambien-disponible-con-sillas.html#primaryimage"},"thumbnailUrl":"https:\/\/img.bagnoitalia.com\/wp-content\/uploads\/virtuemart\/product\/POOR-A32.jpg","datePublished":"2015-01-27T12:55:33+00:00","dateModified":"2024-06-07T13:38:39+00:00","breadcrumb":{"@id":"https:\/\/www.bagnoitalia.com\/es\/producto\/mesa-de-melodia-arte-povera-extensible-patas-torneadas-color-blanco-mate-tambien-disponible-con-sillas.html#breadcrumb"},"inLanguage":"es","potentialAction":[{"@type":"ReadAction","target":["https:\/\/www.bagnoitalia.com\/es\/producto\/mesa-de-melodia-arte-povera-extensible-patas-torneadas-color-blanco-mate-tambien-disponible-con-sillas.html"]}]},{"@type":"ImageObject","inLanguage":"es","@id":"https:\/\/www.bagnoitalia.com\/es\/producto\/mesa-de-melodia-arte-povera-extensible-patas-torneadas-color-blanco-mate-tambien-disponible-con-sillas.html#primaryimage","url":"https:\/\/img.bagnoitalia.com\/wp-content\/uploads\/virtuemart\/product\/POOR-A32.jpg","contentUrl":"https:\/\/img.bagnoitalia.com\/wp-content\/uploads\/virtuemart\/product\/POOR-A32.jpg","width":640,"height":640},{"@type":"BreadcrumbList","@id":"https:\/\/www.bagnoitalia.com\/es\/producto\/mesa-de-melodia-arte-povera-extensible-patas-torneadas-color-blanco-mate-tambien-disponible-con-sillas.html#breadcrumb","itemListElement":[{"@type":"ListItem","position":1,"name":"Home","item":"https:\/\/www.bagnoitalia.com\/es"},{"@type":"ListItem","position":2,"name":"Productos","item":"https:\/\/www.bagnoitalia.com\/es\/shop"},{"@type":"ListItem","position":3,"name":"Mesa Melod\u00eda Arte Povera Extensible, patas color blanco Mate tambi\u00e9n disponible con sillas"}]},{"@type":"WebSite","@id":"https:\/\/www.bagnoitalia.com\/es#website","url":"https:\/\/www.bagnoitalia.com\/es","name":"Bagno Italia","description":"","publisher":{"@id":"https:\/\/www.bagnoitalia.com\/es#organization"},"potentialAction":[{"@type":"SearchAction","target":{"@type":"EntryPoint","urlTemplate":"https:\/\/www.bagnoitalia.com\/es?s={search_term_string}"},"query-input":{"@type":"PropertyValueSpecification","valueRequired":true,"valueName":"search_term_string"}}],"inLanguage":"es"},{"@type":"Organization","@id":"https:\/\/www.bagnoitalia.com\/es#organization","name":"Bagno Italia","url":"https:\/\/www.bagnoitalia.com\/es","logo":{"@type":"ImageObject","inLanguage":"es","@id":"https:\/\/www.bagnoitalia.com\/es#\/schema\/logo\/image\/","url":"https:\/\/img.bagnoitalia.com\/wp-content\/uploads\/logo-bagnoitalia.webp","contentUrl":"https:\/\/img.bagnoitalia.com\/wp-content\/uploads\/logo-bagnoitalia.webp","width":400,"height":70,"caption":"Bagno Italia"},"image":{"@id":"https:\/\/www.bagnoitalia.com\/es#\/schema\/logo\/image\/"}}]}},"_links":{"self":[{"href":"https:\/\/www.bagnoitalia.com\/es\/wp-json\/wp\/v2\/product\/79092","targetHints":{"allow":["GET"]}}],"collection":[{"href":"https:\/\/www.bagnoitalia.com\/es\/wp-json\/wp\/v2\/product"}],"about":[{"href":"https:\/\/www.bagnoitalia.com\/es\/wp-json\/wp\/v2\/types\/product"}],"replies":[{"embeddable":true,"href":"https:\/\/www.bagnoitalia.com\/es\/wp-json\/wp\/v2\/comments?post=79092"}],"version-history":[{"count":1,"href":"https:\/\/www.bagnoitalia.com\/es\/wp-json\/wp\/v2\/product\/79092\/revisions"}],"predecessor-version":[{"id":89713,"href":"https:\/\/www.bagnoitalia.com\/es\/wp-json\/wp\/v2\/product\/79092\/revisions\/89713"}],"wp:featuredmedia":[{"embeddable":true,"href":"https:\/\/www.bagnoitalia.com\/es\/wp-json\/wp\/v2\/media\/24550"}],"wp:attachment":[{"href":"https:\/\/www.bagnoitalia.com\/es\/wp-json\/wp\/v2\/media?parent=79092"}],"wp:term":[{"taxonomy":"product_brand","embeddable":true,"href":"https:\/\/www.bagnoitalia.com\/es\/wp-json\/wp\/v2\/product_brand?post=79092"},{"taxonomy":"product_cat","embeddable":true,"href":"https:\/\/www.bagnoitalia.com\/es\/wp-json\/wp\/v2\/product_cat?post=79092"},{"taxonomy":"product_tag","embeddable":true,"href":"https:\/\/www.bagnoitalia.com\/es\/wp-json\/wp\/v2\/product_tag?post=79092"}],"curies":[{"name":"wp","href":"https:\/\/api.w.org\/{rel}","templated":true}]}}