{"id":79084,"date":"2015-01-23T15:56:35","date_gmt":"2015-01-23T14:56:35","guid":{"rendered":"https:\/\/www.bagnoitalia.com\/product\/mesa-de-centro-de-muebles-sally-en-blanco-mate-y-nogal-brillante-disponible-en-diferentes-tamanos"},"modified":"2024-06-05T15:59:24","modified_gmt":"2024-06-05T13:59:24","slug":"mesa-de-centro-de-muebles-sally-en-blanco-mate-y-nogal-brillante-disponible-en-diferentes-tamanos","status":"publish","type":"product","link":"https:\/\/www.bagnoitalia.com\/es\/producto\/mesa-de-centro-de-muebles-sally-en-blanco-mate-y-nogal-brillante-disponible-en-diferentes-tamanos.html","title":{"rendered":"Mesa de Centro Sally Color en blanco mate y nogal brillante, Disponible en diferentes tama\u00f1os"},"content":{"rendered":"<p style=\"font-family: 'Times New Roman'; font-size: medium;\"><span style=\"font-size: 14pt; font-family: 'arial black', 'avant garde';\">Mesita de Centro SALLY<\/span><\/p>\n<div id=\"content\" class=\"grid_12 clearfix\">\n<div id=\"linguette\" class=\"clearfix\">\n<div id=\"tabProdotto\" class=\"ui-tabs ui-widget ui-widget-content ui-corner-all\">\n<div id=\"tab-descrizione\" class=\"clearfix ui-tabs-panel ui-widget-content ui-corner-bottom\">\n<p style=\"text-align: justify;\"><span style=\"font-size: 10pt;\">La mesa de centro <strong>Sally.<\/strong> <strong>\u00a0<\/strong> Es producido enteramente en Italia por <strong>maestros artesanos<\/strong> .<\/span><\/p>\n<p style=\"text-align: justify;\"><span style=\"font-size: 10pt;\">Fabricada en <strong>madera de \u00e1lamo maciza<\/strong> con <strong>acabado<\/strong> lacado <strong>blanco mate<\/strong> y <strong>nogal brillante<\/strong> , Sally tiene la garant\u00eda de <strong>Hecho en Italia<\/strong> y destaca por su estilo \u00fanico;<\/span> <span style=\"font-size: 10pt;\">Tambi\u00e9n cuenta con un pr\u00e1ctico caj\u00f3n central, y se entrega ya montado.<\/span><\/p>\n<\/div>\n<\/div>\n<\/div>\n<h2 class=\"prodottoAltroTitolo\"><\/h2>\n<h2 class=\"prodottoAltroTitolo\"><span style=\"font-family: 'times new roman', times; font-size: 18.6666660308838px;\">Disponible en diferentes modelos y tama\u00f1os.<\/span><\/h2>\n<\/div>\n<p style=\"font-family: 'Times New Roman'; font-size: medium;\"><span style=\"text-decoration: underline;\"><span style=\"font-family: 'comic sans ms', sans-serif; font-size: 10pt; color: #ff0000; text-decoration: underline;\">Perillas incluidas, agujero para perillas no presente<\/span><\/span><\/p>\n<p style=\"font-family: 'Times New Roman'; font-size: medium;\"><span style=\"font-size: 14pt;\">Mesita blanca mate 100x50x45h<\/span><\/p>\n<p style=\"font-family: 'Times New Roman'; font-size: medium;\"><img fetchpriority=\"high\" decoding=\"async\" class=\" size-full wp-image-24486\" src=\"https:\/\/img.bagnoitalia.com\/wp-content\/uploads\/virtuemart\/product\/tavolino-da-salotto-kelsi-shabby-chic-colore-bianco-cm-100x50x45_14857_big.jpg\" alt=\"puerta tv.jpg_product_product_product_product_product_product_product_product_product_product_product_product_product_product_p\" width=\"381\" height=\"266\" srcset=\"https:\/\/img.bagnoitalia.com\/wp-content\/uploads\/virtuemart\/product\/tavolino-da-salotto-kelsi-shabby-chic-colore-bianco-cm-100x50x45_14857_big.jpg 381w, https:\/\/img.bagnoitalia.com\/wp-content\/uploads\/virtuemart\/product\/tavolino-da-salotto-kelsi-shabby-chic-colore-bianco-cm-100x50x45_14857_big-150x105.jpg 150w\" sizes=\"(max-width: 381px) 100vw, 381px\" \/><\/p>\n<p style=\"font-family: 'Times New Roman'; font-size: medium;\"><span style=\"font-family: 'arial black', 'avant garde'; color: #0000ff;\">bacalao. <span style=\"font-size: 12pt;\">1549<\/span><\/span><\/p>\n<p style=\"font-family: 'Times New Roman'; font-size: medium;\">____________________________________________________________<\/p>\n<p style=\"font-family: 'Times New Roman'; font-size: medium;\"><span style=\"font-size: 14pt;\">Mesita pulida nogal 110x59x50h<\/span><\/p>\n<p style=\"font-family: 'Times New Roman'; font-size: medium;\"><img decoding=\"async\" class=\" size-full wp-image-24490\" src=\"https:\/\/img.bagnoitalia.com\/wp-content\/uploads\/virtuemart\/product\/tavolino-da-salotto-amdir-arte-povera-cm-110x59x50-colore-noce-lucido_14059_big.jpg\" alt=\"puerta tv.jpg_product_product_product_product_product_product_product_product_product_product_product_product_product_product_p\" width=\"404\" height=\"288\" srcset=\"https:\/\/img.bagnoitalia.com\/wp-content\/uploads\/virtuemart\/product\/tavolino-da-salotto-amdir-arte-povera-cm-110x59x50-colore-noce-lucido_14059_big.jpg 404w, https:\/\/img.bagnoitalia.com\/wp-content\/uploads\/virtuemart\/product\/tavolino-da-salotto-amdir-arte-povera-cm-110x59x50-colore-noce-lucido_14059_big-150x107.jpg 150w\" sizes=\"(max-width: 404px) 100vw, 404px\" \/><\/p>\n<p style=\"font-family: 'Times New Roman'; font-size: medium;\"><span style=\"font-family: 'arial black', 'avant garde'; font-size: 12pt; color: #0000ff;\">bacalao. 549<\/span><\/p>\n","protected":false},"excerpt":{"rendered":"<p>Mesa de Centro Sally Color en blanco mate y nogal brillante, Disponible en diferentes tama\u00f1os<\/p>\n","protected":false},"featured_media":24470,"comment_status":"open","ping_status":"closed","template":"","meta":[],"product_brand":[5031],"product_cat":[9789],"product_tag":[],"class_list":{"0":"post-79084","1":"product","2":"type-product","3":"status-publish","4":"has-post-thumbnail","6":"product_brand-tempesta-lineatavoli","7":"product_cat-muebles-varios-muebles-de-interior","9":"first","10":"instock","11":"sale","12":"taxable","13":"shipping-taxable","14":"purchasable","15":"product-type-simple"},"exclude_global_add_ons":false,"addons":[{"name":"Tipo","type":"multiple_choice","position":0,"required":true,"title_format":"heading","default":"","description_enable":false,"description":"","placeholder_enable":false,"placeholder":"","display":"select","restrictions_type":"any_text","adjust_price":false,"price":"","price_type":"flat_fee","restrictions":false,"min":"0","max":"0","options":[{"label":"110x59xH50 Nogal brillante","price":"","price_type":"quantity_based","image":0,"visibility":true},{"label":"100x50xH45 Blanco mate","price":"26","price_type":"quantity_based","image":0,"visibility":true}],"id":1717603164}],"yoast_head":"<!-- This site is optimized with the Yoast SEO plugin v26.7 - https:\/\/yoast.com\/wordpress\/plugins\/seo\/ -->\n<title>Mesa de Centro Sally Color en blanco mate y nogal brillante, Disponible en diferentes tama\u00f1os - Bagno Italia<\/title>\n<meta name=\"robots\" content=\"index, follow, max-snippet:-1, max-image-preview:large, max-video-preview:-1\" \/>\n<link rel=\"canonical\" href=\"https:\/\/www.bagnoitalia.com\/es\/producto\/mesa-de-centro-de-muebles-sally-en-blanco-mate-y-nogal-brillante-disponible-en-diferentes-tamanos.html\" \/>\n<meta property=\"og:locale\" content=\"es_ES\" \/>\n<meta property=\"og:type\" content=\"article\" \/>\n<meta property=\"og:title\" content=\"Mesa de Centro Sally Color en blanco mate y nogal brillante, Disponible en diferentes tama\u00f1os - Bagno Italia\" \/>\n<meta property=\"og:description\" content=\"Mesa de Centro Sally Color en blanco mate y nogal brillante, Disponible en diferentes tama\u00f1os\" \/>\n<meta property=\"og:url\" content=\"https:\/\/www.bagnoitalia.com\/es\/producto\/mesa-de-centro-de-muebles-sally-en-blanco-mate-y-nogal-brillante-disponible-en-diferentes-tamanos.html\" \/>\n<meta property=\"og:site_name\" content=\"Bagno Italia\" \/>\n<meta property=\"article:modified_time\" content=\"2024-06-05T13:59:24+00:00\" \/>\n<meta property=\"og:image\" content=\"https:\/\/img.bagnoitalia.com\/wp-content\/uploads\/virtuemart\/product\/Living-room-table-Sally-model-matt-white-glossy-walnut-various-sizes-1_1541435909_9371.jpg\" \/>\n\t<meta property=\"og:image:width\" content=\"596\" \/>\n\t<meta property=\"og:image:height\" content=\"596\" \/>\n\t<meta property=\"og:image:type\" content=\"image\/jpeg\" \/>\n<meta name=\"twitter:card\" content=\"summary_large_image\" \/>\n<meta name=\"twitter:label1\" content=\"Tiempo de lectura\" \/>\n\t<meta name=\"twitter:data1\" content=\"1 minuto\" \/>\n<script type=\"application\/ld+json\" class=\"yoast-schema-graph\">{\"@context\":\"https:\/\/schema.org\",\"@graph\":[{\"@type\":\"WebPage\",\"@id\":\"https:\/\/www.bagnoitalia.com\/es\/producto\/mesa-de-centro-de-muebles-sally-en-blanco-mate-y-nogal-brillante-disponible-en-diferentes-tamanos.html\",\"url\":\"https:\/\/www.bagnoitalia.com\/es\/producto\/mesa-de-centro-de-muebles-sally-en-blanco-mate-y-nogal-brillante-disponible-en-diferentes-tamanos.html\",\"name\":\"Mesa de Centro Sally Color en blanco mate y nogal brillante, Disponible en diferentes tama\u00f1os - Bagno Italia\",\"isPartOf\":{\"@id\":\"https:\/\/www.bagnoitalia.com\/es#website\"},\"primaryImageOfPage\":{\"@id\":\"https:\/\/www.bagnoitalia.com\/es\/producto\/mesa-de-centro-de-muebles-sally-en-blanco-mate-y-nogal-brillante-disponible-en-diferentes-tamanos.html#primaryimage\"},\"image\":{\"@id\":\"https:\/\/www.bagnoitalia.com\/es\/producto\/mesa-de-centro-de-muebles-sally-en-blanco-mate-y-nogal-brillante-disponible-en-diferentes-tamanos.html#primaryimage\"},\"thumbnailUrl\":\"https:\/\/img.bagnoitalia.com\/wp-content\/uploads\/virtuemart\/product\/Living-room-table-Sally-model-matt-white-glossy-walnut-various-sizes-1_1541435909_9371.jpg\",\"datePublished\":\"2015-01-23T14:56:35+00:00\",\"dateModified\":\"2024-06-05T13:59:24+00:00\",\"breadcrumb\":{\"@id\":\"https:\/\/www.bagnoitalia.com\/es\/producto\/mesa-de-centro-de-muebles-sally-en-blanco-mate-y-nogal-brillante-disponible-en-diferentes-tamanos.html#breadcrumb\"},\"inLanguage\":\"es\",\"potentialAction\":[{\"@type\":\"ReadAction\",\"target\":[\"https:\/\/www.bagnoitalia.com\/es\/producto\/mesa-de-centro-de-muebles-sally-en-blanco-mate-y-nogal-brillante-disponible-en-diferentes-tamanos.html\"]}]},{\"@type\":\"ImageObject\",\"inLanguage\":\"es\",\"@id\":\"https:\/\/www.bagnoitalia.com\/es\/producto\/mesa-de-centro-de-muebles-sally-en-blanco-mate-y-nogal-brillante-disponible-en-diferentes-tamanos.html#primaryimage\",\"url\":\"https:\/\/img.bagnoitalia.com\/wp-content\/uploads\/virtuemart\/product\/Living-room-table-Sally-model-matt-white-glossy-walnut-various-sizes-1_1541435909_9371.jpg\",\"contentUrl\":\"https:\/\/img.bagnoitalia.com\/wp-content\/uploads\/virtuemart\/product\/Living-room-table-Sally-model-matt-white-glossy-walnut-various-sizes-1_1541435909_9371.jpg\",\"width\":596,\"height\":596},{\"@type\":\"BreadcrumbList\",\"@id\":\"https:\/\/www.bagnoitalia.com\/es\/producto\/mesa-de-centro-de-muebles-sally-en-blanco-mate-y-nogal-brillante-disponible-en-diferentes-tamanos.html#breadcrumb\",\"itemListElement\":[{\"@type\":\"ListItem\",\"position\":1,\"name\":\"Home\",\"item\":\"https:\/\/www.bagnoitalia.com\/es\"},{\"@type\":\"ListItem\",\"position\":2,\"name\":\"Productos\",\"item\":\"https:\/\/www.bagnoitalia.com\/es\/shop\"},{\"@type\":\"ListItem\",\"position\":3,\"name\":\"Mesa de Centro Sally Color en blanco mate y nogal brillante, Disponible en diferentes tama\u00f1os\"}]},{\"@type\":\"WebSite\",\"@id\":\"https:\/\/www.bagnoitalia.com\/es#website\",\"url\":\"https:\/\/www.bagnoitalia.com\/es\",\"name\":\"Bagno Italia\",\"description\":\"\",\"publisher\":{\"@id\":\"https:\/\/www.bagnoitalia.com\/es#organization\"},\"potentialAction\":[{\"@type\":\"SearchAction\",\"target\":{\"@type\":\"EntryPoint\",\"urlTemplate\":\"https:\/\/www.bagnoitalia.com\/es?s={search_term_string}\"},\"query-input\":{\"@type\":\"PropertyValueSpecification\",\"valueRequired\":true,\"valueName\":\"search_term_string\"}}],\"inLanguage\":\"es\"},{\"@type\":\"Organization\",\"@id\":\"https:\/\/www.bagnoitalia.com\/es#organization\",\"name\":\"Bagno Italia\",\"url\":\"https:\/\/www.bagnoitalia.com\/es\",\"logo\":{\"@type\":\"ImageObject\",\"inLanguage\":\"es\",\"@id\":\"https:\/\/www.bagnoitalia.com\/es#\/schema\/logo\/image\/\",\"url\":\"https:\/\/img.bagnoitalia.com\/wp-content\/uploads\/logo-bagnoitalia.webp\",\"contentUrl\":\"https:\/\/img.bagnoitalia.com\/wp-content\/uploads\/logo-bagnoitalia.webp\",\"width\":400,\"height\":70,\"caption\":\"Bagno Italia\"},\"image\":{\"@id\":\"https:\/\/www.bagnoitalia.com\/es#\/schema\/logo\/image\/\"}}]}<\/script>\n<!-- \/ Yoast SEO plugin. -->","yoast_head_json":{"title":"Mesa de Centro Sally Color en blanco mate y nogal brillante, Disponible en diferentes tama\u00f1os - Bagno Italia","robots":{"index":"index","follow":"follow","max-snippet":"max-snippet:-1","max-image-preview":"max-image-preview:large","max-video-preview":"max-video-preview:-1"},"canonical":"https:\/\/www.bagnoitalia.com\/es\/producto\/mesa-de-centro-de-muebles-sally-en-blanco-mate-y-nogal-brillante-disponible-en-diferentes-tamanos.html","og_locale":"es_ES","og_type":"article","og_title":"Mesa de Centro Sally Color en blanco mate y nogal brillante, Disponible en diferentes tama\u00f1os - Bagno Italia","og_description":"Mesa de Centro Sally Color en blanco mate y nogal brillante, Disponible en diferentes tama\u00f1os","og_url":"https:\/\/www.bagnoitalia.com\/es\/producto\/mesa-de-centro-de-muebles-sally-en-blanco-mate-y-nogal-brillante-disponible-en-diferentes-tamanos.html","og_site_name":"Bagno Italia","article_modified_time":"2024-06-05T13:59:24+00:00","og_image":[{"width":596,"height":596,"url":"https:\/\/img.bagnoitalia.com\/wp-content\/uploads\/virtuemart\/product\/Living-room-table-Sally-model-matt-white-glossy-walnut-various-sizes-1_1541435909_9371.jpg","type":"image\/jpeg"}],"twitter_card":"summary_large_image","twitter_misc":{"Tiempo de lectura":"1 minuto"},"schema":{"@context":"https:\/\/schema.org","@graph":[{"@type":"WebPage","@id":"https:\/\/www.bagnoitalia.com\/es\/producto\/mesa-de-centro-de-muebles-sally-en-blanco-mate-y-nogal-brillante-disponible-en-diferentes-tamanos.html","url":"https:\/\/www.bagnoitalia.com\/es\/producto\/mesa-de-centro-de-muebles-sally-en-blanco-mate-y-nogal-brillante-disponible-en-diferentes-tamanos.html","name":"Mesa de Centro Sally Color en blanco mate y nogal brillante, Disponible en diferentes tama\u00f1os - Bagno Italia","isPartOf":{"@id":"https:\/\/www.bagnoitalia.com\/es#website"},"primaryImageOfPage":{"@id":"https:\/\/www.bagnoitalia.com\/es\/producto\/mesa-de-centro-de-muebles-sally-en-blanco-mate-y-nogal-brillante-disponible-en-diferentes-tamanos.html#primaryimage"},"image":{"@id":"https:\/\/www.bagnoitalia.com\/es\/producto\/mesa-de-centro-de-muebles-sally-en-blanco-mate-y-nogal-brillante-disponible-en-diferentes-tamanos.html#primaryimage"},"thumbnailUrl":"https:\/\/img.bagnoitalia.com\/wp-content\/uploads\/virtuemart\/product\/Living-room-table-Sally-model-matt-white-glossy-walnut-various-sizes-1_1541435909_9371.jpg","datePublished":"2015-01-23T14:56:35+00:00","dateModified":"2024-06-05T13:59:24+00:00","breadcrumb":{"@id":"https:\/\/www.bagnoitalia.com\/es\/producto\/mesa-de-centro-de-muebles-sally-en-blanco-mate-y-nogal-brillante-disponible-en-diferentes-tamanos.html#breadcrumb"},"inLanguage":"es","potentialAction":[{"@type":"ReadAction","target":["https:\/\/www.bagnoitalia.com\/es\/producto\/mesa-de-centro-de-muebles-sally-en-blanco-mate-y-nogal-brillante-disponible-en-diferentes-tamanos.html"]}]},{"@type":"ImageObject","inLanguage":"es","@id":"https:\/\/www.bagnoitalia.com\/es\/producto\/mesa-de-centro-de-muebles-sally-en-blanco-mate-y-nogal-brillante-disponible-en-diferentes-tamanos.html#primaryimage","url":"https:\/\/img.bagnoitalia.com\/wp-content\/uploads\/virtuemart\/product\/Living-room-table-Sally-model-matt-white-glossy-walnut-various-sizes-1_1541435909_9371.jpg","contentUrl":"https:\/\/img.bagnoitalia.com\/wp-content\/uploads\/virtuemart\/product\/Living-room-table-Sally-model-matt-white-glossy-walnut-various-sizes-1_1541435909_9371.jpg","width":596,"height":596},{"@type":"BreadcrumbList","@id":"https:\/\/www.bagnoitalia.com\/es\/producto\/mesa-de-centro-de-muebles-sally-en-blanco-mate-y-nogal-brillante-disponible-en-diferentes-tamanos.html#breadcrumb","itemListElement":[{"@type":"ListItem","position":1,"name":"Home","item":"https:\/\/www.bagnoitalia.com\/es"},{"@type":"ListItem","position":2,"name":"Productos","item":"https:\/\/www.bagnoitalia.com\/es\/shop"},{"@type":"ListItem","position":3,"name":"Mesa de Centro Sally Color en blanco mate y nogal brillante, Disponible en diferentes tama\u00f1os"}]},{"@type":"WebSite","@id":"https:\/\/www.bagnoitalia.com\/es#website","url":"https:\/\/www.bagnoitalia.com\/es","name":"Bagno Italia","description":"","publisher":{"@id":"https:\/\/www.bagnoitalia.com\/es#organization"},"potentialAction":[{"@type":"SearchAction","target":{"@type":"EntryPoint","urlTemplate":"https:\/\/www.bagnoitalia.com\/es?s={search_term_string}"},"query-input":{"@type":"PropertyValueSpecification","valueRequired":true,"valueName":"search_term_string"}}],"inLanguage":"es"},{"@type":"Organization","@id":"https:\/\/www.bagnoitalia.com\/es#organization","name":"Bagno Italia","url":"https:\/\/www.bagnoitalia.com\/es","logo":{"@type":"ImageObject","inLanguage":"es","@id":"https:\/\/www.bagnoitalia.com\/es#\/schema\/logo\/image\/","url":"https:\/\/img.bagnoitalia.com\/wp-content\/uploads\/logo-bagnoitalia.webp","contentUrl":"https:\/\/img.bagnoitalia.com\/wp-content\/uploads\/logo-bagnoitalia.webp","width":400,"height":70,"caption":"Bagno Italia"},"image":{"@id":"https:\/\/www.bagnoitalia.com\/es#\/schema\/logo\/image\/"}}]}},"_links":{"self":[{"href":"https:\/\/www.bagnoitalia.com\/es\/wp-json\/wp\/v2\/product\/79084","targetHints":{"allow":["GET"]}}],"collection":[{"href":"https:\/\/www.bagnoitalia.com\/es\/wp-json\/wp\/v2\/product"}],"about":[{"href":"https:\/\/www.bagnoitalia.com\/es\/wp-json\/wp\/v2\/types\/product"}],"replies":[{"embeddable":true,"href":"https:\/\/www.bagnoitalia.com\/es\/wp-json\/wp\/v2\/comments?post=79084"}],"version-history":[{"count":1,"href":"https:\/\/www.bagnoitalia.com\/es\/wp-json\/wp\/v2\/product\/79084\/revisions"}],"predecessor-version":[{"id":89452,"href":"https:\/\/www.bagnoitalia.com\/es\/wp-json\/wp\/v2\/product\/79084\/revisions\/89452"}],"wp:featuredmedia":[{"embeddable":true,"href":"https:\/\/www.bagnoitalia.com\/es\/wp-json\/wp\/v2\/media\/24470"}],"wp:attachment":[{"href":"https:\/\/www.bagnoitalia.com\/es\/wp-json\/wp\/v2\/media?parent=79084"}],"wp:term":[{"taxonomy":"product_brand","embeddable":true,"href":"https:\/\/www.bagnoitalia.com\/es\/wp-json\/wp\/v2\/product_brand?post=79084"},{"taxonomy":"product_cat","embeddable":true,"href":"https:\/\/www.bagnoitalia.com\/es\/wp-json\/wp\/v2\/product_cat?post=79084"},{"taxonomy":"product_tag","embeddable":true,"href":"https:\/\/www.bagnoitalia.com\/es\/wp-json\/wp\/v2\/product_tag?post=79084"}],"curies":[{"name":"wp","href":"https:\/\/api.w.org\/{rel}","templated":true}]}}