{"id":79064,"date":"2015-01-15T16:30:58","date_gmt":"2015-01-15T15:30:58","guid":{"rendered":"https:\/\/www.bagnoitalia.com\/product\/libreria-movil-gaia-en-blanco-mate-y-colores-de-nogal-brillante-disponibles-en-diferentes-modelos-y-tamanos"},"modified":"2024-06-18T14:39:52","modified_gmt":"2024-06-18T12:39:52","slug":"libreria-movil-gaia-en-blanco-mate-y-colores-de-nogal-brillante-disponibles-en-diferentes-modelos-y-tamanos","status":"publish","type":"product","link":"https:\/\/www.bagnoitalia.com\/es\/producto\/libreria-movil-gaia-en-blanco-mate-y-colores-de-nogal-brillante-disponibles-en-diferentes-modelos-y-tamanos.html","title":{"rendered":"Mueble Librer\u00eda Gaia En los colores blanco mate y nogal brillante Disponibles en diferentes modelos y tama\u00f1os"},"content":{"rendered":"<p><span style=\"font-size: 14pt; font-family: 'arial black', 'avant garde';\">Estanter\u00eda GAIA<\/span><\/p>\n<div id=\"tab-descrizione\" class=\"clearfix ui-tabs-panel ui-widget-content ui-corner-bottom\">\n<p style=\"text-align: justify;\"><span style=\"font-size: 10pt;\">La librer\u00eda <strong>Gaia<\/strong> , est\u00e1 hecha de <strong>madera de \u00e1lamo maciza<\/strong> , y est\u00e1 garantizada <strong>en Made in Italy<\/strong> ; <strong>\u00a0<\/strong><\/span> <span style=\"font-size: 10pt;\">Es un producto<\/span> <strong style=\"font-size: 10pt;\">artesanal<\/strong> <span style=\"font-size: 10pt;\">que garantiza una calidad excepcional y un dise\u00f1o exclusivo. Su estilo se <span style=\"font-size: 13.3333330154419px; text-align: justify;\">ve reforzado por la laca<\/span> <strong style=\"font-size: 13.3333330154419px; text-align: justify;\">blanca<\/strong> <span style=\"font-size: 13.3333330154419px; text-align: justify;\">mate<\/span> y el <strong style=\"font-size: 13.3333330154419px; text-align: justify;\">acabado brillante de nogal,<\/strong> simple y elegante se combina con una alta funcionalidad, gracias a los grandes estantes abiertos.<\/span><\/p>\n<p style=\"text-align: justify;\"><span style=\"font-size: 10pt;\">La librer\u00eda Gaia se entrega ya montada y le permitir\u00e1 almacenar inmediatamente sus libros favoritos.<\/span><\/p>\n<div id=\"tab-descrizione\" class=\"clearfix ui-tabs-panel ui-widget-content ui-corner-bottom\">\n<p style=\"text-align: justify;\">\n<\/div>\n<\/div>\n<p><span style=\"font-size: 14pt; font-family: 'times new roman', times;\">Disponible en diferentes modelos y tama\u00f1os.<\/span><\/p>\n<p><span style=\"font-family: 'times new roman', times; font-size: 14pt;\">Mueble Librer\u00eda en blanco mate y nogal brillante 120x40x210h.<\/span><\/p>\n<p><img fetchpriority=\"high\" decoding=\"async\" class=\" size-full wp-image-24298\" src=\"https:\/\/img.bagnoitalia.com\/wp-content\/uploads\/virtuemart\/product\/1514.jpg\" alt=\"tavolo1000.jpg_product_product_product_product_product_product_product_product_product_product_product_product_product_product\" width=\"269\" height=\"441\" srcset=\"https:\/\/img.bagnoitalia.com\/wp-content\/uploads\/virtuemart\/product\/1514.jpg 269w, https:\/\/img.bagnoitalia.com\/wp-content\/uploads\/virtuemart\/product\/1514-150x246.jpg 150w\" sizes=\"(max-width: 269px) 100vw, 269px\" \/><img decoding=\"async\" class=\" size-full wp-image-24302\" src=\"https:\/\/img.bagnoitalia.com\/wp-content\/uploads\/virtuemart\/product\/250.jpg\" alt=\"tavolo1000.jpg_product_product_product_product_product_product_product_product_product_product_product_product_product_product\" width=\"266\" height=\"434\" srcset=\"https:\/\/img.bagnoitalia.com\/wp-content\/uploads\/virtuemart\/product\/250.jpg 473w, https:\/\/img.bagnoitalia.com\/wp-content\/uploads\/virtuemart\/product\/250-441x720.jpg 441w, https:\/\/img.bagnoitalia.com\/wp-content\/uploads\/virtuemart\/product\/250-150x245.jpg 150w\" sizes=\"(max-width: 266px) 100vw, 266px\" \/><\/p>\n<p><span style=\"color: #0000ff;\"><span style=\"font-family: 'arial black', 'avant garde'; font-size: 12pt;\">bacalao. 1514-514<\/span><\/span><\/p>\n<p>_____________________________________________________________________________<\/p>\n<p><span style=\"font-family: 'times new roman', times; font-size: 19px;\">Estante blanco opaco 94x36x189h<\/span><\/p>\n<p><img decoding=\"async\" class=\" size-full wp-image-24306\" src=\"https:\/\/img.bagnoitalia.com\/wp-content\/uploads\/virtuemart\/product\/1502.jpg\" alt=\"tavolo1000.jpg_product_product_product_product_product_product_product_product_product_product_product_product_product_product\" width=\"243\" height=\"436\" srcset=\"https:\/\/img.bagnoitalia.com\/wp-content\/uploads\/virtuemart\/product\/1502.jpg 243w, https:\/\/img.bagnoitalia.com\/wp-content\/uploads\/virtuemart\/product\/1502-150x269.jpg 150w\" sizes=\"(max-width: 243px) 100vw, 243px\" \/><img loading=\"lazy\" decoding=\"async\" class=\" size-full wp-image-24310\" src=\"https:\/\/img.bagnoitalia.com\/wp-content\/uploads\/virtuemart\/product\/312.jpg\" alt=\"tavolo1000.jpg_product_product_product_product_product_product_product_product_product_product_product_product_product_product\" width=\"247\" height=\"423\" srcset=\"https:\/\/img.bagnoitalia.com\/wp-content\/uploads\/virtuemart\/product\/312.jpg 259w, https:\/\/img.bagnoitalia.com\/wp-content\/uploads\/virtuemart\/product\/312-150x257.jpg 150w\" sizes=\"(max-width: 247px) 100vw, 247px\" \/><\/p>\n<p><span style=\"font-family: 'arial black', 'avant garde'; font-size: 12pt; color: #0000ff;\">bacalao. 1502-312<\/span><\/p>\n<p>_____________________________________________________________________________<\/p>\n<p><span style=\"font-family: 'times new roman', times; font-size: 19px;\">Estanter\u00eda blanca opaca 93x40x205h<\/span><\/p>\n<p><img loading=\"lazy\" decoding=\"async\" class=\" size-full wp-image-24314\" src=\"https:\/\/img.bagnoitalia.com\/wp-content\/uploads\/virtuemart\/product\/1415.jpg\" alt=\"tavolo1000.jpg_product_product_product_product_product_product_product_product_product_product_product_product_product_product\" width=\"231\" height=\"445\" srcset=\"https:\/\/img.bagnoitalia.com\/wp-content\/uploads\/virtuemart\/product\/1415.jpg 231w, https:\/\/img.bagnoitalia.com\/wp-content\/uploads\/virtuemart\/product\/1415-150x289.jpg 150w\" sizes=\"(max-width: 231px) 100vw, 231px\" \/><\/p>\n<p><span style=\"font-family: 'arial black', 'avant garde'; font-size: 16px; color: #0000ff;\">bacalao. 1415<\/span><\/p>\n<p>_____________________________________________________________________________<\/p>\n<p><span style=\"font-family: 'times new roman', times; font-size: 19px;\">Librer\u00eda blanca opaca 120x36x143h<\/span><\/p>\n<p><img loading=\"lazy\" decoding=\"async\" class=\" size-full wp-image-24318\" src=\"https:\/\/img.bagnoitalia.com\/wp-content\/uploads\/virtuemart\/product\/1287.jpg\" alt=\"tavolo1000.jpg_product_product_product_product_product_product_product_product_product_product_product_product_product_product\" width=\"418\" height=\"418\" srcset=\"https:\/\/img.bagnoitalia.com\/wp-content\/uploads\/virtuemart\/product\/1287.jpg 418w, https:\/\/img.bagnoitalia.com\/wp-content\/uploads\/virtuemart\/product\/1287-100x100.jpg 100w, https:\/\/img.bagnoitalia.com\/wp-content\/uploads\/virtuemart\/product\/1287-150x150.jpg 150w\" sizes=\"(max-width: 418px) 100vw, 418px\" \/><\/p>\n<p><span style=\"font-size: 12pt; font-family: 'arial black', 'avant garde'; color: #0000ff;\">bacalao. 1287<\/span><\/p>\n<p>&nbsp;<\/p>\n","protected":false},"excerpt":{"rendered":"<p>Mueble Librer\u00eda Gaia En los colores blanco mate y nogal brillante Disponibles en diferentes modelos y tama\u00f1os<\/p>\n","protected":false},"featured_media":24266,"comment_status":"open","ping_status":"closed","template":"","meta":[],"product_brand":[5031],"product_cat":[9789],"product_tag":[],"class_list":{"0":"post-79064","1":"product","2":"type-product","3":"status-publish","4":"has-post-thumbnail","6":"product_brand-tempesta-lineatavoli","7":"product_cat-muebles-varios-muebles-de-interior","9":"first","10":"instock","11":"sale","12":"taxable","13":"shipping-taxable","14":"purchasable","15":"product-type-simple"},"exclude_global_add_ons":false,"addons":[{"name":"tipolog\u00eda","type":"multiple_choice","position":0,"required":true,"title_format":"heading","default":"","description_enable":false,"description":"","placeholder_enable":false,"placeholder":"","display":"select","restrictions_type":"any_text","adjust_price":false,"price":"","price_type":"flat_fee","restrictions":false,"min":"0","max":"0","options":[{"label":"120x40xH210 Blanco mate","price":"","price_type":"quantity_based","image":0,"visibility":true},{"label":"120x40xAl210 Nogal brillante","price":"-20","price_type":"quantity_based","image":0,"visibility":true},{"label":"94x36xH189 Blanco mate","price":"-60","price_type":"quantity_based","image":0,"visibility":true},{"label":"94x36xH189 Nogal brillante","price":"-80","price_type":"quantity_based","image":0,"visibility":true},{"label":"93x40xH205 Blanco mate","price":"","price_type":"quantity_based","image":0,"visibility":true},{"label":"120x36xH143 Blanco mate","price":"-60","price_type":"quantity_based","image":0,"visibility":true}],"id":1718721592}],"yoast_head":"<!-- This site is optimized with the Yoast SEO plugin v26.7 - https:\/\/yoast.com\/wordpress\/plugins\/seo\/ -->\n<title>Mueble Librer\u00eda Gaia En los colores blanco mate y nogal brillante Disponibles en diferentes modelos y tama\u00f1os - Bagno Italia<\/title>\n<meta name=\"robots\" content=\"index, follow, max-snippet:-1, max-image-preview:large, max-video-preview:-1\" \/>\n<link rel=\"canonical\" href=\"https:\/\/www.bagnoitalia.com\/es\/producto\/libreria-movil-gaia-en-blanco-mate-y-colores-de-nogal-brillante-disponibles-en-diferentes-modelos-y-tamanos.html\" \/>\n<meta property=\"og:locale\" content=\"es_ES\" \/>\n<meta property=\"og:type\" content=\"article\" \/>\n<meta property=\"og:title\" content=\"Mueble Librer\u00eda Gaia En los colores blanco mate y nogal brillante Disponibles en diferentes modelos y tama\u00f1os - Bagno Italia\" \/>\n<meta property=\"og:description\" content=\"Mueble Librer\u00eda Gaia En los colores blanco mate y nogal brillante Disponibles en diferentes modelos y tama\u00f1os\" \/>\n<meta property=\"og:url\" content=\"https:\/\/www.bagnoitalia.com\/es\/producto\/libreria-movil-gaia-en-blanco-mate-y-colores-de-nogal-brillante-disponibles-en-diferentes-modelos-y-tamanos.html\" \/>\n<meta property=\"og:site_name\" content=\"Bagno Italia\" \/>\n<meta property=\"article:modified_time\" content=\"2024-06-18T12:39:52+00:00\" \/>\n<meta property=\"og:image\" content=\"https:\/\/img.bagnoitalia.com\/wp-content\/uploads\/virtuemart\/product\/Bookcase-matt-white-glossy-walnut-various-models-and-sizes-Gaia-model-1_1541437581_709.jpg\" \/>\n\t<meta property=\"og:image:width\" content=\"663\" \/>\n\t<meta property=\"og:image:height\" content=\"663\" \/>\n\t<meta property=\"og:image:type\" content=\"image\/jpeg\" \/>\n<meta name=\"twitter:card\" content=\"summary_large_image\" \/>\n<meta name=\"twitter:label1\" content=\"Tiempo de lectura\" \/>\n\t<meta name=\"twitter:data1\" content=\"2 minutos\" \/>\n<script type=\"application\/ld+json\" class=\"yoast-schema-graph\">{\"@context\":\"https:\/\/schema.org\",\"@graph\":[{\"@type\":\"WebPage\",\"@id\":\"https:\/\/www.bagnoitalia.com\/es\/producto\/libreria-movil-gaia-en-blanco-mate-y-colores-de-nogal-brillante-disponibles-en-diferentes-modelos-y-tamanos.html\",\"url\":\"https:\/\/www.bagnoitalia.com\/es\/producto\/libreria-movil-gaia-en-blanco-mate-y-colores-de-nogal-brillante-disponibles-en-diferentes-modelos-y-tamanos.html\",\"name\":\"Mueble Librer\u00eda Gaia En los colores blanco mate y nogal brillante Disponibles en diferentes modelos y tama\u00f1os - Bagno Italia\",\"isPartOf\":{\"@id\":\"https:\/\/www.bagnoitalia.com\/es#website\"},\"primaryImageOfPage\":{\"@id\":\"https:\/\/www.bagnoitalia.com\/es\/producto\/libreria-movil-gaia-en-blanco-mate-y-colores-de-nogal-brillante-disponibles-en-diferentes-modelos-y-tamanos.html#primaryimage\"},\"image\":{\"@id\":\"https:\/\/www.bagnoitalia.com\/es\/producto\/libreria-movil-gaia-en-blanco-mate-y-colores-de-nogal-brillante-disponibles-en-diferentes-modelos-y-tamanos.html#primaryimage\"},\"thumbnailUrl\":\"https:\/\/img.bagnoitalia.com\/wp-content\/uploads\/virtuemart\/product\/Bookcase-matt-white-glossy-walnut-various-models-and-sizes-Gaia-model-1_1541437581_709.jpg\",\"datePublished\":\"2015-01-15T15:30:58+00:00\",\"dateModified\":\"2024-06-18T12:39:52+00:00\",\"breadcrumb\":{\"@id\":\"https:\/\/www.bagnoitalia.com\/es\/producto\/libreria-movil-gaia-en-blanco-mate-y-colores-de-nogal-brillante-disponibles-en-diferentes-modelos-y-tamanos.html#breadcrumb\"},\"inLanguage\":\"es\",\"potentialAction\":[{\"@type\":\"ReadAction\",\"target\":[\"https:\/\/www.bagnoitalia.com\/es\/producto\/libreria-movil-gaia-en-blanco-mate-y-colores-de-nogal-brillante-disponibles-en-diferentes-modelos-y-tamanos.html\"]}]},{\"@type\":\"ImageObject\",\"inLanguage\":\"es\",\"@id\":\"https:\/\/www.bagnoitalia.com\/es\/producto\/libreria-movil-gaia-en-blanco-mate-y-colores-de-nogal-brillante-disponibles-en-diferentes-modelos-y-tamanos.html#primaryimage\",\"url\":\"https:\/\/img.bagnoitalia.com\/wp-content\/uploads\/virtuemart\/product\/Bookcase-matt-white-glossy-walnut-various-models-and-sizes-Gaia-model-1_1541437581_709.jpg\",\"contentUrl\":\"https:\/\/img.bagnoitalia.com\/wp-content\/uploads\/virtuemart\/product\/Bookcase-matt-white-glossy-walnut-various-models-and-sizes-Gaia-model-1_1541437581_709.jpg\",\"width\":663,\"height\":663},{\"@type\":\"BreadcrumbList\",\"@id\":\"https:\/\/www.bagnoitalia.com\/es\/producto\/libreria-movil-gaia-en-blanco-mate-y-colores-de-nogal-brillante-disponibles-en-diferentes-modelos-y-tamanos.html#breadcrumb\",\"itemListElement\":[{\"@type\":\"ListItem\",\"position\":1,\"name\":\"Home\",\"item\":\"https:\/\/www.bagnoitalia.com\/es\"},{\"@type\":\"ListItem\",\"position\":2,\"name\":\"Productos\",\"item\":\"https:\/\/www.bagnoitalia.com\/es\/shop\"},{\"@type\":\"ListItem\",\"position\":3,\"name\":\"Mueble Librer\u00eda Gaia En los colores blanco mate y nogal brillante Disponibles en diferentes modelos y tama\u00f1os\"}]},{\"@type\":\"WebSite\",\"@id\":\"https:\/\/www.bagnoitalia.com\/es#website\",\"url\":\"https:\/\/www.bagnoitalia.com\/es\",\"name\":\"Bagno Italia\",\"description\":\"\",\"publisher\":{\"@id\":\"https:\/\/www.bagnoitalia.com\/es#organization\"},\"potentialAction\":[{\"@type\":\"SearchAction\",\"target\":{\"@type\":\"EntryPoint\",\"urlTemplate\":\"https:\/\/www.bagnoitalia.com\/es?s={search_term_string}\"},\"query-input\":{\"@type\":\"PropertyValueSpecification\",\"valueRequired\":true,\"valueName\":\"search_term_string\"}}],\"inLanguage\":\"es\"},{\"@type\":\"Organization\",\"@id\":\"https:\/\/www.bagnoitalia.com\/es#organization\",\"name\":\"Bagno Italia\",\"url\":\"https:\/\/www.bagnoitalia.com\/es\",\"logo\":{\"@type\":\"ImageObject\",\"inLanguage\":\"es\",\"@id\":\"https:\/\/www.bagnoitalia.com\/es#\/schema\/logo\/image\/\",\"url\":\"https:\/\/img.bagnoitalia.com\/wp-content\/uploads\/logo-bagnoitalia.webp\",\"contentUrl\":\"https:\/\/img.bagnoitalia.com\/wp-content\/uploads\/logo-bagnoitalia.webp\",\"width\":400,\"height\":70,\"caption\":\"Bagno Italia\"},\"image\":{\"@id\":\"https:\/\/www.bagnoitalia.com\/es#\/schema\/logo\/image\/\"}}]}<\/script>\n<!-- \/ Yoast SEO plugin. -->","yoast_head_json":{"title":"Mueble Librer\u00eda Gaia En los colores blanco mate y nogal brillante Disponibles en diferentes modelos y tama\u00f1os - Bagno Italia","robots":{"index":"index","follow":"follow","max-snippet":"max-snippet:-1","max-image-preview":"max-image-preview:large","max-video-preview":"max-video-preview:-1"},"canonical":"https:\/\/www.bagnoitalia.com\/es\/producto\/libreria-movil-gaia-en-blanco-mate-y-colores-de-nogal-brillante-disponibles-en-diferentes-modelos-y-tamanos.html","og_locale":"es_ES","og_type":"article","og_title":"Mueble Librer\u00eda Gaia En los colores blanco mate y nogal brillante Disponibles en diferentes modelos y tama\u00f1os - Bagno Italia","og_description":"Mueble Librer\u00eda Gaia En los colores blanco mate y nogal brillante Disponibles en diferentes modelos y tama\u00f1os","og_url":"https:\/\/www.bagnoitalia.com\/es\/producto\/libreria-movil-gaia-en-blanco-mate-y-colores-de-nogal-brillante-disponibles-en-diferentes-modelos-y-tamanos.html","og_site_name":"Bagno Italia","article_modified_time":"2024-06-18T12:39:52+00:00","og_image":[{"width":663,"height":663,"url":"https:\/\/img.bagnoitalia.com\/wp-content\/uploads\/virtuemart\/product\/Bookcase-matt-white-glossy-walnut-various-models-and-sizes-Gaia-model-1_1541437581_709.jpg","type":"image\/jpeg"}],"twitter_card":"summary_large_image","twitter_misc":{"Tiempo de lectura":"2 minutos"},"schema":{"@context":"https:\/\/schema.org","@graph":[{"@type":"WebPage","@id":"https:\/\/www.bagnoitalia.com\/es\/producto\/libreria-movil-gaia-en-blanco-mate-y-colores-de-nogal-brillante-disponibles-en-diferentes-modelos-y-tamanos.html","url":"https:\/\/www.bagnoitalia.com\/es\/producto\/libreria-movil-gaia-en-blanco-mate-y-colores-de-nogal-brillante-disponibles-en-diferentes-modelos-y-tamanos.html","name":"Mueble Librer\u00eda Gaia En los colores blanco mate y nogal brillante Disponibles en diferentes modelos y tama\u00f1os - Bagno Italia","isPartOf":{"@id":"https:\/\/www.bagnoitalia.com\/es#website"},"primaryImageOfPage":{"@id":"https:\/\/www.bagnoitalia.com\/es\/producto\/libreria-movil-gaia-en-blanco-mate-y-colores-de-nogal-brillante-disponibles-en-diferentes-modelos-y-tamanos.html#primaryimage"},"image":{"@id":"https:\/\/www.bagnoitalia.com\/es\/producto\/libreria-movil-gaia-en-blanco-mate-y-colores-de-nogal-brillante-disponibles-en-diferentes-modelos-y-tamanos.html#primaryimage"},"thumbnailUrl":"https:\/\/img.bagnoitalia.com\/wp-content\/uploads\/virtuemart\/product\/Bookcase-matt-white-glossy-walnut-various-models-and-sizes-Gaia-model-1_1541437581_709.jpg","datePublished":"2015-01-15T15:30:58+00:00","dateModified":"2024-06-18T12:39:52+00:00","breadcrumb":{"@id":"https:\/\/www.bagnoitalia.com\/es\/producto\/libreria-movil-gaia-en-blanco-mate-y-colores-de-nogal-brillante-disponibles-en-diferentes-modelos-y-tamanos.html#breadcrumb"},"inLanguage":"es","potentialAction":[{"@type":"ReadAction","target":["https:\/\/www.bagnoitalia.com\/es\/producto\/libreria-movil-gaia-en-blanco-mate-y-colores-de-nogal-brillante-disponibles-en-diferentes-modelos-y-tamanos.html"]}]},{"@type":"ImageObject","inLanguage":"es","@id":"https:\/\/www.bagnoitalia.com\/es\/producto\/libreria-movil-gaia-en-blanco-mate-y-colores-de-nogal-brillante-disponibles-en-diferentes-modelos-y-tamanos.html#primaryimage","url":"https:\/\/img.bagnoitalia.com\/wp-content\/uploads\/virtuemart\/product\/Bookcase-matt-white-glossy-walnut-various-models-and-sizes-Gaia-model-1_1541437581_709.jpg","contentUrl":"https:\/\/img.bagnoitalia.com\/wp-content\/uploads\/virtuemart\/product\/Bookcase-matt-white-glossy-walnut-various-models-and-sizes-Gaia-model-1_1541437581_709.jpg","width":663,"height":663},{"@type":"BreadcrumbList","@id":"https:\/\/www.bagnoitalia.com\/es\/producto\/libreria-movil-gaia-en-blanco-mate-y-colores-de-nogal-brillante-disponibles-en-diferentes-modelos-y-tamanos.html#breadcrumb","itemListElement":[{"@type":"ListItem","position":1,"name":"Home","item":"https:\/\/www.bagnoitalia.com\/es"},{"@type":"ListItem","position":2,"name":"Productos","item":"https:\/\/www.bagnoitalia.com\/es\/shop"},{"@type":"ListItem","position":3,"name":"Mueble Librer\u00eda Gaia En los colores blanco mate y nogal brillante Disponibles en diferentes modelos y tama\u00f1os"}]},{"@type":"WebSite","@id":"https:\/\/www.bagnoitalia.com\/es#website","url":"https:\/\/www.bagnoitalia.com\/es","name":"Bagno Italia","description":"","publisher":{"@id":"https:\/\/www.bagnoitalia.com\/es#organization"},"potentialAction":[{"@type":"SearchAction","target":{"@type":"EntryPoint","urlTemplate":"https:\/\/www.bagnoitalia.com\/es?s={search_term_string}"},"query-input":{"@type":"PropertyValueSpecification","valueRequired":true,"valueName":"search_term_string"}}],"inLanguage":"es"},{"@type":"Organization","@id":"https:\/\/www.bagnoitalia.com\/es#organization","name":"Bagno Italia","url":"https:\/\/www.bagnoitalia.com\/es","logo":{"@type":"ImageObject","inLanguage":"es","@id":"https:\/\/www.bagnoitalia.com\/es#\/schema\/logo\/image\/","url":"https:\/\/img.bagnoitalia.com\/wp-content\/uploads\/logo-bagnoitalia.webp","contentUrl":"https:\/\/img.bagnoitalia.com\/wp-content\/uploads\/logo-bagnoitalia.webp","width":400,"height":70,"caption":"Bagno Italia"},"image":{"@id":"https:\/\/www.bagnoitalia.com\/es#\/schema\/logo\/image\/"}}]}},"_links":{"self":[{"href":"https:\/\/www.bagnoitalia.com\/es\/wp-json\/wp\/v2\/product\/79064","targetHints":{"allow":["GET"]}}],"collection":[{"href":"https:\/\/www.bagnoitalia.com\/es\/wp-json\/wp\/v2\/product"}],"about":[{"href":"https:\/\/www.bagnoitalia.com\/es\/wp-json\/wp\/v2\/types\/product"}],"replies":[{"embeddable":true,"href":"https:\/\/www.bagnoitalia.com\/es\/wp-json\/wp\/v2\/comments?post=79064"}],"version-history":[{"count":1,"href":"https:\/\/www.bagnoitalia.com\/es\/wp-json\/wp\/v2\/product\/79064\/revisions"}],"predecessor-version":[{"id":90552,"href":"https:\/\/www.bagnoitalia.com\/es\/wp-json\/wp\/v2\/product\/79064\/revisions\/90552"}],"wp:featuredmedia":[{"embeddable":true,"href":"https:\/\/www.bagnoitalia.com\/es\/wp-json\/wp\/v2\/media\/24266"}],"wp:attachment":[{"href":"https:\/\/www.bagnoitalia.com\/es\/wp-json\/wp\/v2\/media?parent=79064"}],"wp:term":[{"taxonomy":"product_brand","embeddable":true,"href":"https:\/\/www.bagnoitalia.com\/es\/wp-json\/wp\/v2\/product_brand?post=79064"},{"taxonomy":"product_cat","embeddable":true,"href":"https:\/\/www.bagnoitalia.com\/es\/wp-json\/wp\/v2\/product_cat?post=79064"},{"taxonomy":"product_tag","embeddable":true,"href":"https:\/\/www.bagnoitalia.com\/es\/wp-json\/wp\/v2\/product_tag?post=79064"}],"curies":[{"name":"wp","href":"https:\/\/api.w.org\/{rel}","templated":true}]}}