{"id":79048,"date":"2015-01-15T14:25:03","date_gmt":"2015-01-15T13:25:03","guid":{"rendered":"https:\/\/www.bagnoitalia.com\/product\/mesita-de-noche-redonda-de-rose-movil-2-cajones-blanco-mate-brillante-plata-y-oro-disponibles-en-diferentes-modelos"},"modified":"2024-05-20T15:21:32","modified_gmt":"2024-05-20T13:21:32","slug":"mesita-de-noche-redonda-de-rose-movil-2-cajones-blanco-mate-brillante-plata-y-oro-disponibles-en-diferentes-modelos","status":"publish","type":"product","link":"https:\/\/www.bagnoitalia.com\/es\/producto\/mesita-de-noche-redonda-de-rose-movil-2-cajones-blanco-mate-brillante-plata-y-oro-disponibles-en-diferentes-modelos.html","title":{"rendered":"Mesa de noche Rose abombada 2 cajones Color blanco mate, plata y oro Disponibles en diferentes modelos"},"content":{"rendered":"<p><span style=\"font-size: 14pt; font-family: 'arial black', 'avant garde';\">Mesa de noche abombada 2 cajones ROSE<\/span><\/p>\n<div id=\"tab-descrizione\" class=\"clearfix ui-tabs-panel ui-widget-content ui-corner-bottom\">\n<p style=\"text-align: justify;\"><span style=\"font-size: 10pt;\">La mesita de noche <strong>Rose<\/strong> est\u00e1 hecha <strong>de madera maciza de \u00e1lamo <\/strong>en un estilo <strong>contempor\u00e1neo<\/strong> original y refinado con acabados en lacado <strong>blanco<\/strong> <strong>mate<\/strong>,\u00a0<strong>plateado<\/strong> y <strong>dorado<\/strong> .<\/span><\/p>\n<p style=\"text-align: justify;\"><span style=\"font-size: 10pt;\">Producida de forma <strong>artesanal<\/strong> y garantizada, <strong>Made in Italy<\/strong> , Rose destaca por su exclusivo dise\u00f1o redondeado, perfecto para darle un toque de elegancia a su dormitorio.<\/span><\/p>\n<p style=\"text-align: justify;\"><span style=\"font-size: 10pt;\">La mesita de noche Rose, que se entrega ya montada, tambi\u00e9n est\u00e1 equipada con dos c\u00f3modos cajones que la hacen espaciosa y funcional.<\/span><\/p>\n<\/div>\n<p>&nbsp;<\/p>\n<p><span style=\"font-size: 14pt; font-family: 'times new roman', times;\">Disponible en diferentes modelos.<\/span><\/p>\n<p><span style=\"text-decoration: underline;\"><span style=\"font-family: 'comic sans ms', sans-serif; font-size: 13px; color: #ff0000; text-decoration: underline;\">Perillas incluidas, agujero para perillas no presente<\/span><\/span><\/p>\n<p>&nbsp;<\/p>\n<p><span style=\"font-family: 'times new roman', times; font-size: 14pt;\">Mesita de noche 2 cajones blanco opaco 49x29x61h<\/span><\/p>\n<p>&nbsp;<\/p>\n<p><img fetchpriority=\"high\" decoding=\"async\" class=\" size-full wp-image-24162\" src=\"https:\/\/img.bagnoitalia.com\/wp-content\/uploads\/virtuemart\/product\/1018.jpg\" alt=\"tavolo1000.jpg_product_product_product_product_product_product_product_product_product_product_product_product_product_product\" width=\"418\" height=\"418\" srcset=\"https:\/\/img.bagnoitalia.com\/wp-content\/uploads\/virtuemart\/product\/1018.jpg 418w, https:\/\/img.bagnoitalia.com\/wp-content\/uploads\/virtuemart\/product\/1018-100x100.jpg 100w, https:\/\/img.bagnoitalia.com\/wp-content\/uploads\/virtuemart\/product\/1018-150x150.jpg 150w\" sizes=\"(max-width: 418px) 100vw, 418px\" \/><\/p>\n<p><span style=\"font-family: 'arial black', 'avant garde'; font-size: 12pt; color: #0000ff;\">bacalao. 1018<\/span><\/p>\n<p>____________________________________________________________________________<\/p>\n<p><span style=\"font-family: 'times new roman', times; font-size: 19px;\">Mesita de noche 2 cajones plata 49x29x61h<\/span><\/p>\n<p>&nbsp;<\/p>\n<p><img decoding=\"async\" class=\" size-full wp-image-24166\" src=\"https:\/\/img.bagnoitalia.com\/wp-content\/uploads\/virtuemart\/product\/1252a.jpg\" alt=\"tavolo1000.jpg_product_product_product_product_product_product_product_product_product_product_product_product_product_product\" width=\"418\" height=\"418\" srcset=\"https:\/\/img.bagnoitalia.com\/wp-content\/uploads\/virtuemart\/product\/1252a.jpg 418w, https:\/\/img.bagnoitalia.com\/wp-content\/uploads\/virtuemart\/product\/1252a-100x100.jpg 100w, https:\/\/img.bagnoitalia.com\/wp-content\/uploads\/virtuemart\/product\/1252a-150x150.jpg 150w\" sizes=\"(max-width: 418px) 100vw, 418px\" \/><\/p>\n<p><span style=\"font-family: 'arial black', 'avant garde'; font-size: 12pt; color: #0000ff;\">bacalao. 1252<\/span><\/p>\n<p>____________________________________________________________________________<\/p>\n<p><span style=\"font-family: 'times new roman', times; font-size: 19px;\">Mesilla de noche 2 cajones de oro de 49x29x61h<\/span><\/p>\n<p>&nbsp;<\/p>\n<p><img decoding=\"async\" class=\" size-full wp-image-24170\" src=\"https:\/\/img.bagnoitalia.com\/wp-content\/uploads\/virtuemart\/product\/1252o.jpg\" alt=\"tavolo1000.jpg_product_product_product_product_product_product_product_product_product_product_product_product_product_product\" width=\"418\" height=\"418\" srcset=\"https:\/\/img.bagnoitalia.com\/wp-content\/uploads\/virtuemart\/product\/1252o.jpg 418w, https:\/\/img.bagnoitalia.com\/wp-content\/uploads\/virtuemart\/product\/1252o-100x100.jpg 100w, https:\/\/img.bagnoitalia.com\/wp-content\/uploads\/virtuemart\/product\/1252o-150x150.jpg 150w\" sizes=\"(max-width: 418px) 100vw, 418px\" \/><\/p>\n<p><span style=\"font-family: 'arial black', 'avant garde'; font-size: 16px; color: #0000ff;\">bacalao. 1252<\/span><\/p>\n","protected":false},"excerpt":{"rendered":"<p>Mesa de noche Rose abombada 2 cajones Color blanco mate, plata y oro Disponibles en diferentes modelos<\/p>\n","protected":false},"featured_media":24142,"comment_status":"open","ping_status":"closed","template":"","meta":[],"product_brand":[5031],"product_cat":[9789],"product_tag":[],"class_list":{"0":"post-79048","1":"product","2":"type-product","3":"status-publish","4":"has-post-thumbnail","6":"product_brand-tempesta-lineatavoli","7":"product_cat-muebles-varios-muebles-de-interior","9":"first","10":"instock","11":"sale","12":"taxable","13":"shipping-taxable","14":"purchasable","15":"product-type-simple"},"exclude_global_add_ons":false,"addons":[{"name":"Color","type":"multiple_choice","position":0,"required":true,"title_format":"heading","default":"","description_enable":false,"description":"","placeholder_enable":false,"placeholder":"","display":"select","restrictions_type":"any_text","adjust_price":false,"price":"","price_type":"flat_fee","restrictions":false,"min":"0","max":"0","options":[{"label":"Blanco mate","price":"","price_type":"quantity_based","image":0,"visibility":true},{"label":"Plata","price":"59","price_type":"quantity_based","image":0,"visibility":true},{"label":"Oro","price":"75","price_type":"quantity_based","image":0,"visibility":true}],"id":1716218493}],"yoast_head":"<!-- This site is optimized with the Yoast SEO plugin v26.7 - https:\/\/yoast.com\/wordpress\/plugins\/seo\/ -->\n<title>Mesa de noche Rose abombada 2 cajones Color blanco mate, plata y oro Disponibles en diferentes modelos - Bagno Italia<\/title>\n<meta name=\"robots\" content=\"index, follow, max-snippet:-1, max-image-preview:large, max-video-preview:-1\" \/>\n<link rel=\"canonical\" href=\"https:\/\/www.bagnoitalia.com\/es\/producto\/mesita-de-noche-redonda-de-rose-movil-2-cajones-blanco-mate-brillante-plata-y-oro-disponibles-en-diferentes-modelos.html\" \/>\n<meta property=\"og:locale\" content=\"es_ES\" \/>\n<meta property=\"og:type\" content=\"article\" \/>\n<meta property=\"og:title\" content=\"Mesa de noche Rose abombada 2 cajones Color blanco mate, plata y oro Disponibles en diferentes modelos - Bagno Italia\" \/>\n<meta property=\"og:description\" content=\"Mesa de noche Rose abombada 2 cajones Color blanco mate, plata y oro Disponibles en diferentes modelos\" \/>\n<meta property=\"og:url\" content=\"https:\/\/www.bagnoitalia.com\/es\/producto\/mesita-de-noche-redonda-de-rose-movil-2-cajones-blanco-mate-brillante-plata-y-oro-disponibles-en-diferentes-modelos.html\" \/>\n<meta property=\"og:site_name\" content=\"Bagno Italia\" \/>\n<meta property=\"article:modified_time\" content=\"2024-05-20T13:21:32+00:00\" \/>\n<meta property=\"og:image\" content=\"https:\/\/img.bagnoitalia.com\/wp-content\/uploads\/virtuemart\/product\/Convex-bedside-table-2-drawers-matt-glossy-white-silver-gold-1_1541438919_207.jpg\" \/>\n\t<meta property=\"og:image:width\" content=\"640\" \/>\n\t<meta property=\"og:image:height\" content=\"640\" \/>\n\t<meta property=\"og:image:type\" content=\"image\/jpeg\" \/>\n<meta name=\"twitter:card\" content=\"summary_large_image\" \/>\n<meta name=\"twitter:label1\" content=\"Tiempo de lectura\" \/>\n\t<meta name=\"twitter:data1\" content=\"2 minutos\" \/>\n<script type=\"application\/ld+json\" class=\"yoast-schema-graph\">{\"@context\":\"https:\/\/schema.org\",\"@graph\":[{\"@type\":\"WebPage\",\"@id\":\"https:\/\/www.bagnoitalia.com\/es\/producto\/mesita-de-noche-redonda-de-rose-movil-2-cajones-blanco-mate-brillante-plata-y-oro-disponibles-en-diferentes-modelos.html\",\"url\":\"https:\/\/www.bagnoitalia.com\/es\/producto\/mesita-de-noche-redonda-de-rose-movil-2-cajones-blanco-mate-brillante-plata-y-oro-disponibles-en-diferentes-modelos.html\",\"name\":\"Mesa de noche Rose abombada 2 cajones Color blanco mate, plata y oro Disponibles en diferentes modelos - Bagno Italia\",\"isPartOf\":{\"@id\":\"https:\/\/www.bagnoitalia.com\/es#website\"},\"primaryImageOfPage\":{\"@id\":\"https:\/\/www.bagnoitalia.com\/es\/producto\/mesita-de-noche-redonda-de-rose-movil-2-cajones-blanco-mate-brillante-plata-y-oro-disponibles-en-diferentes-modelos.html#primaryimage\"},\"image\":{\"@id\":\"https:\/\/www.bagnoitalia.com\/es\/producto\/mesita-de-noche-redonda-de-rose-movil-2-cajones-blanco-mate-brillante-plata-y-oro-disponibles-en-diferentes-modelos.html#primaryimage\"},\"thumbnailUrl\":\"https:\/\/img.bagnoitalia.com\/wp-content\/uploads\/virtuemart\/product\/Convex-bedside-table-2-drawers-matt-glossy-white-silver-gold-1_1541438919_207.jpg\",\"datePublished\":\"2015-01-15T13:25:03+00:00\",\"dateModified\":\"2024-05-20T13:21:32+00:00\",\"breadcrumb\":{\"@id\":\"https:\/\/www.bagnoitalia.com\/es\/producto\/mesita-de-noche-redonda-de-rose-movil-2-cajones-blanco-mate-brillante-plata-y-oro-disponibles-en-diferentes-modelos.html#breadcrumb\"},\"inLanguage\":\"es\",\"potentialAction\":[{\"@type\":\"ReadAction\",\"target\":[\"https:\/\/www.bagnoitalia.com\/es\/producto\/mesita-de-noche-redonda-de-rose-movil-2-cajones-blanco-mate-brillante-plata-y-oro-disponibles-en-diferentes-modelos.html\"]}]},{\"@type\":\"ImageObject\",\"inLanguage\":\"es\",\"@id\":\"https:\/\/www.bagnoitalia.com\/es\/producto\/mesita-de-noche-redonda-de-rose-movil-2-cajones-blanco-mate-brillante-plata-y-oro-disponibles-en-diferentes-modelos.html#primaryimage\",\"url\":\"https:\/\/img.bagnoitalia.com\/wp-content\/uploads\/virtuemart\/product\/Convex-bedside-table-2-drawers-matt-glossy-white-silver-gold-1_1541438919_207.jpg\",\"contentUrl\":\"https:\/\/img.bagnoitalia.com\/wp-content\/uploads\/virtuemart\/product\/Convex-bedside-table-2-drawers-matt-glossy-white-silver-gold-1_1541438919_207.jpg\",\"width\":640,\"height\":640},{\"@type\":\"BreadcrumbList\",\"@id\":\"https:\/\/www.bagnoitalia.com\/es\/producto\/mesita-de-noche-redonda-de-rose-movil-2-cajones-blanco-mate-brillante-plata-y-oro-disponibles-en-diferentes-modelos.html#breadcrumb\",\"itemListElement\":[{\"@type\":\"ListItem\",\"position\":1,\"name\":\"Home\",\"item\":\"https:\/\/www.bagnoitalia.com\/es\"},{\"@type\":\"ListItem\",\"position\":2,\"name\":\"Productos\",\"item\":\"https:\/\/www.bagnoitalia.com\/es\/shop\"},{\"@type\":\"ListItem\",\"position\":3,\"name\":\"Mesa de noche Rose abombada 2 cajones Color blanco mate, plata y oro Disponibles en diferentes modelos\"}]},{\"@type\":\"WebSite\",\"@id\":\"https:\/\/www.bagnoitalia.com\/es#website\",\"url\":\"https:\/\/www.bagnoitalia.com\/es\",\"name\":\"Bagno Italia\",\"description\":\"\",\"publisher\":{\"@id\":\"https:\/\/www.bagnoitalia.com\/es#organization\"},\"potentialAction\":[{\"@type\":\"SearchAction\",\"target\":{\"@type\":\"EntryPoint\",\"urlTemplate\":\"https:\/\/www.bagnoitalia.com\/es?s={search_term_string}\"},\"query-input\":{\"@type\":\"PropertyValueSpecification\",\"valueRequired\":true,\"valueName\":\"search_term_string\"}}],\"inLanguage\":\"es\"},{\"@type\":\"Organization\",\"@id\":\"https:\/\/www.bagnoitalia.com\/es#organization\",\"name\":\"Bagno Italia\",\"url\":\"https:\/\/www.bagnoitalia.com\/es\",\"logo\":{\"@type\":\"ImageObject\",\"inLanguage\":\"es\",\"@id\":\"https:\/\/www.bagnoitalia.com\/es#\/schema\/logo\/image\/\",\"url\":\"https:\/\/img.bagnoitalia.com\/wp-content\/uploads\/logo-bagnoitalia.webp\",\"contentUrl\":\"https:\/\/img.bagnoitalia.com\/wp-content\/uploads\/logo-bagnoitalia.webp\",\"width\":400,\"height\":70,\"caption\":\"Bagno Italia\"},\"image\":{\"@id\":\"https:\/\/www.bagnoitalia.com\/es#\/schema\/logo\/image\/\"}}]}<\/script>\n<!-- \/ Yoast SEO plugin. -->","yoast_head_json":{"title":"Mesa de noche Rose abombada 2 cajones Color blanco mate, plata y oro Disponibles en diferentes modelos - Bagno Italia","robots":{"index":"index","follow":"follow","max-snippet":"max-snippet:-1","max-image-preview":"max-image-preview:large","max-video-preview":"max-video-preview:-1"},"canonical":"https:\/\/www.bagnoitalia.com\/es\/producto\/mesita-de-noche-redonda-de-rose-movil-2-cajones-blanco-mate-brillante-plata-y-oro-disponibles-en-diferentes-modelos.html","og_locale":"es_ES","og_type":"article","og_title":"Mesa de noche Rose abombada 2 cajones Color blanco mate, plata y oro Disponibles en diferentes modelos - Bagno Italia","og_description":"Mesa de noche Rose abombada 2 cajones Color blanco mate, plata y oro Disponibles en diferentes modelos","og_url":"https:\/\/www.bagnoitalia.com\/es\/producto\/mesita-de-noche-redonda-de-rose-movil-2-cajones-blanco-mate-brillante-plata-y-oro-disponibles-en-diferentes-modelos.html","og_site_name":"Bagno Italia","article_modified_time":"2024-05-20T13:21:32+00:00","og_image":[{"width":640,"height":640,"url":"https:\/\/img.bagnoitalia.com\/wp-content\/uploads\/virtuemart\/product\/Convex-bedside-table-2-drawers-matt-glossy-white-silver-gold-1_1541438919_207.jpg","type":"image\/jpeg"}],"twitter_card":"summary_large_image","twitter_misc":{"Tiempo de lectura":"2 minutos"},"schema":{"@context":"https:\/\/schema.org","@graph":[{"@type":"WebPage","@id":"https:\/\/www.bagnoitalia.com\/es\/producto\/mesita-de-noche-redonda-de-rose-movil-2-cajones-blanco-mate-brillante-plata-y-oro-disponibles-en-diferentes-modelos.html","url":"https:\/\/www.bagnoitalia.com\/es\/producto\/mesita-de-noche-redonda-de-rose-movil-2-cajones-blanco-mate-brillante-plata-y-oro-disponibles-en-diferentes-modelos.html","name":"Mesa de noche Rose abombada 2 cajones Color blanco mate, plata y oro Disponibles en diferentes modelos - Bagno Italia","isPartOf":{"@id":"https:\/\/www.bagnoitalia.com\/es#website"},"primaryImageOfPage":{"@id":"https:\/\/www.bagnoitalia.com\/es\/producto\/mesita-de-noche-redonda-de-rose-movil-2-cajones-blanco-mate-brillante-plata-y-oro-disponibles-en-diferentes-modelos.html#primaryimage"},"image":{"@id":"https:\/\/www.bagnoitalia.com\/es\/producto\/mesita-de-noche-redonda-de-rose-movil-2-cajones-blanco-mate-brillante-plata-y-oro-disponibles-en-diferentes-modelos.html#primaryimage"},"thumbnailUrl":"https:\/\/img.bagnoitalia.com\/wp-content\/uploads\/virtuemart\/product\/Convex-bedside-table-2-drawers-matt-glossy-white-silver-gold-1_1541438919_207.jpg","datePublished":"2015-01-15T13:25:03+00:00","dateModified":"2024-05-20T13:21:32+00:00","breadcrumb":{"@id":"https:\/\/www.bagnoitalia.com\/es\/producto\/mesita-de-noche-redonda-de-rose-movil-2-cajones-blanco-mate-brillante-plata-y-oro-disponibles-en-diferentes-modelos.html#breadcrumb"},"inLanguage":"es","potentialAction":[{"@type":"ReadAction","target":["https:\/\/www.bagnoitalia.com\/es\/producto\/mesita-de-noche-redonda-de-rose-movil-2-cajones-blanco-mate-brillante-plata-y-oro-disponibles-en-diferentes-modelos.html"]}]},{"@type":"ImageObject","inLanguage":"es","@id":"https:\/\/www.bagnoitalia.com\/es\/producto\/mesita-de-noche-redonda-de-rose-movil-2-cajones-blanco-mate-brillante-plata-y-oro-disponibles-en-diferentes-modelos.html#primaryimage","url":"https:\/\/img.bagnoitalia.com\/wp-content\/uploads\/virtuemart\/product\/Convex-bedside-table-2-drawers-matt-glossy-white-silver-gold-1_1541438919_207.jpg","contentUrl":"https:\/\/img.bagnoitalia.com\/wp-content\/uploads\/virtuemart\/product\/Convex-bedside-table-2-drawers-matt-glossy-white-silver-gold-1_1541438919_207.jpg","width":640,"height":640},{"@type":"BreadcrumbList","@id":"https:\/\/www.bagnoitalia.com\/es\/producto\/mesita-de-noche-redonda-de-rose-movil-2-cajones-blanco-mate-brillante-plata-y-oro-disponibles-en-diferentes-modelos.html#breadcrumb","itemListElement":[{"@type":"ListItem","position":1,"name":"Home","item":"https:\/\/www.bagnoitalia.com\/es"},{"@type":"ListItem","position":2,"name":"Productos","item":"https:\/\/www.bagnoitalia.com\/es\/shop"},{"@type":"ListItem","position":3,"name":"Mesa de noche Rose abombada 2 cajones Color blanco mate, plata y oro Disponibles en diferentes modelos"}]},{"@type":"WebSite","@id":"https:\/\/www.bagnoitalia.com\/es#website","url":"https:\/\/www.bagnoitalia.com\/es","name":"Bagno Italia","description":"","publisher":{"@id":"https:\/\/www.bagnoitalia.com\/es#organization"},"potentialAction":[{"@type":"SearchAction","target":{"@type":"EntryPoint","urlTemplate":"https:\/\/www.bagnoitalia.com\/es?s={search_term_string}"},"query-input":{"@type":"PropertyValueSpecification","valueRequired":true,"valueName":"search_term_string"}}],"inLanguage":"es"},{"@type":"Organization","@id":"https:\/\/www.bagnoitalia.com\/es#organization","name":"Bagno Italia","url":"https:\/\/www.bagnoitalia.com\/es","logo":{"@type":"ImageObject","inLanguage":"es","@id":"https:\/\/www.bagnoitalia.com\/es#\/schema\/logo\/image\/","url":"https:\/\/img.bagnoitalia.com\/wp-content\/uploads\/logo-bagnoitalia.webp","contentUrl":"https:\/\/img.bagnoitalia.com\/wp-content\/uploads\/logo-bagnoitalia.webp","width":400,"height":70,"caption":"Bagno Italia"},"image":{"@id":"https:\/\/www.bagnoitalia.com\/es#\/schema\/logo\/image\/"}}]}},"_links":{"self":[{"href":"https:\/\/www.bagnoitalia.com\/es\/wp-json\/wp\/v2\/product\/79048","targetHints":{"allow":["GET"]}}],"collection":[{"href":"https:\/\/www.bagnoitalia.com\/es\/wp-json\/wp\/v2\/product"}],"about":[{"href":"https:\/\/www.bagnoitalia.com\/es\/wp-json\/wp\/v2\/types\/product"}],"replies":[{"embeddable":true,"href":"https:\/\/www.bagnoitalia.com\/es\/wp-json\/wp\/v2\/comments?post=79048"}],"version-history":[{"count":1,"href":"https:\/\/www.bagnoitalia.com\/es\/wp-json\/wp\/v2\/product\/79048\/revisions"}],"predecessor-version":[{"id":87013,"href":"https:\/\/www.bagnoitalia.com\/es\/wp-json\/wp\/v2\/product\/79048\/revisions\/87013"}],"wp:featuredmedia":[{"embeddable":true,"href":"https:\/\/www.bagnoitalia.com\/es\/wp-json\/wp\/v2\/media\/24142"}],"wp:attachment":[{"href":"https:\/\/www.bagnoitalia.com\/es\/wp-json\/wp\/v2\/media?parent=79048"}],"wp:term":[{"taxonomy":"product_brand","embeddable":true,"href":"https:\/\/www.bagnoitalia.com\/es\/wp-json\/wp\/v2\/product_brand?post=79048"},{"taxonomy":"product_cat","embeddable":true,"href":"https:\/\/www.bagnoitalia.com\/es\/wp-json\/wp\/v2\/product_cat?post=79048"},{"taxonomy":"product_tag","embeddable":true,"href":"https:\/\/www.bagnoitalia.com\/es\/wp-json\/wp\/v2\/product_tag?post=79048"}],"curies":[{"name":"wp","href":"https:\/\/api.w.org\/{rel}","templated":true}]}}