{"id":78964,"date":"2014-09-25T13:15:48","date_gmt":"2014-09-25T11:15:48","guid":{"rendered":"https:\/\/www.bagnoitalia.com\/product\/bide-con-serie-de-agua-desague-de-piso-clasico-o-opcion-de-pared-lavabo-con-columna"},"modified":"2026-03-27T16:43:04","modified_gmt":"2026-03-27T15:43:04","slug":"bide-con-serie-de-agua-desague-de-piso-clasico-o-opcion-de-pared-lavabo-con-columna","status":"publish","type":"product","link":"https:\/\/www.bagnoitalia.com\/es\/producto\/bide-con-serie-de-agua-desague-de-piso-clasico-o-opcion-de-pared-lavabo-con-columna.html","title":{"rendered":"Bidet con Inodoro serie Cl\u00e1sica, con drenaje por muro o suelo, opcional: Lavabo con columna"},"content":{"rendered":"<p dir=\"ltr\"><strong>Serie cl\u00e1sica de Inodoro y bid\u00e9 CERAMICA AZZURRA<\/strong><\/p>\n<p>El precio incluye:<\/p>\n<p>N \u00b0 1 <strong>Bid\u00e9 de cer\u00e1mica de<\/strong> orificio <strong>\u00fanico cl\u00e1sico<\/strong> (tambi\u00e9n disponible con 3 orificios)<br \/>\nN. 1 Inodoro <strong>de cer\u00e1mica\u00a0<\/strong>con denaje al piso\u00a0\u00a0(tambi\u00e9n disponible en la pared)<\/p>\n<p>N. Tapa\u00a0 blanca (encargo tambi\u00e9n est\u00e1 disponible en color Nogal)<\/p>\n<p>Es posible agregar tambi\u00e9n la misma serie Lavabo con una columna a trav\u00e9s del men\u00fa anterior.<\/p>\n","protected":false},"excerpt":{"rendered":"<p>Serie completa con bid\u00e9 y asiento de inodoro cl\u00e1sicos, desag\u00fce en el suelo o en la pared, tambi\u00e9n es posible agregar un lavabo con columna, cer\u00e1mica Azzurra<\/p>\n","protected":false},"featured_media":23514,"comment_status":"open","ping_status":"closed","template":"","meta":[],"product_brand":[9881],"product_cat":[9697],"product_tag":[],"class_list":{"0":"post-78964","1":"product","2":"type-product","3":"status-publish","4":"has-post-thumbnail","6":"product_brand-vari-produttori-es","7":"product_cat-bano-sanitario","9":"first","10":"instock","11":"sale","12":"taxable","13":"shipping-taxable","14":"purchasable","15":"product-type-simple"},"exclude_global_add_ons":false,"addons":[{"name":"Tipolog\u00eda","type":"multiple_choice","position":0,"required":true,"title_format":"heading","default":"","description_enable":false,"description":"","placeholder_enable":false,"placeholder":"","display":"select","restrictions_type":"any_text","adjust_price":false,"price":"","price_type":"flat_fee","restrictions":false,"min":"0","max":"0","options":[{"label":"set completo, con desag\u00fce de pared","price":"","price_type":"quantity_based","image":0,"visibility":true},{"label":"set completo, con desag\u00fce de pared y bid\u00e9 con 3 agujeros","price":"","price_type":"quantity_based","image":0,"visibility":true},{"label":"set completo, con desag\u00fce al suelo","price":"","price_type":"quantity_based","image":0,"visibility":true},{"label":"set completo, con desag\u00fce al suelo y bid\u00e9 con 3 agujeros","price":"","price_type":"quantity_based","image":0,"visibility":true}],"id":1717692754},{"name":"Lavabo","type":"multiple_choice","position":1,"required":true,"title_format":"heading","default":"","description_enable":false,"description":"","placeholder_enable":false,"placeholder":"","display":"select","restrictions_type":"any_text","adjust_price":false,"price":"","price_type":"flat_fee","restrictions":false,"min":"0","max":"0","options":[{"label":"SIN lavabo","price":"","price_type":"quantity_based","image":0,"visibility":true},{"label":"lavabo con columna","price":"470","price_type":"quantity_based","image":0,"visibility":true}],"id":1717692755}],"yoast_head":"<!-- This site is optimized with the Yoast SEO plugin v26.7 - https:\/\/yoast.com\/wordpress\/plugins\/seo\/ -->\n<title>Bidet con Inodoro serie Cl\u00e1sica, con drenaje por muro o suelo, opcional: Lavabo con columna - Bagno Italia<\/title>\n<meta name=\"robots\" content=\"index, follow, max-snippet:-1, max-image-preview:large, max-video-preview:-1\" \/>\n<link rel=\"canonical\" href=\"https:\/\/www.bagnoitalia.com\/es\/producto\/bide-con-serie-de-agua-desague-de-piso-clasico-o-opcion-de-pared-lavabo-con-columna.html\" \/>\n<meta property=\"og:locale\" content=\"es_ES\" \/>\n<meta property=\"og:type\" content=\"article\" \/>\n<meta property=\"og:title\" content=\"Bidet con Inodoro serie Cl\u00e1sica, con drenaje por muro o suelo, opcional: Lavabo con columna - Bagno Italia\" \/>\n<meta property=\"og:description\" content=\"Serie completa con bid\u00e9 y asiento de inodoro cl\u00e1sicos, desag\u00fce en el suelo o en la pared, tambi\u00e9n es posible agregar un lavabo con columna, cer\u00e1mica Azzurra\" \/>\n<meta property=\"og:url\" content=\"https:\/\/www.bagnoitalia.com\/es\/producto\/bide-con-serie-de-agua-desague-de-piso-clasico-o-opcion-de-pared-lavabo-con-columna.html\" \/>\n<meta property=\"og:site_name\" content=\"Bagno Italia\" \/>\n<meta property=\"article:modified_time\" content=\"2026-03-27T15:43:04+00:00\" \/>\n<meta property=\"og:image\" content=\"https:\/\/img.bagnoitalia.com\/wp-content\/uploads\/virtuemart\/product\/Classic-WC-and-Bidet-1_1540982775_155.jpg\" \/>\n\t<meta property=\"og:image:width\" content=\"600\" \/>\n\t<meta property=\"og:image:height\" content=\"600\" \/>\n\t<meta property=\"og:image:type\" content=\"image\/jpeg\" \/>\n<meta name=\"twitter:card\" content=\"summary_large_image\" \/>\n<meta name=\"twitter:label1\" content=\"Tiempo de lectura\" \/>\n\t<meta name=\"twitter:data1\" content=\"1 minuto\" \/>\n<script type=\"application\/ld+json\" class=\"yoast-schema-graph\">{\"@context\":\"https:\/\/schema.org\",\"@graph\":[{\"@type\":\"WebPage\",\"@id\":\"https:\/\/www.bagnoitalia.com\/es\/producto\/bide-con-serie-de-agua-desague-de-piso-clasico-o-opcion-de-pared-lavabo-con-columna.html\",\"url\":\"https:\/\/www.bagnoitalia.com\/es\/producto\/bide-con-serie-de-agua-desague-de-piso-clasico-o-opcion-de-pared-lavabo-con-columna.html\",\"name\":\"Bidet con Inodoro serie Cl\u00e1sica, con drenaje por muro o suelo, opcional: Lavabo con columna - Bagno Italia\",\"isPartOf\":{\"@id\":\"https:\/\/www.bagnoitalia.com\/es#website\"},\"primaryImageOfPage\":{\"@id\":\"https:\/\/www.bagnoitalia.com\/es\/producto\/bide-con-serie-de-agua-desague-de-piso-clasico-o-opcion-de-pared-lavabo-con-columna.html#primaryimage\"},\"image\":{\"@id\":\"https:\/\/www.bagnoitalia.com\/es\/producto\/bide-con-serie-de-agua-desague-de-piso-clasico-o-opcion-de-pared-lavabo-con-columna.html#primaryimage\"},\"thumbnailUrl\":\"https:\/\/img.bagnoitalia.com\/wp-content\/uploads\/virtuemart\/product\/Classic-WC-and-Bidet-1_1540982775_155.jpg\",\"datePublished\":\"2014-09-25T11:15:48+00:00\",\"dateModified\":\"2026-03-27T15:43:04+00:00\",\"breadcrumb\":{\"@id\":\"https:\/\/www.bagnoitalia.com\/es\/producto\/bide-con-serie-de-agua-desague-de-piso-clasico-o-opcion-de-pared-lavabo-con-columna.html#breadcrumb\"},\"inLanguage\":\"es\",\"potentialAction\":[{\"@type\":\"ReadAction\",\"target\":[\"https:\/\/www.bagnoitalia.com\/es\/producto\/bide-con-serie-de-agua-desague-de-piso-clasico-o-opcion-de-pared-lavabo-con-columna.html\"]}]},{\"@type\":\"ImageObject\",\"inLanguage\":\"es\",\"@id\":\"https:\/\/www.bagnoitalia.com\/es\/producto\/bide-con-serie-de-agua-desague-de-piso-clasico-o-opcion-de-pared-lavabo-con-columna.html#primaryimage\",\"url\":\"https:\/\/img.bagnoitalia.com\/wp-content\/uploads\/virtuemart\/product\/Classic-WC-and-Bidet-1_1540982775_155.jpg\",\"contentUrl\":\"https:\/\/img.bagnoitalia.com\/wp-content\/uploads\/virtuemart\/product\/Classic-WC-and-Bidet-1_1540982775_155.jpg\",\"width\":600,\"height\":600},{\"@type\":\"BreadcrumbList\",\"@id\":\"https:\/\/www.bagnoitalia.com\/es\/producto\/bide-con-serie-de-agua-desague-de-piso-clasico-o-opcion-de-pared-lavabo-con-columna.html#breadcrumb\",\"itemListElement\":[{\"@type\":\"ListItem\",\"position\":1,\"name\":\"Home\",\"item\":\"https:\/\/www.bagnoitalia.com\/es\"},{\"@type\":\"ListItem\",\"position\":2,\"name\":\"Productos\",\"item\":\"https:\/\/www.bagnoitalia.com\/es\/shop\"},{\"@type\":\"ListItem\",\"position\":3,\"name\":\"Bidet con Inodoro serie Cl\u00e1sica, con drenaje por muro o suelo, opcional: Lavabo con columna\"}]},{\"@type\":\"WebSite\",\"@id\":\"https:\/\/www.bagnoitalia.com\/es#website\",\"url\":\"https:\/\/www.bagnoitalia.com\/es\",\"name\":\"Bagno Italia\",\"description\":\"\",\"publisher\":{\"@id\":\"https:\/\/www.bagnoitalia.com\/es#organization\"},\"potentialAction\":[{\"@type\":\"SearchAction\",\"target\":{\"@type\":\"EntryPoint\",\"urlTemplate\":\"https:\/\/www.bagnoitalia.com\/es?s={search_term_string}\"},\"query-input\":{\"@type\":\"PropertyValueSpecification\",\"valueRequired\":true,\"valueName\":\"search_term_string\"}}],\"inLanguage\":\"es\"},{\"@type\":\"Organization\",\"@id\":\"https:\/\/www.bagnoitalia.com\/es#organization\",\"name\":\"Bagno Italia\",\"url\":\"https:\/\/www.bagnoitalia.com\/es\",\"logo\":{\"@type\":\"ImageObject\",\"inLanguage\":\"es\",\"@id\":\"https:\/\/www.bagnoitalia.com\/es#\/schema\/logo\/image\/\",\"url\":\"https:\/\/img.bagnoitalia.com\/wp-content\/uploads\/logo-bagnoitalia.webp\",\"contentUrl\":\"https:\/\/img.bagnoitalia.com\/wp-content\/uploads\/logo-bagnoitalia.webp\",\"width\":400,\"height\":70,\"caption\":\"Bagno Italia\"},\"image\":{\"@id\":\"https:\/\/www.bagnoitalia.com\/es#\/schema\/logo\/image\/\"}}]}<\/script>\n<!-- \/ Yoast SEO plugin. -->","yoast_head_json":{"title":"Bidet con Inodoro serie Cl\u00e1sica, con drenaje por muro o suelo, opcional: Lavabo con columna - Bagno Italia","robots":{"index":"index","follow":"follow","max-snippet":"max-snippet:-1","max-image-preview":"max-image-preview:large","max-video-preview":"max-video-preview:-1"},"canonical":"https:\/\/www.bagnoitalia.com\/es\/producto\/bide-con-serie-de-agua-desague-de-piso-clasico-o-opcion-de-pared-lavabo-con-columna.html","og_locale":"es_ES","og_type":"article","og_title":"Bidet con Inodoro serie Cl\u00e1sica, con drenaje por muro o suelo, opcional: Lavabo con columna - Bagno Italia","og_description":"Serie completa con bid\u00e9 y asiento de inodoro cl\u00e1sicos, desag\u00fce en el suelo o en la pared, tambi\u00e9n es posible agregar un lavabo con columna, cer\u00e1mica Azzurra","og_url":"https:\/\/www.bagnoitalia.com\/es\/producto\/bide-con-serie-de-agua-desague-de-piso-clasico-o-opcion-de-pared-lavabo-con-columna.html","og_site_name":"Bagno Italia","article_modified_time":"2026-03-27T15:43:04+00:00","og_image":[{"width":600,"height":600,"url":"https:\/\/img.bagnoitalia.com\/wp-content\/uploads\/virtuemart\/product\/Classic-WC-and-Bidet-1_1540982775_155.jpg","type":"image\/jpeg"}],"twitter_card":"summary_large_image","twitter_misc":{"Tiempo de lectura":"1 minuto"},"schema":{"@context":"https:\/\/schema.org","@graph":[{"@type":"WebPage","@id":"https:\/\/www.bagnoitalia.com\/es\/producto\/bide-con-serie-de-agua-desague-de-piso-clasico-o-opcion-de-pared-lavabo-con-columna.html","url":"https:\/\/www.bagnoitalia.com\/es\/producto\/bide-con-serie-de-agua-desague-de-piso-clasico-o-opcion-de-pared-lavabo-con-columna.html","name":"Bidet con Inodoro serie Cl\u00e1sica, con drenaje por muro o suelo, opcional: Lavabo con columna - Bagno Italia","isPartOf":{"@id":"https:\/\/www.bagnoitalia.com\/es#website"},"primaryImageOfPage":{"@id":"https:\/\/www.bagnoitalia.com\/es\/producto\/bide-con-serie-de-agua-desague-de-piso-clasico-o-opcion-de-pared-lavabo-con-columna.html#primaryimage"},"image":{"@id":"https:\/\/www.bagnoitalia.com\/es\/producto\/bide-con-serie-de-agua-desague-de-piso-clasico-o-opcion-de-pared-lavabo-con-columna.html#primaryimage"},"thumbnailUrl":"https:\/\/img.bagnoitalia.com\/wp-content\/uploads\/virtuemart\/product\/Classic-WC-and-Bidet-1_1540982775_155.jpg","datePublished":"2014-09-25T11:15:48+00:00","dateModified":"2026-03-27T15:43:04+00:00","breadcrumb":{"@id":"https:\/\/www.bagnoitalia.com\/es\/producto\/bide-con-serie-de-agua-desague-de-piso-clasico-o-opcion-de-pared-lavabo-con-columna.html#breadcrumb"},"inLanguage":"es","potentialAction":[{"@type":"ReadAction","target":["https:\/\/www.bagnoitalia.com\/es\/producto\/bide-con-serie-de-agua-desague-de-piso-clasico-o-opcion-de-pared-lavabo-con-columna.html"]}]},{"@type":"ImageObject","inLanguage":"es","@id":"https:\/\/www.bagnoitalia.com\/es\/producto\/bide-con-serie-de-agua-desague-de-piso-clasico-o-opcion-de-pared-lavabo-con-columna.html#primaryimage","url":"https:\/\/img.bagnoitalia.com\/wp-content\/uploads\/virtuemart\/product\/Classic-WC-and-Bidet-1_1540982775_155.jpg","contentUrl":"https:\/\/img.bagnoitalia.com\/wp-content\/uploads\/virtuemart\/product\/Classic-WC-and-Bidet-1_1540982775_155.jpg","width":600,"height":600},{"@type":"BreadcrumbList","@id":"https:\/\/www.bagnoitalia.com\/es\/producto\/bide-con-serie-de-agua-desague-de-piso-clasico-o-opcion-de-pared-lavabo-con-columna.html#breadcrumb","itemListElement":[{"@type":"ListItem","position":1,"name":"Home","item":"https:\/\/www.bagnoitalia.com\/es"},{"@type":"ListItem","position":2,"name":"Productos","item":"https:\/\/www.bagnoitalia.com\/es\/shop"},{"@type":"ListItem","position":3,"name":"Bidet con Inodoro serie Cl\u00e1sica, con drenaje por muro o suelo, opcional: Lavabo con columna"}]},{"@type":"WebSite","@id":"https:\/\/www.bagnoitalia.com\/es#website","url":"https:\/\/www.bagnoitalia.com\/es","name":"Bagno Italia","description":"","publisher":{"@id":"https:\/\/www.bagnoitalia.com\/es#organization"},"potentialAction":[{"@type":"SearchAction","target":{"@type":"EntryPoint","urlTemplate":"https:\/\/www.bagnoitalia.com\/es?s={search_term_string}"},"query-input":{"@type":"PropertyValueSpecification","valueRequired":true,"valueName":"search_term_string"}}],"inLanguage":"es"},{"@type":"Organization","@id":"https:\/\/www.bagnoitalia.com\/es#organization","name":"Bagno Italia","url":"https:\/\/www.bagnoitalia.com\/es","logo":{"@type":"ImageObject","inLanguage":"es","@id":"https:\/\/www.bagnoitalia.com\/es#\/schema\/logo\/image\/","url":"https:\/\/img.bagnoitalia.com\/wp-content\/uploads\/logo-bagnoitalia.webp","contentUrl":"https:\/\/img.bagnoitalia.com\/wp-content\/uploads\/logo-bagnoitalia.webp","width":400,"height":70,"caption":"Bagno Italia"},"image":{"@id":"https:\/\/www.bagnoitalia.com\/es#\/schema\/logo\/image\/"}}]}},"_links":{"self":[{"href":"https:\/\/www.bagnoitalia.com\/es\/wp-json\/wp\/v2\/product\/78964","targetHints":{"allow":["GET"]}}],"collection":[{"href":"https:\/\/www.bagnoitalia.com\/es\/wp-json\/wp\/v2\/product"}],"about":[{"href":"https:\/\/www.bagnoitalia.com\/es\/wp-json\/wp\/v2\/types\/product"}],"replies":[{"embeddable":true,"href":"https:\/\/www.bagnoitalia.com\/es\/wp-json\/wp\/v2\/comments?post=78964"}],"version-history":[{"count":1,"href":"https:\/\/www.bagnoitalia.com\/es\/wp-json\/wp\/v2\/product\/78964\/revisions"}],"predecessor-version":[{"id":89602,"href":"https:\/\/www.bagnoitalia.com\/es\/wp-json\/wp\/v2\/product\/78964\/revisions\/89602"}],"wp:featuredmedia":[{"embeddable":true,"href":"https:\/\/www.bagnoitalia.com\/es\/wp-json\/wp\/v2\/media\/23514"}],"wp:attachment":[{"href":"https:\/\/www.bagnoitalia.com\/es\/wp-json\/wp\/v2\/media?parent=78964"}],"wp:term":[{"taxonomy":"product_brand","embeddable":true,"href":"https:\/\/www.bagnoitalia.com\/es\/wp-json\/wp\/v2\/product_brand?post=78964"},{"taxonomy":"product_cat","embeddable":true,"href":"https:\/\/www.bagnoitalia.com\/es\/wp-json\/wp\/v2\/product_cat?post=78964"},{"taxonomy":"product_tag","embeddable":true,"href":"https:\/\/www.bagnoitalia.com\/es\/wp-json\/wp\/v2\/product_tag?post=78964"}],"curies":[{"name":"wp","href":"https:\/\/api.w.org\/{rel}","templated":true}]}}