{"id":78960,"date":"2014-09-23T09:04:32","date_gmt":"2014-09-23T07:04:32","guid":{"rendered":"https:\/\/www.bagnoitalia.com\/product\/cabina-de-ducha-70x90-reversible-transparente-o-semicircular-vidrio-opaco-box010"},"modified":"2026-04-01T16:53:14","modified_gmt":"2026-04-01T14:53:14","slug":"cabina-de-ducha-70x90-reversible-transparente-o-semicircular-vidrio-opaco-box010","status":"publish","type":"product","link":"https:\/\/www.bagnoitalia.com\/es\/producto\/cabina-de-ducha-70x90-reversible-transparente-o-semicircular-vidrio-opaco-box010.html","title":{"rendered":"Cabina de ducha 70&#215;90 cm cristal semicircular transparente u opaco altura 185 o 200 cm BOX010"},"content":{"rendered":"<p>Cabina de ducha semicircular de 70&#215;90 cm con una altura de 185 cm o 200 cm. Equipada con cristal templado de 6 mm de espesor disponible en versi\u00f3n transparente y opaca. Perfiles de aluminio cromado pulido, cierre imantado (im\u00e1n) y apertura con 2 puertas correderas.<\/p>\n<p>Es posible a\u00f1adir el plato de ducha (no incluido en el precio inicial) seleccionando la versi\u00f3n deseada (derecha o izquierda, ver im\u00e1genes del producto).<\/p>\n<p>Se trata de una mampara de ducha muy c\u00f3moda, con dimensiones adaptables a cualquier situaci\u00f3n de ba\u00f1o y fabricada con materiales de primera calidad. Desde Bagno Italia la recomendamos a quienes exigen s\u00f3lo lo mejor para s\u00ed mismos y su familia.<\/p>\n<p>&nbsp;<\/p>\n<p style=\"text-align: center;\"><span style=\"text-decoration: underline; color: #ff0000; font-size: 18pt;\"><strong>Cabina de ducha semicircular 70&#215;90 cm<\/strong><\/span><\/p>\n<p>&nbsp;<\/p>\n<p>Disponible con altura 185 cm o 200 cm<\/p>\n<p>Reversible<\/p>\n<p>Cristal templado 6mm<\/p>\n<p>Disponible con cristal transparente u opaco<\/p>\n<p>Perfiles de aluminio cromado pulido<\/p>\n<p>Tirador ABS cromado<\/p>\n<p>Cierre magn\u00e9tico (im\u00e1n)<\/p>\n<p>Junta antigoteo<\/p>\n<p>Apertura con 2 puertas correderas<\/p>\n<p>Espacio de entrada 38 cm<\/p>\n<p>Radio de curvatura 38 cm<\/p>\n<p>Ajustable hasta 2 cm menos por lado (68-70 y 88-90 cm)<\/p>\n<p>Puerta corredera sobre rodillo de doble rueda<\/p>\n<p>Puede instalarse a ras de suelo<\/p>\n<p>Desbloqueo r\u00e1pido de la puerta<\/p>\n<p>&nbsp;<\/p>\n<p><span style=\"text-decoration: underline;\"><strong>ATENCI\u00d3N: mediante el men\u00fa desplegable es posible a\u00f1adir el PLATO DE DUCHA, en versi\u00f3n derecha o izquierda (ver foto)<\/strong><\/span><\/p>\n<p>Caracter\u00edsticas del plato de ducha:<\/p>\n<p>Plato de ducha semicircular 70&#215;90 cm<\/p>\n<p>Radio de curvatura 38cm<\/p>\n<p>Altura 3 cm<\/p>\n<p>Fabricado en m\u00e1rmol mineral efecto piedra blanco<\/p>\n<p>Tambi\u00e9n se puede instalar a ras de suelo<\/p>\n<p>Rejilla incluida<\/p>\n<p>Desag\u00fce \u00d8 9 cm<\/p>\n<p>Desag\u00fce NO incluido, se puede a\u00f1adir a trav\u00e9s del men\u00fa desplegable<\/p>\n<p>&nbsp;<\/p>\n<p>&nbsp;<\/p>\n<p>&nbsp;<\/p>\n<p>&nbsp;<\/p>\n<p>&nbsp;<\/p>\n","protected":false},"excerpt":{"rendered":"<p>Cabina de ducha 70&#215;90 semicircular (reversible o con plato de ducha en versi\u00f3n derecha o izquierda) perfil de aluminio, cristal de 6 mm<\/p>\n","protected":false},"featured_media":23448,"comment_status":"open","ping_status":"closed","template":"","meta":[],"product_brand":[9884],"product_cat":[9813,9713],"product_tag":[],"class_list":{"0":"post-78960","1":"product","2":"type-product","3":"status-publish","4":"has-post-thumbnail","6":"product_brand-deghi-es","7":"product_cat-cabina-de-ducha-semicircular-cabina-de-ducha","8":"product_cat-cabina-de-ducha","10":"first","11":"instock","12":"sale","13":"taxable","14":"shipping-taxable","15":"purchasable","16":"product-type-simple"},"exclude_global_add_ons":false,"addons":[{"name":"cristal","type":"multiple_choice","position":0,"required":false,"title_format":"label","default":"","description_enable":false,"description":"","placeholder_enable":false,"placeholder":"","display":"select","restrictions_type":"any_text","adjust_price":false,"price":"","price_type":"flat_fee","restrictions":false,"min":"0","max":"0","options":[{"label":"Transparente","price":"","price_type":"flat_fee","image":0,"visibility":true},{"label":"Opaco","price":"15","price_type":"flat_fee","image":0,"visibility":true}],"id":1731941299},{"name":"altura","type":"multiple_choice","position":1,"required":false,"title_format":"label","default":"","description_enable":false,"description":"","placeholder_enable":false,"placeholder":"","display":"select","restrictions_type":"any_text","adjust_price":false,"price":"","price_type":"flat_fee","restrictions":false,"min":"0","max":"0","options":[{"label":"185 cm","price":"","price_type":"flat_fee","image":0,"visibility":true},{"label":"200 cm","price":"15","price_type":"flat_fee","image":0,"visibility":true}],"id":1731941300},{"name":"Plato de ducha","type":"multiple_choice","position":2,"required":false,"title_format":"label","default":"","description_enable":false,"description":"","placeholder_enable":false,"placeholder":"","display":"select","restrictions_type":"any_text","adjust_price":false,"price":"","price_type":"flat_fee","restrictions":false,"min":"0","max":"0","options":[{"label":"NO Plato de ducha","price":"","price_type":"flat_fee","image":0,"visibility":true},{"label":"plato de ducha versi\u00f3n derecha","price":"230","price_type":"flat_fee","image":0,"visibility":true},{"label":"plato de ducha versi\u00f3n izquierda","price":"230","price_type":"flat_fee","image":0,"visibility":true}],"id":1731941301},{"name":"Desag\u00fce","type":"multiple_choice","position":3,"required":false,"title_format":"label","default":"","description_enable":false,"description":"","placeholder_enable":false,"placeholder":"","display":"select","restrictions_type":"any_text","adjust_price":false,"price":"","price_type":"flat_fee","restrictions":false,"min":"0","max":"0","options":[{"label":"no","price":"","price_type":"flat_fee","image":0,"visibility":true},{"label":"salida del plato de ducha","price":"35","price_type":"flat_fee","image":0,"visibility":true}],"id":1731941302}],"yoast_head":"<!-- This site is optimized with the Yoast SEO plugin v26.7 - https:\/\/yoast.com\/wordpress\/plugins\/seo\/ -->\n<title>Cabina de ducha 70x90 cm cristal semicircular transparente u opaco altura 185 o 200 cm BOX010<\/title>\n<meta name=\"description\" content=\"Cabina de ducha 70x90 semicircular (reversible o con plato de ducha en versi\u00f3n derecha o izquierda) perfil de aluminio, cristal de 6 mm\" \/>\n<meta name=\"robots\" content=\"index, follow, max-snippet:-1, max-image-preview:large, max-video-preview:-1\" \/>\n<link rel=\"canonical\" href=\"https:\/\/www.bagnoitalia.com\/es\/producto\/cabina-de-ducha-70x90-reversible-transparente-o-semicircular-vidrio-opaco-box010.html\" \/>\n<meta property=\"og:locale\" content=\"es_ES\" \/>\n<meta property=\"og:type\" content=\"article\" \/>\n<meta property=\"og:title\" content=\"Cabina de ducha 70x90 cm cristal semicircular transparente u opaco altura 185 o 200 cm BOX010\" \/>\n<meta property=\"og:description\" content=\"Cabina de ducha 70x90 semicircular (reversible o con plato de ducha en versi\u00f3n derecha o izquierda) perfil de aluminio, cristal de 6 mm\" \/>\n<meta property=\"og:url\" content=\"https:\/\/www.bagnoitalia.com\/es\/producto\/cabina-de-ducha-70x90-reversible-transparente-o-semicircular-vidrio-opaco-box010.html\" \/>\n<meta property=\"og:site_name\" content=\"Bagno Italia\" \/>\n<meta property=\"article:modified_time\" content=\"2026-04-01T14:53:14+00:00\" \/>\n<meta property=\"og:image\" content=\"https:\/\/img.bagnoitalia.com\/wp-content\/uploads\/virtuemart\/product\/semi-circular_shower-box-asymmetrical-70x90-opaque-transparent-1.jpg\" \/>\n\t<meta property=\"og:image:width\" content=\"550\" \/>\n\t<meta property=\"og:image:height\" content=\"550\" \/>\n\t<meta property=\"og:image:type\" content=\"image\/jpeg\" \/>\n<meta name=\"twitter:card\" content=\"summary_large_image\" \/>\n<meta name=\"twitter:label1\" content=\"Tiempo de lectura\" \/>\n\t<meta name=\"twitter:data1\" content=\"2 minutos\" \/>\n<script type=\"application\/ld+json\" class=\"yoast-schema-graph\">{\"@context\":\"https:\/\/schema.org\",\"@graph\":[{\"@type\":\"WebPage\",\"@id\":\"https:\/\/www.bagnoitalia.com\/es\/producto\/cabina-de-ducha-70x90-reversible-transparente-o-semicircular-vidrio-opaco-box010.html\",\"url\":\"https:\/\/www.bagnoitalia.com\/es\/producto\/cabina-de-ducha-70x90-reversible-transparente-o-semicircular-vidrio-opaco-box010.html\",\"name\":\"Cabina de ducha 70x90 cm cristal semicircular transparente u opaco altura 185 o 200 cm BOX010\",\"isPartOf\":{\"@id\":\"https:\/\/www.bagnoitalia.com\/es#website\"},\"primaryImageOfPage\":{\"@id\":\"https:\/\/www.bagnoitalia.com\/es\/producto\/cabina-de-ducha-70x90-reversible-transparente-o-semicircular-vidrio-opaco-box010.html#primaryimage\"},\"image\":{\"@id\":\"https:\/\/www.bagnoitalia.com\/es\/producto\/cabina-de-ducha-70x90-reversible-transparente-o-semicircular-vidrio-opaco-box010.html#primaryimage\"},\"thumbnailUrl\":\"https:\/\/img.bagnoitalia.com\/wp-content\/uploads\/virtuemart\/product\/semi-circular_shower-box-asymmetrical-70x90-opaque-transparent-1.jpg\",\"datePublished\":\"2014-09-23T07:04:32+00:00\",\"dateModified\":\"2026-04-01T14:53:14+00:00\",\"description\":\"Cabina de ducha 70x90 semicircular (reversible o con plato de ducha en versi\u00f3n derecha o izquierda) perfil de aluminio, cristal de 6 mm\",\"breadcrumb\":{\"@id\":\"https:\/\/www.bagnoitalia.com\/es\/producto\/cabina-de-ducha-70x90-reversible-transparente-o-semicircular-vidrio-opaco-box010.html#breadcrumb\"},\"inLanguage\":\"es\",\"potentialAction\":[{\"@type\":\"ReadAction\",\"target\":[\"https:\/\/www.bagnoitalia.com\/es\/producto\/cabina-de-ducha-70x90-reversible-transparente-o-semicircular-vidrio-opaco-box010.html\"]}]},{\"@type\":\"ImageObject\",\"inLanguage\":\"es\",\"@id\":\"https:\/\/www.bagnoitalia.com\/es\/producto\/cabina-de-ducha-70x90-reversible-transparente-o-semicircular-vidrio-opaco-box010.html#primaryimage\",\"url\":\"https:\/\/img.bagnoitalia.com\/wp-content\/uploads\/virtuemart\/product\/semi-circular_shower-box-asymmetrical-70x90-opaque-transparent-1.jpg\",\"contentUrl\":\"https:\/\/img.bagnoitalia.com\/wp-content\/uploads\/virtuemart\/product\/semi-circular_shower-box-asymmetrical-70x90-opaque-transparent-1.jpg\",\"width\":550,\"height\":550},{\"@type\":\"BreadcrumbList\",\"@id\":\"https:\/\/www.bagnoitalia.com\/es\/producto\/cabina-de-ducha-70x90-reversible-transparente-o-semicircular-vidrio-opaco-box010.html#breadcrumb\",\"itemListElement\":[{\"@type\":\"ListItem\",\"position\":1,\"name\":\"Home\",\"item\":\"https:\/\/www.bagnoitalia.com\/es\"},{\"@type\":\"ListItem\",\"position\":2,\"name\":\"Productos\",\"item\":\"https:\/\/www.bagnoitalia.com\/es\/shop\"},{\"@type\":\"ListItem\",\"position\":3,\"name\":\"Cabina de ducha 70&#215;90 cm cristal semicircular transparente u opaco altura 185 o 200 cm BOX010\"}]},{\"@type\":\"WebSite\",\"@id\":\"https:\/\/www.bagnoitalia.com\/es#website\",\"url\":\"https:\/\/www.bagnoitalia.com\/es\",\"name\":\"Bagno Italia\",\"description\":\"\",\"publisher\":{\"@id\":\"https:\/\/www.bagnoitalia.com\/es#organization\"},\"potentialAction\":[{\"@type\":\"SearchAction\",\"target\":{\"@type\":\"EntryPoint\",\"urlTemplate\":\"https:\/\/www.bagnoitalia.com\/es?s={search_term_string}\"},\"query-input\":{\"@type\":\"PropertyValueSpecification\",\"valueRequired\":true,\"valueName\":\"search_term_string\"}}],\"inLanguage\":\"es\"},{\"@type\":\"Organization\",\"@id\":\"https:\/\/www.bagnoitalia.com\/es#organization\",\"name\":\"Bagno Italia\",\"url\":\"https:\/\/www.bagnoitalia.com\/es\",\"logo\":{\"@type\":\"ImageObject\",\"inLanguage\":\"es\",\"@id\":\"https:\/\/www.bagnoitalia.com\/es#\/schema\/logo\/image\/\",\"url\":\"https:\/\/img.bagnoitalia.com\/wp-content\/uploads\/logo-bagnoitalia.webp\",\"contentUrl\":\"https:\/\/img.bagnoitalia.com\/wp-content\/uploads\/logo-bagnoitalia.webp\",\"width\":400,\"height\":70,\"caption\":\"Bagno Italia\"},\"image\":{\"@id\":\"https:\/\/www.bagnoitalia.com\/es#\/schema\/logo\/image\/\"}}]}<\/script>\n<!-- \/ Yoast SEO plugin. -->","yoast_head_json":{"title":"Cabina de ducha 70x90 cm cristal semicircular transparente u opaco altura 185 o 200 cm BOX010","description":"Cabina de ducha 70x90 semicircular (reversible o con plato de ducha en versi\u00f3n derecha o izquierda) perfil de aluminio, cristal de 6 mm","robots":{"index":"index","follow":"follow","max-snippet":"max-snippet:-1","max-image-preview":"max-image-preview:large","max-video-preview":"max-video-preview:-1"},"canonical":"https:\/\/www.bagnoitalia.com\/es\/producto\/cabina-de-ducha-70x90-reversible-transparente-o-semicircular-vidrio-opaco-box010.html","og_locale":"es_ES","og_type":"article","og_title":"Cabina de ducha 70x90 cm cristal semicircular transparente u opaco altura 185 o 200 cm BOX010","og_description":"Cabina de ducha 70x90 semicircular (reversible o con plato de ducha en versi\u00f3n derecha o izquierda) perfil de aluminio, cristal de 6 mm","og_url":"https:\/\/www.bagnoitalia.com\/es\/producto\/cabina-de-ducha-70x90-reversible-transparente-o-semicircular-vidrio-opaco-box010.html","og_site_name":"Bagno Italia","article_modified_time":"2026-04-01T14:53:14+00:00","og_image":[{"width":550,"height":550,"url":"https:\/\/img.bagnoitalia.com\/wp-content\/uploads\/virtuemart\/product\/semi-circular_shower-box-asymmetrical-70x90-opaque-transparent-1.jpg","type":"image\/jpeg"}],"twitter_card":"summary_large_image","twitter_misc":{"Tiempo de lectura":"2 minutos"},"schema":{"@context":"https:\/\/schema.org","@graph":[{"@type":"WebPage","@id":"https:\/\/www.bagnoitalia.com\/es\/producto\/cabina-de-ducha-70x90-reversible-transparente-o-semicircular-vidrio-opaco-box010.html","url":"https:\/\/www.bagnoitalia.com\/es\/producto\/cabina-de-ducha-70x90-reversible-transparente-o-semicircular-vidrio-opaco-box010.html","name":"Cabina de ducha 70x90 cm cristal semicircular transparente u opaco altura 185 o 200 cm BOX010","isPartOf":{"@id":"https:\/\/www.bagnoitalia.com\/es#website"},"primaryImageOfPage":{"@id":"https:\/\/www.bagnoitalia.com\/es\/producto\/cabina-de-ducha-70x90-reversible-transparente-o-semicircular-vidrio-opaco-box010.html#primaryimage"},"image":{"@id":"https:\/\/www.bagnoitalia.com\/es\/producto\/cabina-de-ducha-70x90-reversible-transparente-o-semicircular-vidrio-opaco-box010.html#primaryimage"},"thumbnailUrl":"https:\/\/img.bagnoitalia.com\/wp-content\/uploads\/virtuemart\/product\/semi-circular_shower-box-asymmetrical-70x90-opaque-transparent-1.jpg","datePublished":"2014-09-23T07:04:32+00:00","dateModified":"2026-04-01T14:53:14+00:00","description":"Cabina de ducha 70x90 semicircular (reversible o con plato de ducha en versi\u00f3n derecha o izquierda) perfil de aluminio, cristal de 6 mm","breadcrumb":{"@id":"https:\/\/www.bagnoitalia.com\/es\/producto\/cabina-de-ducha-70x90-reversible-transparente-o-semicircular-vidrio-opaco-box010.html#breadcrumb"},"inLanguage":"es","potentialAction":[{"@type":"ReadAction","target":["https:\/\/www.bagnoitalia.com\/es\/producto\/cabina-de-ducha-70x90-reversible-transparente-o-semicircular-vidrio-opaco-box010.html"]}]},{"@type":"ImageObject","inLanguage":"es","@id":"https:\/\/www.bagnoitalia.com\/es\/producto\/cabina-de-ducha-70x90-reversible-transparente-o-semicircular-vidrio-opaco-box010.html#primaryimage","url":"https:\/\/img.bagnoitalia.com\/wp-content\/uploads\/virtuemart\/product\/semi-circular_shower-box-asymmetrical-70x90-opaque-transparent-1.jpg","contentUrl":"https:\/\/img.bagnoitalia.com\/wp-content\/uploads\/virtuemart\/product\/semi-circular_shower-box-asymmetrical-70x90-opaque-transparent-1.jpg","width":550,"height":550},{"@type":"BreadcrumbList","@id":"https:\/\/www.bagnoitalia.com\/es\/producto\/cabina-de-ducha-70x90-reversible-transparente-o-semicircular-vidrio-opaco-box010.html#breadcrumb","itemListElement":[{"@type":"ListItem","position":1,"name":"Home","item":"https:\/\/www.bagnoitalia.com\/es"},{"@type":"ListItem","position":2,"name":"Productos","item":"https:\/\/www.bagnoitalia.com\/es\/shop"},{"@type":"ListItem","position":3,"name":"Cabina de ducha 70&#215;90 cm cristal semicircular transparente u opaco altura 185 o 200 cm BOX010"}]},{"@type":"WebSite","@id":"https:\/\/www.bagnoitalia.com\/es#website","url":"https:\/\/www.bagnoitalia.com\/es","name":"Bagno Italia","description":"","publisher":{"@id":"https:\/\/www.bagnoitalia.com\/es#organization"},"potentialAction":[{"@type":"SearchAction","target":{"@type":"EntryPoint","urlTemplate":"https:\/\/www.bagnoitalia.com\/es?s={search_term_string}"},"query-input":{"@type":"PropertyValueSpecification","valueRequired":true,"valueName":"search_term_string"}}],"inLanguage":"es"},{"@type":"Organization","@id":"https:\/\/www.bagnoitalia.com\/es#organization","name":"Bagno Italia","url":"https:\/\/www.bagnoitalia.com\/es","logo":{"@type":"ImageObject","inLanguage":"es","@id":"https:\/\/www.bagnoitalia.com\/es#\/schema\/logo\/image\/","url":"https:\/\/img.bagnoitalia.com\/wp-content\/uploads\/logo-bagnoitalia.webp","contentUrl":"https:\/\/img.bagnoitalia.com\/wp-content\/uploads\/logo-bagnoitalia.webp","width":400,"height":70,"caption":"Bagno Italia"},"image":{"@id":"https:\/\/www.bagnoitalia.com\/es#\/schema\/logo\/image\/"}}]}},"_links":{"self":[{"href":"https:\/\/www.bagnoitalia.com\/es\/wp-json\/wp\/v2\/product\/78960","targetHints":{"allow":["GET"]}}],"collection":[{"href":"https:\/\/www.bagnoitalia.com\/es\/wp-json\/wp\/v2\/product"}],"about":[{"href":"https:\/\/www.bagnoitalia.com\/es\/wp-json\/wp\/v2\/types\/product"}],"replies":[{"embeddable":true,"href":"https:\/\/www.bagnoitalia.com\/es\/wp-json\/wp\/v2\/comments?post=78960"}],"version-history":[{"count":4,"href":"https:\/\/www.bagnoitalia.com\/es\/wp-json\/wp\/v2\/product\/78960\/revisions"}],"predecessor-version":[{"id":117020,"href":"https:\/\/www.bagnoitalia.com\/es\/wp-json\/wp\/v2\/product\/78960\/revisions\/117020"}],"wp:featuredmedia":[{"embeddable":true,"href":"https:\/\/www.bagnoitalia.com\/es\/wp-json\/wp\/v2\/media\/23448"}],"wp:attachment":[{"href":"https:\/\/www.bagnoitalia.com\/es\/wp-json\/wp\/v2\/media?parent=78960"}],"wp:term":[{"taxonomy":"product_brand","embeddable":true,"href":"https:\/\/www.bagnoitalia.com\/es\/wp-json\/wp\/v2\/product_brand?post=78960"},{"taxonomy":"product_cat","embeddable":true,"href":"https:\/\/www.bagnoitalia.com\/es\/wp-json\/wp\/v2\/product_cat?post=78960"},{"taxonomy":"product_tag","embeddable":true,"href":"https:\/\/www.bagnoitalia.com\/es\/wp-json\/wp\/v2\/product_tag?post=78960"}],"curies":[{"name":"wp","href":"https:\/\/api.w.org\/{rel}","templated":true}]}}