{"id":78952,"date":"2014-08-27T16:17:33","date_gmt":"2014-08-27T14:17:33","guid":{"rendered":"https:\/\/www.bagnoitalia.com\/product\/sauna-de-infrarrojos-120x100-con-marco-de-madera-de-puertas-de-vidrio-para-dos-personas-sn008"},"modified":"2024-05-11T00:09:56","modified_gmt":"2024-05-10T22:09:56","slug":"sauna-de-infrarrojos-120x100-con-marco-de-madera-de-puertas-de-vidrio-para-dos-personas-sn008","status":"publish","type":"product","link":"https:\/\/www.bagnoitalia.com\/es\/producto\/sauna-de-infrarrojos-120x100-con-marco-de-madera-de-puertas-de-vidrio-para-dos-personas-sn008.html","title":{"rendered":"Sauna de Infrarrojos 120&#215;100 con puerta en vidrio estructura en madera para dos personas SN008"},"content":{"rendered":"<p><strong>Sauna de infrarrojos 120 x 100 x 190 h biplaza <br \/><\/strong><\/p>\n<ul>\n<li>Medidas 120x100px190H cm.<\/li>\n<li>5 radiadores de cer\u00e1mica infrarrojos<\/li>\n<li>Iluminaci\u00f3n interior<\/li>\n<li>Panel de control interno<\/li>\n<li>Termometro electronico<\/li>\n<li>Ventilaci\u00f3n de la puerta<\/li>\n<li>Profundidad de asientos 45 cm.<\/li>\n<li>Sauna de madera en hemlock canadiense<\/li>\n<li>Vidrio templado<\/li>\n<li>Espesor de la pared 6 cm<\/li>\n<li>Voltaje desde 220 V<\/li>\n<li>Potencia de sauna 1600 W<\/li>\n<li>Temperatura de funcionamiento de 18 a 65 \u00b0 C.<\/li>\n<\/ul>\n<p>&nbsp;<\/p>\n<p>&nbsp;<\/p>\n<p>Este modelo, al ser infrarrojo, requiere <strong>20\/25 minutos de calentamiento<\/strong> , a diferencia del finland\u00e9s, que dura aproximadamente una hora; Por este motivo <strong>consume mucho menos<\/strong> . Adem\u00e1s, en la sauna finlandesa, el aire se calienta completamente con la estufa y la persona se calienta con el aire; en cambio, en el infrarrojo, <strong>los rayos se calientan directamente en el cuerpo en un 80%<\/strong> pero con temperaturas m\u00e1s bajas, lo que crea una situaci\u00f3n <strong>m\u00e1s tolerable<\/strong> .<\/p>\n<p>&nbsp;<\/p>\n<p>La&nbsp;<strong>sauna<\/strong> tiene una capacidad de <strong>relajaci\u00f3n<\/strong> y <strong>desintoxicaci\u00f3n<\/strong> . La piel se purifica y la transpiraci\u00f3n elimina \u00e1cidos y toxinas. Se estimula el sistema neurovegetativo, mejorando el metabolismo general. En el nivel est\u00e9tico, la <strong>disminuci\u00f3n de la celulitis<\/strong> y la mayor elasticidad de los tejidos son lo mejor que puede obtener al combinar la sauna con una dieta. Igualmente evidentes son los beneficios est\u00e9ticos que se derivan de la <strong>limpieza profunda de la epidermis<\/strong> , que revela una pureza y brillo renovados.<\/p>\n<p>&nbsp;<\/p>\n<p>&nbsp;<\/p>\n<p>&nbsp;<\/p>\n<p>&nbsp;<\/p>\n<p>&nbsp;<\/p>\n","protected":false},"excerpt":{"rendered":"<p>Sauna de infrarrojos 120x100x190 H para dos personas con 5 radiadores de cer\u00e1mica<\/p>\n","protected":false},"featured_media":23394,"comment_status":"open","ping_status":"closed","template":"","meta":[],"product_brand":[9911],"product_cat":[9753],"product_tag":[],"class_list":{"0":"post-78952","1":"product","2":"type-product","3":"status-publish","4":"has-post-thumbnail","6":"product_brand-puntorelax-es","7":"product_cat-sauna-de-infrarrojos","9":"first","10":"instock","11":"sale","12":"taxable","13":"shipping-taxable","14":"purchasable","15":"product-type-simple"},"exclude_global_add_ons":[],"addons":[],"yoast_head":"<!-- This site is optimized with the Yoast SEO plugin v26.7 - https:\/\/yoast.com\/wordpress\/plugins\/seo\/ -->\n<title>Sauna de infrarrojos 120x100 con puertas de vidrio estructura de madera con dos asientos pr<\/title>\n<meta name=\"description\" content=\"Modelo de sauna de infrarrojos de 120x100 cm con puertas de vidrio y estructura de madera de dos plazas\" \/>\n<meta name=\"robots\" content=\"index, follow, max-snippet:-1, max-image-preview:large, max-video-preview:-1\" \/>\n<link rel=\"canonical\" href=\"https:\/\/www.bagnoitalia.com\/es\/producto\/sauna-de-infrarrojos-120x100-con-marco-de-madera-de-puertas-de-vidrio-para-dos-personas-sn008.html\" \/>\n<meta property=\"og:locale\" content=\"es_ES\" \/>\n<meta property=\"og:type\" content=\"article\" \/>\n<meta property=\"og:title\" content=\"Sauna de infrarrojos 120x100 con puertas de vidrio estructura de madera con dos asientos pr\" \/>\n<meta property=\"og:description\" content=\"Modelo de sauna de infrarrojos de 120x100 cm con puertas de vidrio y estructura de madera de dos plazas\" \/>\n<meta property=\"og:url\" content=\"https:\/\/www.bagnoitalia.com\/es\/producto\/sauna-de-infrarrojos-120x100-con-marco-de-madera-de-puertas-de-vidrio-para-dos-personas-sn008.html\" \/>\n<meta property=\"og:site_name\" content=\"Bagno Italia\" \/>\n<meta property=\"article:modified_time\" content=\"2024-05-10T22:09:56+00:00\" \/>\n<meta property=\"og:image\" content=\"https:\/\/img.bagnoitalia.com\/wp-content\/uploads\/virtuemart\/product\/sauna-infrarossi-120x100-cm.jpg\" \/>\n\t<meta property=\"og:image:width\" content=\"550\" \/>\n\t<meta property=\"og:image:height\" content=\"550\" \/>\n\t<meta property=\"og:image:type\" content=\"image\/jpeg\" \/>\n<meta name=\"twitter:card\" content=\"summary_large_image\" \/>\n<meta name=\"twitter:label1\" content=\"Tiempo de lectura\" \/>\n\t<meta name=\"twitter:data1\" content=\"1 minuto\" \/>\n<script type=\"application\/ld+json\" class=\"yoast-schema-graph\">{\"@context\":\"https:\/\/schema.org\",\"@graph\":[{\"@type\":\"WebPage\",\"@id\":\"https:\/\/www.bagnoitalia.com\/es\/producto\/sauna-de-infrarrojos-120x100-con-marco-de-madera-de-puertas-de-vidrio-para-dos-personas-sn008.html\",\"url\":\"https:\/\/www.bagnoitalia.com\/es\/producto\/sauna-de-infrarrojos-120x100-con-marco-de-madera-de-puertas-de-vidrio-para-dos-personas-sn008.html\",\"name\":\"Sauna de infrarrojos 120x100 con puertas de vidrio estructura de madera con dos asientos pr\",\"isPartOf\":{\"@id\":\"https:\/\/www.bagnoitalia.com\/es#website\"},\"primaryImageOfPage\":{\"@id\":\"https:\/\/www.bagnoitalia.com\/es\/producto\/sauna-de-infrarrojos-120x100-con-marco-de-madera-de-puertas-de-vidrio-para-dos-personas-sn008.html#primaryimage\"},\"image\":{\"@id\":\"https:\/\/www.bagnoitalia.com\/es\/producto\/sauna-de-infrarrojos-120x100-con-marco-de-madera-de-puertas-de-vidrio-para-dos-personas-sn008.html#primaryimage\"},\"thumbnailUrl\":\"https:\/\/img.bagnoitalia.com\/wp-content\/uploads\/virtuemart\/product\/sauna-infrarossi-120x100-cm.jpg\",\"datePublished\":\"2014-08-27T14:17:33+00:00\",\"dateModified\":\"2024-05-10T22:09:56+00:00\",\"description\":\"Modelo de sauna de infrarrojos de 120x100 cm con puertas de vidrio y estructura de madera de dos plazas\",\"breadcrumb\":{\"@id\":\"https:\/\/www.bagnoitalia.com\/es\/producto\/sauna-de-infrarrojos-120x100-con-marco-de-madera-de-puertas-de-vidrio-para-dos-personas-sn008.html#breadcrumb\"},\"inLanguage\":\"es\",\"potentialAction\":[{\"@type\":\"ReadAction\",\"target\":[\"https:\/\/www.bagnoitalia.com\/es\/producto\/sauna-de-infrarrojos-120x100-con-marco-de-madera-de-puertas-de-vidrio-para-dos-personas-sn008.html\"]}]},{\"@type\":\"ImageObject\",\"inLanguage\":\"es\",\"@id\":\"https:\/\/www.bagnoitalia.com\/es\/producto\/sauna-de-infrarrojos-120x100-con-marco-de-madera-de-puertas-de-vidrio-para-dos-personas-sn008.html#primaryimage\",\"url\":\"https:\/\/img.bagnoitalia.com\/wp-content\/uploads\/virtuemart\/product\/sauna-infrarossi-120x100-cm.jpg\",\"contentUrl\":\"https:\/\/img.bagnoitalia.com\/wp-content\/uploads\/virtuemart\/product\/sauna-infrarossi-120x100-cm.jpg\",\"width\":550,\"height\":550},{\"@type\":\"BreadcrumbList\",\"@id\":\"https:\/\/www.bagnoitalia.com\/es\/producto\/sauna-de-infrarrojos-120x100-con-marco-de-madera-de-puertas-de-vidrio-para-dos-personas-sn008.html#breadcrumb\",\"itemListElement\":[{\"@type\":\"ListItem\",\"position\":1,\"name\":\"Home\",\"item\":\"https:\/\/www.bagnoitalia.com\/es\"},{\"@type\":\"ListItem\",\"position\":2,\"name\":\"Productos\",\"item\":\"https:\/\/www.bagnoitalia.com\/es\/shop\"},{\"@type\":\"ListItem\",\"position\":3,\"name\":\"Sauna de Infrarrojos 120&#215;100 con puerta en vidrio estructura en madera para dos personas SN008\"}]},{\"@type\":\"WebSite\",\"@id\":\"https:\/\/www.bagnoitalia.com\/es#website\",\"url\":\"https:\/\/www.bagnoitalia.com\/es\",\"name\":\"Bagno Italia\",\"description\":\"\",\"publisher\":{\"@id\":\"https:\/\/www.bagnoitalia.com\/es#organization\"},\"potentialAction\":[{\"@type\":\"SearchAction\",\"target\":{\"@type\":\"EntryPoint\",\"urlTemplate\":\"https:\/\/www.bagnoitalia.com\/es?s={search_term_string}\"},\"query-input\":{\"@type\":\"PropertyValueSpecification\",\"valueRequired\":true,\"valueName\":\"search_term_string\"}}],\"inLanguage\":\"es\"},{\"@type\":\"Organization\",\"@id\":\"https:\/\/www.bagnoitalia.com\/es#organization\",\"name\":\"Bagno Italia\",\"url\":\"https:\/\/www.bagnoitalia.com\/es\",\"logo\":{\"@type\":\"ImageObject\",\"inLanguage\":\"es\",\"@id\":\"https:\/\/www.bagnoitalia.com\/es#\/schema\/logo\/image\/\",\"url\":\"https:\/\/img.bagnoitalia.com\/wp-content\/uploads\/logo-bagnoitalia.webp\",\"contentUrl\":\"https:\/\/img.bagnoitalia.com\/wp-content\/uploads\/logo-bagnoitalia.webp\",\"width\":400,\"height\":70,\"caption\":\"Bagno Italia\"},\"image\":{\"@id\":\"https:\/\/www.bagnoitalia.com\/es#\/schema\/logo\/image\/\"}}]}<\/script>\n<!-- \/ Yoast SEO plugin. -->","yoast_head_json":{"title":"Sauna de infrarrojos 120x100 con puertas de vidrio estructura de madera con dos asientos pr","description":"Modelo de sauna de infrarrojos de 120x100 cm con puertas de vidrio y estructura de madera de dos plazas","robots":{"index":"index","follow":"follow","max-snippet":"max-snippet:-1","max-image-preview":"max-image-preview:large","max-video-preview":"max-video-preview:-1"},"canonical":"https:\/\/www.bagnoitalia.com\/es\/producto\/sauna-de-infrarrojos-120x100-con-marco-de-madera-de-puertas-de-vidrio-para-dos-personas-sn008.html","og_locale":"es_ES","og_type":"article","og_title":"Sauna de infrarrojos 120x100 con puertas de vidrio estructura de madera con dos asientos pr","og_description":"Modelo de sauna de infrarrojos de 120x100 cm con puertas de vidrio y estructura de madera de dos plazas","og_url":"https:\/\/www.bagnoitalia.com\/es\/producto\/sauna-de-infrarrojos-120x100-con-marco-de-madera-de-puertas-de-vidrio-para-dos-personas-sn008.html","og_site_name":"Bagno Italia","article_modified_time":"2024-05-10T22:09:56+00:00","og_image":[{"width":550,"height":550,"url":"https:\/\/img.bagnoitalia.com\/wp-content\/uploads\/virtuemart\/product\/sauna-infrarossi-120x100-cm.jpg","type":"image\/jpeg"}],"twitter_card":"summary_large_image","twitter_misc":{"Tiempo de lectura":"1 minuto"},"schema":{"@context":"https:\/\/schema.org","@graph":[{"@type":"WebPage","@id":"https:\/\/www.bagnoitalia.com\/es\/producto\/sauna-de-infrarrojos-120x100-con-marco-de-madera-de-puertas-de-vidrio-para-dos-personas-sn008.html","url":"https:\/\/www.bagnoitalia.com\/es\/producto\/sauna-de-infrarrojos-120x100-con-marco-de-madera-de-puertas-de-vidrio-para-dos-personas-sn008.html","name":"Sauna de infrarrojos 120x100 con puertas de vidrio estructura de madera con dos asientos pr","isPartOf":{"@id":"https:\/\/www.bagnoitalia.com\/es#website"},"primaryImageOfPage":{"@id":"https:\/\/www.bagnoitalia.com\/es\/producto\/sauna-de-infrarrojos-120x100-con-marco-de-madera-de-puertas-de-vidrio-para-dos-personas-sn008.html#primaryimage"},"image":{"@id":"https:\/\/www.bagnoitalia.com\/es\/producto\/sauna-de-infrarrojos-120x100-con-marco-de-madera-de-puertas-de-vidrio-para-dos-personas-sn008.html#primaryimage"},"thumbnailUrl":"https:\/\/img.bagnoitalia.com\/wp-content\/uploads\/virtuemart\/product\/sauna-infrarossi-120x100-cm.jpg","datePublished":"2014-08-27T14:17:33+00:00","dateModified":"2024-05-10T22:09:56+00:00","description":"Modelo de sauna de infrarrojos de 120x100 cm con puertas de vidrio y estructura de madera de dos plazas","breadcrumb":{"@id":"https:\/\/www.bagnoitalia.com\/es\/producto\/sauna-de-infrarrojos-120x100-con-marco-de-madera-de-puertas-de-vidrio-para-dos-personas-sn008.html#breadcrumb"},"inLanguage":"es","potentialAction":[{"@type":"ReadAction","target":["https:\/\/www.bagnoitalia.com\/es\/producto\/sauna-de-infrarrojos-120x100-con-marco-de-madera-de-puertas-de-vidrio-para-dos-personas-sn008.html"]}]},{"@type":"ImageObject","inLanguage":"es","@id":"https:\/\/www.bagnoitalia.com\/es\/producto\/sauna-de-infrarrojos-120x100-con-marco-de-madera-de-puertas-de-vidrio-para-dos-personas-sn008.html#primaryimage","url":"https:\/\/img.bagnoitalia.com\/wp-content\/uploads\/virtuemart\/product\/sauna-infrarossi-120x100-cm.jpg","contentUrl":"https:\/\/img.bagnoitalia.com\/wp-content\/uploads\/virtuemart\/product\/sauna-infrarossi-120x100-cm.jpg","width":550,"height":550},{"@type":"BreadcrumbList","@id":"https:\/\/www.bagnoitalia.com\/es\/producto\/sauna-de-infrarrojos-120x100-con-marco-de-madera-de-puertas-de-vidrio-para-dos-personas-sn008.html#breadcrumb","itemListElement":[{"@type":"ListItem","position":1,"name":"Home","item":"https:\/\/www.bagnoitalia.com\/es"},{"@type":"ListItem","position":2,"name":"Productos","item":"https:\/\/www.bagnoitalia.com\/es\/shop"},{"@type":"ListItem","position":3,"name":"Sauna de Infrarrojos 120&#215;100 con puerta en vidrio estructura en madera para dos personas SN008"}]},{"@type":"WebSite","@id":"https:\/\/www.bagnoitalia.com\/es#website","url":"https:\/\/www.bagnoitalia.com\/es","name":"Bagno Italia","description":"","publisher":{"@id":"https:\/\/www.bagnoitalia.com\/es#organization"},"potentialAction":[{"@type":"SearchAction","target":{"@type":"EntryPoint","urlTemplate":"https:\/\/www.bagnoitalia.com\/es?s={search_term_string}"},"query-input":{"@type":"PropertyValueSpecification","valueRequired":true,"valueName":"search_term_string"}}],"inLanguage":"es"},{"@type":"Organization","@id":"https:\/\/www.bagnoitalia.com\/es#organization","name":"Bagno Italia","url":"https:\/\/www.bagnoitalia.com\/es","logo":{"@type":"ImageObject","inLanguage":"es","@id":"https:\/\/www.bagnoitalia.com\/es#\/schema\/logo\/image\/","url":"https:\/\/img.bagnoitalia.com\/wp-content\/uploads\/logo-bagnoitalia.webp","contentUrl":"https:\/\/img.bagnoitalia.com\/wp-content\/uploads\/logo-bagnoitalia.webp","width":400,"height":70,"caption":"Bagno Italia"},"image":{"@id":"https:\/\/www.bagnoitalia.com\/es#\/schema\/logo\/image\/"}}]}},"_links":{"self":[{"href":"https:\/\/www.bagnoitalia.com\/es\/wp-json\/wp\/v2\/product\/78952","targetHints":{"allow":["GET"]}}],"collection":[{"href":"https:\/\/www.bagnoitalia.com\/es\/wp-json\/wp\/v2\/product"}],"about":[{"href":"https:\/\/www.bagnoitalia.com\/es\/wp-json\/wp\/v2\/types\/product"}],"replies":[{"embeddable":true,"href":"https:\/\/www.bagnoitalia.com\/es\/wp-json\/wp\/v2\/comments?post=78952"}],"version-history":[{"count":0,"href":"https:\/\/www.bagnoitalia.com\/es\/wp-json\/wp\/v2\/product\/78952\/revisions"}],"wp:featuredmedia":[{"embeddable":true,"href":"https:\/\/www.bagnoitalia.com\/es\/wp-json\/wp\/v2\/media\/23394"}],"wp:attachment":[{"href":"https:\/\/www.bagnoitalia.com\/es\/wp-json\/wp\/v2\/media?parent=78952"}],"wp:term":[{"taxonomy":"product_brand","embeddable":true,"href":"https:\/\/www.bagnoitalia.com\/es\/wp-json\/wp\/v2\/product_brand?post=78952"},{"taxonomy":"product_cat","embeddable":true,"href":"https:\/\/www.bagnoitalia.com\/es\/wp-json\/wp\/v2\/product_cat?post=78952"},{"taxonomy":"product_tag","embeddable":true,"href":"https:\/\/www.bagnoitalia.com\/es\/wp-json\/wp\/v2\/product_tag?post=78952"}],"curies":[{"name":"wp","href":"https:\/\/api.w.org\/{rel}","templated":true}]}}