{"id":78924,"date":"2014-06-16T16:20:25","date_gmt":"2014-06-16T14:20:25","guid":{"rendered":"https:\/\/www.bagnoitalia.com\/product\/cabina-de-ducha-con-puerta-fija-y-puerta-con-salon-de-apertura-de-diferentes-tamanos-transparente-opaco-cristal-o-serigrafiado-box020"},"modified":"2024-06-06T12:17:58","modified_gmt":"2024-06-06T10:17:58","slug":"cabina-de-ducha-con-puerta-fija-y-puerta-con-salon-de-apertura-de-diferentes-tamanos-transparente-opaco-cristal-o-serigrafiado-box020","status":"publish","type":"product","link":"https:\/\/www.bagnoitalia.com\/es\/producto\/cabina-de-ducha-con-puerta-fija-y-puerta-con-salon-de-apertura-de-diferentes-tamanos-transparente-opaco-cristal-o-serigrafiado-box020.html","title":{"rendered":"Cabina de Ducha con puerta fija y puerta con apertura sal\u00f3n de diferentes tama\u00f1os cristal transparente opaco o serigrafiado BOX020"},"content":{"rendered":"<p><strong><span style=\"font-family: verdana,geneva; font-size: small;\">Cabina de ducha con puerta fija y puerta modelo SALOON.<\/span><\/strong><\/p>\n<p><strong><span style=\"font-family: verdana,geneva; font-size: small;\">CARACTER\u00cdSTICAS<\/span><\/strong><\/p>\n<p><span style=\"font-size: 10pt;\"><span style=\"font-family: verdana,geneva;\">PERFIL: SAT\u00c9N BLANCO O PLATA<\/span> o CROMADO<\/span><br \/>\n<span style=\"font-size: 10pt;\"><span style=\"font-family: verdana,geneva;\">CRISTAL: TEMPERED 6MM TRANSPARENTE<\/span> o MATE o PANTALLA<\/span><br \/>\n<span style=\"font-family: verdana,geneva; font-size: 10pt;\">DOS MANDOS PARA ABRIR LA PUERTA<\/span><\/p>\n<p><span style=\"font-family: verdana,geneva; font-size: small;\"><strong>ANCHO de la puerta al sal\u00f3n:<\/strong><br \/>\n70 ajustables hasta 66-71 cm<\/span><br \/>\n<span style=\"font-family: verdana,geneva; font-size: small;\"><span style=\"font-family: verdana,geneva; font-size: small;\">80 = hasta<\/span> 75-80 cm<br \/>\n<span style=\"font-family: verdana,geneva; font-size: small;\">90 = hasta<\/span> 85-90 cm<\/span><\/p>\n<p><span style=\"font-family: verdana,geneva; font-size: small;\"><span style=\"font-family: verdana,geneva; font-size: small;\">100 adaptables hasta<\/span> 95-100 cm.<\/span><\/p>\n<p><strong><span style=\"font-family: verdana,geneva; font-size: small;\">Puerta fija:<\/span><\/strong><\/p>\n<p><span style=\"font-family: verdana,geneva; font-size: small;\">70 ajustables hasta 62-72 cm<\/span><\/p>\n<p><span style=\"font-family: verdana,geneva; font-size: small;\">75 = hasta 72-76 cm<\/span><\/p>\n<p><span style=\"font-family: verdana,geneva; font-size: small;\">80 <span style=\"font-family: verdana,geneva; font-size: small;\">= hasta 76-80 cm<\/span><\/span><\/p>\n<p><span style=\"font-family: verdana,geneva; font-size: small;\">85 <span style=\"font-family: verdana,geneva; font-size: small;\">= hasta 80-85 cm<\/span><\/span><\/p>\n<p><span style=\"font-family: verdana,geneva; font-size: small;\">90 <span style=\"font-family: verdana,geneva; font-size: small;\">= hasta 86-90 cm<\/span><\/span><\/p>\n<p><span style=\"font-family: verdana,geneva; font-size: small;\"><span style=\"font-weight: bold;\">ALTURA:<\/span><br \/>\n185 cm<\/span><\/p>\n<p><strong>Tambi\u00e9n podemos hacerlo a medida.<\/strong><\/p>\n<p>Los vidrios son templados.<\/p>\n","protected":false},"excerpt":{"rendered":"<p>Cabina de ducha con puerta fija y puerta con abertura de sal\u00f3n, en varios tama\u00f1os con cristal transparente de 6 mm, opaco o serigrafiado<\/p>\n","protected":false},"featured_media":23186,"comment_status":"open","ping_status":"closed","template":"","meta":[],"product_brand":[5012],"product_cat":[9809,9713],"product_tag":[],"class_list":{"0":"post-78924","1":"product","2":"type-product","3":"status-publish","4":"has-post-thumbnail","6":"product_brand-ferbox","7":"product_cat-cabina-de-ducha-de-esquina-cabina-de-ducha","8":"product_cat-cabina-de-ducha","10":"first","11":"instock","12":"sale","13":"taxable","14":"shipping-taxable","15":"purchasable","16":"product-type-simple"},"exclude_global_add_ons":false,"addons":[{"name":"puerta de la ducha","type":"multiple_choice","position":0,"required":true,"title_format":"heading","default":"","description_enable":false,"description":"","placeholder_enable":false,"placeholder":"","display":"select","restrictions_type":"any_text","adjust_price":false,"price":"","price_type":"flat_fee","restrictions":false,"min":"0","max":"0","options":[{"label":"70cm ajustable de 66cm a 71cm","price":"","price_type":"quantity_based","image":0,"visibility":true},{"label":"80cm ajustable de 75cm a 80cm","price":"21","price_type":"quantity_based","image":0,"visibility":true},{"label":"90cm ajustable de 85cm a 90cm","price":"24","price_type":"quantity_based","image":0,"visibility":true},{"label":"100cm ajustable de 95cm a 100cm","price":"30","price_type":"quantity_based","image":0,"visibility":true}],"id":1717676278},{"name":"lado fijo","type":"multiple_choice","position":1,"required":true,"title_format":"heading","default":"","description_enable":false,"description":"","placeholder_enable":false,"placeholder":"","display":"select","restrictions_type":"any_text","adjust_price":false,"price":"","price_type":"flat_fee","restrictions":false,"min":"0","max":"0","options":[{"label":"70cm ajustable de 67cm a 72cm","price":"","price_type":"quantity_based","image":0,"visibility":true},{"label":"75cm ajustable de 72cm a 76cm","price":"6","price_type":"quantity_based","image":0,"visibility":true},{"label":"80cm ajustable de 76cm a 80cm","price":"12","price_type":"quantity_based","image":0,"visibility":true},{"label":"85cm ajustable de 80cm a 85cm","price":"18","price_type":"quantity_based","image":0,"visibility":true},{"label":"90cm ajustable de 86cm a 90cm","price":"24","price_type":"quantity_based","image":0,"visibility":true}],"id":1717676279},{"name":"vaso","type":"multiple_choice","position":2,"required":true,"title_format":"heading","default":"","description_enable":false,"description":"","placeholder_enable":false,"placeholder":"","display":"select","restrictions_type":"any_text","adjust_price":false,"price":"","price_type":"flat_fee","restrictions":false,"min":"0","max":"0","options":[{"label":"transparente","price":"","price_type":"quantity_based","image":0,"visibility":true},{"label":"opaco","price":"30","price_type":"quantity_based","image":0,"visibility":true},{"label":"serigrafiado","price":"30","price_type":"quantity_based","image":0,"visibility":true}],"id":1717676280},{"name":"color de la estructura","type":"multiple_choice","position":3,"required":true,"title_format":"heading","default":"","description_enable":false,"description":"","placeholder_enable":false,"placeholder":"","display":"select","restrictions_type":"any_text","adjust_price":false,"price":"","price_type":"flat_fee","restrictions":false,"min":"0","max":"0","options":[{"label":"perfiles blancos","price":"","price_type":"quantity_based","image":0,"visibility":true},{"label":"perfiles plata satinada","price":"","price_type":"quantity_based","image":0,"visibility":true},{"label":"perfiles cromados","price":"132","price_type":"quantity_based","image":0,"visibility":true}],"id":1717676281}],"yoast_head":"<!-- This site is optimized with the Yoast SEO plugin v26.7 - https:\/\/yoast.com\/wordpress\/plugins\/seo\/ -->\n<title>Cabina de ducha con puerta fija y puerta con abertura de sal\u00f3n, en varios tama\u00f1os con cristal transparente de 6 mm, opaco o serigrafiado<\/title>\n<meta name=\"description\" content=\"Cabina de ducha con puerta fija y puerta con abertura de sal\u00f3n, en varios tama\u00f1os con cristal transparente de 6 mm, opaco o serigrafiado tambi\u00e9n a medida - Bagno Italia\" \/>\n<meta name=\"robots\" content=\"index, follow, max-snippet:-1, max-image-preview:large, max-video-preview:-1\" \/>\n<link rel=\"canonical\" href=\"https:\/\/www.bagnoitalia.com\/es\/producto\/cabina-de-ducha-con-puerta-fija-y-puerta-con-salon-de-apertura-de-diferentes-tamanos-transparente-opaco-cristal-o-serigrafiado-box020.html\" \/>\n<meta property=\"og:locale\" content=\"es_ES\" \/>\n<meta property=\"og:type\" content=\"article\" \/>\n<meta property=\"og:title\" content=\"Cabina de ducha con puerta fija y puerta con abertura de sal\u00f3n, en varios tama\u00f1os con cristal transparente de 6 mm, opaco o serigrafiado\" \/>\n<meta property=\"og:description\" content=\"Cabina de ducha con puerta fija y puerta con abertura de sal\u00f3n, en varios tama\u00f1os con cristal transparente de 6 mm, opaco o serigrafiado tambi\u00e9n a medida - Bagno Italia\" \/>\n<meta property=\"og:url\" content=\"https:\/\/www.bagnoitalia.com\/es\/producto\/cabina-de-ducha-con-puerta-fija-y-puerta-con-salon-de-apertura-de-diferentes-tamanos-transparente-opaco-cristal-o-serigrafiado-box020.html\" \/>\n<meta property=\"og:site_name\" content=\"Bagno Italia\" \/>\n<meta property=\"article:modified_time\" content=\"2024-06-06T10:17:58+00:00\" \/>\n<meta property=\"og:image\" content=\"https:\/\/img.bagnoitalia.com\/wp-content\/uploads\/virtuemart\/product\/shower-enclosure-fixed-door-and-saloon-opening-door-box020-1_1543766869_1000.jpg\" \/>\n\t<meta property=\"og:image:width\" content=\"642\" \/>\n\t<meta property=\"og:image:height\" content=\"638\" \/>\n\t<meta property=\"og:image:type\" content=\"image\/jpeg\" \/>\n<meta name=\"twitter:card\" content=\"summary_large_image\" \/>\n<meta name=\"twitter:label1\" content=\"Tiempo de lectura\" \/>\n\t<meta name=\"twitter:data1\" content=\"1 minuto\" \/>\n<script type=\"application\/ld+json\" class=\"yoast-schema-graph\">{\"@context\":\"https:\/\/schema.org\",\"@graph\":[{\"@type\":\"WebPage\",\"@id\":\"https:\/\/www.bagnoitalia.com\/es\/producto\/cabina-de-ducha-con-puerta-fija-y-puerta-con-salon-de-apertura-de-diferentes-tamanos-transparente-opaco-cristal-o-serigrafiado-box020.html\",\"url\":\"https:\/\/www.bagnoitalia.com\/es\/producto\/cabina-de-ducha-con-puerta-fija-y-puerta-con-salon-de-apertura-de-diferentes-tamanos-transparente-opaco-cristal-o-serigrafiado-box020.html\",\"name\":\"Cabina de ducha con puerta fija y puerta con abertura de sal\u00f3n, en varios tama\u00f1os con cristal transparente de 6 mm, opaco o serigrafiado\",\"isPartOf\":{\"@id\":\"https:\/\/www.bagnoitalia.com\/es#website\"},\"primaryImageOfPage\":{\"@id\":\"https:\/\/www.bagnoitalia.com\/es\/producto\/cabina-de-ducha-con-puerta-fija-y-puerta-con-salon-de-apertura-de-diferentes-tamanos-transparente-opaco-cristal-o-serigrafiado-box020.html#primaryimage\"},\"image\":{\"@id\":\"https:\/\/www.bagnoitalia.com\/es\/producto\/cabina-de-ducha-con-puerta-fija-y-puerta-con-salon-de-apertura-de-diferentes-tamanos-transparente-opaco-cristal-o-serigrafiado-box020.html#primaryimage\"},\"thumbnailUrl\":\"https:\/\/img.bagnoitalia.com\/wp-content\/uploads\/virtuemart\/product\/shower-enclosure-fixed-door-and-saloon-opening-door-box020-1_1543766869_1000.jpg\",\"datePublished\":\"2014-06-16T14:20:25+00:00\",\"dateModified\":\"2024-06-06T10:17:58+00:00\",\"description\":\"Cabina de ducha con puerta fija y puerta con abertura de sal\u00f3n, en varios tama\u00f1os con cristal transparente de 6 mm, opaco o serigrafiado tambi\u00e9n a medida - Bagno Italia\",\"breadcrumb\":{\"@id\":\"https:\/\/www.bagnoitalia.com\/es\/producto\/cabina-de-ducha-con-puerta-fija-y-puerta-con-salon-de-apertura-de-diferentes-tamanos-transparente-opaco-cristal-o-serigrafiado-box020.html#breadcrumb\"},\"inLanguage\":\"es\",\"potentialAction\":[{\"@type\":\"ReadAction\",\"target\":[\"https:\/\/www.bagnoitalia.com\/es\/producto\/cabina-de-ducha-con-puerta-fija-y-puerta-con-salon-de-apertura-de-diferentes-tamanos-transparente-opaco-cristal-o-serigrafiado-box020.html\"]}]},{\"@type\":\"ImageObject\",\"inLanguage\":\"es\",\"@id\":\"https:\/\/www.bagnoitalia.com\/es\/producto\/cabina-de-ducha-con-puerta-fija-y-puerta-con-salon-de-apertura-de-diferentes-tamanos-transparente-opaco-cristal-o-serigrafiado-box020.html#primaryimage\",\"url\":\"https:\/\/img.bagnoitalia.com\/wp-content\/uploads\/virtuemart\/product\/shower-enclosure-fixed-door-and-saloon-opening-door-box020-1_1543766869_1000.jpg\",\"contentUrl\":\"https:\/\/img.bagnoitalia.com\/wp-content\/uploads\/virtuemart\/product\/shower-enclosure-fixed-door-and-saloon-opening-door-box020-1_1543766869_1000.jpg\",\"width\":642,\"height\":638},{\"@type\":\"BreadcrumbList\",\"@id\":\"https:\/\/www.bagnoitalia.com\/es\/producto\/cabina-de-ducha-con-puerta-fija-y-puerta-con-salon-de-apertura-de-diferentes-tamanos-transparente-opaco-cristal-o-serigrafiado-box020.html#breadcrumb\",\"itemListElement\":[{\"@type\":\"ListItem\",\"position\":1,\"name\":\"Home\",\"item\":\"https:\/\/www.bagnoitalia.com\/es\"},{\"@type\":\"ListItem\",\"position\":2,\"name\":\"Productos\",\"item\":\"https:\/\/www.bagnoitalia.com\/es\/shop\"},{\"@type\":\"ListItem\",\"position\":3,\"name\":\"Cabina de Ducha con puerta fija y puerta con apertura sal\u00f3n de diferentes tama\u00f1os cristal transparente opaco o serigrafiado BOX020\"}]},{\"@type\":\"WebSite\",\"@id\":\"https:\/\/www.bagnoitalia.com\/es#website\",\"url\":\"https:\/\/www.bagnoitalia.com\/es\",\"name\":\"Bagno Italia\",\"description\":\"\",\"publisher\":{\"@id\":\"https:\/\/www.bagnoitalia.com\/es#organization\"},\"potentialAction\":[{\"@type\":\"SearchAction\",\"target\":{\"@type\":\"EntryPoint\",\"urlTemplate\":\"https:\/\/www.bagnoitalia.com\/es?s={search_term_string}\"},\"query-input\":{\"@type\":\"PropertyValueSpecification\",\"valueRequired\":true,\"valueName\":\"search_term_string\"}}],\"inLanguage\":\"es\"},{\"@type\":\"Organization\",\"@id\":\"https:\/\/www.bagnoitalia.com\/es#organization\",\"name\":\"Bagno Italia\",\"url\":\"https:\/\/www.bagnoitalia.com\/es\",\"logo\":{\"@type\":\"ImageObject\",\"inLanguage\":\"es\",\"@id\":\"https:\/\/www.bagnoitalia.com\/es#\/schema\/logo\/image\/\",\"url\":\"https:\/\/img.bagnoitalia.com\/wp-content\/uploads\/logo-bagnoitalia.webp\",\"contentUrl\":\"https:\/\/img.bagnoitalia.com\/wp-content\/uploads\/logo-bagnoitalia.webp\",\"width\":400,\"height\":70,\"caption\":\"Bagno Italia\"},\"image\":{\"@id\":\"https:\/\/www.bagnoitalia.com\/es#\/schema\/logo\/image\/\"}}]}<\/script>\n<!-- \/ Yoast SEO plugin. -->","yoast_head_json":{"title":"Cabina de ducha con puerta fija y puerta con abertura de sal\u00f3n, en varios tama\u00f1os con cristal transparente de 6 mm, opaco o serigrafiado","description":"Cabina de ducha con puerta fija y puerta con abertura de sal\u00f3n, en varios tama\u00f1os con cristal transparente de 6 mm, opaco o serigrafiado tambi\u00e9n a medida - Bagno Italia","robots":{"index":"index","follow":"follow","max-snippet":"max-snippet:-1","max-image-preview":"max-image-preview:large","max-video-preview":"max-video-preview:-1"},"canonical":"https:\/\/www.bagnoitalia.com\/es\/producto\/cabina-de-ducha-con-puerta-fija-y-puerta-con-salon-de-apertura-de-diferentes-tamanos-transparente-opaco-cristal-o-serigrafiado-box020.html","og_locale":"es_ES","og_type":"article","og_title":"Cabina de ducha con puerta fija y puerta con abertura de sal\u00f3n, en varios tama\u00f1os con cristal transparente de 6 mm, opaco o serigrafiado","og_description":"Cabina de ducha con puerta fija y puerta con abertura de sal\u00f3n, en varios tama\u00f1os con cristal transparente de 6 mm, opaco o serigrafiado tambi\u00e9n a medida - Bagno Italia","og_url":"https:\/\/www.bagnoitalia.com\/es\/producto\/cabina-de-ducha-con-puerta-fija-y-puerta-con-salon-de-apertura-de-diferentes-tamanos-transparente-opaco-cristal-o-serigrafiado-box020.html","og_site_name":"Bagno Italia","article_modified_time":"2024-06-06T10:17:58+00:00","og_image":[{"width":642,"height":638,"url":"https:\/\/img.bagnoitalia.com\/wp-content\/uploads\/virtuemart\/product\/shower-enclosure-fixed-door-and-saloon-opening-door-box020-1_1543766869_1000.jpg","type":"image\/jpeg"}],"twitter_card":"summary_large_image","twitter_misc":{"Tiempo de lectura":"1 minuto"},"schema":{"@context":"https:\/\/schema.org","@graph":[{"@type":"WebPage","@id":"https:\/\/www.bagnoitalia.com\/es\/producto\/cabina-de-ducha-con-puerta-fija-y-puerta-con-salon-de-apertura-de-diferentes-tamanos-transparente-opaco-cristal-o-serigrafiado-box020.html","url":"https:\/\/www.bagnoitalia.com\/es\/producto\/cabina-de-ducha-con-puerta-fija-y-puerta-con-salon-de-apertura-de-diferentes-tamanos-transparente-opaco-cristal-o-serigrafiado-box020.html","name":"Cabina de ducha con puerta fija y puerta con abertura de sal\u00f3n, en varios tama\u00f1os con cristal transparente de 6 mm, opaco o serigrafiado","isPartOf":{"@id":"https:\/\/www.bagnoitalia.com\/es#website"},"primaryImageOfPage":{"@id":"https:\/\/www.bagnoitalia.com\/es\/producto\/cabina-de-ducha-con-puerta-fija-y-puerta-con-salon-de-apertura-de-diferentes-tamanos-transparente-opaco-cristal-o-serigrafiado-box020.html#primaryimage"},"image":{"@id":"https:\/\/www.bagnoitalia.com\/es\/producto\/cabina-de-ducha-con-puerta-fija-y-puerta-con-salon-de-apertura-de-diferentes-tamanos-transparente-opaco-cristal-o-serigrafiado-box020.html#primaryimage"},"thumbnailUrl":"https:\/\/img.bagnoitalia.com\/wp-content\/uploads\/virtuemart\/product\/shower-enclosure-fixed-door-and-saloon-opening-door-box020-1_1543766869_1000.jpg","datePublished":"2014-06-16T14:20:25+00:00","dateModified":"2024-06-06T10:17:58+00:00","description":"Cabina de ducha con puerta fija y puerta con abertura de sal\u00f3n, en varios tama\u00f1os con cristal transparente de 6 mm, opaco o serigrafiado tambi\u00e9n a medida - Bagno Italia","breadcrumb":{"@id":"https:\/\/www.bagnoitalia.com\/es\/producto\/cabina-de-ducha-con-puerta-fija-y-puerta-con-salon-de-apertura-de-diferentes-tamanos-transparente-opaco-cristal-o-serigrafiado-box020.html#breadcrumb"},"inLanguage":"es","potentialAction":[{"@type":"ReadAction","target":["https:\/\/www.bagnoitalia.com\/es\/producto\/cabina-de-ducha-con-puerta-fija-y-puerta-con-salon-de-apertura-de-diferentes-tamanos-transparente-opaco-cristal-o-serigrafiado-box020.html"]}]},{"@type":"ImageObject","inLanguage":"es","@id":"https:\/\/www.bagnoitalia.com\/es\/producto\/cabina-de-ducha-con-puerta-fija-y-puerta-con-salon-de-apertura-de-diferentes-tamanos-transparente-opaco-cristal-o-serigrafiado-box020.html#primaryimage","url":"https:\/\/img.bagnoitalia.com\/wp-content\/uploads\/virtuemart\/product\/shower-enclosure-fixed-door-and-saloon-opening-door-box020-1_1543766869_1000.jpg","contentUrl":"https:\/\/img.bagnoitalia.com\/wp-content\/uploads\/virtuemart\/product\/shower-enclosure-fixed-door-and-saloon-opening-door-box020-1_1543766869_1000.jpg","width":642,"height":638},{"@type":"BreadcrumbList","@id":"https:\/\/www.bagnoitalia.com\/es\/producto\/cabina-de-ducha-con-puerta-fija-y-puerta-con-salon-de-apertura-de-diferentes-tamanos-transparente-opaco-cristal-o-serigrafiado-box020.html#breadcrumb","itemListElement":[{"@type":"ListItem","position":1,"name":"Home","item":"https:\/\/www.bagnoitalia.com\/es"},{"@type":"ListItem","position":2,"name":"Productos","item":"https:\/\/www.bagnoitalia.com\/es\/shop"},{"@type":"ListItem","position":3,"name":"Cabina de Ducha con puerta fija y puerta con apertura sal\u00f3n de diferentes tama\u00f1os cristal transparente opaco o serigrafiado BOX020"}]},{"@type":"WebSite","@id":"https:\/\/www.bagnoitalia.com\/es#website","url":"https:\/\/www.bagnoitalia.com\/es","name":"Bagno Italia","description":"","publisher":{"@id":"https:\/\/www.bagnoitalia.com\/es#organization"},"potentialAction":[{"@type":"SearchAction","target":{"@type":"EntryPoint","urlTemplate":"https:\/\/www.bagnoitalia.com\/es?s={search_term_string}"},"query-input":{"@type":"PropertyValueSpecification","valueRequired":true,"valueName":"search_term_string"}}],"inLanguage":"es"},{"@type":"Organization","@id":"https:\/\/www.bagnoitalia.com\/es#organization","name":"Bagno Italia","url":"https:\/\/www.bagnoitalia.com\/es","logo":{"@type":"ImageObject","inLanguage":"es","@id":"https:\/\/www.bagnoitalia.com\/es#\/schema\/logo\/image\/","url":"https:\/\/img.bagnoitalia.com\/wp-content\/uploads\/logo-bagnoitalia.webp","contentUrl":"https:\/\/img.bagnoitalia.com\/wp-content\/uploads\/logo-bagnoitalia.webp","width":400,"height":70,"caption":"Bagno Italia"},"image":{"@id":"https:\/\/www.bagnoitalia.com\/es#\/schema\/logo\/image\/"}}]}},"_links":{"self":[{"href":"https:\/\/www.bagnoitalia.com\/es\/wp-json\/wp\/v2\/product\/78924","targetHints":{"allow":["GET"]}}],"collection":[{"href":"https:\/\/www.bagnoitalia.com\/es\/wp-json\/wp\/v2\/product"}],"about":[{"href":"https:\/\/www.bagnoitalia.com\/es\/wp-json\/wp\/v2\/types\/product"}],"replies":[{"embeddable":true,"href":"https:\/\/www.bagnoitalia.com\/es\/wp-json\/wp\/v2\/comments?post=78924"}],"version-history":[{"count":1,"href":"https:\/\/www.bagnoitalia.com\/es\/wp-json\/wp\/v2\/product\/78924\/revisions"}],"predecessor-version":[{"id":89547,"href":"https:\/\/www.bagnoitalia.com\/es\/wp-json\/wp\/v2\/product\/78924\/revisions\/89547"}],"wp:featuredmedia":[{"embeddable":true,"href":"https:\/\/www.bagnoitalia.com\/es\/wp-json\/wp\/v2\/media\/23186"}],"wp:attachment":[{"href":"https:\/\/www.bagnoitalia.com\/es\/wp-json\/wp\/v2\/media?parent=78924"}],"wp:term":[{"taxonomy":"product_brand","embeddable":true,"href":"https:\/\/www.bagnoitalia.com\/es\/wp-json\/wp\/v2\/product_brand?post=78924"},{"taxonomy":"product_cat","embeddable":true,"href":"https:\/\/www.bagnoitalia.com\/es\/wp-json\/wp\/v2\/product_cat?post=78924"},{"taxonomy":"product_tag","embeddable":true,"href":"https:\/\/www.bagnoitalia.com\/es\/wp-json\/wp\/v2\/product_tag?post=78924"}],"curies":[{"name":"wp","href":"https:\/\/api.w.org\/{rel}","templated":true}]}}