{"id":78872,"date":"2014-04-13T18:34:45","date_gmt":"2014-04-13T16:34:45","guid":{"rendered":"https:\/\/www.bagnoitalia.com\/product\/bano-movil-magic3-80-90-100-110-120-130-140-150-160-cm-descentralizado-con-2-o-4-cajones-30-colores"},"modified":"2025-06-13T19:37:30","modified_gmt":"2025-06-13T17:37:30","slug":"bano-movil-magic3-80-90-100-110-120-130-140-150-160-cm-descentralizado-con-2-o-4-cajones-30-colores","status":"publish","type":"product","link":"https:\/\/www.bagnoitalia.com\/es\/producto\/bano-movil-magic3-80-90-100-110-120-130-140-150-160-cm-descentralizado-con-2-o-4-cajones-30-colores.html","title":{"rendered":"Mueble de Ba\u00f1o Magic3 80 90 100 110 120 130 140 150 160 cm descentralizado, con 2 o 4 cajones 30 colores"},"content":{"rendered":"<p style=\"text-align: left;\"><strong>El precio anterior incluye:<\/strong><\/p>\n<p>Base del lavabo N \u00b0 1 cm 78xH30xP40 con 1 caj\u00f3n (si elige la versi\u00f3n con 2 cajones, la altura del gabinete es de 50 cm)<\/p>\n<p style=\"text-align: left;\">Unidad de caj\u00f3n lateral N \u00b0 1 cm 78xH30xP40 con 1 caj\u00f3n (con dos cajones, la altura del gabinete es de 50 cm)<\/p>\n<p style=\"text-align: left;\"><span style=\"color: #000000;\">\u00a0Lavabo de cer\u00e1mica integral N \u00b0 1 80&#215;40, o parte superior de vidrio coloreado seleccionable en el men\u00fa de la derecha, que especifica el color deseado entre las notas<\/span><br \/>\n____________________________________________________________________________<\/p>\n<p>El caj\u00f3n lateral se puede colocar en la parte subyacente de forma escalonada o al lado de la base del lavabo y, por lo tanto, la longitud del gabinete var\u00eda de 110 a 160 cm, dependiendo de la predisposici\u00f3n de esta c\u00f3moda.<\/p>\n<p><strong>Materiales usados<\/strong><\/p>\n<p>Lavabo para lavabo: estructura en MDF lacado.<\/p>\n<p>Gu\u00edas: metal, cierre amortiguado.<\/p>\n<p>Manijas: cromo<\/p>\n<p style=\"text-align: left;\">En el men\u00fa puede agregar la columna 34xP27xH163 cm.<\/p>\n<p style=\"text-align: left;\">______________________________________________________<\/p>\n<p><strong>Puedes elegir tres tipos de asas:<br \/>\n<\/strong><\/p>\n<p><strong>Mango de diamante de imitaci\u00f3n:<\/strong><\/p>\n<p><strong><img fetchpriority=\"high\" decoding=\"async\" class=\" size-full wp-image-10894\" src=\"https:\/\/img.bagnoitalia.com\/wp-content\/uploads\/maniglia-strass1.jpg\" alt=\"\" width=\"402\" height=\"242\" srcset=\"https:\/\/img.bagnoitalia.com\/wp-content\/uploads\/maniglia-strass1.jpg 260w, https:\/\/img.bagnoitalia.com\/wp-content\/uploads\/maniglia-strass1-150x91.jpg 150w\" sizes=\"(max-width: 402px) 100vw, 402px\" \/><\/strong><\/p>\n<p>_______________________________________________________<\/p>\n<p><strong>L\u00ednea de mango:<\/strong><\/p>\n<p><img decoding=\"async\" class=\" size-full wp-image-10898\" src=\"https:\/\/img.bagnoitalia.com\/wp-content\/uploads\/bh_7099-nero-venato.jpg\" alt=\"\" width=\"409\" height=\"359\" srcset=\"https:\/\/img.bagnoitalia.com\/wp-content\/uploads\/bh_7099-nero-venato.jpg 320w, https:\/\/img.bagnoitalia.com\/wp-content\/uploads\/bh_7099-nero-venato-150x132.jpg 150w\" sizes=\"(max-width: 409px) 100vw, 409px\" \/><\/p>\n<p>____________________________________________________<\/p>\n<p><strong>Asa de arte chic<\/strong><\/p>\n<p><img decoding=\"async\" class=\" size-full wp-image-10902\" src=\"https:\/\/img.bagnoitalia.com\/wp-content\/uploads\/maniglia-artechic.jpg\" alt=\"\" width=\"300\" height=\"303\" srcset=\"https:\/\/img.bagnoitalia.com\/wp-content\/uploads\/maniglia-artechic.jpg 169w, https:\/\/img.bagnoitalia.com\/wp-content\/uploads\/maniglia-artechic-100x100.jpg 100w, https:\/\/img.bagnoitalia.com\/wp-content\/uploads\/maniglia-artechic-150x152.jpg 150w\" sizes=\"(max-width: 300px) 100vw, 300px\" \/><\/p>\n<p>_________________________________________________<\/p>\n<p>Si elige el espejo, el aplique que se proporciona es como el de la imagen siguiente:<\/p>\n<p><img loading=\"lazy\" decoding=\"async\" class=\"decoded size-full wp-image-22323\" src=\"https:\/\/img.bagnoitalia.com\/wp-content\/uploads\/virtuemart\/product\/applique4.jpg\" alt=\"http:\/\/www.bagnoitalia.it\/https:\/\/img.bagnoitalia.com\/wp-content\/uploads\/virtuemart\/product\/applique4.jpg\" width=\"256\" height=\"216\" srcset=\"https:\/\/img.bagnoitalia.com\/wp-content\/uploads\/virtuemart\/product\/applique4.jpg 320w, https:\/\/img.bagnoitalia.com\/wp-content\/uploads\/virtuemart\/product\/applique4-150x127.jpg 150w\" sizes=\"(max-width: 256px) 100vw, 256px\" \/><\/p>\n<p><img loading=\"lazy\" decoding=\"async\" class=\"product-image size-full wp-image-10814\" style=\"display: block;\" src=\"https:\/\/img.bagnoitalia.com\/wp-content\/uploads\/virtuemart\/product\/cartellacolori887.jpg\" alt=\"Mueble de ba\u00f1o Argus 90cm en 20 colores tambi\u00e9n blanco.\" width=\"937\" height=\"807\" srcset=\"https:\/\/img.bagnoitalia.com\/wp-content\/uploads\/virtuemart\/product\/cartellacolori887.jpg 937w, https:\/\/img.bagnoitalia.com\/wp-content\/uploads\/virtuemart\/product\/cartellacolori887-768x661.jpg 768w, https:\/\/img.bagnoitalia.com\/wp-content\/uploads\/virtuemart\/product\/cartellacolori887-441x380.jpg 441w, https:\/\/img.bagnoitalia.com\/wp-content\/uploads\/virtuemart\/product\/cartellacolori887-600x517.jpg 600w, https:\/\/img.bagnoitalia.com\/wp-content\/uploads\/virtuemart\/product\/cartellacolori887-150x129.jpg 150w\" sizes=\"(max-width: 937px) 100vw, 937px\" \/><\/p>\n<p style=\"text-align: left;\"><span style=\"text-decoration: underline; font-size: 12pt; background-color: #ffffff;\"><strong><span style=\"color: #ff0000; text-decoration: underline;\">PRECAUCI\u00d3N:<\/span><\/strong><\/span><\/p>\n<p style=\"text-align: left;\"><strong><span style=\"color: #ff0000;\">M\u00d3VIL DISPONIBLE EN M\u00c1S DE 20 COLORES, BRILLANTE Y OPAQUE<\/span><\/strong><\/p>\n<p style=\"text-align: left;\"><strong><span style=\"color: #ff0000;\"><span style=\"text-decoration: underline;\"><span style=\"color: #ff00ff;\">(Tambi\u00e9n puedes hacerlo en colores RAL en este caso debes contar un aumento de 60 euros).<\/span><\/span><\/span><\/strong><\/p>\n<p style=\"text-align: left;\"><strong><span style=\"color: #ff0000;\"><span style=\"color: #000000;\">el lavabo de cristal tambi\u00e9n se puede pedir; Los tiempos de producci\u00f3n son siempre de 15 d\u00edas si elige un cristal que tenga los mismos colores que los muebles, de lo contrario puede hacerlo en colores RAL con un m\u00e1ximo de 48 euros.<\/span><\/span><\/strong><\/p>\n<p><strong><span style=\"color: #ff0000;\"><br \/>\n<strong><span style=\"font-size: 14pt;\"><a href=\"http:\/\/www.themeter.net\/ral.htm\" target=\"_blank\" rel=\"noopener noreferrer\">TABLA DE COLORES RAL<\/a><\/span><\/strong><\/span><\/strong> <span style=\"font-size: 12pt;\">&lt;== haga clic aqu\u00ed para ver todos los colores RAL<\/span> <strong><span style=\"color: #ff0000;\"><br \/>\n<\/span><\/strong><\/p>\n","protected":false},"excerpt":{"rendered":"<p>El mueble de ba\u00f1o descentralizado Magic3 est\u00e1 disponible en varios tama\u00f1os y en 30 colores brillantes u opacos, con lavabo de apoyo o incluso blanco, con 2 o 4 cajones.<\/p>\n","protected":false},"featured_media":22730,"comment_status":"open","ping_status":"closed","template":"","meta":[],"product_brand":[5010],"product_cat":[10117],"product_tag":[],"class_list":{"0":"post-78872","1":"product","2":"type-product","3":"status-publish","4":"has-post-thumbnail","6":"product_brand-baden-bauen","7":"product_cat-senza-categoria-es","9":"first","10":"outofstock","11":"taxable","12":"shipping-taxable","13":"purchasable","14":"product-type-simple"},"exclude_global_add_ons":false,"addons":[{"name":"Espejo","type":"multiple_choice","position":0,"required":true,"title_format":"heading","default":"","description_enable":false,"description":"","placeholder_enable":false,"placeholder":"","display":"select","restrictions_type":"any_text","adjust_price":false,"price":"","price_type":"flat_fee","restrictions":false,"min":"0","max":"0","options":[{"label":"no","price":"","price_type":"quantity_based","image":0,"visibility":true},{"label":"Espejo 80x60 con aplique","price":"60","price_type":"quantity_based","image":0,"visibility":true}],"id":1718377653},{"name":"Color del mueble","type":"multiple_choice","position":1,"required":true,"title_format":"heading","default":"","description_enable":false,"description":"","placeholder_enable":false,"placeholder":"","display":"select","restrictions_type":"any_text","adjust_price":false,"price":"","price_type":"flat_fee","restrictions":false,"min":"0","max":"0","options":[{"label":"Blanco","price":"","price_type":"quantity_based","image":0,"visibility":true},{"label":"verde","price":"24","price_type":"quantity_based","image":0,"visibility":true},{"label":"Verde agua","price":"24","price_type":"quantity_based","image":0,"visibility":true},{"label":"verde pastel","price":"24","price_type":"quantity_based","image":0,"visibility":true},{"label":"verde \u00e1cido","price":"24","price_type":"quantity_based","image":0,"visibility":true},{"label":"azul claro","price":"24","price_type":"quantity_based","image":0,"visibility":true},{"label":"Azul cielo","price":"24","price_type":"quantity_based","image":0,"visibility":true},{"label":"Azul","price":"24","price_type":"quantity_based","image":0,"visibility":true},{"label":"marfil","price":"24","price_type":"quantity_based","image":0,"visibility":true},{"label":"Plata","price":"24","price_type":"quantity_based","image":0,"visibility":true},{"label":"rojo se\u00f1al","price":"24","price_type":"quantity_based","image":0,"visibility":true},{"label":"rojo vino","price":"24","price_type":"quantity_based","image":0,"visibility":true},{"label":"amarillo","price":"24","price_type":"quantity_based","image":0,"visibility":true},{"label":"naranja","price":"24","price_type":"quantity_based","image":0,"visibility":true},{"label":"lila","price":"24","price_type":"quantity_based","image":0,"visibility":true},{"label":"Antracita","price":"24","price_type":"quantity_based","image":0,"visibility":true},{"label":"Oro","price":"24","price_type":"quantity_based","image":0,"visibility":true},{"label":"Rosa","price":"24","price_type":"quantity_based","image":0,"visibility":true},{"label":"Plata","price":"24","price_type":"quantity_based","image":0,"visibility":true},{"label":"cobalto","price":"24","price_type":"quantity_based","image":0,"visibility":true},{"label":"glicinia","price":"24","price_type":"quantity_based","image":0,"visibility":true},{"label":"Negro","price":"24","price_type":"quantity_based","image":0,"visibility":true},{"label":"Color Ral","price":"60","price_type":"quantity_based","image":0,"visibility":true}],"id":1718377654},{"name":"color","type":"multiple_choice","position":2,"required":true,"title_format":"heading","default":"","description_enable":false,"description":"","placeholder_enable":false,"placeholder":"","display":"select","restrictions_type":"any_text","adjust_price":false,"price":"","price_type":"flat_fee","restrictions":false,"min":"0","max":"0","options":[{"label":"Brillante","price":"","price_type":"quantity_based","image":0,"visibility":true},{"label":"Opaco","price":"","price_type":"quantity_based","image":0,"visibility":true}],"id":1718377655},{"name":"Columna","type":"multiple_choice","position":3,"required":true,"title_format":"heading","default":"","description_enable":false,"description":"","placeholder_enable":false,"placeholder":"","display":"select","restrictions_type":"any_text","adjust_price":false,"price":"","price_type":"flat_fee","restrictions":false,"min":"0","max":"0","options":[{"label":"no","price":"","price_type":"quantity_based","image":0,"visibility":true},{"label":"34 H163 D27 apertura lado izquierdo","price":"229","price_type":"quantity_based","image":0,"visibility":true},{"label":"34 H163 D27 apertura lateral derecha","price":"229","price_type":"quantity_based","image":0,"visibility":true}],"id":1718377656},{"name":"Armario","type":"multiple_choice","position":4,"required":true,"title_format":"heading","default":"","description_enable":false,"description":"","placeholder_enable":false,"placeholder":"","display":"select","restrictions_type":"any_text","adjust_price":false,"price":"","price_type":"flat_fee","restrictions":false,"min":"0","max":"0","options":[{"label":"Armario con 1 caj\u00f3n","price":"","price_type":"quantity_based","image":0,"visibility":true},{"label":"Armario con 2 cajones","price":"72","price_type":"quantity_based","image":0,"visibility":true}],"id":1718377657},{"name":"Tipo","type":"multiple_choice","position":5,"required":true,"title_format":"heading","default":"","description_enable":false,"description":"","placeholder_enable":false,"placeholder":"","display":"select","restrictions_type":"any_text","adjust_price":false,"price":"","price_type":"flat_fee","restrictions":false,"min":"0","max":"0","options":[{"label":"tirador strass","price":"","price_type":"quantity_based","image":0,"visibility":true},{"label":"tirador lineal","price":"","price_type":"quantity_based","image":0,"visibility":true},{"label":"tirador chic art","price":"","price_type":"quantity_based","image":0,"visibility":true}],"id":1718377658},{"name":"Cajonera","type":"multiple_choice","position":6,"required":true,"title_format":"heading","default":"","description_enable":false,"description":"","placeholder_enable":false,"placeholder":"","display":"select","restrictions_type":"any_text","adjust_price":false,"price":"","price_type":"flat_fee","restrictions":false,"min":"0","max":"0","options":[{"label":"Lateral - con 1 caj\u00f3n","price":"","price_type":"quantity_based","image":0,"visibility":true},{"label":"Lateral - con 2 cajones","price":"72","price_type":"quantity_based","image":0,"visibility":true}],"id":1718377659}],"yoast_head":"<!-- This site is optimized with the Yoast SEO plugin v26.7 - https:\/\/yoast.com\/wordpress\/plugins\/seo\/ -->\n<title>Ba\u00f1o m\u00f3vil Magic3 110 120 130 140 150 160 cm descentralizado con cajones en m\u00e1s de 25 colores bb<\/title>\n<meta name=\"description\" content=\"Mueble de ba\u00f1o Magic3 disponible en tama\u00f1os 110 120 130 140 150 160 cm tipo descentralizado con cajones en m\u00e1s de 25 colores\" \/>\n<meta name=\"robots\" content=\"index, follow, max-snippet:-1, max-image-preview:large, max-video-preview:-1\" \/>\n<link rel=\"canonical\" href=\"https:\/\/www.bagnoitalia.com\/es\/producto\/bano-movil-magic3-80-90-100-110-120-130-140-150-160-cm-descentralizado-con-2-o-4-cajones-30-colores.html\" \/>\n<meta property=\"og:locale\" content=\"es_ES\" \/>\n<meta property=\"og:type\" content=\"article\" \/>\n<meta property=\"og:title\" content=\"Ba\u00f1o m\u00f3vil Magic3 110 120 130 140 150 160 cm descentralizado con cajones en m\u00e1s de 25 colores bb\" \/>\n<meta property=\"og:description\" content=\"Mueble de ba\u00f1o Magic3 disponible en tama\u00f1os 110 120 130 140 150 160 cm tipo descentralizado con cajones en m\u00e1s de 25 colores\" \/>\n<meta property=\"og:url\" content=\"https:\/\/www.bagnoitalia.com\/es\/producto\/bano-movil-magic3-80-90-100-110-120-130-140-150-160-cm-descentralizado-con-2-o-4-cajones-30-colores.html\" \/>\n<meta property=\"og:site_name\" content=\"Bagno Italia\" \/>\n<meta property=\"article:modified_time\" content=\"2025-06-13T17:37:30+00:00\" \/>\n<meta property=\"og:image\" content=\"https:\/\/img.bagnoitalia.com\/wp-content\/uploads\/virtuemart\/product\/Bathroom-vanity-Magic3-1_1542298840_820.jpg\" \/>\n\t<meta property=\"og:image:width\" content=\"620\" \/>\n\t<meta property=\"og:image:height\" content=\"620\" \/>\n\t<meta property=\"og:image:type\" content=\"image\/jpeg\" \/>\n<meta name=\"twitter:card\" content=\"summary_large_image\" \/>\n<meta name=\"twitter:label1\" content=\"Tiempo de lectura\" \/>\n\t<meta name=\"twitter:data1\" content=\"3 minutos\" \/>\n<script type=\"application\/ld+json\" class=\"yoast-schema-graph\">{\"@context\":\"https:\/\/schema.org\",\"@graph\":[{\"@type\":\"WebPage\",\"@id\":\"https:\/\/www.bagnoitalia.com\/es\/producto\/bano-movil-magic3-80-90-100-110-120-130-140-150-160-cm-descentralizado-con-2-o-4-cajones-30-colores.html\",\"url\":\"https:\/\/www.bagnoitalia.com\/es\/producto\/bano-movil-magic3-80-90-100-110-120-130-140-150-160-cm-descentralizado-con-2-o-4-cajones-30-colores.html\",\"name\":\"Ba\u00f1o m\u00f3vil Magic3 110 120 130 140 150 160 cm descentralizado con cajones en m\u00e1s de 25 colores bb\",\"isPartOf\":{\"@id\":\"https:\/\/www.bagnoitalia.com\/es#website\"},\"primaryImageOfPage\":{\"@id\":\"https:\/\/www.bagnoitalia.com\/es\/producto\/bano-movil-magic3-80-90-100-110-120-130-140-150-160-cm-descentralizado-con-2-o-4-cajones-30-colores.html#primaryimage\"},\"image\":{\"@id\":\"https:\/\/www.bagnoitalia.com\/es\/producto\/bano-movil-magic3-80-90-100-110-120-130-140-150-160-cm-descentralizado-con-2-o-4-cajones-30-colores.html#primaryimage\"},\"thumbnailUrl\":\"https:\/\/img.bagnoitalia.com\/wp-content\/uploads\/virtuemart\/product\/Bathroom-vanity-Magic3-1_1542298840_820.jpg\",\"datePublished\":\"2014-04-13T16:34:45+00:00\",\"dateModified\":\"2025-06-13T17:37:30+00:00\",\"description\":\"Mueble de ba\u00f1o Magic3 disponible en tama\u00f1os 110 120 130 140 150 160 cm tipo descentralizado con cajones en m\u00e1s de 25 colores\",\"breadcrumb\":{\"@id\":\"https:\/\/www.bagnoitalia.com\/es\/producto\/bano-movil-magic3-80-90-100-110-120-130-140-150-160-cm-descentralizado-con-2-o-4-cajones-30-colores.html#breadcrumb\"},\"inLanguage\":\"es\",\"potentialAction\":[{\"@type\":\"ReadAction\",\"target\":[\"https:\/\/www.bagnoitalia.com\/es\/producto\/bano-movil-magic3-80-90-100-110-120-130-140-150-160-cm-descentralizado-con-2-o-4-cajones-30-colores.html\"]}]},{\"@type\":\"ImageObject\",\"inLanguage\":\"es\",\"@id\":\"https:\/\/www.bagnoitalia.com\/es\/producto\/bano-movil-magic3-80-90-100-110-120-130-140-150-160-cm-descentralizado-con-2-o-4-cajones-30-colores.html#primaryimage\",\"url\":\"https:\/\/img.bagnoitalia.com\/wp-content\/uploads\/virtuemart\/product\/Bathroom-vanity-Magic3-1_1542298840_820.jpg\",\"contentUrl\":\"https:\/\/img.bagnoitalia.com\/wp-content\/uploads\/virtuemart\/product\/Bathroom-vanity-Magic3-1_1542298840_820.jpg\",\"width\":620,\"height\":620},{\"@type\":\"BreadcrumbList\",\"@id\":\"https:\/\/www.bagnoitalia.com\/es\/producto\/bano-movil-magic3-80-90-100-110-120-130-140-150-160-cm-descentralizado-con-2-o-4-cajones-30-colores.html#breadcrumb\",\"itemListElement\":[{\"@type\":\"ListItem\",\"position\":1,\"name\":\"Home\",\"item\":\"https:\/\/www.bagnoitalia.com\/es\"},{\"@type\":\"ListItem\",\"position\":2,\"name\":\"Productos\",\"item\":\"https:\/\/www.bagnoitalia.com\/es\/shop\"},{\"@type\":\"ListItem\",\"position\":3,\"name\":\"Mueble de Ba\u00f1o Magic3 80 90 100 110 120 130 140 150 160 cm descentralizado, con 2 o 4 cajones 30 colores\"}]},{\"@type\":\"WebSite\",\"@id\":\"https:\/\/www.bagnoitalia.com\/es#website\",\"url\":\"https:\/\/www.bagnoitalia.com\/es\",\"name\":\"Bagno Italia\",\"description\":\"\",\"publisher\":{\"@id\":\"https:\/\/www.bagnoitalia.com\/es#organization\"},\"potentialAction\":[{\"@type\":\"SearchAction\",\"target\":{\"@type\":\"EntryPoint\",\"urlTemplate\":\"https:\/\/www.bagnoitalia.com\/es?s={search_term_string}\"},\"query-input\":{\"@type\":\"PropertyValueSpecification\",\"valueRequired\":true,\"valueName\":\"search_term_string\"}}],\"inLanguage\":\"es\"},{\"@type\":\"Organization\",\"@id\":\"https:\/\/www.bagnoitalia.com\/es#organization\",\"name\":\"Bagno Italia\",\"url\":\"https:\/\/www.bagnoitalia.com\/es\",\"logo\":{\"@type\":\"ImageObject\",\"inLanguage\":\"es\",\"@id\":\"https:\/\/www.bagnoitalia.com\/es#\/schema\/logo\/image\/\",\"url\":\"https:\/\/img.bagnoitalia.com\/wp-content\/uploads\/logo-bagnoitalia.webp\",\"contentUrl\":\"https:\/\/img.bagnoitalia.com\/wp-content\/uploads\/logo-bagnoitalia.webp\",\"width\":400,\"height\":70,\"caption\":\"Bagno Italia\"},\"image\":{\"@id\":\"https:\/\/www.bagnoitalia.com\/es#\/schema\/logo\/image\/\"}}]}<\/script>\n<!-- \/ Yoast SEO plugin. -->","yoast_head_json":{"title":"Ba\u00f1o m\u00f3vil Magic3 110 120 130 140 150 160 cm descentralizado con cajones en m\u00e1s de 25 colores bb","description":"Mueble de ba\u00f1o Magic3 disponible en tama\u00f1os 110 120 130 140 150 160 cm tipo descentralizado con cajones en m\u00e1s de 25 colores","robots":{"index":"index","follow":"follow","max-snippet":"max-snippet:-1","max-image-preview":"max-image-preview:large","max-video-preview":"max-video-preview:-1"},"canonical":"https:\/\/www.bagnoitalia.com\/es\/producto\/bano-movil-magic3-80-90-100-110-120-130-140-150-160-cm-descentralizado-con-2-o-4-cajones-30-colores.html","og_locale":"es_ES","og_type":"article","og_title":"Ba\u00f1o m\u00f3vil Magic3 110 120 130 140 150 160 cm descentralizado con cajones en m\u00e1s de 25 colores bb","og_description":"Mueble de ba\u00f1o Magic3 disponible en tama\u00f1os 110 120 130 140 150 160 cm tipo descentralizado con cajones en m\u00e1s de 25 colores","og_url":"https:\/\/www.bagnoitalia.com\/es\/producto\/bano-movil-magic3-80-90-100-110-120-130-140-150-160-cm-descentralizado-con-2-o-4-cajones-30-colores.html","og_site_name":"Bagno Italia","article_modified_time":"2025-06-13T17:37:30+00:00","og_image":[{"width":620,"height":620,"url":"https:\/\/img.bagnoitalia.com\/wp-content\/uploads\/virtuemart\/product\/Bathroom-vanity-Magic3-1_1542298840_820.jpg","type":"image\/jpeg"}],"twitter_card":"summary_large_image","twitter_misc":{"Tiempo de lectura":"3 minutos"},"schema":{"@context":"https:\/\/schema.org","@graph":[{"@type":"WebPage","@id":"https:\/\/www.bagnoitalia.com\/es\/producto\/bano-movil-magic3-80-90-100-110-120-130-140-150-160-cm-descentralizado-con-2-o-4-cajones-30-colores.html","url":"https:\/\/www.bagnoitalia.com\/es\/producto\/bano-movil-magic3-80-90-100-110-120-130-140-150-160-cm-descentralizado-con-2-o-4-cajones-30-colores.html","name":"Ba\u00f1o m\u00f3vil Magic3 110 120 130 140 150 160 cm descentralizado con cajones en m\u00e1s de 25 colores bb","isPartOf":{"@id":"https:\/\/www.bagnoitalia.com\/es#website"},"primaryImageOfPage":{"@id":"https:\/\/www.bagnoitalia.com\/es\/producto\/bano-movil-magic3-80-90-100-110-120-130-140-150-160-cm-descentralizado-con-2-o-4-cajones-30-colores.html#primaryimage"},"image":{"@id":"https:\/\/www.bagnoitalia.com\/es\/producto\/bano-movil-magic3-80-90-100-110-120-130-140-150-160-cm-descentralizado-con-2-o-4-cajones-30-colores.html#primaryimage"},"thumbnailUrl":"https:\/\/img.bagnoitalia.com\/wp-content\/uploads\/virtuemart\/product\/Bathroom-vanity-Magic3-1_1542298840_820.jpg","datePublished":"2014-04-13T16:34:45+00:00","dateModified":"2025-06-13T17:37:30+00:00","description":"Mueble de ba\u00f1o Magic3 disponible en tama\u00f1os 110 120 130 140 150 160 cm tipo descentralizado con cajones en m\u00e1s de 25 colores","breadcrumb":{"@id":"https:\/\/www.bagnoitalia.com\/es\/producto\/bano-movil-magic3-80-90-100-110-120-130-140-150-160-cm-descentralizado-con-2-o-4-cajones-30-colores.html#breadcrumb"},"inLanguage":"es","potentialAction":[{"@type":"ReadAction","target":["https:\/\/www.bagnoitalia.com\/es\/producto\/bano-movil-magic3-80-90-100-110-120-130-140-150-160-cm-descentralizado-con-2-o-4-cajones-30-colores.html"]}]},{"@type":"ImageObject","inLanguage":"es","@id":"https:\/\/www.bagnoitalia.com\/es\/producto\/bano-movil-magic3-80-90-100-110-120-130-140-150-160-cm-descentralizado-con-2-o-4-cajones-30-colores.html#primaryimage","url":"https:\/\/img.bagnoitalia.com\/wp-content\/uploads\/virtuemart\/product\/Bathroom-vanity-Magic3-1_1542298840_820.jpg","contentUrl":"https:\/\/img.bagnoitalia.com\/wp-content\/uploads\/virtuemart\/product\/Bathroom-vanity-Magic3-1_1542298840_820.jpg","width":620,"height":620},{"@type":"BreadcrumbList","@id":"https:\/\/www.bagnoitalia.com\/es\/producto\/bano-movil-magic3-80-90-100-110-120-130-140-150-160-cm-descentralizado-con-2-o-4-cajones-30-colores.html#breadcrumb","itemListElement":[{"@type":"ListItem","position":1,"name":"Home","item":"https:\/\/www.bagnoitalia.com\/es"},{"@type":"ListItem","position":2,"name":"Productos","item":"https:\/\/www.bagnoitalia.com\/es\/shop"},{"@type":"ListItem","position":3,"name":"Mueble de Ba\u00f1o Magic3 80 90 100 110 120 130 140 150 160 cm descentralizado, con 2 o 4 cajones 30 colores"}]},{"@type":"WebSite","@id":"https:\/\/www.bagnoitalia.com\/es#website","url":"https:\/\/www.bagnoitalia.com\/es","name":"Bagno Italia","description":"","publisher":{"@id":"https:\/\/www.bagnoitalia.com\/es#organization"},"potentialAction":[{"@type":"SearchAction","target":{"@type":"EntryPoint","urlTemplate":"https:\/\/www.bagnoitalia.com\/es?s={search_term_string}"},"query-input":{"@type":"PropertyValueSpecification","valueRequired":true,"valueName":"search_term_string"}}],"inLanguage":"es"},{"@type":"Organization","@id":"https:\/\/www.bagnoitalia.com\/es#organization","name":"Bagno Italia","url":"https:\/\/www.bagnoitalia.com\/es","logo":{"@type":"ImageObject","inLanguage":"es","@id":"https:\/\/www.bagnoitalia.com\/es#\/schema\/logo\/image\/","url":"https:\/\/img.bagnoitalia.com\/wp-content\/uploads\/logo-bagnoitalia.webp","contentUrl":"https:\/\/img.bagnoitalia.com\/wp-content\/uploads\/logo-bagnoitalia.webp","width":400,"height":70,"caption":"Bagno Italia"},"image":{"@id":"https:\/\/www.bagnoitalia.com\/es#\/schema\/logo\/image\/"}}]}},"_links":{"self":[{"href":"https:\/\/www.bagnoitalia.com\/es\/wp-json\/wp\/v2\/product\/78872","targetHints":{"allow":["GET"]}}],"collection":[{"href":"https:\/\/www.bagnoitalia.com\/es\/wp-json\/wp\/v2\/product"}],"about":[{"href":"https:\/\/www.bagnoitalia.com\/es\/wp-json\/wp\/v2\/types\/product"}],"replies":[{"embeddable":true,"href":"https:\/\/www.bagnoitalia.com\/es\/wp-json\/wp\/v2\/comments?post=78872"}],"version-history":[{"count":1,"href":"https:\/\/www.bagnoitalia.com\/es\/wp-json\/wp\/v2\/product\/78872\/revisions"}],"predecessor-version":[{"id":90234,"href":"https:\/\/www.bagnoitalia.com\/es\/wp-json\/wp\/v2\/product\/78872\/revisions\/90234"}],"wp:featuredmedia":[{"embeddable":true,"href":"https:\/\/www.bagnoitalia.com\/es\/wp-json\/wp\/v2\/media\/22730"}],"wp:attachment":[{"href":"https:\/\/www.bagnoitalia.com\/es\/wp-json\/wp\/v2\/media?parent=78872"}],"wp:term":[{"taxonomy":"product_brand","embeddable":true,"href":"https:\/\/www.bagnoitalia.com\/es\/wp-json\/wp\/v2\/product_brand?post=78872"},{"taxonomy":"product_cat","embeddable":true,"href":"https:\/\/www.bagnoitalia.com\/es\/wp-json\/wp\/v2\/product_cat?post=78872"},{"taxonomy":"product_tag","embeddable":true,"href":"https:\/\/www.bagnoitalia.com\/es\/wp-json\/wp\/v2\/product_tag?post=78872"}],"curies":[{"name":"wp","href":"https:\/\/api.w.org\/{rel}","templated":true}]}}