{"id":78796,"date":"2014-03-19T22:26:31","date_gmt":"2014-03-19T21:26:31","guid":{"rendered":"https:\/\/www.bagnoitalia.com\/product\/cabina-de-ducha-con-puerta-fija-y-puerta-con-apertura-de-libro-con-box019-transparente-o-de-puntos"},"modified":"2025-05-15T10:13:58","modified_gmt":"2025-05-15T08:13:58","slug":"cabina-de-ducha-con-puerta-fija-y-puerta-con-apertura-de-libro-con-box019-transparente-o-de-puntos","status":"publish","type":"product","link":"https:\/\/www.bagnoitalia.com\/es\/producto\/cabina-de-ducha-con-puerta-fija-y-puerta-con-apertura-de-libro-con-box019-transparente-o-de-puntos.html","title":{"rendered":"Cabina de Ducha con puerta fija y puerta con apertura de libro abatible transparente o de puntos BOX019"},"content":{"rendered":"<p><strong>Cabina de ducha con puerta fija de 70.80.90 y puerta plegable de 70.80.90.100<\/strong><\/p>\n<p>Altura 185 cm<\/p>\n<p>La cabina de ducha tiene <strong>una abertura en la ranura<\/strong> lateral y una dentro de la caja.<\/p>\n<div><strong>Puerta\u00a0<\/strong><strong>con apertura de libro (bramido) cristal 5 mm.\u00a0<\/strong><\/div>\n<div><strong>Tallas disponibles:<\/strong><\/div>\n<div><strong>\u00a0\u00a0\u00a0\u00a0\u00a0<\/strong> 70: Ajustable de 68cm a 72cm.<\/div>\n<div>80: Ajustable de 78 cm a 81 cm.<\/div>\n<div>90: Ajustable de 87 cm a 91 cm.<\/div>\n<div>100: Ajustable de 97cm a 101cm.<\/div>\n<ul>\n<li>La puerta plegable se abre completamente y tiene un espacio de entrada de 16 cm menos que el tama\u00f1o de la puerta (por ejemplo, la puerta de 80 tiene un espacio de entrada de 64 cm)<\/li>\n<\/ul>\n<p><strong>Puerta fija de vidrio de 6 mm.<br \/>\n<\/strong><\/p>\n<ul>\n<li>70: Ajustable de 68 cm a 71 cm.<\/li>\n<li>75: Ajustable de 73 cm a 76 cm.<\/li>\n<li>80: Ajustable de 78 cm a 81 cm.<\/li>\n<li>90: Ajustable de 88 cm a 91 cm.<\/li>\n<\/ul>\n<div><\/div>\n<div><\/div>\n<div><img decoding=\"async\" class=\" size-full wp-image-15381\" src=\"https:\/\/img.bagnoitalia.com\/wp-content\/uploads\/1b.jpg\" alt=\"https:\/\/www.bagnoitalia.it\/https:\/\/img.bagnoitalia.com\/wp-content\/uploads\/1b.jpg\" width=\"738\" height=\"56\" \/><\/div>\n<div><\/div>\n<div><strong>Caracter\u00edsticas t\u00e9cnicas:<\/strong><\/div>\n<ul>\n<li><\/li>\n<li>Contorno de <strong>aluminio<\/strong> con <strong>tratamiento antioxidante.<\/strong><\/li>\n<li>Cierre magn\u00e9tico de altura completa (im\u00e1n) que garantiza una estanqueidad \u00f3ptima al agua<\/li>\n<li>Sistema de apertura con puertas LIBRO hacia el interior.<\/li>\n<li>Extensible para adaptarse a cualquier fuera de cuadrados en la placa o pared<\/li>\n<li>Plato de ducha no incluido (disponible bajo petici\u00f3n)<\/li>\n<li><\/li>\n<\/ul>\n<p><strong>La puerta abatible es reversible.<\/strong><\/p>\n<p><span style=\"color: #ff0000;\"><strong>Soluci\u00f3n con dos puertas fijas y puerta abatible.<\/strong><\/span><\/p>\n<p><img fetchpriority=\"high\" decoding=\"async\" class=\"shrinkToFit size-full wp-image-22002\" src=\"https:\/\/img.bagnoitalia.com\/wp-content\/uploads\/virtuemart\/product\/box_doccia_due_ante_fisse_una_porta_a_libro.jpg\" alt=\"http:\/\/www.bagnoitalia.it\/https:\/\/img.bagnoitalia.com\/wp-content\/uploads\/virtuemart\/product\/box_doccia_due_ante_fisse_una_porta_a_libro.jpg\" width=\"465\" height=\"706\" srcset=\"https:\/\/img.bagnoitalia.com\/wp-content\/uploads\/virtuemart\/product\/box_doccia_due_ante_fisse_una_porta_a_libro.jpg 528w, https:\/\/img.bagnoitalia.com\/wp-content\/uploads\/virtuemart\/product\/box_doccia_due_ante_fisse_una_porta_a_libro-150x227.jpg 150w\" sizes=\"(max-width: 465px) 100vw, 465px\" \/><\/p>\n","protected":false},"excerpt":{"rendered":"<p>Cabina de ducha con puerta fija (70.75, 80.90) y puerta plegable (70.80.90,100), con vidrio transparente o moteado.<\/p>\n","protected":false},"featured_media":21982,"comment_status":"open","ping_status":"closed","template":"","meta":[],"product_brand":[9887],"product_cat":[9809,9713],"product_tag":[],"class_list":{"0":"post-78796","1":"product","2":"type-product","3":"status-publish","4":"has-post-thumbnail","6":"product_brand-hydrastar-es","7":"product_cat-cabina-de-ducha-de-esquina-cabina-de-ducha","8":"product_cat-cabina-de-ducha","10":"first","11":"instock","12":"sale","13":"taxable","14":"shipping-taxable","15":"purchasable","16":"product-type-simple"},"exclude_global_add_ons":false,"addons":[{"name":"cristal","type":"multiple_choice","position":0,"required":true,"title_format":"heading","default":"","description_enable":false,"description":"","placeholder_enable":false,"placeholder":"","display":"select","restrictions_type":"any_text","adjust_price":false,"price":"","price_type":"flat_fee","restrictions":false,"min":"0","max":"0","options":[{"label":"transparente","price":"","price_type":"quantity_based","image":0,"visibility":true},{"label":"opaco","price":"","price_type":"quantity_based","image":0,"visibility":true}],"id":1718712331},{"name":"puerta de la ducha","type":"multiple_choice","position":1,"required":true,"title_format":"heading","default":"","description_enable":false,"description":"","placeholder_enable":false,"placeholder":"","display":"select","restrictions_type":"any_text","adjust_price":false,"price":"","price_type":"flat_fee","restrictions":false,"min":"0","max":"0","options":[{"label":"cm 60","price":"","price_type":"quantity_based","image":0,"visibility":true},{"label":"cm 70","price":"9","price_type":"quantity_based","image":0,"visibility":true},{"label":"cm 80","price":"19","price_type":"quantity_based","image":0,"visibility":true},{"label":"cm 90","price":"25","price_type":"quantity_based","image":0,"visibility":true},{"label":"cm 100","price":"39","price_type":"quantity_based","image":0,"visibility":true}],"id":1718712332},{"name":"lado fijo","type":"multiple_choice","position":2,"required":true,"title_format":"heading","default":"","description_enable":false,"description":"","placeholder_enable":false,"placeholder":"","display":"select","restrictions_type":"any_text","adjust_price":false,"price":"","price_type":"flat_fee","restrictions":false,"min":"0","max":"0","options":[{"label":"60 cm - ajustable de 57 a 59 cm","price":"","price_type":"quantity_based","image":0,"visibility":true},{"label":"70 cm - ajustable de 67 a 69 cm","price":"6","price_type":"quantity_based","image":0,"visibility":true},{"label":"75 cm - ajustable de 72 a 74 cm","price":"16","price_type":"quantity_based","image":0,"visibility":true},{"label":"80 cm - ajustable de 77 a 79 cm","price":"21","price_type":"quantity_based","image":0,"visibility":true},{"label":"90 cm - ajustable de 87 a 89 cm","price":"30","price_type":"quantity_based","image":0,"visibility":true},{"label":"100 cm - ajustable de 97 a 99 cm","price":"40","price_type":"quantity_based","image":0,"visibility":true},{"label":"2 x 60 cm - ajustable de 57 a 59 cm","price":"179","price_type":"quantity_based","image":0,"visibility":true},{"label":"2 x 70 cm - ajustable de 67 a 69 cm","price":"191","price_type":"quantity_based","image":0,"visibility":true},{"label":"2 x 75 cm - ajustable de 72 a 74 cm","price":"211","price_type":"quantity_based","image":0,"visibility":true},{"label":"2 x 80 cm - ajustable de 77 a 79 cm","price":"221","price_type":"quantity_based","image":0,"visibility":true},{"label":"2 x 90 cm - ajustable de 87 a 89 cm","price":"239","price_type":"quantity_based","image":0,"visibility":true},{"label":"2 x 100 cm - ajustable de 97 a 99 cm","price":"259","price_type":"quantity_based","image":0,"visibility":true}],"id":1718712333},{"name":"perfil de compensaci\u00f3n","type":"multiple_choice","position":3,"required":true,"title_format":"heading","default":"","description_enable":false,"description":"","placeholder_enable":false,"placeholder":"","display":"select","restrictions_type":"any_text","adjust_price":false,"price":"","price_type":"flat_fee","restrictions":false,"min":"0","max":"0","options":[{"label":"SIN perfil de compensaci\u00f3n","price":"","price_type":"quantity_based","image":0,"visibility":true},{"label":"un perfil de compensaci\u00f3n +1cm","price":"35","price_type":"quantity_based","image":0,"visibility":true},{"label":"dos perfiles de compensaci\u00f3n +2cm","price":"70","price_type":"quantity_based","image":0,"visibility":true},{"label":"un perfil en H de 3 a 6 cm","price":"45","price_type":"quantity_based","image":0,"visibility":true}],"id":1718712334}],"yoast_head":"<!-- This site is optimized with the Yoast SEO plugin v26.7 - https:\/\/yoast.com\/wordpress\/plugins\/seo\/ -->\n<title>Cabina de ducha con puerta fija, apertura abatible hd<\/title>\n<meta name=\"description\" content=\"Cabina de ducha con puerta fija, con vidrio transparente o punteado. Apertura a libro interno, disponible en diferentes tama\u00f1os. Cierre magn\u00e9tico.\" \/>\n<meta name=\"robots\" content=\"index, follow, max-snippet:-1, max-image-preview:large, max-video-preview:-1\" \/>\n<link rel=\"canonical\" href=\"https:\/\/www.bagnoitalia.com\/es\/producto\/cabina-de-ducha-con-puerta-fija-y-puerta-con-apertura-de-libro-con-box019-transparente-o-de-puntos.html\" \/>\n<meta property=\"og:locale\" content=\"es_ES\" \/>\n<meta property=\"og:type\" content=\"article\" \/>\n<meta property=\"og:title\" content=\"Cabina de ducha con puerta fija, apertura abatible hd\" \/>\n<meta property=\"og:description\" content=\"Cabina de ducha con puerta fija, con vidrio transparente o punteado. Apertura a libro interno, disponible en diferentes tama\u00f1os. Cierre magn\u00e9tico.\" \/>\n<meta property=\"og:url\" content=\"https:\/\/www.bagnoitalia.com\/es\/producto\/cabina-de-ducha-con-puerta-fija-y-puerta-con-apertura-de-libro-con-box019-transparente-o-de-puntos.html\" \/>\n<meta property=\"og:site_name\" content=\"Bagno Italia\" \/>\n<meta property=\"article:modified_time\" content=\"2025-05-15T08:13:58+00:00\" \/>\n<meta property=\"og:image\" content=\"https:\/\/img.bagnoitalia.com\/wp-content\/uploads\/virtuemart\/product\/shower-enclosure-fixed-door-box019-1_1543766471_95.jpg\" \/>\n\t<meta property=\"og:image:width\" content=\"500\" \/>\n\t<meta property=\"og:image:height\" content=\"500\" \/>\n\t<meta property=\"og:image:type\" content=\"image\/jpeg\" \/>\n<meta name=\"twitter:card\" content=\"summary_large_image\" \/>\n<meta name=\"twitter:label1\" content=\"Tiempo de lectura\" \/>\n\t<meta name=\"twitter:data1\" content=\"2 minutos\" \/>\n<script type=\"application\/ld+json\" class=\"yoast-schema-graph\">{\"@context\":\"https:\/\/schema.org\",\"@graph\":[{\"@type\":\"WebPage\",\"@id\":\"https:\/\/www.bagnoitalia.com\/es\/producto\/cabina-de-ducha-con-puerta-fija-y-puerta-con-apertura-de-libro-con-box019-transparente-o-de-puntos.html\",\"url\":\"https:\/\/www.bagnoitalia.com\/es\/producto\/cabina-de-ducha-con-puerta-fija-y-puerta-con-apertura-de-libro-con-box019-transparente-o-de-puntos.html\",\"name\":\"Cabina de ducha con puerta fija, apertura abatible hd\",\"isPartOf\":{\"@id\":\"https:\/\/www.bagnoitalia.com\/es#website\"},\"primaryImageOfPage\":{\"@id\":\"https:\/\/www.bagnoitalia.com\/es\/producto\/cabina-de-ducha-con-puerta-fija-y-puerta-con-apertura-de-libro-con-box019-transparente-o-de-puntos.html#primaryimage\"},\"image\":{\"@id\":\"https:\/\/www.bagnoitalia.com\/es\/producto\/cabina-de-ducha-con-puerta-fija-y-puerta-con-apertura-de-libro-con-box019-transparente-o-de-puntos.html#primaryimage\"},\"thumbnailUrl\":\"https:\/\/img.bagnoitalia.com\/wp-content\/uploads\/virtuemart\/product\/shower-enclosure-fixed-door-box019-1_1543766471_95.jpg\",\"datePublished\":\"2014-03-19T21:26:31+00:00\",\"dateModified\":\"2025-05-15T08:13:58+00:00\",\"description\":\"Cabina de ducha con puerta fija, con vidrio transparente o punteado. Apertura a libro interno, disponible en diferentes tama\u00f1os. Cierre magn\u00e9tico.\",\"breadcrumb\":{\"@id\":\"https:\/\/www.bagnoitalia.com\/es\/producto\/cabina-de-ducha-con-puerta-fija-y-puerta-con-apertura-de-libro-con-box019-transparente-o-de-puntos.html#breadcrumb\"},\"inLanguage\":\"es\",\"potentialAction\":[{\"@type\":\"ReadAction\",\"target\":[\"https:\/\/www.bagnoitalia.com\/es\/producto\/cabina-de-ducha-con-puerta-fija-y-puerta-con-apertura-de-libro-con-box019-transparente-o-de-puntos.html\"]}]},{\"@type\":\"ImageObject\",\"inLanguage\":\"es\",\"@id\":\"https:\/\/www.bagnoitalia.com\/es\/producto\/cabina-de-ducha-con-puerta-fija-y-puerta-con-apertura-de-libro-con-box019-transparente-o-de-puntos.html#primaryimage\",\"url\":\"https:\/\/img.bagnoitalia.com\/wp-content\/uploads\/virtuemart\/product\/shower-enclosure-fixed-door-box019-1_1543766471_95.jpg\",\"contentUrl\":\"https:\/\/img.bagnoitalia.com\/wp-content\/uploads\/virtuemart\/product\/shower-enclosure-fixed-door-box019-1_1543766471_95.jpg\",\"width\":500,\"height\":500},{\"@type\":\"BreadcrumbList\",\"@id\":\"https:\/\/www.bagnoitalia.com\/es\/producto\/cabina-de-ducha-con-puerta-fija-y-puerta-con-apertura-de-libro-con-box019-transparente-o-de-puntos.html#breadcrumb\",\"itemListElement\":[{\"@type\":\"ListItem\",\"position\":1,\"name\":\"Home\",\"item\":\"https:\/\/www.bagnoitalia.com\/es\"},{\"@type\":\"ListItem\",\"position\":2,\"name\":\"Productos\",\"item\":\"https:\/\/www.bagnoitalia.com\/es\/shop\"},{\"@type\":\"ListItem\",\"position\":3,\"name\":\"Cabina de Ducha con puerta fija y puerta con apertura de libro abatible transparente o de puntos BOX019\"}]},{\"@type\":\"WebSite\",\"@id\":\"https:\/\/www.bagnoitalia.com\/es#website\",\"url\":\"https:\/\/www.bagnoitalia.com\/es\",\"name\":\"Bagno Italia\",\"description\":\"\",\"publisher\":{\"@id\":\"https:\/\/www.bagnoitalia.com\/es#organization\"},\"potentialAction\":[{\"@type\":\"SearchAction\",\"target\":{\"@type\":\"EntryPoint\",\"urlTemplate\":\"https:\/\/www.bagnoitalia.com\/es?s={search_term_string}\"},\"query-input\":{\"@type\":\"PropertyValueSpecification\",\"valueRequired\":true,\"valueName\":\"search_term_string\"}}],\"inLanguage\":\"es\"},{\"@type\":\"Organization\",\"@id\":\"https:\/\/www.bagnoitalia.com\/es#organization\",\"name\":\"Bagno Italia\",\"url\":\"https:\/\/www.bagnoitalia.com\/es\",\"logo\":{\"@type\":\"ImageObject\",\"inLanguage\":\"es\",\"@id\":\"https:\/\/www.bagnoitalia.com\/es#\/schema\/logo\/image\/\",\"url\":\"https:\/\/img.bagnoitalia.com\/wp-content\/uploads\/logo-bagnoitalia.webp\",\"contentUrl\":\"https:\/\/img.bagnoitalia.com\/wp-content\/uploads\/logo-bagnoitalia.webp\",\"width\":400,\"height\":70,\"caption\":\"Bagno Italia\"},\"image\":{\"@id\":\"https:\/\/www.bagnoitalia.com\/es#\/schema\/logo\/image\/\"}}]}<\/script>\n<!-- \/ Yoast SEO plugin. -->","yoast_head_json":{"title":"Cabina de ducha con puerta fija, apertura abatible hd","description":"Cabina de ducha con puerta fija, con vidrio transparente o punteado. Apertura a libro interno, disponible en diferentes tama\u00f1os. Cierre magn\u00e9tico.","robots":{"index":"index","follow":"follow","max-snippet":"max-snippet:-1","max-image-preview":"max-image-preview:large","max-video-preview":"max-video-preview:-1"},"canonical":"https:\/\/www.bagnoitalia.com\/es\/producto\/cabina-de-ducha-con-puerta-fija-y-puerta-con-apertura-de-libro-con-box019-transparente-o-de-puntos.html","og_locale":"es_ES","og_type":"article","og_title":"Cabina de ducha con puerta fija, apertura abatible hd","og_description":"Cabina de ducha con puerta fija, con vidrio transparente o punteado. Apertura a libro interno, disponible en diferentes tama\u00f1os. Cierre magn\u00e9tico.","og_url":"https:\/\/www.bagnoitalia.com\/es\/producto\/cabina-de-ducha-con-puerta-fija-y-puerta-con-apertura-de-libro-con-box019-transparente-o-de-puntos.html","og_site_name":"Bagno Italia","article_modified_time":"2025-05-15T08:13:58+00:00","og_image":[{"width":500,"height":500,"url":"https:\/\/img.bagnoitalia.com\/wp-content\/uploads\/virtuemart\/product\/shower-enclosure-fixed-door-box019-1_1543766471_95.jpg","type":"image\/jpeg"}],"twitter_card":"summary_large_image","twitter_misc":{"Tiempo de lectura":"2 minutos"},"schema":{"@context":"https:\/\/schema.org","@graph":[{"@type":"WebPage","@id":"https:\/\/www.bagnoitalia.com\/es\/producto\/cabina-de-ducha-con-puerta-fija-y-puerta-con-apertura-de-libro-con-box019-transparente-o-de-puntos.html","url":"https:\/\/www.bagnoitalia.com\/es\/producto\/cabina-de-ducha-con-puerta-fija-y-puerta-con-apertura-de-libro-con-box019-transparente-o-de-puntos.html","name":"Cabina de ducha con puerta fija, apertura abatible hd","isPartOf":{"@id":"https:\/\/www.bagnoitalia.com\/es#website"},"primaryImageOfPage":{"@id":"https:\/\/www.bagnoitalia.com\/es\/producto\/cabina-de-ducha-con-puerta-fija-y-puerta-con-apertura-de-libro-con-box019-transparente-o-de-puntos.html#primaryimage"},"image":{"@id":"https:\/\/www.bagnoitalia.com\/es\/producto\/cabina-de-ducha-con-puerta-fija-y-puerta-con-apertura-de-libro-con-box019-transparente-o-de-puntos.html#primaryimage"},"thumbnailUrl":"https:\/\/img.bagnoitalia.com\/wp-content\/uploads\/virtuemart\/product\/shower-enclosure-fixed-door-box019-1_1543766471_95.jpg","datePublished":"2014-03-19T21:26:31+00:00","dateModified":"2025-05-15T08:13:58+00:00","description":"Cabina de ducha con puerta fija, con vidrio transparente o punteado. Apertura a libro interno, disponible en diferentes tama\u00f1os. Cierre magn\u00e9tico.","breadcrumb":{"@id":"https:\/\/www.bagnoitalia.com\/es\/producto\/cabina-de-ducha-con-puerta-fija-y-puerta-con-apertura-de-libro-con-box019-transparente-o-de-puntos.html#breadcrumb"},"inLanguage":"es","potentialAction":[{"@type":"ReadAction","target":["https:\/\/www.bagnoitalia.com\/es\/producto\/cabina-de-ducha-con-puerta-fija-y-puerta-con-apertura-de-libro-con-box019-transparente-o-de-puntos.html"]}]},{"@type":"ImageObject","inLanguage":"es","@id":"https:\/\/www.bagnoitalia.com\/es\/producto\/cabina-de-ducha-con-puerta-fija-y-puerta-con-apertura-de-libro-con-box019-transparente-o-de-puntos.html#primaryimage","url":"https:\/\/img.bagnoitalia.com\/wp-content\/uploads\/virtuemart\/product\/shower-enclosure-fixed-door-box019-1_1543766471_95.jpg","contentUrl":"https:\/\/img.bagnoitalia.com\/wp-content\/uploads\/virtuemart\/product\/shower-enclosure-fixed-door-box019-1_1543766471_95.jpg","width":500,"height":500},{"@type":"BreadcrumbList","@id":"https:\/\/www.bagnoitalia.com\/es\/producto\/cabina-de-ducha-con-puerta-fija-y-puerta-con-apertura-de-libro-con-box019-transparente-o-de-puntos.html#breadcrumb","itemListElement":[{"@type":"ListItem","position":1,"name":"Home","item":"https:\/\/www.bagnoitalia.com\/es"},{"@type":"ListItem","position":2,"name":"Productos","item":"https:\/\/www.bagnoitalia.com\/es\/shop"},{"@type":"ListItem","position":3,"name":"Cabina de Ducha con puerta fija y puerta con apertura de libro abatible transparente o de puntos BOX019"}]},{"@type":"WebSite","@id":"https:\/\/www.bagnoitalia.com\/es#website","url":"https:\/\/www.bagnoitalia.com\/es","name":"Bagno Italia","description":"","publisher":{"@id":"https:\/\/www.bagnoitalia.com\/es#organization"},"potentialAction":[{"@type":"SearchAction","target":{"@type":"EntryPoint","urlTemplate":"https:\/\/www.bagnoitalia.com\/es?s={search_term_string}"},"query-input":{"@type":"PropertyValueSpecification","valueRequired":true,"valueName":"search_term_string"}}],"inLanguage":"es"},{"@type":"Organization","@id":"https:\/\/www.bagnoitalia.com\/es#organization","name":"Bagno Italia","url":"https:\/\/www.bagnoitalia.com\/es","logo":{"@type":"ImageObject","inLanguage":"es","@id":"https:\/\/www.bagnoitalia.com\/es#\/schema\/logo\/image\/","url":"https:\/\/img.bagnoitalia.com\/wp-content\/uploads\/logo-bagnoitalia.webp","contentUrl":"https:\/\/img.bagnoitalia.com\/wp-content\/uploads\/logo-bagnoitalia.webp","width":400,"height":70,"caption":"Bagno Italia"},"image":{"@id":"https:\/\/www.bagnoitalia.com\/es#\/schema\/logo\/image\/"}}]}},"_links":{"self":[{"href":"https:\/\/www.bagnoitalia.com\/es\/wp-json\/wp\/v2\/product\/78796","targetHints":{"allow":["GET"]}}],"collection":[{"href":"https:\/\/www.bagnoitalia.com\/es\/wp-json\/wp\/v2\/product"}],"about":[{"href":"https:\/\/www.bagnoitalia.com\/es\/wp-json\/wp\/v2\/types\/product"}],"replies":[{"embeddable":true,"href":"https:\/\/www.bagnoitalia.com\/es\/wp-json\/wp\/v2\/comments?post=78796"}],"version-history":[{"count":1,"href":"https:\/\/www.bagnoitalia.com\/es\/wp-json\/wp\/v2\/product\/78796\/revisions"}],"predecessor-version":[{"id":90434,"href":"https:\/\/www.bagnoitalia.com\/es\/wp-json\/wp\/v2\/product\/78796\/revisions\/90434"}],"wp:featuredmedia":[{"embeddable":true,"href":"https:\/\/www.bagnoitalia.com\/es\/wp-json\/wp\/v2\/media\/21982"}],"wp:attachment":[{"href":"https:\/\/www.bagnoitalia.com\/es\/wp-json\/wp\/v2\/media?parent=78796"}],"wp:term":[{"taxonomy":"product_brand","embeddable":true,"href":"https:\/\/www.bagnoitalia.com\/es\/wp-json\/wp\/v2\/product_brand?post=78796"},{"taxonomy":"product_cat","embeddable":true,"href":"https:\/\/www.bagnoitalia.com\/es\/wp-json\/wp\/v2\/product_cat?post=78796"},{"taxonomy":"product_tag","embeddable":true,"href":"https:\/\/www.bagnoitalia.com\/es\/wp-json\/wp\/v2\/product_tag?post=78796"}],"curies":[{"name":"wp","href":"https:\/\/api.w.org\/{rel}","templated":true}]}}