{"id":78704,"date":"2014-02-14T17:52:38","date_gmt":"2014-02-14T16:52:38","guid":{"rendered":"https:\/\/www.bagnoitalia.com\/product\/cabina-de-ducha-con-hidromasaje-de-168x95-con-sauna-finlandesa-incorporada-cromoterapia-para-banos-turcos-version-derecha-e-izquierda-cb020"},"modified":"2024-05-11T00:01:22","modified_gmt":"2024-05-10T22:01:22","slug":"cabina-de-ducha-con-hidromasaje-de-168x95-con-sauna-finlandesa-incorporada-cromoterapia-para-banos-turcos-version-derecha-e-izquierda-cb020","status":"publish","type":"product","link":"https:\/\/www.bagnoitalia.com\/es\/producto\/cabina-de-ducha-con-hidromasaje-de-168x95-con-sauna-finlandesa-incorporada-cromoterapia-para-banos-turcos-version-derecha-e-izquierda-cb020.html","title":{"rendered":"Cabina de ducha de hidromasaje 170&#215;130 con sauna finlandesa incorporada Ba\u00f1o turco Cromoterapia CB020"},"content":{"rendered":"<p>La sauna y el ba\u00f1o turco tienen, entre sus efectos beneficiosos, el de relajar los m\u00fasculos y eliminar el \u00e1cido l\u00e1ctico mediante la sudoraci\u00f3n y la dilataci\u00f3n de los vasos sangu\u00edneos, por lo que resulta muy adecuado despu\u00e9s del entrenamiento, mucho m\u00e1s que una ducha o un ba\u00f1o caliente. Esta relajaci\u00f3n generalizada predispone naturalmente a la persona que lo utiliza a recibir masajes, que ser\u00e1n m\u00e1s eficaces.<\/p>\n<p>\u00bfHa pensado alguna vez que podr\u00eda tener todo esto en la comodidad de su propia casa? Con la CB020 podr\u00e1 aprovechar f\u00e1cilmente ambas ventajas, disfrutando de los innumerables beneficios para la salud en un \u00fanico producto que tambi\u00e9n dispone de ducha de hidromasaje. Un oasis de paz y bienestar en su hogar, situar la salud y la relajaci\u00f3n entre los valores m\u00e1s importantes a proteger y defender en el d\u00eda a d\u00eda: hoy todo esto no s\u00f3lo es posible, \u00a1tambi\u00e9n es f\u00e1cil de conseguir!<\/p>\n<p>Esta innovadora cabina combina en un solo producto una cabina de ducha de hidromasaje, un ba\u00f1o turco y una sauna finlandesa; los dos ambientes est\u00e1n separados por un cristal de seguridad de 6,5 mm. La cabina mide 170x130x220 cm, su cristal es vidrio templado de 6 mm de espesor. Incluye en su interior un generador de ozono, cromoterapia, chorros verticales y dorsales y una ducha central, un miniordenador con pantalla LCD, un sistema de radio con altavoces, control de ventilaci\u00f3n, suelo antideslizante, asideros lacados y perfiles de color plata satinada.<\/p>\n<p>\u00bfA qu\u00e9 espera? Todo esto puede ser tuyo con la garant\u00eda de calidad BAGNO ITALIA. \u00a1No pierda esta oportunidad!<\/p>\n<p>&nbsp;<img fetchpriority=\"high\" decoding=\"async\" class=\" size-full wp-image-17283\" src=\"https:\/\/img.bagnoitalia.com\/wp-content\/uploads\/1-1.jpg\" alt=\"\" width=\"817\" height=\"135\" srcset=\"https:\/\/img.bagnoitalia.com\/wp-content\/uploads\/1-1.jpg 817w, https:\/\/img.bagnoitalia.com\/wp-content\/uploads\/1-1-768x127.jpg 768w, https:\/\/img.bagnoitalia.com\/wp-content\/uploads\/1-1-441x73.jpg 441w, https:\/\/img.bagnoitalia.com\/wp-content\/uploads\/1-1-600x99.jpg 600w, https:\/\/img.bagnoitalia.com\/wp-content\/uploads\/1-1-150x25.jpg 150w\" sizes=\"(max-width: 817px) 100vw, 817px\" \/><\/p>\n<p>&nbsp;<\/p>\n<p>Centro Wellness, Cabina de hidromasaje con sauna finlandesa CB020<\/p>\n<p>&nbsp;<\/p>\n<p>ATENCI\u00d3N, ESTE PRODUCTO EST\u00c1 DISPONIBLE S\u00d3LO COMO SE PRESENTA EN LA FOTO PRIMARIA (con sauna a la derecha)<\/p>\n<p>CARACTERISTICAS:<\/p>\n<p>Dimensiones cm 170x130x220<\/p>\n<p>Vidrio templado mm 6<\/p>\n<p>Ba\u00f1o turco<\/p>\n<p>Sauna finlandesa de madera preciosa canadiense con estufa de cer\u00e1mica<\/p>\n<p>Ozonoterapia<\/p>\n<p>Cromoterapia<\/p>\n<p>Aromaterapia<\/p>\n<p>Hidromasaje a lo largo de la columna de ducha con 6 chorros<\/p>\n<p>Ducha superior central con luces y ducha lateral extra\u00edble<\/p>\n<p>Minicomputador con pantalla t\u00e1ctil<\/p>\n<p>Radio y sistema de altavoces, tambi\u00e9n para tel\u00e9fono manos libres<\/p>\n<p>Control de ventilaci\u00f3n<\/p>\n<p>Suelo antideslizante<\/p>\n<p>Tiradores cromados<\/p>\n<p>Perfiles de color plata satinada<\/p>\n<p>Plato de ducha de abs<\/p>\n<p>Asientos tanto en la sauna como en la zona de hidromasaje<\/p>\n<p>Masaje de pies<\/p>\n<p>Jabonera<\/p>\n<p>Sistema de ventilaci\u00f3n<\/p>\n<p>&nbsp;<\/p>\n<p>Con este producto es como tener un completo centro de bienestar, encerrado en un peque\u00f1o espacio, puedes tener los mismos servicios que pueden costar hasta 40 euros, \u00a1con esta cabina los tienes gratis todos los d\u00edas!<\/p>\n","protected":false},"excerpt":{"rendered":"<p>Centro de bienestar, cabina de ducha de hidromasaje con sauna finlandesa integrada 170x130x220, ba\u00f1o turco, cromoterapia, ozonoterapia<\/p>\n","protected":false},"featured_media":21334,"comment_status":"open","ping_status":"closed","template":"","meta":[],"product_brand":[5021],"product_cat":[9737,9733],"product_tag":[],"class_list":{"0":"post-78704","1":"product","2":"type-product","3":"status-publish","4":"has-post-thumbnail","6":"product_brand-predator-arredo-casa","7":"product_cat-cabina-de-hidromasaje","8":"product_cat-sauna-finlandesa","10":"first","11":"instock","12":"sale","13":"taxable","14":"shipping-taxable","15":"purchasable","16":"product-type-simple"},"exclude_global_add_ons":[],"addons":[],"yoast_head":"<!-- This site is optimized with the Yoast SEO plugin v26.7 - https:\/\/yoast.com\/wordpress\/plugins\/seo\/ -->\n<title>Cabina de ducha de hidromasaje 170x130 con sauna finlandesa incorporada Ba\u00f1o turco Cromoterapia CB020<\/title>\n<meta name=\"description\" content=\"Centro de bienestar, cabina de ducha de hidromasaje con sauna finlandesa integrada 170x130x220, ba\u00f1o turco, cromoterapia, ozonoterapia\" \/>\n<meta name=\"robots\" content=\"index, follow, max-snippet:-1, max-image-preview:large, max-video-preview:-1\" \/>\n<link rel=\"canonical\" href=\"https:\/\/www.bagnoitalia.com\/es\/producto\/cabina-de-ducha-con-hidromasaje-de-168x95-con-sauna-finlandesa-incorporada-cromoterapia-para-banos-turcos-version-derecha-e-izquierda-cb020.html\" \/>\n<meta property=\"og:locale\" content=\"es_ES\" \/>\n<meta property=\"og:type\" content=\"article\" \/>\n<meta property=\"og:title\" content=\"Cabina de ducha de hidromasaje 170x130 con sauna finlandesa incorporada Ba\u00f1o turco Cromoterapia CB020\" \/>\n<meta property=\"og:description\" content=\"Centro de bienestar, cabina de ducha de hidromasaje con sauna finlandesa integrada 170x130x220, ba\u00f1o turco, cromoterapia, ozonoterapia\" \/>\n<meta property=\"og:url\" content=\"https:\/\/www.bagnoitalia.com\/es\/producto\/cabina-de-ducha-con-hidromasaje-de-168x95-con-sauna-finlandesa-incorporada-cromoterapia-para-banos-turcos-version-derecha-e-izquierda-cb020.html\" \/>\n<meta property=\"og:site_name\" content=\"Bagno Italia\" \/>\n<meta property=\"article:modified_time\" content=\"2024-05-10T22:01:22+00:00\" \/>\n<meta property=\"og:image\" content=\"https:\/\/img.bagnoitalia.com\/wp-content\/uploads\/virtuemart\/product\/hydromassage-shower-cabin-cb020_1641366009_866.jpg\" \/>\n\t<meta property=\"og:image:width\" content=\"550\" \/>\n\t<meta property=\"og:image:height\" content=\"550\" \/>\n\t<meta property=\"og:image:type\" content=\"image\/jpeg\" \/>\n<meta name=\"twitter:card\" content=\"summary_large_image\" \/>\n<meta name=\"twitter:label1\" content=\"Tiempo de lectura\" \/>\n\t<meta name=\"twitter:data1\" content=\"2 minutos\" \/>\n<script type=\"application\/ld+json\" class=\"yoast-schema-graph\">{\"@context\":\"https:\/\/schema.org\",\"@graph\":[{\"@type\":\"WebPage\",\"@id\":\"https:\/\/www.bagnoitalia.com\/es\/producto\/cabina-de-ducha-con-hidromasaje-de-168x95-con-sauna-finlandesa-incorporada-cromoterapia-para-banos-turcos-version-derecha-e-izquierda-cb020.html\",\"url\":\"https:\/\/www.bagnoitalia.com\/es\/producto\/cabina-de-ducha-con-hidromasaje-de-168x95-con-sauna-finlandesa-incorporada-cromoterapia-para-banos-turcos-version-derecha-e-izquierda-cb020.html\",\"name\":\"Cabina de ducha de hidromasaje 170x130 con sauna finlandesa incorporada Ba\u00f1o turco Cromoterapia CB020\",\"isPartOf\":{\"@id\":\"https:\/\/www.bagnoitalia.com\/es#website\"},\"primaryImageOfPage\":{\"@id\":\"https:\/\/www.bagnoitalia.com\/es\/producto\/cabina-de-ducha-con-hidromasaje-de-168x95-con-sauna-finlandesa-incorporada-cromoterapia-para-banos-turcos-version-derecha-e-izquierda-cb020.html#primaryimage\"},\"image\":{\"@id\":\"https:\/\/www.bagnoitalia.com\/es\/producto\/cabina-de-ducha-con-hidromasaje-de-168x95-con-sauna-finlandesa-incorporada-cromoterapia-para-banos-turcos-version-derecha-e-izquierda-cb020.html#primaryimage\"},\"thumbnailUrl\":\"https:\/\/img.bagnoitalia.com\/wp-content\/uploads\/virtuemart\/product\/hydromassage-shower-cabin-cb020_1641366009_866.jpg\",\"datePublished\":\"2014-02-14T16:52:38+00:00\",\"dateModified\":\"2024-05-10T22:01:22+00:00\",\"description\":\"Centro de bienestar, cabina de ducha de hidromasaje con sauna finlandesa integrada 170x130x220, ba\u00f1o turco, cromoterapia, ozonoterapia\",\"breadcrumb\":{\"@id\":\"https:\/\/www.bagnoitalia.com\/es\/producto\/cabina-de-ducha-con-hidromasaje-de-168x95-con-sauna-finlandesa-incorporada-cromoterapia-para-banos-turcos-version-derecha-e-izquierda-cb020.html#breadcrumb\"},\"inLanguage\":\"es\",\"potentialAction\":[{\"@type\":\"ReadAction\",\"target\":[\"https:\/\/www.bagnoitalia.com\/es\/producto\/cabina-de-ducha-con-hidromasaje-de-168x95-con-sauna-finlandesa-incorporada-cromoterapia-para-banos-turcos-version-derecha-e-izquierda-cb020.html\"]}]},{\"@type\":\"ImageObject\",\"inLanguage\":\"es\",\"@id\":\"https:\/\/www.bagnoitalia.com\/es\/producto\/cabina-de-ducha-con-hidromasaje-de-168x95-con-sauna-finlandesa-incorporada-cromoterapia-para-banos-turcos-version-derecha-e-izquierda-cb020.html#primaryimage\",\"url\":\"https:\/\/img.bagnoitalia.com\/wp-content\/uploads\/virtuemart\/product\/hydromassage-shower-cabin-cb020_1641366009_866.jpg\",\"contentUrl\":\"https:\/\/img.bagnoitalia.com\/wp-content\/uploads\/virtuemart\/product\/hydromassage-shower-cabin-cb020_1641366009_866.jpg\",\"width\":550,\"height\":550},{\"@type\":\"BreadcrumbList\",\"@id\":\"https:\/\/www.bagnoitalia.com\/es\/producto\/cabina-de-ducha-con-hidromasaje-de-168x95-con-sauna-finlandesa-incorporada-cromoterapia-para-banos-turcos-version-derecha-e-izquierda-cb020.html#breadcrumb\",\"itemListElement\":[{\"@type\":\"ListItem\",\"position\":1,\"name\":\"Home\",\"item\":\"https:\/\/www.bagnoitalia.com\/es\"},{\"@type\":\"ListItem\",\"position\":2,\"name\":\"Productos\",\"item\":\"https:\/\/www.bagnoitalia.com\/es\/shop\"},{\"@type\":\"ListItem\",\"position\":3,\"name\":\"Cabina de ducha de hidromasaje 170&#215;130 con sauna finlandesa incorporada Ba\u00f1o turco Cromoterapia CB020\"}]},{\"@type\":\"WebSite\",\"@id\":\"https:\/\/www.bagnoitalia.com\/es#website\",\"url\":\"https:\/\/www.bagnoitalia.com\/es\",\"name\":\"Bagno Italia\",\"description\":\"\",\"publisher\":{\"@id\":\"https:\/\/www.bagnoitalia.com\/es#organization\"},\"potentialAction\":[{\"@type\":\"SearchAction\",\"target\":{\"@type\":\"EntryPoint\",\"urlTemplate\":\"https:\/\/www.bagnoitalia.com\/es?s={search_term_string}\"},\"query-input\":{\"@type\":\"PropertyValueSpecification\",\"valueRequired\":true,\"valueName\":\"search_term_string\"}}],\"inLanguage\":\"es\"},{\"@type\":\"Organization\",\"@id\":\"https:\/\/www.bagnoitalia.com\/es#organization\",\"name\":\"Bagno Italia\",\"url\":\"https:\/\/www.bagnoitalia.com\/es\",\"logo\":{\"@type\":\"ImageObject\",\"inLanguage\":\"es\",\"@id\":\"https:\/\/www.bagnoitalia.com\/es#\/schema\/logo\/image\/\",\"url\":\"https:\/\/img.bagnoitalia.com\/wp-content\/uploads\/logo-bagnoitalia.webp\",\"contentUrl\":\"https:\/\/img.bagnoitalia.com\/wp-content\/uploads\/logo-bagnoitalia.webp\",\"width\":400,\"height\":70,\"caption\":\"Bagno Italia\"},\"image\":{\"@id\":\"https:\/\/www.bagnoitalia.com\/es#\/schema\/logo\/image\/\"}}]}<\/script>\n<!-- \/ Yoast SEO plugin. -->","yoast_head_json":{"title":"Cabina de ducha de hidromasaje 170x130 con sauna finlandesa incorporada Ba\u00f1o turco Cromoterapia CB020","description":"Centro de bienestar, cabina de ducha de hidromasaje con sauna finlandesa integrada 170x130x220, ba\u00f1o turco, cromoterapia, ozonoterapia","robots":{"index":"index","follow":"follow","max-snippet":"max-snippet:-1","max-image-preview":"max-image-preview:large","max-video-preview":"max-video-preview:-1"},"canonical":"https:\/\/www.bagnoitalia.com\/es\/producto\/cabina-de-ducha-con-hidromasaje-de-168x95-con-sauna-finlandesa-incorporada-cromoterapia-para-banos-turcos-version-derecha-e-izquierda-cb020.html","og_locale":"es_ES","og_type":"article","og_title":"Cabina de ducha de hidromasaje 170x130 con sauna finlandesa incorporada Ba\u00f1o turco Cromoterapia CB020","og_description":"Centro de bienestar, cabina de ducha de hidromasaje con sauna finlandesa integrada 170x130x220, ba\u00f1o turco, cromoterapia, ozonoterapia","og_url":"https:\/\/www.bagnoitalia.com\/es\/producto\/cabina-de-ducha-con-hidromasaje-de-168x95-con-sauna-finlandesa-incorporada-cromoterapia-para-banos-turcos-version-derecha-e-izquierda-cb020.html","og_site_name":"Bagno Italia","article_modified_time":"2024-05-10T22:01:22+00:00","og_image":[{"width":550,"height":550,"url":"https:\/\/img.bagnoitalia.com\/wp-content\/uploads\/virtuemart\/product\/hydromassage-shower-cabin-cb020_1641366009_866.jpg","type":"image\/jpeg"}],"twitter_card":"summary_large_image","twitter_misc":{"Tiempo de lectura":"2 minutos"},"schema":{"@context":"https:\/\/schema.org","@graph":[{"@type":"WebPage","@id":"https:\/\/www.bagnoitalia.com\/es\/producto\/cabina-de-ducha-con-hidromasaje-de-168x95-con-sauna-finlandesa-incorporada-cromoterapia-para-banos-turcos-version-derecha-e-izquierda-cb020.html","url":"https:\/\/www.bagnoitalia.com\/es\/producto\/cabina-de-ducha-con-hidromasaje-de-168x95-con-sauna-finlandesa-incorporada-cromoterapia-para-banos-turcos-version-derecha-e-izquierda-cb020.html","name":"Cabina de ducha de hidromasaje 170x130 con sauna finlandesa incorporada Ba\u00f1o turco Cromoterapia CB020","isPartOf":{"@id":"https:\/\/www.bagnoitalia.com\/es#website"},"primaryImageOfPage":{"@id":"https:\/\/www.bagnoitalia.com\/es\/producto\/cabina-de-ducha-con-hidromasaje-de-168x95-con-sauna-finlandesa-incorporada-cromoterapia-para-banos-turcos-version-derecha-e-izquierda-cb020.html#primaryimage"},"image":{"@id":"https:\/\/www.bagnoitalia.com\/es\/producto\/cabina-de-ducha-con-hidromasaje-de-168x95-con-sauna-finlandesa-incorporada-cromoterapia-para-banos-turcos-version-derecha-e-izquierda-cb020.html#primaryimage"},"thumbnailUrl":"https:\/\/img.bagnoitalia.com\/wp-content\/uploads\/virtuemart\/product\/hydromassage-shower-cabin-cb020_1641366009_866.jpg","datePublished":"2014-02-14T16:52:38+00:00","dateModified":"2024-05-10T22:01:22+00:00","description":"Centro de bienestar, cabina de ducha de hidromasaje con sauna finlandesa integrada 170x130x220, ba\u00f1o turco, cromoterapia, ozonoterapia","breadcrumb":{"@id":"https:\/\/www.bagnoitalia.com\/es\/producto\/cabina-de-ducha-con-hidromasaje-de-168x95-con-sauna-finlandesa-incorporada-cromoterapia-para-banos-turcos-version-derecha-e-izquierda-cb020.html#breadcrumb"},"inLanguage":"es","potentialAction":[{"@type":"ReadAction","target":["https:\/\/www.bagnoitalia.com\/es\/producto\/cabina-de-ducha-con-hidromasaje-de-168x95-con-sauna-finlandesa-incorporada-cromoterapia-para-banos-turcos-version-derecha-e-izquierda-cb020.html"]}]},{"@type":"ImageObject","inLanguage":"es","@id":"https:\/\/www.bagnoitalia.com\/es\/producto\/cabina-de-ducha-con-hidromasaje-de-168x95-con-sauna-finlandesa-incorporada-cromoterapia-para-banos-turcos-version-derecha-e-izquierda-cb020.html#primaryimage","url":"https:\/\/img.bagnoitalia.com\/wp-content\/uploads\/virtuemart\/product\/hydromassage-shower-cabin-cb020_1641366009_866.jpg","contentUrl":"https:\/\/img.bagnoitalia.com\/wp-content\/uploads\/virtuemart\/product\/hydromassage-shower-cabin-cb020_1641366009_866.jpg","width":550,"height":550},{"@type":"BreadcrumbList","@id":"https:\/\/www.bagnoitalia.com\/es\/producto\/cabina-de-ducha-con-hidromasaje-de-168x95-con-sauna-finlandesa-incorporada-cromoterapia-para-banos-turcos-version-derecha-e-izquierda-cb020.html#breadcrumb","itemListElement":[{"@type":"ListItem","position":1,"name":"Home","item":"https:\/\/www.bagnoitalia.com\/es"},{"@type":"ListItem","position":2,"name":"Productos","item":"https:\/\/www.bagnoitalia.com\/es\/shop"},{"@type":"ListItem","position":3,"name":"Cabina de ducha de hidromasaje 170&#215;130 con sauna finlandesa incorporada Ba\u00f1o turco Cromoterapia CB020"}]},{"@type":"WebSite","@id":"https:\/\/www.bagnoitalia.com\/es#website","url":"https:\/\/www.bagnoitalia.com\/es","name":"Bagno Italia","description":"","publisher":{"@id":"https:\/\/www.bagnoitalia.com\/es#organization"},"potentialAction":[{"@type":"SearchAction","target":{"@type":"EntryPoint","urlTemplate":"https:\/\/www.bagnoitalia.com\/es?s={search_term_string}"},"query-input":{"@type":"PropertyValueSpecification","valueRequired":true,"valueName":"search_term_string"}}],"inLanguage":"es"},{"@type":"Organization","@id":"https:\/\/www.bagnoitalia.com\/es#organization","name":"Bagno Italia","url":"https:\/\/www.bagnoitalia.com\/es","logo":{"@type":"ImageObject","inLanguage":"es","@id":"https:\/\/www.bagnoitalia.com\/es#\/schema\/logo\/image\/","url":"https:\/\/img.bagnoitalia.com\/wp-content\/uploads\/logo-bagnoitalia.webp","contentUrl":"https:\/\/img.bagnoitalia.com\/wp-content\/uploads\/logo-bagnoitalia.webp","width":400,"height":70,"caption":"Bagno Italia"},"image":{"@id":"https:\/\/www.bagnoitalia.com\/es#\/schema\/logo\/image\/"}}]}},"_links":{"self":[{"href":"https:\/\/www.bagnoitalia.com\/es\/wp-json\/wp\/v2\/product\/78704","targetHints":{"allow":["GET"]}}],"collection":[{"href":"https:\/\/www.bagnoitalia.com\/es\/wp-json\/wp\/v2\/product"}],"about":[{"href":"https:\/\/www.bagnoitalia.com\/es\/wp-json\/wp\/v2\/types\/product"}],"replies":[{"embeddable":true,"href":"https:\/\/www.bagnoitalia.com\/es\/wp-json\/wp\/v2\/comments?post=78704"}],"version-history":[{"count":0,"href":"https:\/\/www.bagnoitalia.com\/es\/wp-json\/wp\/v2\/product\/78704\/revisions"}],"wp:featuredmedia":[{"embeddable":true,"href":"https:\/\/www.bagnoitalia.com\/es\/wp-json\/wp\/v2\/media\/21334"}],"wp:attachment":[{"href":"https:\/\/www.bagnoitalia.com\/es\/wp-json\/wp\/v2\/media?parent=78704"}],"wp:term":[{"taxonomy":"product_brand","embeddable":true,"href":"https:\/\/www.bagnoitalia.com\/es\/wp-json\/wp\/v2\/product_brand?post=78704"},{"taxonomy":"product_cat","embeddable":true,"href":"https:\/\/www.bagnoitalia.com\/es\/wp-json\/wp\/v2\/product_cat?post=78704"},{"taxonomy":"product_tag","embeddable":true,"href":"https:\/\/www.bagnoitalia.com\/es\/wp-json\/wp\/v2\/product_tag?post=78704"}],"curies":[{"name":"wp","href":"https:\/\/api.w.org\/{rel}","templated":true}]}}