{"id":78676,"date":"2014-02-03T14:34:52","date_gmt":"2014-02-03T13:34:52","guid":{"rendered":"https:\/\/www.bagnoitalia.com\/product\/asiento-de-inodoro-de-poliester-con-funda-de-asiento-acolchada-frosada"},"modified":"2024-05-11T00:12:07","modified_gmt":"2024-05-10T22:12:07","slug":"asiento-de-inodoro-de-poliester-con-funda-de-asiento-acolchada-frosada","status":"publish","type":"product","link":"https:\/\/www.bagnoitalia.com\/es\/producto\/asiento-de-inodoro-de-poliester-con-funda-de-asiento-acolchada-frosada.html","title":{"rendered":"Asiento de ba\u00f1o de poli\u00e9ster con sistema de cierre friccionado y amortiguado, cubre-inodoro"},"content":{"rendered":"<p><strong>Funda de asiento universal en poli\u00e9ster lacado blanco con cierre de fricci\u00f3n<\/strong><\/p>\n<\/p>\n<p><span style=\"color: #ff0000;\"><em>ADVERTENCIA: este asiento de inodoro no es de pl\u00e1stico, tiene una estructura de madera envuelta en 1 cm de resina que lo hace impermeable<\/em><\/span><\/p>\n<p><em><img decoding=\"async\" class=\" size-full wp-image-21234\" src=\"https:\/\/img.bagnoitalia.com\/wp-content\/uploads\/virtuemart\/product\/copriwater-resina-poliestere_2.jpg\" alt=\"http:\/\/www.bagnoitalia.it\/https:\/\/img.bagnoitalia.com\/wp-content\/uploads\/virtuemart\/product\/copriwater-resina-poliestere_2.jpg\" width=\"195\" height=\"195\" srcset=\"https:\/\/img.bagnoitalia.com\/wp-content\/uploads\/virtuemart\/product\/copriwater-resina-poliestere_2.jpg 195w, https:\/\/img.bagnoitalia.com\/wp-content\/uploads\/virtuemart\/product\/copriwater-resina-poliestere_2-100x100.jpg 100w, https:\/\/img.bagnoitalia.com\/wp-content\/uploads\/virtuemart\/product\/copriwater-resina-poliestere_2-150x150.jpg 150w\" sizes=\"(max-width: 195px) 100vw, 195px\" \/><\/em><\/p>\n<\/p>\n<p>El precio incluye:<\/p>\n<\/p>\n<p>Funda de asiento de poli\u00e9ster n \u00b0 1 para jarrones, modelo universal, blanco brillante<\/p>\n<p>N \u00b0 1 par de bisagras con sistema de cierre suave que permiten ralentizar el cierre.<\/p>\n<p>Bisagras con cierre variable adaptable en la mayor\u00eda de los modelos con una forma tradicional<\/p>\n<p>detalles:<\/p>\n<ul>\n<li>Dimensiones 44 x 38 cm;<\/li>\n<li>Paso entre las bisagras de 15,5 cm (la base es ajustable para mediciones cercanas, por lo que tienen una tolerancia para el ajuste)<\/li>\n<\/ul>\n","protected":false},"excerpt":{"rendered":"<p>Asiento de ba\u00f1o universal de poli\u00e9ster, con marco de madera, cierre de embrague, desacelerado adecuado para todos los potes universales modelo 44&#215;38<\/p>\n","protected":false},"featured_media":21222,"comment_status":"open","ping_status":"closed","template":"","meta":[],"product_brand":[5011],"product_cat":[9685],"product_tag":[],"class_list":{"0":"post-78676","1":"product","2":"type-product","3":"status-publish","4":"has-post-thumbnail","6":"product_brand-baden-haus","7":"product_cat-asiento-de-inodoro","9":"first","10":"instock","11":"sale","12":"taxable","13":"shipping-taxable","14":"purchasable","15":"product-type-simple"},"exclude_global_add_ons":[],"addons":[],"yoast_head":"<!-- This site is optimized with the Yoast SEO plugin v26.7 - https:\/\/yoast.com\/wordpress\/plugins\/seo\/ -->\n<title>Asiento de inodoro de poli\u00e9ster con cierre amortiguado bh<\/title>\n<meta name=\"description\" content=\"Asiento de inodoro: cubierta de jarr\u00f3n de poli\u00e9ster con cierre de fricci\u00f3n acolchada. Disponible en color blanco y dimensiones 44x38cm. \u00a1Compra ahora!\" \/>\n<meta name=\"robots\" content=\"index, follow, max-snippet:-1, max-image-preview:large, max-video-preview:-1\" \/>\n<link rel=\"canonical\" href=\"https:\/\/www.bagnoitalia.com\/es\/producto\/asiento-de-inodoro-de-poliester-con-funda-de-asiento-acolchada-frosada.html\" \/>\n<meta property=\"og:locale\" content=\"es_ES\" \/>\n<meta property=\"og:type\" content=\"article\" \/>\n<meta property=\"og:title\" content=\"Asiento de inodoro de poli\u00e9ster con cierre amortiguado bh\" \/>\n<meta property=\"og:description\" content=\"Asiento de inodoro: cubierta de jarr\u00f3n de poli\u00e9ster con cierre de fricci\u00f3n acolchada. Disponible en color blanco y dimensiones 44x38cm. \u00a1Compra ahora!\" \/>\n<meta property=\"og:url\" content=\"https:\/\/www.bagnoitalia.com\/es\/producto\/asiento-de-inodoro-de-poliester-con-funda-de-asiento-acolchada-frosada.html\" \/>\n<meta property=\"og:site_name\" content=\"Bagno Italia\" \/>\n<meta property=\"article:modified_time\" content=\"2024-05-10T22:12:07+00:00\" \/>\n<meta property=\"og:image\" content=\"https:\/\/img.bagnoitalia.com\/wp-content\/uploads\/virtuemart\/product\/Polyester-toilet-cover-soft-closing-1_1542818978_3546.jpg\" \/>\n\t<meta property=\"og:image:width\" content=\"465\" \/>\n\t<meta property=\"og:image:height\" content=\"466\" \/>\n\t<meta property=\"og:image:type\" content=\"image\/jpeg\" \/>\n<meta name=\"twitter:card\" content=\"summary_large_image\" \/>\n<meta name=\"twitter:label1\" content=\"Tiempo de lectura\" \/>\n\t<meta name=\"twitter:data1\" content=\"1 minuto\" \/>\n<script type=\"application\/ld+json\" class=\"yoast-schema-graph\">{\"@context\":\"https:\/\/schema.org\",\"@graph\":[{\"@type\":\"WebPage\",\"@id\":\"https:\/\/www.bagnoitalia.com\/es\/producto\/asiento-de-inodoro-de-poliester-con-funda-de-asiento-acolchada-frosada.html\",\"url\":\"https:\/\/www.bagnoitalia.com\/es\/producto\/asiento-de-inodoro-de-poliester-con-funda-de-asiento-acolchada-frosada.html\",\"name\":\"Asiento de inodoro de poli\u00e9ster con cierre amortiguado bh\",\"isPartOf\":{\"@id\":\"https:\/\/www.bagnoitalia.com\/es#website\"},\"primaryImageOfPage\":{\"@id\":\"https:\/\/www.bagnoitalia.com\/es\/producto\/asiento-de-inodoro-de-poliester-con-funda-de-asiento-acolchada-frosada.html#primaryimage\"},\"image\":{\"@id\":\"https:\/\/www.bagnoitalia.com\/es\/producto\/asiento-de-inodoro-de-poliester-con-funda-de-asiento-acolchada-frosada.html#primaryimage\"},\"thumbnailUrl\":\"https:\/\/img.bagnoitalia.com\/wp-content\/uploads\/virtuemart\/product\/Polyester-toilet-cover-soft-closing-1_1542818978_3546.jpg\",\"datePublished\":\"2014-02-03T13:34:52+00:00\",\"dateModified\":\"2024-05-10T22:12:07+00:00\",\"description\":\"Asiento de inodoro: cubierta de jarr\u00f3n de poli\u00e9ster con cierre de fricci\u00f3n acolchada. Disponible en color blanco y dimensiones 44x38cm. \u00a1Compra ahora!\",\"breadcrumb\":{\"@id\":\"https:\/\/www.bagnoitalia.com\/es\/producto\/asiento-de-inodoro-de-poliester-con-funda-de-asiento-acolchada-frosada.html#breadcrumb\"},\"inLanguage\":\"es\",\"potentialAction\":[{\"@type\":\"ReadAction\",\"target\":[\"https:\/\/www.bagnoitalia.com\/es\/producto\/asiento-de-inodoro-de-poliester-con-funda-de-asiento-acolchada-frosada.html\"]}]},{\"@type\":\"ImageObject\",\"inLanguage\":\"es\",\"@id\":\"https:\/\/www.bagnoitalia.com\/es\/producto\/asiento-de-inodoro-de-poliester-con-funda-de-asiento-acolchada-frosada.html#primaryimage\",\"url\":\"https:\/\/img.bagnoitalia.com\/wp-content\/uploads\/virtuemart\/product\/Polyester-toilet-cover-soft-closing-1_1542818978_3546.jpg\",\"contentUrl\":\"https:\/\/img.bagnoitalia.com\/wp-content\/uploads\/virtuemart\/product\/Polyester-toilet-cover-soft-closing-1_1542818978_3546.jpg\",\"width\":465,\"height\":466},{\"@type\":\"BreadcrumbList\",\"@id\":\"https:\/\/www.bagnoitalia.com\/es\/producto\/asiento-de-inodoro-de-poliester-con-funda-de-asiento-acolchada-frosada.html#breadcrumb\",\"itemListElement\":[{\"@type\":\"ListItem\",\"position\":1,\"name\":\"Home\",\"item\":\"https:\/\/www.bagnoitalia.com\/es\"},{\"@type\":\"ListItem\",\"position\":2,\"name\":\"Productos\",\"item\":\"https:\/\/www.bagnoitalia.com\/es\/shop\"},{\"@type\":\"ListItem\",\"position\":3,\"name\":\"Asiento de ba\u00f1o de poli\u00e9ster con sistema de cierre friccionado y amortiguado, cubre-inodoro\"}]},{\"@type\":\"WebSite\",\"@id\":\"https:\/\/www.bagnoitalia.com\/es#website\",\"url\":\"https:\/\/www.bagnoitalia.com\/es\",\"name\":\"Bagno Italia\",\"description\":\"\",\"publisher\":{\"@id\":\"https:\/\/www.bagnoitalia.com\/es#organization\"},\"potentialAction\":[{\"@type\":\"SearchAction\",\"target\":{\"@type\":\"EntryPoint\",\"urlTemplate\":\"https:\/\/www.bagnoitalia.com\/es?s={search_term_string}\"},\"query-input\":{\"@type\":\"PropertyValueSpecification\",\"valueRequired\":true,\"valueName\":\"search_term_string\"}}],\"inLanguage\":\"es\"},{\"@type\":\"Organization\",\"@id\":\"https:\/\/www.bagnoitalia.com\/es#organization\",\"name\":\"Bagno Italia\",\"url\":\"https:\/\/www.bagnoitalia.com\/es\",\"logo\":{\"@type\":\"ImageObject\",\"inLanguage\":\"es\",\"@id\":\"https:\/\/www.bagnoitalia.com\/es#\/schema\/logo\/image\/\",\"url\":\"https:\/\/img.bagnoitalia.com\/wp-content\/uploads\/logo-bagnoitalia.webp\",\"contentUrl\":\"https:\/\/img.bagnoitalia.com\/wp-content\/uploads\/logo-bagnoitalia.webp\",\"width\":400,\"height\":70,\"caption\":\"Bagno Italia\"},\"image\":{\"@id\":\"https:\/\/www.bagnoitalia.com\/es#\/schema\/logo\/image\/\"}}]}<\/script>\n<!-- \/ Yoast SEO plugin. -->","yoast_head_json":{"title":"Asiento de inodoro de poli\u00e9ster con cierre amortiguado bh","description":"Asiento de inodoro: cubierta de jarr\u00f3n de poli\u00e9ster con cierre de fricci\u00f3n acolchada. Disponible en color blanco y dimensiones 44x38cm. \u00a1Compra ahora!","robots":{"index":"index","follow":"follow","max-snippet":"max-snippet:-1","max-image-preview":"max-image-preview:large","max-video-preview":"max-video-preview:-1"},"canonical":"https:\/\/www.bagnoitalia.com\/es\/producto\/asiento-de-inodoro-de-poliester-con-funda-de-asiento-acolchada-frosada.html","og_locale":"es_ES","og_type":"article","og_title":"Asiento de inodoro de poli\u00e9ster con cierre amortiguado bh","og_description":"Asiento de inodoro: cubierta de jarr\u00f3n de poli\u00e9ster con cierre de fricci\u00f3n acolchada. Disponible en color blanco y dimensiones 44x38cm. \u00a1Compra ahora!","og_url":"https:\/\/www.bagnoitalia.com\/es\/producto\/asiento-de-inodoro-de-poliester-con-funda-de-asiento-acolchada-frosada.html","og_site_name":"Bagno Italia","article_modified_time":"2024-05-10T22:12:07+00:00","og_image":[{"width":465,"height":466,"url":"https:\/\/img.bagnoitalia.com\/wp-content\/uploads\/virtuemart\/product\/Polyester-toilet-cover-soft-closing-1_1542818978_3546.jpg","type":"image\/jpeg"}],"twitter_card":"summary_large_image","twitter_misc":{"Tiempo de lectura":"1 minuto"},"schema":{"@context":"https:\/\/schema.org","@graph":[{"@type":"WebPage","@id":"https:\/\/www.bagnoitalia.com\/es\/producto\/asiento-de-inodoro-de-poliester-con-funda-de-asiento-acolchada-frosada.html","url":"https:\/\/www.bagnoitalia.com\/es\/producto\/asiento-de-inodoro-de-poliester-con-funda-de-asiento-acolchada-frosada.html","name":"Asiento de inodoro de poli\u00e9ster con cierre amortiguado bh","isPartOf":{"@id":"https:\/\/www.bagnoitalia.com\/es#website"},"primaryImageOfPage":{"@id":"https:\/\/www.bagnoitalia.com\/es\/producto\/asiento-de-inodoro-de-poliester-con-funda-de-asiento-acolchada-frosada.html#primaryimage"},"image":{"@id":"https:\/\/www.bagnoitalia.com\/es\/producto\/asiento-de-inodoro-de-poliester-con-funda-de-asiento-acolchada-frosada.html#primaryimage"},"thumbnailUrl":"https:\/\/img.bagnoitalia.com\/wp-content\/uploads\/virtuemart\/product\/Polyester-toilet-cover-soft-closing-1_1542818978_3546.jpg","datePublished":"2014-02-03T13:34:52+00:00","dateModified":"2024-05-10T22:12:07+00:00","description":"Asiento de inodoro: cubierta de jarr\u00f3n de poli\u00e9ster con cierre de fricci\u00f3n acolchada. Disponible en color blanco y dimensiones 44x38cm. \u00a1Compra ahora!","breadcrumb":{"@id":"https:\/\/www.bagnoitalia.com\/es\/producto\/asiento-de-inodoro-de-poliester-con-funda-de-asiento-acolchada-frosada.html#breadcrumb"},"inLanguage":"es","potentialAction":[{"@type":"ReadAction","target":["https:\/\/www.bagnoitalia.com\/es\/producto\/asiento-de-inodoro-de-poliester-con-funda-de-asiento-acolchada-frosada.html"]}]},{"@type":"ImageObject","inLanguage":"es","@id":"https:\/\/www.bagnoitalia.com\/es\/producto\/asiento-de-inodoro-de-poliester-con-funda-de-asiento-acolchada-frosada.html#primaryimage","url":"https:\/\/img.bagnoitalia.com\/wp-content\/uploads\/virtuemart\/product\/Polyester-toilet-cover-soft-closing-1_1542818978_3546.jpg","contentUrl":"https:\/\/img.bagnoitalia.com\/wp-content\/uploads\/virtuemart\/product\/Polyester-toilet-cover-soft-closing-1_1542818978_3546.jpg","width":465,"height":466},{"@type":"BreadcrumbList","@id":"https:\/\/www.bagnoitalia.com\/es\/producto\/asiento-de-inodoro-de-poliester-con-funda-de-asiento-acolchada-frosada.html#breadcrumb","itemListElement":[{"@type":"ListItem","position":1,"name":"Home","item":"https:\/\/www.bagnoitalia.com\/es"},{"@type":"ListItem","position":2,"name":"Productos","item":"https:\/\/www.bagnoitalia.com\/es\/shop"},{"@type":"ListItem","position":3,"name":"Asiento de ba\u00f1o de poli\u00e9ster con sistema de cierre friccionado y amortiguado, cubre-inodoro"}]},{"@type":"WebSite","@id":"https:\/\/www.bagnoitalia.com\/es#website","url":"https:\/\/www.bagnoitalia.com\/es","name":"Bagno Italia","description":"","publisher":{"@id":"https:\/\/www.bagnoitalia.com\/es#organization"},"potentialAction":[{"@type":"SearchAction","target":{"@type":"EntryPoint","urlTemplate":"https:\/\/www.bagnoitalia.com\/es?s={search_term_string}"},"query-input":{"@type":"PropertyValueSpecification","valueRequired":true,"valueName":"search_term_string"}}],"inLanguage":"es"},{"@type":"Organization","@id":"https:\/\/www.bagnoitalia.com\/es#organization","name":"Bagno Italia","url":"https:\/\/www.bagnoitalia.com\/es","logo":{"@type":"ImageObject","inLanguage":"es","@id":"https:\/\/www.bagnoitalia.com\/es#\/schema\/logo\/image\/","url":"https:\/\/img.bagnoitalia.com\/wp-content\/uploads\/logo-bagnoitalia.webp","contentUrl":"https:\/\/img.bagnoitalia.com\/wp-content\/uploads\/logo-bagnoitalia.webp","width":400,"height":70,"caption":"Bagno Italia"},"image":{"@id":"https:\/\/www.bagnoitalia.com\/es#\/schema\/logo\/image\/"}}]}},"_links":{"self":[{"href":"https:\/\/www.bagnoitalia.com\/es\/wp-json\/wp\/v2\/product\/78676","targetHints":{"allow":["GET"]}}],"collection":[{"href":"https:\/\/www.bagnoitalia.com\/es\/wp-json\/wp\/v2\/product"}],"about":[{"href":"https:\/\/www.bagnoitalia.com\/es\/wp-json\/wp\/v2\/types\/product"}],"replies":[{"embeddable":true,"href":"https:\/\/www.bagnoitalia.com\/es\/wp-json\/wp\/v2\/comments?post=78676"}],"version-history":[{"count":0,"href":"https:\/\/www.bagnoitalia.com\/es\/wp-json\/wp\/v2\/product\/78676\/revisions"}],"wp:featuredmedia":[{"embeddable":true,"href":"https:\/\/www.bagnoitalia.com\/es\/wp-json\/wp\/v2\/media\/21222"}],"wp:attachment":[{"href":"https:\/\/www.bagnoitalia.com\/es\/wp-json\/wp\/v2\/media?parent=78676"}],"wp:term":[{"taxonomy":"product_brand","embeddable":true,"href":"https:\/\/www.bagnoitalia.com\/es\/wp-json\/wp\/v2\/product_brand?post=78676"},{"taxonomy":"product_cat","embeddable":true,"href":"https:\/\/www.bagnoitalia.com\/es\/wp-json\/wp\/v2\/product_cat?post=78676"},{"taxonomy":"product_tag","embeddable":true,"href":"https:\/\/www.bagnoitalia.com\/es\/wp-json\/wp\/v2\/product_tag?post=78676"}],"curies":[{"name":"wp","href":"https:\/\/api.w.org\/{rel}","templated":true}]}}