{"id":78652,"date":"2014-02-02T21:15:35","date_gmt":"2014-02-02T20:15:35","guid":{"rendered":"https:\/\/www.bagnoitalia.com\/product\/sauna-de-infrarrojos-de-175x135-para-4-personas-en-madera-de-hemlock-con-puertas-de-vidrio-para-cromoterapia-sn013"},"modified":"2024-05-11T00:02:28","modified_gmt":"2024-05-10T22:02:28","slug":"sauna-de-infrarrojos-de-175x135-para-4-personas-en-madera-de-hemlock-con-puertas-de-vidrio-para-cromoterapia-sn013","status":"publish","type":"product","link":"https:\/\/www.bagnoitalia.com\/es\/producto\/sauna-de-infrarrojos-de-175x135-para-4-personas-en-madera-de-hemlock-con-puertas-de-vidrio-para-cromoterapia-sn013.html","title":{"rendered":"Sauna de infrarrojos de 175&#215;135 para 4 personas en madera de hemlock con puertas de vidrio para cromoterapia bluetooth SN013"},"content":{"rendered":"<p><span style=\"font-size: 12pt;\"><strong>Sauna de infrarrojos para 4 personas.<\/strong><\/span><\/p>\n<ul>\n<li>Medidas: l 175 xp 135 xh 190 cm con 4 asientos.<\/li>\n<li>Potencia 2000W<\/li>\n<li>Espesor del vidrio 6 mm;<\/li>\n<li>6 radiadores cer\u00e1micos;<\/li>\n<li>bluetooth&nbsp;<\/li>\n<li>F\u00e1cil y r\u00e1pido de instalar (\u00a1unos 15 minutos!)<\/li>\n<li>Temperatura de 18 a 60 \u00b0 C; Alcanza los 50 \u00b0 C en unos 15 minutos (con una temperatura externa de 20 \u00b0 C).<\/li>\n<li>Temporizador regulable de 0 a 60 minutos.<\/li>\n<li>Cajas para el intercambio de aire<\/li>\n<li>Componentes incluidos: cabina de madera de hemlock de Canad\u00e1 sin nudos<\/li>\n<li>Calentadores de cer\u00e1mica infrarrojos<\/li>\n<li>Radio &#8211; Reproductor de CD, mp3, usb, tarjeta sd con 2 altavoces ac\u00fasticos<\/li>\n<li>Lampara de lectura<\/li>\n<li>Ionizador para perfumar<\/li>\n<li>Cromoterapia de 7 colores<\/li>\n<li>Iluminaci\u00f3n interior y exterior.<\/li>\n<li>Termometro electronico<\/li>\n<li>Voltaje 220v<\/li>\n<li>Profundidad de asientos 45 cm.<\/li>\n<li><span style=\"color: #000000;\">Ventilaci\u00f3n de la puerta<\/span><\/li>\n<li><span style=\"color: #000000;\">Panel de control interno<\/span><\/li>\n<\/ul>\n<p>&nbsp;<\/p>\n<p>Este modelo, al ser infrarrojo, requiere <strong>20\/25 minutos de calentamiento<\/strong> , a diferencia del finland\u00e9s, que dura aproximadamente una hora; Por este motivo <strong>consume mucho menos<\/strong> . Adem\u00e1s, en la sauna finlandesa, el aire se calienta completamente con la estufa y la persona se calienta con el aire; en cambio, en el infrarrojo, <strong>los rayos se calientan directamente en el cuerpo en un 80%<\/strong> pero con temperaturas m\u00e1s bajas, lo que crea una situaci\u00f3n <strong>m\u00e1s tolerable<\/strong> .<\/p>\n<p>&nbsp;<\/p>\n<p>La <strong>sauna<\/strong> tiene una capacidad de <strong>relajaci\u00f3n<\/strong> y <strong>desintoxicaci\u00f3n<\/strong> . La piel se purifica y la transpiraci\u00f3n elimina \u00e1cidos y toxinas. Se estimula el sistema neurovegetativo, mejorando el metabolismo general. En el nivel est\u00e9tico, la <strong>disminuci\u00f3n de la celulitis<\/strong> y la mayor elasticidad de los tejidos son lo mejor que puede obtener al combinar la sauna con una dieta. Igualmente evidentes son los beneficios est\u00e9ticos que se derivan de la <strong>limpieza profunda de la epidermis<\/strong> , que revela una pureza y brillo renovados.<\/p>\n<p>&nbsp;<\/p>\n<p>&nbsp;<\/p>\n<p>&nbsp;<\/p>\n","protected":false},"excerpt":{"rendered":"<p>Sauna de infrarrojos de 175&#215;135 para 4 personas en madera de hemlock con radio y reproductor de CD<\/p>\n","protected":false},"featured_media":21066,"comment_status":"open","ping_status":"closed","template":"","meta":[],"product_brand":[9911],"product_cat":[9753],"product_tag":[],"class_list":{"0":"post-78652","1":"product","2":"type-product","3":"status-publish","4":"has-post-thumbnail","6":"product_brand-puntorelax-es","7":"product_cat-sauna-de-infrarrojos","9":"first","10":"instock","11":"sale","12":"taxable","13":"shipping-taxable","14":"purchasable","15":"product-type-simple"},"exclude_global_add_ons":[],"addons":[],"yoast_head":"<!-- This site is optimized with the Yoast SEO plugin v26.7 - https:\/\/yoast.com\/wordpress\/plugins\/seo\/ -->\n<title>Sauna de infrarrojos de 175x135cm en madera de cicuta, para 4 personas pr<\/title>\n<meta name=\"description\" content=\"Sauna de madera infrarroja Hemlock 2000 W, con cromoterapia y terapia de perfum. Dimensiones 150x65x120cm, ideal para 4 personas. Con puertas de vidrio, radio, reproductor de CD.\" \/>\n<meta name=\"robots\" content=\"index, follow, max-snippet:-1, max-image-preview:large, max-video-preview:-1\" \/>\n<link rel=\"canonical\" href=\"https:\/\/www.bagnoitalia.com\/es\/producto\/sauna-de-infrarrojos-de-175x135-para-4-personas-en-madera-de-hemlock-con-puertas-de-vidrio-para-cromoterapia-sn013.html\" \/>\n<meta property=\"og:locale\" content=\"es_ES\" \/>\n<meta property=\"og:type\" content=\"article\" \/>\n<meta property=\"og:title\" content=\"Sauna de infrarrojos de 175x135cm en madera de cicuta, para 4 personas pr\" \/>\n<meta property=\"og:description\" content=\"Sauna de madera infrarroja Hemlock 2000 W, con cromoterapia y terapia de perfum. Dimensiones 150x65x120cm, ideal para 4 personas. Con puertas de vidrio, radio, reproductor de CD.\" \/>\n<meta property=\"og:url\" content=\"https:\/\/www.bagnoitalia.com\/es\/producto\/sauna-de-infrarrojos-de-175x135-para-4-personas-en-madera-de-hemlock-con-puertas-de-vidrio-para-cromoterapia-sn013.html\" \/>\n<meta property=\"og:site_name\" content=\"Bagno Italia\" \/>\n<meta property=\"article:modified_time\" content=\"2024-05-10T22:02:28+00:00\" \/>\n<meta property=\"og:image\" content=\"https:\/\/img.bagnoitalia.com\/wp-content\/uploads\/virtuemart\/product\/infrared-sauna-175x135.jpg\" \/>\n\t<meta property=\"og:image:width\" content=\"544\" \/>\n\t<meta property=\"og:image:height\" content=\"550\" \/>\n\t<meta property=\"og:image:type\" content=\"image\/jpeg\" \/>\n<meta name=\"twitter:card\" content=\"summary_large_image\" \/>\n<meta name=\"twitter:label1\" content=\"Tiempo de lectura\" \/>\n\t<meta name=\"twitter:data1\" content=\"1 minuto\" \/>\n<script type=\"application\/ld+json\" class=\"yoast-schema-graph\">{\"@context\":\"https:\/\/schema.org\",\"@graph\":[{\"@type\":\"WebPage\",\"@id\":\"https:\/\/www.bagnoitalia.com\/es\/producto\/sauna-de-infrarrojos-de-175x135-para-4-personas-en-madera-de-hemlock-con-puertas-de-vidrio-para-cromoterapia-sn013.html\",\"url\":\"https:\/\/www.bagnoitalia.com\/es\/producto\/sauna-de-infrarrojos-de-175x135-para-4-personas-en-madera-de-hemlock-con-puertas-de-vidrio-para-cromoterapia-sn013.html\",\"name\":\"Sauna de infrarrojos de 175x135cm en madera de cicuta, para 4 personas pr\",\"isPartOf\":{\"@id\":\"https:\/\/www.bagnoitalia.com\/es#website\"},\"primaryImageOfPage\":{\"@id\":\"https:\/\/www.bagnoitalia.com\/es\/producto\/sauna-de-infrarrojos-de-175x135-para-4-personas-en-madera-de-hemlock-con-puertas-de-vidrio-para-cromoterapia-sn013.html#primaryimage\"},\"image\":{\"@id\":\"https:\/\/www.bagnoitalia.com\/es\/producto\/sauna-de-infrarrojos-de-175x135-para-4-personas-en-madera-de-hemlock-con-puertas-de-vidrio-para-cromoterapia-sn013.html#primaryimage\"},\"thumbnailUrl\":\"https:\/\/img.bagnoitalia.com\/wp-content\/uploads\/virtuemart\/product\/infrared-sauna-175x135.jpg\",\"datePublished\":\"2014-02-02T20:15:35+00:00\",\"dateModified\":\"2024-05-10T22:02:28+00:00\",\"description\":\"Sauna de madera infrarroja Hemlock 2000 W, con cromoterapia y terapia de perfum. Dimensiones 150x65x120cm, ideal para 4 personas. Con puertas de vidrio, radio, reproductor de CD.\",\"breadcrumb\":{\"@id\":\"https:\/\/www.bagnoitalia.com\/es\/producto\/sauna-de-infrarrojos-de-175x135-para-4-personas-en-madera-de-hemlock-con-puertas-de-vidrio-para-cromoterapia-sn013.html#breadcrumb\"},\"inLanguage\":\"es\",\"potentialAction\":[{\"@type\":\"ReadAction\",\"target\":[\"https:\/\/www.bagnoitalia.com\/es\/producto\/sauna-de-infrarrojos-de-175x135-para-4-personas-en-madera-de-hemlock-con-puertas-de-vidrio-para-cromoterapia-sn013.html\"]}]},{\"@type\":\"ImageObject\",\"inLanguage\":\"es\",\"@id\":\"https:\/\/www.bagnoitalia.com\/es\/producto\/sauna-de-infrarrojos-de-175x135-para-4-personas-en-madera-de-hemlock-con-puertas-de-vidrio-para-cromoterapia-sn013.html#primaryimage\",\"url\":\"https:\/\/img.bagnoitalia.com\/wp-content\/uploads\/virtuemart\/product\/infrared-sauna-175x135.jpg\",\"contentUrl\":\"https:\/\/img.bagnoitalia.com\/wp-content\/uploads\/virtuemart\/product\/infrared-sauna-175x135.jpg\",\"width\":544,\"height\":550},{\"@type\":\"BreadcrumbList\",\"@id\":\"https:\/\/www.bagnoitalia.com\/es\/producto\/sauna-de-infrarrojos-de-175x135-para-4-personas-en-madera-de-hemlock-con-puertas-de-vidrio-para-cromoterapia-sn013.html#breadcrumb\",\"itemListElement\":[{\"@type\":\"ListItem\",\"position\":1,\"name\":\"Home\",\"item\":\"https:\/\/www.bagnoitalia.com\/es\"},{\"@type\":\"ListItem\",\"position\":2,\"name\":\"Productos\",\"item\":\"https:\/\/www.bagnoitalia.com\/es\/shop\"},{\"@type\":\"ListItem\",\"position\":3,\"name\":\"Sauna de infrarrojos de 175&#215;135 para 4 personas en madera de hemlock con puertas de vidrio para cromoterapia bluetooth SN013\"}]},{\"@type\":\"WebSite\",\"@id\":\"https:\/\/www.bagnoitalia.com\/es#website\",\"url\":\"https:\/\/www.bagnoitalia.com\/es\",\"name\":\"Bagno Italia\",\"description\":\"\",\"publisher\":{\"@id\":\"https:\/\/www.bagnoitalia.com\/es#organization\"},\"potentialAction\":[{\"@type\":\"SearchAction\",\"target\":{\"@type\":\"EntryPoint\",\"urlTemplate\":\"https:\/\/www.bagnoitalia.com\/es?s={search_term_string}\"},\"query-input\":{\"@type\":\"PropertyValueSpecification\",\"valueRequired\":true,\"valueName\":\"search_term_string\"}}],\"inLanguage\":\"es\"},{\"@type\":\"Organization\",\"@id\":\"https:\/\/www.bagnoitalia.com\/es#organization\",\"name\":\"Bagno Italia\",\"url\":\"https:\/\/www.bagnoitalia.com\/es\",\"logo\":{\"@type\":\"ImageObject\",\"inLanguage\":\"es\",\"@id\":\"https:\/\/www.bagnoitalia.com\/es#\/schema\/logo\/image\/\",\"url\":\"https:\/\/img.bagnoitalia.com\/wp-content\/uploads\/logo-bagnoitalia.webp\",\"contentUrl\":\"https:\/\/img.bagnoitalia.com\/wp-content\/uploads\/logo-bagnoitalia.webp\",\"width\":400,\"height\":70,\"caption\":\"Bagno Italia\"},\"image\":{\"@id\":\"https:\/\/www.bagnoitalia.com\/es#\/schema\/logo\/image\/\"}}]}<\/script>\n<!-- \/ Yoast SEO plugin. -->","yoast_head_json":{"title":"Sauna de infrarrojos de 175x135cm en madera de cicuta, para 4 personas pr","description":"Sauna de madera infrarroja Hemlock 2000 W, con cromoterapia y terapia de perfum. Dimensiones 150x65x120cm, ideal para 4 personas. Con puertas de vidrio, radio, reproductor de CD.","robots":{"index":"index","follow":"follow","max-snippet":"max-snippet:-1","max-image-preview":"max-image-preview:large","max-video-preview":"max-video-preview:-1"},"canonical":"https:\/\/www.bagnoitalia.com\/es\/producto\/sauna-de-infrarrojos-de-175x135-para-4-personas-en-madera-de-hemlock-con-puertas-de-vidrio-para-cromoterapia-sn013.html","og_locale":"es_ES","og_type":"article","og_title":"Sauna de infrarrojos de 175x135cm en madera de cicuta, para 4 personas pr","og_description":"Sauna de madera infrarroja Hemlock 2000 W, con cromoterapia y terapia de perfum. Dimensiones 150x65x120cm, ideal para 4 personas. Con puertas de vidrio, radio, reproductor de CD.","og_url":"https:\/\/www.bagnoitalia.com\/es\/producto\/sauna-de-infrarrojos-de-175x135-para-4-personas-en-madera-de-hemlock-con-puertas-de-vidrio-para-cromoterapia-sn013.html","og_site_name":"Bagno Italia","article_modified_time":"2024-05-10T22:02:28+00:00","og_image":[{"width":544,"height":550,"url":"https:\/\/img.bagnoitalia.com\/wp-content\/uploads\/virtuemart\/product\/infrared-sauna-175x135.jpg","type":"image\/jpeg"}],"twitter_card":"summary_large_image","twitter_misc":{"Tiempo de lectura":"1 minuto"},"schema":{"@context":"https:\/\/schema.org","@graph":[{"@type":"WebPage","@id":"https:\/\/www.bagnoitalia.com\/es\/producto\/sauna-de-infrarrojos-de-175x135-para-4-personas-en-madera-de-hemlock-con-puertas-de-vidrio-para-cromoterapia-sn013.html","url":"https:\/\/www.bagnoitalia.com\/es\/producto\/sauna-de-infrarrojos-de-175x135-para-4-personas-en-madera-de-hemlock-con-puertas-de-vidrio-para-cromoterapia-sn013.html","name":"Sauna de infrarrojos de 175x135cm en madera de cicuta, para 4 personas pr","isPartOf":{"@id":"https:\/\/www.bagnoitalia.com\/es#website"},"primaryImageOfPage":{"@id":"https:\/\/www.bagnoitalia.com\/es\/producto\/sauna-de-infrarrojos-de-175x135-para-4-personas-en-madera-de-hemlock-con-puertas-de-vidrio-para-cromoterapia-sn013.html#primaryimage"},"image":{"@id":"https:\/\/www.bagnoitalia.com\/es\/producto\/sauna-de-infrarrojos-de-175x135-para-4-personas-en-madera-de-hemlock-con-puertas-de-vidrio-para-cromoterapia-sn013.html#primaryimage"},"thumbnailUrl":"https:\/\/img.bagnoitalia.com\/wp-content\/uploads\/virtuemart\/product\/infrared-sauna-175x135.jpg","datePublished":"2014-02-02T20:15:35+00:00","dateModified":"2024-05-10T22:02:28+00:00","description":"Sauna de madera infrarroja Hemlock 2000 W, con cromoterapia y terapia de perfum. Dimensiones 150x65x120cm, ideal para 4 personas. Con puertas de vidrio, radio, reproductor de CD.","breadcrumb":{"@id":"https:\/\/www.bagnoitalia.com\/es\/producto\/sauna-de-infrarrojos-de-175x135-para-4-personas-en-madera-de-hemlock-con-puertas-de-vidrio-para-cromoterapia-sn013.html#breadcrumb"},"inLanguage":"es","potentialAction":[{"@type":"ReadAction","target":["https:\/\/www.bagnoitalia.com\/es\/producto\/sauna-de-infrarrojos-de-175x135-para-4-personas-en-madera-de-hemlock-con-puertas-de-vidrio-para-cromoterapia-sn013.html"]}]},{"@type":"ImageObject","inLanguage":"es","@id":"https:\/\/www.bagnoitalia.com\/es\/producto\/sauna-de-infrarrojos-de-175x135-para-4-personas-en-madera-de-hemlock-con-puertas-de-vidrio-para-cromoterapia-sn013.html#primaryimage","url":"https:\/\/img.bagnoitalia.com\/wp-content\/uploads\/virtuemart\/product\/infrared-sauna-175x135.jpg","contentUrl":"https:\/\/img.bagnoitalia.com\/wp-content\/uploads\/virtuemart\/product\/infrared-sauna-175x135.jpg","width":544,"height":550},{"@type":"BreadcrumbList","@id":"https:\/\/www.bagnoitalia.com\/es\/producto\/sauna-de-infrarrojos-de-175x135-para-4-personas-en-madera-de-hemlock-con-puertas-de-vidrio-para-cromoterapia-sn013.html#breadcrumb","itemListElement":[{"@type":"ListItem","position":1,"name":"Home","item":"https:\/\/www.bagnoitalia.com\/es"},{"@type":"ListItem","position":2,"name":"Productos","item":"https:\/\/www.bagnoitalia.com\/es\/shop"},{"@type":"ListItem","position":3,"name":"Sauna de infrarrojos de 175&#215;135 para 4 personas en madera de hemlock con puertas de vidrio para cromoterapia bluetooth SN013"}]},{"@type":"WebSite","@id":"https:\/\/www.bagnoitalia.com\/es#website","url":"https:\/\/www.bagnoitalia.com\/es","name":"Bagno Italia","description":"","publisher":{"@id":"https:\/\/www.bagnoitalia.com\/es#organization"},"potentialAction":[{"@type":"SearchAction","target":{"@type":"EntryPoint","urlTemplate":"https:\/\/www.bagnoitalia.com\/es?s={search_term_string}"},"query-input":{"@type":"PropertyValueSpecification","valueRequired":true,"valueName":"search_term_string"}}],"inLanguage":"es"},{"@type":"Organization","@id":"https:\/\/www.bagnoitalia.com\/es#organization","name":"Bagno Italia","url":"https:\/\/www.bagnoitalia.com\/es","logo":{"@type":"ImageObject","inLanguage":"es","@id":"https:\/\/www.bagnoitalia.com\/es#\/schema\/logo\/image\/","url":"https:\/\/img.bagnoitalia.com\/wp-content\/uploads\/logo-bagnoitalia.webp","contentUrl":"https:\/\/img.bagnoitalia.com\/wp-content\/uploads\/logo-bagnoitalia.webp","width":400,"height":70,"caption":"Bagno Italia"},"image":{"@id":"https:\/\/www.bagnoitalia.com\/es#\/schema\/logo\/image\/"}}]}},"_links":{"self":[{"href":"https:\/\/www.bagnoitalia.com\/es\/wp-json\/wp\/v2\/product\/78652","targetHints":{"allow":["GET"]}}],"collection":[{"href":"https:\/\/www.bagnoitalia.com\/es\/wp-json\/wp\/v2\/product"}],"about":[{"href":"https:\/\/www.bagnoitalia.com\/es\/wp-json\/wp\/v2\/types\/product"}],"replies":[{"embeddable":true,"href":"https:\/\/www.bagnoitalia.com\/es\/wp-json\/wp\/v2\/comments?post=78652"}],"version-history":[{"count":0,"href":"https:\/\/www.bagnoitalia.com\/es\/wp-json\/wp\/v2\/product\/78652\/revisions"}],"wp:featuredmedia":[{"embeddable":true,"href":"https:\/\/www.bagnoitalia.com\/es\/wp-json\/wp\/v2\/media\/21066"}],"wp:attachment":[{"href":"https:\/\/www.bagnoitalia.com\/es\/wp-json\/wp\/v2\/media?parent=78652"}],"wp:term":[{"taxonomy":"product_brand","embeddable":true,"href":"https:\/\/www.bagnoitalia.com\/es\/wp-json\/wp\/v2\/product_brand?post=78652"},{"taxonomy":"product_cat","embeddable":true,"href":"https:\/\/www.bagnoitalia.com\/es\/wp-json\/wp\/v2\/product_cat?post=78652"},{"taxonomy":"product_tag","embeddable":true,"href":"https:\/\/www.bagnoitalia.com\/es\/wp-json\/wp\/v2\/product_tag?post=78652"}],"curies":[{"name":"wp","href":"https:\/\/api.w.org\/{rel}","templated":true}]}}