{"id":78632,"date":"2014-02-02T15:02:06","date_gmt":"2014-02-02T14:02:06","guid":{"rendered":"https:\/\/www.bagnoitalia.com\/product\/mini-piscina-con-hidromasaje-y-aire-acondicionado-230x230-con-6-asientos-de-ozonoterapia-con-calentador-led"},"modified":"2025-06-16T16:14:35","modified_gmt":"2025-06-16T14:14:35","slug":"mini-piscina-con-hidromasaje-y-aire-acondicionado-230x230-con-6-asientos-de-ozonoterapia-con-calentador-led","status":"publish","type":"product","link":"https:\/\/www.bagnoitalia.com\/es\/producto\/mini-piscina-con-hidromasaje-y-aire-acondicionado-230x230-con-6-asientos-de-ozonoterapia-con-calentador-led.html","title":{"rendered":"Mini piscina con hidromasaje de agua y aire 230&#215;230 con 6 asientos Desinfectante UV LED calentador MP04"},"content":{"rendered":"<p>&nbsp;<\/p>\n<p>Ba\u00f1era de hidromasaje 230x230cm MP04<\/p>\n<p>&nbsp;<\/p>\n<p>&nbsp;<\/p>\n<p>Ba\u00f1era de hidromasaje cuadrada 230x230xH90 cm<\/p>\n<p>Color interior: blanco<\/p>\n<p>Color exterior: gris<\/p>\n<p>Cubierta ISOTHERMAL gratis por valor de 380<\/p>\n<p>Instrucciones para la instalaci\u00f3n de la minipiscina:<\/p>\n<p>&#8211; compatible con el llenado y vaciado mediante una simple manguera exterior,<\/p>\n<p>&#8211; incluye un tap\u00f3n para acoplar a la toma de corriente,<\/p>\n<p>&#8211; apta tanto para uso interior como exterior.<\/p>\n<p>El consumo m\u00e1ximo es de 4 kW ya que est\u00e1 configurado para que si el calentador funciona, las bombas de hidromasaje se apaguen autom\u00e1ticamente y viceversa. Este ajuste puede modificarse a trav\u00e9s del panel de control.<\/p>\n<p>&nbsp;<\/p>\n<p>CARACTER\u00cdSTICAS Y FUNCIONES<\/p>\n<p>dimensiones: 2300 x 2300 x 900 mm<\/p>\n<p>material: acr\u00edlico (resina de vidrio reforzada)<\/p>\n<p>revestimiento exterior: pvc efecto madera<\/p>\n<p>requisitos el\u00e9ctricos: 220v\/50hz<\/p>\n<p>n. bombas de hidromasaje(3cv): 2<\/p>\n<p>n. bomba de aire (1cv): 1<\/p>\n<p>n. bomba de recirculaci\u00f3n (0,35cv): 1<\/p>\n<p>calentador max 40\u00b0 (3kw) (balboa)<\/p>\n<p>Desinfectante UV<\/p>\n<p>sistema de filtrado: 2 filtros<\/p>\n<p>unidad de control informatizada: balboa bp2100g0<\/p>\n<p>n. foco cromoterapia led subacu\u00e1tico: 1<\/p>\n<p>n\u00ba chorros cascada: 3<\/p>\n<p>n\u00ba chorros hidromasaje: 51<\/p>\n<p>n. chorros de aire: 15<\/p>\n<p>n. asientos: 4<\/p>\n<p>n. chaise longues: 2<\/p>\n<p>n\u00ba reposacabezas: 6<\/p>\n<p>peso en vac\u00edo: 500 kg<\/p>\n<p>volumen de agua: 1,2 m3<\/p>\n<p>base: acr\u00edlico<\/p>\n<p>cubierta isot\u00e9rmica<\/p>\n<p>certificaci\u00f3n CE<\/p>\n<p>garant\u00eda: 2 a\u00f1os<\/p>\n<p>&nbsp;<\/p>\n<p>&nbsp;<\/p>\n","protected":false},"excerpt":{"rendered":"<p>Minipiscina cuadrada con hidromasaje de agua y aire 230&#215;230 para 6 personas, con Desinfectante UV y calentador.<\/p>\n","protected":false},"featured_media":103789,"comment_status":"open","ping_status":"closed","template":"","meta":[],"product_brand":[9911],"product_cat":[10071],"product_tag":[],"class_list":{"0":"post-78632","1":"product","2":"type-product","3":"status-publish","4":"has-post-thumbnail","6":"product_brand-puntorelax-es","7":"product_cat-piscinas-de-hidromasaje-al-aire-libre","9":"first","10":"instock","11":"sale","12":"taxable","13":"shipping-taxable","14":"purchasable","15":"product-type-simple"},"exclude_global_add_ons":[],"addons":[],"yoast_head":"<!-- This site is optimized with the Yoast SEO plugin v26.7 - https:\/\/yoast.com\/wordpress\/plugins\/seo\/ -->\n<title>Jacuzzi Piscina de Hidromasaje para 6 personas 230x230cm, 56 chorros<\/title>\n<meta name=\"description\" content=\"Jacuzzi Piscina de hidromasaje con agua y aire, en acr\u00edlico, dimensiones 230x230x93cm con 56 chorros de aluminio, ideal para 6 personas.\" \/>\n<meta name=\"robots\" content=\"index, follow, max-snippet:-1, max-image-preview:large, max-video-preview:-1\" \/>\n<link rel=\"canonical\" href=\"https:\/\/www.bagnoitalia.com\/es\/producto\/mini-piscina-con-hidromasaje-y-aire-acondicionado-230x230-con-6-asientos-de-ozonoterapia-con-calentador-led.html\" \/>\n<meta property=\"og:locale\" content=\"es_ES\" \/>\n<meta property=\"og:type\" content=\"article\" \/>\n<meta property=\"og:title\" content=\"Jacuzzi Piscina de Hidromasaje para 6 personas 230x230cm, 56 chorros\" \/>\n<meta property=\"og:description\" content=\"Jacuzzi Piscina de hidromasaje con agua y aire, en acr\u00edlico, dimensiones 230x230x93cm con 56 chorros de aluminio, ideal para 6 personas.\" \/>\n<meta property=\"og:url\" content=\"https:\/\/www.bagnoitalia.com\/es\/producto\/mini-piscina-con-hidromasaje-y-aire-acondicionado-230x230-con-6-asientos-de-ozonoterapia-con-calentador-led.html\" \/>\n<meta property=\"og:site_name\" content=\"Bagno Italia\" \/>\n<meta property=\"article:modified_time\" content=\"2025-06-16T14:14:35+00:00\" \/>\n<meta property=\"og:image\" content=\"https:\/\/img.bagnoitalia.com\/wp-content\/uploads\/1-226.webp\" \/>\n\t<meta property=\"og:image:width\" content=\"1000\" \/>\n\t<meta property=\"og:image:height\" content=\"1000\" \/>\n\t<meta property=\"og:image:type\" content=\"image\/webp\" \/>\n<meta name=\"twitter:card\" content=\"summary_large_image\" \/>\n<meta name=\"twitter:label1\" content=\"Tiempo de lectura\" \/>\n\t<meta name=\"twitter:data1\" content=\"2 minutos\" \/>\n<script type=\"application\/ld+json\" class=\"yoast-schema-graph\">{\"@context\":\"https:\/\/schema.org\",\"@graph\":[{\"@type\":\"WebPage\",\"@id\":\"https:\/\/www.bagnoitalia.com\/es\/producto\/mini-piscina-con-hidromasaje-y-aire-acondicionado-230x230-con-6-asientos-de-ozonoterapia-con-calentador-led.html\",\"url\":\"https:\/\/www.bagnoitalia.com\/es\/producto\/mini-piscina-con-hidromasaje-y-aire-acondicionado-230x230-con-6-asientos-de-ozonoterapia-con-calentador-led.html\",\"name\":\"Jacuzzi Piscina de Hidromasaje para 6 personas 230x230cm, 56 chorros\",\"isPartOf\":{\"@id\":\"https:\/\/www.bagnoitalia.com\/es#website\"},\"primaryImageOfPage\":{\"@id\":\"https:\/\/www.bagnoitalia.com\/es\/producto\/mini-piscina-con-hidromasaje-y-aire-acondicionado-230x230-con-6-asientos-de-ozonoterapia-con-calentador-led.html#primaryimage\"},\"image\":{\"@id\":\"https:\/\/www.bagnoitalia.com\/es\/producto\/mini-piscina-con-hidromasaje-y-aire-acondicionado-230x230-con-6-asientos-de-ozonoterapia-con-calentador-led.html#primaryimage\"},\"thumbnailUrl\":\"https:\/\/img.bagnoitalia.com\/wp-content\/uploads\/1-226.webp\",\"datePublished\":\"2014-02-02T14:02:06+00:00\",\"dateModified\":\"2025-06-16T14:14:35+00:00\",\"description\":\"Jacuzzi Piscina de hidromasaje con agua y aire, en acr\u00edlico, dimensiones 230x230x93cm con 56 chorros de aluminio, ideal para 6 personas.\",\"breadcrumb\":{\"@id\":\"https:\/\/www.bagnoitalia.com\/es\/producto\/mini-piscina-con-hidromasaje-y-aire-acondicionado-230x230-con-6-asientos-de-ozonoterapia-con-calentador-led.html#breadcrumb\"},\"inLanguage\":\"es\",\"potentialAction\":[{\"@type\":\"ReadAction\",\"target\":[\"https:\/\/www.bagnoitalia.com\/es\/producto\/mini-piscina-con-hidromasaje-y-aire-acondicionado-230x230-con-6-asientos-de-ozonoterapia-con-calentador-led.html\"]}]},{\"@type\":\"ImageObject\",\"inLanguage\":\"es\",\"@id\":\"https:\/\/www.bagnoitalia.com\/es\/producto\/mini-piscina-con-hidromasaje-y-aire-acondicionado-230x230-con-6-asientos-de-ozonoterapia-con-calentador-led.html#primaryimage\",\"url\":\"https:\/\/img.bagnoitalia.com\/wp-content\/uploads\/1-226.webp\",\"contentUrl\":\"https:\/\/img.bagnoitalia.com\/wp-content\/uploads\/1-226.webp\",\"width\":1000,\"height\":1000},{\"@type\":\"BreadcrumbList\",\"@id\":\"https:\/\/www.bagnoitalia.com\/es\/producto\/mini-piscina-con-hidromasaje-y-aire-acondicionado-230x230-con-6-asientos-de-ozonoterapia-con-calentador-led.html#breadcrumb\",\"itemListElement\":[{\"@type\":\"ListItem\",\"position\":1,\"name\":\"Home\",\"item\":\"https:\/\/www.bagnoitalia.com\/es\"},{\"@type\":\"ListItem\",\"position\":2,\"name\":\"Productos\",\"item\":\"https:\/\/www.bagnoitalia.com\/es\/shop\"},{\"@type\":\"ListItem\",\"position\":3,\"name\":\"Mini piscina con hidromasaje de agua y aire 230&#215;230 con 6 asientos Desinfectante UV LED calentador MP04\"}]},{\"@type\":\"WebSite\",\"@id\":\"https:\/\/www.bagnoitalia.com\/es#website\",\"url\":\"https:\/\/www.bagnoitalia.com\/es\",\"name\":\"Bagno Italia\",\"description\":\"\",\"publisher\":{\"@id\":\"https:\/\/www.bagnoitalia.com\/es#organization\"},\"potentialAction\":[{\"@type\":\"SearchAction\",\"target\":{\"@type\":\"EntryPoint\",\"urlTemplate\":\"https:\/\/www.bagnoitalia.com\/es?s={search_term_string}\"},\"query-input\":{\"@type\":\"PropertyValueSpecification\",\"valueRequired\":true,\"valueName\":\"search_term_string\"}}],\"inLanguage\":\"es\"},{\"@type\":\"Organization\",\"@id\":\"https:\/\/www.bagnoitalia.com\/es#organization\",\"name\":\"Bagno Italia\",\"url\":\"https:\/\/www.bagnoitalia.com\/es\",\"logo\":{\"@type\":\"ImageObject\",\"inLanguage\":\"es\",\"@id\":\"https:\/\/www.bagnoitalia.com\/es#\/schema\/logo\/image\/\",\"url\":\"https:\/\/img.bagnoitalia.com\/wp-content\/uploads\/logo-bagnoitalia.webp\",\"contentUrl\":\"https:\/\/img.bagnoitalia.com\/wp-content\/uploads\/logo-bagnoitalia.webp\",\"width\":400,\"height\":70,\"caption\":\"Bagno Italia\"},\"image\":{\"@id\":\"https:\/\/www.bagnoitalia.com\/es#\/schema\/logo\/image\/\"}}]}<\/script>\n<!-- \/ Yoast SEO plugin. -->","yoast_head_json":{"title":"Jacuzzi Piscina de Hidromasaje para 6 personas 230x230cm, 56 chorros","description":"Jacuzzi Piscina de hidromasaje con agua y aire, en acr\u00edlico, dimensiones 230x230x93cm con 56 chorros de aluminio, ideal para 6 personas.","robots":{"index":"index","follow":"follow","max-snippet":"max-snippet:-1","max-image-preview":"max-image-preview:large","max-video-preview":"max-video-preview:-1"},"canonical":"https:\/\/www.bagnoitalia.com\/es\/producto\/mini-piscina-con-hidromasaje-y-aire-acondicionado-230x230-con-6-asientos-de-ozonoterapia-con-calentador-led.html","og_locale":"es_ES","og_type":"article","og_title":"Jacuzzi Piscina de Hidromasaje para 6 personas 230x230cm, 56 chorros","og_description":"Jacuzzi Piscina de hidromasaje con agua y aire, en acr\u00edlico, dimensiones 230x230x93cm con 56 chorros de aluminio, ideal para 6 personas.","og_url":"https:\/\/www.bagnoitalia.com\/es\/producto\/mini-piscina-con-hidromasaje-y-aire-acondicionado-230x230-con-6-asientos-de-ozonoterapia-con-calentador-led.html","og_site_name":"Bagno Italia","article_modified_time":"2025-06-16T14:14:35+00:00","og_image":[{"width":1000,"height":1000,"url":"https:\/\/img.bagnoitalia.com\/wp-content\/uploads\/1-226.webp","type":"image\/webp"}],"twitter_card":"summary_large_image","twitter_misc":{"Tiempo de lectura":"2 minutos"},"schema":{"@context":"https:\/\/schema.org","@graph":[{"@type":"WebPage","@id":"https:\/\/www.bagnoitalia.com\/es\/producto\/mini-piscina-con-hidromasaje-y-aire-acondicionado-230x230-con-6-asientos-de-ozonoterapia-con-calentador-led.html","url":"https:\/\/www.bagnoitalia.com\/es\/producto\/mini-piscina-con-hidromasaje-y-aire-acondicionado-230x230-con-6-asientos-de-ozonoterapia-con-calentador-led.html","name":"Jacuzzi Piscina de Hidromasaje para 6 personas 230x230cm, 56 chorros","isPartOf":{"@id":"https:\/\/www.bagnoitalia.com\/es#website"},"primaryImageOfPage":{"@id":"https:\/\/www.bagnoitalia.com\/es\/producto\/mini-piscina-con-hidromasaje-y-aire-acondicionado-230x230-con-6-asientos-de-ozonoterapia-con-calentador-led.html#primaryimage"},"image":{"@id":"https:\/\/www.bagnoitalia.com\/es\/producto\/mini-piscina-con-hidromasaje-y-aire-acondicionado-230x230-con-6-asientos-de-ozonoterapia-con-calentador-led.html#primaryimage"},"thumbnailUrl":"https:\/\/img.bagnoitalia.com\/wp-content\/uploads\/1-226.webp","datePublished":"2014-02-02T14:02:06+00:00","dateModified":"2025-06-16T14:14:35+00:00","description":"Jacuzzi Piscina de hidromasaje con agua y aire, en acr\u00edlico, dimensiones 230x230x93cm con 56 chorros de aluminio, ideal para 6 personas.","breadcrumb":{"@id":"https:\/\/www.bagnoitalia.com\/es\/producto\/mini-piscina-con-hidromasaje-y-aire-acondicionado-230x230-con-6-asientos-de-ozonoterapia-con-calentador-led.html#breadcrumb"},"inLanguage":"es","potentialAction":[{"@type":"ReadAction","target":["https:\/\/www.bagnoitalia.com\/es\/producto\/mini-piscina-con-hidromasaje-y-aire-acondicionado-230x230-con-6-asientos-de-ozonoterapia-con-calentador-led.html"]}]},{"@type":"ImageObject","inLanguage":"es","@id":"https:\/\/www.bagnoitalia.com\/es\/producto\/mini-piscina-con-hidromasaje-y-aire-acondicionado-230x230-con-6-asientos-de-ozonoterapia-con-calentador-led.html#primaryimage","url":"https:\/\/img.bagnoitalia.com\/wp-content\/uploads\/1-226.webp","contentUrl":"https:\/\/img.bagnoitalia.com\/wp-content\/uploads\/1-226.webp","width":1000,"height":1000},{"@type":"BreadcrumbList","@id":"https:\/\/www.bagnoitalia.com\/es\/producto\/mini-piscina-con-hidromasaje-y-aire-acondicionado-230x230-con-6-asientos-de-ozonoterapia-con-calentador-led.html#breadcrumb","itemListElement":[{"@type":"ListItem","position":1,"name":"Home","item":"https:\/\/www.bagnoitalia.com\/es"},{"@type":"ListItem","position":2,"name":"Productos","item":"https:\/\/www.bagnoitalia.com\/es\/shop"},{"@type":"ListItem","position":3,"name":"Mini piscina con hidromasaje de agua y aire 230&#215;230 con 6 asientos Desinfectante UV LED calentador MP04"}]},{"@type":"WebSite","@id":"https:\/\/www.bagnoitalia.com\/es#website","url":"https:\/\/www.bagnoitalia.com\/es","name":"Bagno Italia","description":"","publisher":{"@id":"https:\/\/www.bagnoitalia.com\/es#organization"},"potentialAction":[{"@type":"SearchAction","target":{"@type":"EntryPoint","urlTemplate":"https:\/\/www.bagnoitalia.com\/es?s={search_term_string}"},"query-input":{"@type":"PropertyValueSpecification","valueRequired":true,"valueName":"search_term_string"}}],"inLanguage":"es"},{"@type":"Organization","@id":"https:\/\/www.bagnoitalia.com\/es#organization","name":"Bagno Italia","url":"https:\/\/www.bagnoitalia.com\/es","logo":{"@type":"ImageObject","inLanguage":"es","@id":"https:\/\/www.bagnoitalia.com\/es#\/schema\/logo\/image\/","url":"https:\/\/img.bagnoitalia.com\/wp-content\/uploads\/logo-bagnoitalia.webp","contentUrl":"https:\/\/img.bagnoitalia.com\/wp-content\/uploads\/logo-bagnoitalia.webp","width":400,"height":70,"caption":"Bagno Italia"},"image":{"@id":"https:\/\/www.bagnoitalia.com\/es#\/schema\/logo\/image\/"}}]}},"_links":{"self":[{"href":"https:\/\/www.bagnoitalia.com\/es\/wp-json\/wp\/v2\/product\/78632","targetHints":{"allow":["GET"]}}],"collection":[{"href":"https:\/\/www.bagnoitalia.com\/es\/wp-json\/wp\/v2\/product"}],"about":[{"href":"https:\/\/www.bagnoitalia.com\/es\/wp-json\/wp\/v2\/types\/product"}],"replies":[{"embeddable":true,"href":"https:\/\/www.bagnoitalia.com\/es\/wp-json\/wp\/v2\/comments?post=78632"}],"version-history":[{"count":4,"href":"https:\/\/www.bagnoitalia.com\/es\/wp-json\/wp\/v2\/product\/78632\/revisions"}],"predecessor-version":[{"id":109064,"href":"https:\/\/www.bagnoitalia.com\/es\/wp-json\/wp\/v2\/product\/78632\/revisions\/109064"}],"wp:featuredmedia":[{"embeddable":true,"href":"https:\/\/www.bagnoitalia.com\/es\/wp-json\/wp\/v2\/media\/103789"}],"wp:attachment":[{"href":"https:\/\/www.bagnoitalia.com\/es\/wp-json\/wp\/v2\/media?parent=78632"}],"wp:term":[{"taxonomy":"product_brand","embeddable":true,"href":"https:\/\/www.bagnoitalia.com\/es\/wp-json\/wp\/v2\/product_brand?post=78632"},{"taxonomy":"product_cat","embeddable":true,"href":"https:\/\/www.bagnoitalia.com\/es\/wp-json\/wp\/v2\/product_cat?post=78632"},{"taxonomy":"product_tag","embeddable":true,"href":"https:\/\/www.bagnoitalia.com\/es\/wp-json\/wp\/v2\/product_tag?post=78632"}],"curies":[{"name":"wp","href":"https:\/\/api.w.org\/{rel}","templated":true}]}}