{"id":78496,"date":"2014-01-10T16:00:09","date_gmt":"2014-01-10T15:00:09","guid":{"rendered":"https:\/\/www.bagnoitalia.com\/product\/banera-de-hidromasaje-de-152x152-completa-opcional-con-calentador-de-cromoterapia-con-agua-y-aire-acondicionado"},"modified":"2025-04-22T16:55:16","modified_gmt":"2025-04-22T14:55:16","slug":"banera-de-hidromasaje-de-152x152-completa-opcional-con-calentador-de-cromoterapia-con-agua-y-aire-acondicionado","status":"publish","type":"product","link":"https:\/\/www.bagnoitalia.com\/es\/producto\/banera-de-hidromasaje-de-152x152-completa-opcional-con-calentador-de-cromoterapia-con-agua-y-aire-acondicionado.html","title":{"rendered":"Ba\u00f1era de hidromasaje de 152&#215;152 completa opcional con calentador de cromoterapia con agua y aire acondicionado"},"content":{"rendered":"<p> <strong>Tina de hidromasaje 152&#215;152 full opcional.<\/strong> <\/p>\n<p> <strong><span style=\"text-decoration: underline;\"><span style=\"color: #ff0000; text-decoration: underline;\">ATENCI\u00d3N: <span style=\"color: #0000ff; text-decoration: underline;\">modelo disponible a partir de MAYO 2015.<\/span><\/span><\/span><\/strong> <\/p>\n<p> <strong>Caracter\u00edsticas tecnicas<\/strong> <\/p>\n<ul>\n<li> Dimensiones de la ba\u00f1era: 152x152cm de base. <\/li>\n<li> Estructura acr\u00edlica de 5mm reforzada con 3 capas de fibra de vidrio. <\/li>\n<li> Bastidor del tanque completamente en acero inoxidable. <\/li>\n<li> Bombas de hidromasaje y de hidromasaje que pueden ser operadas por separado. <\/li>\n<li> Sistema de control neum\u00e1tico de la intensidad de la bomba de hidromasaje. <\/li>\n<li> Grifos de ba\u00f1era con mezclador termost\u00e1tico y desviador de 4 v\u00edas (apagado, cascada, grifo, ducha) <\/li>\n<li> Grifo de cascada incluido <\/li>\n<li> Estabilizador digital de temperatura que mantiene el agua caliente durante la duraci\u00f3n del ba\u00f1o. <\/li>\n<li> Radio FM con almacenamiento de canales <\/li>\n<li> Disyuntor autom\u00e1tico <\/li>\n<li> 8 sopladores de aire cromados <\/li>\n<li> 4 ba\u00f1eras de hidromasaje Hydro-jet + 8 mini chorros de hidromasaje cromados <\/li>\n<li> Focos empotrables LED de 3 RGB para cromoterapia <\/li>\n<li> Sistema de desinfecci\u00f3n y esterilizaci\u00f3n con ozono. <\/li>\n<\/ul>\n","protected":false},"excerpt":{"rendered":"<p>Tina de hidromasaje de 152&#215;152 completa opcional con 22 chorros, doble bomba, hidromasaje de agua y aire, cromoterapia, calentador de agua<\/p>\n","protected":false},"featured_media":20006,"comment_status":"open","ping_status":"closed","template":"","meta":[],"product_brand":[],"product_cat":[15,10117],"product_tag":[],"class_list":{"0":"post-78496","1":"product","2":"type-product","3":"status-publish","4":"has-post-thumbnail","6":"product_cat-senza-categoria","7":"product_cat-senza-categoria-es","9":"first","10":"outofstock","11":"taxable","12":"shipping-taxable","13":"purchasable","14":"product-type-simple"},"exclude_global_add_ons":[],"addons":[],"yoast_head":"<!-- This site is optimized with the Yoast SEO plugin v26.7 - https:\/\/yoast.com\/wordpress\/plugins\/seo\/ -->\n<title>Ba\u00f1era de hidromasaje 152x152 Full opcional con calefactor de cromoterapia doble bomba de hidromasaje pa<\/title>\n<meta name=\"description\" content=\"Ba\u00f1era de hidromasaje de 152x152 cm, versi\u00f3n opcional, con cromoterapia, calefactor, bomba de agua doble y aire de hidromasaje de 20 chorros.\" \/>\n<meta name=\"robots\" content=\"index, follow, max-snippet:-1, max-image-preview:large, max-video-preview:-1\" \/>\n<link rel=\"canonical\" href=\"https:\/\/www.bagnoitalia.com\/es\/producto\/banera-de-hidromasaje-de-152x152-completa-opcional-con-calentador-de-cromoterapia-con-agua-y-aire-acondicionado.html\" \/>\n<meta property=\"og:locale\" content=\"es_ES\" \/>\n<meta property=\"og:type\" content=\"article\" \/>\n<meta property=\"og:title\" content=\"Ba\u00f1era de hidromasaje 152x152 Full opcional con calefactor de cromoterapia doble bomba de hidromasaje pa\" \/>\n<meta property=\"og:description\" content=\"Ba\u00f1era de hidromasaje de 152x152 cm, versi\u00f3n opcional, con cromoterapia, calefactor, bomba de agua doble y aire de hidromasaje de 20 chorros.\" \/>\n<meta property=\"og:url\" content=\"https:\/\/www.bagnoitalia.com\/es\/producto\/banera-de-hidromasaje-de-152x152-completa-opcional-con-calentador-de-cromoterapia-con-agua-y-aire-acondicionado.html\" \/>\n<meta property=\"og:site_name\" content=\"Bagno Italia\" \/>\n<meta property=\"article:modified_time\" content=\"2025-04-22T14:55:16+00:00\" \/>\n<meta property=\"og:image\" content=\"https:\/\/img.bagnoitalia.com\/wp-content\/uploads\/virtuemart\/product\/1-non-disponibile78.jpg\" \/>\n\t<meta property=\"og:image:width\" content=\"345\" \/>\n\t<meta property=\"og:image:height\" content=\"315\" \/>\n\t<meta property=\"og:image:type\" content=\"image\/jpeg\" \/>\n<meta name=\"twitter:card\" content=\"summary_large_image\" \/>\n<meta name=\"twitter:label1\" content=\"Tiempo de lectura\" \/>\n\t<meta name=\"twitter:data1\" content=\"1 minuto\" \/>\n<script type=\"application\/ld+json\" class=\"yoast-schema-graph\">{\"@context\":\"https:\/\/schema.org\",\"@graph\":[{\"@type\":\"WebPage\",\"@id\":\"https:\/\/www.bagnoitalia.com\/es\/producto\/banera-de-hidromasaje-de-152x152-completa-opcional-con-calentador-de-cromoterapia-con-agua-y-aire-acondicionado.html\",\"url\":\"https:\/\/www.bagnoitalia.com\/es\/producto\/banera-de-hidromasaje-de-152x152-completa-opcional-con-calentador-de-cromoterapia-con-agua-y-aire-acondicionado.html\",\"name\":\"Ba\u00f1era de hidromasaje 152x152 Full opcional con calefactor de cromoterapia doble bomba de hidromasaje pa\",\"isPartOf\":{\"@id\":\"https:\/\/www.bagnoitalia.com\/es#website\"},\"primaryImageOfPage\":{\"@id\":\"https:\/\/www.bagnoitalia.com\/es\/producto\/banera-de-hidromasaje-de-152x152-completa-opcional-con-calentador-de-cromoterapia-con-agua-y-aire-acondicionado.html#primaryimage\"},\"image\":{\"@id\":\"https:\/\/www.bagnoitalia.com\/es\/producto\/banera-de-hidromasaje-de-152x152-completa-opcional-con-calentador-de-cromoterapia-con-agua-y-aire-acondicionado.html#primaryimage\"},\"thumbnailUrl\":\"https:\/\/img.bagnoitalia.com\/wp-content\/uploads\/virtuemart\/product\/1-non-disponibile78.jpg\",\"datePublished\":\"2014-01-10T15:00:09+00:00\",\"dateModified\":\"2025-04-22T14:55:16+00:00\",\"description\":\"Ba\u00f1era de hidromasaje de 152x152 cm, versi\u00f3n opcional, con cromoterapia, calefactor, bomba de agua doble y aire de hidromasaje de 20 chorros.\",\"breadcrumb\":{\"@id\":\"https:\/\/www.bagnoitalia.com\/es\/producto\/banera-de-hidromasaje-de-152x152-completa-opcional-con-calentador-de-cromoterapia-con-agua-y-aire-acondicionado.html#breadcrumb\"},\"inLanguage\":\"es\",\"potentialAction\":[{\"@type\":\"ReadAction\",\"target\":[\"https:\/\/www.bagnoitalia.com\/es\/producto\/banera-de-hidromasaje-de-152x152-completa-opcional-con-calentador-de-cromoterapia-con-agua-y-aire-acondicionado.html\"]}]},{\"@type\":\"ImageObject\",\"inLanguage\":\"es\",\"@id\":\"https:\/\/www.bagnoitalia.com\/es\/producto\/banera-de-hidromasaje-de-152x152-completa-opcional-con-calentador-de-cromoterapia-con-agua-y-aire-acondicionado.html#primaryimage\",\"url\":\"https:\/\/img.bagnoitalia.com\/wp-content\/uploads\/virtuemart\/product\/1-non-disponibile78.jpg\",\"contentUrl\":\"https:\/\/img.bagnoitalia.com\/wp-content\/uploads\/virtuemart\/product\/1-non-disponibile78.jpg\",\"width\":345,\"height\":315},{\"@type\":\"BreadcrumbList\",\"@id\":\"https:\/\/www.bagnoitalia.com\/es\/producto\/banera-de-hidromasaje-de-152x152-completa-opcional-con-calentador-de-cromoterapia-con-agua-y-aire-acondicionado.html#breadcrumb\",\"itemListElement\":[{\"@type\":\"ListItem\",\"position\":1,\"name\":\"Home\",\"item\":\"https:\/\/www.bagnoitalia.com\/es\"},{\"@type\":\"ListItem\",\"position\":2,\"name\":\"Productos\",\"item\":\"https:\/\/www.bagnoitalia.com\/es\/shop\"},{\"@type\":\"ListItem\",\"position\":3,\"name\":\"Ba\u00f1era de hidromasaje de 152&#215;152 completa opcional con calentador de cromoterapia con agua y aire acondicionado\"}]},{\"@type\":\"WebSite\",\"@id\":\"https:\/\/www.bagnoitalia.com\/es#website\",\"url\":\"https:\/\/www.bagnoitalia.com\/es\",\"name\":\"Bagno Italia\",\"description\":\"\",\"publisher\":{\"@id\":\"https:\/\/www.bagnoitalia.com\/es#organization\"},\"potentialAction\":[{\"@type\":\"SearchAction\",\"target\":{\"@type\":\"EntryPoint\",\"urlTemplate\":\"https:\/\/www.bagnoitalia.com\/es?s={search_term_string}\"},\"query-input\":{\"@type\":\"PropertyValueSpecification\",\"valueRequired\":true,\"valueName\":\"search_term_string\"}}],\"inLanguage\":\"es\"},{\"@type\":\"Organization\",\"@id\":\"https:\/\/www.bagnoitalia.com\/es#organization\",\"name\":\"Bagno Italia\",\"url\":\"https:\/\/www.bagnoitalia.com\/es\",\"logo\":{\"@type\":\"ImageObject\",\"inLanguage\":\"es\",\"@id\":\"https:\/\/www.bagnoitalia.com\/es#\/schema\/logo\/image\/\",\"url\":\"https:\/\/img.bagnoitalia.com\/wp-content\/uploads\/logo-bagnoitalia.webp\",\"contentUrl\":\"https:\/\/img.bagnoitalia.com\/wp-content\/uploads\/logo-bagnoitalia.webp\",\"width\":400,\"height\":70,\"caption\":\"Bagno Italia\"},\"image\":{\"@id\":\"https:\/\/www.bagnoitalia.com\/es#\/schema\/logo\/image\/\"}}]}<\/script>\n<!-- \/ Yoast SEO plugin. -->","yoast_head_json":{"title":"Ba\u00f1era de hidromasaje 152x152 Full opcional con calefactor de cromoterapia doble bomba de hidromasaje pa","description":"Ba\u00f1era de hidromasaje de 152x152 cm, versi\u00f3n opcional, con cromoterapia, calefactor, bomba de agua doble y aire de hidromasaje de 20 chorros.","robots":{"index":"index","follow":"follow","max-snippet":"max-snippet:-1","max-image-preview":"max-image-preview:large","max-video-preview":"max-video-preview:-1"},"canonical":"https:\/\/www.bagnoitalia.com\/es\/producto\/banera-de-hidromasaje-de-152x152-completa-opcional-con-calentador-de-cromoterapia-con-agua-y-aire-acondicionado.html","og_locale":"es_ES","og_type":"article","og_title":"Ba\u00f1era de hidromasaje 152x152 Full opcional con calefactor de cromoterapia doble bomba de hidromasaje pa","og_description":"Ba\u00f1era de hidromasaje de 152x152 cm, versi\u00f3n opcional, con cromoterapia, calefactor, bomba de agua doble y aire de hidromasaje de 20 chorros.","og_url":"https:\/\/www.bagnoitalia.com\/es\/producto\/banera-de-hidromasaje-de-152x152-completa-opcional-con-calentador-de-cromoterapia-con-agua-y-aire-acondicionado.html","og_site_name":"Bagno Italia","article_modified_time":"2025-04-22T14:55:16+00:00","og_image":[{"width":345,"height":315,"url":"https:\/\/img.bagnoitalia.com\/wp-content\/uploads\/virtuemart\/product\/1-non-disponibile78.jpg","type":"image\/jpeg"}],"twitter_card":"summary_large_image","twitter_misc":{"Tiempo de lectura":"1 minuto"},"schema":{"@context":"https:\/\/schema.org","@graph":[{"@type":"WebPage","@id":"https:\/\/www.bagnoitalia.com\/es\/producto\/banera-de-hidromasaje-de-152x152-completa-opcional-con-calentador-de-cromoterapia-con-agua-y-aire-acondicionado.html","url":"https:\/\/www.bagnoitalia.com\/es\/producto\/banera-de-hidromasaje-de-152x152-completa-opcional-con-calentador-de-cromoterapia-con-agua-y-aire-acondicionado.html","name":"Ba\u00f1era de hidromasaje 152x152 Full opcional con calefactor de cromoterapia doble bomba de hidromasaje pa","isPartOf":{"@id":"https:\/\/www.bagnoitalia.com\/es#website"},"primaryImageOfPage":{"@id":"https:\/\/www.bagnoitalia.com\/es\/producto\/banera-de-hidromasaje-de-152x152-completa-opcional-con-calentador-de-cromoterapia-con-agua-y-aire-acondicionado.html#primaryimage"},"image":{"@id":"https:\/\/www.bagnoitalia.com\/es\/producto\/banera-de-hidromasaje-de-152x152-completa-opcional-con-calentador-de-cromoterapia-con-agua-y-aire-acondicionado.html#primaryimage"},"thumbnailUrl":"https:\/\/img.bagnoitalia.com\/wp-content\/uploads\/virtuemart\/product\/1-non-disponibile78.jpg","datePublished":"2014-01-10T15:00:09+00:00","dateModified":"2025-04-22T14:55:16+00:00","description":"Ba\u00f1era de hidromasaje de 152x152 cm, versi\u00f3n opcional, con cromoterapia, calefactor, bomba de agua doble y aire de hidromasaje de 20 chorros.","breadcrumb":{"@id":"https:\/\/www.bagnoitalia.com\/es\/producto\/banera-de-hidromasaje-de-152x152-completa-opcional-con-calentador-de-cromoterapia-con-agua-y-aire-acondicionado.html#breadcrumb"},"inLanguage":"es","potentialAction":[{"@type":"ReadAction","target":["https:\/\/www.bagnoitalia.com\/es\/producto\/banera-de-hidromasaje-de-152x152-completa-opcional-con-calentador-de-cromoterapia-con-agua-y-aire-acondicionado.html"]}]},{"@type":"ImageObject","inLanguage":"es","@id":"https:\/\/www.bagnoitalia.com\/es\/producto\/banera-de-hidromasaje-de-152x152-completa-opcional-con-calentador-de-cromoterapia-con-agua-y-aire-acondicionado.html#primaryimage","url":"https:\/\/img.bagnoitalia.com\/wp-content\/uploads\/virtuemart\/product\/1-non-disponibile78.jpg","contentUrl":"https:\/\/img.bagnoitalia.com\/wp-content\/uploads\/virtuemart\/product\/1-non-disponibile78.jpg","width":345,"height":315},{"@type":"BreadcrumbList","@id":"https:\/\/www.bagnoitalia.com\/es\/producto\/banera-de-hidromasaje-de-152x152-completa-opcional-con-calentador-de-cromoterapia-con-agua-y-aire-acondicionado.html#breadcrumb","itemListElement":[{"@type":"ListItem","position":1,"name":"Home","item":"https:\/\/www.bagnoitalia.com\/es"},{"@type":"ListItem","position":2,"name":"Productos","item":"https:\/\/www.bagnoitalia.com\/es\/shop"},{"@type":"ListItem","position":3,"name":"Ba\u00f1era de hidromasaje de 152&#215;152 completa opcional con calentador de cromoterapia con agua y aire acondicionado"}]},{"@type":"WebSite","@id":"https:\/\/www.bagnoitalia.com\/es#website","url":"https:\/\/www.bagnoitalia.com\/es","name":"Bagno Italia","description":"","publisher":{"@id":"https:\/\/www.bagnoitalia.com\/es#organization"},"potentialAction":[{"@type":"SearchAction","target":{"@type":"EntryPoint","urlTemplate":"https:\/\/www.bagnoitalia.com\/es?s={search_term_string}"},"query-input":{"@type":"PropertyValueSpecification","valueRequired":true,"valueName":"search_term_string"}}],"inLanguage":"es"},{"@type":"Organization","@id":"https:\/\/www.bagnoitalia.com\/es#organization","name":"Bagno Italia","url":"https:\/\/www.bagnoitalia.com\/es","logo":{"@type":"ImageObject","inLanguage":"es","@id":"https:\/\/www.bagnoitalia.com\/es#\/schema\/logo\/image\/","url":"https:\/\/img.bagnoitalia.com\/wp-content\/uploads\/logo-bagnoitalia.webp","contentUrl":"https:\/\/img.bagnoitalia.com\/wp-content\/uploads\/logo-bagnoitalia.webp","width":400,"height":70,"caption":"Bagno Italia"},"image":{"@id":"https:\/\/www.bagnoitalia.com\/es#\/schema\/logo\/image\/"}}]}},"_links":{"self":[{"href":"https:\/\/www.bagnoitalia.com\/es\/wp-json\/wp\/v2\/product\/78496","targetHints":{"allow":["GET"]}}],"collection":[{"href":"https:\/\/www.bagnoitalia.com\/es\/wp-json\/wp\/v2\/product"}],"about":[{"href":"https:\/\/www.bagnoitalia.com\/es\/wp-json\/wp\/v2\/types\/product"}],"replies":[{"embeddable":true,"href":"https:\/\/www.bagnoitalia.com\/es\/wp-json\/wp\/v2\/comments?post=78496"}],"version-history":[{"count":0,"href":"https:\/\/www.bagnoitalia.com\/es\/wp-json\/wp\/v2\/product\/78496\/revisions"}],"wp:featuredmedia":[{"embeddable":true,"href":"https:\/\/www.bagnoitalia.com\/es\/wp-json\/wp\/v2\/media\/20006"}],"wp:attachment":[{"href":"https:\/\/www.bagnoitalia.com\/es\/wp-json\/wp\/v2\/media?parent=78496"}],"wp:term":[{"taxonomy":"product_brand","embeddable":true,"href":"https:\/\/www.bagnoitalia.com\/es\/wp-json\/wp\/v2\/product_brand?post=78496"},{"taxonomy":"product_cat","embeddable":true,"href":"https:\/\/www.bagnoitalia.com\/es\/wp-json\/wp\/v2\/product_cat?post=78496"},{"taxonomy":"product_tag","embeddable":true,"href":"https:\/\/www.bagnoitalia.com\/es\/wp-json\/wp\/v2\/product_tag?post=78496"}],"curies":[{"name":"wp","href":"https:\/\/api.w.org\/{rel}","templated":true}]}}