{"id":78420,"date":"2014-02-24T10:41:34","date_gmt":"2014-02-24T09:41:34","guid":{"rendered":"https:\/\/www.bagnoitalia.com\/product\/bide-y-aplique-suspendidos-de-ceramica-de-ceramica-modelo-bagno-italia-lotus"},"modified":"2025-07-06T23:34:21","modified_gmt":"2025-07-06T21:34:21","slug":"bide-y-aplique-suspendidos-de-ceramica-de-ceramica-modelo-bagno-italia-lotus","status":"publish","type":"product","link":"https:\/\/www.bagnoitalia.com\/es\/producto\/bide-y-aplique-suspendidos-de-ceramica-de-ceramica-modelo-bagno-italia-lotus.html","title":{"rendered":"Inodoro y Bidet modelo Loto suspendidos en cer\u00e1mica, de Bagno Italia"},"content":{"rendered":"<p><strong><span style=\"font-size: 12pt;\"><span style=\"color: #ff0000;\"><\/span><br \/><\/span><\/strong><\/p>\n<p><strong>Loto modelo de pared suspendido wc con asiento de inodoro con cierre suave<\/strong><\/p>\n<\/p>\n<p><strong>El precio anterior incluye:<\/strong><\/p>\n<\/p>\n<p>1 Inodoro de cer\u00e1mica n \u00b0 1 (Taza de dimensiones: 57x35x33)<\/p>\n<p>1 bid\u00e9 de cer\u00e1mica (tama\u00f1o del bid\u00e9: 57x35x33)<\/p>\n<p>Asiento de inodoro n \u00b0 1 (dimensiones internas: 46.5 x 35.5)<\/p>\n<\/p>\n<ul>\n<li>Agua suspendida en cer\u00e1mica con un dise\u00f1o moderno.<\/li>\n<li>Cubierta de inodoro con sistema \u00absoft-close\u00bb Cierre suave<\/li>\n<\/ul>\n<p><span style=\"text-decoration: underline;\"><span style=\"color: #ff0000;\"><strong><span style=\"color: #0000ff; text-decoration: underline;\"><\/span><\/strong><\/span><\/span><\/p>\n<\/p>\n<p>Excluyendo los soportes de fijaci\u00f3n, tipo universal, f\u00e1cilmente disponibles en cualquier taller hidr\u00e1ulico<\/p>\n","protected":false},"excerpt":{"rendered":"<p>Sanitarios suspendidos de Ba\u00f1o Italia, Tapa de asiento con cierre amortiguado.<\/p>\n","protected":false},"featured_media":19354,"comment_status":"open","ping_status":"closed","template":"","meta":[],"product_brand":[9920],"product_cat":[15,10117],"product_tag":[],"class_list":{"0":"post-78420","1":"product","2":"type-product","3":"status-publish","4":"has-post-thumbnail","6":"product_brand-goccioline-ambrosia-group-es","7":"product_cat-senza-categoria","8":"product_cat-senza-categoria-es","10":"first","11":"outofstock","12":"taxable","13":"shipping-taxable","14":"purchasable","15":"product-type-simple"},"exclude_global_add_ons":false,"addons":[{"name":"CAMPI_VASO_E_BIDET\r\n","type":"select","position":0,"required":true,"title_format":"label","default":"","description_enable":false,"description":"","placeholder_enable":false,"placeholder":"","display":"select","restrictions_type":"any_text","adjust_price":false,"price":"","price_type":"","restrictions":false,"min":"0","max":"0","options":[]}],"yoast_head":"<!-- This site is optimized with the Yoast SEO plugin v26.7 - https:\/\/yoast.com\/wordpress\/plugins\/seo\/ -->\n<title>Bid\u00e9 e inodoro suspendido de cer\u00e1mica Loto go.<\/title>\n<meta name=\"description\" content=\"Bid\u00e9 y aplique suspendido de cer\u00e1mica WC Loto, dise\u00f1o moderno, con asiento acolchado,\" \/>\n<meta name=\"robots\" content=\"index, follow, max-snippet:-1, max-image-preview:large, max-video-preview:-1\" \/>\n<link rel=\"canonical\" href=\"https:\/\/www.bagnoitalia.com\/es\/producto\/bide-y-aplique-suspendidos-de-ceramica-de-ceramica-modelo-bagno-italia-lotus.html\" \/>\n<meta property=\"og:locale\" content=\"es_ES\" \/>\n<meta property=\"og:type\" content=\"article\" \/>\n<meta property=\"og:title\" content=\"Bid\u00e9 e inodoro suspendido de cer\u00e1mica Loto go.\" \/>\n<meta property=\"og:description\" content=\"Bid\u00e9 y aplique suspendido de cer\u00e1mica WC Loto, dise\u00f1o moderno, con asiento acolchado,\" \/>\n<meta property=\"og:url\" content=\"https:\/\/www.bagnoitalia.com\/es\/producto\/bide-y-aplique-suspendidos-de-ceramica-de-ceramica-modelo-bagno-italia-lotus.html\" \/>\n<meta property=\"og:site_name\" content=\"Bagno Italia\" \/>\n<meta property=\"article:modified_time\" content=\"2025-07-06T21:34:21+00:00\" \/>\n<meta property=\"og:image\" content=\"https:\/\/img.bagnoitalia.com\/wp-content\/uploads\/virtuemart\/product\/Loto-model-sanitary-1_1540983086_134.jpg\" \/>\n\t<meta property=\"og:image:width\" content=\"444\" \/>\n\t<meta property=\"og:image:height\" content=\"444\" \/>\n\t<meta property=\"og:image:type\" content=\"image\/jpeg\" \/>\n<meta name=\"twitter:card\" content=\"summary_large_image\" \/>\n<script type=\"application\/ld+json\" class=\"yoast-schema-graph\">{\"@context\":\"https:\/\/schema.org\",\"@graph\":[{\"@type\":\"WebPage\",\"@id\":\"https:\/\/www.bagnoitalia.com\/es\/producto\/bide-y-aplique-suspendidos-de-ceramica-de-ceramica-modelo-bagno-italia-lotus.html\",\"url\":\"https:\/\/www.bagnoitalia.com\/es\/producto\/bide-y-aplique-suspendidos-de-ceramica-de-ceramica-modelo-bagno-italia-lotus.html\",\"name\":\"Bid\u00e9 e inodoro suspendido de cer\u00e1mica Loto go.\",\"isPartOf\":{\"@id\":\"https:\/\/www.bagnoitalia.com\/es#website\"},\"primaryImageOfPage\":{\"@id\":\"https:\/\/www.bagnoitalia.com\/es\/producto\/bide-y-aplique-suspendidos-de-ceramica-de-ceramica-modelo-bagno-italia-lotus.html#primaryimage\"},\"image\":{\"@id\":\"https:\/\/www.bagnoitalia.com\/es\/producto\/bide-y-aplique-suspendidos-de-ceramica-de-ceramica-modelo-bagno-italia-lotus.html#primaryimage\"},\"thumbnailUrl\":\"https:\/\/img.bagnoitalia.com\/wp-content\/uploads\/virtuemart\/product\/Loto-model-sanitary-1_1540983086_134.jpg\",\"datePublished\":\"2014-02-24T09:41:34+00:00\",\"dateModified\":\"2025-07-06T21:34:21+00:00\",\"description\":\"Bid\u00e9 y aplique suspendido de cer\u00e1mica WC Loto, dise\u00f1o moderno, con asiento acolchado,\",\"breadcrumb\":{\"@id\":\"https:\/\/www.bagnoitalia.com\/es\/producto\/bide-y-aplique-suspendidos-de-ceramica-de-ceramica-modelo-bagno-italia-lotus.html#breadcrumb\"},\"inLanguage\":\"es\",\"potentialAction\":[{\"@type\":\"ReadAction\",\"target\":[\"https:\/\/www.bagnoitalia.com\/es\/producto\/bide-y-aplique-suspendidos-de-ceramica-de-ceramica-modelo-bagno-italia-lotus.html\"]}]},{\"@type\":\"ImageObject\",\"inLanguage\":\"es\",\"@id\":\"https:\/\/www.bagnoitalia.com\/es\/producto\/bide-y-aplique-suspendidos-de-ceramica-de-ceramica-modelo-bagno-italia-lotus.html#primaryimage\",\"url\":\"https:\/\/img.bagnoitalia.com\/wp-content\/uploads\/virtuemart\/product\/Loto-model-sanitary-1_1540983086_134.jpg\",\"contentUrl\":\"https:\/\/img.bagnoitalia.com\/wp-content\/uploads\/virtuemart\/product\/Loto-model-sanitary-1_1540983086_134.jpg\",\"width\":444,\"height\":444},{\"@type\":\"BreadcrumbList\",\"@id\":\"https:\/\/www.bagnoitalia.com\/es\/producto\/bide-y-aplique-suspendidos-de-ceramica-de-ceramica-modelo-bagno-italia-lotus.html#breadcrumb\",\"itemListElement\":[{\"@type\":\"ListItem\",\"position\":1,\"name\":\"Home\",\"item\":\"https:\/\/www.bagnoitalia.com\/es\"},{\"@type\":\"ListItem\",\"position\":2,\"name\":\"Productos\",\"item\":\"https:\/\/www.bagnoitalia.com\/es\/shop\"},{\"@type\":\"ListItem\",\"position\":3,\"name\":\"Inodoro y Bidet modelo Loto suspendidos en cer\u00e1mica, de Bagno Italia\"}]},{\"@type\":\"WebSite\",\"@id\":\"https:\/\/www.bagnoitalia.com\/es#website\",\"url\":\"https:\/\/www.bagnoitalia.com\/es\",\"name\":\"Bagno Italia\",\"description\":\"\",\"publisher\":{\"@id\":\"https:\/\/www.bagnoitalia.com\/es#organization\"},\"potentialAction\":[{\"@type\":\"SearchAction\",\"target\":{\"@type\":\"EntryPoint\",\"urlTemplate\":\"https:\/\/www.bagnoitalia.com\/es?s={search_term_string}\"},\"query-input\":{\"@type\":\"PropertyValueSpecification\",\"valueRequired\":true,\"valueName\":\"search_term_string\"}}],\"inLanguage\":\"es\"},{\"@type\":\"Organization\",\"@id\":\"https:\/\/www.bagnoitalia.com\/es#organization\",\"name\":\"Bagno Italia\",\"url\":\"https:\/\/www.bagnoitalia.com\/es\",\"logo\":{\"@type\":\"ImageObject\",\"inLanguage\":\"es\",\"@id\":\"https:\/\/www.bagnoitalia.com\/es#\/schema\/logo\/image\/\",\"url\":\"https:\/\/img.bagnoitalia.com\/wp-content\/uploads\/logo-bagnoitalia.webp\",\"contentUrl\":\"https:\/\/img.bagnoitalia.com\/wp-content\/uploads\/logo-bagnoitalia.webp\",\"width\":400,\"height\":70,\"caption\":\"Bagno Italia\"},\"image\":{\"@id\":\"https:\/\/www.bagnoitalia.com\/es#\/schema\/logo\/image\/\"}}]}<\/script>\n<!-- \/ Yoast SEO plugin. -->","yoast_head_json":{"title":"Bid\u00e9 e inodoro suspendido de cer\u00e1mica Loto go.","description":"Bid\u00e9 y aplique suspendido de cer\u00e1mica WC Loto, dise\u00f1o moderno, con asiento acolchado,","robots":{"index":"index","follow":"follow","max-snippet":"max-snippet:-1","max-image-preview":"max-image-preview:large","max-video-preview":"max-video-preview:-1"},"canonical":"https:\/\/www.bagnoitalia.com\/es\/producto\/bide-y-aplique-suspendidos-de-ceramica-de-ceramica-modelo-bagno-italia-lotus.html","og_locale":"es_ES","og_type":"article","og_title":"Bid\u00e9 e inodoro suspendido de cer\u00e1mica Loto go.","og_description":"Bid\u00e9 y aplique suspendido de cer\u00e1mica WC Loto, dise\u00f1o moderno, con asiento acolchado,","og_url":"https:\/\/www.bagnoitalia.com\/es\/producto\/bide-y-aplique-suspendidos-de-ceramica-de-ceramica-modelo-bagno-italia-lotus.html","og_site_name":"Bagno Italia","article_modified_time":"2025-07-06T21:34:21+00:00","og_image":[{"width":444,"height":444,"url":"https:\/\/img.bagnoitalia.com\/wp-content\/uploads\/virtuemart\/product\/Loto-model-sanitary-1_1540983086_134.jpg","type":"image\/jpeg"}],"twitter_card":"summary_large_image","schema":{"@context":"https:\/\/schema.org","@graph":[{"@type":"WebPage","@id":"https:\/\/www.bagnoitalia.com\/es\/producto\/bide-y-aplique-suspendidos-de-ceramica-de-ceramica-modelo-bagno-italia-lotus.html","url":"https:\/\/www.bagnoitalia.com\/es\/producto\/bide-y-aplique-suspendidos-de-ceramica-de-ceramica-modelo-bagno-italia-lotus.html","name":"Bid\u00e9 e inodoro suspendido de cer\u00e1mica Loto go.","isPartOf":{"@id":"https:\/\/www.bagnoitalia.com\/es#website"},"primaryImageOfPage":{"@id":"https:\/\/www.bagnoitalia.com\/es\/producto\/bide-y-aplique-suspendidos-de-ceramica-de-ceramica-modelo-bagno-italia-lotus.html#primaryimage"},"image":{"@id":"https:\/\/www.bagnoitalia.com\/es\/producto\/bide-y-aplique-suspendidos-de-ceramica-de-ceramica-modelo-bagno-italia-lotus.html#primaryimage"},"thumbnailUrl":"https:\/\/img.bagnoitalia.com\/wp-content\/uploads\/virtuemart\/product\/Loto-model-sanitary-1_1540983086_134.jpg","datePublished":"2014-02-24T09:41:34+00:00","dateModified":"2025-07-06T21:34:21+00:00","description":"Bid\u00e9 y aplique suspendido de cer\u00e1mica WC Loto, dise\u00f1o moderno, con asiento acolchado,","breadcrumb":{"@id":"https:\/\/www.bagnoitalia.com\/es\/producto\/bide-y-aplique-suspendidos-de-ceramica-de-ceramica-modelo-bagno-italia-lotus.html#breadcrumb"},"inLanguage":"es","potentialAction":[{"@type":"ReadAction","target":["https:\/\/www.bagnoitalia.com\/es\/producto\/bide-y-aplique-suspendidos-de-ceramica-de-ceramica-modelo-bagno-italia-lotus.html"]}]},{"@type":"ImageObject","inLanguage":"es","@id":"https:\/\/www.bagnoitalia.com\/es\/producto\/bide-y-aplique-suspendidos-de-ceramica-de-ceramica-modelo-bagno-italia-lotus.html#primaryimage","url":"https:\/\/img.bagnoitalia.com\/wp-content\/uploads\/virtuemart\/product\/Loto-model-sanitary-1_1540983086_134.jpg","contentUrl":"https:\/\/img.bagnoitalia.com\/wp-content\/uploads\/virtuemart\/product\/Loto-model-sanitary-1_1540983086_134.jpg","width":444,"height":444},{"@type":"BreadcrumbList","@id":"https:\/\/www.bagnoitalia.com\/es\/producto\/bide-y-aplique-suspendidos-de-ceramica-de-ceramica-modelo-bagno-italia-lotus.html#breadcrumb","itemListElement":[{"@type":"ListItem","position":1,"name":"Home","item":"https:\/\/www.bagnoitalia.com\/es"},{"@type":"ListItem","position":2,"name":"Productos","item":"https:\/\/www.bagnoitalia.com\/es\/shop"},{"@type":"ListItem","position":3,"name":"Inodoro y Bidet modelo Loto suspendidos en cer\u00e1mica, de Bagno Italia"}]},{"@type":"WebSite","@id":"https:\/\/www.bagnoitalia.com\/es#website","url":"https:\/\/www.bagnoitalia.com\/es","name":"Bagno Italia","description":"","publisher":{"@id":"https:\/\/www.bagnoitalia.com\/es#organization"},"potentialAction":[{"@type":"SearchAction","target":{"@type":"EntryPoint","urlTemplate":"https:\/\/www.bagnoitalia.com\/es?s={search_term_string}"},"query-input":{"@type":"PropertyValueSpecification","valueRequired":true,"valueName":"search_term_string"}}],"inLanguage":"es"},{"@type":"Organization","@id":"https:\/\/www.bagnoitalia.com\/es#organization","name":"Bagno Italia","url":"https:\/\/www.bagnoitalia.com\/es","logo":{"@type":"ImageObject","inLanguage":"es","@id":"https:\/\/www.bagnoitalia.com\/es#\/schema\/logo\/image\/","url":"https:\/\/img.bagnoitalia.com\/wp-content\/uploads\/logo-bagnoitalia.webp","contentUrl":"https:\/\/img.bagnoitalia.com\/wp-content\/uploads\/logo-bagnoitalia.webp","width":400,"height":70,"caption":"Bagno Italia"},"image":{"@id":"https:\/\/www.bagnoitalia.com\/es#\/schema\/logo\/image\/"}}]}},"_links":{"self":[{"href":"https:\/\/www.bagnoitalia.com\/es\/wp-json\/wp\/v2\/product\/78420","targetHints":{"allow":["GET"]}}],"collection":[{"href":"https:\/\/www.bagnoitalia.com\/es\/wp-json\/wp\/v2\/product"}],"about":[{"href":"https:\/\/www.bagnoitalia.com\/es\/wp-json\/wp\/v2\/types\/product"}],"replies":[{"embeddable":true,"href":"https:\/\/www.bagnoitalia.com\/es\/wp-json\/wp\/v2\/comments?post=78420"}],"version-history":[{"count":0,"href":"https:\/\/www.bagnoitalia.com\/es\/wp-json\/wp\/v2\/product\/78420\/revisions"}],"wp:featuredmedia":[{"embeddable":true,"href":"https:\/\/www.bagnoitalia.com\/es\/wp-json\/wp\/v2\/media\/19354"}],"wp:attachment":[{"href":"https:\/\/www.bagnoitalia.com\/es\/wp-json\/wp\/v2\/media?parent=78420"}],"wp:term":[{"taxonomy":"product_brand","embeddable":true,"href":"https:\/\/www.bagnoitalia.com\/es\/wp-json\/wp\/v2\/product_brand?post=78420"},{"taxonomy":"product_cat","embeddable":true,"href":"https:\/\/www.bagnoitalia.com\/es\/wp-json\/wp\/v2\/product_cat?post=78420"},{"taxonomy":"product_tag","embeddable":true,"href":"https:\/\/www.bagnoitalia.com\/es\/wp-json\/wp\/v2\/product_tag?post=78420"}],"curies":[{"name":"wp","href":"https:\/\/api.w.org\/{rel}","templated":true}]}}