{"id":78368,"date":"2014-03-03T11:14:56","date_gmt":"2014-03-03T10:14:56","guid":{"rendered":"https:\/\/www.bagnoitalia.com\/product\/radiador-radiador-toallero-blanco-80x50-120x50-150x50-180x50"},"modified":"2014-03-03T11:14:56","modified_gmt":"2014-03-03T10:14:56","slug":"radiador-radiador-toallero-blanco-80x50-120x50-150x50-180x50","status":"publish","type":"product","link":"https:\/\/www.bagnoitalia.com\/es\/producto\/radiador-radiador-toallero-blanco-80x50-120x50-150x50-180x50.html","title":{"rendered":"Radiador radiador toallero blanco 80&#215;50 120&#215;50 150&#215;50 180&#215;50"},"content":{"rendered":"<p> Radiador decorativo curvado blanco disponible desde 80&#215;50, 120&#215;50, 150&#215;50, 180&#215;50 <\/p>\n<p> Radiador para muebles en acero pintado de blanco, compuesto por montantes verticales semi-ovalados y bater\u00edas de tubo circular de 22 mm de di\u00e1metro. <\/p>\n<p> <span style=\"font-family: verdana,geneva,sans-serif;\"><strong>&nbsp;<\/strong><\/span> <\/p>\n<p> <span style=\"font-family: verdana,geneva,sans-serif;\"><img decoding=\"async\" src=\"http:\/\/www.allandmore.it\/immagini\/spunta.jpg\" alt=\"\" style=\"height: 15px; width: 15px;\" align=\"absbottom\" \/> Material: tr\u00e1fico blanco RAL 9016<\/span> <\/p>\n<p> <span style=\"font-family: verdana,geneva,sans-serif;\"><img decoding=\"async\" src=\"http:\/\/www.allandmore.it\/immagini\/spunta.jpg\" alt=\"\" style=\"height: 15px; width: 15px;\" align=\"absbottom\" \/> Montantes verticales 30&#215;40 mm, <br \/><\/span> <\/p>\n<p> <span style=\"font-family: verdana,geneva,sans-serif;\"><img decoding=\"async\" src=\"http:\/\/www.allandmore.it\/immagini\/spunta.jpg\" alt=\"\" style=\"height: 15px; width: 15px;\" align=\"absbottom\" \/> Kit de montaje en pared, v\u00e1lvula de ventilaci\u00f3n y una tapa<\/span> <\/p>\n<\/p>\n<p> <span style=\"font-family: verdana,geneva,sans-serif;\">La potencia expresada en kw para el radiador es de 680W. <br \/><\/span> <\/p>\n","protected":false},"excerpt":{"rendered":"<p>Radiador, radiador de sem\u00e1foro blanco curvo 80&#215;50, 120&#215;50, 150&#215;50, 180&#215;50<\/p>\n","protected":false},"featured_media":19010,"comment_status":"open","ping_status":"closed","template":"","meta":[],"product_brand":[],"product_cat":[15],"product_tag":[],"class_list":{"0":"post-78368","1":"product","2":"type-product","3":"status-publish","4":"has-post-thumbnail","6":"product_cat-senza-categoria","8":"first","9":"outofstock","10":"taxable","11":"shipping-taxable","12":"purchasable","13":"product-type-simple"},"exclude_global_add_ons":false,"addons":[{"name":"CAMPI_DIMENSIONI\r\n","type":"select","position":0,"required":true,"title_format":"label","default":"","description_enable":false,"description":"","placeholder_enable":false,"placeholder":"","display":"select","restrictions_type":"any_text","adjust_price":false,"price":"","price_type":"","restrictions":false,"min":"0","max":"0","options":[]}],"yoast_head":"<!-- This site is optimized with the Yoast SEO plugin v26.7 - https:\/\/yoast.com\/wordpress\/plugins\/seo\/ -->\n<title>Radiador de cortina blanco 80x50 120x50 150x50 180x50<\/title>\n<meta name=\"description\" content=\"Radiador radiador toallero 80x50 120x50 150x50 180x50, disponible en blanco o negro y en varios tama\u00f1os. Presi\u00f3n m\u00ednima: 8 bar. \u00a1Compra ahora!\" \/>\n<meta name=\"robots\" content=\"index, follow, max-snippet:-1, max-image-preview:large, max-video-preview:-1\" \/>\n<link rel=\"canonical\" href=\"https:\/\/www.bagnoitalia.com\/es\/producto\/radiador-radiador-toallero-blanco-80x50-120x50-150x50-180x50.html\" \/>\n<meta property=\"og:locale\" content=\"es_ES\" \/>\n<meta property=\"og:type\" content=\"article\" \/>\n<meta property=\"og:title\" content=\"Radiador de cortina blanco 80x50 120x50 150x50 180x50\" \/>\n<meta property=\"og:description\" content=\"Radiador radiador toallero 80x50 120x50 150x50 180x50, disponible en blanco o negro y en varios tama\u00f1os. Presi\u00f3n m\u00ednima: 8 bar. \u00a1Compra ahora!\" \/>\n<meta property=\"og:url\" content=\"https:\/\/www.bagnoitalia.com\/es\/producto\/radiador-radiador-toallero-blanco-80x50-120x50-150x50-180x50.html\" \/>\n<meta property=\"og:site_name\" content=\"Bagno Italia\" \/>\n<meta property=\"og:image\" content=\"https:\/\/img.bagnoitalia.com\/wp-content\/uploads\/virtuemart\/product\/non_disponibile357.jpg\" \/>\n\t<meta property=\"og:image:width\" content=\"345\" \/>\n\t<meta property=\"og:image:height\" content=\"315\" \/>\n\t<meta property=\"og:image:type\" content=\"image\/jpeg\" \/>\n<meta name=\"twitter:card\" content=\"summary_large_image\" \/>\n<script type=\"application\/ld+json\" class=\"yoast-schema-graph\">{\"@context\":\"https:\/\/schema.org\",\"@graph\":[{\"@type\":\"WebPage\",\"@id\":\"https:\/\/www.bagnoitalia.com\/es\/producto\/radiador-radiador-toallero-blanco-80x50-120x50-150x50-180x50.html\",\"url\":\"https:\/\/www.bagnoitalia.com\/es\/producto\/radiador-radiador-toallero-blanco-80x50-120x50-150x50-180x50.html\",\"name\":\"Radiador de cortina blanco 80x50 120x50 150x50 180x50\",\"isPartOf\":{\"@id\":\"https:\/\/www.bagnoitalia.com\/es#website\"},\"primaryImageOfPage\":{\"@id\":\"https:\/\/www.bagnoitalia.com\/es\/producto\/radiador-radiador-toallero-blanco-80x50-120x50-150x50-180x50.html#primaryimage\"},\"image\":{\"@id\":\"https:\/\/www.bagnoitalia.com\/es\/producto\/radiador-radiador-toallero-blanco-80x50-120x50-150x50-180x50.html#primaryimage\"},\"thumbnailUrl\":\"https:\/\/img.bagnoitalia.com\/wp-content\/uploads\/virtuemart\/product\/non_disponibile357.jpg\",\"datePublished\":\"2014-03-03T10:14:56+00:00\",\"description\":\"Radiador radiador toallero 80x50 120x50 150x50 180x50, disponible en blanco o negro y en varios tama\u00f1os. Presi\u00f3n m\u00ednima: 8 bar. \u00a1Compra ahora!\",\"breadcrumb\":{\"@id\":\"https:\/\/www.bagnoitalia.com\/es\/producto\/radiador-radiador-toallero-blanco-80x50-120x50-150x50-180x50.html#breadcrumb\"},\"inLanguage\":\"es\",\"potentialAction\":[{\"@type\":\"ReadAction\",\"target\":[\"https:\/\/www.bagnoitalia.com\/es\/producto\/radiador-radiador-toallero-blanco-80x50-120x50-150x50-180x50.html\"]}]},{\"@type\":\"ImageObject\",\"inLanguage\":\"es\",\"@id\":\"https:\/\/www.bagnoitalia.com\/es\/producto\/radiador-radiador-toallero-blanco-80x50-120x50-150x50-180x50.html#primaryimage\",\"url\":\"https:\/\/img.bagnoitalia.com\/wp-content\/uploads\/virtuemart\/product\/non_disponibile357.jpg\",\"contentUrl\":\"https:\/\/img.bagnoitalia.com\/wp-content\/uploads\/virtuemart\/product\/non_disponibile357.jpg\",\"width\":345,\"height\":315},{\"@type\":\"BreadcrumbList\",\"@id\":\"https:\/\/www.bagnoitalia.com\/es\/producto\/radiador-radiador-toallero-blanco-80x50-120x50-150x50-180x50.html#breadcrumb\",\"itemListElement\":[{\"@type\":\"ListItem\",\"position\":1,\"name\":\"Home\",\"item\":\"https:\/\/www.bagnoitalia.com\/es\"},{\"@type\":\"ListItem\",\"position\":2,\"name\":\"Productos\",\"item\":\"https:\/\/www.bagnoitalia.com\/es\/shop\"},{\"@type\":\"ListItem\",\"position\":3,\"name\":\"Radiador radiador toallero blanco 80&#215;50 120&#215;50 150&#215;50 180&#215;50\"}]},{\"@type\":\"WebSite\",\"@id\":\"https:\/\/www.bagnoitalia.com\/es#website\",\"url\":\"https:\/\/www.bagnoitalia.com\/es\",\"name\":\"Bagno Italia\",\"description\":\"\",\"publisher\":{\"@id\":\"https:\/\/www.bagnoitalia.com\/es#organization\"},\"potentialAction\":[{\"@type\":\"SearchAction\",\"target\":{\"@type\":\"EntryPoint\",\"urlTemplate\":\"https:\/\/www.bagnoitalia.com\/es?s={search_term_string}\"},\"query-input\":{\"@type\":\"PropertyValueSpecification\",\"valueRequired\":true,\"valueName\":\"search_term_string\"}}],\"inLanguage\":\"es\"},{\"@type\":\"Organization\",\"@id\":\"https:\/\/www.bagnoitalia.com\/es#organization\",\"name\":\"Bagno Italia\",\"url\":\"https:\/\/www.bagnoitalia.com\/es\",\"logo\":{\"@type\":\"ImageObject\",\"inLanguage\":\"es\",\"@id\":\"https:\/\/www.bagnoitalia.com\/es#\/schema\/logo\/image\/\",\"url\":\"https:\/\/img.bagnoitalia.com\/wp-content\/uploads\/logo-bagnoitalia.webp\",\"contentUrl\":\"https:\/\/img.bagnoitalia.com\/wp-content\/uploads\/logo-bagnoitalia.webp\",\"width\":400,\"height\":70,\"caption\":\"Bagno Italia\"},\"image\":{\"@id\":\"https:\/\/www.bagnoitalia.com\/es#\/schema\/logo\/image\/\"}}]}<\/script>\n<!-- \/ Yoast SEO plugin. -->","yoast_head_json":{"title":"Radiador de cortina blanco 80x50 120x50 150x50 180x50","description":"Radiador radiador toallero 80x50 120x50 150x50 180x50, disponible en blanco o negro y en varios tama\u00f1os. Presi\u00f3n m\u00ednima: 8 bar. \u00a1Compra ahora!","robots":{"index":"index","follow":"follow","max-snippet":"max-snippet:-1","max-image-preview":"max-image-preview:large","max-video-preview":"max-video-preview:-1"},"canonical":"https:\/\/www.bagnoitalia.com\/es\/producto\/radiador-radiador-toallero-blanco-80x50-120x50-150x50-180x50.html","og_locale":"es_ES","og_type":"article","og_title":"Radiador de cortina blanco 80x50 120x50 150x50 180x50","og_description":"Radiador radiador toallero 80x50 120x50 150x50 180x50, disponible en blanco o negro y en varios tama\u00f1os. Presi\u00f3n m\u00ednima: 8 bar. \u00a1Compra ahora!","og_url":"https:\/\/www.bagnoitalia.com\/es\/producto\/radiador-radiador-toallero-blanco-80x50-120x50-150x50-180x50.html","og_site_name":"Bagno Italia","og_image":[{"width":345,"height":315,"url":"https:\/\/img.bagnoitalia.com\/wp-content\/uploads\/virtuemart\/product\/non_disponibile357.jpg","type":"image\/jpeg"}],"twitter_card":"summary_large_image","schema":{"@context":"https:\/\/schema.org","@graph":[{"@type":"WebPage","@id":"https:\/\/www.bagnoitalia.com\/es\/producto\/radiador-radiador-toallero-blanco-80x50-120x50-150x50-180x50.html","url":"https:\/\/www.bagnoitalia.com\/es\/producto\/radiador-radiador-toallero-blanco-80x50-120x50-150x50-180x50.html","name":"Radiador de cortina blanco 80x50 120x50 150x50 180x50","isPartOf":{"@id":"https:\/\/www.bagnoitalia.com\/es#website"},"primaryImageOfPage":{"@id":"https:\/\/www.bagnoitalia.com\/es\/producto\/radiador-radiador-toallero-blanco-80x50-120x50-150x50-180x50.html#primaryimage"},"image":{"@id":"https:\/\/www.bagnoitalia.com\/es\/producto\/radiador-radiador-toallero-blanco-80x50-120x50-150x50-180x50.html#primaryimage"},"thumbnailUrl":"https:\/\/img.bagnoitalia.com\/wp-content\/uploads\/virtuemart\/product\/non_disponibile357.jpg","datePublished":"2014-03-03T10:14:56+00:00","description":"Radiador radiador toallero 80x50 120x50 150x50 180x50, disponible en blanco o negro y en varios tama\u00f1os. Presi\u00f3n m\u00ednima: 8 bar. \u00a1Compra ahora!","breadcrumb":{"@id":"https:\/\/www.bagnoitalia.com\/es\/producto\/radiador-radiador-toallero-blanco-80x50-120x50-150x50-180x50.html#breadcrumb"},"inLanguage":"es","potentialAction":[{"@type":"ReadAction","target":["https:\/\/www.bagnoitalia.com\/es\/producto\/radiador-radiador-toallero-blanco-80x50-120x50-150x50-180x50.html"]}]},{"@type":"ImageObject","inLanguage":"es","@id":"https:\/\/www.bagnoitalia.com\/es\/producto\/radiador-radiador-toallero-blanco-80x50-120x50-150x50-180x50.html#primaryimage","url":"https:\/\/img.bagnoitalia.com\/wp-content\/uploads\/virtuemart\/product\/non_disponibile357.jpg","contentUrl":"https:\/\/img.bagnoitalia.com\/wp-content\/uploads\/virtuemart\/product\/non_disponibile357.jpg","width":345,"height":315},{"@type":"BreadcrumbList","@id":"https:\/\/www.bagnoitalia.com\/es\/producto\/radiador-radiador-toallero-blanco-80x50-120x50-150x50-180x50.html#breadcrumb","itemListElement":[{"@type":"ListItem","position":1,"name":"Home","item":"https:\/\/www.bagnoitalia.com\/es"},{"@type":"ListItem","position":2,"name":"Productos","item":"https:\/\/www.bagnoitalia.com\/es\/shop"},{"@type":"ListItem","position":3,"name":"Radiador radiador toallero blanco 80&#215;50 120&#215;50 150&#215;50 180&#215;50"}]},{"@type":"WebSite","@id":"https:\/\/www.bagnoitalia.com\/es#website","url":"https:\/\/www.bagnoitalia.com\/es","name":"Bagno Italia","description":"","publisher":{"@id":"https:\/\/www.bagnoitalia.com\/es#organization"},"potentialAction":[{"@type":"SearchAction","target":{"@type":"EntryPoint","urlTemplate":"https:\/\/www.bagnoitalia.com\/es?s={search_term_string}"},"query-input":{"@type":"PropertyValueSpecification","valueRequired":true,"valueName":"search_term_string"}}],"inLanguage":"es"},{"@type":"Organization","@id":"https:\/\/www.bagnoitalia.com\/es#organization","name":"Bagno Italia","url":"https:\/\/www.bagnoitalia.com\/es","logo":{"@type":"ImageObject","inLanguage":"es","@id":"https:\/\/www.bagnoitalia.com\/es#\/schema\/logo\/image\/","url":"https:\/\/img.bagnoitalia.com\/wp-content\/uploads\/logo-bagnoitalia.webp","contentUrl":"https:\/\/img.bagnoitalia.com\/wp-content\/uploads\/logo-bagnoitalia.webp","width":400,"height":70,"caption":"Bagno Italia"},"image":{"@id":"https:\/\/www.bagnoitalia.com\/es#\/schema\/logo\/image\/"}}]}},"_links":{"self":[{"href":"https:\/\/www.bagnoitalia.com\/es\/wp-json\/wp\/v2\/product\/78368","targetHints":{"allow":["GET"]}}],"collection":[{"href":"https:\/\/www.bagnoitalia.com\/es\/wp-json\/wp\/v2\/product"}],"about":[{"href":"https:\/\/www.bagnoitalia.com\/es\/wp-json\/wp\/v2\/types\/product"}],"replies":[{"embeddable":true,"href":"https:\/\/www.bagnoitalia.com\/es\/wp-json\/wp\/v2\/comments?post=78368"}],"version-history":[{"count":0,"href":"https:\/\/www.bagnoitalia.com\/es\/wp-json\/wp\/v2\/product\/78368\/revisions"}],"wp:featuredmedia":[{"embeddable":true,"href":"https:\/\/www.bagnoitalia.com\/es\/wp-json\/wp\/v2\/media\/19010"}],"wp:attachment":[{"href":"https:\/\/www.bagnoitalia.com\/es\/wp-json\/wp\/v2\/media?parent=78368"}],"wp:term":[{"taxonomy":"product_brand","embeddable":true,"href":"https:\/\/www.bagnoitalia.com\/es\/wp-json\/wp\/v2\/product_brand?post=78368"},{"taxonomy":"product_cat","embeddable":true,"href":"https:\/\/www.bagnoitalia.com\/es\/wp-json\/wp\/v2\/product_cat?post=78368"},{"taxonomy":"product_tag","embeddable":true,"href":"https:\/\/www.bagnoitalia.com\/es\/wp-json\/wp\/v2\/product_tag?post=78368"}],"curies":[{"name":"wp","href":"https:\/\/api.w.org\/{rel}","templated":true}]}}