{"id":78352,"date":"2014-02-05T23:09:39","date_gmt":"2014-02-05T22:09:39","guid":{"rendered":"https:\/\/www.bagnoitalia.com\/product\/cabina-y-jacuzzi-de-150x85-con-sauna-bano-turco-cabina-de-ducha-completa-opcional"},"modified":"2025-06-19T05:01:22","modified_gmt":"2025-06-19T03:01:22","slug":"cabina-y-jacuzzi-de-150x85-con-sauna-bano-turco-cabina-de-ducha-completa-opcional","status":"publish","type":"product","link":"https:\/\/www.bagnoitalia.com\/es\/producto\/cabina-y-jacuzzi-de-150x85-con-sauna-bano-turco-cabina-de-ducha-completa-opcional.html","title":{"rendered":"Cabina y jacuzzi de 150&#215;85 con sauna, ba\u00f1o turco, cabina de ducha completa opcional."},"content":{"rendered":"<p> Cabina y jacuzzi 150x85x215 <\/p>\n<\/p>\n<p> <strong>Caracter\u00edsticas estructurales:<\/strong> <\/p>\n<p> Cordero llorando <\/p>\n<p> 6 chorros para el hidromasaje. <\/p>\n<p> Masaje de pies <\/p>\n<p> Luz LED con cromoterapia. <\/p>\n<p> Cabezal de ducha central Cascata <\/p>\n<p> Ducha de mano extra\u00edble <\/p>\n<p> Ozonoterapia y esterilizaci\u00f3n. <\/p>\n<p> Ba\u00f1o turco <\/p>\n<p> radio <\/p>\n<p> Contestador autom\u00e1tico <\/p>\n<p> Jacuzzi con vidrio frontal, 2 chorros de aire en la parte trasera y 4 chorros grandes ajustables en agua, por lo tanto, la ba\u00f1era tiene una bomba de <span style=\"color: #000000;\"><a href=\"vasca-idromassaggio-130x130-venus-2-posti-con-pompa-whirlpool.html\" class=\"FlexibleBrowseProductNameLink\" title=\"Ba\u00f1era de hidromasaje 130x130 Venus 2 PLAZAS con bomba de hidromasaje\"><span style=\"color: #000000;\">hidromasaje<\/span><\/a> (<\/span> agua) y una de aire (para la ba\u00f1era de aire) <\/p>\n<\/p>\n<p> La potencia de las bombas es de 1.5 CV. <\/p>\n<\/p>\n<p><img fetchpriority=\"high\" decoding=\"async\" class=\" size-full wp-image-18894\" src=\"https:\/\/img.bagnoitalia.com\/wp-content\/uploads\/virtuemart\/product\/scheda150x85.jpg\" alt=\"1-car-hot-150x85-box147.jpg_product\" id=\"fancybox-img\" width=\"743\" height=\"416\" \/><\/p>\n","protected":false},"excerpt":{"rendered":"<p>Cabina de hidromasaje con ba\u00f1era 150x85x215 completo opcional, sauna, ba\u00f1o turco + Precio de cromoterapia v\u00e1lido hasta final de mes.<\/p>\n","protected":false},"featured_media":18878,"comment_status":"open","ping_status":"closed","template":"","meta":[],"product_brand":[],"product_cat":[15,10117],"product_tag":[],"class_list":{"0":"post-78352","1":"product","2":"type-product","3":"status-publish","4":"has-post-thumbnail","6":"product_cat-senza-categoria","7":"product_cat-senza-categoria-es","9":"first","10":"outofstock","11":"taxable","12":"shipping-taxable","13":"purchasable","14":"product-type-simple"},"exclude_global_add_ons":[],"addons":[],"yoast_head":"<!-- This site is optimized with the Yoast SEO plugin v26.7 - https:\/\/yoast.com\/wordpress\/plugins\/seo\/ -->\n<title>Cabina y jacuzzi de 150x85cm con sauna, ba\u00f1o turco.<\/title>\n<meta name=\"description\" content=\"Cabina y jacuzzi con 6 hidrojets, dimensiones 150x85cm, sauna y ba\u00f1o turco. Con contestador autom\u00e1tico para cromoterapia, radio y tel\u00e9fono - Bagno Italia\" \/>\n<meta name=\"robots\" content=\"index, follow, max-snippet:-1, max-image-preview:large, max-video-preview:-1\" \/>\n<link rel=\"canonical\" href=\"https:\/\/www.bagnoitalia.com\/es\/producto\/cabina-y-jacuzzi-de-150x85-con-sauna-bano-turco-cabina-de-ducha-completa-opcional.html\" \/>\n<meta property=\"og:locale\" content=\"es_ES\" \/>\n<meta property=\"og:type\" content=\"article\" \/>\n<meta property=\"og:title\" content=\"Cabina y jacuzzi de 150x85cm con sauna, ba\u00f1o turco.\" \/>\n<meta property=\"og:description\" content=\"Cabina y jacuzzi con 6 hidrojets, dimensiones 150x85cm, sauna y ba\u00f1o turco. Con contestador autom\u00e1tico para cromoterapia, radio y tel\u00e9fono - Bagno Italia\" \/>\n<meta property=\"og:url\" content=\"https:\/\/www.bagnoitalia.com\/es\/producto\/cabina-y-jacuzzi-de-150x85-con-sauna-bano-turco-cabina-de-ducha-completa-opcional.html\" \/>\n<meta property=\"og:site_name\" content=\"Bagno Italia\" \/>\n<meta property=\"article:modified_time\" content=\"2025-06-19T03:01:22+00:00\" \/>\n<meta property=\"og:image\" content=\"https:\/\/img.bagnoitalia.com\/wp-content\/uploads\/virtuemart\/product\/1-non-disponibile1.jpg\" \/>\n\t<meta property=\"og:image:width\" content=\"345\" \/>\n\t<meta property=\"og:image:height\" content=\"315\" \/>\n\t<meta property=\"og:image:type\" content=\"image\/jpeg\" \/>\n<meta name=\"twitter:card\" content=\"summary_large_image\" \/>\n<script type=\"application\/ld+json\" class=\"yoast-schema-graph\">{\"@context\":\"https:\/\/schema.org\",\"@graph\":[{\"@type\":\"WebPage\",\"@id\":\"https:\/\/www.bagnoitalia.com\/es\/producto\/cabina-y-jacuzzi-de-150x85-con-sauna-bano-turco-cabina-de-ducha-completa-opcional.html\",\"url\":\"https:\/\/www.bagnoitalia.com\/es\/producto\/cabina-y-jacuzzi-de-150x85-con-sauna-bano-turco-cabina-de-ducha-completa-opcional.html\",\"name\":\"Cabina y jacuzzi de 150x85cm con sauna, ba\u00f1o turco.\",\"isPartOf\":{\"@id\":\"https:\/\/www.bagnoitalia.com\/es#website\"},\"primaryImageOfPage\":{\"@id\":\"https:\/\/www.bagnoitalia.com\/es\/producto\/cabina-y-jacuzzi-de-150x85-con-sauna-bano-turco-cabina-de-ducha-completa-opcional.html#primaryimage\"},\"image\":{\"@id\":\"https:\/\/www.bagnoitalia.com\/es\/producto\/cabina-y-jacuzzi-de-150x85-con-sauna-bano-turco-cabina-de-ducha-completa-opcional.html#primaryimage\"},\"thumbnailUrl\":\"https:\/\/img.bagnoitalia.com\/wp-content\/uploads\/virtuemart\/product\/1-non-disponibile1.jpg\",\"datePublished\":\"2014-02-05T22:09:39+00:00\",\"dateModified\":\"2025-06-19T03:01:22+00:00\",\"description\":\"Cabina y jacuzzi con 6 hidrojets, dimensiones 150x85cm, sauna y ba\u00f1o turco. Con contestador autom\u00e1tico para cromoterapia, radio y tel\u00e9fono - Bagno Italia\",\"breadcrumb\":{\"@id\":\"https:\/\/www.bagnoitalia.com\/es\/producto\/cabina-y-jacuzzi-de-150x85-con-sauna-bano-turco-cabina-de-ducha-completa-opcional.html#breadcrumb\"},\"inLanguage\":\"es\",\"potentialAction\":[{\"@type\":\"ReadAction\",\"target\":[\"https:\/\/www.bagnoitalia.com\/es\/producto\/cabina-y-jacuzzi-de-150x85-con-sauna-bano-turco-cabina-de-ducha-completa-opcional.html\"]}]},{\"@type\":\"ImageObject\",\"inLanguage\":\"es\",\"@id\":\"https:\/\/www.bagnoitalia.com\/es\/producto\/cabina-y-jacuzzi-de-150x85-con-sauna-bano-turco-cabina-de-ducha-completa-opcional.html#primaryimage\",\"url\":\"https:\/\/img.bagnoitalia.com\/wp-content\/uploads\/virtuemart\/product\/1-non-disponibile1.jpg\",\"contentUrl\":\"https:\/\/img.bagnoitalia.com\/wp-content\/uploads\/virtuemart\/product\/1-non-disponibile1.jpg\",\"width\":345,\"height\":315},{\"@type\":\"BreadcrumbList\",\"@id\":\"https:\/\/www.bagnoitalia.com\/es\/producto\/cabina-y-jacuzzi-de-150x85-con-sauna-bano-turco-cabina-de-ducha-completa-opcional.html#breadcrumb\",\"itemListElement\":[{\"@type\":\"ListItem\",\"position\":1,\"name\":\"Home\",\"item\":\"https:\/\/www.bagnoitalia.com\/es\"},{\"@type\":\"ListItem\",\"position\":2,\"name\":\"Productos\",\"item\":\"https:\/\/www.bagnoitalia.com\/es\/shop\"},{\"@type\":\"ListItem\",\"position\":3,\"name\":\"Cabina y jacuzzi de 150&#215;85 con sauna, ba\u00f1o turco, cabina de ducha completa opcional.\"}]},{\"@type\":\"WebSite\",\"@id\":\"https:\/\/www.bagnoitalia.com\/es#website\",\"url\":\"https:\/\/www.bagnoitalia.com\/es\",\"name\":\"Bagno Italia\",\"description\":\"\",\"publisher\":{\"@id\":\"https:\/\/www.bagnoitalia.com\/es#organization\"},\"potentialAction\":[{\"@type\":\"SearchAction\",\"target\":{\"@type\":\"EntryPoint\",\"urlTemplate\":\"https:\/\/www.bagnoitalia.com\/es?s={search_term_string}\"},\"query-input\":{\"@type\":\"PropertyValueSpecification\",\"valueRequired\":true,\"valueName\":\"search_term_string\"}}],\"inLanguage\":\"es\"},{\"@type\":\"Organization\",\"@id\":\"https:\/\/www.bagnoitalia.com\/es#organization\",\"name\":\"Bagno Italia\",\"url\":\"https:\/\/www.bagnoitalia.com\/es\",\"logo\":{\"@type\":\"ImageObject\",\"inLanguage\":\"es\",\"@id\":\"https:\/\/www.bagnoitalia.com\/es#\/schema\/logo\/image\/\",\"url\":\"https:\/\/img.bagnoitalia.com\/wp-content\/uploads\/logo-bagnoitalia.webp\",\"contentUrl\":\"https:\/\/img.bagnoitalia.com\/wp-content\/uploads\/logo-bagnoitalia.webp\",\"width\":400,\"height\":70,\"caption\":\"Bagno Italia\"},\"image\":{\"@id\":\"https:\/\/www.bagnoitalia.com\/es#\/schema\/logo\/image\/\"}}]}<\/script>\n<!-- \/ Yoast SEO plugin. -->","yoast_head_json":{"title":"Cabina y jacuzzi de 150x85cm con sauna, ba\u00f1o turco.","description":"Cabina y jacuzzi con 6 hidrojets, dimensiones 150x85cm, sauna y ba\u00f1o turco. Con contestador autom\u00e1tico para cromoterapia, radio y tel\u00e9fono - Bagno Italia","robots":{"index":"index","follow":"follow","max-snippet":"max-snippet:-1","max-image-preview":"max-image-preview:large","max-video-preview":"max-video-preview:-1"},"canonical":"https:\/\/www.bagnoitalia.com\/es\/producto\/cabina-y-jacuzzi-de-150x85-con-sauna-bano-turco-cabina-de-ducha-completa-opcional.html","og_locale":"es_ES","og_type":"article","og_title":"Cabina y jacuzzi de 150x85cm con sauna, ba\u00f1o turco.","og_description":"Cabina y jacuzzi con 6 hidrojets, dimensiones 150x85cm, sauna y ba\u00f1o turco. Con contestador autom\u00e1tico para cromoterapia, radio y tel\u00e9fono - Bagno Italia","og_url":"https:\/\/www.bagnoitalia.com\/es\/producto\/cabina-y-jacuzzi-de-150x85-con-sauna-bano-turco-cabina-de-ducha-completa-opcional.html","og_site_name":"Bagno Italia","article_modified_time":"2025-06-19T03:01:22+00:00","og_image":[{"width":345,"height":315,"url":"https:\/\/img.bagnoitalia.com\/wp-content\/uploads\/virtuemart\/product\/1-non-disponibile1.jpg","type":"image\/jpeg"}],"twitter_card":"summary_large_image","schema":{"@context":"https:\/\/schema.org","@graph":[{"@type":"WebPage","@id":"https:\/\/www.bagnoitalia.com\/es\/producto\/cabina-y-jacuzzi-de-150x85-con-sauna-bano-turco-cabina-de-ducha-completa-opcional.html","url":"https:\/\/www.bagnoitalia.com\/es\/producto\/cabina-y-jacuzzi-de-150x85-con-sauna-bano-turco-cabina-de-ducha-completa-opcional.html","name":"Cabina y jacuzzi de 150x85cm con sauna, ba\u00f1o turco.","isPartOf":{"@id":"https:\/\/www.bagnoitalia.com\/es#website"},"primaryImageOfPage":{"@id":"https:\/\/www.bagnoitalia.com\/es\/producto\/cabina-y-jacuzzi-de-150x85-con-sauna-bano-turco-cabina-de-ducha-completa-opcional.html#primaryimage"},"image":{"@id":"https:\/\/www.bagnoitalia.com\/es\/producto\/cabina-y-jacuzzi-de-150x85-con-sauna-bano-turco-cabina-de-ducha-completa-opcional.html#primaryimage"},"thumbnailUrl":"https:\/\/img.bagnoitalia.com\/wp-content\/uploads\/virtuemart\/product\/1-non-disponibile1.jpg","datePublished":"2014-02-05T22:09:39+00:00","dateModified":"2025-06-19T03:01:22+00:00","description":"Cabina y jacuzzi con 6 hidrojets, dimensiones 150x85cm, sauna y ba\u00f1o turco. Con contestador autom\u00e1tico para cromoterapia, radio y tel\u00e9fono - Bagno Italia","breadcrumb":{"@id":"https:\/\/www.bagnoitalia.com\/es\/producto\/cabina-y-jacuzzi-de-150x85-con-sauna-bano-turco-cabina-de-ducha-completa-opcional.html#breadcrumb"},"inLanguage":"es","potentialAction":[{"@type":"ReadAction","target":["https:\/\/www.bagnoitalia.com\/es\/producto\/cabina-y-jacuzzi-de-150x85-con-sauna-bano-turco-cabina-de-ducha-completa-opcional.html"]}]},{"@type":"ImageObject","inLanguage":"es","@id":"https:\/\/www.bagnoitalia.com\/es\/producto\/cabina-y-jacuzzi-de-150x85-con-sauna-bano-turco-cabina-de-ducha-completa-opcional.html#primaryimage","url":"https:\/\/img.bagnoitalia.com\/wp-content\/uploads\/virtuemart\/product\/1-non-disponibile1.jpg","contentUrl":"https:\/\/img.bagnoitalia.com\/wp-content\/uploads\/virtuemart\/product\/1-non-disponibile1.jpg","width":345,"height":315},{"@type":"BreadcrumbList","@id":"https:\/\/www.bagnoitalia.com\/es\/producto\/cabina-y-jacuzzi-de-150x85-con-sauna-bano-turco-cabina-de-ducha-completa-opcional.html#breadcrumb","itemListElement":[{"@type":"ListItem","position":1,"name":"Home","item":"https:\/\/www.bagnoitalia.com\/es"},{"@type":"ListItem","position":2,"name":"Productos","item":"https:\/\/www.bagnoitalia.com\/es\/shop"},{"@type":"ListItem","position":3,"name":"Cabina y jacuzzi de 150&#215;85 con sauna, ba\u00f1o turco, cabina de ducha completa opcional."}]},{"@type":"WebSite","@id":"https:\/\/www.bagnoitalia.com\/es#website","url":"https:\/\/www.bagnoitalia.com\/es","name":"Bagno Italia","description":"","publisher":{"@id":"https:\/\/www.bagnoitalia.com\/es#organization"},"potentialAction":[{"@type":"SearchAction","target":{"@type":"EntryPoint","urlTemplate":"https:\/\/www.bagnoitalia.com\/es?s={search_term_string}"},"query-input":{"@type":"PropertyValueSpecification","valueRequired":true,"valueName":"search_term_string"}}],"inLanguage":"es"},{"@type":"Organization","@id":"https:\/\/www.bagnoitalia.com\/es#organization","name":"Bagno Italia","url":"https:\/\/www.bagnoitalia.com\/es","logo":{"@type":"ImageObject","inLanguage":"es","@id":"https:\/\/www.bagnoitalia.com\/es#\/schema\/logo\/image\/","url":"https:\/\/img.bagnoitalia.com\/wp-content\/uploads\/logo-bagnoitalia.webp","contentUrl":"https:\/\/img.bagnoitalia.com\/wp-content\/uploads\/logo-bagnoitalia.webp","width":400,"height":70,"caption":"Bagno Italia"},"image":{"@id":"https:\/\/www.bagnoitalia.com\/es#\/schema\/logo\/image\/"}}]}},"_links":{"self":[{"href":"https:\/\/www.bagnoitalia.com\/es\/wp-json\/wp\/v2\/product\/78352","targetHints":{"allow":["GET"]}}],"collection":[{"href":"https:\/\/www.bagnoitalia.com\/es\/wp-json\/wp\/v2\/product"}],"about":[{"href":"https:\/\/www.bagnoitalia.com\/es\/wp-json\/wp\/v2\/types\/product"}],"replies":[{"embeddable":true,"href":"https:\/\/www.bagnoitalia.com\/es\/wp-json\/wp\/v2\/comments?post=78352"}],"version-history":[{"count":0,"href":"https:\/\/www.bagnoitalia.com\/es\/wp-json\/wp\/v2\/product\/78352\/revisions"}],"wp:featuredmedia":[{"embeddable":true,"href":"https:\/\/www.bagnoitalia.com\/es\/wp-json\/wp\/v2\/media\/18878"}],"wp:attachment":[{"href":"https:\/\/www.bagnoitalia.com\/es\/wp-json\/wp\/v2\/media?parent=78352"}],"wp:term":[{"taxonomy":"product_brand","embeddable":true,"href":"https:\/\/www.bagnoitalia.com\/es\/wp-json\/wp\/v2\/product_brand?post=78352"},{"taxonomy":"product_cat","embeddable":true,"href":"https:\/\/www.bagnoitalia.com\/es\/wp-json\/wp\/v2\/product_cat?post=78352"},{"taxonomy":"product_tag","embeddable":true,"href":"https:\/\/www.bagnoitalia.com\/es\/wp-json\/wp\/v2\/product_tag?post=78352"}],"curies":[{"name":"wp","href":"https:\/\/api.w.org\/{rel}","templated":true}]}}