{"id":78236,"date":"2013-03-09T01:52:03","date_gmt":"2013-03-09T00:52:03","guid":{"rendered":"https:\/\/www.bagnoitalia.com\/product\/banera-de-hidromasaje-de-145x145-con-bomba"},"modified":"2013-03-09T01:52:03","modified_gmt":"2013-03-09T00:52:03","slug":"banera-de-hidromasaje-de-145x145-con-bomba","status":"publish","type":"product","link":"https:\/\/www.bagnoitalia.com\/es\/producto\/banera-de-hidromasaje-de-145x145-con-bomba.html","title":{"rendered":"Ba\u00f1era de hidromasaje de 145&#215;145 con bomba"},"content":{"rendered":"<p> <strong>TUBLE 145&#215;145 dos lugares en forma de coraz\u00f3n<\/strong> <\/p>\n<\/p>\n<p style=\"text-align: justify;\"> Dimensiones de la ba\u00f1era: 145x145cm base, altura 65cm. <\/p>\n<p style=\"text-align: justify;\"> Estructura acr\u00edlica de 5mm reforzada con 3 capas de fibra de vidrio. <\/p>\n<p style=\"text-align: justify;\"> Terapia del color <\/p>\n<p style=\"text-align: justify;\"> <strong>BOMBA DE AIRE Y PISCINA INDEPENDIENTE!<\/strong> Bomba de hidromasaje (1 HP, 2.5 &#8211; 3.5 A) y bomba de aire (0.25 HP, 0.7 &#8211; 1.1 A) <\/p>\n<p style=\"text-align: justify;\"> Estructura de acero cromado <\/p>\n<p style=\"text-align: justify;\"> Fuente de alimentaci\u00f3n 220-240 V <\/p>\n<p style=\"text-align: justify;\"> Disyuntor autom\u00e1tico <\/p>\n<p style=\"text-align: justify;\"> Chorros de hidromasaje de cromo <\/p>\n<p style=\"text-align: justify;\"> Sopladores de aire cromados <\/p>\n<p style=\"text-align: justify;\"> 2 cojines para reposacabezas <br \/> Mezclador de lat\u00f3n con v\u00e1lvula cer\u00e1mica <\/p>\n<p style=\"text-align: justify;\"> Titular de objeto <\/p>\n<p style=\"text-align: justify;\"> Incluye grifos completos <\/p>\n<p style=\"text-align: justify;\"> Panel de control computarizado <\/p>\n<p style=\"text-align: justify;\"> Radio FM con altavoz directamente en el lateral de la ba\u00f1era <\/p>\n<p style=\"text-align: justify;\"> El producto cumple con todas las normativas vigentes y se completa con las instrucciones de montaje. <\/p>\n<p style=\"text-align: justify;\"> Panel frontal desmontable para posible mantenimiento. <\/p>\n","protected":false},"excerpt":{"rendered":"<p>Ba\u00f1era de hidromasaje 145&#215;145 con doble bomba para hidromasaje WHIRPOOL Y AIRPOOL (2 asientos) 16 jets, cromoterpia<\/p>\n","protected":false},"featured_media":18162,"comment_status":"open","ping_status":"closed","template":"","meta":[],"product_brand":[],"product_cat":[15],"product_tag":[],"class_list":{"0":"post-78236","1":"product","2":"type-product","3":"status-publish","4":"has-post-thumbnail","6":"product_cat-senza-categoria","8":"first","9":"outofstock","10":"taxable","11":"shipping-taxable","12":"purchasable","13":"product-type-simple"},"exclude_global_add_ons":[],"addons":[],"yoast_head":"<!-- This site is optimized with the Yoast SEO plugin v26.7 - https:\/\/yoast.com\/wordpress\/plugins\/seo\/ -->\n<title>Ba\u00f1era de hidromasaje 145x145 Bomba de hidromasaje y airola<\/title>\n<meta name=\"description\" content=\"Ba\u00f1era de hidromasaje de 145x145 cm con doble bomba WHIRPOOL Y AIRPOOL 1 HP, grifos, 2 lugares\" \/>\n<meta name=\"robots\" content=\"index, follow, max-snippet:-1, max-image-preview:large, max-video-preview:-1\" \/>\n<link rel=\"canonical\" href=\"https:\/\/www.bagnoitalia.com\/es\/producto\/banera-de-hidromasaje-de-145x145-con-bomba.html\" \/>\n<meta property=\"og:locale\" content=\"es_ES\" \/>\n<meta property=\"og:type\" content=\"article\" \/>\n<meta property=\"og:title\" content=\"Ba\u00f1era de hidromasaje 145x145 Bomba de hidromasaje y airola\" \/>\n<meta property=\"og:description\" content=\"Ba\u00f1era de hidromasaje de 145x145 cm con doble bomba WHIRPOOL Y AIRPOOL 1 HP, grifos, 2 lugares\" \/>\n<meta property=\"og:url\" content=\"https:\/\/www.bagnoitalia.com\/es\/producto\/banera-de-hidromasaje-de-145x145-con-bomba.html\" \/>\n<meta property=\"og:site_name\" content=\"Bagno Italia\" \/>\n<meta property=\"og:image\" content=\"https:\/\/img.bagnoitalia.com\/wp-content\/uploads\/virtuemart\/product\/non_disponibile4.jpg\" \/>\n\t<meta property=\"og:image:width\" content=\"345\" \/>\n\t<meta property=\"og:image:height\" content=\"315\" \/>\n\t<meta property=\"og:image:type\" content=\"image\/jpeg\" \/>\n<meta name=\"twitter:card\" content=\"summary_large_image\" \/>\n<meta name=\"twitter:label1\" content=\"Tiempo de lectura\" \/>\n\t<meta name=\"twitter:data1\" content=\"1 minuto\" \/>\n<script type=\"application\/ld+json\" class=\"yoast-schema-graph\">{\"@context\":\"https:\/\/schema.org\",\"@graph\":[{\"@type\":\"WebPage\",\"@id\":\"https:\/\/www.bagnoitalia.com\/es\/producto\/banera-de-hidromasaje-de-145x145-con-bomba.html\",\"url\":\"https:\/\/www.bagnoitalia.com\/es\/producto\/banera-de-hidromasaje-de-145x145-con-bomba.html\",\"name\":\"Ba\u00f1era de hidromasaje 145x145 Bomba de hidromasaje y airola\",\"isPartOf\":{\"@id\":\"https:\/\/www.bagnoitalia.com\/es#website\"},\"primaryImageOfPage\":{\"@id\":\"https:\/\/www.bagnoitalia.com\/es\/producto\/banera-de-hidromasaje-de-145x145-con-bomba.html#primaryimage\"},\"image\":{\"@id\":\"https:\/\/www.bagnoitalia.com\/es\/producto\/banera-de-hidromasaje-de-145x145-con-bomba.html#primaryimage\"},\"thumbnailUrl\":\"https:\/\/img.bagnoitalia.com\/wp-content\/uploads\/virtuemart\/product\/non_disponibile4.jpg\",\"datePublished\":\"2013-03-09T00:52:03+00:00\",\"description\":\"Ba\u00f1era de hidromasaje de 145x145 cm con doble bomba WHIRPOOL Y AIRPOOL 1 HP, grifos, 2 lugares\",\"breadcrumb\":{\"@id\":\"https:\/\/www.bagnoitalia.com\/es\/producto\/banera-de-hidromasaje-de-145x145-con-bomba.html#breadcrumb\"},\"inLanguage\":\"es\",\"potentialAction\":[{\"@type\":\"ReadAction\",\"target\":[\"https:\/\/www.bagnoitalia.com\/es\/producto\/banera-de-hidromasaje-de-145x145-con-bomba.html\"]}]},{\"@type\":\"ImageObject\",\"inLanguage\":\"es\",\"@id\":\"https:\/\/www.bagnoitalia.com\/es\/producto\/banera-de-hidromasaje-de-145x145-con-bomba.html#primaryimage\",\"url\":\"https:\/\/img.bagnoitalia.com\/wp-content\/uploads\/virtuemart\/product\/non_disponibile4.jpg\",\"contentUrl\":\"https:\/\/img.bagnoitalia.com\/wp-content\/uploads\/virtuemart\/product\/non_disponibile4.jpg\",\"width\":345,\"height\":315},{\"@type\":\"BreadcrumbList\",\"@id\":\"https:\/\/www.bagnoitalia.com\/es\/producto\/banera-de-hidromasaje-de-145x145-con-bomba.html#breadcrumb\",\"itemListElement\":[{\"@type\":\"ListItem\",\"position\":1,\"name\":\"Home\",\"item\":\"https:\/\/www.bagnoitalia.com\/es\"},{\"@type\":\"ListItem\",\"position\":2,\"name\":\"Productos\",\"item\":\"https:\/\/www.bagnoitalia.com\/es\/shop\"},{\"@type\":\"ListItem\",\"position\":3,\"name\":\"Ba\u00f1era de hidromasaje de 145&#215;145 con bomba\"}]},{\"@type\":\"WebSite\",\"@id\":\"https:\/\/www.bagnoitalia.com\/es#website\",\"url\":\"https:\/\/www.bagnoitalia.com\/es\",\"name\":\"Bagno Italia\",\"description\":\"\",\"publisher\":{\"@id\":\"https:\/\/www.bagnoitalia.com\/es#organization\"},\"potentialAction\":[{\"@type\":\"SearchAction\",\"target\":{\"@type\":\"EntryPoint\",\"urlTemplate\":\"https:\/\/www.bagnoitalia.com\/es?s={search_term_string}\"},\"query-input\":{\"@type\":\"PropertyValueSpecification\",\"valueRequired\":true,\"valueName\":\"search_term_string\"}}],\"inLanguage\":\"es\"},{\"@type\":\"Organization\",\"@id\":\"https:\/\/www.bagnoitalia.com\/es#organization\",\"name\":\"Bagno Italia\",\"url\":\"https:\/\/www.bagnoitalia.com\/es\",\"logo\":{\"@type\":\"ImageObject\",\"inLanguage\":\"es\",\"@id\":\"https:\/\/www.bagnoitalia.com\/es#\/schema\/logo\/image\/\",\"url\":\"https:\/\/img.bagnoitalia.com\/wp-content\/uploads\/logo-bagnoitalia.webp\",\"contentUrl\":\"https:\/\/img.bagnoitalia.com\/wp-content\/uploads\/logo-bagnoitalia.webp\",\"width\":400,\"height\":70,\"caption\":\"Bagno Italia\"},\"image\":{\"@id\":\"https:\/\/www.bagnoitalia.com\/es#\/schema\/logo\/image\/\"}}]}<\/script>\n<!-- \/ Yoast SEO plugin. -->","yoast_head_json":{"title":"Ba\u00f1era de hidromasaje 145x145 Bomba de hidromasaje y airola","description":"Ba\u00f1era de hidromasaje de 145x145 cm con doble bomba WHIRPOOL Y AIRPOOL 1 HP, grifos, 2 lugares","robots":{"index":"index","follow":"follow","max-snippet":"max-snippet:-1","max-image-preview":"max-image-preview:large","max-video-preview":"max-video-preview:-1"},"canonical":"https:\/\/www.bagnoitalia.com\/es\/producto\/banera-de-hidromasaje-de-145x145-con-bomba.html","og_locale":"es_ES","og_type":"article","og_title":"Ba\u00f1era de hidromasaje 145x145 Bomba de hidromasaje y airola","og_description":"Ba\u00f1era de hidromasaje de 145x145 cm con doble bomba WHIRPOOL Y AIRPOOL 1 HP, grifos, 2 lugares","og_url":"https:\/\/www.bagnoitalia.com\/es\/producto\/banera-de-hidromasaje-de-145x145-con-bomba.html","og_site_name":"Bagno Italia","og_image":[{"width":345,"height":315,"url":"https:\/\/img.bagnoitalia.com\/wp-content\/uploads\/virtuemart\/product\/non_disponibile4.jpg","type":"image\/jpeg"}],"twitter_card":"summary_large_image","twitter_misc":{"Tiempo de lectura":"1 minuto"},"schema":{"@context":"https:\/\/schema.org","@graph":[{"@type":"WebPage","@id":"https:\/\/www.bagnoitalia.com\/es\/producto\/banera-de-hidromasaje-de-145x145-con-bomba.html","url":"https:\/\/www.bagnoitalia.com\/es\/producto\/banera-de-hidromasaje-de-145x145-con-bomba.html","name":"Ba\u00f1era de hidromasaje 145x145 Bomba de hidromasaje y airola","isPartOf":{"@id":"https:\/\/www.bagnoitalia.com\/es#website"},"primaryImageOfPage":{"@id":"https:\/\/www.bagnoitalia.com\/es\/producto\/banera-de-hidromasaje-de-145x145-con-bomba.html#primaryimage"},"image":{"@id":"https:\/\/www.bagnoitalia.com\/es\/producto\/banera-de-hidromasaje-de-145x145-con-bomba.html#primaryimage"},"thumbnailUrl":"https:\/\/img.bagnoitalia.com\/wp-content\/uploads\/virtuemart\/product\/non_disponibile4.jpg","datePublished":"2013-03-09T00:52:03+00:00","description":"Ba\u00f1era de hidromasaje de 145x145 cm con doble bomba WHIRPOOL Y AIRPOOL 1 HP, grifos, 2 lugares","breadcrumb":{"@id":"https:\/\/www.bagnoitalia.com\/es\/producto\/banera-de-hidromasaje-de-145x145-con-bomba.html#breadcrumb"},"inLanguage":"es","potentialAction":[{"@type":"ReadAction","target":["https:\/\/www.bagnoitalia.com\/es\/producto\/banera-de-hidromasaje-de-145x145-con-bomba.html"]}]},{"@type":"ImageObject","inLanguage":"es","@id":"https:\/\/www.bagnoitalia.com\/es\/producto\/banera-de-hidromasaje-de-145x145-con-bomba.html#primaryimage","url":"https:\/\/img.bagnoitalia.com\/wp-content\/uploads\/virtuemart\/product\/non_disponibile4.jpg","contentUrl":"https:\/\/img.bagnoitalia.com\/wp-content\/uploads\/virtuemart\/product\/non_disponibile4.jpg","width":345,"height":315},{"@type":"BreadcrumbList","@id":"https:\/\/www.bagnoitalia.com\/es\/producto\/banera-de-hidromasaje-de-145x145-con-bomba.html#breadcrumb","itemListElement":[{"@type":"ListItem","position":1,"name":"Home","item":"https:\/\/www.bagnoitalia.com\/es"},{"@type":"ListItem","position":2,"name":"Productos","item":"https:\/\/www.bagnoitalia.com\/es\/shop"},{"@type":"ListItem","position":3,"name":"Ba\u00f1era de hidromasaje de 145&#215;145 con bomba"}]},{"@type":"WebSite","@id":"https:\/\/www.bagnoitalia.com\/es#website","url":"https:\/\/www.bagnoitalia.com\/es","name":"Bagno Italia","description":"","publisher":{"@id":"https:\/\/www.bagnoitalia.com\/es#organization"},"potentialAction":[{"@type":"SearchAction","target":{"@type":"EntryPoint","urlTemplate":"https:\/\/www.bagnoitalia.com\/es?s={search_term_string}"},"query-input":{"@type":"PropertyValueSpecification","valueRequired":true,"valueName":"search_term_string"}}],"inLanguage":"es"},{"@type":"Organization","@id":"https:\/\/www.bagnoitalia.com\/es#organization","name":"Bagno Italia","url":"https:\/\/www.bagnoitalia.com\/es","logo":{"@type":"ImageObject","inLanguage":"es","@id":"https:\/\/www.bagnoitalia.com\/es#\/schema\/logo\/image\/","url":"https:\/\/img.bagnoitalia.com\/wp-content\/uploads\/logo-bagnoitalia.webp","contentUrl":"https:\/\/img.bagnoitalia.com\/wp-content\/uploads\/logo-bagnoitalia.webp","width":400,"height":70,"caption":"Bagno Italia"},"image":{"@id":"https:\/\/www.bagnoitalia.com\/es#\/schema\/logo\/image\/"}}]}},"_links":{"self":[{"href":"https:\/\/www.bagnoitalia.com\/es\/wp-json\/wp\/v2\/product\/78236","targetHints":{"allow":["GET"]}}],"collection":[{"href":"https:\/\/www.bagnoitalia.com\/es\/wp-json\/wp\/v2\/product"}],"about":[{"href":"https:\/\/www.bagnoitalia.com\/es\/wp-json\/wp\/v2\/types\/product"}],"replies":[{"embeddable":true,"href":"https:\/\/www.bagnoitalia.com\/es\/wp-json\/wp\/v2\/comments?post=78236"}],"version-history":[{"count":0,"href":"https:\/\/www.bagnoitalia.com\/es\/wp-json\/wp\/v2\/product\/78236\/revisions"}],"wp:featuredmedia":[{"embeddable":true,"href":"https:\/\/www.bagnoitalia.com\/es\/wp-json\/wp\/v2\/media\/18162"}],"wp:attachment":[{"href":"https:\/\/www.bagnoitalia.com\/es\/wp-json\/wp\/v2\/media?parent=78236"}],"wp:term":[{"taxonomy":"product_brand","embeddable":true,"href":"https:\/\/www.bagnoitalia.com\/es\/wp-json\/wp\/v2\/product_brand?post=78236"},{"taxonomy":"product_cat","embeddable":true,"href":"https:\/\/www.bagnoitalia.com\/es\/wp-json\/wp\/v2\/product_cat?post=78236"},{"taxonomy":"product_tag","embeddable":true,"href":"https:\/\/www.bagnoitalia.com\/es\/wp-json\/wp\/v2\/product_tag?post=78236"}],"curies":[{"name":"wp","href":"https:\/\/api.w.org\/{rel}","templated":true}]}}