{"id":78204,"date":"2014-02-06T10:36:13","date_gmt":"2014-02-06T09:36:13","guid":{"rendered":"https:\/\/www.bagnoitalia.com\/product\/estanteria-de-lavabo-mesa-de-madera-en-50-colores-y-medidas"},"modified":"2025-07-23T10:27:33","modified_gmt":"2025-07-23T08:27:33","slug":"estanteria-de-lavabo-mesa-de-madera-en-50-colores-y-medidas","status":"publish","type":"product","link":"https:\/\/www.bagnoitalia.com\/es\/producto\/estanteria-de-lavabo-mesa-de-madera-en-50-colores-y-medidas.html","title":{"rendered":"Estante plano para Lavabo de apoyo, en madera y diversos colores"},"content":{"rendered":"<p><strong>ESTANTE DE MADERA S\u00d3LIDA HECHO A MEDIDA<\/strong><\/p>\n<\/p>\n<p><strong>El precio incluye:<\/strong><\/p>\n<\/p>\n<p>Estantes de madera N \u00b0 1 de 50 a 120 cm (puede indicar el tama\u00f1o exacto, en la parte final del pedido en el espacio conocido), H 5 cm, profundidad 32 cm (las medidas se pueden cambiar en el men\u00fa a continuaci\u00f3n)<\/p>\n<p>Kit para montaje en pared<\/p>\n<\/p>\n<p><span style=\"color: #ff0000;\"><strong><span style=\"background-color: #ffffff;\">Atenci\u00f3n:<\/span><\/strong><\/span> <em><span style=\"background-color: #ffffff; color: #000000;\"><strong>indique el tama\u00f1o exacto del estante al final del pedido en el espacio conocido o env\u00ede un correo electr\u00f3nico despu\u00e9s del pedido. Si desea que le proporcionemos el estante, debe enviarnos un dibujo t\u00e9cnico con la posici\u00f3n exacta del orificio.<\/strong> <br \/><\/span><\/em><\/p>\n<\/p>\n<p style=\"text-align: left;\">El estante est\u00e1 disponible en varios tipos de madera (consulte la tabla de colores en el lateral) pero tambi\u00e9n es <strong><span style=\"color: #ff0000;\"><span style=\"text-decoration: underline;\"><span style=\"color: #ff00ff;\">posible hacerlo en colores RAL<\/span><\/span><\/span><\/strong><\/p>\n<p><strong><span style=\"color: #ff0000;\"><br \/> <strong><span style=\"font-size: 14pt;\"><a href=\"http:\/\/www.themeter.net\/ral.htm\" target=\"_blank\" rel=\"noopener noreferrer\">TABLA DE COLORES RAL<\/a><\/span><\/strong> <span style=\"color: #666666; font-family: Tahoma; font-size: 11px; line-height: 14px;\"><span style=\"font-size: 12pt;\">&lt;== haga clic aqu\u00ed para ver todos los colores RAL<\/span><\/span><\/span><\/strong><\/p>\n<\/p>\n<p>Los colores RAL en la versi\u00f3n brillante tienen tiempos de producci\u00f3n de 30 d\u00edas.<\/p>\n<p>La versi\u00f3n opaca es con poro abierto, por lo que puede ver el grano de la madera como el estante rojo que puede ver en las fotos en el lateral (en este caso, los tiempos son de 15\/20 d\u00edas)<\/p>\n<\/p>\n<p>El estante no est\u00e1 perforado, pero si lo solicitamos, podemos hacer el orificio para el fregadero o incluso el mezclador, completando un formulario que le enviaremos despu\u00e9s de la compra (si necesita m\u00e1s orificios, el precio no var\u00eda)<\/p>\n<\/p>\n<p>Tambi\u00e9n puede agregar accesorios (porta toallas como se muestra en la imagen)<\/p>\n<\/p>\n<p><strong>A petici\u00f3n, podemos hacer el estante hasta 300 cm de largo (para colores RAL hasta 250 cm).<\/strong><\/p>\n<\/p>\n<p><strong>Materiales usados<\/strong><\/p>\n<p>Tablero de bloques de madera de \u00e1lamo \/ abeto y cubierto con chapa de roble de 1\u00aa elecci\u00f3n. <br \/> El acabado en el color elegido se realiza con el uso de pinturas eco compatibles con una alta resistencia al agua.<\/p>\n<\/p>\n<p>Tambi\u00e9n es posible agregar una unidad de pared en la parte inferior con la puerta abatible del mismo color del estante (exclusivamente en esencias de madera) que mide L60x35x32p (o longitud variable hasta un m\u00e1ximo de 100 cm, otros tama\u00f1os no pueden modificarse) :<\/p>\n<p><img fetchpriority=\"high\" decoding=\"async\" class=\"decoded size-full wp-image-17702\" src=\"https:\/\/img.bagnoitalia.com\/wp-content\/uploads\/virtuemart\/product\/1cassettiera-a-ribalta.jpg\" alt=\"http:\/\/www.bagnoitalia.it\/https:\/\/img.bagnoitalia.com\/wp-content\/uploads\/virtuemart\/product\/1cassettiera-a-ribalta.jpg\" width=\"230\" height=\"443\" srcset=\"https:\/\/img.bagnoitalia.com\/wp-content\/uploads\/virtuemart\/product\/1cassettiera-a-ribalta.jpg 230w, https:\/\/img.bagnoitalia.com\/wp-content\/uploads\/virtuemart\/product\/1cassettiera-a-ribalta-150x289.jpg 150w\" sizes=\"(max-width: 230px) 100vw, 230px\" \/><\/p>\n<p>_______________________________________________________________<\/p>\n<p>tambi\u00e9n es posible agregar una unidad de caj\u00f3n con puerta abatible en los mismos colores que el estante (exclusivamente en esencias de madera) tama\u00f1os L60x43x32p (o de longitud hasta 100 cm) los otros tama\u00f1os no se pueden cambiar<\/p>\n<p><img decoding=\"async\" class=\"decoded size-full wp-image-17706\" src=\"https:\/\/img.bagnoitalia.com\/wp-content\/uploads\/virtuemart\/product\/1cassettiera-anta-a-ribalta.jpg\" alt=\"http:\/\/www.bagnoitalia.it\/https:\/\/img.bagnoitalia.com\/wp-content\/uploads\/virtuemart\/product\/1cassettiera-anta-a-ribalta.jpg\" width=\"332\" height=\"279\" srcset=\"https:\/\/img.bagnoitalia.com\/wp-content\/uploads\/virtuemart\/product\/1cassettiera-anta-a-ribalta.jpg 332w, https:\/\/img.bagnoitalia.com\/wp-content\/uploads\/virtuemart\/product\/1cassettiera-anta-a-ribalta-150x126.jpg 150w\" sizes=\"(max-width: 332px) 100vw, 332px\" \/> mf<\/p>\n","protected":false},"excerpt":{"rendered":"<p>Estante para lavabo disponible en varios grosores, tama\u00f1os y colores. Posibles personalizaciones.<\/p>\n","protected":false},"featured_media":17866,"comment_status":"open","ping_status":"closed","template":"","meta":[],"product_brand":[5025],"product_cat":[10117],"product_tag":[],"class_list":{"0":"post-78204","1":"product","2":"type-product","3":"status-publish","4":"has-post-thumbnail","6":"product_brand-mastro-fiore","7":"product_cat-senza-categoria-es","9":"first","10":"outofstock","11":"sale","12":"taxable","13":"shipping-taxable","14":"purchasable","15":"product-type-simple"},"exclude_global_add_ons":false,"addons":[{"name":"CAMPI_SPESSORE","type":"multiple_choice","position":0,"required":true,"title_format":"heading","default":"","description_enable":false,"description":"","placeholder_enable":false,"placeholder":"","display":"select","restrictions_type":"any_text","adjust_price":false,"price":"","price_type":"flat_fee","restrictions":false,"min":"0","max":"0","options":[{"label":"5 cm","price":"","price_type":"quantity_based","image":0,"visibility":true},{"label":"10 cm","price":"108","price_type":"quantity_based","image":0,"visibility":true}],"id":1729079073},{"name":"CAMPI_PROFONDIT\u00c0","type":"multiple_choice","position":1,"required":true,"title_format":"heading","default":"","description_enable":false,"description":"","placeholder_enable":false,"placeholder":"","display":"select","restrictions_type":"any_text","adjust_price":false,"price":"","price_type":"flat_fee","restrictions":false,"min":"0","max":"0","options":[{"label":"from 1 to 32 cm","price":"","price_type":"quantity_based","image":0,"visibility":true},{"label":"from 33 cm to 50 cm","price":"60","price_type":"quantity_based","image":0,"visibility":true},{"label":"from 51 cm to 60 cm","price":"84","price_type":"quantity_based","image":0,"visibility":true}],"id":1729079074},{"name":"CAMPI_LUNGHEZZA","type":"multiple_choice","position":2,"required":true,"title_format":"heading","default":"","description_enable":false,"description":"","placeholder_enable":false,"placeholder":"","display":"select","restrictions_type":"any_text","adjust_price":false,"price":"","price_type":"flat_fee","restrictions":false,"min":"0","max":"0","options":[{"label":"from 10 to 80 cm","price":"","price_type":"quantity_based","image":0,"visibility":true},{"label":"from 81 to 120 cm","price":"15","price_type":"quantity_based","image":0,"visibility":true},{"label":"from 121 to 140 cm","price":"39","price_type":"quantity_based","image":0,"visibility":true},{"label":"from 141 to 160 cm","price":"48","price_type":"quantity_based","image":0,"visibility":true},{"label":"from 161 to 180 cm","price":"63","price_type":"quantity_based","image":0,"visibility":true},{"label":"from 181 to 200 cm","price":"78","price_type":"quantity_based","image":0,"visibility":true},{"label":"from 201 to 270 cm","price":"117","price_type":"quantity_based","image":0,"visibility":true},{"label":"from 270 to 300 cm","price":"288","price_type":"quantity_based","image":0,"visibility":true}],"id":1729079075},{"name":"CAMPI_COLORE","type":"multiple_choice","position":3,"required":true,"title_format":"heading","default":"","description_enable":false,"description":"","placeholder_enable":false,"placeholder":"","display":"select","restrictions_type":"any_text","adjust_price":false,"price":"","price_type":"flat_fee","restrictions":false,"min":"0","max":"0","options":[{"label":"sand","price":"","price_type":"quantity_based","image":0,"visibility":true},{"label":"Slate","price":"","price_type":"quantity_based","image":0,"visibility":true},{"label":"tobacco","price":"","price_type":"quantity_based","image":0,"visibility":true},{"label":"ice","price":"","price_type":"quantity_based","image":0,"visibility":true},{"label":"Anthracite","price":"18","price_type":"quantity_based","image":0,"visibility":true},{"label":"Pure white","price":"18","price_type":"quantity_based","image":0,"visibility":true},{"label":"Dark oak","price":"18","price_type":"quantity_based","image":0,"visibility":true},{"label":"natural oak","price":"18","price_type":"quantity_based","image":0,"visibility":true},{"label":"Deep black","price":"18","price_type":"quantity_based","image":0,"visibility":true},{"label":"opaque black","price":"24","price_type":"quantity_based","image":0,"visibility":true},{"label":"opaque aubergine","price":"24","price_type":"quantity_based","image":0,"visibility":true},{"label":"opaque coral","price":"24","price_type":"quantity_based","image":0,"visibility":true},{"label":"Opaque white","price":"24","price_type":"quantity_based","image":0,"visibility":true},{"label":"malindi","price":"60","price_type":"quantity_based","image":0,"visibility":true},{"label":"grey","price":"60","price_type":"quantity_based","image":0,"visibility":true},{"label":"makassar","price":"60","price_type":"quantity_based","image":0,"visibility":true},{"label":"tundra","price":"60","price_type":"quantity_based","image":0,"visibility":true},{"label":"Silver leaf","price":"84","price_type":"quantity_based","image":0,"visibility":true},{"label":"Gold leaf","price":"84","price_type":"quantity_based","image":0,"visibility":true},{"label":"Opaque RAL colours","price":"108","price_type":"quantity_based","image":0,"visibility":true},{"label":"Glossy RAL colours","price":"108","price_type":"quantity_based","image":0,"visibility":true}],"id":1729079076},{"name":"CAMPI_ACCESSORI_IN_METALLO","type":"multiple_choice","position":4,"required":true,"title_format":"heading","default":"","description_enable":false,"description":"","placeholder_enable":false,"placeholder":"","display":"select","restrictions_type":"any_text","adjust_price":false,"price":"","price_type":"flat_fee","restrictions":false,"min":"0","max":"0","options":[{"label":"No accessories","price":"","price_type":"quantity_based","image":0,"visibility":true},{"label":"cm 30 towel holder","price":"84","price_type":"quantity_based","image":0,"visibility":true},{"label":"cm 40 towel holder","price":"84","price_type":"quantity_based","image":0,"visibility":true},{"label":"cm 50 towel holder","price":"90","price_type":"quantity_based","image":0,"visibility":true},{"label":"cm 60 towel holder","price":"90","price_type":"quantity_based","image":0,"visibility":true}],"id":1729079077},{"name":"CAMPI_FORO","type":"multiple_choice","position":5,"required":true,"title_format":"heading","default":"","description_enable":false,"description":"","placeholder_enable":false,"placeholder":"","display":"select","restrictions_type":"any_text","adjust_price":false,"price":"","price_type":"flat_fee","restrictions":false,"min":"0","max":"0","options":[{"label":"No hole","price":"","price_type":"quantity_based","image":0,"visibility":true},{"label":"Customized hole","price":"39","price_type":"quantity_based","image":0,"visibility":true}],"id":1729079078},{"name":"CAMPI_PENSILE","type":"multiple_choice","position":6,"required":true,"title_format":"heading","default":"","description_enable":false,"description":"","placeholder_enable":false,"placeholder":"","display":"select","restrictions_type":"any_text","adjust_price":false,"price":"","price_type":"flat_fee","restrictions":false,"min":"0","max":"0","options":[{"label":"no wall unit","price":"","price_type":"quantity_based","image":0,"visibility":true},{"label":"60xH35xD32 folding door","price":"264","price_type":"quantity_based","image":0,"visibility":true},{"label":"61-100xH43xD32 folding door","price":"312","price_type":"quantity_based","image":0,"visibility":true}],"id":1729079079},{"name":"CAMPI_CASSETTIERA","type":"multiple_choice","position":7,"required":true,"title_format":"heading","default":"","description_enable":false,"description":"","placeholder_enable":false,"placeholder":"","display":"select","restrictions_type":"any_text","adjust_price":false,"price":"","price_type":"flat_fee","restrictions":false,"min":"0","max":"0","options":[{"label":"No drawer unit","price":"","price_type":"quantity_based","image":0,"visibility":true},{"label":"60xH43xD32 folding door","price":"318","price_type":"quantity_based","image":0,"visibility":true},{"label":"61-100xH43xD32 folding door","price":"366","price_type":"quantity_based","image":0,"visibility":true}],"id":1729079080}],"yoast_head":"<!-- This site is optimized with the Yoast SEO plugin v26.7 - https:\/\/yoast.com\/wordpress\/plugins\/seo\/ -->\n<title>Soporte de estante estante en madera maciza de bloques de madera disponible en varios colores y tama\u00f1os<\/title>\n<meta name=\"description\" content=\"Parte superior de la estanter\u00eda para lavabos de encimera de madera maciza de madera maciza, disponible en muchos colores y tama\u00f1os\" \/>\n<meta name=\"robots\" content=\"index, follow, max-snippet:-1, max-image-preview:large, max-video-preview:-1\" \/>\n<link rel=\"canonical\" href=\"https:\/\/www.bagnoitalia.com\/es\/producto\/estanteria-de-lavabo-mesa-de-madera-en-50-colores-y-medidas.html\" \/>\n<meta property=\"og:locale\" content=\"es_ES\" \/>\n<meta property=\"og:type\" content=\"article\" \/>\n<meta property=\"og:title\" content=\"Soporte de estante estante en madera maciza de bloques de madera disponible en varios colores y tama\u00f1os\" \/>\n<meta property=\"og:description\" content=\"Parte superior de la estanter\u00eda para lavabos de encimera de madera maciza de madera maciza, disponible en muchos colores y tama\u00f1os\" \/>\n<meta property=\"og:url\" content=\"https:\/\/www.bagnoitalia.com\/es\/producto\/estanteria-de-lavabo-mesa-de-madera-en-50-colores-y-medidas.html\" \/>\n<meta property=\"og:site_name\" content=\"Bagno Italia\" \/>\n<meta property=\"article:modified_time\" content=\"2025-07-23T08:27:33+00:00\" \/>\n<meta property=\"og:image\" content=\"https:\/\/img.bagnoitalia.com\/wp-content\/uploads\/virtuemart\/product\/A-piano-schelf-for-wooden-washbasin-1_1542378608_7241.jpg\" \/>\n\t<meta property=\"og:image:width\" content=\"369\" \/>\n\t<meta property=\"og:image:height\" content=\"369\" \/>\n\t<meta property=\"og:image:type\" content=\"image\/jpeg\" \/>\n<meta name=\"twitter:card\" content=\"summary_large_image\" \/>\n<meta name=\"twitter:label1\" content=\"Tiempo de lectura\" \/>\n\t<meta name=\"twitter:data1\" content=\"3 minutos\" \/>\n<script type=\"application\/ld+json\" class=\"yoast-schema-graph\">{\"@context\":\"https:\/\/schema.org\",\"@graph\":[{\"@type\":\"WebPage\",\"@id\":\"https:\/\/www.bagnoitalia.com\/es\/producto\/estanteria-de-lavabo-mesa-de-madera-en-50-colores-y-medidas.html\",\"url\":\"https:\/\/www.bagnoitalia.com\/es\/producto\/estanteria-de-lavabo-mesa-de-madera-en-50-colores-y-medidas.html\",\"name\":\"Soporte de estante estante en madera maciza de bloques de madera disponible en varios colores y tama\u00f1os\",\"isPartOf\":{\"@id\":\"https:\/\/www.bagnoitalia.com\/es#website\"},\"primaryImageOfPage\":{\"@id\":\"https:\/\/www.bagnoitalia.com\/es\/producto\/estanteria-de-lavabo-mesa-de-madera-en-50-colores-y-medidas.html#primaryimage\"},\"image\":{\"@id\":\"https:\/\/www.bagnoitalia.com\/es\/producto\/estanteria-de-lavabo-mesa-de-madera-en-50-colores-y-medidas.html#primaryimage\"},\"thumbnailUrl\":\"https:\/\/img.bagnoitalia.com\/wp-content\/uploads\/virtuemart\/product\/A-piano-schelf-for-wooden-washbasin-1_1542378608_7241.jpg\",\"datePublished\":\"2014-02-06T09:36:13+00:00\",\"dateModified\":\"2025-07-23T08:27:33+00:00\",\"description\":\"Parte superior de la estanter\u00eda para lavabos de encimera de madera maciza de madera maciza, disponible en muchos colores y tama\u00f1os\",\"breadcrumb\":{\"@id\":\"https:\/\/www.bagnoitalia.com\/es\/producto\/estanteria-de-lavabo-mesa-de-madera-en-50-colores-y-medidas.html#breadcrumb\"},\"inLanguage\":\"es\",\"potentialAction\":[{\"@type\":\"ReadAction\",\"target\":[\"https:\/\/www.bagnoitalia.com\/es\/producto\/estanteria-de-lavabo-mesa-de-madera-en-50-colores-y-medidas.html\"]}]},{\"@type\":\"ImageObject\",\"inLanguage\":\"es\",\"@id\":\"https:\/\/www.bagnoitalia.com\/es\/producto\/estanteria-de-lavabo-mesa-de-madera-en-50-colores-y-medidas.html#primaryimage\",\"url\":\"https:\/\/img.bagnoitalia.com\/wp-content\/uploads\/virtuemart\/product\/A-piano-schelf-for-wooden-washbasin-1_1542378608_7241.jpg\",\"contentUrl\":\"https:\/\/img.bagnoitalia.com\/wp-content\/uploads\/virtuemart\/product\/A-piano-schelf-for-wooden-washbasin-1_1542378608_7241.jpg\",\"width\":369,\"height\":369},{\"@type\":\"BreadcrumbList\",\"@id\":\"https:\/\/www.bagnoitalia.com\/es\/producto\/estanteria-de-lavabo-mesa-de-madera-en-50-colores-y-medidas.html#breadcrumb\",\"itemListElement\":[{\"@type\":\"ListItem\",\"position\":1,\"name\":\"Home\",\"item\":\"https:\/\/www.bagnoitalia.com\/es\"},{\"@type\":\"ListItem\",\"position\":2,\"name\":\"Productos\",\"item\":\"https:\/\/www.bagnoitalia.com\/es\/shop\"},{\"@type\":\"ListItem\",\"position\":3,\"name\":\"Estante plano para Lavabo de apoyo, en madera y diversos colores\"}]},{\"@type\":\"WebSite\",\"@id\":\"https:\/\/www.bagnoitalia.com\/es#website\",\"url\":\"https:\/\/www.bagnoitalia.com\/es\",\"name\":\"Bagno Italia\",\"description\":\"\",\"publisher\":{\"@id\":\"https:\/\/www.bagnoitalia.com\/es#organization\"},\"potentialAction\":[{\"@type\":\"SearchAction\",\"target\":{\"@type\":\"EntryPoint\",\"urlTemplate\":\"https:\/\/www.bagnoitalia.com\/es?s={search_term_string}\"},\"query-input\":{\"@type\":\"PropertyValueSpecification\",\"valueRequired\":true,\"valueName\":\"search_term_string\"}}],\"inLanguage\":\"es\"},{\"@type\":\"Organization\",\"@id\":\"https:\/\/www.bagnoitalia.com\/es#organization\",\"name\":\"Bagno Italia\",\"url\":\"https:\/\/www.bagnoitalia.com\/es\",\"logo\":{\"@type\":\"ImageObject\",\"inLanguage\":\"es\",\"@id\":\"https:\/\/www.bagnoitalia.com\/es#\/schema\/logo\/image\/\",\"url\":\"https:\/\/img.bagnoitalia.com\/wp-content\/uploads\/logo-bagnoitalia.webp\",\"contentUrl\":\"https:\/\/img.bagnoitalia.com\/wp-content\/uploads\/logo-bagnoitalia.webp\",\"width\":400,\"height\":70,\"caption\":\"Bagno Italia\"},\"image\":{\"@id\":\"https:\/\/www.bagnoitalia.com\/es#\/schema\/logo\/image\/\"}}]}<\/script>\n<!-- \/ Yoast SEO plugin. -->","yoast_head_json":{"title":"Soporte de estante estante en madera maciza de bloques de madera disponible en varios colores y tama\u00f1os","description":"Parte superior de la estanter\u00eda para lavabos de encimera de madera maciza de madera maciza, disponible en muchos colores y tama\u00f1os","robots":{"index":"index","follow":"follow","max-snippet":"max-snippet:-1","max-image-preview":"max-image-preview:large","max-video-preview":"max-video-preview:-1"},"canonical":"https:\/\/www.bagnoitalia.com\/es\/producto\/estanteria-de-lavabo-mesa-de-madera-en-50-colores-y-medidas.html","og_locale":"es_ES","og_type":"article","og_title":"Soporte de estante estante en madera maciza de bloques de madera disponible en varios colores y tama\u00f1os","og_description":"Parte superior de la estanter\u00eda para lavabos de encimera de madera maciza de madera maciza, disponible en muchos colores y tama\u00f1os","og_url":"https:\/\/www.bagnoitalia.com\/es\/producto\/estanteria-de-lavabo-mesa-de-madera-en-50-colores-y-medidas.html","og_site_name":"Bagno Italia","article_modified_time":"2025-07-23T08:27:33+00:00","og_image":[{"width":369,"height":369,"url":"https:\/\/img.bagnoitalia.com\/wp-content\/uploads\/virtuemart\/product\/A-piano-schelf-for-wooden-washbasin-1_1542378608_7241.jpg","type":"image\/jpeg"}],"twitter_card":"summary_large_image","twitter_misc":{"Tiempo de lectura":"3 minutos"},"schema":{"@context":"https:\/\/schema.org","@graph":[{"@type":"WebPage","@id":"https:\/\/www.bagnoitalia.com\/es\/producto\/estanteria-de-lavabo-mesa-de-madera-en-50-colores-y-medidas.html","url":"https:\/\/www.bagnoitalia.com\/es\/producto\/estanteria-de-lavabo-mesa-de-madera-en-50-colores-y-medidas.html","name":"Soporte de estante estante en madera maciza de bloques de madera disponible en varios colores y tama\u00f1os","isPartOf":{"@id":"https:\/\/www.bagnoitalia.com\/es#website"},"primaryImageOfPage":{"@id":"https:\/\/www.bagnoitalia.com\/es\/producto\/estanteria-de-lavabo-mesa-de-madera-en-50-colores-y-medidas.html#primaryimage"},"image":{"@id":"https:\/\/www.bagnoitalia.com\/es\/producto\/estanteria-de-lavabo-mesa-de-madera-en-50-colores-y-medidas.html#primaryimage"},"thumbnailUrl":"https:\/\/img.bagnoitalia.com\/wp-content\/uploads\/virtuemart\/product\/A-piano-schelf-for-wooden-washbasin-1_1542378608_7241.jpg","datePublished":"2014-02-06T09:36:13+00:00","dateModified":"2025-07-23T08:27:33+00:00","description":"Parte superior de la estanter\u00eda para lavabos de encimera de madera maciza de madera maciza, disponible en muchos colores y tama\u00f1os","breadcrumb":{"@id":"https:\/\/www.bagnoitalia.com\/es\/producto\/estanteria-de-lavabo-mesa-de-madera-en-50-colores-y-medidas.html#breadcrumb"},"inLanguage":"es","potentialAction":[{"@type":"ReadAction","target":["https:\/\/www.bagnoitalia.com\/es\/producto\/estanteria-de-lavabo-mesa-de-madera-en-50-colores-y-medidas.html"]}]},{"@type":"ImageObject","inLanguage":"es","@id":"https:\/\/www.bagnoitalia.com\/es\/producto\/estanteria-de-lavabo-mesa-de-madera-en-50-colores-y-medidas.html#primaryimage","url":"https:\/\/img.bagnoitalia.com\/wp-content\/uploads\/virtuemart\/product\/A-piano-schelf-for-wooden-washbasin-1_1542378608_7241.jpg","contentUrl":"https:\/\/img.bagnoitalia.com\/wp-content\/uploads\/virtuemart\/product\/A-piano-schelf-for-wooden-washbasin-1_1542378608_7241.jpg","width":369,"height":369},{"@type":"BreadcrumbList","@id":"https:\/\/www.bagnoitalia.com\/es\/producto\/estanteria-de-lavabo-mesa-de-madera-en-50-colores-y-medidas.html#breadcrumb","itemListElement":[{"@type":"ListItem","position":1,"name":"Home","item":"https:\/\/www.bagnoitalia.com\/es"},{"@type":"ListItem","position":2,"name":"Productos","item":"https:\/\/www.bagnoitalia.com\/es\/shop"},{"@type":"ListItem","position":3,"name":"Estante plano para Lavabo de apoyo, en madera y diversos colores"}]},{"@type":"WebSite","@id":"https:\/\/www.bagnoitalia.com\/es#website","url":"https:\/\/www.bagnoitalia.com\/es","name":"Bagno Italia","description":"","publisher":{"@id":"https:\/\/www.bagnoitalia.com\/es#organization"},"potentialAction":[{"@type":"SearchAction","target":{"@type":"EntryPoint","urlTemplate":"https:\/\/www.bagnoitalia.com\/es?s={search_term_string}"},"query-input":{"@type":"PropertyValueSpecification","valueRequired":true,"valueName":"search_term_string"}}],"inLanguage":"es"},{"@type":"Organization","@id":"https:\/\/www.bagnoitalia.com\/es#organization","name":"Bagno Italia","url":"https:\/\/www.bagnoitalia.com\/es","logo":{"@type":"ImageObject","inLanguage":"es","@id":"https:\/\/www.bagnoitalia.com\/es#\/schema\/logo\/image\/","url":"https:\/\/img.bagnoitalia.com\/wp-content\/uploads\/logo-bagnoitalia.webp","contentUrl":"https:\/\/img.bagnoitalia.com\/wp-content\/uploads\/logo-bagnoitalia.webp","width":400,"height":70,"caption":"Bagno Italia"},"image":{"@id":"https:\/\/www.bagnoitalia.com\/es#\/schema\/logo\/image\/"}}]}},"_links":{"self":[{"href":"https:\/\/www.bagnoitalia.com\/es\/wp-json\/wp\/v2\/product\/78204","targetHints":{"allow":["GET"]}}],"collection":[{"href":"https:\/\/www.bagnoitalia.com\/es\/wp-json\/wp\/v2\/product"}],"about":[{"href":"https:\/\/www.bagnoitalia.com\/es\/wp-json\/wp\/v2\/types\/product"}],"replies":[{"embeddable":true,"href":"https:\/\/www.bagnoitalia.com\/es\/wp-json\/wp\/v2\/comments?post=78204"}],"version-history":[{"count":1,"href":"https:\/\/www.bagnoitalia.com\/es\/wp-json\/wp\/v2\/product\/78204\/revisions"}],"predecessor-version":[{"id":93202,"href":"https:\/\/www.bagnoitalia.com\/es\/wp-json\/wp\/v2\/product\/78204\/revisions\/93202"}],"wp:featuredmedia":[{"embeddable":true,"href":"https:\/\/www.bagnoitalia.com\/es\/wp-json\/wp\/v2\/media\/17866"}],"wp:attachment":[{"href":"https:\/\/www.bagnoitalia.com\/es\/wp-json\/wp\/v2\/media?parent=78204"}],"wp:term":[{"taxonomy":"product_brand","embeddable":true,"href":"https:\/\/www.bagnoitalia.com\/es\/wp-json\/wp\/v2\/product_brand?post=78204"},{"taxonomy":"product_cat","embeddable":true,"href":"https:\/\/www.bagnoitalia.com\/es\/wp-json\/wp\/v2\/product_cat?post=78204"},{"taxonomy":"product_tag","embeddable":true,"href":"https:\/\/www.bagnoitalia.com\/es\/wp-json\/wp\/v2\/product_tag?post=78204"}],"curies":[{"name":"wp","href":"https:\/\/api.w.org\/{rel}","templated":true}]}}