{"id":78188,"date":"2012-12-15T00:10:31","date_gmt":"2012-12-14T23:10:31","guid":{"rendered":"https:\/\/www.bagnoitalia.com\/product\/puerta-batiente-para-mampara-de-ducha-nicho-de-vidrio-transparente-u-opaco-pr007"},"modified":"2024-06-12T14:54:47","modified_gmt":"2024-06-12T12:54:47","slug":"puerta-batiente-para-mampara-de-ducha-nicho-de-vidrio-transparente-u-opaco-pr007","status":"publish","type":"product","link":"https:\/\/www.bagnoitalia.com\/es\/producto\/puerta-batiente-para-mampara-de-ducha-nicho-de-vidrio-transparente-u-opaco-pr007.html","title":{"rendered":"Puerta batiente (abatible) para Cabina de ducha en nicho de vidrio transparente u opaco PR007"},"content":{"rendered":"<p><strong><span style=\"color: #ff0000;\">A petici\u00f3n enviamos fotos en alta resoluci\u00f3n.<\/span><\/strong><\/p>\n<p>&nbsp;<\/p>\n<p>&nbsp;<\/p>\n<p>&nbsp;<\/p>\n<p><span style=\"color: #000000;\"><strong>Puerta abatible para cabina de ducha en nicho de vidrio transparente o moteado<br \/>\n<\/strong><\/span><\/p>\n<p>&nbsp;<\/p>\n<div style=\"text-align: justify;\"><strong>Caracter\u00edsticas t\u00e9cnicas:<\/strong><\/div>\n<div style=\"text-align: justify;\"><\/div>\n<ul style=\"margin-top: 0cm; text-align: justify;\" type=\"disc\">\n<li style=\"margin-top: 6pt; margin-bottom: 6pt;\"><span style=\"font-size: small;\">CRISTAL<\/span> <span style=\"font-size: small;\">6mm, H 185h.<\/span><\/li>\n<li style=\"margin-top: 6pt; margin-bottom: 6pt;\"><span style=\"font-size: small;\">Disponible en versi\u00f3n MATT y TRANSPARENTE.<br \/>\n<\/span><\/li>\n<li style=\"margin-top: 6pt; margin-bottom: 6pt;\"><span style=\"font-size: small;\">Perfil de <strong>aluminio<\/strong> con <strong>tratamiento antioxidante.<\/strong><br \/>\n<\/span><\/li>\n<li style=\"margin-top: 6pt; margin-bottom: 6pt;\"><span style=\"font-size: small;\">Pinza magn\u00e9tica de altura completa (im\u00e1n) que garantiza una estanqueidad \u00f3ptima al agua<\/span><\/li>\n<li style=\"margin-top: 6pt; margin-bottom: 6pt;\"><span style=\"font-size: small;\">Sistema de apertura con puertas batientes al exterior.<br \/>\n<\/span><\/li>\n<li style=\"margin-top: 6pt; margin-bottom: 6pt;\"><span style=\"font-size: small;\">Ajustable hasta 12cm.<br \/>\n<\/span><\/li>\n<li style=\"margin-top: 6pt; margin-bottom: 6pt;\"><span style=\"font-size: small;\">Extensible para adaptarse a cualquier fuera de cuadrados en la placa o pared<\/span><\/li>\n<\/ul>\n<ul style=\"margin-top: 0cm; text-align: justify;\" type=\"disc\">\n<li style=\"margin-top: 6pt; margin-bottom: 6pt;\"><span style=\"font-size: small;\">Plato de ducha no incluido (disponible bajo petici\u00f3n)<\/span><\/li>\n<\/ul>\n<div style=\"text-align: justify;\"><strong>Tallas disponibles:<\/strong><\/div>\n<ul>\n<li style=\"text-align: justify;\"><span style=\"font-size: 10pt;\">70:<\/span> <span style=\"font-size: small;\">Ajustable de 58 cm a 70 cm.<\/span><\/li>\n<li style=\"margin-top: 6pt; margin-bottom: 6pt; text-align: justify;\"><span style=\"font-size: small;\">80: Ajustable de 68 cm a 80 cm.<\/span><\/li>\n<li style=\"margin-top: 6pt; margin-bottom: 6pt; text-align: justify;\"><span style=\"font-size: small;\">90: Ajustable de 78 cm a 90 cm.<\/span><\/li>\n<\/ul>\n<p><span style=\"font-size: small;\">100: Ajustable de 88 cm a 100 cm.<\/span><\/p>\n<p><img decoding=\"async\" class=\"decoded size-full wp-image-15381\" src=\"https:\/\/img.bagnoitalia.com\/wp-content\/uploads\/1b.jpg\" alt=\"http:\/\/www.bagnoitalia.it\/https:\/\/img.bagnoitalia.com\/wp-content\/uploads\/1b.jpg\" width=\"658\" height=\"56\" srcset=\"https:\/\/img.bagnoitalia.com\/wp-content\/uploads\/1b.jpg 658w, https:\/\/img.bagnoitalia.com\/wp-content\/uploads\/1b-441x38.jpg 441w, https:\/\/img.bagnoitalia.com\/wp-content\/uploads\/1b-600x51.jpg 600w, https:\/\/img.bagnoitalia.com\/wp-content\/uploads\/1b-150x13.jpg 150w\" sizes=\"(max-width: 658px) 100vw, 658px\" \/><\/p>\n<p>Tambi\u00e9n est\u00e1 disponible un perfil H adicional para aumentar la longitud de la puerta de la ducha de 3 a 6 cm.<\/p>\n<p><span style=\"font-family: Tahoma; font-size: 10pt;\">La pared fija que incluye el perfil de pared es:<\/span><\/p>\n<p><span style=\"font-family: Tahoma; font-size: 10pt;\">Para la puerta de 70 &#8211; cm 16.<br \/>\n<span style=\"font-family: Tahoma; font-size: 10pt;\"><span style=\"font-family: Tahoma; font-size: 10pt;\">Para la puerta de 80 &#8211; cm 20.<\/span><\/span><\/span><\/p>\n<p><span style=\"font-family: Tahoma; font-size: 10pt;\"><span style=\"font-family: Tahoma; font-size: 10pt;\">Para la puerta de<\/span> 90 cm.<br \/>\n<span style=\"font-family: Tahoma; font-size: 10pt;\">Para la puerta de<\/span> 100 cm 28.<\/span><\/p>\n<p><span style=\"font-size: 12pt;\"><strong>Espacio de entrada<\/strong><\/span><\/p>\n<p><span style=\"font-family: Tahoma; font-size: 10pt;\">Puerta de 70: 45 cm.<br \/>\nPuerta de 80: 55 cm.<br \/>\nPuerta de 90: 61 cm.<br \/>\nPuerta de 100: 67 cm.<\/span><\/p>\n<p>&nbsp;<\/p>\n","protected":false},"excerpt":{"rendered":"<p>Puerta abatible para cabina de ducha en Nicho, de vidrio transparente o moteado, disponible en diferentes tama\u00f1os de cm 58 a 100 cm, Altura 185 cm<\/p>\n","protected":false},"featured_media":17742,"comment_status":"open","ping_status":"closed","template":"","meta":[],"product_brand":[5007],"product_cat":[9829,9729],"product_tag":[],"class_list":{"0":"post-78188","1":"product","2":"type-product","3":"status-publish","4":"has-post-thumbnail","6":"product_brand-hydrastar","7":"product_cat-puerta-de-ducha-con-puerta-batiente-puertas-de-ducha","8":"product_cat-puertas-de-ducha","10":"first","11":"instock","12":"sale","13":"taxable","14":"shipping-taxable","15":"purchasable","16":"product-type-simple"},"exclude_global_add_ons":false,"addons":[{"name":"Dimensiones","type":"multiple_choice","position":0,"required":true,"title_format":"heading","default":"","description_enable":false,"description":"","placeholder_enable":false,"placeholder":"","display":"select","restrictions_type":"any_text","adjust_price":false,"price":"","price_type":"flat_fee","restrictions":false,"min":"0","max":"0","options":[{"label":"70 cm","price":"","price_type":"quantity_based","image":0,"visibility":true},{"label":"80 cm","price":"5","price_type":"quantity_based","image":0,"visibility":true},{"label":"90 cm","price":"14","price_type":"quantity_based","image":0,"visibility":true},{"label":"100 cm","price":"24","price_type":"quantity_based","image":0,"visibility":true}],"id":1718204088},{"name":"Perfil de compensaci\u00f3n","type":"multiple_choice","position":1,"required":true,"title_format":"heading","default":"","description_enable":false,"description":"","placeholder_enable":false,"placeholder":"","display":"select","restrictions_type":"any_text","adjust_price":false,"price":"","price_type":"flat_fee","restrictions":false,"min":"0","max":"0","options":[{"label":"SIN PERFIL","price":"","price_type":"quantity_based","image":0,"visibility":true},{"label":"1 PERFIL 1 CM","price":"35","price_type":"quantity_based","image":0,"visibility":true},{"label":"2 PERFILES 2 CM","price":"70","price_type":"quantity_based","image":0,"visibility":true},{"label":"1 PERFIL EN FORMA DE H DE 3 A 6 CM","price":"45","price_type":"quantity_based","image":0,"visibility":true},{"label":"2 PERFILES EN FORMA DE H DE 3 A 6 CM","price":"90","price_type":"quantity_based","image":0,"visibility":true}],"id":1718204089},{"name":"Cristal","type":"multiple_choice","position":2,"required":true,"title_format":"heading","default":"","description_enable":false,"description":"","placeholder_enable":false,"placeholder":"","display":"select","restrictions_type":"any_text","adjust_price":false,"price":"","price_type":"flat_fee","restrictions":false,"min":"0","max":"0","options":[{"label":"Transparente","price":"","price_type":"quantity_based","image":0,"visibility":true},{"label":"Opaco","price":"","price_type":"quantity_based","image":0,"visibility":true}],"id":1718204090}],"yoast_head":"<!-- This site is optimized with the Yoast SEO plugin v26.7 - https:\/\/yoast.com\/wordpress\/plugins\/seo\/ -->\n<title>Puerta batiente para mampara de ducha nicho de vidrio transparente o hd punteado<\/title>\n<meta name=\"description\" content=\"Puerta abatible para mampara de ducha en nicho de vidrio transparente o punteado, con perfil de aluminio y tratamiento antioxidante, adem\u00e1s de cierre magn\u00e9tico (im\u00e1n).\" \/>\n<meta name=\"robots\" content=\"index, follow, max-snippet:-1, max-image-preview:large, max-video-preview:-1\" \/>\n<link rel=\"canonical\" href=\"https:\/\/www.bagnoitalia.com\/es\/producto\/puerta-batiente-para-mampara-de-ducha-nicho-de-vidrio-transparente-u-opaco-pr007.html\" \/>\n<meta property=\"og:locale\" content=\"es_ES\" \/>\n<meta property=\"og:type\" content=\"article\" \/>\n<meta property=\"og:title\" content=\"Puerta batiente para mampara de ducha nicho de vidrio transparente o hd punteado\" \/>\n<meta property=\"og:description\" content=\"Puerta abatible para mampara de ducha en nicho de vidrio transparente o punteado, con perfil de aluminio y tratamiento antioxidante, adem\u00e1s de cierre magn\u00e9tico (im\u00e1n).\" \/>\n<meta property=\"og:url\" content=\"https:\/\/www.bagnoitalia.com\/es\/producto\/puerta-batiente-para-mampara-de-ducha-nicho-de-vidrio-transparente-u-opaco-pr007.html\" \/>\n<meta property=\"og:site_name\" content=\"Bagno Italia\" \/>\n<meta property=\"article:modified_time\" content=\"2024-06-12T12:54:47+00:00\" \/>\n<meta property=\"og:image\" content=\"https:\/\/img.bagnoitalia.com\/wp-content\/uploads\/virtuemart\/product\/door-hinged-for-shower-enclosure-001_1561544782_837.jpg\" \/>\n\t<meta property=\"og:image:width\" content=\"550\" \/>\n\t<meta property=\"og:image:height\" content=\"550\" \/>\n\t<meta property=\"og:image:type\" content=\"image\/jpeg\" \/>\n<meta name=\"twitter:card\" content=\"summary_large_image\" \/>\n<meta name=\"twitter:label1\" content=\"Tiempo de lectura\" \/>\n\t<meta name=\"twitter:data1\" content=\"2 minutos\" \/>\n<script type=\"application\/ld+json\" class=\"yoast-schema-graph\">{\"@context\":\"https:\/\/schema.org\",\"@graph\":[{\"@type\":\"WebPage\",\"@id\":\"https:\/\/www.bagnoitalia.com\/es\/producto\/puerta-batiente-para-mampara-de-ducha-nicho-de-vidrio-transparente-u-opaco-pr007.html\",\"url\":\"https:\/\/www.bagnoitalia.com\/es\/producto\/puerta-batiente-para-mampara-de-ducha-nicho-de-vidrio-transparente-u-opaco-pr007.html\",\"name\":\"Puerta batiente para mampara de ducha nicho de vidrio transparente o hd punteado\",\"isPartOf\":{\"@id\":\"https:\/\/www.bagnoitalia.com\/es#website\"},\"primaryImageOfPage\":{\"@id\":\"https:\/\/www.bagnoitalia.com\/es\/producto\/puerta-batiente-para-mampara-de-ducha-nicho-de-vidrio-transparente-u-opaco-pr007.html#primaryimage\"},\"image\":{\"@id\":\"https:\/\/www.bagnoitalia.com\/es\/producto\/puerta-batiente-para-mampara-de-ducha-nicho-de-vidrio-transparente-u-opaco-pr007.html#primaryimage\"},\"thumbnailUrl\":\"https:\/\/img.bagnoitalia.com\/wp-content\/uploads\/virtuemart\/product\/door-hinged-for-shower-enclosure-001_1561544782_837.jpg\",\"datePublished\":\"2012-12-14T23:10:31+00:00\",\"dateModified\":\"2024-06-12T12:54:47+00:00\",\"description\":\"Puerta abatible para mampara de ducha en nicho de vidrio transparente o punteado, con perfil de aluminio y tratamiento antioxidante, adem\u00e1s de cierre magn\u00e9tico (im\u00e1n).\",\"breadcrumb\":{\"@id\":\"https:\/\/www.bagnoitalia.com\/es\/producto\/puerta-batiente-para-mampara-de-ducha-nicho-de-vidrio-transparente-u-opaco-pr007.html#breadcrumb\"},\"inLanguage\":\"es\",\"potentialAction\":[{\"@type\":\"ReadAction\",\"target\":[\"https:\/\/www.bagnoitalia.com\/es\/producto\/puerta-batiente-para-mampara-de-ducha-nicho-de-vidrio-transparente-u-opaco-pr007.html\"]}]},{\"@type\":\"ImageObject\",\"inLanguage\":\"es\",\"@id\":\"https:\/\/www.bagnoitalia.com\/es\/producto\/puerta-batiente-para-mampara-de-ducha-nicho-de-vidrio-transparente-u-opaco-pr007.html#primaryimage\",\"url\":\"https:\/\/img.bagnoitalia.com\/wp-content\/uploads\/virtuemart\/product\/door-hinged-for-shower-enclosure-001_1561544782_837.jpg\",\"contentUrl\":\"https:\/\/img.bagnoitalia.com\/wp-content\/uploads\/virtuemart\/product\/door-hinged-for-shower-enclosure-001_1561544782_837.jpg\",\"width\":550,\"height\":550},{\"@type\":\"BreadcrumbList\",\"@id\":\"https:\/\/www.bagnoitalia.com\/es\/producto\/puerta-batiente-para-mampara-de-ducha-nicho-de-vidrio-transparente-u-opaco-pr007.html#breadcrumb\",\"itemListElement\":[{\"@type\":\"ListItem\",\"position\":1,\"name\":\"Home\",\"item\":\"https:\/\/www.bagnoitalia.com\/es\"},{\"@type\":\"ListItem\",\"position\":2,\"name\":\"Productos\",\"item\":\"https:\/\/www.bagnoitalia.com\/es\/shop\"},{\"@type\":\"ListItem\",\"position\":3,\"name\":\"Puerta batiente (abatible) para Cabina de ducha en nicho de vidrio transparente u opaco PR007\"}]},{\"@type\":\"WebSite\",\"@id\":\"https:\/\/www.bagnoitalia.com\/es#website\",\"url\":\"https:\/\/www.bagnoitalia.com\/es\",\"name\":\"Bagno Italia\",\"description\":\"\",\"publisher\":{\"@id\":\"https:\/\/www.bagnoitalia.com\/es#organization\"},\"potentialAction\":[{\"@type\":\"SearchAction\",\"target\":{\"@type\":\"EntryPoint\",\"urlTemplate\":\"https:\/\/www.bagnoitalia.com\/es?s={search_term_string}\"},\"query-input\":{\"@type\":\"PropertyValueSpecification\",\"valueRequired\":true,\"valueName\":\"search_term_string\"}}],\"inLanguage\":\"es\"},{\"@type\":\"Organization\",\"@id\":\"https:\/\/www.bagnoitalia.com\/es#organization\",\"name\":\"Bagno Italia\",\"url\":\"https:\/\/www.bagnoitalia.com\/es\",\"logo\":{\"@type\":\"ImageObject\",\"inLanguage\":\"es\",\"@id\":\"https:\/\/www.bagnoitalia.com\/es#\/schema\/logo\/image\/\",\"url\":\"https:\/\/img.bagnoitalia.com\/wp-content\/uploads\/logo-bagnoitalia.webp\",\"contentUrl\":\"https:\/\/img.bagnoitalia.com\/wp-content\/uploads\/logo-bagnoitalia.webp\",\"width\":400,\"height\":70,\"caption\":\"Bagno Italia\"},\"image\":{\"@id\":\"https:\/\/www.bagnoitalia.com\/es#\/schema\/logo\/image\/\"}}]}<\/script>\n<!-- \/ Yoast SEO plugin. -->","yoast_head_json":{"title":"Puerta batiente para mampara de ducha nicho de vidrio transparente o hd punteado","description":"Puerta abatible para mampara de ducha en nicho de vidrio transparente o punteado, con perfil de aluminio y tratamiento antioxidante, adem\u00e1s de cierre magn\u00e9tico (im\u00e1n).","robots":{"index":"index","follow":"follow","max-snippet":"max-snippet:-1","max-image-preview":"max-image-preview:large","max-video-preview":"max-video-preview:-1"},"canonical":"https:\/\/www.bagnoitalia.com\/es\/producto\/puerta-batiente-para-mampara-de-ducha-nicho-de-vidrio-transparente-u-opaco-pr007.html","og_locale":"es_ES","og_type":"article","og_title":"Puerta batiente para mampara de ducha nicho de vidrio transparente o hd punteado","og_description":"Puerta abatible para mampara de ducha en nicho de vidrio transparente o punteado, con perfil de aluminio y tratamiento antioxidante, adem\u00e1s de cierre magn\u00e9tico (im\u00e1n).","og_url":"https:\/\/www.bagnoitalia.com\/es\/producto\/puerta-batiente-para-mampara-de-ducha-nicho-de-vidrio-transparente-u-opaco-pr007.html","og_site_name":"Bagno Italia","article_modified_time":"2024-06-12T12:54:47+00:00","og_image":[{"width":550,"height":550,"url":"https:\/\/img.bagnoitalia.com\/wp-content\/uploads\/virtuemart\/product\/door-hinged-for-shower-enclosure-001_1561544782_837.jpg","type":"image\/jpeg"}],"twitter_card":"summary_large_image","twitter_misc":{"Tiempo de lectura":"2 minutos"},"schema":{"@context":"https:\/\/schema.org","@graph":[{"@type":"WebPage","@id":"https:\/\/www.bagnoitalia.com\/es\/producto\/puerta-batiente-para-mampara-de-ducha-nicho-de-vidrio-transparente-u-opaco-pr007.html","url":"https:\/\/www.bagnoitalia.com\/es\/producto\/puerta-batiente-para-mampara-de-ducha-nicho-de-vidrio-transparente-u-opaco-pr007.html","name":"Puerta batiente para mampara de ducha nicho de vidrio transparente o hd punteado","isPartOf":{"@id":"https:\/\/www.bagnoitalia.com\/es#website"},"primaryImageOfPage":{"@id":"https:\/\/www.bagnoitalia.com\/es\/producto\/puerta-batiente-para-mampara-de-ducha-nicho-de-vidrio-transparente-u-opaco-pr007.html#primaryimage"},"image":{"@id":"https:\/\/www.bagnoitalia.com\/es\/producto\/puerta-batiente-para-mampara-de-ducha-nicho-de-vidrio-transparente-u-opaco-pr007.html#primaryimage"},"thumbnailUrl":"https:\/\/img.bagnoitalia.com\/wp-content\/uploads\/virtuemart\/product\/door-hinged-for-shower-enclosure-001_1561544782_837.jpg","datePublished":"2012-12-14T23:10:31+00:00","dateModified":"2024-06-12T12:54:47+00:00","description":"Puerta abatible para mampara de ducha en nicho de vidrio transparente o punteado, con perfil de aluminio y tratamiento antioxidante, adem\u00e1s de cierre magn\u00e9tico (im\u00e1n).","breadcrumb":{"@id":"https:\/\/www.bagnoitalia.com\/es\/producto\/puerta-batiente-para-mampara-de-ducha-nicho-de-vidrio-transparente-u-opaco-pr007.html#breadcrumb"},"inLanguage":"es","potentialAction":[{"@type":"ReadAction","target":["https:\/\/www.bagnoitalia.com\/es\/producto\/puerta-batiente-para-mampara-de-ducha-nicho-de-vidrio-transparente-u-opaco-pr007.html"]}]},{"@type":"ImageObject","inLanguage":"es","@id":"https:\/\/www.bagnoitalia.com\/es\/producto\/puerta-batiente-para-mampara-de-ducha-nicho-de-vidrio-transparente-u-opaco-pr007.html#primaryimage","url":"https:\/\/img.bagnoitalia.com\/wp-content\/uploads\/virtuemart\/product\/door-hinged-for-shower-enclosure-001_1561544782_837.jpg","contentUrl":"https:\/\/img.bagnoitalia.com\/wp-content\/uploads\/virtuemart\/product\/door-hinged-for-shower-enclosure-001_1561544782_837.jpg","width":550,"height":550},{"@type":"BreadcrumbList","@id":"https:\/\/www.bagnoitalia.com\/es\/producto\/puerta-batiente-para-mampara-de-ducha-nicho-de-vidrio-transparente-u-opaco-pr007.html#breadcrumb","itemListElement":[{"@type":"ListItem","position":1,"name":"Home","item":"https:\/\/www.bagnoitalia.com\/es"},{"@type":"ListItem","position":2,"name":"Productos","item":"https:\/\/www.bagnoitalia.com\/es\/shop"},{"@type":"ListItem","position":3,"name":"Puerta batiente (abatible) para Cabina de ducha en nicho de vidrio transparente u opaco PR007"}]},{"@type":"WebSite","@id":"https:\/\/www.bagnoitalia.com\/es#website","url":"https:\/\/www.bagnoitalia.com\/es","name":"Bagno Italia","description":"","publisher":{"@id":"https:\/\/www.bagnoitalia.com\/es#organization"},"potentialAction":[{"@type":"SearchAction","target":{"@type":"EntryPoint","urlTemplate":"https:\/\/www.bagnoitalia.com\/es?s={search_term_string}"},"query-input":{"@type":"PropertyValueSpecification","valueRequired":true,"valueName":"search_term_string"}}],"inLanguage":"es"},{"@type":"Organization","@id":"https:\/\/www.bagnoitalia.com\/es#organization","name":"Bagno Italia","url":"https:\/\/www.bagnoitalia.com\/es","logo":{"@type":"ImageObject","inLanguage":"es","@id":"https:\/\/www.bagnoitalia.com\/es#\/schema\/logo\/image\/","url":"https:\/\/img.bagnoitalia.com\/wp-content\/uploads\/logo-bagnoitalia.webp","contentUrl":"https:\/\/img.bagnoitalia.com\/wp-content\/uploads\/logo-bagnoitalia.webp","width":400,"height":70,"caption":"Bagno Italia"},"image":{"@id":"https:\/\/www.bagnoitalia.com\/es#\/schema\/logo\/image\/"}}]}},"_links":{"self":[{"href":"https:\/\/www.bagnoitalia.com\/es\/wp-json\/wp\/v2\/product\/78188","targetHints":{"allow":["GET"]}}],"collection":[{"href":"https:\/\/www.bagnoitalia.com\/es\/wp-json\/wp\/v2\/product"}],"about":[{"href":"https:\/\/www.bagnoitalia.com\/es\/wp-json\/wp\/v2\/types\/product"}],"replies":[{"embeddable":true,"href":"https:\/\/www.bagnoitalia.com\/es\/wp-json\/wp\/v2\/comments?post=78188"}],"version-history":[{"count":1,"href":"https:\/\/www.bagnoitalia.com\/es\/wp-json\/wp\/v2\/product\/78188\/revisions"}],"predecessor-version":[{"id":90021,"href":"https:\/\/www.bagnoitalia.com\/es\/wp-json\/wp\/v2\/product\/78188\/revisions\/90021"}],"wp:featuredmedia":[{"embeddable":true,"href":"https:\/\/www.bagnoitalia.com\/es\/wp-json\/wp\/v2\/media\/17742"}],"wp:attachment":[{"href":"https:\/\/www.bagnoitalia.com\/es\/wp-json\/wp\/v2\/media?parent=78188"}],"wp:term":[{"taxonomy":"product_brand","embeddable":true,"href":"https:\/\/www.bagnoitalia.com\/es\/wp-json\/wp\/v2\/product_brand?post=78188"},{"taxonomy":"product_cat","embeddable":true,"href":"https:\/\/www.bagnoitalia.com\/es\/wp-json\/wp\/v2\/product_cat?post=78188"},{"taxonomy":"product_tag","embeddable":true,"href":"https:\/\/www.bagnoitalia.com\/es\/wp-json\/wp\/v2\/product_tag?post=78188"}],"curies":[{"name":"wp","href":"https:\/\/api.w.org\/{rel}","templated":true}]}}