{"id":78112,"date":"2014-01-22T11:25:26","date_gmt":"2014-01-22T10:25:26","guid":{"rendered":"https:\/\/www.bagnoitalia.com\/product\/cabina-de-hidromasaje-con-banera-sauna-80x80-o-90x90-o-100x100-cb013-cabina-de-ducha"},"modified":"2026-03-10T14:59:52","modified_gmt":"2026-03-10T13:59:52","slug":"cabina-de-hidromasaje-con-banera-sauna-80x80-o-90x90-o-100x100-cb013-cabina-de-ducha","status":"publish","type":"product","link":"https:\/\/www.bagnoitalia.com\/es\/producto\/cabina-de-hidromasaje-con-banera-sauna-80x80-o-90x90-o-100x100-cb013-cabina-de-ducha.html","title":{"rendered":"Cabina de hidromasaje con ba\u00f1era 80&#215;80 o 90&#215;90 o 105&#215;105 con ba\u00f1o de vapor y bluetooth CB013"},"content":{"rendered":"<p>\u00bfDolor de espalda? \u00bfDolor muscular? \u00bfDolor de cuello? \u00bfNecesita un producto que le permita recuperar los m\u00fasculos despu\u00e9s de un entrenamiento o necesita una forma agradable de reducir de forma impresionante el estr\u00e9s? Imagine poder conseguir todo esto en su cuarto de ba\u00f1o, a un precio ventajoso y en un espacio de menos de un metro cuadrado. Exacto: eso es lo que le proponemos a trav\u00e9s de esta cabina de hidromasaje, disponible en 3 tama\u00f1os diferentes (80&#215;80 cm, 90&#215;90 cm, 105&#215;105 cm), que le proporciona el placer del hidromasaje combinado con muchas otras opciones interesantes y de calidad, como el generador de vapor para el ba\u00f1o turco, otra aut\u00e9ntica bendici\u00f3n para la salud.<\/p>\n<p>La cabina est\u00e1 equipada con panel de control t\u00e1ctil, Bluetooth, radio, toallero, espejo, 6 chorros de hidromasaje a lo largo de la columna central, respaldo, masaje de pies, asiento de hidromasaje y ba\u00f1o de vapor, coj\u00edn reposacabezas, contestador telef\u00f3nico (tambi\u00e9n manos libres), altavoces, generador de vapor y ozonoterapia. El cristal templado oscurecido tiene un grosor de 5 mm y cumple las normas de prevenci\u00f3n de accidentes.<\/p>\n<p>Dimensiones: 80x80x210 &#8211; 90x90x210 &#8211; 105x105x210<\/p>\n<p>(Altura exterior de la ba\u00f1era 40 cm, altura interior de la ba\u00f1era 27 cm)<\/p>\n<p>CARACTER\u00cdSTICAS T\u00c9CNICAS:<\/p>\n<p>&nbsp;<\/p>\n<p>&#8211; Panel inform\u00e1tico con pantalla t\u00e1ctil;<\/p>\n<p>-Bluetooth<br \/>\n&#8211; Radio FM;<br \/>\n&#8211; Ducha en el techo con iluminaci\u00f3n; Ducha de acero cromado;<br \/>\n&#8211; Tiradores cromados;<br \/>\n&#8211; Estante de cristal;<br \/>\n&#8211; Toallero;<br \/>\n&#8211; Espejo;<br \/>\n&#8211; Chorros de hidromasaje con 6 chorros<br \/>\n&#8211; Control agua caliente &#8211; agua fr\u00eda;<br \/>\n&#8211; Respaldo;<br \/>\n&#8211; Masaje de pies;<br \/>\n&#8211; C\u00f3modo asiento para ba\u00f1o de vapor o hidromasaje<br \/>\n&#8211; Ba\u00f1era antideslizante;<br \/>\n&#8211; Coj\u00edn reposacabezas<br \/>\n&#8211; Luz de techo; LEDs traseros<br \/>\n&#8211; Receptor de tel\u00e9fono manos libres;<br \/>\n&#8211; Desag\u00fce de agua;<br \/>\n&#8211; Ventilador de extracci\u00f3n;<br \/>\n&#8211; Altavoces;<br \/>\n&#8211; Cristal templado y tintado de 5 mm para evitar accidentes.<br \/>\n&#8211; Generador de vapor;<br \/>\n&#8211; Ozonoterapia (generador de iones activos);<br \/>\n&#8211; Chorros de agua a lo largo de la columna central.<\/p>\n<p>&nbsp;<\/p>\n<p>Cabina 90&#215;90 <a href=\"images\/manuali\/90x90-cb013.pdf\">Haga clic aqu\u00ed para descargar el manual<\/a><\/p>\n<p>&nbsp;<\/p>\n<p>Cabina 105&#215;105 <a href=\"images\/manuali\/105x105-cb013.pdf\">Haga clic aqu\u00ed para descargar el manual<\/a><\/p>\n<p>&nbsp;<\/p>\n<p style=\"line-height: normal; margin: 0cm 0cm 10pt; text-align: justify;\" align=\"center\"><span style=\"font-size: 12pt;\"><span style=\"font-family: 'Times New Roman', 'serif';\"><strong><span style=\"font-family: 'Arial';\"><img decoding=\"async\" class=\" size-full wp-image-17274\" src=\"https:\/\/img.bagnoitalia.com\/wp-content\/uploads\/virtuemart\/product\/resized\/8004-1_200x200.jpg\" alt=\"http:\/\/www.bagnoitalia.it\/https:\/\/img.bagnoitalia.com\/wp-content\/uploads\/virtuemart\/product\/resized\/8004-1_200x200.jpg\" width=\"131\" height=\"200\" \/> &lt;=== Cabinas 90&#215;90 y 80&#215;80 con borde de la cubeta blanca con barras cromadas<br \/>\n<\/span><\/strong><\/span><\/span><\/p>\n<p style=\"line-height: normal; margin: 0cm 0cm 10pt; text-align: justify;\" align=\"center\"><span style=\"font-size: 12pt;\"><span style=\"font-family: 'Times New Roman', 'serif';\"><strong><span style=\"font-family: 'Arial';\"><img fetchpriority=\"high\" decoding=\"async\" class=\" size-full wp-image-17278\" src=\"https:\/\/img.bagnoitalia.com\/wp-content\/uploads\/virtuemart\/product\/1-cabina-idromassaggio105x105.jpg\" alt=\"http:\/\/www.bagnoitalia.it\/https:\/\/img.bagnoitalia.com\/wp-content\/uploads\/virtuemart\/product\/1-cabina-idromassaggio105x105.jpg\" width=\"214\" height=\"254\" srcset=\"https:\/\/img.bagnoitalia.com\/wp-content\/uploads\/virtuemart\/product\/1-cabina-idromassaggio105x105.jpg 393w, https:\/\/img.bagnoitalia.com\/wp-content\/uploads\/virtuemart\/product\/1-cabina-idromassaggio105x105-150x178.jpg 150w\" sizes=\"(max-width: 214px) 100vw, 214px\" \/> &lt;=== Cabina 105&#215;105 nuevo modelo<br \/>\n<\/span><\/strong><\/span><\/span><\/p>\n<p style=\"text-align: justify;\"><img decoding=\"async\" class=\" size-full wp-image-17283\" src=\"https:\/\/img.bagnoitalia.com\/wp-content\/uploads\/1-1.jpg\" alt=\"\" width=\"817\" height=\"135\" srcset=\"https:\/\/img.bagnoitalia.com\/wp-content\/uploads\/1-1.jpg 817w, https:\/\/img.bagnoitalia.com\/wp-content\/uploads\/1-1-768x127.jpg 768w, https:\/\/img.bagnoitalia.com\/wp-content\/uploads\/1-1-441x73.jpg 441w, https:\/\/img.bagnoitalia.com\/wp-content\/uploads\/1-1-600x99.jpg 600w, https:\/\/img.bagnoitalia.com\/wp-content\/uploads\/1-1-150x25.jpg 150w\" sizes=\"(max-width: 817px) 100vw, 817px\" \/><\/p>\n<p>&nbsp;<\/p>\n","protected":false},"excerpt":{"rendered":"<p>Cabina con ba\u00f1era de hidromasaje, semicircular 80&#215;80, 90&#215;90 o 105&#215;105 completa opcional<\/p>\n","protected":false},"featured_media":17230,"comment_status":"open","ping_status":"closed","template":"","meta":[],"product_brand":[9926],"product_cat":[9737],"product_tag":[],"class_list":{"0":"post-78112","1":"product","2":"type-product","3":"status-publish","4":"has-post-thumbnail","6":"product_brand-predator-arredo-casa-es","7":"product_cat-cabina-de-hidromasaje","9":"first","10":"instock","11":"sale","12":"taxable","13":"shipping-taxable","14":"purchasable","15":"product-type-simple"},"exclude_global_add_ons":false,"addons":[{"name":"dimensiones","type":"multiple_choice","position":0,"required":true,"title_format":"heading","default":"","description_enable":false,"description":"","placeholder_enable":false,"placeholder":"","display":"select","restrictions_type":"any_text","adjust_price":false,"price":"","price_type":"flat_fee","restrictions":false,"min":"0","max":"0","options":[{"label":"80x80 cm","price":"","price_type":"quantity_based","image":0,"visibility":true},{"label":"90x90 cm","price":"171","price_type":"quantity_based","image":0,"visibility":true},{"label":"105x105 cm","price":"400","price_type":"quantity_based","image":0,"visibility":true}],"id":1716460197}],"yoast_head":"<!-- This site is optimized with the Yoast SEO plugin v26.7 - https:\/\/yoast.com\/wordpress\/plugins\/seo\/ -->\n<title>Cabina de hidromasaje con ba\u00f1era 80x80 o 90x90 o 105x105 con sauna y bluetooth CB013<\/title>\n<meta name=\"description\" content=\"Cabina con ba\u00f1era de hidromasaje, semicircular 80x80, 90x90 o 105x105 completa opcional\" \/>\n<meta name=\"robots\" content=\"index, follow, max-snippet:-1, max-image-preview:large, max-video-preview:-1\" \/>\n<link rel=\"canonical\" href=\"https:\/\/www.bagnoitalia.com\/es\/producto\/cabina-de-hidromasaje-con-banera-sauna-80x80-o-90x90-o-100x100-cb013-cabina-de-ducha.html\" \/>\n<meta property=\"og:locale\" content=\"es_ES\" \/>\n<meta property=\"og:type\" content=\"article\" \/>\n<meta property=\"og:title\" content=\"Cabina de hidromasaje con ba\u00f1era 80x80 o 90x90 o 105x105 con sauna y bluetooth CB013\" \/>\n<meta property=\"og:description\" content=\"Cabina con ba\u00f1era de hidromasaje, semicircular 80x80, 90x90 o 105x105 completa opcional\" \/>\n<meta property=\"og:url\" content=\"https:\/\/www.bagnoitalia.com\/es\/producto\/cabina-de-hidromasaje-con-banera-sauna-80x80-o-90x90-o-100x100-cb013-cabina-de-ducha.html\" \/>\n<meta property=\"og:site_name\" content=\"Bagno Italia\" \/>\n<meta property=\"article:modified_time\" content=\"2026-03-10T13:59:52+00:00\" \/>\n<meta property=\"og:image\" content=\"https:\/\/img.bagnoitalia.com\/wp-content\/uploads\/virtuemart\/product\/cabin-Hydromassage-tub-CB013-1_1542879517_601.jpg\" \/>\n\t<meta property=\"og:image:width\" content=\"503\" \/>\n\t<meta property=\"og:image:height\" content=\"503\" \/>\n\t<meta property=\"og:image:type\" content=\"image\/jpeg\" \/>\n<meta name=\"twitter:card\" content=\"summary_large_image\" \/>\n<meta name=\"twitter:label1\" content=\"Tiempo de lectura\" \/>\n\t<meta name=\"twitter:data1\" content=\"3 minutos\" \/>\n<script type=\"application\/ld+json\" class=\"yoast-schema-graph\">{\"@context\":\"https:\/\/schema.org\",\"@graph\":[{\"@type\":\"WebPage\",\"@id\":\"https:\/\/www.bagnoitalia.com\/es\/producto\/cabina-de-hidromasaje-con-banera-sauna-80x80-o-90x90-o-100x100-cb013-cabina-de-ducha.html\",\"url\":\"https:\/\/www.bagnoitalia.com\/es\/producto\/cabina-de-hidromasaje-con-banera-sauna-80x80-o-90x90-o-100x100-cb013-cabina-de-ducha.html\",\"name\":\"Cabina de hidromasaje con ba\u00f1era 80x80 o 90x90 o 105x105 con sauna y bluetooth CB013\",\"isPartOf\":{\"@id\":\"https:\/\/www.bagnoitalia.com\/es#website\"},\"primaryImageOfPage\":{\"@id\":\"https:\/\/www.bagnoitalia.com\/es\/producto\/cabina-de-hidromasaje-con-banera-sauna-80x80-o-90x90-o-100x100-cb013-cabina-de-ducha.html#primaryimage\"},\"image\":{\"@id\":\"https:\/\/www.bagnoitalia.com\/es\/producto\/cabina-de-hidromasaje-con-banera-sauna-80x80-o-90x90-o-100x100-cb013-cabina-de-ducha.html#primaryimage\"},\"thumbnailUrl\":\"https:\/\/img.bagnoitalia.com\/wp-content\/uploads\/virtuemart\/product\/cabin-Hydromassage-tub-CB013-1_1542879517_601.jpg\",\"datePublished\":\"2014-01-22T10:25:26+00:00\",\"dateModified\":\"2026-03-10T13:59:52+00:00\",\"description\":\"Cabina con ba\u00f1era de hidromasaje, semicircular 80x80, 90x90 o 105x105 completa opcional\",\"breadcrumb\":{\"@id\":\"https:\/\/www.bagnoitalia.com\/es\/producto\/cabina-de-hidromasaje-con-banera-sauna-80x80-o-90x90-o-100x100-cb013-cabina-de-ducha.html#breadcrumb\"},\"inLanguage\":\"es\",\"potentialAction\":[{\"@type\":\"ReadAction\",\"target\":[\"https:\/\/www.bagnoitalia.com\/es\/producto\/cabina-de-hidromasaje-con-banera-sauna-80x80-o-90x90-o-100x100-cb013-cabina-de-ducha.html\"]}]},{\"@type\":\"ImageObject\",\"inLanguage\":\"es\",\"@id\":\"https:\/\/www.bagnoitalia.com\/es\/producto\/cabina-de-hidromasaje-con-banera-sauna-80x80-o-90x90-o-100x100-cb013-cabina-de-ducha.html#primaryimage\",\"url\":\"https:\/\/img.bagnoitalia.com\/wp-content\/uploads\/virtuemart\/product\/cabin-Hydromassage-tub-CB013-1_1542879517_601.jpg\",\"contentUrl\":\"https:\/\/img.bagnoitalia.com\/wp-content\/uploads\/virtuemart\/product\/cabin-Hydromassage-tub-CB013-1_1542879517_601.jpg\",\"width\":503,\"height\":503},{\"@type\":\"BreadcrumbList\",\"@id\":\"https:\/\/www.bagnoitalia.com\/es\/producto\/cabina-de-hidromasaje-con-banera-sauna-80x80-o-90x90-o-100x100-cb013-cabina-de-ducha.html#breadcrumb\",\"itemListElement\":[{\"@type\":\"ListItem\",\"position\":1,\"name\":\"Home\",\"item\":\"https:\/\/www.bagnoitalia.com\/es\"},{\"@type\":\"ListItem\",\"position\":2,\"name\":\"Productos\",\"item\":\"https:\/\/www.bagnoitalia.com\/es\/shop\"},{\"@type\":\"ListItem\",\"position\":3,\"name\":\"Cabina de hidromasaje con ba\u00f1era 80&#215;80 o 90&#215;90 o 105&#215;105 con ba\u00f1o de vapor y bluetooth CB013\"}]},{\"@type\":\"WebSite\",\"@id\":\"https:\/\/www.bagnoitalia.com\/es#website\",\"url\":\"https:\/\/www.bagnoitalia.com\/es\",\"name\":\"Bagno Italia\",\"description\":\"\",\"publisher\":{\"@id\":\"https:\/\/www.bagnoitalia.com\/es#organization\"},\"potentialAction\":[{\"@type\":\"SearchAction\",\"target\":{\"@type\":\"EntryPoint\",\"urlTemplate\":\"https:\/\/www.bagnoitalia.com\/es?s={search_term_string}\"},\"query-input\":{\"@type\":\"PropertyValueSpecification\",\"valueRequired\":true,\"valueName\":\"search_term_string\"}}],\"inLanguage\":\"es\"},{\"@type\":\"Organization\",\"@id\":\"https:\/\/www.bagnoitalia.com\/es#organization\",\"name\":\"Bagno Italia\",\"url\":\"https:\/\/www.bagnoitalia.com\/es\",\"logo\":{\"@type\":\"ImageObject\",\"inLanguage\":\"es\",\"@id\":\"https:\/\/www.bagnoitalia.com\/es#\/schema\/logo\/image\/\",\"url\":\"https:\/\/img.bagnoitalia.com\/wp-content\/uploads\/logo-bagnoitalia.webp\",\"contentUrl\":\"https:\/\/img.bagnoitalia.com\/wp-content\/uploads\/logo-bagnoitalia.webp\",\"width\":400,\"height\":70,\"caption\":\"Bagno Italia\"},\"image\":{\"@id\":\"https:\/\/www.bagnoitalia.com\/es#\/schema\/logo\/image\/\"}}]}<\/script>\n<!-- \/ Yoast SEO plugin. -->","yoast_head_json":{"title":"Cabina de hidromasaje con ba\u00f1era 80x80 o 90x90 o 105x105 con sauna y bluetooth CB013","description":"Cabina con ba\u00f1era de hidromasaje, semicircular 80x80, 90x90 o 105x105 completa opcional","robots":{"index":"index","follow":"follow","max-snippet":"max-snippet:-1","max-image-preview":"max-image-preview:large","max-video-preview":"max-video-preview:-1"},"canonical":"https:\/\/www.bagnoitalia.com\/es\/producto\/cabina-de-hidromasaje-con-banera-sauna-80x80-o-90x90-o-100x100-cb013-cabina-de-ducha.html","og_locale":"es_ES","og_type":"article","og_title":"Cabina de hidromasaje con ba\u00f1era 80x80 o 90x90 o 105x105 con sauna y bluetooth CB013","og_description":"Cabina con ba\u00f1era de hidromasaje, semicircular 80x80, 90x90 o 105x105 completa opcional","og_url":"https:\/\/www.bagnoitalia.com\/es\/producto\/cabina-de-hidromasaje-con-banera-sauna-80x80-o-90x90-o-100x100-cb013-cabina-de-ducha.html","og_site_name":"Bagno Italia","article_modified_time":"2026-03-10T13:59:52+00:00","og_image":[{"width":503,"height":503,"url":"https:\/\/img.bagnoitalia.com\/wp-content\/uploads\/virtuemart\/product\/cabin-Hydromassage-tub-CB013-1_1542879517_601.jpg","type":"image\/jpeg"}],"twitter_card":"summary_large_image","twitter_misc":{"Tiempo de lectura":"3 minutos"},"schema":{"@context":"https:\/\/schema.org","@graph":[{"@type":"WebPage","@id":"https:\/\/www.bagnoitalia.com\/es\/producto\/cabina-de-hidromasaje-con-banera-sauna-80x80-o-90x90-o-100x100-cb013-cabina-de-ducha.html","url":"https:\/\/www.bagnoitalia.com\/es\/producto\/cabina-de-hidromasaje-con-banera-sauna-80x80-o-90x90-o-100x100-cb013-cabina-de-ducha.html","name":"Cabina de hidromasaje con ba\u00f1era 80x80 o 90x90 o 105x105 con sauna y bluetooth CB013","isPartOf":{"@id":"https:\/\/www.bagnoitalia.com\/es#website"},"primaryImageOfPage":{"@id":"https:\/\/www.bagnoitalia.com\/es\/producto\/cabina-de-hidromasaje-con-banera-sauna-80x80-o-90x90-o-100x100-cb013-cabina-de-ducha.html#primaryimage"},"image":{"@id":"https:\/\/www.bagnoitalia.com\/es\/producto\/cabina-de-hidromasaje-con-banera-sauna-80x80-o-90x90-o-100x100-cb013-cabina-de-ducha.html#primaryimage"},"thumbnailUrl":"https:\/\/img.bagnoitalia.com\/wp-content\/uploads\/virtuemart\/product\/cabin-Hydromassage-tub-CB013-1_1542879517_601.jpg","datePublished":"2014-01-22T10:25:26+00:00","dateModified":"2026-03-10T13:59:52+00:00","description":"Cabina con ba\u00f1era de hidromasaje, semicircular 80x80, 90x90 o 105x105 completa opcional","breadcrumb":{"@id":"https:\/\/www.bagnoitalia.com\/es\/producto\/cabina-de-hidromasaje-con-banera-sauna-80x80-o-90x90-o-100x100-cb013-cabina-de-ducha.html#breadcrumb"},"inLanguage":"es","potentialAction":[{"@type":"ReadAction","target":["https:\/\/www.bagnoitalia.com\/es\/producto\/cabina-de-hidromasaje-con-banera-sauna-80x80-o-90x90-o-100x100-cb013-cabina-de-ducha.html"]}]},{"@type":"ImageObject","inLanguage":"es","@id":"https:\/\/www.bagnoitalia.com\/es\/producto\/cabina-de-hidromasaje-con-banera-sauna-80x80-o-90x90-o-100x100-cb013-cabina-de-ducha.html#primaryimage","url":"https:\/\/img.bagnoitalia.com\/wp-content\/uploads\/virtuemart\/product\/cabin-Hydromassage-tub-CB013-1_1542879517_601.jpg","contentUrl":"https:\/\/img.bagnoitalia.com\/wp-content\/uploads\/virtuemart\/product\/cabin-Hydromassage-tub-CB013-1_1542879517_601.jpg","width":503,"height":503},{"@type":"BreadcrumbList","@id":"https:\/\/www.bagnoitalia.com\/es\/producto\/cabina-de-hidromasaje-con-banera-sauna-80x80-o-90x90-o-100x100-cb013-cabina-de-ducha.html#breadcrumb","itemListElement":[{"@type":"ListItem","position":1,"name":"Home","item":"https:\/\/www.bagnoitalia.com\/es"},{"@type":"ListItem","position":2,"name":"Productos","item":"https:\/\/www.bagnoitalia.com\/es\/shop"},{"@type":"ListItem","position":3,"name":"Cabina de hidromasaje con ba\u00f1era 80&#215;80 o 90&#215;90 o 105&#215;105 con ba\u00f1o de vapor y bluetooth CB013"}]},{"@type":"WebSite","@id":"https:\/\/www.bagnoitalia.com\/es#website","url":"https:\/\/www.bagnoitalia.com\/es","name":"Bagno Italia","description":"","publisher":{"@id":"https:\/\/www.bagnoitalia.com\/es#organization"},"potentialAction":[{"@type":"SearchAction","target":{"@type":"EntryPoint","urlTemplate":"https:\/\/www.bagnoitalia.com\/es?s={search_term_string}"},"query-input":{"@type":"PropertyValueSpecification","valueRequired":true,"valueName":"search_term_string"}}],"inLanguage":"es"},{"@type":"Organization","@id":"https:\/\/www.bagnoitalia.com\/es#organization","name":"Bagno Italia","url":"https:\/\/www.bagnoitalia.com\/es","logo":{"@type":"ImageObject","inLanguage":"es","@id":"https:\/\/www.bagnoitalia.com\/es#\/schema\/logo\/image\/","url":"https:\/\/img.bagnoitalia.com\/wp-content\/uploads\/logo-bagnoitalia.webp","contentUrl":"https:\/\/img.bagnoitalia.com\/wp-content\/uploads\/logo-bagnoitalia.webp","width":400,"height":70,"caption":"Bagno Italia"},"image":{"@id":"https:\/\/www.bagnoitalia.com\/es#\/schema\/logo\/image\/"}}]}},"_links":{"self":[{"href":"https:\/\/www.bagnoitalia.com\/es\/wp-json\/wp\/v2\/product\/78112","targetHints":{"allow":["GET"]}}],"collection":[{"href":"https:\/\/www.bagnoitalia.com\/es\/wp-json\/wp\/v2\/product"}],"about":[{"href":"https:\/\/www.bagnoitalia.com\/es\/wp-json\/wp\/v2\/types\/product"}],"replies":[{"embeddable":true,"href":"https:\/\/www.bagnoitalia.com\/es\/wp-json\/wp\/v2\/comments?post=78112"}],"version-history":[{"count":4,"href":"https:\/\/www.bagnoitalia.com\/es\/wp-json\/wp\/v2\/product\/78112\/revisions"}],"predecessor-version":[{"id":116729,"href":"https:\/\/www.bagnoitalia.com\/es\/wp-json\/wp\/v2\/product\/78112\/revisions\/116729"}],"wp:featuredmedia":[{"embeddable":true,"href":"https:\/\/www.bagnoitalia.com\/es\/wp-json\/wp\/v2\/media\/17230"}],"wp:attachment":[{"href":"https:\/\/www.bagnoitalia.com\/es\/wp-json\/wp\/v2\/media?parent=78112"}],"wp:term":[{"taxonomy":"product_brand","embeddable":true,"href":"https:\/\/www.bagnoitalia.com\/es\/wp-json\/wp\/v2\/product_brand?post=78112"},{"taxonomy":"product_cat","embeddable":true,"href":"https:\/\/www.bagnoitalia.com\/es\/wp-json\/wp\/v2\/product_cat?post=78112"},{"taxonomy":"product_tag","embeddable":true,"href":"https:\/\/www.bagnoitalia.com\/es\/wp-json\/wp\/v2\/product_tag?post=78112"}],"curies":[{"name":"wp","href":"https:\/\/api.w.org\/{rel}","templated":true}]}}