{"id":78080,"date":"2012-10-16T08:50:03","date_gmt":"2012-10-16T06:50:03","guid":{"rendered":"https:\/\/www.bagnoitalia.com\/product\/lavabo-con-columna-ceramica-roca-de-un-solo-orificio-de-63-cm"},"modified":"2025-03-25T16:30:44","modified_gmt":"2025-03-25T15:30:44","slug":"lavabo-con-columna-ceramica-roca-de-un-solo-orificio-de-63-cm","status":"publish","type":"product","link":"https:\/\/www.bagnoitalia.com\/es\/producto\/lavabo-con-columna-ceramica-roca-de-un-solo-orificio-de-63-cm.html","title":{"rendered":"Lavabo de pedestal 63xA83 cm de un solo agujero en Cer\u00e1mica"},"content":{"rendered":"<p>Este modelo de lavabo de pedestal cer\u00e1mico est\u00e1 fabricado con cer\u00e1mica de primera calidad que garantiza la resistencia y seguridad del producto en su uso, todo ello a un precio competitivo y muy ventajoso. La ventaja del lavabo con pedestal es que ofrece una referencia estil\u00edstica e ideal para otras cer\u00e1micas de ba\u00f1o, como sanitarios, inodoros y bid\u00e9s, adem\u00e1s del marcado sabor retro del producto.<\/p>\n<p>El lavabo se adapta a cualquier soluci\u00f3n de ba\u00f1o y a cualquier necesidad.<\/p>\n<p>&nbsp;<\/p>\n<p>Lavabo de un seno con pedestal fabricado en cer\u00e1mica de primera calidad<\/p>\n<p>&nbsp;<\/p>\n<p><span style=\"text-decoration: underline;\"><strong>DIMENSIONES EXTERIORES:<\/strong><\/span><\/p>\n<p>Longitud m\u00e1xima 63 cm<\/p>\n<p>Profundidad m\u00e1xima 49,5 cm<\/p>\n<p>Altura total 83,5 cm<\/p>\n<p>&nbsp;<\/p>\n<p><span style=\"text-decoration: underline;\"><strong>DIMENSIONES DEL LAVABO<\/strong><\/span><\/p>\n<p>longitud: 52,5 cm<\/p>\n<p>Profundidad: 30,5 cm<\/p>\n<p>&nbsp;<\/p>\n<p>&nbsp;<\/p>\n<p>&nbsp;<\/p>\n<p>&nbsp;<\/p>\n<p>94DQ65<\/p>\n<p>86UE32<\/p>\n","protected":false},"excerpt":{"rendered":"<p>Fregadero de cer\u00e1mica con pedestal, 63xP49,5xH83,5 cm<\/p>\n","protected":false},"featured_media":17086,"comment_status":"open","ping_status":"closed","template":"","meta":[],"product_brand":[9902,9956],"product_cat":[10117],"product_tag":[],"class_list":{"0":"post-78080","1":"product","2":"type-product","3":"status-publish","4":"has-post-thumbnail","6":"product_brand-baritermo-es","7":"product_brand-thermo-professional-es","8":"product_cat-senza-categoria-es","10":"first","11":"outofstock","12":"taxable","13":"shipping-taxable","14":"purchasable","15":"product-type-simple"},"exclude_global_add_ons":[],"addons":[],"yoast_head":"<!-- This site is optimized with the Yoast SEO plugin v26.7 - https:\/\/yoast.com\/wordpress\/plugins\/seo\/ -->\n<title>Lavabo con pedestal cer\u00e1mico de un orificio<\/title>\n<meta name=\"description\" content=\"Lavabo con columna Ceramica Roca, modelo de orificio \u00fanico, hecho de cer\u00e1mica de alta calidad.\" \/>\n<meta name=\"robots\" content=\"index, follow, max-snippet:-1, max-image-preview:large, max-video-preview:-1\" \/>\n<link rel=\"canonical\" href=\"https:\/\/www.bagnoitalia.com\/es\/producto\/lavabo-con-columna-ceramica-roca-de-un-solo-orificio-de-63-cm.html\" \/>\n<meta property=\"og:locale\" content=\"es_ES\" \/>\n<meta property=\"og:type\" content=\"article\" \/>\n<meta property=\"og:title\" content=\"Lavabo con pedestal cer\u00e1mico de un orificio\" \/>\n<meta property=\"og:description\" content=\"Lavabo con columna Ceramica Roca, modelo de orificio \u00fanico, hecho de cer\u00e1mica de alta calidad.\" \/>\n<meta property=\"og:url\" content=\"https:\/\/www.bagnoitalia.com\/es\/producto\/lavabo-con-columna-ceramica-roca-de-un-solo-orificio-de-63-cm.html\" \/>\n<meta property=\"og:site_name\" content=\"Bagno Italia\" \/>\n<meta property=\"article:modified_time\" content=\"2025-03-25T15:30:44+00:00\" \/>\n<meta property=\"og:image\" content=\"https:\/\/img.bagnoitalia.com\/wp-content\/uploads\/virtuemart\/product\/lavabo-a-colonna-ceramica.jpg\" \/>\n\t<meta property=\"og:image:width\" content=\"500\" \/>\n\t<meta property=\"og:image:height\" content=\"500\" \/>\n\t<meta property=\"og:image:type\" content=\"image\/jpeg\" \/>\n<meta name=\"twitter:card\" content=\"summary_large_image\" \/>\n<meta name=\"twitter:label1\" content=\"Tiempo de lectura\" \/>\n\t<meta name=\"twitter:data1\" content=\"1 minuto\" \/>\n<script type=\"application\/ld+json\" class=\"yoast-schema-graph\">{\"@context\":\"https:\/\/schema.org\",\"@graph\":[{\"@type\":\"WebPage\",\"@id\":\"https:\/\/www.bagnoitalia.com\/es\/producto\/lavabo-con-columna-ceramica-roca-de-un-solo-orificio-de-63-cm.html\",\"url\":\"https:\/\/www.bagnoitalia.com\/es\/producto\/lavabo-con-columna-ceramica-roca-de-un-solo-orificio-de-63-cm.html\",\"name\":\"Lavabo con pedestal cer\u00e1mico de un orificio\",\"isPartOf\":{\"@id\":\"https:\/\/www.bagnoitalia.com\/es#website\"},\"primaryImageOfPage\":{\"@id\":\"https:\/\/www.bagnoitalia.com\/es\/producto\/lavabo-con-columna-ceramica-roca-de-un-solo-orificio-de-63-cm.html#primaryimage\"},\"image\":{\"@id\":\"https:\/\/www.bagnoitalia.com\/es\/producto\/lavabo-con-columna-ceramica-roca-de-un-solo-orificio-de-63-cm.html#primaryimage\"},\"thumbnailUrl\":\"https:\/\/img.bagnoitalia.com\/wp-content\/uploads\/virtuemart\/product\/lavabo-a-colonna-ceramica.jpg\",\"datePublished\":\"2012-10-16T06:50:03+00:00\",\"dateModified\":\"2025-03-25T15:30:44+00:00\",\"description\":\"Lavabo con columna Ceramica Roca, modelo de orificio \u00fanico, hecho de cer\u00e1mica de alta calidad.\",\"breadcrumb\":{\"@id\":\"https:\/\/www.bagnoitalia.com\/es\/producto\/lavabo-con-columna-ceramica-roca-de-un-solo-orificio-de-63-cm.html#breadcrumb\"},\"inLanguage\":\"es\",\"potentialAction\":[{\"@type\":\"ReadAction\",\"target\":[\"https:\/\/www.bagnoitalia.com\/es\/producto\/lavabo-con-columna-ceramica-roca-de-un-solo-orificio-de-63-cm.html\"]}]},{\"@type\":\"ImageObject\",\"inLanguage\":\"es\",\"@id\":\"https:\/\/www.bagnoitalia.com\/es\/producto\/lavabo-con-columna-ceramica-roca-de-un-solo-orificio-de-63-cm.html#primaryimage\",\"url\":\"https:\/\/img.bagnoitalia.com\/wp-content\/uploads\/virtuemart\/product\/lavabo-a-colonna-ceramica.jpg\",\"contentUrl\":\"https:\/\/img.bagnoitalia.com\/wp-content\/uploads\/virtuemart\/product\/lavabo-a-colonna-ceramica.jpg\",\"width\":500,\"height\":500},{\"@type\":\"BreadcrumbList\",\"@id\":\"https:\/\/www.bagnoitalia.com\/es\/producto\/lavabo-con-columna-ceramica-roca-de-un-solo-orificio-de-63-cm.html#breadcrumb\",\"itemListElement\":[{\"@type\":\"ListItem\",\"position\":1,\"name\":\"Home\",\"item\":\"https:\/\/www.bagnoitalia.com\/es\"},{\"@type\":\"ListItem\",\"position\":2,\"name\":\"Productos\",\"item\":\"https:\/\/www.bagnoitalia.com\/es\/shop\"},{\"@type\":\"ListItem\",\"position\":3,\"name\":\"Lavabo de pedestal 63xA83 cm de un solo agujero en Cer\u00e1mica\"}]},{\"@type\":\"WebSite\",\"@id\":\"https:\/\/www.bagnoitalia.com\/es#website\",\"url\":\"https:\/\/www.bagnoitalia.com\/es\",\"name\":\"Bagno Italia\",\"description\":\"\",\"publisher\":{\"@id\":\"https:\/\/www.bagnoitalia.com\/es#organization\"},\"potentialAction\":[{\"@type\":\"SearchAction\",\"target\":{\"@type\":\"EntryPoint\",\"urlTemplate\":\"https:\/\/www.bagnoitalia.com\/es?s={search_term_string}\"},\"query-input\":{\"@type\":\"PropertyValueSpecification\",\"valueRequired\":true,\"valueName\":\"search_term_string\"}}],\"inLanguage\":\"es\"},{\"@type\":\"Organization\",\"@id\":\"https:\/\/www.bagnoitalia.com\/es#organization\",\"name\":\"Bagno Italia\",\"url\":\"https:\/\/www.bagnoitalia.com\/es\",\"logo\":{\"@type\":\"ImageObject\",\"inLanguage\":\"es\",\"@id\":\"https:\/\/www.bagnoitalia.com\/es#\/schema\/logo\/image\/\",\"url\":\"https:\/\/img.bagnoitalia.com\/wp-content\/uploads\/logo-bagnoitalia.webp\",\"contentUrl\":\"https:\/\/img.bagnoitalia.com\/wp-content\/uploads\/logo-bagnoitalia.webp\",\"width\":400,\"height\":70,\"caption\":\"Bagno Italia\"},\"image\":{\"@id\":\"https:\/\/www.bagnoitalia.com\/es#\/schema\/logo\/image\/\"}}]}<\/script>\n<!-- \/ Yoast SEO plugin. -->","yoast_head_json":{"title":"Lavabo con pedestal cer\u00e1mico de un orificio","description":"Lavabo con columna Ceramica Roca, modelo de orificio \u00fanico, hecho de cer\u00e1mica de alta calidad.","robots":{"index":"index","follow":"follow","max-snippet":"max-snippet:-1","max-image-preview":"max-image-preview:large","max-video-preview":"max-video-preview:-1"},"canonical":"https:\/\/www.bagnoitalia.com\/es\/producto\/lavabo-con-columna-ceramica-roca-de-un-solo-orificio-de-63-cm.html","og_locale":"es_ES","og_type":"article","og_title":"Lavabo con pedestal cer\u00e1mico de un orificio","og_description":"Lavabo con columna Ceramica Roca, modelo de orificio \u00fanico, hecho de cer\u00e1mica de alta calidad.","og_url":"https:\/\/www.bagnoitalia.com\/es\/producto\/lavabo-con-columna-ceramica-roca-de-un-solo-orificio-de-63-cm.html","og_site_name":"Bagno Italia","article_modified_time":"2025-03-25T15:30:44+00:00","og_image":[{"width":500,"height":500,"url":"https:\/\/img.bagnoitalia.com\/wp-content\/uploads\/virtuemart\/product\/lavabo-a-colonna-ceramica.jpg","type":"image\/jpeg"}],"twitter_card":"summary_large_image","twitter_misc":{"Tiempo de lectura":"1 minuto"},"schema":{"@context":"https:\/\/schema.org","@graph":[{"@type":"WebPage","@id":"https:\/\/www.bagnoitalia.com\/es\/producto\/lavabo-con-columna-ceramica-roca-de-un-solo-orificio-de-63-cm.html","url":"https:\/\/www.bagnoitalia.com\/es\/producto\/lavabo-con-columna-ceramica-roca-de-un-solo-orificio-de-63-cm.html","name":"Lavabo con pedestal cer\u00e1mico de un orificio","isPartOf":{"@id":"https:\/\/www.bagnoitalia.com\/es#website"},"primaryImageOfPage":{"@id":"https:\/\/www.bagnoitalia.com\/es\/producto\/lavabo-con-columna-ceramica-roca-de-un-solo-orificio-de-63-cm.html#primaryimage"},"image":{"@id":"https:\/\/www.bagnoitalia.com\/es\/producto\/lavabo-con-columna-ceramica-roca-de-un-solo-orificio-de-63-cm.html#primaryimage"},"thumbnailUrl":"https:\/\/img.bagnoitalia.com\/wp-content\/uploads\/virtuemart\/product\/lavabo-a-colonna-ceramica.jpg","datePublished":"2012-10-16T06:50:03+00:00","dateModified":"2025-03-25T15:30:44+00:00","description":"Lavabo con columna Ceramica Roca, modelo de orificio \u00fanico, hecho de cer\u00e1mica de alta calidad.","breadcrumb":{"@id":"https:\/\/www.bagnoitalia.com\/es\/producto\/lavabo-con-columna-ceramica-roca-de-un-solo-orificio-de-63-cm.html#breadcrumb"},"inLanguage":"es","potentialAction":[{"@type":"ReadAction","target":["https:\/\/www.bagnoitalia.com\/es\/producto\/lavabo-con-columna-ceramica-roca-de-un-solo-orificio-de-63-cm.html"]}]},{"@type":"ImageObject","inLanguage":"es","@id":"https:\/\/www.bagnoitalia.com\/es\/producto\/lavabo-con-columna-ceramica-roca-de-un-solo-orificio-de-63-cm.html#primaryimage","url":"https:\/\/img.bagnoitalia.com\/wp-content\/uploads\/virtuemart\/product\/lavabo-a-colonna-ceramica.jpg","contentUrl":"https:\/\/img.bagnoitalia.com\/wp-content\/uploads\/virtuemart\/product\/lavabo-a-colonna-ceramica.jpg","width":500,"height":500},{"@type":"BreadcrumbList","@id":"https:\/\/www.bagnoitalia.com\/es\/producto\/lavabo-con-columna-ceramica-roca-de-un-solo-orificio-de-63-cm.html#breadcrumb","itemListElement":[{"@type":"ListItem","position":1,"name":"Home","item":"https:\/\/www.bagnoitalia.com\/es"},{"@type":"ListItem","position":2,"name":"Productos","item":"https:\/\/www.bagnoitalia.com\/es\/shop"},{"@type":"ListItem","position":3,"name":"Lavabo de pedestal 63xA83 cm de un solo agujero en Cer\u00e1mica"}]},{"@type":"WebSite","@id":"https:\/\/www.bagnoitalia.com\/es#website","url":"https:\/\/www.bagnoitalia.com\/es","name":"Bagno Italia","description":"","publisher":{"@id":"https:\/\/www.bagnoitalia.com\/es#organization"},"potentialAction":[{"@type":"SearchAction","target":{"@type":"EntryPoint","urlTemplate":"https:\/\/www.bagnoitalia.com\/es?s={search_term_string}"},"query-input":{"@type":"PropertyValueSpecification","valueRequired":true,"valueName":"search_term_string"}}],"inLanguage":"es"},{"@type":"Organization","@id":"https:\/\/www.bagnoitalia.com\/es#organization","name":"Bagno Italia","url":"https:\/\/www.bagnoitalia.com\/es","logo":{"@type":"ImageObject","inLanguage":"es","@id":"https:\/\/www.bagnoitalia.com\/es#\/schema\/logo\/image\/","url":"https:\/\/img.bagnoitalia.com\/wp-content\/uploads\/logo-bagnoitalia.webp","contentUrl":"https:\/\/img.bagnoitalia.com\/wp-content\/uploads\/logo-bagnoitalia.webp","width":400,"height":70,"caption":"Bagno Italia"},"image":{"@id":"https:\/\/www.bagnoitalia.com\/es#\/schema\/logo\/image\/"}}]}},"_links":{"self":[{"href":"https:\/\/www.bagnoitalia.com\/es\/wp-json\/wp\/v2\/product\/78080","targetHints":{"allow":["GET"]}}],"collection":[{"href":"https:\/\/www.bagnoitalia.com\/es\/wp-json\/wp\/v2\/product"}],"about":[{"href":"https:\/\/www.bagnoitalia.com\/es\/wp-json\/wp\/v2\/types\/product"}],"replies":[{"embeddable":true,"href":"https:\/\/www.bagnoitalia.com\/es\/wp-json\/wp\/v2\/comments?post=78080"}],"version-history":[{"count":0,"href":"https:\/\/www.bagnoitalia.com\/es\/wp-json\/wp\/v2\/product\/78080\/revisions"}],"wp:featuredmedia":[{"embeddable":true,"href":"https:\/\/www.bagnoitalia.com\/es\/wp-json\/wp\/v2\/media\/17086"}],"wp:attachment":[{"href":"https:\/\/www.bagnoitalia.com\/es\/wp-json\/wp\/v2\/media?parent=78080"}],"wp:term":[{"taxonomy":"product_brand","embeddable":true,"href":"https:\/\/www.bagnoitalia.com\/es\/wp-json\/wp\/v2\/product_brand?post=78080"},{"taxonomy":"product_cat","embeddable":true,"href":"https:\/\/www.bagnoitalia.com\/es\/wp-json\/wp\/v2\/product_cat?post=78080"},{"taxonomy":"product_tag","embeddable":true,"href":"https:\/\/www.bagnoitalia.com\/es\/wp-json\/wp\/v2\/product_tag?post=78080"}],"curies":[{"name":"wp","href":"https:\/\/api.w.org\/{rel}","templated":true}]}}