{"id":78052,"date":"2012-10-13T07:03:22","date_gmt":"2012-10-13T05:03:22","guid":{"rendered":"https:\/\/www.bagnoitalia.com\/product\/1-bidet-y-wc-wc-sanitario-suspendido-con-asiento-ceramico-altea"},"modified":"2024-05-16T16:49:30","modified_gmt":"2024-05-16T14:49:30","slug":"1-bidet-y-wc-wc-sanitario-suspendido-con-asiento-ceramico-altea","status":"publish","type":"product","link":"https:\/\/www.bagnoitalia.com\/es\/producto\/1-bidet-y-wc-wc-sanitario-suspendido-con-asiento-ceramico-altea.html","title":{"rendered":"1 Bidet y WC WC Sanitario Suspendido con Asiento Cer\u00e1mico Altea"},"content":{"rendered":"<p> <strong>WC y bidet suspendido Althea incluyendo funda original.<\/strong> <\/p>\n<p><strong>&nbsp;<\/strong><\/p>\n<p> <strong>El precio incluye:<\/strong> <\/p>\n<p><strong>&nbsp;<\/strong><\/p>\n<p> N. 1 Jarr\u00f3n de instalaci\u00f3n suspendido c\u00f3digo 40002 cm. 36.5x50x28.5h Cer\u00e1mica Althea. <br \/> N. 1 tapa del buque c\u00f3digo 29052 <br \/> N. 1 pared colgada bidet codigo 40004 cm. 36.5x50x28.5h Ceramica Althea <\/p>\n<\/p>\n<p> En el men\u00fa de abajo es posible elegir el asiento con cierre lento <\/p>\n<p> Tambi\u00e9n podemos vender los art\u00edculos individualmente. <\/p><\/p>\n","protected":false},"excerpt":{"rendered":"<p>WC suspendido y bid\u00e9, Alithea Sanitario suspendido incluido en el precio, es posible comprar solo uno de los dos art\u00edculos<\/p>\n","protected":false},"featured_media":16954,"comment_status":"open","ping_status":"closed","template":"","meta":[],"product_brand":[],"product_cat":[15],"product_tag":[],"class_list":{"0":"post-78052","1":"product","2":"type-product","3":"status-publish","4":"has-post-thumbnail","6":"product_cat-senza-categoria","8":"first","9":"outofstock","10":"taxable","11":"shipping-taxable","12":"purchasable","13":"product-type-simple"},"exclude_global_add_ons":false,"addons":[{"name":"CAMPI_VASO_E_BIDET\r\n","type":"select","position":0,"required":true,"title_format":"label","default":"","description_enable":false,"description":"","placeholder_enable":false,"placeholder":"","display":"select","restrictions_type":"any_text","adjust_price":false,"price":"","price_type":"","restrictions":false,"min":"0","max":"0","options":[]},{"name":"CAMPI_COPRIWATER\r\n","type":"select","position":0,"required":true,"title_format":"label","default":"","description_enable":false,"description":"","placeholder_enable":false,"placeholder":"","display":"select","restrictions_type":"any_text","adjust_price":false,"price":"","price_type":"","restrictions":false,"min":"0","max":"0","options":[]}],"yoast_head":"<!-- This site is optimized with the Yoast SEO plugin v26.7 - https:\/\/yoast.com\/wordpress\/plugins\/seo\/ -->\n<title>Bidet y WC WC Sanitario Suspendido Ceramica Altea<\/title>\n<meta name=\"description\" content=\"Sanitario Bid\u00e9 e inodoro WC Modelo suspendido, con asiento de cierre lento, Ceramica Altea.\" \/>\n<meta name=\"robots\" content=\"index, follow, max-snippet:-1, max-image-preview:large, max-video-preview:-1\" \/>\n<link rel=\"canonical\" href=\"https:\/\/www.bagnoitalia.com\/es\/producto\/1-bidet-y-wc-wc-sanitario-suspendido-con-asiento-ceramico-altea.html\" \/>\n<meta property=\"og:locale\" content=\"es_ES\" \/>\n<meta property=\"og:type\" content=\"article\" \/>\n<meta property=\"og:title\" content=\"Bidet y WC WC Sanitario Suspendido Ceramica Altea\" \/>\n<meta property=\"og:description\" content=\"Sanitario Bid\u00e9 e inodoro WC Modelo suspendido, con asiento de cierre lento, Ceramica Altea.\" \/>\n<meta property=\"og:url\" content=\"https:\/\/www.bagnoitalia.com\/es\/producto\/1-bidet-y-wc-wc-sanitario-suspendido-con-asiento-ceramico-altea.html\" \/>\n<meta property=\"og:site_name\" content=\"Bagno Italia\" \/>\n<meta property=\"article:modified_time\" content=\"2024-05-16T14:49:30+00:00\" \/>\n<meta property=\"og:image\" content=\"https:\/\/img.bagnoitalia.com\/wp-content\/uploads\/virtuemart\/product\/non_disponibile58.jpg\" \/>\n\t<meta property=\"og:image:width\" content=\"345\" \/>\n\t<meta property=\"og:image:height\" content=\"315\" \/>\n\t<meta property=\"og:image:type\" content=\"image\/jpeg\" \/>\n<meta name=\"twitter:card\" content=\"summary_large_image\" \/>\n<script type=\"application\/ld+json\" class=\"yoast-schema-graph\">{\"@context\":\"https:\/\/schema.org\",\"@graph\":[{\"@type\":\"WebPage\",\"@id\":\"https:\/\/www.bagnoitalia.com\/es\/producto\/1-bidet-y-wc-wc-sanitario-suspendido-con-asiento-ceramico-altea.html\",\"url\":\"https:\/\/www.bagnoitalia.com\/es\/producto\/1-bidet-y-wc-wc-sanitario-suspendido-con-asiento-ceramico-altea.html\",\"name\":\"Bidet y WC WC Sanitario Suspendido Ceramica Altea\",\"isPartOf\":{\"@id\":\"https:\/\/www.bagnoitalia.com\/es#website\"},\"primaryImageOfPage\":{\"@id\":\"https:\/\/www.bagnoitalia.com\/es\/producto\/1-bidet-y-wc-wc-sanitario-suspendido-con-asiento-ceramico-altea.html#primaryimage\"},\"image\":{\"@id\":\"https:\/\/www.bagnoitalia.com\/es\/producto\/1-bidet-y-wc-wc-sanitario-suspendido-con-asiento-ceramico-altea.html#primaryimage\"},\"thumbnailUrl\":\"https:\/\/img.bagnoitalia.com\/wp-content\/uploads\/virtuemart\/product\/non_disponibile58.jpg\",\"datePublished\":\"2012-10-13T05:03:22+00:00\",\"dateModified\":\"2024-05-16T14:49:30+00:00\",\"description\":\"Sanitario Bid\u00e9 e inodoro WC Modelo suspendido, con asiento de cierre lento, Ceramica Altea.\",\"breadcrumb\":{\"@id\":\"https:\/\/www.bagnoitalia.com\/es\/producto\/1-bidet-y-wc-wc-sanitario-suspendido-con-asiento-ceramico-altea.html#breadcrumb\"},\"inLanguage\":\"es\",\"potentialAction\":[{\"@type\":\"ReadAction\",\"target\":[\"https:\/\/www.bagnoitalia.com\/es\/producto\/1-bidet-y-wc-wc-sanitario-suspendido-con-asiento-ceramico-altea.html\"]}]},{\"@type\":\"ImageObject\",\"inLanguage\":\"es\",\"@id\":\"https:\/\/www.bagnoitalia.com\/es\/producto\/1-bidet-y-wc-wc-sanitario-suspendido-con-asiento-ceramico-altea.html#primaryimage\",\"url\":\"https:\/\/img.bagnoitalia.com\/wp-content\/uploads\/virtuemart\/product\/non_disponibile58.jpg\",\"contentUrl\":\"https:\/\/img.bagnoitalia.com\/wp-content\/uploads\/virtuemart\/product\/non_disponibile58.jpg\",\"width\":345,\"height\":315},{\"@type\":\"BreadcrumbList\",\"@id\":\"https:\/\/www.bagnoitalia.com\/es\/producto\/1-bidet-y-wc-wc-sanitario-suspendido-con-asiento-ceramico-altea.html#breadcrumb\",\"itemListElement\":[{\"@type\":\"ListItem\",\"position\":1,\"name\":\"Home\",\"item\":\"https:\/\/www.bagnoitalia.com\/es\"},{\"@type\":\"ListItem\",\"position\":2,\"name\":\"Productos\",\"item\":\"https:\/\/www.bagnoitalia.com\/es\/shop\"},{\"@type\":\"ListItem\",\"position\":3,\"name\":\"1 Bidet y WC WC Sanitario Suspendido con Asiento Cer\u00e1mico Altea\"}]},{\"@type\":\"WebSite\",\"@id\":\"https:\/\/www.bagnoitalia.com\/es#website\",\"url\":\"https:\/\/www.bagnoitalia.com\/es\",\"name\":\"Bagno Italia\",\"description\":\"\",\"publisher\":{\"@id\":\"https:\/\/www.bagnoitalia.com\/es#organization\"},\"potentialAction\":[{\"@type\":\"SearchAction\",\"target\":{\"@type\":\"EntryPoint\",\"urlTemplate\":\"https:\/\/www.bagnoitalia.com\/es?s={search_term_string}\"},\"query-input\":{\"@type\":\"PropertyValueSpecification\",\"valueRequired\":true,\"valueName\":\"search_term_string\"}}],\"inLanguage\":\"es\"},{\"@type\":\"Organization\",\"@id\":\"https:\/\/www.bagnoitalia.com\/es#organization\",\"name\":\"Bagno Italia\",\"url\":\"https:\/\/www.bagnoitalia.com\/es\",\"logo\":{\"@type\":\"ImageObject\",\"inLanguage\":\"es\",\"@id\":\"https:\/\/www.bagnoitalia.com\/es#\/schema\/logo\/image\/\",\"url\":\"https:\/\/img.bagnoitalia.com\/wp-content\/uploads\/logo-bagnoitalia.webp\",\"contentUrl\":\"https:\/\/img.bagnoitalia.com\/wp-content\/uploads\/logo-bagnoitalia.webp\",\"width\":400,\"height\":70,\"caption\":\"Bagno Italia\"},\"image\":{\"@id\":\"https:\/\/www.bagnoitalia.com\/es#\/schema\/logo\/image\/\"}}]}<\/script>\n<!-- \/ Yoast SEO plugin. -->","yoast_head_json":{"title":"Bidet y WC WC Sanitario Suspendido Ceramica Altea","description":"Sanitario Bid\u00e9 e inodoro WC Modelo suspendido, con asiento de cierre lento, Ceramica Altea.","robots":{"index":"index","follow":"follow","max-snippet":"max-snippet:-1","max-image-preview":"max-image-preview:large","max-video-preview":"max-video-preview:-1"},"canonical":"https:\/\/www.bagnoitalia.com\/es\/producto\/1-bidet-y-wc-wc-sanitario-suspendido-con-asiento-ceramico-altea.html","og_locale":"es_ES","og_type":"article","og_title":"Bidet y WC WC Sanitario Suspendido Ceramica Altea","og_description":"Sanitario Bid\u00e9 e inodoro WC Modelo suspendido, con asiento de cierre lento, Ceramica Altea.","og_url":"https:\/\/www.bagnoitalia.com\/es\/producto\/1-bidet-y-wc-wc-sanitario-suspendido-con-asiento-ceramico-altea.html","og_site_name":"Bagno Italia","article_modified_time":"2024-05-16T14:49:30+00:00","og_image":[{"width":345,"height":315,"url":"https:\/\/img.bagnoitalia.com\/wp-content\/uploads\/virtuemart\/product\/non_disponibile58.jpg","type":"image\/jpeg"}],"twitter_card":"summary_large_image","schema":{"@context":"https:\/\/schema.org","@graph":[{"@type":"WebPage","@id":"https:\/\/www.bagnoitalia.com\/es\/producto\/1-bidet-y-wc-wc-sanitario-suspendido-con-asiento-ceramico-altea.html","url":"https:\/\/www.bagnoitalia.com\/es\/producto\/1-bidet-y-wc-wc-sanitario-suspendido-con-asiento-ceramico-altea.html","name":"Bidet y WC WC Sanitario Suspendido Ceramica Altea","isPartOf":{"@id":"https:\/\/www.bagnoitalia.com\/es#website"},"primaryImageOfPage":{"@id":"https:\/\/www.bagnoitalia.com\/es\/producto\/1-bidet-y-wc-wc-sanitario-suspendido-con-asiento-ceramico-altea.html#primaryimage"},"image":{"@id":"https:\/\/www.bagnoitalia.com\/es\/producto\/1-bidet-y-wc-wc-sanitario-suspendido-con-asiento-ceramico-altea.html#primaryimage"},"thumbnailUrl":"https:\/\/img.bagnoitalia.com\/wp-content\/uploads\/virtuemart\/product\/non_disponibile58.jpg","datePublished":"2012-10-13T05:03:22+00:00","dateModified":"2024-05-16T14:49:30+00:00","description":"Sanitario Bid\u00e9 e inodoro WC Modelo suspendido, con asiento de cierre lento, Ceramica Altea.","breadcrumb":{"@id":"https:\/\/www.bagnoitalia.com\/es\/producto\/1-bidet-y-wc-wc-sanitario-suspendido-con-asiento-ceramico-altea.html#breadcrumb"},"inLanguage":"es","potentialAction":[{"@type":"ReadAction","target":["https:\/\/www.bagnoitalia.com\/es\/producto\/1-bidet-y-wc-wc-sanitario-suspendido-con-asiento-ceramico-altea.html"]}]},{"@type":"ImageObject","inLanguage":"es","@id":"https:\/\/www.bagnoitalia.com\/es\/producto\/1-bidet-y-wc-wc-sanitario-suspendido-con-asiento-ceramico-altea.html#primaryimage","url":"https:\/\/img.bagnoitalia.com\/wp-content\/uploads\/virtuemart\/product\/non_disponibile58.jpg","contentUrl":"https:\/\/img.bagnoitalia.com\/wp-content\/uploads\/virtuemart\/product\/non_disponibile58.jpg","width":345,"height":315},{"@type":"BreadcrumbList","@id":"https:\/\/www.bagnoitalia.com\/es\/producto\/1-bidet-y-wc-wc-sanitario-suspendido-con-asiento-ceramico-altea.html#breadcrumb","itemListElement":[{"@type":"ListItem","position":1,"name":"Home","item":"https:\/\/www.bagnoitalia.com\/es"},{"@type":"ListItem","position":2,"name":"Productos","item":"https:\/\/www.bagnoitalia.com\/es\/shop"},{"@type":"ListItem","position":3,"name":"1 Bidet y WC WC Sanitario Suspendido con Asiento Cer\u00e1mico Altea"}]},{"@type":"WebSite","@id":"https:\/\/www.bagnoitalia.com\/es#website","url":"https:\/\/www.bagnoitalia.com\/es","name":"Bagno Italia","description":"","publisher":{"@id":"https:\/\/www.bagnoitalia.com\/es#organization"},"potentialAction":[{"@type":"SearchAction","target":{"@type":"EntryPoint","urlTemplate":"https:\/\/www.bagnoitalia.com\/es?s={search_term_string}"},"query-input":{"@type":"PropertyValueSpecification","valueRequired":true,"valueName":"search_term_string"}}],"inLanguage":"es"},{"@type":"Organization","@id":"https:\/\/www.bagnoitalia.com\/es#organization","name":"Bagno Italia","url":"https:\/\/www.bagnoitalia.com\/es","logo":{"@type":"ImageObject","inLanguage":"es","@id":"https:\/\/www.bagnoitalia.com\/es#\/schema\/logo\/image\/","url":"https:\/\/img.bagnoitalia.com\/wp-content\/uploads\/logo-bagnoitalia.webp","contentUrl":"https:\/\/img.bagnoitalia.com\/wp-content\/uploads\/logo-bagnoitalia.webp","width":400,"height":70,"caption":"Bagno Italia"},"image":{"@id":"https:\/\/www.bagnoitalia.com\/es#\/schema\/logo\/image\/"}}]}},"_links":{"self":[{"href":"https:\/\/www.bagnoitalia.com\/es\/wp-json\/wp\/v2\/product\/78052","targetHints":{"allow":["GET"]}}],"collection":[{"href":"https:\/\/www.bagnoitalia.com\/es\/wp-json\/wp\/v2\/product"}],"about":[{"href":"https:\/\/www.bagnoitalia.com\/es\/wp-json\/wp\/v2\/types\/product"}],"replies":[{"embeddable":true,"href":"https:\/\/www.bagnoitalia.com\/es\/wp-json\/wp\/v2\/comments?post=78052"}],"version-history":[{"count":0,"href":"https:\/\/www.bagnoitalia.com\/es\/wp-json\/wp\/v2\/product\/78052\/revisions"}],"wp:featuredmedia":[{"embeddable":true,"href":"https:\/\/www.bagnoitalia.com\/es\/wp-json\/wp\/v2\/media\/16954"}],"wp:attachment":[{"href":"https:\/\/www.bagnoitalia.com\/es\/wp-json\/wp\/v2\/media?parent=78052"}],"wp:term":[{"taxonomy":"product_brand","embeddable":true,"href":"https:\/\/www.bagnoitalia.com\/es\/wp-json\/wp\/v2\/product_brand?post=78052"},{"taxonomy":"product_cat","embeddable":true,"href":"https:\/\/www.bagnoitalia.com\/es\/wp-json\/wp\/v2\/product_cat?post=78052"},{"taxonomy":"product_tag","embeddable":true,"href":"https:\/\/www.bagnoitalia.com\/es\/wp-json\/wp\/v2\/product_tag?post=78052"}],"curies":[{"name":"wp","href":"https:\/\/api.w.org\/{rel}","templated":true}]}}