{"id":77984,"date":"2014-02-14T11:19:30","date_gmt":"2014-02-14T10:19:30","guid":{"rendered":"https:\/\/www.bagnoitalia.com\/product\/mueble-de-bano-line-cm-120-o-140-en-25-colores-tambien-blanco"},"modified":"2025-07-01T16:09:09","modified_gmt":"2025-07-01T14:09:09","slug":"mueble-de-bano-line-cm-120-o-140-en-25-colores-tambien-blanco","status":"publish","type":"product","link":"https:\/\/www.bagnoitalia.com\/es\/producto\/mueble-de-bano-line-cm-120-o-140-en-25-colores-tambien-blanco.html","title":{"rendered":"Mueble de Ba\u00f1o Line 120 o 140 cm, en 25 colores tambi\u00e9n blanco."},"content":{"rendered":"<p style=\"text-align: left;\"><strong>El precio anterior incluye:<\/strong><\/p>\n<p>N \u00b0 1 Base cm 119,5 x H 54 x P 51 (con 4 puertas) en el men\u00fa de abajo, tambi\u00e9n puede elegir la versi\u00f3n con 2 o 4 cajones 120cm o 140cm<\/p>\n<p style=\"text-align: left;\">( <span style=\"color: #ff0000;\"><strong>Atenci\u00f3n<\/strong><\/span> : en la versi\u00f3n con dos cajones, el primero no se puede utilizar, en cambio, en la versi\u00f3n con 4 cajones, todos se pueden abrir y, por lo tanto, se pueden contener)<\/p>\n<p style=\"text-align: left;\">Doble lavabo N \u00b0 1 en Mineralmarmo cm 120&#215;51<\/p>\n<p>Espejo con aplique N \u00b0 1 80&#215;60<\/p>\n<p style=\"text-align: left;\">Medidas de lavabos internos:<\/p>\n<p style=\"text-align: left;\">&#8211; 120 cm (46&#215;30.5&#215;12.5 cm cada una)<\/p>\n<p style=\"text-align: left;\">&#8211; 140 cm (56&#215;30.5&#215;12.5 cm cada una)<\/p>\n<p><strong>Materiales usados<\/strong><\/p>\n<p>Lavabo para lavabo: estructura de MDF.<\/p>\n<p>Puertas: en MDF (mediodensit) lacadas.<\/p>\n<p>Gu\u00eda: blum con amortiguador<\/p>\n<p><strong>Puedes elegir tres tipos de asas:<br \/>\n<\/strong><\/p>\n<p><strong>Mango de diamante de imitaci\u00f3n:<\/strong><\/p>\n<p><strong><img fetchpriority=\"high\" decoding=\"async\" class=\" size-full wp-image-10894\" src=\"https:\/\/img.bagnoitalia.com\/wp-content\/uploads\/maniglia-strass1.jpg\" alt=\"\" width=\"392\" height=\"236\" srcset=\"https:\/\/img.bagnoitalia.com\/wp-content\/uploads\/maniglia-strass1.jpg 260w, https:\/\/img.bagnoitalia.com\/wp-content\/uploads\/maniglia-strass1-150x91.jpg 150w\" sizes=\"(max-width: 392px) 100vw, 392px\" \/><\/strong><\/p>\n<p>_____________________________________________________<\/p>\n<p><strong>L\u00ednea de mango:<\/strong><\/p>\n<p><img decoding=\"async\" class=\" size-full wp-image-10898\" src=\"https:\/\/img.bagnoitalia.com\/wp-content\/uploads\/bh_7099-nero-venato.jpg\" alt=\"\" width=\"392\" height=\"344\" srcset=\"https:\/\/img.bagnoitalia.com\/wp-content\/uploads\/bh_7099-nero-venato.jpg 320w, https:\/\/img.bagnoitalia.com\/wp-content\/uploads\/bh_7099-nero-venato-150x132.jpg 150w\" sizes=\"(max-width: 392px) 100vw, 392px\" \/><\/p>\n<p>____________________________________________________<\/p>\n<p><strong>Asa de arte chic<\/strong><\/p>\n<p><img decoding=\"async\" class=\" size-full wp-image-10902\" src=\"https:\/\/img.bagnoitalia.com\/wp-content\/uploads\/maniglia-artechic.jpg\" alt=\"\" width=\"307\" height=\"310\" srcset=\"https:\/\/img.bagnoitalia.com\/wp-content\/uploads\/maniglia-artechic.jpg 169w, https:\/\/img.bagnoitalia.com\/wp-content\/uploads\/maniglia-artechic-100x100.jpg 100w, https:\/\/img.bagnoitalia.com\/wp-content\/uploads\/maniglia-artechic-150x152.jpg 150w\" sizes=\"(max-width: 307px) 100vw, 307px\" \/><\/p>\n<p><img loading=\"lazy\" decoding=\"async\" class=\"product-image size-full wp-image-10814\" style=\"display: block;\" src=\"https:\/\/img.bagnoitalia.com\/wp-content\/uploads\/virtuemart\/product\/cartellacolori887.jpg\" alt=\"Mueble de ba\u00f1o Argus 90cm en 20 colores tambi\u00e9n blanco.\" width=\"937\" height=\"807\" srcset=\"https:\/\/img.bagnoitalia.com\/wp-content\/uploads\/virtuemart\/product\/cartellacolori887.jpg 937w, https:\/\/img.bagnoitalia.com\/wp-content\/uploads\/virtuemart\/product\/cartellacolori887-768x661.jpg 768w, https:\/\/img.bagnoitalia.com\/wp-content\/uploads\/virtuemart\/product\/cartellacolori887-441x380.jpg 441w, https:\/\/img.bagnoitalia.com\/wp-content\/uploads\/virtuemart\/product\/cartellacolori887-600x517.jpg 600w, https:\/\/img.bagnoitalia.com\/wp-content\/uploads\/virtuemart\/product\/cartellacolori887-150x129.jpg 150w\" sizes=\"(max-width: 937px) 100vw, 937px\" \/><\/p>\n<p style=\"text-align: left;\"><strong><span style=\"color: #ff0000;\">Atenci\u00f3n: M\u00d3VIL DISPONIBLE EN 20 COLORES ES BRILLANTE QUE OPACHI <span style=\"text-decoration: underline;\"><span style=\"color: #ff00ff;\">(es posible realizarlo tambi\u00e9n en colores RAL, en este caso debe contar un aumento de 60 euros)<\/span><\/span><\/span><\/strong><\/p>\n<p style=\"text-align: left;\">\n<p style=\"text-align: left;\"><strong><span style=\"color: #ff0000;\"><br \/>\n<strong><span style=\"font-size: 14pt;\"><a href=\"http:\/\/www.themeter.net\/ral.htm\" target=\"_blank\" rel=\"noopener noreferrer\">TABLA DE COLORES RAL<\/a><\/span><\/strong> <span style=\"color: #666666; font-family: Tahoma; font-size: 11px; line-height: 14px;\"><span style=\"font-size: 12pt;\">&lt;== haga clic aqu\u00ed para ver todos los colores RAL<br \/>\n<\/span><\/span><\/span><\/strong><\/p>\n<p style=\"text-align: left;\">\n<p>Tambi\u00e9n disponible en nuevos colores madera, fresno, alerce, roble, wengu\u00e9, nogal.<\/p>\n","protected":false},"excerpt":{"rendered":"<p>El mueble de ba\u00f1o Line es de 120 o 140 cm (ambos con puertas y cajones) y est\u00e1 disponible en 25 colores sea brillante u opaco, tambi\u00e9n en nogal, fresno, alerce, roble, wengu\u00e9.<\/p>\n","protected":false},"featured_media":16338,"comment_status":"open","ping_status":"closed","template":"","meta":[],"product_brand":[9896],"product_cat":[10117],"product_tag":[],"class_list":{"0":"post-77984","1":"product","2":"type-product","3":"status-publish","4":"has-post-thumbnail","6":"product_brand-baden-bauen-es","7":"product_cat-senza-categoria-es","9":"first","10":"outofstock","11":"taxable","12":"shipping-taxable","13":"purchasable","14":"product-type-simple"},"exclude_global_add_ons":false,"addons":[{"name":"espejo","type":"multiple_choice","position":0,"required":true,"title_format":"heading","default":"","description_enable":false,"description":"","placeholder_enable":false,"placeholder":"","display":"select","restrictions_type":"any_text","adjust_price":false,"price":"","price_type":"flat_fee","restrictions":false,"min":"0","max":"0","options":[{"label":"Espejo 80x60cm + Aplique Led","price":"","price_type":"quantity_based","image":0,"visibility":true},{"label":"Espejo 115x68cm + Aplique Led","price":"54","price_type":"quantity_based","image":0,"visibility":true},{"label":"SIN espejo","price":"-50","price_type":"quantity_based","image":0,"visibility":true},{"label":"Espejo 140x68cm + Aplique Led","price":"72","price_type":"quantity_based","image":0,"visibility":true}],"id":1717417175},{"name":"color","type":"multiple_choice","position":2,"required":true,"title_format":"heading","default":"","description_enable":false,"description":"","placeholder_enable":false,"placeholder":"","display":"select","restrictions_type":"any_text","adjust_price":false,"price":"","price_type":"flat_fee","restrictions":false,"min":"0","max":"0","options":[{"label":"Blanco","price":"","price_type":"quantity_based","image":0,"visibility":true},{"label":"alerce blanco","price":"","price_type":"quantity_based","image":0,"visibility":true},{"label":"Alerce gris","price":"","price_type":"quantity_based","image":0,"visibility":true},{"label":"nuez","price":"","price_type":"quantity_based","image":0,"visibility":true},{"label":"ceniza","price":"","price_type":"quantity_based","image":0,"visibility":true},{"label":"azul claro","price":"72","price_type":"quantity_based","image":0,"visibility":true},{"label":"cielo azul","price":"72","price_type":"quantity_based","image":0,"visibility":true},{"label":"azul","price":"72","price_type":"quantity_based","image":0,"visibility":true},{"label":"Marfil","price":"72","price_type":"quantity_based","image":0,"visibility":true},{"label":"salm\u00f3n","price":"72","price_type":"quantity_based","image":0,"visibility":true},{"label":"se\u00f1al roja","price":"72","price_type":"quantity_based","image":0,"visibility":true},{"label":"bordeaux","price":"72","price_type":"quantity_based","image":0,"visibility":true},{"label":"amarillo","price":"72","price_type":"quantity_based","image":0,"visibility":true},{"label":"Naranja","price":"72","price_type":"quantity_based","image":0,"visibility":true},{"label":"lilico","price":"72","price_type":"quantity_based","image":0,"visibility":true},{"label":"Antracita","price":"72","price_type":"quantity_based","image":0,"visibility":true},{"label":"tuerca","price":"72","price_type":"quantity_based","image":0,"visibility":true},{"label":"gris claro","price":"72","price_type":"quantity_based","image":0,"visibility":true},{"label":"Negro","price":"72","price_type":"quantity_based","image":0,"visibility":true},{"label":"verde agua","price":"72","price_type":"quantity_based","image":0,"visibility":true},{"label":"verde","price":"72","price_type":"quantity_based","image":0,"visibility":true},{"label":"verde \u00e1cido","price":"72","price_type":"quantity_based","image":0,"visibility":true},{"label":"cristal","price":"72","price_type":"quantity_based","image":0,"visibility":true},{"label":"glicina","price":"72","price_type":"quantity_based","image":0,"visibility":true},{"label":"Plata","price":"72","price_type":"quantity_based","image":0,"visibility":true},{"label":"Oro","price":"72","price_type":"quantity_based","image":0,"visibility":true},{"label":"moca","price":"72","price_type":"quantity_based","image":0,"visibility":true},{"label":"verde pastel","price":"72","price_type":"quantity_based","image":0,"visibility":true},{"label":"cobalto","price":"72","price_type":"quantity_based","image":0,"visibility":true},{"label":"Crema","price":"72","price_type":"quantity_based","image":0,"visibility":true},{"label":"Color RAL","price":"144","price_type":"quantity_based","image":0,"visibility":true}],"id":1717417176},{"name":"pies cromados","type":"multiple_choice","position":3,"required":true,"title_format":"heading","default":"","description_enable":false,"description":"","placeholder_enable":false,"placeholder":"","display":"select","restrictions_type":"any_text","adjust_price":false,"price":"","price_type":"flat_fee","restrictions":false,"min":"0","max":"0","options":[{"label":"SIN pies cromados","price":"","price_type":"quantity_based","image":0,"visibility":true},{"label":"dos pies cromados cm30","price":"24","price_type":"quantity_based","image":0,"visibility":true},{"label":"cuatro pies cromados cm30","price":"48","price_type":"quantity_based","image":0,"visibility":true}],"id":1717417177},{"name":"tipo de color","type":"multiple_choice","position":4,"required":true,"title_format":"heading","default":"","description_enable":false,"description":"","placeholder_enable":false,"placeholder":"","display":"select","restrictions_type":"any_text","adjust_price":false,"price":"","price_type":"flat_fee","restrictions":false,"min":"0","max":"0","options":[{"label":"Lustroso","price":"","price_type":"quantity_based","image":0,"visibility":true},{"label":"mate","price":"","price_type":"quantity_based","image":0,"visibility":true}],"id":1717417178},{"name":"aplique adicional","type":"multiple_choice","position":5,"required":true,"title_format":"heading","default":"","description_enable":false,"description":"","placeholder_enable":false,"placeholder":"","display":"select","restrictions_type":"any_text","adjust_price":false,"price":"","price_type":"flat_fee","restrictions":false,"min":"0","max":"0","options":[{"label":"SIN aplique adicional","price":"","price_type":"quantity_based","image":0,"visibility":true},{"label":"1 aplique adicional","price":"20","price_type":"quantity_based","image":0,"visibility":true}],"id":1717417179},{"name":"Dimensiones","type":"multiple_choice","position":6,"required":true,"title_format":"heading","default":"","description_enable":false,"description":"","placeholder_enable":false,"placeholder":"","display":"select","restrictions_type":"any_text","adjust_price":false,"price":"","price_type":"flat_fee","restrictions":false,"min":"0","max":"0","options":[{"label":"cm 120 con 4 puertas","price":"","price_type":"quantity_based","image":0,"visibility":true},{"label":"cm 120 con 2 cajones","price":"120","price_type":"quantity_based","image":0,"visibility":true},{"label":"cm 120 con 4 cajones","price":"330","price_type":"quantity_based","image":0,"visibility":true},{"label":"cm 140 con 4 puertas","price":"72","price_type":"quantity_based","image":0,"visibility":true},{"label":"cm 140 con 4 cajones","price":"390","price_type":"quantity_based","image":0,"visibility":true}],"id":1717417180},{"name":"tipo de manijas","type":"multiple_choice","position":7,"required":true,"title_format":"heading","default":"","description_enable":false,"description":"","placeholder_enable":false,"placeholder":"","display":"select","restrictions_type":"any_text","adjust_price":false,"price":"","price_type":"flat_fee","restrictions":false,"min":"0","max":"0","options":[{"label":"manijas line","price":"","price_type":"quantity_based","image":0,"visibility":true},{"label":"manijas strass","price":"","price_type":"quantity_based","image":0,"visibility":true},{"label":"manijas arte chic","price":"","price_type":"quantity_based","image":0,"visibility":true}],"id":1717417181}],"yoast_head":"<!-- This site is optimized with the Yoast SEO plugin v26.7 - https:\/\/yoast.com\/wordpress\/plugins\/seo\/ -->\n<title>Mueble de ba\u00f1o de l\u00ednea moderna con doble lavabo, en 25 colores bb<\/title>\n<meta name=\"description\" content=\"Mueble de ba\u00f1o de l\u00ednea moderna con doble lavabo en mineralmarmo. Disponible en 25 colores. Completa con espejo 80x60cm con aplique. \u00a1Compra ahora!\" \/>\n<meta name=\"robots\" content=\"index, follow, max-snippet:-1, max-image-preview:large, max-video-preview:-1\" \/>\n<link rel=\"canonical\" href=\"https:\/\/www.bagnoitalia.com\/es\/producto\/mueble-de-bano-line-cm-120-o-140-en-25-colores-tambien-blanco.html\" \/>\n<meta property=\"og:locale\" content=\"es_ES\" \/>\n<meta property=\"og:type\" content=\"article\" \/>\n<meta property=\"og:title\" content=\"Mueble de ba\u00f1o de l\u00ednea moderna con doble lavabo, en 25 colores bb\" \/>\n<meta property=\"og:description\" content=\"Mueble de ba\u00f1o de l\u00ednea moderna con doble lavabo en mineralmarmo. Disponible en 25 colores. Completa con espejo 80x60cm con aplique. \u00a1Compra ahora!\" \/>\n<meta property=\"og:url\" content=\"https:\/\/www.bagnoitalia.com\/es\/producto\/mueble-de-bano-line-cm-120-o-140-en-25-colores-tambien-blanco.html\" \/>\n<meta property=\"og:site_name\" content=\"Bagno Italia\" \/>\n<meta property=\"article:modified_time\" content=\"2025-07-01T14:09:09+00:00\" \/>\n<meta property=\"og:image\" content=\"https:\/\/img.bagnoitalia.com\/wp-content\/uploads\/virtuemart\/product\/Bathroom-cm-120-or-140-LINE-model-984552_1542638167_84.jpg\" \/>\n\t<meta property=\"og:image:width\" content=\"500\" \/>\n\t<meta property=\"og:image:height\" content=\"352\" \/>\n\t<meta property=\"og:image:type\" content=\"image\/jpeg\" \/>\n<meta name=\"twitter:card\" content=\"summary_large_image\" \/>\n<meta name=\"twitter:label1\" content=\"Tiempo de lectura\" \/>\n\t<meta name=\"twitter:data1\" content=\"2 minutos\" \/>\n<script type=\"application\/ld+json\" class=\"yoast-schema-graph\">{\"@context\":\"https:\/\/schema.org\",\"@graph\":[{\"@type\":\"WebPage\",\"@id\":\"https:\/\/www.bagnoitalia.com\/es\/producto\/mueble-de-bano-line-cm-120-o-140-en-25-colores-tambien-blanco.html\",\"url\":\"https:\/\/www.bagnoitalia.com\/es\/producto\/mueble-de-bano-line-cm-120-o-140-en-25-colores-tambien-blanco.html\",\"name\":\"Mueble de ba\u00f1o de l\u00ednea moderna con doble lavabo, en 25 colores bb\",\"isPartOf\":{\"@id\":\"https:\/\/www.bagnoitalia.com\/es#website\"},\"primaryImageOfPage\":{\"@id\":\"https:\/\/www.bagnoitalia.com\/es\/producto\/mueble-de-bano-line-cm-120-o-140-en-25-colores-tambien-blanco.html#primaryimage\"},\"image\":{\"@id\":\"https:\/\/www.bagnoitalia.com\/es\/producto\/mueble-de-bano-line-cm-120-o-140-en-25-colores-tambien-blanco.html#primaryimage\"},\"thumbnailUrl\":\"https:\/\/img.bagnoitalia.com\/wp-content\/uploads\/virtuemart\/product\/Bathroom-cm-120-or-140-LINE-model-984552_1542638167_84.jpg\",\"datePublished\":\"2014-02-14T10:19:30+00:00\",\"dateModified\":\"2025-07-01T14:09:09+00:00\",\"description\":\"Mueble de ba\u00f1o de l\u00ednea moderna con doble lavabo en mineralmarmo. Disponible en 25 colores. Completa con espejo 80x60cm con aplique. \u00a1Compra ahora!\",\"breadcrumb\":{\"@id\":\"https:\/\/www.bagnoitalia.com\/es\/producto\/mueble-de-bano-line-cm-120-o-140-en-25-colores-tambien-blanco.html#breadcrumb\"},\"inLanguage\":\"es\",\"potentialAction\":[{\"@type\":\"ReadAction\",\"target\":[\"https:\/\/www.bagnoitalia.com\/es\/producto\/mueble-de-bano-line-cm-120-o-140-en-25-colores-tambien-blanco.html\"]}]},{\"@type\":\"ImageObject\",\"inLanguage\":\"es\",\"@id\":\"https:\/\/www.bagnoitalia.com\/es\/producto\/mueble-de-bano-line-cm-120-o-140-en-25-colores-tambien-blanco.html#primaryimage\",\"url\":\"https:\/\/img.bagnoitalia.com\/wp-content\/uploads\/virtuemart\/product\/Bathroom-cm-120-or-140-LINE-model-984552_1542638167_84.jpg\",\"contentUrl\":\"https:\/\/img.bagnoitalia.com\/wp-content\/uploads\/virtuemart\/product\/Bathroom-cm-120-or-140-LINE-model-984552_1542638167_84.jpg\",\"width\":500,\"height\":352},{\"@type\":\"BreadcrumbList\",\"@id\":\"https:\/\/www.bagnoitalia.com\/es\/producto\/mueble-de-bano-line-cm-120-o-140-en-25-colores-tambien-blanco.html#breadcrumb\",\"itemListElement\":[{\"@type\":\"ListItem\",\"position\":1,\"name\":\"Home\",\"item\":\"https:\/\/www.bagnoitalia.com\/es\"},{\"@type\":\"ListItem\",\"position\":2,\"name\":\"Productos\",\"item\":\"https:\/\/www.bagnoitalia.com\/es\/shop\"},{\"@type\":\"ListItem\",\"position\":3,\"name\":\"Mueble de Ba\u00f1o Line 120 o 140 cm, en 25 colores tambi\u00e9n blanco.\"}]},{\"@type\":\"WebSite\",\"@id\":\"https:\/\/www.bagnoitalia.com\/es#website\",\"url\":\"https:\/\/www.bagnoitalia.com\/es\",\"name\":\"Bagno Italia\",\"description\":\"\",\"publisher\":{\"@id\":\"https:\/\/www.bagnoitalia.com\/es#organization\"},\"potentialAction\":[{\"@type\":\"SearchAction\",\"target\":{\"@type\":\"EntryPoint\",\"urlTemplate\":\"https:\/\/www.bagnoitalia.com\/es?s={search_term_string}\"},\"query-input\":{\"@type\":\"PropertyValueSpecification\",\"valueRequired\":true,\"valueName\":\"search_term_string\"}}],\"inLanguage\":\"es\"},{\"@type\":\"Organization\",\"@id\":\"https:\/\/www.bagnoitalia.com\/es#organization\",\"name\":\"Bagno Italia\",\"url\":\"https:\/\/www.bagnoitalia.com\/es\",\"logo\":{\"@type\":\"ImageObject\",\"inLanguage\":\"es\",\"@id\":\"https:\/\/www.bagnoitalia.com\/es#\/schema\/logo\/image\/\",\"url\":\"https:\/\/img.bagnoitalia.com\/wp-content\/uploads\/logo-bagnoitalia.webp\",\"contentUrl\":\"https:\/\/img.bagnoitalia.com\/wp-content\/uploads\/logo-bagnoitalia.webp\",\"width\":400,\"height\":70,\"caption\":\"Bagno Italia\"},\"image\":{\"@id\":\"https:\/\/www.bagnoitalia.com\/es#\/schema\/logo\/image\/\"}}]}<\/script>\n<!-- \/ Yoast SEO plugin. -->","yoast_head_json":{"title":"Mueble de ba\u00f1o de l\u00ednea moderna con doble lavabo, en 25 colores bb","description":"Mueble de ba\u00f1o de l\u00ednea moderna con doble lavabo en mineralmarmo. Disponible en 25 colores. Completa con espejo 80x60cm con aplique. \u00a1Compra ahora!","robots":{"index":"index","follow":"follow","max-snippet":"max-snippet:-1","max-image-preview":"max-image-preview:large","max-video-preview":"max-video-preview:-1"},"canonical":"https:\/\/www.bagnoitalia.com\/es\/producto\/mueble-de-bano-line-cm-120-o-140-en-25-colores-tambien-blanco.html","og_locale":"es_ES","og_type":"article","og_title":"Mueble de ba\u00f1o de l\u00ednea moderna con doble lavabo, en 25 colores bb","og_description":"Mueble de ba\u00f1o de l\u00ednea moderna con doble lavabo en mineralmarmo. Disponible en 25 colores. Completa con espejo 80x60cm con aplique. \u00a1Compra ahora!","og_url":"https:\/\/www.bagnoitalia.com\/es\/producto\/mueble-de-bano-line-cm-120-o-140-en-25-colores-tambien-blanco.html","og_site_name":"Bagno Italia","article_modified_time":"2025-07-01T14:09:09+00:00","og_image":[{"width":500,"height":352,"url":"https:\/\/img.bagnoitalia.com\/wp-content\/uploads\/virtuemart\/product\/Bathroom-cm-120-or-140-LINE-model-984552_1542638167_84.jpg","type":"image\/jpeg"}],"twitter_card":"summary_large_image","twitter_misc":{"Tiempo de lectura":"2 minutos"},"schema":{"@context":"https:\/\/schema.org","@graph":[{"@type":"WebPage","@id":"https:\/\/www.bagnoitalia.com\/es\/producto\/mueble-de-bano-line-cm-120-o-140-en-25-colores-tambien-blanco.html","url":"https:\/\/www.bagnoitalia.com\/es\/producto\/mueble-de-bano-line-cm-120-o-140-en-25-colores-tambien-blanco.html","name":"Mueble de ba\u00f1o de l\u00ednea moderna con doble lavabo, en 25 colores bb","isPartOf":{"@id":"https:\/\/www.bagnoitalia.com\/es#website"},"primaryImageOfPage":{"@id":"https:\/\/www.bagnoitalia.com\/es\/producto\/mueble-de-bano-line-cm-120-o-140-en-25-colores-tambien-blanco.html#primaryimage"},"image":{"@id":"https:\/\/www.bagnoitalia.com\/es\/producto\/mueble-de-bano-line-cm-120-o-140-en-25-colores-tambien-blanco.html#primaryimage"},"thumbnailUrl":"https:\/\/img.bagnoitalia.com\/wp-content\/uploads\/virtuemart\/product\/Bathroom-cm-120-or-140-LINE-model-984552_1542638167_84.jpg","datePublished":"2014-02-14T10:19:30+00:00","dateModified":"2025-07-01T14:09:09+00:00","description":"Mueble de ba\u00f1o de l\u00ednea moderna con doble lavabo en mineralmarmo. Disponible en 25 colores. Completa con espejo 80x60cm con aplique. \u00a1Compra ahora!","breadcrumb":{"@id":"https:\/\/www.bagnoitalia.com\/es\/producto\/mueble-de-bano-line-cm-120-o-140-en-25-colores-tambien-blanco.html#breadcrumb"},"inLanguage":"es","potentialAction":[{"@type":"ReadAction","target":["https:\/\/www.bagnoitalia.com\/es\/producto\/mueble-de-bano-line-cm-120-o-140-en-25-colores-tambien-blanco.html"]}]},{"@type":"ImageObject","inLanguage":"es","@id":"https:\/\/www.bagnoitalia.com\/es\/producto\/mueble-de-bano-line-cm-120-o-140-en-25-colores-tambien-blanco.html#primaryimage","url":"https:\/\/img.bagnoitalia.com\/wp-content\/uploads\/virtuemart\/product\/Bathroom-cm-120-or-140-LINE-model-984552_1542638167_84.jpg","contentUrl":"https:\/\/img.bagnoitalia.com\/wp-content\/uploads\/virtuemart\/product\/Bathroom-cm-120-or-140-LINE-model-984552_1542638167_84.jpg","width":500,"height":352},{"@type":"BreadcrumbList","@id":"https:\/\/www.bagnoitalia.com\/es\/producto\/mueble-de-bano-line-cm-120-o-140-en-25-colores-tambien-blanco.html#breadcrumb","itemListElement":[{"@type":"ListItem","position":1,"name":"Home","item":"https:\/\/www.bagnoitalia.com\/es"},{"@type":"ListItem","position":2,"name":"Productos","item":"https:\/\/www.bagnoitalia.com\/es\/shop"},{"@type":"ListItem","position":3,"name":"Mueble de Ba\u00f1o Line 120 o 140 cm, en 25 colores tambi\u00e9n blanco."}]},{"@type":"WebSite","@id":"https:\/\/www.bagnoitalia.com\/es#website","url":"https:\/\/www.bagnoitalia.com\/es","name":"Bagno Italia","description":"","publisher":{"@id":"https:\/\/www.bagnoitalia.com\/es#organization"},"potentialAction":[{"@type":"SearchAction","target":{"@type":"EntryPoint","urlTemplate":"https:\/\/www.bagnoitalia.com\/es?s={search_term_string}"},"query-input":{"@type":"PropertyValueSpecification","valueRequired":true,"valueName":"search_term_string"}}],"inLanguage":"es"},{"@type":"Organization","@id":"https:\/\/www.bagnoitalia.com\/es#organization","name":"Bagno Italia","url":"https:\/\/www.bagnoitalia.com\/es","logo":{"@type":"ImageObject","inLanguage":"es","@id":"https:\/\/www.bagnoitalia.com\/es#\/schema\/logo\/image\/","url":"https:\/\/img.bagnoitalia.com\/wp-content\/uploads\/logo-bagnoitalia.webp","contentUrl":"https:\/\/img.bagnoitalia.com\/wp-content\/uploads\/logo-bagnoitalia.webp","width":400,"height":70,"caption":"Bagno Italia"},"image":{"@id":"https:\/\/www.bagnoitalia.com\/es#\/schema\/logo\/image\/"}}]}},"_links":{"self":[{"href":"https:\/\/www.bagnoitalia.com\/es\/wp-json\/wp\/v2\/product\/77984","targetHints":{"allow":["GET"]}}],"collection":[{"href":"https:\/\/www.bagnoitalia.com\/es\/wp-json\/wp\/v2\/product"}],"about":[{"href":"https:\/\/www.bagnoitalia.com\/es\/wp-json\/wp\/v2\/types\/product"}],"replies":[{"embeddable":true,"href":"https:\/\/www.bagnoitalia.com\/es\/wp-json\/wp\/v2\/comments?post=77984"}],"version-history":[{"count":1,"href":"https:\/\/www.bagnoitalia.com\/es\/wp-json\/wp\/v2\/product\/77984\/revisions"}],"predecessor-version":[{"id":89111,"href":"https:\/\/www.bagnoitalia.com\/es\/wp-json\/wp\/v2\/product\/77984\/revisions\/89111"}],"wp:featuredmedia":[{"embeddable":true,"href":"https:\/\/www.bagnoitalia.com\/es\/wp-json\/wp\/v2\/media\/16338"}],"wp:attachment":[{"href":"https:\/\/www.bagnoitalia.com\/es\/wp-json\/wp\/v2\/media?parent=77984"}],"wp:term":[{"taxonomy":"product_brand","embeddable":true,"href":"https:\/\/www.bagnoitalia.com\/es\/wp-json\/wp\/v2\/product_brand?post=77984"},{"taxonomy":"product_cat","embeddable":true,"href":"https:\/\/www.bagnoitalia.com\/es\/wp-json\/wp\/v2\/product_cat?post=77984"},{"taxonomy":"product_tag","embeddable":true,"href":"https:\/\/www.bagnoitalia.com\/es\/wp-json\/wp\/v2\/product_tag?post=77984"}],"curies":[{"name":"wp","href":"https:\/\/api.w.org\/{rel}","templated":true}]}}